{"id":358068,"date":"2024-02-29T04:44:54","date_gmt":"2024-02-29T04:44:54","guid":{"rendered":"https:\/\/www.purejewels.com\/?post_type=product&#038;p=358068"},"modified":"2026-02-09T13:30:26","modified_gmt":"2026-02-09T13:30:26","slug":"22-ayar-altin-elmas-kesim-halka-kupe-46216","status":"publish","type":"product","link":"https:\/\/www.purejewels.com\/tr\/product\/22ct-gold-diamond-cut-hoop-earring-46216\/","title":{"rendered":"22 Ayar Alt\u0131n P\u0131rlanta Kesimli Halka K\u00fcpe"},"content":{"rendered":"<p>Bu zarif elmas kesim ile tarz\u0131n\u0131z\u0131 y\u00fckseltin <a href=\"https:\/\/www.purejewels.com\/tr\/a-definitive-guide-to-hoop-earrings\/\">alt\u0131n halka k\u00fcpeler<\/a>. Hassasiyetle \u00fcretilen karma\u015f\u0131k elmas kesim detaylar \u0131\u015f\u0131\u011f\u0131 g\u00fczel bir \u015fekilde yans\u0131tarak her harekette g\u00f6z kama\u015ft\u0131r\u0131c\u0131 bir \u0131\u015f\u0131lt\u0131 yarat\u0131r. Y\u00fcksek kaliteli alt\u0131ndan \u00fcretilen bu \u00e7emberler \u015f\u0131kl\u0131k ve dayan\u0131kl\u0131l\u0131\u011f\u0131 bir araya getirerek hem g\u00fcnl\u00fck kullan\u0131m hem de \u00f6zel g\u00fcnler i\u00e7in m\u00fckemmeldir. Hafif ve rahat olan bu tak\u0131lar, her m\u00fccevher koleksiyonu i\u00e7in zamans\u0131z bir eklentidir. Bu \u00e7arp\u0131c\u0131 alt\u0131n \u00e7emberlerle g\u00f6r\u00fcn\u00fcm\u00fcn\u00fcze sofistike ve \u0131\u015f\u0131lt\u0131l\u0131 bir dokunu\u015f kat\u0131n. <a href=\"https:\/\/www.purejewels.com\/tr\/product\/22ct-gold-cz-earrings-7\/\">halka k\u00fcpeler<\/a>!<\/p>","protected":false},"excerpt":{"rendered":"<div class=\"woocommerce-product-details__short-description\">\n<table class=\"sh_desc\">\n<tbody>\n<tr>\n<td>K\u00fcpe T\u00fcr\u00fc<\/td>\n<td>Halka K\u00fcpe<\/td>\n<\/tr>\n<tr>\n<td>SKU<\/td>\n<td>46216<\/td>\n<\/tr>\n<tr>\n<td>A\u011f\u0131rl\u0131k<\/td>\n<td>7.3 Gms<\/td>\n<\/tr>\n<tr>\n<td>Metal<\/td>\n<td>22 Ayar Alt\u0131n<\/td>\n<\/tr>\n<tr>\n<td>\u00dccretler<\/td>\n<td>Teslimat ve KDV Dahil<\/td>\n<\/tr>\n<tr>\n<td>Paketleme<\/td>\n<td>Sunum Kutusu ile Birlikte Gelir<\/td>\n<\/tr>\n<tr>\n<td>Daha Fazla Bilgi<\/td>\n<td>M\u00fcsaitlik durumu ve daha fazla resim i\u00e7in bizimle canl\u0131 sohbet edin<\/td>\n<\/tr>\n<\/tbody>\n<\/table>\n<\/div>","protected":false},"featured_media":388706,"comment_status":"closed","ping_status":"closed","template":"","meta":{"_eb_attr":"","_crsspst_to_jayantr4sg-hostcom":true},"product_brand":[],"product_cat":[1791,1254,1229,1579,1574,5349],"product_tag":[66],"class_list":{"0":"post-358068","1":"product","2":"type-product","3":"status-publish","4":"has-post-thumbnail","6":"product_cat-anniversary-gifts","7":"product_cat-gold-earrings","8":"product_cat-22ct-gold-jewellery","9":"product_cat-hoop-earrings","10":"product_cat-womens-jewellery","11":"product_cat-yellow-gold-jewellery","12":"product_tag-earrings","14":"first","15":"instock","16":"taxable","17":"shipping-taxable","18":"purchasable","19":"product-type-simple","20":"add-to-wishlist-before_image"},"yoast_head":"<!-- This site is optimized with the Yoast SEO plugin v27.5 - https:\/\/yoast.com\/product\/yoast-seo-wordpress\/ -->\n<title>22ct Gold Diamond Cut Hoop Earring at online UK<\/title>\n<meta name=\"description\" content=\"Shop 22ct Gold Diamond Cut Hoop Earring , making them the perfect accessory for any outfit. With their intricate design. Free delivery across UK\" \/>\n<meta name=\"robots\" content=\"index, follow, max-snippet:-1, max-image-preview:large, max-video-preview:-1\" \/>\n<link rel=\"canonical\" href=\"https:\/\/www.purejewels.com\/tr\/urun\/22-ayar-altin-elmas-kesim-halka-kupe-46216\/\" \/>\n<meta property=\"og:locale\" content=\"tr_TR\" \/>\n<meta property=\"og:type\" content=\"article\" \/>\n<meta property=\"og:title\" content=\"22ct Gold Diamond Cut Hoop Earring at online UK\" \/>\n<meta property=\"og:description\" content=\"Shop 22ct Gold Diamond Cut Hoop Earring , making them the perfect accessory for any outfit. With their intricate design. Free delivery across UK\" \/>\n<meta property=\"og:url\" content=\"https:\/\/www.purejewels.com\/tr\/urun\/22-ayar-altin-elmas-kesim-halka-kupe-46216\/\" \/>\n<meta property=\"og:site_name\" content=\"PureJewels UK\" \/>\n<meta property=\"article:modified_time\" content=\"2026-02-09T13:30:26+00:00\" \/>\n<meta property=\"og:image\" content=\"https:\/\/static.purejewels.com\/wp-content\/uploads\/2024\/02\/46216_1.png\" \/>\n\t<meta property=\"og:image:width\" content=\"1000\" \/>\n\t<meta property=\"og:image:height\" content=\"1000\" \/>\n\t<meta property=\"og:image:type\" content=\"image\/png\" \/>\n<meta name=\"twitter:card\" content=\"summary_large_image\" \/>\n<meta name=\"twitter:label1\" content=\"Tahmini okuma s\u00fcresi\" \/>\n\t<meta name=\"twitter:data1\" content=\"1 dakika\" \/>\n<script type=\"application\/ld+json\" class=\"yoast-schema-graph\">{\"@context\":\"https:\\\/\\\/schema.org\",\"@graph\":[{\"@type\":[\"WebPage\",\"ItemPage\"],\"@id\":\"https:\\\/\\\/www.purejewels.com\\\/product\\\/22ct-gold-diamond-cut-hoop-earring-46216\\\/\",\"url\":\"https:\\\/\\\/www.purejewels.com\\\/product\\\/22ct-gold-diamond-cut-hoop-earring-46216\\\/\",\"name\":\"22ct Gold Diamond Cut Hoop Earring at online UK\",\"isPartOf\":{\"@id\":\"https:\\\/\\\/www.purejewels.com\\\/#website\"},\"primaryImageOfPage\":{\"@id\":\"https:\\\/\\\/www.purejewels.com\\\/product\\\/22ct-gold-diamond-cut-hoop-earring-46216\\\/#primaryimage\"},\"image\":{\"@id\":\"https:\\\/\\\/www.purejewels.com\\\/product\\\/22ct-gold-diamond-cut-hoop-earring-46216\\\/#primaryimage\"},\"thumbnailUrl\":\"https:\\\/\\\/static.purejewels.com\\\/wp-content\\\/uploads\\\/2024\\\/02\\\/46216_1.png\",\"datePublished\":\"2024-02-29T04:44:54+00:00\",\"dateModified\":\"2026-02-09T13:30:26+00:00\",\"description\":\"Shop 22ct Gold Diamond Cut Hoop Earring , making them the perfect accessory for any outfit. With their intricate design. Free delivery across UK\",\"breadcrumb\":{\"@id\":\"https:\\\/\\\/www.purejewels.com\\\/product\\\/22ct-gold-diamond-cut-hoop-earring-46216\\\/#breadcrumb\"},\"inLanguage\":\"tr\",\"potentialAction\":[{\"@type\":\"ReadAction\",\"target\":[\"https:\\\/\\\/www.purejewels.com\\\/product\\\/22ct-gold-diamond-cut-hoop-earring-46216\\\/\"]}]},{\"@type\":\"ImageObject\",\"inLanguage\":\"tr\",\"@id\":\"https:\\\/\\\/www.purejewels.com\\\/product\\\/22ct-gold-diamond-cut-hoop-earring-46216\\\/#primaryimage\",\"url\":\"https:\\\/\\\/static.purejewels.com\\\/wp-content\\\/uploads\\\/2024\\\/02\\\/46216_1.png\",\"contentUrl\":\"https:\\\/\\\/static.purejewels.com\\\/wp-content\\\/uploads\\\/2024\\\/02\\\/46216_1.png\",\"width\":1000,\"height\":1000,\"caption\":\"22ct Gold Diamond Cut Hoop Earring\"},{\"@type\":\"BreadcrumbList\",\"@id\":\"https:\\\/\\\/www.purejewels.com\\\/product\\\/22ct-gold-diamond-cut-hoop-earring-46216\\\/#breadcrumb\",\"itemListElement\":[{\"@type\":\"ListItem\",\"position\":1,\"name\":\"Home\",\"item\":\"https:\\\/\\\/www.purejewels.com\\\/\"},{\"@type\":\"ListItem\",\"position\":2,\"name\":\"Shop\",\"item\":\"https:\\\/\\\/www.purejewels.com\\\/shop\\\/\"},{\"@type\":\"ListItem\",\"position\":3,\"name\":\"22ct Gold Diamond Cut Hoop Earring\"}]},{\"@type\":\"WebSite\",\"@id\":\"https:\\\/\\\/www.purejewels.com\\\/#website\",\"url\":\"https:\\\/\\\/www.purejewels.com\\\/\",\"name\":\"PureJewels UK\",\"description\":\"Share the Love\",\"publisher\":{\"@id\":\"https:\\\/\\\/www.purejewels.com\\\/#organization\"},\"potentialAction\":[{\"@type\":\"SearchAction\",\"target\":{\"@type\":\"EntryPoint\",\"urlTemplate\":\"https:\\\/\\\/www.purejewels.com\\\/?s={search_term_string}\"},\"query-input\":{\"@type\":\"PropertyValueSpecification\",\"valueRequired\":true,\"valueName\":\"search_term_string\"}}],\"inLanguage\":\"tr\"},{\"@type\":\"Organization\",\"@id\":\"https:\\\/\\\/www.purejewels.com\\\/#organization\",\"name\":\"PureJewels UK\",\"url\":\"https:\\\/\\\/www.purejewels.com\\\/\",\"logo\":{\"@type\":\"ImageObject\",\"inLanguage\":\"tr\",\"@id\":\"https:\\\/\\\/www.purejewels.com\\\/#\\\/schema\\\/logo\\\/image\\\/\",\"url\":\"https:\\\/\\\/static.purejewels.com\\\/wp-content\\\/uploads\\\/2020\\\/11\\\/Logo-PJ-New-1.png\",\"contentUrl\":\"https:\\\/\\\/static.purejewels.com\\\/wp-content\\\/uploads\\\/2020\\\/11\\\/Logo-PJ-New-1.png\",\"width\":150,\"height\":80,\"caption\":\"PureJewels UK\"},\"image\":{\"@id\":\"https:\\\/\\\/www.purejewels.com\\\/#\\\/schema\\\/logo\\\/image\\\/\"}}]}<\/script>\n<!-- \/ Yoast SEO plugin. -->","yoast_head_json":{"title":"22 Ayar Alt\u0131n P\u0131rlanta Kesim Halka K\u00fcpe online \u0130ngiltere'de","description":"22 Ayar Alt\u0131n P\u0131rlanta Kesimli Halka K\u00fcpe sat\u0131n al\u0131n, her k\u0131yafet i\u00e7in m\u00fckemmel bir aksesuar haline getirin. Karma\u015f\u0131k tasar\u0131mlar\u0131yla. \u0130ngiltere genelinde \u00fccretsiz teslimat","robots":{"index":"index","follow":"follow","max-snippet":"max-snippet:-1","max-image-preview":"max-image-preview:large","max-video-preview":"max-video-preview:-1"},"canonical":"https:\/\/www.purejewels.com\/tr\/urun\/22-ayar-altin-elmas-kesim-halka-kupe-46216\/","og_locale":"tr_TR","og_type":"article","og_title":"22ct Gold Diamond Cut Hoop Earring at online UK","og_description":"Shop 22ct Gold Diamond Cut Hoop Earring , making them the perfect accessory for any outfit. With their intricate design. Free delivery across UK","og_url":"https:\/\/www.purejewels.com\/tr\/urun\/22-ayar-altin-elmas-kesim-halka-kupe-46216\/","og_site_name":"PureJewels UK","article_modified_time":"2026-02-09T13:30:26+00:00","og_image":[{"width":1000,"height":1000,"url":"https:\/\/static.purejewels.com\/wp-content\/uploads\/2024\/02\/46216_1.png","type":"image\/png"}],"twitter_card":"summary_large_image","twitter_misc":{"Tahmini okuma s\u00fcresi":"1 dakika"},"schema":{"@context":"https:\/\/schema.org","@graph":[{"@type":["WebPage","ItemPage"],"@id":"https:\/\/www.purejewels.com\/product\/22ct-gold-diamond-cut-hoop-earring-46216\/","url":"https:\/\/www.purejewels.com\/product\/22ct-gold-diamond-cut-hoop-earring-46216\/","name":"22 Ayar Alt\u0131n P\u0131rlanta Kesim Halka K\u00fcpe online \u0130ngiltere'de","isPartOf":{"@id":"https:\/\/www.purejewels.com\/#website"},"primaryImageOfPage":{"@id":"https:\/\/www.purejewels.com\/product\/22ct-gold-diamond-cut-hoop-earring-46216\/#primaryimage"},"image":{"@id":"https:\/\/www.purejewels.com\/product\/22ct-gold-diamond-cut-hoop-earring-46216\/#primaryimage"},"thumbnailUrl":"https:\/\/static.purejewels.com\/wp-content\/uploads\/2024\/02\/46216_1.png","datePublished":"2024-02-29T04:44:54+00:00","dateModified":"2026-02-09T13:30:26+00:00","description":"22 Ayar Alt\u0131n P\u0131rlanta Kesimli Halka K\u00fcpe sat\u0131n al\u0131n, her k\u0131yafet i\u00e7in m\u00fckemmel bir aksesuar haline getirin. Karma\u015f\u0131k tasar\u0131mlar\u0131yla. \u0130ngiltere genelinde \u00fccretsiz teslimat","breadcrumb":{"@id":"https:\/\/www.purejewels.com\/product\/22ct-gold-diamond-cut-hoop-earring-46216\/#breadcrumb"},"inLanguage":"tr","potentialAction":[{"@type":"ReadAction","target":["https:\/\/www.purejewels.com\/product\/22ct-gold-diamond-cut-hoop-earring-46216\/"]}]},{"@type":"ImageObject","inLanguage":"tr","@id":"https:\/\/www.purejewels.com\/product\/22ct-gold-diamond-cut-hoop-earring-46216\/#primaryimage","url":"https:\/\/static.purejewels.com\/wp-content\/uploads\/2024\/02\/46216_1.png","contentUrl":"https:\/\/static.purejewels.com\/wp-content\/uploads\/2024\/02\/46216_1.png","width":1000,"height":1000,"caption":"22ct Gold Diamond Cut Hoop Earring"},{"@type":"BreadcrumbList","@id":"https:\/\/www.purejewels.com\/product\/22ct-gold-diamond-cut-hoop-earring-46216\/#breadcrumb","itemListElement":[{"@type":"ListItem","position":1,"name":"Home","item":"https:\/\/www.purejewels.com\/"},{"@type":"ListItem","position":2,"name":"Shop","item":"https:\/\/www.purejewels.com\/shop\/"},{"@type":"ListItem","position":3,"name":"22ct Gold Diamond Cut Hoop Earring"}]},{"@type":"WebSite","@id":"https:\/\/www.purejewels.com\/#website","url":"https:\/\/www.purejewels.com\/","name":"PureJewels \u0130ngiltere","description":"Sevgiyi Payla\u015f\u0131n","publisher":{"@id":"https:\/\/www.purejewels.com\/#organization"},"potentialAction":[{"@type":"SearchAction","target":{"@type":"EntryPoint","urlTemplate":"https:\/\/www.purejewels.com\/?s={search_term_string}"},"query-input":{"@type":"PropertyValueSpecification","valueRequired":true,"valueName":"search_term_string"}}],"inLanguage":"tr"},{"@type":"Organization","@id":"https:\/\/www.purejewels.com\/#organization","name":"PureJewels \u0130ngiltere","url":"https:\/\/www.purejewels.com\/","logo":{"@type":"ImageObject","inLanguage":"tr","@id":"https:\/\/www.purejewels.com\/#\/schema\/logo\/image\/","url":"https:\/\/static.purejewels.com\/wp-content\/uploads\/2020\/11\/Logo-PJ-New-1.png","contentUrl":"https:\/\/static.purejewels.com\/wp-content\/uploads\/2020\/11\/Logo-PJ-New-1.png","width":150,"height":80,"caption":"PureJewels UK"},"image":{"@id":"https:\/\/www.purejewels.com\/#\/schema\/logo\/image\/"}}]}},"_links":{"self":[{"href":"https:\/\/www.purejewels.com\/tr\/wp-json\/wp\/v2\/product\/358068","targetHints":{"allow":["GET"]}}],"collection":[{"href":"https:\/\/www.purejewels.com\/tr\/wp-json\/wp\/v2\/product"}],"about":[{"href":"https:\/\/www.purejewels.com\/tr\/wp-json\/wp\/v2\/types\/product"}],"replies":[{"embeddable":true,"href":"https:\/\/www.purejewels.com\/tr\/wp-json\/wp\/v2\/comments?post=358068"}],"version-history":[{"count":3,"href":"https:\/\/www.purejewels.com\/tr\/wp-json\/wp\/v2\/product\/358068\/revisions"}],"predecessor-version":[{"id":385838,"href":"https:\/\/www.purejewels.com\/tr\/wp-json\/wp\/v2\/product\/358068\/revisions\/385838"}],"wp:featuredmedia":[{"embeddable":true,"href":"https:\/\/www.purejewels.com\/tr\/wp-json\/wp\/v2\/media\/388706"}],"wp:attachment":[{"href":"https:\/\/www.purejewels.com\/tr\/wp-json\/wp\/v2\/media?parent=358068"}],"wp:term":[{"taxonomy":"product_brand","embeddable":true,"href":"https:\/\/www.purejewels.com\/tr\/wp-json\/wp\/v2\/product_brand?post=358068"},{"taxonomy":"product_cat","embeddable":true,"href":"https:\/\/www.purejewels.com\/tr\/wp-json\/wp\/v2\/product_cat?post=358068"},{"taxonomy":"product_tag","embeddable":true,"href":"https:\/\/www.purejewels.com\/tr\/wp-json\/wp\/v2\/product_tag?post=358068"}],"curies":[{"name":"wp","href":"https:\/\/api.w.org\/{rel}","templated":true}]}}