{"id":358080,"date":"2024-02-29T05:12:24","date_gmt":"2024-02-29T05:12:24","guid":{"rendered":"https:\/\/www.purejewels.com\/?post_type=product&#038;p=358080"},"modified":"2026-01-06T11:27:03","modified_gmt":"2026-01-06T11:27:03","slug":"zincir-rozetli-22-ayar-altin-cicek-damlalik-koleksiyonu-45434","status":"publish","type":"product","link":"https:\/\/www.purejewels.com\/tr\/product\/22ct-gold-flower-dropper-with-chain-rosette-collection-45434\/","title":{"rendered":"22 Ayar Alt\u0131n \u00c7i\u00e7ek Damlal\u0131k | Rozet Koleksiyonu"},"content":{"rendered":"<p>SKU: 45434<\/p>\n<p>Bu <strong><a href=\"https:\/\/www.purejewels.com\/tr\/product\/22ct-gold-jali-filigree-ring-jali-collection-31926\/\">22ct<\/a> Zincirli Alt\u0131n \u00c7i\u00e7ek Damlal\u0131k<\/strong> bir \u015fey yok. <a href=\"https:\/\/www.purejewels.com\/tr\/a-guide-to-die-stamping\/\">Rozet Koleksiyonu<\/a> do\u011fan\u0131n narin g\u00fczelli\u011fini yans\u0131tan sofistike bir par\u00e7ad\u0131r. Saf malzemeden \u00fcretilmi\u015ftir <a href=\"https:\/\/www.purejewels.com\/tr\/product\/holy-cross-gold-pendant-44713\/\">22 ayar alt\u0131n<\/a>Bu \u00e7arp\u0131c\u0131 damlal\u0131kl\u0131 kolye, zarafeti ve kad\u0131ns\u0131l\u0131\u011f\u0131 simgeleyen karma\u015f\u0131k tasar\u0131ml\u0131 bir \u00e7i\u00e7ek kolye ucuna sahiptir. \u0130nce zincir, \u00e7i\u00e7ekli damlal\u0131\u011f\u0131 tamamlayarak hem g\u00fcnl\u00fck kullan\u0131m hem de \u00f6zel g\u00fcnler i\u00e7in m\u00fckemmel olan kusursuz ve zarif bir g\u00f6r\u00fcn\u00fcm yarat\u0131r.<\/p>\n<p>\u00c7i\u00e7eklerin zamans\u0131z cazibesinden ilham alan Rosette Koleksiyonu'nun bu par\u00e7as\u0131, her k\u0131yafete romantik ve zarif bir dokunu\u015f katar. \u0130ster sevdi\u011finiz birine hediye edin ister ki\u015fisel koleksiyonunuza ekleyin, bu zincirli \u00e7i\u00e7ek damlal\u0131\u011f\u0131 stil ve zarafetin g\u00fczel bir ifadesidir.<\/p>","protected":false},"excerpt":{"rendered":"<table class=\"sh_desc\">\n<tbody>\n<tr>\n<td>K\u00fcpe T\u00fcr\u00fc<\/td>\n<td>K\u00fcpe i\u00e7in Damlal\u0131klar (Stud fiyat\u0131 dahil de\u011fildir)<\/td>\n<\/tr>\n<tr>\n<td>SKU<\/td>\n<td>45434<\/td>\n<\/tr>\n<tr>\n<td>A\u011f\u0131rl\u0131k<\/td>\n<td>2.6 Gms<\/td>\n<\/tr>\n<tr>\n<td>Geni\u015flik<\/td>\n<td>\u00dcst: 4.5mm, Alt: 6mm<\/td>\n<\/tr>\n<tr>\n<td>Metal<\/td>\n<td>22 Ayar Alt\u0131n<\/td>\n<\/tr>\n<tr>\n<td>KatalogID<\/td>\n<td>R1048<\/td>\n<\/tr>\n<tr>\n<td>\u00dccretler<\/td>\n<td>Teslimat ve KDV Dahil<\/td>\n<\/tr>\n<tr>\n<td>Paketleme<\/td>\n<td>Sunum Kutusu ile Birlikte Gelir<\/td>\n<\/tr>\n<tr>\n<td>Daha Fazla Bilgi<\/td>\n<td>\n<ul>\n<li>M\u00fcsaitlik durumu ve daha fazla resim i\u00e7in bizimle canl\u0131 sohbet edin<\/li>\n<li>\u00c7iviler Fiyata dahil de\u011fildir<\/li>\n<\/ul>\n<\/td>\n<\/tr>\n<\/tbody>\n<\/table>","protected":false},"featured_media":367155,"comment_status":"closed","ping_status":"closed","template":"","meta":{"_eb_attr":"","_crsspst_to_jayantr4sg-hostcom":false},"product_brand":[],"product_cat":[1791,1559,236,1685,5651,1254,1229,6149,1656,5274,1574,5349],"product_tag":[],"class_list":{"0":"post-358080","1":"product","2":"type-product","3":"status-publish","4":"has-post-thumbnail","6":"product_cat-anniversary-gifts","7":"product_cat-birthday-gifts","8":"product_cat-collections","9":"product_cat-drop-earrings","10":"product_cat-ear-droppers","11":"product_cat-gold-earrings","12":"product_cat-22ct-gold-jewellery","13":"product_cat-rosette-drop-earring","14":"product_cat-rosettes-collections","15":"product_cat-rosettes-earring","16":"product_cat-womens-jewellery","17":"product_cat-yellow-gold-jewellery","19":"first","20":"onbackorder","21":"taxable","22":"shipping-taxable","23":"product-type-simple","24":"add-to-wishlist-before_image"},"yoast_head":"<!-- This site is optimized with the Yoast SEO plugin v27.5 - https:\/\/yoast.com\/product\/yoast-seo-wordpress\/ -->\n<title>22ct Gold Flower Dropper with Chain Rosette Collection<\/title>\n<meta name=\"description\" content=\"Shop online &amp; add a touch of luxury to your everyday look. Crafted from pure 22ct gold, this Flower Motif Dropper for Earrings is a timeless treasure.\" \/>\n<meta name=\"robots\" content=\"index, follow, max-snippet:-1, max-image-preview:large, max-video-preview:-1\" \/>\n<link rel=\"canonical\" href=\"https:\/\/www.purejewels.com\/tr\/urun\/zincir-rozetli-22-ayar-altin-cicek-damlalik-koleksiyonu-45434\/\" \/>\n<meta property=\"og:locale\" content=\"tr_TR\" \/>\n<meta property=\"og:type\" content=\"article\" \/>\n<meta property=\"og:title\" content=\"22ct Gold Flower Dropper with Chain Rosette Collection\" \/>\n<meta property=\"og:description\" content=\"Shop online &amp; add a touch of luxury to your everyday look. Crafted from pure 22ct gold, this Flower Motif Dropper for Earrings is a timeless treasure.\" \/>\n<meta property=\"og:url\" content=\"https:\/\/www.purejewels.com\/tr\/urun\/zincir-rozetli-22-ayar-altin-cicek-damlalik-koleksiyonu-45434\/\" \/>\n<meta property=\"og:site_name\" content=\"PureJewels UK\" \/>\n<meta property=\"article:modified_time\" content=\"2026-01-06T11:27:03+00:00\" \/>\n<meta property=\"og:image\" content=\"https:\/\/static.purejewels.com\/wp-content\/uploads\/2024\/02\/IMG_8453-1000-X-1000.png\" \/>\n\t<meta property=\"og:image:width\" content=\"1000\" \/>\n\t<meta property=\"og:image:height\" content=\"1000\" \/>\n\t<meta property=\"og:image:type\" content=\"image\/png\" \/>\n<meta name=\"twitter:card\" content=\"summary_large_image\" \/>\n<meta name=\"twitter:label1\" content=\"Tahmini okuma s\u00fcresi\" \/>\n\t<meta name=\"twitter:data1\" content=\"1 dakika\" \/>\n<script type=\"application\/ld+json\" class=\"yoast-schema-graph\">{\"@context\":\"https:\\\/\\\/schema.org\",\"@graph\":[{\"@type\":[\"WebPage\",\"ItemPage\"],\"@id\":\"https:\\\/\\\/www.purejewels.com\\\/product\\\/22ct-gold-flower-dropper-with-chain-rosette-collection-45434\\\/\",\"url\":\"https:\\\/\\\/www.purejewels.com\\\/product\\\/22ct-gold-flower-dropper-with-chain-rosette-collection-45434\\\/\",\"name\":\"22ct Gold Flower Dropper with Chain Rosette Collection\",\"isPartOf\":{\"@id\":\"https:\\\/\\\/www.purejewels.com\\\/#website\"},\"primaryImageOfPage\":{\"@id\":\"https:\\\/\\\/www.purejewels.com\\\/product\\\/22ct-gold-flower-dropper-with-chain-rosette-collection-45434\\\/#primaryimage\"},\"image\":{\"@id\":\"https:\\\/\\\/www.purejewels.com\\\/product\\\/22ct-gold-flower-dropper-with-chain-rosette-collection-45434\\\/#primaryimage\"},\"thumbnailUrl\":\"https:\\\/\\\/static.purejewels.com\\\/wp-content\\\/uploads\\\/2024\\\/02\\\/IMG_8453-1000-X-1000.png\",\"datePublished\":\"2024-02-29T05:12:24+00:00\",\"dateModified\":\"2026-01-06T11:27:03+00:00\",\"description\":\"Shop online & add a touch of luxury to your everyday look. Crafted from pure 22ct gold, this Flower Motif Dropper for Earrings is a timeless treasure.\",\"breadcrumb\":{\"@id\":\"https:\\\/\\\/www.purejewels.com\\\/product\\\/22ct-gold-flower-dropper-with-chain-rosette-collection-45434\\\/#breadcrumb\"},\"inLanguage\":\"tr\",\"potentialAction\":[{\"@type\":\"ReadAction\",\"target\":[\"https:\\\/\\\/www.purejewels.com\\\/product\\\/22ct-gold-flower-dropper-with-chain-rosette-collection-45434\\\/\"]}]},{\"@type\":\"ImageObject\",\"inLanguage\":\"tr\",\"@id\":\"https:\\\/\\\/www.purejewels.com\\\/product\\\/22ct-gold-flower-dropper-with-chain-rosette-collection-45434\\\/#primaryimage\",\"url\":\"https:\\\/\\\/static.purejewels.com\\\/wp-content\\\/uploads\\\/2024\\\/02\\\/IMG_8453-1000-X-1000.png\",\"contentUrl\":\"https:\\\/\\\/static.purejewels.com\\\/wp-content\\\/uploads\\\/2024\\\/02\\\/IMG_8453-1000-X-1000.png\",\"width\":1000,\"height\":1000,\"caption\":\"45434\"},{\"@type\":\"BreadcrumbList\",\"@id\":\"https:\\\/\\\/www.purejewels.com\\\/product\\\/22ct-gold-flower-dropper-with-chain-rosette-collection-45434\\\/#breadcrumb\",\"itemListElement\":[{\"@type\":\"ListItem\",\"position\":1,\"name\":\"Home\",\"item\":\"https:\\\/\\\/www.purejewels.com\\\/\"},{\"@type\":\"ListItem\",\"position\":2,\"name\":\"Shop\",\"item\":\"https:\\\/\\\/www.purejewels.com\\\/shop\\\/\"},{\"@type\":\"ListItem\",\"position\":3,\"name\":\"22ct Gold Flower Dropper | Rosette Collection\"}]},{\"@type\":\"WebSite\",\"@id\":\"https:\\\/\\\/www.purejewels.com\\\/#website\",\"url\":\"https:\\\/\\\/www.purejewels.com\\\/\",\"name\":\"PureJewels UK\",\"description\":\"Share the Love\",\"publisher\":{\"@id\":\"https:\\\/\\\/www.purejewels.com\\\/#organization\"},\"potentialAction\":[{\"@type\":\"SearchAction\",\"target\":{\"@type\":\"EntryPoint\",\"urlTemplate\":\"https:\\\/\\\/www.purejewels.com\\\/?s={search_term_string}\"},\"query-input\":{\"@type\":\"PropertyValueSpecification\",\"valueRequired\":true,\"valueName\":\"search_term_string\"}}],\"inLanguage\":\"tr\"},{\"@type\":\"Organization\",\"@id\":\"https:\\\/\\\/www.purejewels.com\\\/#organization\",\"name\":\"PureJewels UK\",\"url\":\"https:\\\/\\\/www.purejewels.com\\\/\",\"logo\":{\"@type\":\"ImageObject\",\"inLanguage\":\"tr\",\"@id\":\"https:\\\/\\\/www.purejewels.com\\\/#\\\/schema\\\/logo\\\/image\\\/\",\"url\":\"https:\\\/\\\/static.purejewels.com\\\/wp-content\\\/uploads\\\/2020\\\/11\\\/Logo-PJ-New-1.png\",\"contentUrl\":\"https:\\\/\\\/static.purejewels.com\\\/wp-content\\\/uploads\\\/2020\\\/11\\\/Logo-PJ-New-1.png\",\"width\":150,\"height\":80,\"caption\":\"PureJewels UK\"},\"image\":{\"@id\":\"https:\\\/\\\/www.purejewels.com\\\/#\\\/schema\\\/logo\\\/image\\\/\"}}]}<\/script>\n<!-- \/ Yoast SEO plugin. -->","yoast_head_json":{"title":"22 Ayar Alt\u0131n \u00c7i\u00e7ek Damlal\u0131kl\u0131 Zincir Rozet Koleksiyonu","description":"Online al\u0131\u015fveri\u015f yap\u0131n ve g\u00fcnl\u00fck g\u00f6r\u00fcn\u00fcm\u00fcn\u00fcze l\u00fcks bir dokunu\u015f kat\u0131n. Saf 22 ayar alt\u0131ndan \u00fcretilen bu \u00c7i\u00e7ek Motifli Damlal\u0131kl\u0131 K\u00fcpe, zamans\u0131z bir hazinedir.","robots":{"index":"index","follow":"follow","max-snippet":"max-snippet:-1","max-image-preview":"max-image-preview:large","max-video-preview":"max-video-preview:-1"},"canonical":"https:\/\/www.purejewels.com\/tr\/urun\/zincir-rozetli-22-ayar-altin-cicek-damlalik-koleksiyonu-45434\/","og_locale":"tr_TR","og_type":"article","og_title":"22ct Gold Flower Dropper with Chain Rosette Collection","og_description":"Shop online & add a touch of luxury to your everyday look. Crafted from pure 22ct gold, this Flower Motif Dropper for Earrings is a timeless treasure.","og_url":"https:\/\/www.purejewels.com\/tr\/urun\/zincir-rozetli-22-ayar-altin-cicek-damlalik-koleksiyonu-45434\/","og_site_name":"PureJewels UK","article_modified_time":"2026-01-06T11:27:03+00:00","og_image":[{"width":1000,"height":1000,"url":"https:\/\/static.purejewels.com\/wp-content\/uploads\/2024\/02\/IMG_8453-1000-X-1000.png","type":"image\/png"}],"twitter_card":"summary_large_image","twitter_misc":{"Tahmini okuma s\u00fcresi":"1 dakika"},"schema":{"@context":"https:\/\/schema.org","@graph":[{"@type":["WebPage","ItemPage"],"@id":"https:\/\/www.purejewels.com\/product\/22ct-gold-flower-dropper-with-chain-rosette-collection-45434\/","url":"https:\/\/www.purejewels.com\/product\/22ct-gold-flower-dropper-with-chain-rosette-collection-45434\/","name":"22 Ayar Alt\u0131n \u00c7i\u00e7ek Damlal\u0131kl\u0131 Zincir Rozet Koleksiyonu","isPartOf":{"@id":"https:\/\/www.purejewels.com\/#website"},"primaryImageOfPage":{"@id":"https:\/\/www.purejewels.com\/product\/22ct-gold-flower-dropper-with-chain-rosette-collection-45434\/#primaryimage"},"image":{"@id":"https:\/\/www.purejewels.com\/product\/22ct-gold-flower-dropper-with-chain-rosette-collection-45434\/#primaryimage"},"thumbnailUrl":"https:\/\/static.purejewels.com\/wp-content\/uploads\/2024\/02\/IMG_8453-1000-X-1000.png","datePublished":"2024-02-29T05:12:24+00:00","dateModified":"2026-01-06T11:27:03+00:00","description":"Online al\u0131\u015fveri\u015f yap\u0131n ve g\u00fcnl\u00fck g\u00f6r\u00fcn\u00fcm\u00fcn\u00fcze l\u00fcks bir dokunu\u015f kat\u0131n. Saf 22 ayar alt\u0131ndan \u00fcretilen bu \u00c7i\u00e7ek Motifli Damlal\u0131kl\u0131 K\u00fcpe, zamans\u0131z bir hazinedir.","breadcrumb":{"@id":"https:\/\/www.purejewels.com\/product\/22ct-gold-flower-dropper-with-chain-rosette-collection-45434\/#breadcrumb"},"inLanguage":"tr","potentialAction":[{"@type":"ReadAction","target":["https:\/\/www.purejewels.com\/product\/22ct-gold-flower-dropper-with-chain-rosette-collection-45434\/"]}]},{"@type":"ImageObject","inLanguage":"tr","@id":"https:\/\/www.purejewels.com\/product\/22ct-gold-flower-dropper-with-chain-rosette-collection-45434\/#primaryimage","url":"https:\/\/static.purejewels.com\/wp-content\/uploads\/2024\/02\/IMG_8453-1000-X-1000.png","contentUrl":"https:\/\/static.purejewels.com\/wp-content\/uploads\/2024\/02\/IMG_8453-1000-X-1000.png","width":1000,"height":1000,"caption":"45434"},{"@type":"BreadcrumbList","@id":"https:\/\/www.purejewels.com\/product\/22ct-gold-flower-dropper-with-chain-rosette-collection-45434\/#breadcrumb","itemListElement":[{"@type":"ListItem","position":1,"name":"Home","item":"https:\/\/www.purejewels.com\/"},{"@type":"ListItem","position":2,"name":"Shop","item":"https:\/\/www.purejewels.com\/shop\/"},{"@type":"ListItem","position":3,"name":"22ct Gold Flower Dropper | Rosette Collection"}]},{"@type":"WebSite","@id":"https:\/\/www.purejewels.com\/#website","url":"https:\/\/www.purejewels.com\/","name":"PureJewels \u0130ngiltere","description":"Sevgiyi Payla\u015f\u0131n","publisher":{"@id":"https:\/\/www.purejewels.com\/#organization"},"potentialAction":[{"@type":"SearchAction","target":{"@type":"EntryPoint","urlTemplate":"https:\/\/www.purejewels.com\/?s={search_term_string}"},"query-input":{"@type":"PropertyValueSpecification","valueRequired":true,"valueName":"search_term_string"}}],"inLanguage":"tr"},{"@type":"Organization","@id":"https:\/\/www.purejewels.com\/#organization","name":"PureJewels \u0130ngiltere","url":"https:\/\/www.purejewels.com\/","logo":{"@type":"ImageObject","inLanguage":"tr","@id":"https:\/\/www.purejewels.com\/#\/schema\/logo\/image\/","url":"https:\/\/static.purejewels.com\/wp-content\/uploads\/2020\/11\/Logo-PJ-New-1.png","contentUrl":"https:\/\/static.purejewels.com\/wp-content\/uploads\/2020\/11\/Logo-PJ-New-1.png","width":150,"height":80,"caption":"PureJewels UK"},"image":{"@id":"https:\/\/www.purejewels.com\/#\/schema\/logo\/image\/"}}]}},"_links":{"self":[{"href":"https:\/\/www.purejewels.com\/tr\/wp-json\/wp\/v2\/product\/358080","targetHints":{"allow":["GET"]}}],"collection":[{"href":"https:\/\/www.purejewels.com\/tr\/wp-json\/wp\/v2\/product"}],"about":[{"href":"https:\/\/www.purejewels.com\/tr\/wp-json\/wp\/v2\/types\/product"}],"replies":[{"embeddable":true,"href":"https:\/\/www.purejewels.com\/tr\/wp-json\/wp\/v2\/comments?post=358080"}],"version-history":[{"count":5,"href":"https:\/\/www.purejewels.com\/tr\/wp-json\/wp\/v2\/product\/358080\/revisions"}],"predecessor-version":[{"id":396342,"href":"https:\/\/www.purejewels.com\/tr\/wp-json\/wp\/v2\/product\/358080\/revisions\/396342"}],"wp:featuredmedia":[{"embeddable":true,"href":"https:\/\/www.purejewels.com\/tr\/wp-json\/wp\/v2\/media\/367155"}],"wp:attachment":[{"href":"https:\/\/www.purejewels.com\/tr\/wp-json\/wp\/v2\/media?parent=358080"}],"wp:term":[{"taxonomy":"product_brand","embeddable":true,"href":"https:\/\/www.purejewels.com\/tr\/wp-json\/wp\/v2\/product_brand?post=358080"},{"taxonomy":"product_cat","embeddable":true,"href":"https:\/\/www.purejewels.com\/tr\/wp-json\/wp\/v2\/product_cat?post=358080"},{"taxonomy":"product_tag","embeddable":true,"href":"https:\/\/www.purejewels.com\/tr\/wp-json\/wp\/v2\/product_tag?post=358080"}],"curies":[{"name":"wp","href":"https:\/\/api.w.org\/{rel}","templated":true}]}}