{"id":358230,"date":"2024-01-03T11:16:51","date_gmt":"2024-01-03T11:16:51","guid":{"rendered":"https:\/\/www.purejewels.com\/?post_type=product&#038;p=358230"},"modified":"2026-04-29T06:00:05","modified_gmt":"2026-04-29T05:00:05","slug":"22-ayar-altin-halka-kupe-44187","status":"publish","type":"product","link":"https:\/\/www.purejewels.com\/tr\/product\/22ct-gold-hoop-earring-44187\/","title":{"rendered":"22 Ayar Alt\u0131n Halka K\u00fcpe"},"content":{"rendered":"<p data-start=\"176\" data-end=\"472\">Bu <strong data-start=\"180\" data-end=\"207\">22 Ayar Alt\u0131n Halka K\u00fcpe<\/strong> \u0131\u015f\u0131lt\u0131l\u0131 22 ayar alt\u0131ndan \u00fcretilmi\u015f, \u0131\u015f\u0131\u011f\u0131 g\u00fczel bir \u015fekilde yakalayan \u015f\u0131k, y\u00f6nl\u00fc bir y\u00fczeye sahip, zamans\u0131z bir m\u00fccevherin vazge\u00e7ilmezidir. Hafif ve \u00e7ok y\u00f6nl\u00fc olan bu \u00e7emberler g\u00fcnl\u00fck \u015f\u0131kl\u0131\u011f\u0131n yan\u0131 s\u0131ra bayram ve \u00f6zel g\u00fcnler i\u00e7in de yeterince \u015f\u0131kt\u0131r.<\/p>\n<p data-start=\"474\" data-end=\"736\">Klasik dairesel formlar\u0131 ince detaylarla zenginle\u015ftirilerek hem geleneksel k\u0131yafetlerle hem de modern topluluklarla e\u015fle\u015ftirmek i\u00e7in m\u00fckemmel hale getirilmi\u015ftir. Konfor ve kal\u0131c\u0131 parlakl\u0131k i\u00e7in tasarlanan bu \u00fcr\u00fcnler, abart\u0131s\u0131z l\u00fcks\u00fc takdir edenler i\u00e7in ideal bir se\u00e7imdir.<\/p>\n<p data-start=\"738\" data-end=\"943\">\u0130ster ki\u015fisel bir ho\u015fg\u00f6r\u00fc olarak, ister d\u00fc\u015f\u00fcnceli bir davran\u0131\u015f olarak se\u00e7ilsin <strong data-start=\"795\" data-end=\"814\">Diwali hediyeleri<\/strong>Bu alt\u0131n halkalar refah\u0131n ve kutlaman\u0131n sembol\u00fcd\u00fcr ve her m\u00fccevher koleksiyonunun de\u011ferli bir par\u00e7as\u0131 olarak kalmaya mahkumdur.<\/p>","protected":false},"excerpt":{"rendered":"<div class=\"woocommerce-product-details__short-description\">\n<table class=\"sh_desc\" style=\"width: 99.169%; height: 209px;\">\n<tbody>\n<tr style=\"height: 27px;\">\n<td style=\"width: 29.7162%; height: 27px;\">K\u00fcpe T\u00fcr\u00fc<\/td>\n<td style=\"width: 70.1169%; height: 27px;\">Halka K\u00fcpe<\/td>\n<\/tr>\n<tr style=\"height: 27px;\">\n<td style=\"width: 29.7162%; height: 27px;\">SKU<\/td>\n<td style=\"width: 70.1169%; height: 27px;\">44187<\/td>\n<\/tr>\n<tr style=\"height: 27px;\">\n<td style=\"width: 29.7162%; height: 27px;\">A\u011f\u0131rl\u0131k<\/td>\n<td style=\"width: 70.1169%; height: 27px;\">0.6 Gms<\/td>\n<\/tr>\n<tr style=\"height: 27px;\">\n<td style=\"width: 29.7162%; height: 27px;\">\u0130\u00e7 \u00e7ap<\/td>\n<td style=\"width: 70.1169%; height: 27px;\">8,5 mm<\/td>\n<\/tr>\n<tr style=\"height: 27px;\">\n<td style=\"width: 29.7162%; height: 27px;\">Metal<\/td>\n<td style=\"width: 70.1169%; height: 27px;\">22 Ayar Alt\u0131n<\/td>\n<\/tr>\n<tr style=\"height: 27px;\">\n<td style=\"width: 29.7162%; height: 27px;\">\u00dccretler<\/td>\n<td style=\"width: 70.1169%; height: 27px;\">Teslimat ve KDV Dahil<\/td>\n<\/tr>\n<tr style=\"height: 27px;\">\n<td style=\"width: 29.7162%; height: 27px;\">Paketleme<\/td>\n<td style=\"width: 70.1169%; height: 27px;\">Sunum Kutusu ile Birlikte Gelir<\/td>\n<\/tr>\n<tr style=\"height: 111px;\">\n<td style=\"width: 29.7162%; height: 47px;\">Daha Fazla Bilgi<\/td>\n<td style=\"width: 70.1169%; height: 47px;\">\n<ul>\n<li>M\u00fcsaitlik durumu ve daha fazla resim i\u00e7in bizimle canl\u0131 sohbet edin<\/li>\n<li>Koleksiyonumuzu ke\u015ffedin\u00a0<strong>bebek k\u00fcpesi<\/strong><\/li>\n<\/ul>\n<\/td>\n<\/tr>\n<\/tbody>\n<\/table>\n<\/div>","protected":false},"featured_media":344811,"comment_status":"closed","ping_status":"closed","template":"","meta":{"_eb_attr":"","_crsspst_to_jayantr4sg-hostcom":true},"product_brand":[],"product_cat":[1791,1576,1793,1254,1229,1579,5342,5599,5943,5338,5608,1575,1574,5349],"product_tag":[1430,66],"class_list":{"0":"post-358230","1":"product","2":"type-product","3":"status-publish","4":"has-post-thumbnail","6":"product_cat-anniversary-gifts","7":"product_cat-childrens-jewellery","8":"product_cat-diwali-gifts","9":"product_cat-gold-earrings","10":"product_cat-22ct-gold-jewellery","11":"product_cat-hoop-earrings","12":"product_cat-jewellery-under-250","13":"product_cat-baby-earring","14":"product_cat-kids-jewellery","15":"product_cat-shop-by-price","16":"product_cat-simple-hoops","17":"product_cat-teenage-jewellery","18":"product_cat-womens-jewellery","19":"product_cat-yellow-gold-jewellery","20":"product_tag-diwali-gift","21":"product_tag-earrings","23":"first","24":"instock","25":"taxable","26":"shipping-taxable","27":"purchasable","28":"product-type-simple","29":"add-to-wishlist-before_image"},"yoast_head":"<!-- This site is optimized with the Yoast SEO plugin v27.5 - https:\/\/yoast.com\/product\/yoast-seo-wordpress\/ -->\n<title>22ct Gold Hoop Earrings UK | Classic Everyday Elegance<\/title>\n<meta name=\"description\" content=\"Discover 22ct gold hoop earrings, crafted with a timeless silhouette and radiant finish. Perfect for everyday elegance\u2014shop PureJewels UK online.\" \/>\n<meta name=\"robots\" content=\"index, follow, max-snippet:-1, max-image-preview:large, max-video-preview:-1\" \/>\n<link rel=\"canonical\" href=\"https:\/\/www.purejewels.com\/tr\/urun\/22-ayar-altin-halka-kupe-44187\/\" \/>\n<meta property=\"og:locale\" content=\"tr_TR\" \/>\n<meta property=\"og:type\" content=\"article\" \/>\n<meta property=\"og:title\" content=\"22ct Gold Hoop Earrings UK | Classic Everyday Elegance\" \/>\n<meta property=\"og:description\" content=\"Discover 22ct gold hoop earrings, crafted with a timeless silhouette and radiant finish. Perfect for everyday elegance\u2014shop PureJewels UK online.\" \/>\n<meta property=\"og:url\" content=\"https:\/\/www.purejewels.com\/tr\/urun\/22-ayar-altin-halka-kupe-44187\/\" \/>\n<meta property=\"og:site_name\" content=\"PureJewels UK\" \/>\n<meta property=\"article:modified_time\" content=\"2026-04-29T05:00:05+00:00\" \/>\n<meta property=\"og:image\" content=\"https:\/\/static.purejewels.com\/wp-content\/uploads\/2023\/03\/44187-1.jpg\" \/>\n\t<meta property=\"og:image:width\" content=\"1\" \/>\n\t<meta property=\"og:image:height\" content=\"1\" \/>\n\t<meta property=\"og:image:type\" content=\"image\/jpeg\" \/>\n<meta name=\"twitter:card\" content=\"summary_large_image\" \/>\n<meta name=\"twitter:label1\" content=\"Tahmini okuma s\u00fcresi\" \/>\n\t<meta name=\"twitter:data1\" content=\"1 dakika\" \/>\n<script type=\"application\/ld+json\" class=\"yoast-schema-graph\">{\"@context\":\"https:\\\/\\\/schema.org\",\"@graph\":[{\"@type\":[\"WebPage\",\"ItemPage\"],\"@id\":\"https:\\\/\\\/www.purejewels.com\\\/product\\\/22ct-gold-hoop-earring-44187\\\/\",\"url\":\"https:\\\/\\\/www.purejewels.com\\\/product\\\/22ct-gold-hoop-earring-44187\\\/\",\"name\":\"22ct Gold Hoop Earrings UK | Classic Everyday Elegance\",\"isPartOf\":{\"@id\":\"https:\\\/\\\/www.purejewels.com\\\/#website\"},\"primaryImageOfPage\":{\"@id\":\"https:\\\/\\\/www.purejewels.com\\\/product\\\/22ct-gold-hoop-earring-44187\\\/#primaryimage\"},\"image\":{\"@id\":\"https:\\\/\\\/www.purejewels.com\\\/product\\\/22ct-gold-hoop-earring-44187\\\/#primaryimage\"},\"thumbnailUrl\":\"https:\\\/\\\/static.purejewels.com\\\/wp-content\\\/uploads\\\/2023\\\/03\\\/44187-1.jpg\",\"datePublished\":\"2024-01-03T11:16:51+00:00\",\"dateModified\":\"2026-04-29T05:00:05+00:00\",\"description\":\"Discover 22ct gold hoop earrings, crafted with a timeless silhouette and radiant finish. Perfect for everyday elegance\u2014shop PureJewels UK online.\",\"breadcrumb\":{\"@id\":\"https:\\\/\\\/www.purejewels.com\\\/product\\\/22ct-gold-hoop-earring-44187\\\/#breadcrumb\"},\"inLanguage\":\"tr\",\"potentialAction\":[{\"@type\":\"ReadAction\",\"target\":[\"https:\\\/\\\/www.purejewels.com\\\/product\\\/22ct-gold-hoop-earring-44187\\\/\"]}]},{\"@type\":\"ImageObject\",\"inLanguage\":\"tr\",\"@id\":\"https:\\\/\\\/www.purejewels.com\\\/product\\\/22ct-gold-hoop-earring-44187\\\/#primaryimage\",\"url\":\"https:\\\/\\\/static.purejewels.com\\\/wp-content\\\/uploads\\\/2023\\\/03\\\/44187-1.jpg\",\"contentUrl\":\"https:\\\/\\\/static.purejewels.com\\\/wp-content\\\/uploads\\\/2023\\\/03\\\/44187-1.jpg\",\"caption\":\"22ct Gold DC Hoop Earring for Ladies\"},{\"@type\":\"BreadcrumbList\",\"@id\":\"https:\\\/\\\/www.purejewels.com\\\/product\\\/22ct-gold-hoop-earring-44187\\\/#breadcrumb\",\"itemListElement\":[{\"@type\":\"ListItem\",\"position\":1,\"name\":\"Home\",\"item\":\"https:\\\/\\\/www.purejewels.com\\\/\"},{\"@type\":\"ListItem\",\"position\":2,\"name\":\"Shop\",\"item\":\"https:\\\/\\\/www.purejewels.com\\\/shop\\\/\"},{\"@type\":\"ListItem\",\"position\":3,\"name\":\"22ct Gold Hoop Earring\"}]},{\"@type\":\"WebSite\",\"@id\":\"https:\\\/\\\/www.purejewels.com\\\/#website\",\"url\":\"https:\\\/\\\/www.purejewels.com\\\/\",\"name\":\"PureJewels UK\",\"description\":\"Share the Love\",\"publisher\":{\"@id\":\"https:\\\/\\\/www.purejewels.com\\\/#organization\"},\"potentialAction\":[{\"@type\":\"SearchAction\",\"target\":{\"@type\":\"EntryPoint\",\"urlTemplate\":\"https:\\\/\\\/www.purejewels.com\\\/?s={search_term_string}\"},\"query-input\":{\"@type\":\"PropertyValueSpecification\",\"valueRequired\":true,\"valueName\":\"search_term_string\"}}],\"inLanguage\":\"tr\"},{\"@type\":\"Organization\",\"@id\":\"https:\\\/\\\/www.purejewels.com\\\/#organization\",\"name\":\"PureJewels UK\",\"url\":\"https:\\\/\\\/www.purejewels.com\\\/\",\"logo\":{\"@type\":\"ImageObject\",\"inLanguage\":\"tr\",\"@id\":\"https:\\\/\\\/www.purejewels.com\\\/#\\\/schema\\\/logo\\\/image\\\/\",\"url\":\"https:\\\/\\\/static.purejewels.com\\\/wp-content\\\/uploads\\\/2020\\\/11\\\/Logo-PJ-New-1.png\",\"contentUrl\":\"https:\\\/\\\/static.purejewels.com\\\/wp-content\\\/uploads\\\/2020\\\/11\\\/Logo-PJ-New-1.png\",\"width\":150,\"height\":80,\"caption\":\"PureJewels UK\"},\"image\":{\"@id\":\"https:\\\/\\\/www.purejewels.com\\\/#\\\/schema\\\/logo\\\/image\\\/\"}}]}<\/script>\n<!-- \/ Yoast SEO plugin. -->","yoast_head_json":{"title":"22 Ayar Alt\u0131n Halka K\u00fcpe \u0130ngiltere | Klasik G\u00fcnl\u00fck \u015e\u0131kl\u0131k","description":"Zamans\u0131z bir siluet ve \u0131\u015f\u0131lt\u0131l\u0131 bir y\u00fczeyle haz\u0131rlanm\u0131\u015f 22 ayar alt\u0131n halka k\u00fcpeleri ke\u015ffedin. PureJewels UK online ma\u011fazas\u0131nda g\u00fcnl\u00fck \u015f\u0131kl\u0131k i\u00e7in m\u00fckemmel.","robots":{"index":"index","follow":"follow","max-snippet":"max-snippet:-1","max-image-preview":"max-image-preview:large","max-video-preview":"max-video-preview:-1"},"canonical":"https:\/\/www.purejewels.com\/tr\/urun\/22-ayar-altin-halka-kupe-44187\/","og_locale":"tr_TR","og_type":"article","og_title":"22ct Gold Hoop Earrings UK | Classic Everyday Elegance","og_description":"Discover 22ct gold hoop earrings, crafted with a timeless silhouette and radiant finish. Perfect for everyday elegance\u2014shop PureJewels UK online.","og_url":"https:\/\/www.purejewels.com\/tr\/urun\/22-ayar-altin-halka-kupe-44187\/","og_site_name":"PureJewels UK","article_modified_time":"2026-04-29T05:00:05+00:00","og_image":[{"url":"https:\/\/static.purejewels.com\/wp-content\/uploads\/2023\/03\/44187-1.jpg","width":1,"height":1,"type":"image\/jpeg"}],"twitter_card":"summary_large_image","twitter_misc":{"Tahmini okuma s\u00fcresi":"1 dakika"},"schema":{"@context":"https:\/\/schema.org","@graph":[{"@type":["WebPage","ItemPage"],"@id":"https:\/\/www.purejewels.com\/product\/22ct-gold-hoop-earring-44187\/","url":"https:\/\/www.purejewels.com\/product\/22ct-gold-hoop-earring-44187\/","name":"22 Ayar Alt\u0131n Halka K\u00fcpe \u0130ngiltere | Klasik G\u00fcnl\u00fck \u015e\u0131kl\u0131k","isPartOf":{"@id":"https:\/\/www.purejewels.com\/#website"},"primaryImageOfPage":{"@id":"https:\/\/www.purejewels.com\/product\/22ct-gold-hoop-earring-44187\/#primaryimage"},"image":{"@id":"https:\/\/www.purejewels.com\/product\/22ct-gold-hoop-earring-44187\/#primaryimage"},"thumbnailUrl":"https:\/\/static.purejewels.com\/wp-content\/uploads\/2023\/03\/44187-1.jpg","datePublished":"2024-01-03T11:16:51+00:00","dateModified":"2026-04-29T05:00:05+00:00","description":"Zamans\u0131z bir siluet ve \u0131\u015f\u0131lt\u0131l\u0131 bir y\u00fczeyle haz\u0131rlanm\u0131\u015f 22 ayar alt\u0131n halka k\u00fcpeleri ke\u015ffedin. PureJewels UK online ma\u011fazas\u0131nda g\u00fcnl\u00fck \u015f\u0131kl\u0131k i\u00e7in m\u00fckemmel.","breadcrumb":{"@id":"https:\/\/www.purejewels.com\/product\/22ct-gold-hoop-earring-44187\/#breadcrumb"},"inLanguage":"tr","potentialAction":[{"@type":"ReadAction","target":["https:\/\/www.purejewels.com\/product\/22ct-gold-hoop-earring-44187\/"]}]},{"@type":"ImageObject","inLanguage":"tr","@id":"https:\/\/www.purejewels.com\/product\/22ct-gold-hoop-earring-44187\/#primaryimage","url":"https:\/\/static.purejewels.com\/wp-content\/uploads\/2023\/03\/44187-1.jpg","contentUrl":"https:\/\/static.purejewels.com\/wp-content\/uploads\/2023\/03\/44187-1.jpg","caption":"22ct Gold DC Hoop Earring for Ladies"},{"@type":"BreadcrumbList","@id":"https:\/\/www.purejewels.com\/product\/22ct-gold-hoop-earring-44187\/#breadcrumb","itemListElement":[{"@type":"ListItem","position":1,"name":"Home","item":"https:\/\/www.purejewels.com\/"},{"@type":"ListItem","position":2,"name":"Shop","item":"https:\/\/www.purejewels.com\/shop\/"},{"@type":"ListItem","position":3,"name":"22ct Gold Hoop Earring"}]},{"@type":"WebSite","@id":"https:\/\/www.purejewels.com\/#website","url":"https:\/\/www.purejewels.com\/","name":"PureJewels \u0130ngiltere","description":"Sevgiyi Payla\u015f\u0131n","publisher":{"@id":"https:\/\/www.purejewels.com\/#organization"},"potentialAction":[{"@type":"SearchAction","target":{"@type":"EntryPoint","urlTemplate":"https:\/\/www.purejewels.com\/?s={search_term_string}"},"query-input":{"@type":"PropertyValueSpecification","valueRequired":true,"valueName":"search_term_string"}}],"inLanguage":"tr"},{"@type":"Organization","@id":"https:\/\/www.purejewels.com\/#organization","name":"PureJewels \u0130ngiltere","url":"https:\/\/www.purejewels.com\/","logo":{"@type":"ImageObject","inLanguage":"tr","@id":"https:\/\/www.purejewels.com\/#\/schema\/logo\/image\/","url":"https:\/\/static.purejewels.com\/wp-content\/uploads\/2020\/11\/Logo-PJ-New-1.png","contentUrl":"https:\/\/static.purejewels.com\/wp-content\/uploads\/2020\/11\/Logo-PJ-New-1.png","width":150,"height":80,"caption":"PureJewels UK"},"image":{"@id":"https:\/\/www.purejewels.com\/#\/schema\/logo\/image\/"}}]}},"_links":{"self":[{"href":"https:\/\/www.purejewels.com\/tr\/wp-json\/wp\/v2\/product\/358230","targetHints":{"allow":["GET"]}}],"collection":[{"href":"https:\/\/www.purejewels.com\/tr\/wp-json\/wp\/v2\/product"}],"about":[{"href":"https:\/\/www.purejewels.com\/tr\/wp-json\/wp\/v2\/types\/product"}],"replies":[{"embeddable":true,"href":"https:\/\/www.purejewels.com\/tr\/wp-json\/wp\/v2\/comments?post=358230"}],"version-history":[{"count":4,"href":"https:\/\/www.purejewels.com\/tr\/wp-json\/wp\/v2\/product\/358230\/revisions"}],"predecessor-version":[{"id":415656,"href":"https:\/\/www.purejewels.com\/tr\/wp-json\/wp\/v2\/product\/358230\/revisions\/415656"}],"wp:featuredmedia":[{"embeddable":true,"href":"https:\/\/www.purejewels.com\/tr\/wp-json\/wp\/v2\/media\/344811"}],"wp:attachment":[{"href":"https:\/\/www.purejewels.com\/tr\/wp-json\/wp\/v2\/media?parent=358230"}],"wp:term":[{"taxonomy":"product_brand","embeddable":true,"href":"https:\/\/www.purejewels.com\/tr\/wp-json\/wp\/v2\/product_brand?post=358230"},{"taxonomy":"product_cat","embeddable":true,"href":"https:\/\/www.purejewels.com\/tr\/wp-json\/wp\/v2\/product_cat?post=358230"},{"taxonomy":"product_tag","embeddable":true,"href":"https:\/\/www.purejewels.com\/tr\/wp-json\/wp\/v2\/product_tag?post=358230"}],"curies":[{"name":"wp","href":"https:\/\/api.w.org\/{rel}","templated":true}]}}