{"id":358261,"date":"2025-05-23T08:36:13","date_gmt":"2025-05-23T07:36:13","guid":{"rendered":"https:\/\/www.purejewels.com\/?post_type=product&#038;p=358261"},"modified":"2026-03-27T07:14:17","modified_gmt":"2026-03-27T07:14:17","slug":"22-ayar-altin-ejderha-zinciri-52847","status":"publish","type":"product","link":"https:\/\/www.purejewels.com\/tr\/product\/22ct-gold-dragon-chain-52847\/","title":{"rendered":"22 ayar alt\u0131n | Ejderha zinciri | 22 in\u00e7"},"content":{"rendered":"<p data-start=\"506\" data-end=\"888\">Kesinlikle cesur olan 22 ayar Alt\u0131n Ejderha Zinciri \u2013 22 in\u00e7, rafine g\u00fc\u00e7 ve kal\u0131c\u0131 stilin bir ifadesidir. Simgesel olarak bilinen i\u00e7 i\u00e7e ge\u00e7mi\u015f deseniyle <em data-start=\"673\" data-end=\"686\">ejderha ba\u011flant\u0131s\u0131<\/em>, Bu zincir, dokulu y\u00fczeyi ve heykelsi a\u011f\u0131rl\u0131\u011f\u0131yla dikkat \u00e7ekiyor. 22 ayar alt\u0131ndan \u00fcretilen her bir halka, zengin Do\u011fu miras\u0131n\u0131 yans\u0131tan ak\u0131c\u0131 ve dayan\u0131kl\u0131 bir yap\u0131 olu\u015fturmak i\u00e7in \u00f6zenle \u015fekillendirilmi\u015ftir.<\/p>\n<p data-start=\"890\" data-end=\"1180\">Tek ba\u015f\u0131na veya kolye u\u00e7lar\u0131yla birlikte giyilebilen ejderha zinciri, g\u00fc\u00e7, bilgelik ve koruman\u0131n sembol\u00fcd\u00fcr ve k\u00f6kleri Asya'daki k\u00fclt\u00fcrel sembolizmle derin bir ba\u011flant\u0131ya sahiptir. 22 in\u00e7 uzunlu\u011fundaki bu zincir, hem resmi hem de g\u00fcnl\u00fck giyim i\u00e7in uygun, rahat bir orta uzunlukta bir kesim sunar.<\/p>","protected":false},"excerpt":{"rendered":"<p>22 Ayar Alt\u0131n Ejderha Zinciri, rafine bir kenar ile g\u00fcc\u00fc yans\u0131tan \u00e7arp\u0131c\u0131 bir i\u00e7 i\u00e7e ge\u00e7mi\u015f tasar\u0131ma sahiptir. 22 in\u00e7 uzunlu\u011fuyla boyun \u00e7izgisinin alt\u0131na rahat\u00e7a oturur ve g\u00fcnl\u00fck kullan\u0131m veya katmanl\u0131 stil i\u00e7in idealdir. Zengin 22 ayar alt\u0131ndan \u00fcretilmi\u015f olup p\u00fcr\u00fczs\u00fcz cilal\u0131 y\u00fczeyi metalin s\u0131cakl\u0131\u011f\u0131n\u0131 ve derinli\u011fini vurgular. Ejderha tarz\u0131 baklalar yap\u0131 ve hareket aras\u0131nda bir denge olu\u015fturarak hem esneklik hem de zarif bir \u00f6rt\u00fc sunar. \u00c7a\u011fda\u015f bir gard\u0131roba karakter ve i\u015f\u00e7ilik katan ay\u0131rt edici bir zincir.<\/p>\n<p><strong>Malzeme:<\/strong> 22 Ayar Alt\u0131n<br \/>\n<strong>Safl\u0131k:<\/strong> 91.6% saf<br \/>\n<strong>Toka tipi:<\/strong> Istakoz toka<br \/>\n<strong>Hallmark:<\/strong> \u0130ngiliz Damgas\u0131<br \/>\n<strong>Uzunluk:<\/strong> 22 in\u00e7<br \/>\n<strong>Geni\u015flik:<\/strong> 1,6 mm<br \/>\n<strong>Br\u00fct A\u011f\u0131rl\u0131k:<\/strong> 8.7 Gms<br \/>\n<strong>SKU:<\/strong> 52847<\/p>\n<p>Fiyat ve Teslimat: KDV ve teslimat \u00fccretleri dahil<br \/>\n<a href=\"https:\/\/www.purejewels.com\/tr\/i%cc%87ade-poli%cc%87ti%cc%87kasi\/\"><strong>\u0130ade Politikas\u0131<\/strong><\/a><\/p>","protected":false},"featured_media":327596,"comment_status":"closed","ping_status":"closed","template":"","meta":{"_eb_attr":"","_crsspst_to_jayantr4sg-hostcom":true},"product_brand":[],"product_cat":[5016,5019,5584,1571,1475,1229,1773,1572,1774,1574,5349],"product_tag":[3990,65],"class_list":{"0":"post-358261","1":"product","2":"type-product","3":"status-publish","4":"has-post-thumbnail","6":"product_cat-22-inch-ladies-chain","7":"product_cat-22-inch-mens-chain","8":"product_cat-dragon-chain","9":"product_cat-fathers-day-gifts","10":"product_cat-gold-chains","11":"product_cat-22ct-gold-jewellery","12":"product_cat-ladies-chains","13":"product_cat-mens-jewellery","14":"product_cat-mens-chains","15":"product_cat-womens-jewellery","16":"product_cat-yellow-gold-jewellery","17":"product_tag-22-carat-gold-chain","18":"product_tag-chains","20":"first","21":"instock","22":"taxable","23":"shipping-taxable","24":"purchasable","25":"product-type-simple","26":"add-to-wishlist-before_image"},"yoast_head":"<!-- This site is optimized with the Yoast SEO plugin v27.5 - https:\/\/yoast.com\/product\/yoast-seo-wordpress\/ -->\n<title>22ct Gold Dragon Chain for Men and Women<\/title>\n<meta name=\"description\" content=\"Discover the exquisite elegance of our 22ct Gold Dragon Chain, meticulously crafted for both men and women. Elevate your style with this stunning accessory\" \/>\n<meta name=\"robots\" content=\"index, follow, max-snippet:-1, max-image-preview:large, max-video-preview:-1\" \/>\n<link rel=\"canonical\" href=\"https:\/\/www.purejewels.com\/tr\/urun\/22-ayar-altin-ejderha-zinciri-52847\/\" \/>\n<meta property=\"og:locale\" content=\"tr_TR\" \/>\n<meta property=\"og:type\" content=\"article\" \/>\n<meta property=\"og:title\" content=\"22ct Gold Dragon Chain for Men and Women\" \/>\n<meta property=\"og:description\" content=\"Discover the exquisite elegance of our 22ct Gold Dragon Chain, meticulously crafted for both men and women. Elevate your style with this stunning accessory\" \/>\n<meta property=\"og:url\" content=\"https:\/\/www.purejewels.com\/tr\/urun\/22-ayar-altin-ejderha-zinciri-52847\/\" \/>\n<meta property=\"og:site_name\" content=\"PureJewels UK\" \/>\n<meta property=\"article:modified_time\" content=\"2026-03-27T07:14:17+00:00\" \/>\n<meta property=\"og:image\" content=\"https:\/\/static.purejewels.com\/wp-content\/uploads\/2021\/10\/34347-1.jpg\" \/>\n\t<meta property=\"og:image:width\" content=\"1000\" \/>\n\t<meta property=\"og:image:height\" content=\"1000\" \/>\n\t<meta property=\"og:image:type\" content=\"image\/jpeg\" \/>\n<meta name=\"twitter:card\" content=\"summary_large_image\" \/>\n<meta name=\"twitter:label1\" content=\"Tahmini okuma s\u00fcresi\" \/>\n\t<meta name=\"twitter:data1\" content=\"1 dakika\" \/>\n<script type=\"application\/ld+json\" class=\"yoast-schema-graph\">{\"@context\":\"https:\\\/\\\/schema.org\",\"@graph\":[{\"@type\":[\"WebPage\",\"ItemPage\"],\"@id\":\"https:\\\/\\\/www.purejewels.com\\\/product\\\/22ct-gold-dragon-chain-52847\\\/\",\"url\":\"https:\\\/\\\/www.purejewels.com\\\/product\\\/22ct-gold-dragon-chain-52847\\\/\",\"name\":\"22ct Gold Dragon Chain for Men and Women\",\"isPartOf\":{\"@id\":\"https:\\\/\\\/www.purejewels.com\\\/#website\"},\"primaryImageOfPage\":{\"@id\":\"https:\\\/\\\/www.purejewels.com\\\/product\\\/22ct-gold-dragon-chain-52847\\\/#primaryimage\"},\"image\":{\"@id\":\"https:\\\/\\\/www.purejewels.com\\\/product\\\/22ct-gold-dragon-chain-52847\\\/#primaryimage\"},\"thumbnailUrl\":\"https:\\\/\\\/static.purejewels.com\\\/wp-content\\\/uploads\\\/2021\\\/10\\\/34347-1.jpg\",\"datePublished\":\"2025-05-23T07:36:13+00:00\",\"dateModified\":\"2026-03-27T07:14:17+00:00\",\"description\":\"Discover the exquisite elegance of our 22ct Gold Dragon Chain, meticulously crafted for both men and women. Elevate your style with this stunning accessory\",\"breadcrumb\":{\"@id\":\"https:\\\/\\\/www.purejewels.com\\\/product\\\/22ct-gold-dragon-chain-52847\\\/#breadcrumb\"},\"inLanguage\":\"tr\",\"potentialAction\":[{\"@type\":\"ReadAction\",\"target\":[\"https:\\\/\\\/www.purejewels.com\\\/product\\\/22ct-gold-dragon-chain-52847\\\/\"]}]},{\"@type\":\"ImageObject\",\"inLanguage\":\"tr\",\"@id\":\"https:\\\/\\\/www.purejewels.com\\\/product\\\/22ct-gold-dragon-chain-52847\\\/#primaryimage\",\"url\":\"https:\\\/\\\/static.purejewels.com\\\/wp-content\\\/uploads\\\/2021\\\/10\\\/34347-1.jpg\",\"contentUrl\":\"https:\\\/\\\/static.purejewels.com\\\/wp-content\\\/uploads\\\/2021\\\/10\\\/34347-1.jpg\",\"width\":1000,\"height\":1000,\"caption\":\"22ct Gold Dragon Chain 34347-1\"},{\"@type\":\"BreadcrumbList\",\"@id\":\"https:\\\/\\\/www.purejewels.com\\\/product\\\/22ct-gold-dragon-chain-52847\\\/#breadcrumb\",\"itemListElement\":[{\"@type\":\"ListItem\",\"position\":1,\"name\":\"Home\",\"item\":\"https:\\\/\\\/www.purejewels.com\\\/\"},{\"@type\":\"ListItem\",\"position\":2,\"name\":\"Shop\",\"item\":\"https:\\\/\\\/www.purejewels.com\\\/shop\\\/\"},{\"@type\":\"ListItem\",\"position\":3,\"name\":\"22ct Gold | Dragon Chain | 22 Inches\"}]},{\"@type\":\"WebSite\",\"@id\":\"https:\\\/\\\/www.purejewels.com\\\/#website\",\"url\":\"https:\\\/\\\/www.purejewels.com\\\/\",\"name\":\"PureJewels UK\",\"description\":\"Share the Love\",\"publisher\":{\"@id\":\"https:\\\/\\\/www.purejewels.com\\\/#organization\"},\"potentialAction\":[{\"@type\":\"SearchAction\",\"target\":{\"@type\":\"EntryPoint\",\"urlTemplate\":\"https:\\\/\\\/www.purejewels.com\\\/?s={search_term_string}\"},\"query-input\":{\"@type\":\"PropertyValueSpecification\",\"valueRequired\":true,\"valueName\":\"search_term_string\"}}],\"inLanguage\":\"tr\"},{\"@type\":\"Organization\",\"@id\":\"https:\\\/\\\/www.purejewels.com\\\/#organization\",\"name\":\"PureJewels UK\",\"url\":\"https:\\\/\\\/www.purejewels.com\\\/\",\"logo\":{\"@type\":\"ImageObject\",\"inLanguage\":\"tr\",\"@id\":\"https:\\\/\\\/www.purejewels.com\\\/#\\\/schema\\\/logo\\\/image\\\/\",\"url\":\"https:\\\/\\\/static.purejewels.com\\\/wp-content\\\/uploads\\\/2020\\\/11\\\/Logo-PJ-New-1.png\",\"contentUrl\":\"https:\\\/\\\/static.purejewels.com\\\/wp-content\\\/uploads\\\/2020\\\/11\\\/Logo-PJ-New-1.png\",\"width\":150,\"height\":80,\"caption\":\"PureJewels UK\"},\"image\":{\"@id\":\"https:\\\/\\\/www.purejewels.com\\\/#\\\/schema\\\/logo\\\/image\\\/\"}}]}<\/script>\n<!-- \/ Yoast SEO plugin. -->","yoast_head_json":{"title":"Erkekler ve Kad\u0131nlar i\u00e7in 22 Ayar Alt\u0131n Ejderha Zinciri","description":"Hem erkekler hem de kad\u0131nlar i\u00e7in titizlikle haz\u0131rlanm\u0131\u015f 22 Ayar Alt\u0131n Ejderha Zincirimizin zarif zarafetini ke\u015ffedin. Bu \u00e7arp\u0131c\u0131 aksesuarla stilinizi y\u00fckseltin","robots":{"index":"index","follow":"follow","max-snippet":"max-snippet:-1","max-image-preview":"max-image-preview:large","max-video-preview":"max-video-preview:-1"},"canonical":"https:\/\/www.purejewels.com\/tr\/urun\/22-ayar-altin-ejderha-zinciri-52847\/","og_locale":"tr_TR","og_type":"article","og_title":"22ct Gold Dragon Chain for Men and Women","og_description":"Discover the exquisite elegance of our 22ct Gold Dragon Chain, meticulously crafted for both men and women. Elevate your style with this stunning accessory","og_url":"https:\/\/www.purejewels.com\/tr\/urun\/22-ayar-altin-ejderha-zinciri-52847\/","og_site_name":"PureJewels UK","article_modified_time":"2026-03-27T07:14:17+00:00","og_image":[{"width":1000,"height":1000,"url":"https:\/\/static.purejewels.com\/wp-content\/uploads\/2021\/10\/34347-1.jpg","type":"image\/jpeg"}],"twitter_card":"summary_large_image","twitter_misc":{"Tahmini okuma s\u00fcresi":"1 dakika"},"schema":{"@context":"https:\/\/schema.org","@graph":[{"@type":["WebPage","ItemPage"],"@id":"https:\/\/www.purejewels.com\/product\/22ct-gold-dragon-chain-52847\/","url":"https:\/\/www.purejewels.com\/product\/22ct-gold-dragon-chain-52847\/","name":"Erkekler ve Kad\u0131nlar i\u00e7in 22 Ayar Alt\u0131n Ejderha Zinciri","isPartOf":{"@id":"https:\/\/www.purejewels.com\/#website"},"primaryImageOfPage":{"@id":"https:\/\/www.purejewels.com\/product\/22ct-gold-dragon-chain-52847\/#primaryimage"},"image":{"@id":"https:\/\/www.purejewels.com\/product\/22ct-gold-dragon-chain-52847\/#primaryimage"},"thumbnailUrl":"https:\/\/static.purejewels.com\/wp-content\/uploads\/2021\/10\/34347-1.jpg","datePublished":"2025-05-23T07:36:13+00:00","dateModified":"2026-03-27T07:14:17+00:00","description":"Hem erkekler hem de kad\u0131nlar i\u00e7in titizlikle haz\u0131rlanm\u0131\u015f 22 Ayar Alt\u0131n Ejderha Zincirimizin zarif zarafetini ke\u015ffedin. Bu \u00e7arp\u0131c\u0131 aksesuarla stilinizi y\u00fckseltin","breadcrumb":{"@id":"https:\/\/www.purejewels.com\/product\/22ct-gold-dragon-chain-52847\/#breadcrumb"},"inLanguage":"tr","potentialAction":[{"@type":"ReadAction","target":["https:\/\/www.purejewels.com\/product\/22ct-gold-dragon-chain-52847\/"]}]},{"@type":"ImageObject","inLanguage":"tr","@id":"https:\/\/www.purejewels.com\/product\/22ct-gold-dragon-chain-52847\/#primaryimage","url":"https:\/\/static.purejewels.com\/wp-content\/uploads\/2021\/10\/34347-1.jpg","contentUrl":"https:\/\/static.purejewels.com\/wp-content\/uploads\/2021\/10\/34347-1.jpg","width":1000,"height":1000,"caption":"22ct Gold Dragon Chain 34347-1"},{"@type":"BreadcrumbList","@id":"https:\/\/www.purejewels.com\/product\/22ct-gold-dragon-chain-52847\/#breadcrumb","itemListElement":[{"@type":"ListItem","position":1,"name":"Home","item":"https:\/\/www.purejewels.com\/"},{"@type":"ListItem","position":2,"name":"Shop","item":"https:\/\/www.purejewels.com\/shop\/"},{"@type":"ListItem","position":3,"name":"22ct Gold | Dragon Chain | 22 Inches"}]},{"@type":"WebSite","@id":"https:\/\/www.purejewels.com\/#website","url":"https:\/\/www.purejewels.com\/","name":"PureJewels \u0130ngiltere","description":"Sevgiyi Payla\u015f\u0131n","publisher":{"@id":"https:\/\/www.purejewels.com\/#organization"},"potentialAction":[{"@type":"SearchAction","target":{"@type":"EntryPoint","urlTemplate":"https:\/\/www.purejewels.com\/?s={search_term_string}"},"query-input":{"@type":"PropertyValueSpecification","valueRequired":true,"valueName":"search_term_string"}}],"inLanguage":"tr"},{"@type":"Organization","@id":"https:\/\/www.purejewels.com\/#organization","name":"PureJewels \u0130ngiltere","url":"https:\/\/www.purejewels.com\/","logo":{"@type":"ImageObject","inLanguage":"tr","@id":"https:\/\/www.purejewels.com\/#\/schema\/logo\/image\/","url":"https:\/\/static.purejewels.com\/wp-content\/uploads\/2020\/11\/Logo-PJ-New-1.png","contentUrl":"https:\/\/static.purejewels.com\/wp-content\/uploads\/2020\/11\/Logo-PJ-New-1.png","width":150,"height":80,"caption":"PureJewels UK"},"image":{"@id":"https:\/\/www.purejewels.com\/#\/schema\/logo\/image\/"}}]}},"_links":{"self":[{"href":"https:\/\/www.purejewels.com\/tr\/wp-json\/wp\/v2\/product\/358261","targetHints":{"allow":["GET"]}}],"collection":[{"href":"https:\/\/www.purejewels.com\/tr\/wp-json\/wp\/v2\/product"}],"about":[{"href":"https:\/\/www.purejewels.com\/tr\/wp-json\/wp\/v2\/types\/product"}],"replies":[{"embeddable":true,"href":"https:\/\/www.purejewels.com\/tr\/wp-json\/wp\/v2\/comments?post=358261"}],"version-history":[{"count":5,"href":"https:\/\/www.purejewels.com\/tr\/wp-json\/wp\/v2\/product\/358261\/revisions"}],"predecessor-version":[{"id":427284,"href":"https:\/\/www.purejewels.com\/tr\/wp-json\/wp\/v2\/product\/358261\/revisions\/427284"}],"wp:featuredmedia":[{"embeddable":true,"href":"https:\/\/www.purejewels.com\/tr\/wp-json\/wp\/v2\/media\/327596"}],"wp:attachment":[{"href":"https:\/\/www.purejewels.com\/tr\/wp-json\/wp\/v2\/media?parent=358261"}],"wp:term":[{"taxonomy":"product_brand","embeddable":true,"href":"https:\/\/www.purejewels.com\/tr\/wp-json\/wp\/v2\/product_brand?post=358261"},{"taxonomy":"product_cat","embeddable":true,"href":"https:\/\/www.purejewels.com\/tr\/wp-json\/wp\/v2\/product_cat?post=358261"},{"taxonomy":"product_tag","embeddable":true,"href":"https:\/\/www.purejewels.com\/tr\/wp-json\/wp\/v2\/product_tag?post=358261"}],"curies":[{"name":"wp","href":"https:\/\/api.w.org\/{rel}","templated":true}]}}