{"id":358298,"date":"2024-03-05T06:38:26","date_gmt":"2024-03-05T06:38:26","guid":{"rendered":"https:\/\/www.purejewels.com\/?post_type=product&#038;p=358298"},"modified":"2025-05-22T11:25:28","modified_gmt":"2025-05-22T10:25:28","slug":"22-ayar-sari-altin-cz-tasli-fantezi-citcit-46572","status":"publish","type":"product","link":"https:\/\/www.purejewels.com\/tr\/product\/22ct-yellow-gold-fancy-studs-with-cz-stones-46572\/","title":{"rendered":"CZ Ta\u015fl\u0131 22 Ayar Sar\u0131 Alt\u0131n Fantezi \u00c7\u0131t\u00e7\u0131t"},"content":{"rendered":"<ul>\n<li>sku 46572<\/li>\n<li><b>Aral\u0131k Kimli\u011fi: YGER869<\/b><\/li>\n<\/ul>","protected":false},"excerpt":{"rendered":"<table class=\"sh_desc\">\n<tbody>\n<tr>\n<td>K\u00fcpe T\u00fcr\u00fc<\/td>\n<td>CZ Saplama K\u00fcpe<\/td>\n<\/tr>\n<tr>\n<td>SKU<\/td>\n<td>46572<\/td>\n<\/tr>\n<tr>\n<td>A\u011f\u0131rl\u0131k<\/td>\n<td>2.6Gms<\/td>\n<\/tr>\n<tr>\n<td>Metal<\/td>\n<td>22 Ayar Alt\u0131n<\/td>\n<\/tr>\n<tr>\n<td>\u00dccretler<\/td>\n<td>Teslimat ve KDV Dahil<\/td>\n<\/tr>\n<tr>\n<td>Paketleme<\/td>\n<td>Sunum Kutusu ile Birlikte Gelir<\/td>\n<\/tr>\n<tr>\n<td>Daha Fazla Bilgi<\/td>\n<td>M\u00fccevher Noel Hediyesi'nin kullan\u0131labilirli\u011fi ve daha fazla g\u00f6r\u00fcnt\u00fcs\u00fc i\u00e7in bizimle canl\u0131 sohbet edin<\/td>\n<\/tr>\n<\/tbody>\n<\/table>","protected":false},"featured_media":358299,"comment_status":"closed","ping_status":"closed","template":"","meta":{"_eb_attr":"","_crsspst_to_jayantr4sg-hostcom":true},"product_brand":[],"product_cat":[5682,1791,1559,1794,1793,1792,1790,1254,5344,1570,1577,1575,1569,1573,1574,5349],"product_tag":[1430,66],"class_list":{"0":"post-358298","1":"product","2":"type-product","3":"status-publish","4":"has-post-thumbnail","6":"product_cat-22ct-gold-multi-cz-earrring","7":"product_cat-anniversary-gifts","8":"product_cat-birthday-gifts","9":"product_cat-christmas-gifts","10":"product_cat-diwali-gifts","11":"product_cat-festival-gifts","12":"product_cat-for-whom-when","13":"product_cat-gold-earrings","14":"product_cat-jewellery-under-750","15":"product_cat-mothers-day-gifts","16":"product_cat-stud-earrings","17":"product_cat-teenage-jewellery","18":"product_cat-valentine-day-gifts","19":"product_cat-wedding-gifts","20":"product_cat-womens-jewellery","21":"product_cat-yellow-gold-jewellery","22":"product_tag-diwali-gift","23":"product_tag-earrings","25":"first","26":"outofstock","27":"sale","28":"taxable","29":"shipping-taxable","30":"product-type-simple","31":"add-to-wishlist-before_image"},"yoast_head":"<!-- This site is optimized with the Yoast SEO plugin v27.3 - https:\/\/yoast.com\/product\/yoast-seo-wordpress\/ -->\n<title>22ct Gold CZ Stones Studs | Office wear Studs | PureJewels.com<\/title>\n<meta name=\"description\" content=\"Shop 22ct Yellow Gold Studs | Daily wear Studs Online In 22ct Gold | Buy Latest Design Studs Online in UK | Fast Delivery across UK.\" \/>\n<meta name=\"robots\" content=\"index, follow, max-snippet:-1, max-image-preview:large, max-video-preview:-1\" \/>\n<link rel=\"canonical\" href=\"https:\/\/www.purejewels.com\/tr\/urun\/22-ayar-sari-altin-cz-tasli-fantezi-citcit-46572\/\" \/>\n<meta property=\"og:locale\" content=\"tr_TR\" \/>\n<meta property=\"og:type\" content=\"article\" \/>\n<meta property=\"og:title\" content=\"22ct Gold CZ Stones Studs | Office wear Studs | PureJewels.com\" \/>\n<meta property=\"og:description\" content=\"Shop 22ct Yellow Gold Studs | Daily wear Studs Online In 22ct Gold | Buy Latest Design Studs Online in UK | Fast Delivery across UK.\" \/>\n<meta property=\"og:url\" content=\"https:\/\/www.purejewels.com\/tr\/urun\/22-ayar-sari-altin-cz-tasli-fantezi-citcit-46572\/\" \/>\n<meta property=\"og:site_name\" content=\"PureJewels UK\" \/>\n<meta property=\"article:modified_time\" content=\"2025-05-22T10:25:28+00:00\" \/>\n<meta property=\"og:image\" content=\"https:\/\/www.purejewels.com\/wp-content\/uploads\/2024\/03\/IMG_2642.jpeg\" \/>\n\t<meta property=\"og:image:width\" content=\"1\" \/>\n\t<meta property=\"og:image:height\" content=\"1\" \/>\n\t<meta property=\"og:image:type\" content=\"image\/jpeg\" \/>\n<meta name=\"twitter:card\" content=\"summary_large_image\" \/>\n<meta name=\"twitter:label1\" content=\"Tahmini okuma s\u00fcresi\" \/>\n\t<meta name=\"twitter:data1\" content=\"1 dakika\" \/>\n<script type=\"application\/ld+json\" class=\"yoast-schema-graph\">{\"@context\":\"https:\\\/\\\/schema.org\",\"@graph\":[{\"@type\":[\"WebPage\",\"ItemPage\"],\"@id\":\"https:\\\/\\\/www.purejewels.com\\\/product\\\/22ct-yellow-gold-fancy-studs-with-cz-stones-46572\\\/\",\"url\":\"https:\\\/\\\/www.purejewels.com\\\/product\\\/22ct-yellow-gold-fancy-studs-with-cz-stones-46572\\\/\",\"name\":\"22ct Gold CZ Stones Studs | Office wear Studs | PureJewels.com\",\"isPartOf\":{\"@id\":\"https:\\\/\\\/www.purejewels.com\\\/#website\"},\"primaryImageOfPage\":{\"@id\":\"https:\\\/\\\/www.purejewels.com\\\/product\\\/22ct-yellow-gold-fancy-studs-with-cz-stones-46572\\\/#primaryimage\"},\"image\":{\"@id\":\"https:\\\/\\\/www.purejewels.com\\\/product\\\/22ct-yellow-gold-fancy-studs-with-cz-stones-46572\\\/#primaryimage\"},\"thumbnailUrl\":\"https:\\\/\\\/static.purejewels.com\\\/wp-content\\\/uploads\\\/2024\\\/03\\\/IMG_2642.jpeg\",\"datePublished\":\"2024-03-05T06:38:26+00:00\",\"dateModified\":\"2025-05-22T10:25:28+00:00\",\"description\":\"Shop 22ct Yellow Gold Studs | Daily wear Studs Online In 22ct Gold | Buy Latest Design Studs Online in UK | Fast Delivery across UK.\",\"breadcrumb\":{\"@id\":\"https:\\\/\\\/www.purejewels.com\\\/product\\\/22ct-yellow-gold-fancy-studs-with-cz-stones-46572\\\/#breadcrumb\"},\"inLanguage\":\"tr\",\"potentialAction\":[{\"@type\":\"ReadAction\",\"target\":[\"https:\\\/\\\/www.purejewels.com\\\/product\\\/22ct-yellow-gold-fancy-studs-with-cz-stones-46572\\\/\"]}]},{\"@type\":\"ImageObject\",\"inLanguage\":\"tr\",\"@id\":\"https:\\\/\\\/www.purejewels.com\\\/product\\\/22ct-yellow-gold-fancy-studs-with-cz-stones-46572\\\/#primaryimage\",\"url\":\"https:\\\/\\\/static.purejewels.com\\\/wp-content\\\/uploads\\\/2024\\\/03\\\/IMG_2642.jpeg\",\"contentUrl\":\"https:\\\/\\\/static.purejewels.com\\\/wp-content\\\/uploads\\\/2024\\\/03\\\/IMG_2642.jpeg\",\"caption\":\"22ct Yellow Gold Fancy Studs with CZ Stones 46572\"},{\"@type\":\"BreadcrumbList\",\"@id\":\"https:\\\/\\\/www.purejewels.com\\\/product\\\/22ct-yellow-gold-fancy-studs-with-cz-stones-46572\\\/#breadcrumb\",\"itemListElement\":[{\"@type\":\"ListItem\",\"position\":1,\"name\":\"Home\",\"item\":\"https:\\\/\\\/www.purejewels.com\\\/\"},{\"@type\":\"ListItem\",\"position\":2,\"name\":\"Shop\",\"item\":\"https:\\\/\\\/www.purejewels.com\\\/shop\\\/\"},{\"@type\":\"ListItem\",\"position\":3,\"name\":\"22ct Yellow Gold Fancy Studs with CZ Stones\"}]},{\"@type\":\"WebSite\",\"@id\":\"https:\\\/\\\/www.purejewels.com\\\/#website\",\"url\":\"https:\\\/\\\/www.purejewels.com\\\/\",\"name\":\"PureJewels UK\",\"description\":\"Share the Love\",\"publisher\":{\"@id\":\"https:\\\/\\\/www.purejewels.com\\\/#organization\"},\"potentialAction\":[{\"@type\":\"SearchAction\",\"target\":{\"@type\":\"EntryPoint\",\"urlTemplate\":\"https:\\\/\\\/www.purejewels.com\\\/?s={search_term_string}\"},\"query-input\":{\"@type\":\"PropertyValueSpecification\",\"valueRequired\":true,\"valueName\":\"search_term_string\"}}],\"inLanguage\":\"tr\"},{\"@type\":\"Organization\",\"@id\":\"https:\\\/\\\/www.purejewels.com\\\/#organization\",\"name\":\"PureJewels UK\",\"url\":\"https:\\\/\\\/www.purejewels.com\\\/\",\"logo\":{\"@type\":\"ImageObject\",\"inLanguage\":\"tr\",\"@id\":\"https:\\\/\\\/www.purejewels.com\\\/#\\\/schema\\\/logo\\\/image\\\/\",\"url\":\"https:\\\/\\\/static.purejewels.com\\\/wp-content\\\/uploads\\\/2020\\\/11\\\/Logo-PJ-New-1.png\",\"contentUrl\":\"https:\\\/\\\/static.purejewels.com\\\/wp-content\\\/uploads\\\/2020\\\/11\\\/Logo-PJ-New-1.png\",\"width\":150,\"height\":80,\"caption\":\"PureJewels UK\"},\"image\":{\"@id\":\"https:\\\/\\\/www.purejewels.com\\\/#\\\/schema\\\/logo\\\/image\\\/\"}}]}<\/script>\n<!-- \/ Yoast SEO plugin. -->","yoast_head_json":{"title":"22 Ayar Alt\u0131n CZ Ta\u015fl\u0131 \u00c7\u0131t\u00e7\u0131t | Ofis Giyim \u00c7\u0131t\u00e7\u0131tlar\u0131 | PureJewels.com","description":"22 Ayar Sar\u0131 Alt\u0131n \u00c7\u0131t\u00e7\u0131t Al\u0131\u015fveri\u015fi | 22 Ayar Alt\u0131n G\u00fcnl\u00fck Giyim \u00c7\u0131t\u00e7\u0131tlar\u0131 | \u0130ngiltere'de En Son Tasar\u0131m \u00c7\u0131t\u00e7\u0131tlar\u0131 Online Sat\u0131n Al\u0131n | \u0130ngiltere genelinde H\u0131zl\u0131 Teslimat.","robots":{"index":"index","follow":"follow","max-snippet":"max-snippet:-1","max-image-preview":"max-image-preview:large","max-video-preview":"max-video-preview:-1"},"canonical":"https:\/\/www.purejewels.com\/tr\/urun\/22-ayar-sari-altin-cz-tasli-fantezi-citcit-46572\/","og_locale":"tr_TR","og_type":"article","og_title":"22ct Gold CZ Stones Studs | Office wear Studs | PureJewels.com","og_description":"Shop 22ct Yellow Gold Studs | Daily wear Studs Online In 22ct Gold | Buy Latest Design Studs Online in UK | Fast Delivery across UK.","og_url":"https:\/\/www.purejewels.com\/tr\/urun\/22-ayar-sari-altin-cz-tasli-fantezi-citcit-46572\/","og_site_name":"PureJewels UK","article_modified_time":"2025-05-22T10:25:28+00:00","og_image":[{"url":"https:\/\/www.purejewels.com\/wp-content\/uploads\/2024\/03\/IMG_2642.jpeg","width":1,"height":1,"type":"image\/jpeg"}],"twitter_card":"summary_large_image","twitter_misc":{"Tahmini okuma s\u00fcresi":"1 dakika"},"schema":{"@context":"https:\/\/schema.org","@graph":[{"@type":["WebPage","ItemPage"],"@id":"https:\/\/www.purejewels.com\/product\/22ct-yellow-gold-fancy-studs-with-cz-stones-46572\/","url":"https:\/\/www.purejewels.com\/product\/22ct-yellow-gold-fancy-studs-with-cz-stones-46572\/","name":"22 Ayar Alt\u0131n CZ Ta\u015fl\u0131 \u00c7\u0131t\u00e7\u0131t | Ofis Giyim \u00c7\u0131t\u00e7\u0131tlar\u0131 | PureJewels.com","isPartOf":{"@id":"https:\/\/www.purejewels.com\/#website"},"primaryImageOfPage":{"@id":"https:\/\/www.purejewels.com\/product\/22ct-yellow-gold-fancy-studs-with-cz-stones-46572\/#primaryimage"},"image":{"@id":"https:\/\/www.purejewels.com\/product\/22ct-yellow-gold-fancy-studs-with-cz-stones-46572\/#primaryimage"},"thumbnailUrl":"https:\/\/static.purejewels.com\/wp-content\/uploads\/2024\/03\/IMG_2642.jpeg","datePublished":"2024-03-05T06:38:26+00:00","dateModified":"2025-05-22T10:25:28+00:00","description":"22 Ayar Sar\u0131 Alt\u0131n \u00c7\u0131t\u00e7\u0131t Al\u0131\u015fveri\u015fi | 22 Ayar Alt\u0131n G\u00fcnl\u00fck Giyim \u00c7\u0131t\u00e7\u0131tlar\u0131 | \u0130ngiltere'de En Son Tasar\u0131m \u00c7\u0131t\u00e7\u0131tlar\u0131 Online Sat\u0131n Al\u0131n | \u0130ngiltere genelinde H\u0131zl\u0131 Teslimat.","breadcrumb":{"@id":"https:\/\/www.purejewels.com\/product\/22ct-yellow-gold-fancy-studs-with-cz-stones-46572\/#breadcrumb"},"inLanguage":"tr","potentialAction":[{"@type":"ReadAction","target":["https:\/\/www.purejewels.com\/product\/22ct-yellow-gold-fancy-studs-with-cz-stones-46572\/"]}]},{"@type":"ImageObject","inLanguage":"tr","@id":"https:\/\/www.purejewels.com\/product\/22ct-yellow-gold-fancy-studs-with-cz-stones-46572\/#primaryimage","url":"https:\/\/static.purejewels.com\/wp-content\/uploads\/2024\/03\/IMG_2642.jpeg","contentUrl":"https:\/\/static.purejewels.com\/wp-content\/uploads\/2024\/03\/IMG_2642.jpeg","caption":"22ct Yellow Gold Fancy Studs with CZ Stones 46572"},{"@type":"BreadcrumbList","@id":"https:\/\/www.purejewels.com\/product\/22ct-yellow-gold-fancy-studs-with-cz-stones-46572\/#breadcrumb","itemListElement":[{"@type":"ListItem","position":1,"name":"Home","item":"https:\/\/www.purejewels.com\/"},{"@type":"ListItem","position":2,"name":"Shop","item":"https:\/\/www.purejewels.com\/shop\/"},{"@type":"ListItem","position":3,"name":"22ct Yellow Gold Fancy Studs with CZ Stones"}]},{"@type":"WebSite","@id":"https:\/\/www.purejewels.com\/#website","url":"https:\/\/www.purejewels.com\/","name":"PureJewels \u0130ngiltere","description":"Sevgiyi Payla\u015f\u0131n","publisher":{"@id":"https:\/\/www.purejewels.com\/#organization"},"potentialAction":[{"@type":"SearchAction","target":{"@type":"EntryPoint","urlTemplate":"https:\/\/www.purejewels.com\/?s={search_term_string}"},"query-input":{"@type":"PropertyValueSpecification","valueRequired":true,"valueName":"search_term_string"}}],"inLanguage":"tr"},{"@type":"Organization","@id":"https:\/\/www.purejewels.com\/#organization","name":"PureJewels \u0130ngiltere","url":"https:\/\/www.purejewels.com\/","logo":{"@type":"ImageObject","inLanguage":"tr","@id":"https:\/\/www.purejewels.com\/#\/schema\/logo\/image\/","url":"https:\/\/static.purejewels.com\/wp-content\/uploads\/2020\/11\/Logo-PJ-New-1.png","contentUrl":"https:\/\/static.purejewels.com\/wp-content\/uploads\/2020\/11\/Logo-PJ-New-1.png","width":150,"height":80,"caption":"PureJewels UK"},"image":{"@id":"https:\/\/www.purejewels.com\/#\/schema\/logo\/image\/"}}]}},"_links":{"self":[{"href":"https:\/\/www.purejewels.com\/tr\/wp-json\/wp\/v2\/product\/358298","targetHints":{"allow":["GET"]}}],"collection":[{"href":"https:\/\/www.purejewels.com\/tr\/wp-json\/wp\/v2\/product"}],"about":[{"href":"https:\/\/www.purejewels.com\/tr\/wp-json\/wp\/v2\/types\/product"}],"replies":[{"embeddable":true,"href":"https:\/\/www.purejewels.com\/tr\/wp-json\/wp\/v2\/comments?post=358298"}],"version-history":[{"count":1,"href":"https:\/\/www.purejewels.com\/tr\/wp-json\/wp\/v2\/product\/358298\/revisions"}],"predecessor-version":[{"id":361656,"href":"https:\/\/www.purejewels.com\/tr\/wp-json\/wp\/v2\/product\/358298\/revisions\/361656"}],"wp:featuredmedia":[{"embeddable":true,"href":"https:\/\/www.purejewels.com\/tr\/wp-json\/wp\/v2\/media\/358299"}],"wp:attachment":[{"href":"https:\/\/www.purejewels.com\/tr\/wp-json\/wp\/v2\/media?parent=358298"}],"wp:term":[{"taxonomy":"product_brand","embeddable":true,"href":"https:\/\/www.purejewels.com\/tr\/wp-json\/wp\/v2\/product_brand?post=358298"},{"taxonomy":"product_cat","embeddable":true,"href":"https:\/\/www.purejewels.com\/tr\/wp-json\/wp\/v2\/product_cat?post=358298"},{"taxonomy":"product_tag","embeddable":true,"href":"https:\/\/www.purejewels.com\/tr\/wp-json\/wp\/v2\/product_tag?post=358298"}],"curies":[{"name":"wp","href":"https:\/\/api.w.org\/{rel}","templated":true}]}}