{"id":358444,"date":"2024-03-07T05:30:04","date_gmt":"2024-03-07T05:30:04","guid":{"rendered":"https:\/\/www.purejewels.com\/?post_type=product&#038;p=358444"},"modified":"2026-01-30T07:58:56","modified_gmt":"2026-01-30T07:58:56","slug":"22-ayar-altin-kupe-armari-collection-47392","status":"publish","type":"product","link":"https:\/\/www.purejewels.com\/tr\/product\/22ct-gold-earring-armari-collection-47392\/","title":{"rendered":"22 Ayar Alt\u0131n K\u00fcpe Armari Koleksiyonu"},"content":{"rendered":"<p>Kendinizi bu b\u00fcy\u00fcleyici g\u00fczelliklere b\u0131rak\u0131n <a href=\"https:\/\/www.purejewels.com\/tr\/product\/22ct-gold-antique-stud-49642\/\">22 ayar alt\u0131n<\/a> <a href=\"https:\/\/www.purejewels.com\/tr\/product\/22ct-gold-oval-drop-earrings-rhodium-finish\/\">damla k\u00fcpeler<\/a>'nin bir par\u00e7as\u0131 olarak titiz detaylarla \u00fcretilmi\u015ftir. <a href=\"https:\/\/www.purejewels.com\/tr\/product\/22ct-gold-armari-collection-stud-antique-finish-49172\/\">Armari Koleksiyonu<\/a> PureJewels \u0130ngiltere'de. Teslimat kolayl\u0131\u011f\u0131n\u0131n ve KDV'nin fiyata dahil olmas\u0131n\u0131n keyfini \u00e7\u0131kar\u0131n.<\/p>\n<p>Ek bir orijinallik g\u00fcvencesi i\u00e7in, bu k\u00fcpeleri Londra Assay Office'ten bir damgayla talep etmeyi d\u00fc\u015f\u00fcn\u00fcn. Bu prestijli damga, alt\u0131n i\u00e7eri\u011finin Assay Office taraf\u0131ndan belirlenen titiz standartlar\u0131 kar\u015f\u0131lad\u0131\u011f\u0131n\u0131 g\u00f6sterir.<\/p>\n<p>G\u00fczel bir hediye kutusunda sunulan bu <a href=\"https:\/\/www.purejewels.com\/tr\/product\/22ct-sunrise-gold-drop-earring-51760\/\">22 ayar alt\u0131n damla k\u00fcpe<\/a> kendinizi \u015f\u0131martmak veya sevdi\u011finiz birine s\u00fcrpriz yapmak i\u00e7in m\u00fckemmel bir yoldur. E\u015fsiz zenginlikleri, b\u00fcy\u00fcleyici tasar\u0131mlar\u0131 ve kusursuz <a href=\"https:\/\/www.purejewels.com\/tr\/a-guide-to-die-stamping\/\">zanaatkarl\u0131k<\/a>Her m\u00fccevher koleksiyonunun de\u011ferli bir par\u00e7as\u0131 olacaklar\u0131ndan emin olabilirsiniz.<\/p>","protected":false},"excerpt":{"rendered":"<table class=\"sh_desc\">\n<tbody>\n<tr>\n<td>K\u00fcpe T\u00fcr\u00fc<\/td>\n<td>Armari K\u00fcpe<\/td>\n<\/tr>\n<tr>\n<td>SKU<\/td>\n<td>49104, 49105<\/td>\n<\/tr>\n<tr>\n<td>A\u011f\u0131rl\u0131k<\/td>\n<td>4.2 Gms<\/td>\n<\/tr>\n<tr>\n<td>Geni\u015flik<\/td>\n<td>25,4 mm<\/td>\n<\/tr>\n<tr>\n<td>Biti\u015f<\/td>\n<td>Antique_Matte<\/td>\n<\/tr>\n<tr>\n<td>Koleksiyon<\/td>\n<td><strong>Armari Koleksiyonu<\/strong><\/td>\n<\/tr>\n<tr>\n<td>Metal<\/td>\n<td>22 Ayar Alt\u0131n<\/td>\n<\/tr>\n<tr>\n<td>\u00dccretler<\/td>\n<td>Teslimat ve KDV Dahil<\/td>\n<\/tr>\n<tr>\n<td>Paketleme<\/td>\n<td>Sunum Kutusu ile Birlikte Gelir<\/td>\n<\/tr>\n<tr>\n<td>Daha Fazla Bilgi<\/td>\n<td>M\u00fcsaitlik durumu ve daha fazla resim i\u00e7in bizimle canl\u0131 sohbet edin<\/td>\n<\/tr>\n<\/tbody>\n<\/table>","protected":false},"featured_media":358445,"comment_status":"closed","ping_status":"closed","template":"","meta":{"_eb_attr":"","_crsspst_to_jayantr4sg-hostcom":false},"product_brand":[],"product_cat":[1791,245,6144,5639,1559,236,1793,1685,1254,1229,1570,1573,1574,5349],"product_tag":[],"class_list":{"0":"post-358444","1":"product","2":"type-product","3":"status-publish","4":"has-post-thumbnail","6":"product_cat-anniversary-gifts","7":"product_cat-armari-collections","8":"product_cat-armari-drop-earrings","9":"product_cat-armari-earring","10":"product_cat-birthday-gifts","11":"product_cat-collections","12":"product_cat-diwali-gifts","13":"product_cat-drop-earrings","14":"product_cat-gold-earrings","15":"product_cat-22ct-gold-jewellery","16":"product_cat-mothers-day-gifts","17":"product_cat-wedding-gifts","18":"product_cat-womens-jewellery","19":"product_cat-yellow-gold-jewellery","21":"first","22":"instock","23":"taxable","24":"shipping-taxable","25":"purchasable","26":"product-type-simple","27":"add-to-wishlist-before_image"},"yoast_head":"<!-- This site is optimized with the Yoast SEO plugin v27.5 - https:\/\/yoast.com\/product\/yoast-seo-wordpress\/ -->\n<title>Shop Armari 22ct Gold Earring | PureJewels UK<\/title>\n<meta name=\"description\" content=\"Shop 22ct gold the Armari Collection Antique_Matte Finish Earring features delicate designs. Order online today and enjoy free shipping.\" \/>\n<meta name=\"robots\" content=\"index, follow, max-snippet:-1, max-image-preview:large, max-video-preview:-1\" \/>\n<link rel=\"canonical\" href=\"https:\/\/www.purejewels.com\/tr\/urun\/22-ayar-altin-kupe-armari-collection-47392\/\" \/>\n<meta property=\"og:locale\" content=\"tr_TR\" \/>\n<meta property=\"og:type\" content=\"article\" \/>\n<meta property=\"og:title\" content=\"Shop Armari 22ct Gold Earring | PureJewels UK\" \/>\n<meta property=\"og:description\" content=\"Shop 22ct gold the Armari Collection Antique_Matte Finish Earring features delicate designs. Order online today and enjoy free shipping.\" \/>\n<meta property=\"og:url\" content=\"https:\/\/www.purejewels.com\/tr\/urun\/22-ayar-altin-kupe-armari-collection-47392\/\" \/>\n<meta property=\"og:site_name\" content=\"PureJewels UK\" \/>\n<meta property=\"article:modified_time\" content=\"2026-01-30T07:58:56+00:00\" \/>\n<meta property=\"og:image\" content=\"https:\/\/static.purejewels.com\/wp-content\/uploads\/2024\/03\/IMG_2568.jpg\" \/>\n\t<meta property=\"og:image:width\" content=\"1000\" \/>\n\t<meta property=\"og:image:height\" content=\"1000\" \/>\n\t<meta property=\"og:image:type\" content=\"image\/jpeg\" \/>\n<meta name=\"twitter:card\" content=\"summary_large_image\" \/>\n<meta name=\"twitter:label1\" content=\"Tahmini okuma s\u00fcresi\" \/>\n\t<meta name=\"twitter:data1\" content=\"1 dakika\" \/>\n<script type=\"application\/ld+json\" class=\"yoast-schema-graph\">{\"@context\":\"https:\\\/\\\/schema.org\",\"@graph\":[{\"@type\":[\"WebPage\",\"ItemPage\"],\"@id\":\"https:\\\/\\\/www.purejewels.com\\\/product\\\/22ct-gold-earring-armari-collection-47392\\\/\",\"url\":\"https:\\\/\\\/www.purejewels.com\\\/product\\\/22ct-gold-earring-armari-collection-47392\\\/\",\"name\":\"Shop Armari 22ct Gold Earring | PureJewels UK\",\"isPartOf\":{\"@id\":\"https:\\\/\\\/www.purejewels.com\\\/#website\"},\"primaryImageOfPage\":{\"@id\":\"https:\\\/\\\/www.purejewels.com\\\/product\\\/22ct-gold-earring-armari-collection-47392\\\/#primaryimage\"},\"image\":{\"@id\":\"https:\\\/\\\/www.purejewels.com\\\/product\\\/22ct-gold-earring-armari-collection-47392\\\/#primaryimage\"},\"thumbnailUrl\":\"https:\\\/\\\/static.purejewels.com\\\/wp-content\\\/uploads\\\/2024\\\/03\\\/IMG_2568.jpg\",\"datePublished\":\"2024-03-07T05:30:04+00:00\",\"dateModified\":\"2026-01-30T07:58:56+00:00\",\"description\":\"Shop 22ct gold the Armari Collection Antique_Matte Finish Earring features delicate designs. Order online today and enjoy free shipping.\",\"breadcrumb\":{\"@id\":\"https:\\\/\\\/www.purejewels.com\\\/product\\\/22ct-gold-earring-armari-collection-47392\\\/#breadcrumb\"},\"inLanguage\":\"tr\",\"potentialAction\":[{\"@type\":\"ReadAction\",\"target\":[\"https:\\\/\\\/www.purejewels.com\\\/product\\\/22ct-gold-earring-armari-collection-47392\\\/\"]}]},{\"@type\":\"ImageObject\",\"inLanguage\":\"tr\",\"@id\":\"https:\\\/\\\/www.purejewels.com\\\/product\\\/22ct-gold-earring-armari-collection-47392\\\/#primaryimage\",\"url\":\"https:\\\/\\\/static.purejewels.com\\\/wp-content\\\/uploads\\\/2024\\\/03\\\/IMG_2568.jpg\",\"contentUrl\":\"https:\\\/\\\/static.purejewels.com\\\/wp-content\\\/uploads\\\/2024\\\/03\\\/IMG_2568.jpg\",\"width\":1000,\"height\":1000,\"caption\":\"22ct Gold Earring Armari Collection 47392\"},{\"@type\":\"BreadcrumbList\",\"@id\":\"https:\\\/\\\/www.purejewels.com\\\/product\\\/22ct-gold-earring-armari-collection-47392\\\/#breadcrumb\",\"itemListElement\":[{\"@type\":\"ListItem\",\"position\":1,\"name\":\"Home\",\"item\":\"https:\\\/\\\/www.purejewels.com\\\/\"},{\"@type\":\"ListItem\",\"position\":2,\"name\":\"Shop\",\"item\":\"https:\\\/\\\/www.purejewels.com\\\/shop\\\/\"},{\"@type\":\"ListItem\",\"position\":3,\"name\":\"22ct Gold Earring Armari Collection\"}]},{\"@type\":\"WebSite\",\"@id\":\"https:\\\/\\\/www.purejewels.com\\\/#website\",\"url\":\"https:\\\/\\\/www.purejewels.com\\\/\",\"name\":\"PureJewels UK\",\"description\":\"Share the Love\",\"publisher\":{\"@id\":\"https:\\\/\\\/www.purejewels.com\\\/#organization\"},\"potentialAction\":[{\"@type\":\"SearchAction\",\"target\":{\"@type\":\"EntryPoint\",\"urlTemplate\":\"https:\\\/\\\/www.purejewels.com\\\/?s={search_term_string}\"},\"query-input\":{\"@type\":\"PropertyValueSpecification\",\"valueRequired\":true,\"valueName\":\"search_term_string\"}}],\"inLanguage\":\"tr\"},{\"@type\":\"Organization\",\"@id\":\"https:\\\/\\\/www.purejewels.com\\\/#organization\",\"name\":\"PureJewels UK\",\"url\":\"https:\\\/\\\/www.purejewels.com\\\/\",\"logo\":{\"@type\":\"ImageObject\",\"inLanguage\":\"tr\",\"@id\":\"https:\\\/\\\/www.purejewels.com\\\/#\\\/schema\\\/logo\\\/image\\\/\",\"url\":\"https:\\\/\\\/static.purejewels.com\\\/wp-content\\\/uploads\\\/2020\\\/11\\\/Logo-PJ-New-1.png\",\"contentUrl\":\"https:\\\/\\\/static.purejewels.com\\\/wp-content\\\/uploads\\\/2020\\\/11\\\/Logo-PJ-New-1.png\",\"width\":150,\"height\":80,\"caption\":\"PureJewels UK\"},\"image\":{\"@id\":\"https:\\\/\\\/www.purejewels.com\\\/#\\\/schema\\\/logo\\\/image\\\/\"}}]}<\/script>\n<!-- \/ Yoast SEO plugin. -->","yoast_head_json":{"title":"Armari 22 Ayar Alt\u0131n K\u00fcpe Al\u0131\u015fveri\u015fi | PureJewels UK","description":"22 ayar alt\u0131n Armari Collection Antique_Matte Finish K\u00fcpe ile zarif tasar\u0131mlar sat\u0131n al\u0131n. Bug\u00fcn online sipari\u015f verin ve \u00fccretsiz g\u00f6nderimin keyfini \u00e7\u0131kar\u0131n.","robots":{"index":"index","follow":"follow","max-snippet":"max-snippet:-1","max-image-preview":"max-image-preview:large","max-video-preview":"max-video-preview:-1"},"canonical":"https:\/\/www.purejewels.com\/tr\/urun\/22-ayar-altin-kupe-armari-collection-47392\/","og_locale":"tr_TR","og_type":"article","og_title":"Shop Armari 22ct Gold Earring | PureJewels UK","og_description":"Shop 22ct gold the Armari Collection Antique_Matte Finish Earring features delicate designs. Order online today and enjoy free shipping.","og_url":"https:\/\/www.purejewels.com\/tr\/urun\/22-ayar-altin-kupe-armari-collection-47392\/","og_site_name":"PureJewels UK","article_modified_time":"2026-01-30T07:58:56+00:00","og_image":[{"width":1000,"height":1000,"url":"https:\/\/static.purejewels.com\/wp-content\/uploads\/2024\/03\/IMG_2568.jpg","type":"image\/jpeg"}],"twitter_card":"summary_large_image","twitter_misc":{"Tahmini okuma s\u00fcresi":"1 dakika"},"schema":{"@context":"https:\/\/schema.org","@graph":[{"@type":["WebPage","ItemPage"],"@id":"https:\/\/www.purejewels.com\/product\/22ct-gold-earring-armari-collection-47392\/","url":"https:\/\/www.purejewels.com\/product\/22ct-gold-earring-armari-collection-47392\/","name":"Armari 22 Ayar Alt\u0131n K\u00fcpe Al\u0131\u015fveri\u015fi | PureJewels UK","isPartOf":{"@id":"https:\/\/www.purejewels.com\/#website"},"primaryImageOfPage":{"@id":"https:\/\/www.purejewels.com\/product\/22ct-gold-earring-armari-collection-47392\/#primaryimage"},"image":{"@id":"https:\/\/www.purejewels.com\/product\/22ct-gold-earring-armari-collection-47392\/#primaryimage"},"thumbnailUrl":"https:\/\/static.purejewels.com\/wp-content\/uploads\/2024\/03\/IMG_2568.jpg","datePublished":"2024-03-07T05:30:04+00:00","dateModified":"2026-01-30T07:58:56+00:00","description":"22 ayar alt\u0131n Armari Collection Antique_Matte Finish K\u00fcpe ile zarif tasar\u0131mlar sat\u0131n al\u0131n. Bug\u00fcn online sipari\u015f verin ve \u00fccretsiz g\u00f6nderimin keyfini \u00e7\u0131kar\u0131n.","breadcrumb":{"@id":"https:\/\/www.purejewels.com\/product\/22ct-gold-earring-armari-collection-47392\/#breadcrumb"},"inLanguage":"tr","potentialAction":[{"@type":"ReadAction","target":["https:\/\/www.purejewels.com\/product\/22ct-gold-earring-armari-collection-47392\/"]}]},{"@type":"ImageObject","inLanguage":"tr","@id":"https:\/\/www.purejewels.com\/product\/22ct-gold-earring-armari-collection-47392\/#primaryimage","url":"https:\/\/static.purejewels.com\/wp-content\/uploads\/2024\/03\/IMG_2568.jpg","contentUrl":"https:\/\/static.purejewels.com\/wp-content\/uploads\/2024\/03\/IMG_2568.jpg","width":1000,"height":1000,"caption":"22ct Gold Earring Armari Collection 47392"},{"@type":"BreadcrumbList","@id":"https:\/\/www.purejewels.com\/product\/22ct-gold-earring-armari-collection-47392\/#breadcrumb","itemListElement":[{"@type":"ListItem","position":1,"name":"Home","item":"https:\/\/www.purejewels.com\/"},{"@type":"ListItem","position":2,"name":"Shop","item":"https:\/\/www.purejewels.com\/shop\/"},{"@type":"ListItem","position":3,"name":"22ct Gold Earring Armari Collection"}]},{"@type":"WebSite","@id":"https:\/\/www.purejewels.com\/#website","url":"https:\/\/www.purejewels.com\/","name":"PureJewels \u0130ngiltere","description":"Sevgiyi Payla\u015f\u0131n","publisher":{"@id":"https:\/\/www.purejewels.com\/#organization"},"potentialAction":[{"@type":"SearchAction","target":{"@type":"EntryPoint","urlTemplate":"https:\/\/www.purejewels.com\/?s={search_term_string}"},"query-input":{"@type":"PropertyValueSpecification","valueRequired":true,"valueName":"search_term_string"}}],"inLanguage":"tr"},{"@type":"Organization","@id":"https:\/\/www.purejewels.com\/#organization","name":"PureJewels \u0130ngiltere","url":"https:\/\/www.purejewels.com\/","logo":{"@type":"ImageObject","inLanguage":"tr","@id":"https:\/\/www.purejewels.com\/#\/schema\/logo\/image\/","url":"https:\/\/static.purejewels.com\/wp-content\/uploads\/2020\/11\/Logo-PJ-New-1.png","contentUrl":"https:\/\/static.purejewels.com\/wp-content\/uploads\/2020\/11\/Logo-PJ-New-1.png","width":150,"height":80,"caption":"PureJewels UK"},"image":{"@id":"https:\/\/www.purejewels.com\/#\/schema\/logo\/image\/"}}]}},"_links":{"self":[{"href":"https:\/\/www.purejewels.com\/tr\/wp-json\/wp\/v2\/product\/358444","targetHints":{"allow":["GET"]}}],"collection":[{"href":"https:\/\/www.purejewels.com\/tr\/wp-json\/wp\/v2\/product"}],"about":[{"href":"https:\/\/www.purejewels.com\/tr\/wp-json\/wp\/v2\/types\/product"}],"replies":[{"embeddable":true,"href":"https:\/\/www.purejewels.com\/tr\/wp-json\/wp\/v2\/comments?post=358444"}],"version-history":[{"count":4,"href":"https:\/\/www.purejewels.com\/tr\/wp-json\/wp\/v2\/product\/358444\/revisions"}],"predecessor-version":[{"id":425430,"href":"https:\/\/www.purejewels.com\/tr\/wp-json\/wp\/v2\/product\/358444\/revisions\/425430"}],"wp:featuredmedia":[{"embeddable":true,"href":"https:\/\/www.purejewels.com\/tr\/wp-json\/wp\/v2\/media\/358445"}],"wp:attachment":[{"href":"https:\/\/www.purejewels.com\/tr\/wp-json\/wp\/v2\/media?parent=358444"}],"wp:term":[{"taxonomy":"product_brand","embeddable":true,"href":"https:\/\/www.purejewels.com\/tr\/wp-json\/wp\/v2\/product_brand?post=358444"},{"taxonomy":"product_cat","embeddable":true,"href":"https:\/\/www.purejewels.com\/tr\/wp-json\/wp\/v2\/product_cat?post=358444"},{"taxonomy":"product_tag","embeddable":true,"href":"https:\/\/www.purejewels.com\/tr\/wp-json\/wp\/v2\/product_tag?post=358444"}],"curies":[{"name":"wp","href":"https:\/\/api.w.org\/{rel}","templated":true}]}}