{"id":358919,"date":"2024-01-15T06:33:22","date_gmt":"2024-01-15T06:33:22","guid":{"rendered":"https:\/\/www.purejewels.com\/?post_type=product&#038;p=358919"},"modified":"2026-05-07T09:20:06","modified_gmt":"2026-05-07T08:20:06","slug":"luks-22-ayar-altin-antika-yuzuk-p-51448-beden","status":"publish","type":"product","link":"https:\/\/www.purejewels.com\/tr\/product\/luxury-22ct-gold-antique-ring-size-p-51448\/","title":{"rendered":"L\u00fcks 22 Ayar Alt\u0131n Antika Y\u00fcz\u00fck | P Beden"},"content":{"rendered":"<p><strong>Tasar\u0131m<\/strong><\/p>\n<p>Armari Shield Band Y\u00fcz\u00fck, koruma, esneklik ve i\u00e7sel g\u00fc\u00e7 fikri etraf\u0131nda \u015fekillenmi\u015ftir. Y\u00f6nl\u00fc deseni birbirine kenetlenmi\u015f z\u0131rh plakalar\u0131n\u0131 and\u0131r\u0131r ve band\u0131n etraf\u0131nda cesur bir geometrik ritim yarat\u0131r. Y\u00fckseltilmi\u015f alt\u0131n boncuklar, t\u00f6rensel metal i\u015f\u00e7ili\u011findeki per\u00e7inler gibi tasar\u0131m\u0131 vurgularken, yumu\u015fak eskitme kaplama y\u00fcz\u00fc\u011fe derinlik ve karakter kazand\u0131r\u0131r. Bi\u00e7im olarak g\u00fc\u00e7l\u00fc ancak orant\u0131 olarak rafine olan par\u00e7a, sessiz bir g\u00fcven duygusu ta\u015f\u0131yor.<\/p>","protected":false},"excerpt":{"rendered":"<p>Z\u0131rhlardan ilham alan dokularla \u015fekillendirilen Armari Shield Band Y\u00fcz\u00fck, 22 ayar parlak alt\u0131nla g\u00fc\u00e7, yap\u0131 ve zanaat detaylar\u0131n\u0131 bir araya getiriyor.<\/p>\n<p><strong>Malzeme:<\/strong>\u00a022 Ayar Alt\u0131n (91,6% saf Alt\u0131n)<br \/>\n<strong>Hallmark:<\/strong>\u00a0\u0130ngiliz Damgas\u0131<br \/>\n<strong>A\u011f\u0131rl\u0131k Aral\u0131\u011f\u0131:<\/strong> 4.4Gms<br \/>\n<strong>Y\u00fcz\u00fck \u00d6l\u00e7\u00fcs\u00fc:<\/strong> P<br \/>\n<strong>Geni\u015flik:<\/strong> 6.9mm<br \/>\n<strong>SKU:<\/strong>51448<\/p>\n<p><strong>Fiyat ve Teslimat<\/strong>: KDV ve teslimat \u00fccreti dahil<br \/>\nTalep \u00fczerine uluslararas\u0131 nakliye mevcuttur<br \/>\n<a href=\"https:\/\/www.purejewels.com\/tr\/i%cc%87ade-poli%cc%87ti%cc%87kasi\/\">\u0130ade Politikas\u0131<\/a><\/p>","protected":false},"featured_media":351280,"comment_status":"closed","ping_status":"closed","template":"","meta":{"_eb_attr":"","_crsspst_to_jayantr4sg-hostcom":false},"product_brand":[],"product_cat":[1791,6158,245,5642,1559,236,1235,1783,1786,1569,1573,1574,5349],"product_tag":[1430],"class_list":{"0":"post-358919","1":"product","2":"type-product","3":"status-publish","4":"has-post-thumbnail","6":"product_cat-anniversary-gifts","7":"product_cat-armari-band","8":"product_cat-armari-collections","9":"product_cat-armari-ring","10":"product_cat-birthday-gifts","11":"product_cat-collections","12":"product_cat-gold-rings","13":"product_cat-ladies-rings","14":"product_cat-occasional-wear-rings","15":"product_cat-valentine-day-gifts","16":"product_cat-wedding-gifts","17":"product_cat-womens-jewellery","18":"product_cat-yellow-gold-jewellery","19":"product_tag-diwali-gift","21":"first","22":"instock","23":"taxable","24":"shipping-taxable","25":"purchasable","26":"product-type-simple","27":"add-to-wishlist-before_image"},"yoast_head":"<!-- This site is optimized with the Yoast SEO plugin v27.5 - https:\/\/yoast.com\/product\/yoast-seo-wordpress\/ -->\n<title>22ct Gold Armari Shield Band Ring | Size P | PureJewels UK<\/title>\n<meta name=\"description\" content=\"Discover the 22ct Gold Armari Shield Band Ring by PureJewels UK. A hallmarked gold ring with sculpted armour inspired textures and a rich antique finish.\" \/>\n<meta name=\"robots\" content=\"index, follow, max-snippet:-1, max-image-preview:large, max-video-preview:-1\" \/>\n<link rel=\"canonical\" href=\"https:\/\/www.purejewels.com\/tr\/urun\/luks-22-ayar-altin-antika-yuzuk-p-51448-beden\/\" \/>\n<meta property=\"og:locale\" content=\"tr_TR\" \/>\n<meta property=\"og:type\" content=\"article\" \/>\n<meta property=\"og:title\" content=\"22ct Gold Armari Shield Band Ring | Size P | PureJewels UK\" \/>\n<meta property=\"og:description\" content=\"Discover the 22ct Gold Armari Shield Band Ring by PureJewels UK. A hallmarked gold ring with sculpted armour inspired textures and a rich antique finish.\" \/>\n<meta property=\"og:url\" content=\"https:\/\/www.purejewels.com\/tr\/urun\/luks-22-ayar-altin-antika-yuzuk-p-51448-beden\/\" \/>\n<meta property=\"og:site_name\" content=\"PureJewels UK\" \/>\n<meta property=\"article:modified_time\" content=\"2026-05-07T08:20:06+00:00\" \/>\n<meta property=\"og:image\" content=\"https:\/\/static.purejewels.com\/wp-content\/uploads\/2023\/09\/SKU-46360.png\" \/>\n\t<meta property=\"og:image:width\" content=\"1000\" \/>\n\t<meta property=\"og:image:height\" content=\"1000\" \/>\n\t<meta property=\"og:image:type\" content=\"image\/png\" \/>\n<meta name=\"twitter:card\" content=\"summary_large_image\" \/>\n<meta name=\"twitter:label1\" content=\"Tahmini okuma s\u00fcresi\" \/>\n\t<meta name=\"twitter:data1\" content=\"1 dakika\" \/>\n<script type=\"application\/ld+json\" class=\"yoast-schema-graph\">{\"@context\":\"https:\\\/\\\/schema.org\",\"@graph\":[{\"@type\":[\"WebPage\",\"ItemPage\"],\"@id\":\"https:\\\/\\\/www.purejewels.com\\\/product\\\/luxury-22ct-gold-antique-ring-size-p-51448\\\/\",\"url\":\"https:\\\/\\\/www.purejewels.com\\\/product\\\/luxury-22ct-gold-antique-ring-size-p-51448\\\/\",\"name\":\"22ct Gold Armari Shield Band Ring | Size P | PureJewels UK\",\"isPartOf\":{\"@id\":\"https:\\\/\\\/www.purejewels.com\\\/#website\"},\"primaryImageOfPage\":{\"@id\":\"https:\\\/\\\/www.purejewels.com\\\/product\\\/luxury-22ct-gold-antique-ring-size-p-51448\\\/#primaryimage\"},\"image\":{\"@id\":\"https:\\\/\\\/www.purejewels.com\\\/product\\\/luxury-22ct-gold-antique-ring-size-p-51448\\\/#primaryimage\"},\"thumbnailUrl\":\"https:\\\/\\\/static.purejewels.com\\\/wp-content\\\/uploads\\\/2023\\\/09\\\/SKU-46360.png\",\"datePublished\":\"2024-01-15T06:33:22+00:00\",\"dateModified\":\"2026-05-07T08:20:06+00:00\",\"description\":\"Discover the 22ct Gold Armari Shield Band Ring by PureJewels UK. A hallmarked gold ring with sculpted armour inspired textures and a rich antique finish.\",\"breadcrumb\":{\"@id\":\"https:\\\/\\\/www.purejewels.com\\\/product\\\/luxury-22ct-gold-antique-ring-size-p-51448\\\/#breadcrumb\"},\"inLanguage\":\"tr\",\"potentialAction\":[{\"@type\":\"ReadAction\",\"target\":[\"https:\\\/\\\/www.purejewels.com\\\/product\\\/luxury-22ct-gold-antique-ring-size-p-51448\\\/\"]}]},{\"@type\":\"ImageObject\",\"inLanguage\":\"tr\",\"@id\":\"https:\\\/\\\/www.purejewels.com\\\/product\\\/luxury-22ct-gold-antique-ring-size-p-51448\\\/#primaryimage\",\"url\":\"https:\\\/\\\/static.purejewels.com\\\/wp-content\\\/uploads\\\/2023\\\/09\\\/SKU-46360.png\",\"contentUrl\":\"https:\\\/\\\/static.purejewels.com\\\/wp-content\\\/uploads\\\/2023\\\/09\\\/SKU-46360.png\",\"width\":1000,\"height\":1000,\"caption\":\"22ct Gold Ring Band with Antique Finish\"},{\"@type\":\"BreadcrumbList\",\"@id\":\"https:\\\/\\\/www.purejewels.com\\\/product\\\/luxury-22ct-gold-antique-ring-size-p-51448\\\/#breadcrumb\",\"itemListElement\":[{\"@type\":\"ListItem\",\"position\":1,\"name\":\"Home\",\"item\":\"https:\\\/\\\/www.purejewels.com\\\/\"},{\"@type\":\"ListItem\",\"position\":2,\"name\":\"Shop\",\"item\":\"https:\\\/\\\/www.purejewels.com\\\/shop\\\/\"},{\"@type\":\"ListItem\",\"position\":3,\"name\":\"Luxury 22ct Gold Antique Ring | Size P\"}]},{\"@type\":\"WebSite\",\"@id\":\"https:\\\/\\\/www.purejewels.com\\\/#website\",\"url\":\"https:\\\/\\\/www.purejewels.com\\\/\",\"name\":\"PureJewels UK\",\"description\":\"Share the Love\",\"publisher\":{\"@id\":\"https:\\\/\\\/www.purejewels.com\\\/#organization\"},\"potentialAction\":[{\"@type\":\"SearchAction\",\"target\":{\"@type\":\"EntryPoint\",\"urlTemplate\":\"https:\\\/\\\/www.purejewels.com\\\/?s={search_term_string}\"},\"query-input\":{\"@type\":\"PropertyValueSpecification\",\"valueRequired\":true,\"valueName\":\"search_term_string\"}}],\"inLanguage\":\"tr\"},{\"@type\":\"Organization\",\"@id\":\"https:\\\/\\\/www.purejewels.com\\\/#organization\",\"name\":\"PureJewels UK\",\"url\":\"https:\\\/\\\/www.purejewels.com\\\/\",\"logo\":{\"@type\":\"ImageObject\",\"inLanguage\":\"tr\",\"@id\":\"https:\\\/\\\/www.purejewels.com\\\/#\\\/schema\\\/logo\\\/image\\\/\",\"url\":\"https:\\\/\\\/static.purejewels.com\\\/wp-content\\\/uploads\\\/2020\\\/11\\\/Logo-PJ-New-1.png\",\"contentUrl\":\"https:\\\/\\\/static.purejewels.com\\\/wp-content\\\/uploads\\\/2020\\\/11\\\/Logo-PJ-New-1.png\",\"width\":150,\"height\":80,\"caption\":\"PureJewels UK\"},\"image\":{\"@id\":\"https:\\\/\\\/www.purejewels.com\\\/#\\\/schema\\\/logo\\\/image\\\/\"}}]}<\/script>\n<!-- \/ Yoast SEO plugin. -->","yoast_head_json":{"title":"22 Ayar Alt\u0131n Armari Kalkan Bant Y\u00fcz\u00fck | P Beden | PureJewels UK","description":"PureJewels UK taraf\u0131ndan sunulan 22 ayar alt\u0131n Armari Shield Band Y\u00fcz\u00fc\u011f\u00fc ke\u015ffedin. Z\u0131rhlardan ilham alan yontulmu\u015f dokulara ve zengin antika kaplamaya sahip damgal\u0131 alt\u0131n y\u00fcz\u00fck.","robots":{"index":"index","follow":"follow","max-snippet":"max-snippet:-1","max-image-preview":"max-image-preview:large","max-video-preview":"max-video-preview:-1"},"canonical":"https:\/\/www.purejewels.com\/tr\/urun\/luks-22-ayar-altin-antika-yuzuk-p-51448-beden\/","og_locale":"tr_TR","og_type":"article","og_title":"22ct Gold Armari Shield Band Ring | Size P | PureJewels UK","og_description":"Discover the 22ct Gold Armari Shield Band Ring by PureJewels UK. A hallmarked gold ring with sculpted armour inspired textures and a rich antique finish.","og_url":"https:\/\/www.purejewels.com\/tr\/urun\/luks-22-ayar-altin-antika-yuzuk-p-51448-beden\/","og_site_name":"PureJewels UK","article_modified_time":"2026-05-07T08:20:06+00:00","og_image":[{"width":1000,"height":1000,"url":"https:\/\/static.purejewels.com\/wp-content\/uploads\/2023\/09\/SKU-46360.png","type":"image\/png"}],"twitter_card":"summary_large_image","twitter_misc":{"Tahmini okuma s\u00fcresi":"1 dakika"},"schema":{"@context":"https:\/\/schema.org","@graph":[{"@type":["WebPage","ItemPage"],"@id":"https:\/\/www.purejewels.com\/product\/luxury-22ct-gold-antique-ring-size-p-51448\/","url":"https:\/\/www.purejewels.com\/product\/luxury-22ct-gold-antique-ring-size-p-51448\/","name":"22 Ayar Alt\u0131n Armari Kalkan Bant Y\u00fcz\u00fck | P Beden | PureJewels UK","isPartOf":{"@id":"https:\/\/www.purejewels.com\/#website"},"primaryImageOfPage":{"@id":"https:\/\/www.purejewels.com\/product\/luxury-22ct-gold-antique-ring-size-p-51448\/#primaryimage"},"image":{"@id":"https:\/\/www.purejewels.com\/product\/luxury-22ct-gold-antique-ring-size-p-51448\/#primaryimage"},"thumbnailUrl":"https:\/\/static.purejewels.com\/wp-content\/uploads\/2023\/09\/SKU-46360.png","datePublished":"2024-01-15T06:33:22+00:00","dateModified":"2026-05-07T08:20:06+00:00","description":"PureJewels UK taraf\u0131ndan sunulan 22 ayar alt\u0131n Armari Shield Band Y\u00fcz\u00fc\u011f\u00fc ke\u015ffedin. Z\u0131rhlardan ilham alan yontulmu\u015f dokulara ve zengin antika kaplamaya sahip damgal\u0131 alt\u0131n y\u00fcz\u00fck.","breadcrumb":{"@id":"https:\/\/www.purejewels.com\/product\/luxury-22ct-gold-antique-ring-size-p-51448\/#breadcrumb"},"inLanguage":"tr","potentialAction":[{"@type":"ReadAction","target":["https:\/\/www.purejewels.com\/product\/luxury-22ct-gold-antique-ring-size-p-51448\/"]}]},{"@type":"ImageObject","inLanguage":"tr","@id":"https:\/\/www.purejewels.com\/product\/luxury-22ct-gold-antique-ring-size-p-51448\/#primaryimage","url":"https:\/\/static.purejewels.com\/wp-content\/uploads\/2023\/09\/SKU-46360.png","contentUrl":"https:\/\/static.purejewels.com\/wp-content\/uploads\/2023\/09\/SKU-46360.png","width":1000,"height":1000,"caption":"22ct Gold Ring Band with Antique Finish"},{"@type":"BreadcrumbList","@id":"https:\/\/www.purejewels.com\/product\/luxury-22ct-gold-antique-ring-size-p-51448\/#breadcrumb","itemListElement":[{"@type":"ListItem","position":1,"name":"Home","item":"https:\/\/www.purejewels.com\/"},{"@type":"ListItem","position":2,"name":"Shop","item":"https:\/\/www.purejewels.com\/shop\/"},{"@type":"ListItem","position":3,"name":"Luxury 22ct Gold Antique Ring | Size P"}]},{"@type":"WebSite","@id":"https:\/\/www.purejewels.com\/#website","url":"https:\/\/www.purejewels.com\/","name":"PureJewels \u0130ngiltere","description":"Sevgiyi Payla\u015f\u0131n","publisher":{"@id":"https:\/\/www.purejewels.com\/#organization"},"potentialAction":[{"@type":"SearchAction","target":{"@type":"EntryPoint","urlTemplate":"https:\/\/www.purejewels.com\/?s={search_term_string}"},"query-input":{"@type":"PropertyValueSpecification","valueRequired":true,"valueName":"search_term_string"}}],"inLanguage":"tr"},{"@type":"Organization","@id":"https:\/\/www.purejewels.com\/#organization","name":"PureJewels \u0130ngiltere","url":"https:\/\/www.purejewels.com\/","logo":{"@type":"ImageObject","inLanguage":"tr","@id":"https:\/\/www.purejewels.com\/#\/schema\/logo\/image\/","url":"https:\/\/static.purejewels.com\/wp-content\/uploads\/2020\/11\/Logo-PJ-New-1.png","contentUrl":"https:\/\/static.purejewels.com\/wp-content\/uploads\/2020\/11\/Logo-PJ-New-1.png","width":150,"height":80,"caption":"PureJewels UK"},"image":{"@id":"https:\/\/www.purejewels.com\/#\/schema\/logo\/image\/"}}]}},"_links":{"self":[{"href":"https:\/\/www.purejewels.com\/tr\/wp-json\/wp\/v2\/product\/358919","targetHints":{"allow":["GET"]}}],"collection":[{"href":"https:\/\/www.purejewels.com\/tr\/wp-json\/wp\/v2\/product"}],"about":[{"href":"https:\/\/www.purejewels.com\/tr\/wp-json\/wp\/v2\/types\/product"}],"replies":[{"embeddable":true,"href":"https:\/\/www.purejewels.com\/tr\/wp-json\/wp\/v2\/comments?post=358919"}],"version-history":[{"count":3,"href":"https:\/\/www.purejewels.com\/tr\/wp-json\/wp\/v2\/product\/358919\/revisions"}],"predecessor-version":[{"id":429551,"href":"https:\/\/www.purejewels.com\/tr\/wp-json\/wp\/v2\/product\/358919\/revisions\/429551"}],"wp:featuredmedia":[{"embeddable":true,"href":"https:\/\/www.purejewels.com\/tr\/wp-json\/wp\/v2\/media\/351280"}],"wp:attachment":[{"href":"https:\/\/www.purejewels.com\/tr\/wp-json\/wp\/v2\/media?parent=358919"}],"wp:term":[{"taxonomy":"product_brand","embeddable":true,"href":"https:\/\/www.purejewels.com\/tr\/wp-json\/wp\/v2\/product_brand?post=358919"},{"taxonomy":"product_cat","embeddable":true,"href":"https:\/\/www.purejewels.com\/tr\/wp-json\/wp\/v2\/product_cat?post=358919"},{"taxonomy":"product_tag","embeddable":true,"href":"https:\/\/www.purejewels.com\/tr\/wp-json\/wp\/v2\/product_tag?post=358919"}],"curies":[{"name":"wp","href":"https:\/\/api.w.org\/{rel}","templated":true}]}}