{"id":358924,"date":"2024-03-15T06:48:52","date_gmt":"2024-03-15T06:48:52","guid":{"rendered":"https:\/\/www.purejewels.com\/?post_type=product&#038;p=358924"},"modified":"2026-02-03T08:04:36","modified_gmt":"2026-02-03T08:04:36","slug":"22-ayar-altin-baklali-zincir-16-inc-42605","status":"publish","type":"product","link":"https:\/\/www.purejewels.com\/tr\/product\/22ct-gold-link-chain-16-inches-42605\/","title":{"rendered":"22 Ayar Alt\u0131n | Baklal\u0131 Zincir | 16 \u0130n\u00e7"},"content":{"rendered":"<div id=\"chat-history\" class=\"chat-history-scroll-container ng-tns-c1017015721-1\">\n<div class=\"conversation-container ng-tns-c1017015721-1 ng-star-inserted\">\n<div class=\"response-container ng-tns-c2453973856-81 ng-star-inserted response-container-has-multiple-responses\">\n<div class=\"presented-response-container ng-tns-c2453973856-81\">\n<div class=\"response-container-content ng-tns-c2453973856-81 tunable-selection-with-avatar\">\n<div class=\"response-content ng-tns-c2453973856-81\">\n<div class=\"markdown markdown-main-panel\" dir=\"ltr\">\n<p data-sourcepos=\"3:1-3:33\">Bu zarif tasar\u0131mla zamans\u0131z \u015f\u0131kl\u0131\u011f\u0131n tad\u0131n\u0131 \u00e7\u0131kar\u0131n <a href=\"https:\/\/www.purejewels.com\/tr\/product\/22ct-sunrise-gold-link-chain-50658\/\">22 ayar alt\u0131n baklal\u0131 zincir<\/a> PureJewels UK'den. G\u00fcnl\u00fck kullan\u0131m i\u00e7in tasarlanan bu \u00e7ok y\u00f6nl\u00fc par\u00e7a, her k\u0131yafete sofistike bir dokunu\u015f katar.<\/p>\n<ul data-sourcepos=\"5:1-5:139\">\n<li data-sourcepos=\"5:1-5:139\">\n<p data-sourcepos=\"5:3-5:208\"><strong>L\u00fcks Malzeme:<\/strong> Saf malzemeden \u00fcretilmi\u015ftir <a href=\"https:\/\/www.purejewels.com\/tr\/product\/22ct-gold-antique-stud-49642\/\">22 ayar alt\u0131n<\/a>Bu zincir, zenginlik ve inkar edilemez bir kalite hissi yayar. Zengin alt\u0131n, \u0131\u015f\u0131\u011f\u0131 yakalayan ve ihti\u015faml\u0131 bir dokunu\u015f katan g\u00fczel bir parlakl\u0131\u011fa sahiptir.<\/p>\n<\/li>\n<li data-sourcepos=\"7:1-7:78\">\n<p data-sourcepos=\"7:3-7:78\"><strong>G\u00fcnl\u00fck Giyim i\u00e7in \u0130deal Uzunluk (16 \u0130n\u00e7):<\/strong> 16 in\u00e7 \u00f6l\u00e7\u00fclerindeki bu zincir, m\u00fckemmel bir \u015fekilde <a href=\"https:\/\/www.purejewels.com\/tr\/product\/22ct-gold-fancy-choker-chain-with-pendant-18-inch-43022\/\">gerdanl\u0131k<\/a> uzunlu\u011fundad\u0131r ve g\u00fcnl\u00fck kullan\u0131m i\u00e7in idealdir. K\u00f6pr\u00fcc\u00fck kemi\u011finin hemen alt\u0131na rahat\u00e7a oturur ve \u00e7ok hantal olmadan \u015f\u0131k bir dokunu\u015f katar.<\/p>\n<\/li>\n<li data-sourcepos=\"9:1-10:0\">\n<p data-sourcepos=\"9:3-9:175\"><strong>\u00c7ok Y\u00f6nl\u00fc Ba\u011flant\u0131 Tasar\u0131m\u0131:<\/strong> Klasik ba\u011flant\u0131 stili zamans\u0131z bir \u00e7ekicilik sunar. \u00c7e\u015fitli kolyeleri tamamlar veya sofistike bir sadelik dokunu\u015fu i\u00e7in tek ba\u015f\u0131na tak\u0131labilir.<\/p>\n<\/li>\n<li data-sourcepos=\"9:1-10:0\">\n<p data-sourcepos=\"9:3-9:175\"><strong>Bu <a href=\"https:\/\/www.purejewels.com\/tr\/product\/22ct-gold-jali-filigree-ring-jali-collection-31926\/\">22ct<\/a> alt\u0131n <a href=\"https:\/\/www.purejewels.com\/tr\/product\/18ct-white-gold-link-chain-46414\/\">baklal\u0131 zincir<\/a> i\u00e7in m\u00fckemmeldir:<\/strong><\/p>\n<\/li>\n<\/ul>\n<ul>\n<li style=\"list-style-type: none;\">\n<ul data-sourcepos=\"15:1-18:0\">\n<li data-sourcepos=\"15:1-15:49\">G\u00fcnl\u00fck g\u00f6r\u00fcn\u00fcm\u00fcn\u00fcze l\u00fcks bir dokunu\u015f kat\u0131n<\/li>\n<li data-sourcepos=\"16:1-16:57\">Ki\u015fiselle\u015ftirilmi\u015f bir dokunu\u015f i\u00e7in di\u011fer kolyelerle katmanlama<\/li>\n<li data-sourcepos=\"17:1-18:0\">Y\u0131llar boyunca de\u011fer verilecek zamans\u0131z bir par\u00e7a hediye etmek<\/li>\n<\/ul>\n<\/li>\n<\/ul>\n<p data-sourcepos=\"19:1-19:211\"><strong>Ger\u00e7ekten unutulmaz bir g\u00f6r\u00fcn\u00fcm i\u00e7in bu zinciri en sevdi\u011finiz kolye ucuyla e\u015fle\u015ftirin veya sade bir zarafet dokunu\u015fu i\u00e7in tek ba\u015f\u0131na tak\u0131n. Sizin i\u00e7in m\u00fckemmel 22 ayar alt\u0131n baklal\u0131 zinciri ke\u015ffetmek i\u00e7in bug\u00fcn PureJewels UK'yi ziyaret edin!<br \/>\n<\/strong><\/p>\n<\/div>\n<\/div>\n<\/div>\n<\/div>\n<\/div>\n<\/div>\n<\/div>\n<div class=\"bottom-container ng-tns-c1017015721-1 ng-star-inserted\">\n<div class=\"input-area-container ng-tns-c1017015721-1 ng-star-inserted\">\n<div class=\"input-area ng-tns-c625990796-3 ng-trigger ng-trigger-inputAreaRevealAnimation\" data-node-type=\"input-area\">\n<div class=\"text-input-field ng-tns-c625990796-3\">\n<div class=\"text-input-field_textarea-wrapper ng-tns-c625990796-3\">\n<div class=\"text-input-field-main-area ng-tns-c625990796-3\">\n<div class=\"text-input-field_textarea-inner ng-tns-c625990796-3\">\n<div class=\"ql-editor textarea ql-blank\" role=\"textbox\" data-gramm=\"false\" aria-label=\"Buraya bir istem girin\" data-placeholder=\"Enter a prompt here\"><\/div>\n<\/div>\n<\/div>\n<\/div>\n<\/div>\n<\/div>\n<\/div>\n<\/div>","protected":false},"excerpt":{"rendered":"<table class=\"sh_desc\">\n<tbody>\n<tr>\n<td>Zincir Tipi<\/td>\n<td>Ba\u011flant\u0131 Zinciri<\/td>\n<\/tr>\n<tr>\n<td>SKU<\/td>\n<td>42605<\/td>\n<\/tr>\n<tr>\n<td>A\u011f\u0131rl\u0131k<\/td>\n<td>3,5 Gms<\/td>\n<\/tr>\n<tr>\n<td>Metal<\/td>\n<td>22 Ayar Alt\u0131n<\/td>\n<\/tr>\n<tr>\n<td>Uzunluk<\/td>\n<td>16 in\u00e7<\/td>\n<\/tr>\n<tr>\n<td>Hallmark<\/td>\n<td>Londra Tahlil Ofisi Taraf\u0131ndan Damgalanm\u0131\u015f 22 Ayar Alt\u0131n<\/td>\n<\/tr>\n<tr>\n<td>\u00dccretler<\/td>\n<td>Teslimat ve KDV Dahil<\/td>\n<\/tr>\n<tr>\n<td>Paketleme<\/td>\n<td>Sunum Kutusu ile Birlikte Gelir<\/td>\n<\/tr>\n<tr>\n<td>Daha Fazla Bilgi<\/td>\n<td>M\u00fcsaitlik durumu ve daha fazla resim i\u00e7in bizimle canl\u0131 sohbet edin<\/td>\n<\/tr>\n<\/tbody>\n<\/table>","protected":false},"featured_media":327603,"comment_status":"closed","ping_status":"closed","template":"","meta":{"_eb_attr":"","_crsspst_to_jayantr4sg-hostcom":false},"product_brand":[],"product_cat":[5013,5264,1559,1475,1229,1773,5597,1575,1569,1574],"product_tag":[65,1430],"class_list":{"0":"post-358924","1":"product","2":"type-product","3":"status-publish","4":"has-post-thumbnail","6":"product_cat-16-inch-ladies-chain","7":"product_cat-22ct-gold-chain","8":"product_cat-birthday-gifts","9":"product_cat-gold-chains","10":"product_cat-22ct-gold-jewellery","11":"product_cat-ladies-chains","12":"product_cat-link-chain","13":"product_cat-teenage-jewellery","14":"product_cat-valentine-day-gifts","15":"product_cat-womens-jewellery","16":"product_tag-chains","17":"product_tag-diwali-gift","19":"first","20":"onbackorder","21":"taxable","22":"shipping-taxable","23":"product-type-simple","24":"add-to-wishlist-before_image"},"yoast_head":"<!-- This site is optimized with the Yoast SEO plugin v27.5 - https:\/\/yoast.com\/product\/yoast-seo-wordpress\/ -->\n<title>Link Chain in 22ct Gold | 16 inches | PureJewels<\/title>\n<meta name=\"description\" content=\"Shop latest designer gold Link chain online at PureJewels UK. The 22ct gold chain is beautifully handcrafted. Perfect for everyday wear.\" \/>\n<meta name=\"robots\" content=\"index, follow, max-snippet:-1, max-image-preview:large, max-video-preview:-1\" \/>\n<link rel=\"canonical\" href=\"https:\/\/www.purejewels.com\/tr\/urun\/22-ayar-altin-baklali-zincir-16-inc-42605\/\" \/>\n<meta property=\"og:locale\" content=\"tr_TR\" \/>\n<meta property=\"og:type\" content=\"article\" \/>\n<meta property=\"og:title\" content=\"Link Chain in 22ct Gold | 16 inches | PureJewels\" \/>\n<meta property=\"og:description\" content=\"Shop latest designer gold Link chain online at PureJewels UK. The 22ct gold chain is beautifully handcrafted. Perfect for everyday wear.\" \/>\n<meta property=\"og:url\" content=\"https:\/\/www.purejewels.com\/tr\/urun\/22-ayar-altin-baklali-zincir-16-inc-42605\/\" \/>\n<meta property=\"og:site_name\" content=\"PureJewels UK\" \/>\n<meta property=\"article:modified_time\" content=\"2026-02-03T08:04:36+00:00\" \/>\n<meta property=\"og:image\" content=\"https:\/\/static.purejewels.com\/wp-content\/uploads\/2021\/10\/34350-1-1.jpg\" \/>\n\t<meta property=\"og:image:width\" content=\"1000\" \/>\n\t<meta property=\"og:image:height\" content=\"1000\" \/>\n\t<meta property=\"og:image:type\" content=\"image\/jpeg\" \/>\n<meta name=\"twitter:card\" content=\"summary_large_image\" \/>\n<meta name=\"twitter:label1\" content=\"Tahmini okuma s\u00fcresi\" \/>\n\t<meta name=\"twitter:data1\" content=\"2 dakika\" \/>\n<script type=\"application\/ld+json\" class=\"yoast-schema-graph\">{\"@context\":\"https:\\\/\\\/schema.org\",\"@graph\":[{\"@type\":[\"WebPage\",\"ItemPage\"],\"@id\":\"https:\\\/\\\/www.purejewels.com\\\/product\\\/22ct-gold-link-chain-16-inches-42605\\\/\",\"url\":\"https:\\\/\\\/www.purejewels.com\\\/product\\\/22ct-gold-link-chain-16-inches-42605\\\/\",\"name\":\"Link Chain in 22ct Gold | 16 inches | PureJewels\",\"isPartOf\":{\"@id\":\"https:\\\/\\\/www.purejewels.com\\\/#website\"},\"primaryImageOfPage\":{\"@id\":\"https:\\\/\\\/www.purejewels.com\\\/product\\\/22ct-gold-link-chain-16-inches-42605\\\/#primaryimage\"},\"image\":{\"@id\":\"https:\\\/\\\/www.purejewels.com\\\/product\\\/22ct-gold-link-chain-16-inches-42605\\\/#primaryimage\"},\"thumbnailUrl\":\"https:\\\/\\\/static.purejewels.com\\\/wp-content\\\/uploads\\\/2021\\\/10\\\/34350-1-1.jpg\",\"datePublished\":\"2024-03-15T06:48:52+00:00\",\"dateModified\":\"2026-02-03T08:04:36+00:00\",\"description\":\"Shop latest designer gold Link chain online at PureJewels UK. The 22ct gold chain is beautifully handcrafted. Perfect for everyday wear.\",\"breadcrumb\":{\"@id\":\"https:\\\/\\\/www.purejewels.com\\\/product\\\/22ct-gold-link-chain-16-inches-42605\\\/#breadcrumb\"},\"inLanguage\":\"tr\",\"potentialAction\":[{\"@type\":\"ReadAction\",\"target\":[\"https:\\\/\\\/www.purejewels.com\\\/product\\\/22ct-gold-link-chain-16-inches-42605\\\/\"]}]},{\"@type\":\"ImageObject\",\"inLanguage\":\"tr\",\"@id\":\"https:\\\/\\\/www.purejewels.com\\\/product\\\/22ct-gold-link-chain-16-inches-42605\\\/#primaryimage\",\"url\":\"https:\\\/\\\/static.purejewels.com\\\/wp-content\\\/uploads\\\/2021\\\/10\\\/34350-1-1.jpg\",\"contentUrl\":\"https:\\\/\\\/static.purejewels.com\\\/wp-content\\\/uploads\\\/2021\\\/10\\\/34350-1-1.jpg\",\"width\":1000,\"height\":1000,\"caption\":\"22ct Gold Link Chain 34350-1\"},{\"@type\":\"BreadcrumbList\",\"@id\":\"https:\\\/\\\/www.purejewels.com\\\/product\\\/22ct-gold-link-chain-16-inches-42605\\\/#breadcrumb\",\"itemListElement\":[{\"@type\":\"ListItem\",\"position\":1,\"name\":\"Home\",\"item\":\"https:\\\/\\\/www.purejewels.com\\\/\"},{\"@type\":\"ListItem\",\"position\":2,\"name\":\"Shop\",\"item\":\"https:\\\/\\\/www.purejewels.com\\\/shop\\\/\"},{\"@type\":\"ListItem\",\"position\":3,\"name\":\"22ct Gold | Link Chain | 16 Inches\"}]},{\"@type\":\"WebSite\",\"@id\":\"https:\\\/\\\/www.purejewels.com\\\/#website\",\"url\":\"https:\\\/\\\/www.purejewels.com\\\/\",\"name\":\"PureJewels UK\",\"description\":\"Share the Love\",\"publisher\":{\"@id\":\"https:\\\/\\\/www.purejewels.com\\\/#organization\"},\"potentialAction\":[{\"@type\":\"SearchAction\",\"target\":{\"@type\":\"EntryPoint\",\"urlTemplate\":\"https:\\\/\\\/www.purejewels.com\\\/?s={search_term_string}\"},\"query-input\":{\"@type\":\"PropertyValueSpecification\",\"valueRequired\":true,\"valueName\":\"search_term_string\"}}],\"inLanguage\":\"tr\"},{\"@type\":\"Organization\",\"@id\":\"https:\\\/\\\/www.purejewels.com\\\/#organization\",\"name\":\"PureJewels UK\",\"url\":\"https:\\\/\\\/www.purejewels.com\\\/\",\"logo\":{\"@type\":\"ImageObject\",\"inLanguage\":\"tr\",\"@id\":\"https:\\\/\\\/www.purejewels.com\\\/#\\\/schema\\\/logo\\\/image\\\/\",\"url\":\"https:\\\/\\\/static.purejewels.com\\\/wp-content\\\/uploads\\\/2020\\\/11\\\/Logo-PJ-New-1.png\",\"contentUrl\":\"https:\\\/\\\/static.purejewels.com\\\/wp-content\\\/uploads\\\/2020\\\/11\\\/Logo-PJ-New-1.png\",\"width\":150,\"height\":80,\"caption\":\"PureJewels UK\"},\"image\":{\"@id\":\"https:\\\/\\\/www.purejewels.com\\\/#\\\/schema\\\/logo\\\/image\\\/\"}}]}<\/script>\n<!-- \/ Yoast SEO plugin. -->","yoast_head_json":{"title":"22 Ayar Alt\u0131n Baklal\u0131 Zincir | 16 in\u00e7 | PureJewels","description":"PureJewels UK'de en yeni tasar\u0131m alt\u0131n Link zinciri online al\u0131\u015fveri\u015f yap\u0131n. 22 ayar alt\u0131n zincir g\u00fczel bir \u015fekilde el yap\u0131m\u0131d\u0131r. G\u00fcnl\u00fck kullan\u0131m i\u00e7in m\u00fckemmeldir.","robots":{"index":"index","follow":"follow","max-snippet":"max-snippet:-1","max-image-preview":"max-image-preview:large","max-video-preview":"max-video-preview:-1"},"canonical":"https:\/\/www.purejewels.com\/tr\/urun\/22-ayar-altin-baklali-zincir-16-inc-42605\/","og_locale":"tr_TR","og_type":"article","og_title":"Link Chain in 22ct Gold | 16 inches | PureJewels","og_description":"Shop latest designer gold Link chain online at PureJewels UK. The 22ct gold chain is beautifully handcrafted. Perfect for everyday wear.","og_url":"https:\/\/www.purejewels.com\/tr\/urun\/22-ayar-altin-baklali-zincir-16-inc-42605\/","og_site_name":"PureJewels UK","article_modified_time":"2026-02-03T08:04:36+00:00","og_image":[{"width":1000,"height":1000,"url":"https:\/\/static.purejewels.com\/wp-content\/uploads\/2021\/10\/34350-1-1.jpg","type":"image\/jpeg"}],"twitter_card":"summary_large_image","twitter_misc":{"Tahmini okuma s\u00fcresi":"2 dakika"},"schema":{"@context":"https:\/\/schema.org","@graph":[{"@type":["WebPage","ItemPage"],"@id":"https:\/\/www.purejewels.com\/product\/22ct-gold-link-chain-16-inches-42605\/","url":"https:\/\/www.purejewels.com\/product\/22ct-gold-link-chain-16-inches-42605\/","name":"22 Ayar Alt\u0131n Baklal\u0131 Zincir | 16 in\u00e7 | PureJewels","isPartOf":{"@id":"https:\/\/www.purejewels.com\/#website"},"primaryImageOfPage":{"@id":"https:\/\/www.purejewels.com\/product\/22ct-gold-link-chain-16-inches-42605\/#primaryimage"},"image":{"@id":"https:\/\/www.purejewels.com\/product\/22ct-gold-link-chain-16-inches-42605\/#primaryimage"},"thumbnailUrl":"https:\/\/static.purejewels.com\/wp-content\/uploads\/2021\/10\/34350-1-1.jpg","datePublished":"2024-03-15T06:48:52+00:00","dateModified":"2026-02-03T08:04:36+00:00","description":"PureJewels UK'de en yeni tasar\u0131m alt\u0131n Link zinciri online al\u0131\u015fveri\u015f yap\u0131n. 22 ayar alt\u0131n zincir g\u00fczel bir \u015fekilde el yap\u0131m\u0131d\u0131r. G\u00fcnl\u00fck kullan\u0131m i\u00e7in m\u00fckemmeldir.","breadcrumb":{"@id":"https:\/\/www.purejewels.com\/product\/22ct-gold-link-chain-16-inches-42605\/#breadcrumb"},"inLanguage":"tr","potentialAction":[{"@type":"ReadAction","target":["https:\/\/www.purejewels.com\/product\/22ct-gold-link-chain-16-inches-42605\/"]}]},{"@type":"ImageObject","inLanguage":"tr","@id":"https:\/\/www.purejewels.com\/product\/22ct-gold-link-chain-16-inches-42605\/#primaryimage","url":"https:\/\/static.purejewels.com\/wp-content\/uploads\/2021\/10\/34350-1-1.jpg","contentUrl":"https:\/\/static.purejewels.com\/wp-content\/uploads\/2021\/10\/34350-1-1.jpg","width":1000,"height":1000,"caption":"22ct Gold Link Chain 34350-1"},{"@type":"BreadcrumbList","@id":"https:\/\/www.purejewels.com\/product\/22ct-gold-link-chain-16-inches-42605\/#breadcrumb","itemListElement":[{"@type":"ListItem","position":1,"name":"Home","item":"https:\/\/www.purejewels.com\/"},{"@type":"ListItem","position":2,"name":"Shop","item":"https:\/\/www.purejewels.com\/shop\/"},{"@type":"ListItem","position":3,"name":"22ct Gold | Link Chain | 16 Inches"}]},{"@type":"WebSite","@id":"https:\/\/www.purejewels.com\/#website","url":"https:\/\/www.purejewels.com\/","name":"PureJewels \u0130ngiltere","description":"Sevgiyi Payla\u015f\u0131n","publisher":{"@id":"https:\/\/www.purejewels.com\/#organization"},"potentialAction":[{"@type":"SearchAction","target":{"@type":"EntryPoint","urlTemplate":"https:\/\/www.purejewels.com\/?s={search_term_string}"},"query-input":{"@type":"PropertyValueSpecification","valueRequired":true,"valueName":"search_term_string"}}],"inLanguage":"tr"},{"@type":"Organization","@id":"https:\/\/www.purejewels.com\/#organization","name":"PureJewels \u0130ngiltere","url":"https:\/\/www.purejewels.com\/","logo":{"@type":"ImageObject","inLanguage":"tr","@id":"https:\/\/www.purejewels.com\/#\/schema\/logo\/image\/","url":"https:\/\/static.purejewels.com\/wp-content\/uploads\/2020\/11\/Logo-PJ-New-1.png","contentUrl":"https:\/\/static.purejewels.com\/wp-content\/uploads\/2020\/11\/Logo-PJ-New-1.png","width":150,"height":80,"caption":"PureJewels UK"},"image":{"@id":"https:\/\/www.purejewels.com\/#\/schema\/logo\/image\/"}}]}},"_links":{"self":[{"href":"https:\/\/www.purejewels.com\/tr\/wp-json\/wp\/v2\/product\/358924","targetHints":{"allow":["GET"]}}],"collection":[{"href":"https:\/\/www.purejewels.com\/tr\/wp-json\/wp\/v2\/product"}],"about":[{"href":"https:\/\/www.purejewels.com\/tr\/wp-json\/wp\/v2\/types\/product"}],"replies":[{"embeddable":true,"href":"https:\/\/www.purejewels.com\/tr\/wp-json\/wp\/v2\/comments?post=358924"}],"version-history":[{"count":4,"href":"https:\/\/www.purejewels.com\/tr\/wp-json\/wp\/v2\/product\/358924\/revisions"}],"predecessor-version":[{"id":425567,"href":"https:\/\/www.purejewels.com\/tr\/wp-json\/wp\/v2\/product\/358924\/revisions\/425567"}],"wp:featuredmedia":[{"embeddable":true,"href":"https:\/\/www.purejewels.com\/tr\/wp-json\/wp\/v2\/media\/327603"}],"wp:attachment":[{"href":"https:\/\/www.purejewels.com\/tr\/wp-json\/wp\/v2\/media?parent=358924"}],"wp:term":[{"taxonomy":"product_brand","embeddable":true,"href":"https:\/\/www.purejewels.com\/tr\/wp-json\/wp\/v2\/product_brand?post=358924"},{"taxonomy":"product_cat","embeddable":true,"href":"https:\/\/www.purejewels.com\/tr\/wp-json\/wp\/v2\/product_cat?post=358924"},{"taxonomy":"product_tag","embeddable":true,"href":"https:\/\/www.purejewels.com\/tr\/wp-json\/wp\/v2\/product_tag?post=358924"}],"curies":[{"name":"wp","href":"https:\/\/api.w.org\/{rel}","templated":true}]}}