{"id":358949,"date":"2024-12-18T01:20:05","date_gmt":"2024-12-18T01:20:05","guid":{"rendered":"https:\/\/www.purejewels.com\/?post_type=product&#038;p=358949"},"modified":"2026-03-05T10:13:31","modified_gmt":"2026-03-05T10:13:31","slug":"incili-22-ayar-altin-kolye-48331","status":"publish","type":"product","link":"https:\/\/www.purejewels.com\/tr\/product\/22ct-gold-necklace-with-pearls-48331\/","title":{"rendered":"\u0130ncili 22 Ayar Alt\u0131n Kolye | 24 \u0130n\u00e7"},"content":{"rendered":"<ul>\n<li>Aral\u0131k Kimli\u011fi: JWCHCGPL002<\/li>\n<li>\n<h2 class=\"\" data-sourcepos=\"1:1-1:90\">Geleneksel \u015e\u0131kl\u0131\u011f\u0131 Bizim ile Kucaklay\u0131n <a href=\"https:\/\/www.purejewels.com\/tr\/urun-kategori%cc%87si%cc%87\/22-ayar-altin-takilar\/altin-zincirler\/suslu-mala-zincirleri\/\">22 Ayar Alt\u0131n Mala<\/a> Tatl\u0131 Su \u0130ncili (24 \u0130n\u00e7)<\/h2>\n<p data-sourcepos=\"3:1-3:72\"><strong>Kendinizi zamans\u0131z g\u00fczelli\u011fe b\u0131rak\u0131n<\/strong> Bu zarif 24 in\u00e7lik mala kolye ile. P\u0131r\u0131l p\u0131r\u0131l parlayan <a href=\"https:\/\/www.purejewels.com\/tr\/product\/22ct-gold-antique-stud-49642\/\">22 ayar alt\u0131n<\/a>Parlak tatl\u0131 su incilerinden olu\u015fan basamakl\u0131 bir diziye sahiptir. Zengin alt\u0131n, incilerin yumu\u015fak parlakl\u0131\u011f\u0131n\u0131 tamamlayarak sofistike ve zarif bir par\u00e7a yarat\u0131r.<\/p>\n<p data-sourcepos=\"5:1-5:34\"><strong>\u00d6zel G\u00fcnler i\u00e7in M\u00fckemmel:<\/strong><\/p>\n<ul data-sourcepos=\"7:1-7:58\">\n<li data-sourcepos=\"7:1-7:58\">Mala'n\u0131n uzunlu\u011fu (24 in\u00e7), \u00e7ok y\u00f6nl\u00fc bir g\u00f6r\u00fcn\u00fcm i\u00e7in uzun veya iki kat takmak i\u00e7in idealdir. Geleneksel k\u0131yafetlere \u015f\u0131k bir dokunu\u015f katar veya g\u00fcnl\u00fck giyimi y\u00fckseltir.<\/li>\n<\/ul>\n<p data-sourcepos=\"9:1-9:28\"><strong>Tatl\u0131su \u0130ncisi Allure:<\/strong><\/p>\n<ul data-sourcepos=\"11:1-12:0\">\n<li data-sourcepos=\"11:1-12:0\">Malay\u0131 s\u00fcsleyen hakiki tatl\u0131 su incilerinin her biri e\u015fsiz bir renk oyununa ve do\u011fal parlakl\u0131\u011fa sahiptir. Bu inciler par\u00e7aya organik bir zarafet ve bireysellik kat\u0131yor.<\/li>\n<\/ul>\n<p data-sourcepos=\"13:1-13:33\"><strong><a href=\"https:\/\/www.purejewels.com\/tr\/product\/22ct-gold-jali-filigree-ring-jali-collection-31926\/\">22ct<\/a> Kal\u0131c\u0131 L\u00fcks i\u00e7in Alt\u0131n:<\/strong><\/p>\n<ul data-sourcepos=\"15:1-16:0\">\n<li data-sourcepos=\"15:1-16:0\">Y\u00fcksek alt\u0131n i\u00e7eri\u011fi (22ct) l\u00fcks bir g\u00f6r\u00fcn\u00fcm ve his sa\u011flar. Bu kolye, nesiller boyu de\u011fer verilmek \u00fczere \u00fcretilmi\u015f, aile yadigar\u0131 kalitesinde bir par\u00e7ad\u0131r.<\/li>\n<\/ul>\n<p data-sourcepos=\"17:1-17:32\"><strong>Bir Aksesuardan Daha Fazlas\u0131:<\/strong><\/p>\n<ul data-sourcepos=\"19:1-19:74\">\n<li data-sourcepos=\"19:1-19:74\">Malalar bir\u00e7ok gelenekte k\u00fclt\u00fcrel \u00f6neme sahiptir ve bar\u0131\u015f\u0131, fark\u0131ndal\u0131\u011f\u0131 ve duay\u0131 temsil eder. Bu mala kolye hem stili hem de sembolizmi kucaklaman\u0131z\u0131 sa\u011flar.<\/li>\n<\/ul>\n<p data-sourcepos=\"21:1-21:108\"><strong>G\u00f6r\u00fcn\u00fcm\u00fcn\u00fcz\u00fc g\u00fczelle\u015ftirin veya m\u00fckemmel bir hazine hediye edin.\u00a0<\/strong><\/p>\n<\/li>\n<\/ul>","protected":false},"excerpt":{"rendered":"<table class=\"sh_desc\">\n<tbody>\n<tr>\n<td>Kolye \u00c7e\u015fitleri<\/td>\n<td>Mala Tarz\u0131 Kolyeler<\/td>\n<\/tr>\n<tr>\n<td>SKU<\/td>\n<td>48331<\/td>\n<\/tr>\n<tr>\n<td>A\u011f\u0131rl\u0131k<\/td>\n<td>11.2 Gms<\/td>\n<\/tr>\n<tr>\n<td>Metal<\/td>\n<td>22 Ayar Alt\u0131n<\/td>\n<\/tr>\n<tr>\n<td>Uzunluk<\/td>\n<td>24 in\u00e7<\/td>\n<\/tr>\n<tr>\n<td>Boncuk Boyutu<\/td>\n<td>3mm<\/td>\n<\/tr>\n<tr>\n<td>Hallmark<\/td>\n<td>Londra Tahlil Ofisi Taraf\u0131ndan Damgalanm\u0131\u015f 22 Ayar Alt\u0131n<\/td>\n<\/tr>\n<tr>\n<td>\u00dccretler<\/td>\n<td>Teslimat ve KDV Dahil<\/td>\n<\/tr>\n<tr>\n<td>Paketleme<\/td>\n<td>Sunum Kutusu ile Birlikte Gelir<\/td>\n<\/tr>\n<tr>\n<td>Daha Fazla Bilgi<\/td>\n<td>\n<ul>\n<li>M\u00fcsaitlik durumu ve daha fazla resim i\u00e7in bizimle canl\u0131 sohbet edin<\/li>\n<li>Bizim ke\u015ffedin\u00a0<strong>Kolyeler<\/strong><\/li>\n<\/ul>\n<\/td>\n<\/tr>\n<\/tbody>\n<\/table>","protected":false},"featured_media":340172,"comment_status":"closed","ping_status":"closed","template":"","meta":{"_eb_attr":"","_crsspst_to_jayantr4sg-hostcom":false},"product_brand":[],"product_cat":[5264,1791,1617,1559,1793,1792,1229,1779,1570,5456,5338,1569,1573],"product_tag":[],"class_list":{"0":"post-358949","1":"product","2":"type-product","3":"status-publish","4":"has-post-thumbnail","6":"product_cat-22ct-gold-chain","7":"product_cat-anniversary-gifts","8":"product_cat-fancy-mala-chains","9":"product_cat-birthday-gifts","10":"product_cat-diwali-gifts","11":"product_cat-festival-gifts","12":"product_cat-22ct-gold-jewellery","13":"product_cat-mala-style-necklaces","14":"product_cat-mothers-day-gifts","15":"product_cat-pearl-collection","16":"product_cat-shop-by-price","17":"product_cat-valentine-day-gifts","18":"product_cat-wedding-gifts","20":"first","21":"outofstock","22":"taxable","23":"shipping-taxable","24":"product-type-simple","25":"add-to-wishlist-before_image"},"yoast_head":"<!-- This site is optimized with the Yoast SEO plugin v27.5 - https:\/\/yoast.com\/product\/yoast-seo-wordpress\/ -->\n<title>Order your 22ct Gold Mala with Freshwater Pearls today!<\/title>\n<meta name=\"description\" content=\"Purejewels UK offers a range of elegant 22ct gold necklaces with pearls, including a beautiful 20-inch design. Shop online for fine jewellery\" \/>\n<meta name=\"robots\" content=\"index, follow, max-snippet:-1, max-image-preview:large, max-video-preview:-1\" \/>\n<link rel=\"canonical\" href=\"https:\/\/www.purejewels.com\/tr\/urun\/incili-22-ayar-altin-kolye-48331\/\" \/>\n<meta property=\"og:locale\" content=\"tr_TR\" \/>\n<meta property=\"og:type\" content=\"article\" \/>\n<meta property=\"og:title\" content=\"Order your 22ct Gold Mala with Freshwater Pearls today!\" \/>\n<meta property=\"og:description\" content=\"Purejewels UK offers a range of elegant 22ct gold necklaces with pearls, including a beautiful 20-inch design. Shop online for fine jewellery\" \/>\n<meta property=\"og:url\" content=\"https:\/\/www.purejewels.com\/tr\/urun\/incili-22-ayar-altin-kolye-48331\/\" \/>\n<meta property=\"og:site_name\" content=\"PureJewels UK\" \/>\n<meta property=\"article:modified_time\" content=\"2026-03-05T10:13:31+00:00\" \/>\n<meta property=\"og:image\" content=\"https:\/\/static.purejewels.com\/wp-content\/uploads\/2022\/10\/43597-43596-2-1.jpg\" \/>\n\t<meta property=\"og:image:width\" content=\"1000\" \/>\n\t<meta property=\"og:image:height\" content=\"1000\" \/>\n\t<meta property=\"og:image:type\" content=\"image\/jpeg\" \/>\n<meta name=\"twitter:card\" content=\"summary_large_image\" \/>\n<meta name=\"twitter:label1\" content=\"Tahmini okuma s\u00fcresi\" \/>\n\t<meta name=\"twitter:data1\" content=\"2 dakika\" \/>\n<script type=\"application\/ld+json\" class=\"yoast-schema-graph\">{\"@context\":\"https:\\\/\\\/schema.org\",\"@graph\":[{\"@type\":[\"WebPage\",\"ItemPage\"],\"@id\":\"https:\\\/\\\/www.purejewels.com\\\/product\\\/22ct-gold-necklace-with-pearls-48331\\\/\",\"url\":\"https:\\\/\\\/www.purejewels.com\\\/product\\\/22ct-gold-necklace-with-pearls-48331\\\/\",\"name\":\"Order your 22ct Gold Mala with Freshwater Pearls today!\",\"isPartOf\":{\"@id\":\"https:\\\/\\\/www.purejewels.com\\\/#website\"},\"primaryImageOfPage\":{\"@id\":\"https:\\\/\\\/www.purejewels.com\\\/product\\\/22ct-gold-necklace-with-pearls-48331\\\/#primaryimage\"},\"image\":{\"@id\":\"https:\\\/\\\/www.purejewels.com\\\/product\\\/22ct-gold-necklace-with-pearls-48331\\\/#primaryimage\"},\"thumbnailUrl\":\"https:\\\/\\\/static.purejewels.com\\\/wp-content\\\/uploads\\\/2022\\\/10\\\/43597-43596-2-1.jpg\",\"datePublished\":\"2024-12-18T01:20:05+00:00\",\"dateModified\":\"2026-03-05T10:13:31+00:00\",\"description\":\"Purejewels UK offers a range of elegant 22ct gold necklaces with pearls, including a beautiful 20-inch design. Shop online for fine jewellery\",\"breadcrumb\":{\"@id\":\"https:\\\/\\\/www.purejewels.com\\\/product\\\/22ct-gold-necklace-with-pearls-48331\\\/#breadcrumb\"},\"inLanguage\":\"tr\",\"potentialAction\":[{\"@type\":\"ReadAction\",\"target\":[\"https:\\\/\\\/www.purejewels.com\\\/product\\\/22ct-gold-necklace-with-pearls-48331\\\/\"]}]},{\"@type\":\"ImageObject\",\"inLanguage\":\"tr\",\"@id\":\"https:\\\/\\\/www.purejewels.com\\\/product\\\/22ct-gold-necklace-with-pearls-48331\\\/#primaryimage\",\"url\":\"https:\\\/\\\/static.purejewels.com\\\/wp-content\\\/uploads\\\/2022\\\/10\\\/43597-43596-2-1.jpg\",\"contentUrl\":\"https:\\\/\\\/static.purejewels.com\\\/wp-content\\\/uploads\\\/2022\\\/10\\\/43597-43596-2-1.jpg\",\"width\":1000,\"height\":1000,\"caption\":\"Pearl Jewellery\"},{\"@type\":\"BreadcrumbList\",\"@id\":\"https:\\\/\\\/www.purejewels.com\\\/product\\\/22ct-gold-necklace-with-pearls-48331\\\/#breadcrumb\",\"itemListElement\":[{\"@type\":\"ListItem\",\"position\":1,\"name\":\"Home\",\"item\":\"https:\\\/\\\/www.purejewels.com\\\/\"},{\"@type\":\"ListItem\",\"position\":2,\"name\":\"Shop\",\"item\":\"https:\\\/\\\/www.purejewels.com\\\/shop\\\/\"},{\"@type\":\"ListItem\",\"position\":3,\"name\":\"22ct Gold Necklace with Pearls | 24 Inches\"}]},{\"@type\":\"WebSite\",\"@id\":\"https:\\\/\\\/www.purejewels.com\\\/#website\",\"url\":\"https:\\\/\\\/www.purejewels.com\\\/\",\"name\":\"PureJewels UK\",\"description\":\"Share the Love\",\"publisher\":{\"@id\":\"https:\\\/\\\/www.purejewels.com\\\/#organization\"},\"potentialAction\":[{\"@type\":\"SearchAction\",\"target\":{\"@type\":\"EntryPoint\",\"urlTemplate\":\"https:\\\/\\\/www.purejewels.com\\\/?s={search_term_string}\"},\"query-input\":{\"@type\":\"PropertyValueSpecification\",\"valueRequired\":true,\"valueName\":\"search_term_string\"}}],\"inLanguage\":\"tr\"},{\"@type\":\"Organization\",\"@id\":\"https:\\\/\\\/www.purejewels.com\\\/#organization\",\"name\":\"PureJewels UK\",\"url\":\"https:\\\/\\\/www.purejewels.com\\\/\",\"logo\":{\"@type\":\"ImageObject\",\"inLanguage\":\"tr\",\"@id\":\"https:\\\/\\\/www.purejewels.com\\\/#\\\/schema\\\/logo\\\/image\\\/\",\"url\":\"https:\\\/\\\/static.purejewels.com\\\/wp-content\\\/uploads\\\/2020\\\/11\\\/Logo-PJ-New-1.png\",\"contentUrl\":\"https:\\\/\\\/static.purejewels.com\\\/wp-content\\\/uploads\\\/2020\\\/11\\\/Logo-PJ-New-1.png\",\"width\":150,\"height\":80,\"caption\":\"PureJewels UK\"},\"image\":{\"@id\":\"https:\\\/\\\/www.purejewels.com\\\/#\\\/schema\\\/logo\\\/image\\\/\"}}]}<\/script>\n<!-- \/ Yoast SEO plugin. -->","yoast_head_json":{"title":"Tatl\u0131 Su \u0130ncili 22 Ayar Alt\u0131n Mala'n\u0131z\u0131 bug\u00fcn sipari\u015f edin!","description":"Purejewels UK, 20 in\u00e7lik g\u00fczel bir tasar\u0131m da dahil olmak \u00fczere incili zarif 22 ayar alt\u0131n kolyeler sunmaktad\u0131r. Kaliteli m\u00fccevherler i\u00e7in online al\u0131\u015fveri\u015f yap\u0131n","robots":{"index":"index","follow":"follow","max-snippet":"max-snippet:-1","max-image-preview":"max-image-preview:large","max-video-preview":"max-video-preview:-1"},"canonical":"https:\/\/www.purejewels.com\/tr\/urun\/incili-22-ayar-altin-kolye-48331\/","og_locale":"tr_TR","og_type":"article","og_title":"Order your 22ct Gold Mala with Freshwater Pearls today!","og_description":"Purejewels UK offers a range of elegant 22ct gold necklaces with pearls, including a beautiful 20-inch design. Shop online for fine jewellery","og_url":"https:\/\/www.purejewels.com\/tr\/urun\/incili-22-ayar-altin-kolye-48331\/","og_site_name":"PureJewels UK","article_modified_time":"2026-03-05T10:13:31+00:00","og_image":[{"width":1000,"height":1000,"url":"https:\/\/static.purejewels.com\/wp-content\/uploads\/2022\/10\/43597-43596-2-1.jpg","type":"image\/jpeg"}],"twitter_card":"summary_large_image","twitter_misc":{"Tahmini okuma s\u00fcresi":"2 dakika"},"schema":{"@context":"https:\/\/schema.org","@graph":[{"@type":["WebPage","ItemPage"],"@id":"https:\/\/www.purejewels.com\/product\/22ct-gold-necklace-with-pearls-48331\/","url":"https:\/\/www.purejewels.com\/product\/22ct-gold-necklace-with-pearls-48331\/","name":"Tatl\u0131 Su \u0130ncili 22 Ayar Alt\u0131n Mala'n\u0131z\u0131 bug\u00fcn sipari\u015f edin!","isPartOf":{"@id":"https:\/\/www.purejewels.com\/#website"},"primaryImageOfPage":{"@id":"https:\/\/www.purejewels.com\/product\/22ct-gold-necklace-with-pearls-48331\/#primaryimage"},"image":{"@id":"https:\/\/www.purejewels.com\/product\/22ct-gold-necklace-with-pearls-48331\/#primaryimage"},"thumbnailUrl":"https:\/\/static.purejewels.com\/wp-content\/uploads\/2022\/10\/43597-43596-2-1.jpg","datePublished":"2024-12-18T01:20:05+00:00","dateModified":"2026-03-05T10:13:31+00:00","description":"Purejewels UK, 20 in\u00e7lik g\u00fczel bir tasar\u0131m da dahil olmak \u00fczere incili zarif 22 ayar alt\u0131n kolyeler sunmaktad\u0131r. Kaliteli m\u00fccevherler i\u00e7in online al\u0131\u015fveri\u015f yap\u0131n","breadcrumb":{"@id":"https:\/\/www.purejewels.com\/product\/22ct-gold-necklace-with-pearls-48331\/#breadcrumb"},"inLanguage":"tr","potentialAction":[{"@type":"ReadAction","target":["https:\/\/www.purejewels.com\/product\/22ct-gold-necklace-with-pearls-48331\/"]}]},{"@type":"ImageObject","inLanguage":"tr","@id":"https:\/\/www.purejewels.com\/product\/22ct-gold-necklace-with-pearls-48331\/#primaryimage","url":"https:\/\/static.purejewels.com\/wp-content\/uploads\/2022\/10\/43597-43596-2-1.jpg","contentUrl":"https:\/\/static.purejewels.com\/wp-content\/uploads\/2022\/10\/43597-43596-2-1.jpg","width":1000,"height":1000,"caption":"Pearl Jewellery"},{"@type":"BreadcrumbList","@id":"https:\/\/www.purejewels.com\/product\/22ct-gold-necklace-with-pearls-48331\/#breadcrumb","itemListElement":[{"@type":"ListItem","position":1,"name":"Home","item":"https:\/\/www.purejewels.com\/"},{"@type":"ListItem","position":2,"name":"Shop","item":"https:\/\/www.purejewels.com\/shop\/"},{"@type":"ListItem","position":3,"name":"22ct Gold Necklace with Pearls | 24 Inches"}]},{"@type":"WebSite","@id":"https:\/\/www.purejewels.com\/#website","url":"https:\/\/www.purejewels.com\/","name":"PureJewels \u0130ngiltere","description":"Sevgiyi Payla\u015f\u0131n","publisher":{"@id":"https:\/\/www.purejewels.com\/#organization"},"potentialAction":[{"@type":"SearchAction","target":{"@type":"EntryPoint","urlTemplate":"https:\/\/www.purejewels.com\/?s={search_term_string}"},"query-input":{"@type":"PropertyValueSpecification","valueRequired":true,"valueName":"search_term_string"}}],"inLanguage":"tr"},{"@type":"Organization","@id":"https:\/\/www.purejewels.com\/#organization","name":"PureJewels \u0130ngiltere","url":"https:\/\/www.purejewels.com\/","logo":{"@type":"ImageObject","inLanguage":"tr","@id":"https:\/\/www.purejewels.com\/#\/schema\/logo\/image\/","url":"https:\/\/static.purejewels.com\/wp-content\/uploads\/2020\/11\/Logo-PJ-New-1.png","contentUrl":"https:\/\/static.purejewels.com\/wp-content\/uploads\/2020\/11\/Logo-PJ-New-1.png","width":150,"height":80,"caption":"PureJewels UK"},"image":{"@id":"https:\/\/www.purejewels.com\/#\/schema\/logo\/image\/"}}]}},"_links":{"self":[{"href":"https:\/\/www.purejewels.com\/tr\/wp-json\/wp\/v2\/product\/358949","targetHints":{"allow":["GET"]}}],"collection":[{"href":"https:\/\/www.purejewels.com\/tr\/wp-json\/wp\/v2\/product"}],"about":[{"href":"https:\/\/www.purejewels.com\/tr\/wp-json\/wp\/v2\/types\/product"}],"replies":[{"embeddable":true,"href":"https:\/\/www.purejewels.com\/tr\/wp-json\/wp\/v2\/comments?post=358949"}],"version-history":[{"count":5,"href":"https:\/\/www.purejewels.com\/tr\/wp-json\/wp\/v2\/product\/358949\/revisions"}],"predecessor-version":[{"id":426652,"href":"https:\/\/www.purejewels.com\/tr\/wp-json\/wp\/v2\/product\/358949\/revisions\/426652"}],"wp:featuredmedia":[{"embeddable":true,"href":"https:\/\/www.purejewels.com\/tr\/wp-json\/wp\/v2\/media\/340172"}],"wp:attachment":[{"href":"https:\/\/www.purejewels.com\/tr\/wp-json\/wp\/v2\/media?parent=358949"}],"wp:term":[{"taxonomy":"product_brand","embeddable":true,"href":"https:\/\/www.purejewels.com\/tr\/wp-json\/wp\/v2\/product_brand?post=358949"},{"taxonomy":"product_cat","embeddable":true,"href":"https:\/\/www.purejewels.com\/tr\/wp-json\/wp\/v2\/product_cat?post=358949"},{"taxonomy":"product_tag","embeddable":true,"href":"https:\/\/www.purejewels.com\/tr\/wp-json\/wp\/v2\/product_tag?post=358949"}],"curies":[{"name":"wp","href":"https:\/\/api.w.org\/{rel}","templated":true}]}}