{"id":358951,"date":"2024-03-15T12:29:24","date_gmt":"2024-03-15T12:29:24","guid":{"rendered":"https:\/\/www.purejewels.com\/?post_type=product&#038;p=358951"},"modified":"2025-07-18T16:09:03","modified_gmt":"2025-07-18T15:09:03","slug":"incili-22-ayar-altin-kolye-18-inc-48357","status":"publish","type":"product","link":"https:\/\/www.purejewels.com\/tr\/product\/22ct-gold-necklace-with-pearls-18-inches-48357\/","title":{"rendered":"\u0130ncili 22 Ayar Alt\u0131n Kolye | 24,5 \u0130n\u00e7"},"content":{"rendered":"<ul>\n<li>Aral\u0131k Kimli\u011fi: JWCHCGPL002<\/li>\n<li>\n<h3>22 Ayar Alt\u0131n \u0130nci Uzun Mala | 24,5 \u0130n\u00e7 | 4mm Tatl\u0131 Su \u0130ncileri<\/h3>\n<p>L\u00fcks \u00fcr\u00fcnlerimizle tan\u0131\u015f\u0131n <a href=\"https:\/\/www.purejewels.com\/tr\/product\/22ct-gold-antique-stud-49642\/\">22 Ayar Alt\u0131n<\/a> \u0130nci Uzun Mala, zamans\u0131z zarafetin ve sofistikeli\u011fin timsali. 24,5 in\u00e7 \u00f6l\u00e7\u00fcs\u00fcndeki bu zarif par\u00e7a, her biri \u0131\u015f\u0131lt\u0131l\u0131 parlakl\u0131\u011f\u0131 ve kusursuz kalitesi i\u00e7in elle se\u00e7ilen 4 mm tatl\u0131 su incileriyle haz\u0131rlanm\u0131\u015ft\u0131r.<\/p>\n<p>Bu malan\u0131n uzun tasar\u0131m\u0131, zarif bir \u015fekilde \u00f6rt\u00fclmesini sa\u011flayarak her k\u0131yafete zenginlik katar. Mala <a href=\"https:\/\/www.purejewels.com\/tr\/product\/22ct-gold-jali-filigree-ring-jali-collection-31926\/\">22ct<\/a> <a href=\"https:\/\/www.purejewels.com\/tr\/elegance-of-sold-gold\/\">ger\u00e7ek alt\u0131n<\/a> Ayar, incilerin do\u011fal g\u00fczelli\u011fini art\u0131rarak zenginlik ve zarafetin uyumlu bir kar\u0131\u015f\u0131m\u0131n\u0131 olu\u015fturur.<\/p>\n<p>\u00d6zel g\u00fcnler, k\u00fclt\u00fcrel etkinlikler veya bir ifade par\u00e7as\u0131 olarak m\u00fckemmel olan bu Alt\u0131n \u0130nci Uzun Mala, tarz\u0131n\u0131z\u0131 zahmetsizce y\u00fckseltir. Birinci s\u0131n\u0131f malzemelerle birle\u015ftirilmi\u015f klasik tasar\u0131m\u0131, \u00e7e\u015fitli k\u0131yafetleri tamamlayacak kadar \u00e7ok y\u00f6nl\u00fc kal\u0131rken \u00f6ne \u00e7\u0131kmas\u0131n\u0131 sa\u011flar.<\/p>\n<p>Bu \u00e7arp\u0131c\u0131 22 Ayar Alt\u0131n \u0130nci Uzun Mala ile m\u00fccevher koleksiyonunuzu y\u00fckseltin. \u0130ster sevdi\u011finiz biri i\u00e7in bir hediye ister ki\u015fisel bir zevk olsun, bu par\u00e7a zarafetin ve l\u00fcks\u00fcn \u00f6z\u00fcn\u00fc temsil eder ve nesiller boyunca el \u00fcst\u00fcnde tutulmaya ve hayranl\u0131k uyand\u0131rmaya mahkumdur.<\/li>\n<\/ul>","protected":false},"excerpt":{"rendered":"<table class=\"sh_desc\">\n<tbody>\n<tr>\n<td>Kolye \u00c7e\u015fitleri<\/td>\n<td>Mala Tarz\u0131 Kolyeler<\/td>\n<\/tr>\n<tr>\n<td>SKU<\/td>\n<td>48356<\/td>\n<\/tr>\n<tr>\n<td>A\u011f\u0131rl\u0131k<\/td>\n<td>16.4 Gms<\/td>\n<\/tr>\n<tr>\n<td>Metal<\/td>\n<td>22 Ayar Alt\u0131n<\/td>\n<\/tr>\n<tr>\n<td>Uzunluk<\/td>\n<td>24,5 in\u00e7<\/td>\n<\/tr>\n<tr>\n<td>Boncuk Boyutu<\/td>\n<td>4mm<\/td>\n<\/tr>\n<tr>\n<td>Hallmark<\/td>\n<td>Londra Tahlil Ofisi Taraf\u0131ndan Damgalanm\u0131\u015f 22 Ayar Alt\u0131n<\/td>\n<\/tr>\n<tr>\n<td>\u00dccretler<\/td>\n<td>Teslimat ve KDV Dahil<\/td>\n<\/tr>\n<tr>\n<td>Paketleme<\/td>\n<td>Sunum Kutusu ile Birlikte Gelir<\/td>\n<\/tr>\n<tr>\n<td>Daha Fazla Bilgi<\/td>\n<td>M\u00fcsaitlik durumu ve daha fazla resim i\u00e7in bizimle canl\u0131 sohbet edin<\/td>\n<\/tr>\n<\/tbody>\n<\/table>","protected":false},"featured_media":340172,"comment_status":"closed","ping_status":"closed","template":"","meta":{"_eb_attr":"","_crsspst_to_jayantr4sg-hostcom":false},"product_brand":[],"product_cat":[5264,1791,1617,1559,1779,1570,5456,5338,1569,1573],"product_tag":[],"class_list":{"0":"post-358951","1":"product","2":"type-product","3":"status-publish","4":"has-post-thumbnail","6":"product_cat-22ct-gold-chain","7":"product_cat-anniversary-gifts","8":"product_cat-fancy-mala-chains","9":"product_cat-birthday-gifts","10":"product_cat-mala-style-necklaces","11":"product_cat-mothers-day-gifts","12":"product_cat-pearl-collection","13":"product_cat-shop-by-price","14":"product_cat-valentine-day-gifts","15":"product_cat-wedding-gifts","17":"first","18":"outofstock","19":"taxable","20":"shipping-taxable","21":"product-type-simple","22":"add-to-wishlist-before_image"},"yoast_head":"<!-- This site is optimized with the Yoast SEO plugin v27.3 - https:\/\/yoast.com\/product\/yoast-seo-wordpress\/ -->\n<title>22ct Gold Pearl Necklace for special occasions | 24.5 Inches<\/title>\n<meta name=\"description\" content=\"Discover exquisite 22ct gold necklaces with pearls at Purejewels UK online. Shop now for a stunning 24.5-inch piece of luxury jewellery.\" \/>\n<meta name=\"robots\" content=\"index, follow, max-snippet:-1, max-image-preview:large, max-video-preview:-1\" \/>\n<link rel=\"canonical\" href=\"https:\/\/www.purejewels.com\/tr\/urun\/incili-22-ayar-altin-kolye-18-inc-48357\/\" \/>\n<meta property=\"og:locale\" content=\"tr_TR\" \/>\n<meta property=\"og:type\" content=\"article\" \/>\n<meta property=\"og:title\" content=\"22ct Gold Pearl Necklace for special occasions | 24.5 Inches\" \/>\n<meta property=\"og:description\" content=\"Discover exquisite 22ct gold necklaces with pearls at Purejewels UK online. Shop now for a stunning 24.5-inch piece of luxury jewellery.\" \/>\n<meta property=\"og:url\" content=\"https:\/\/www.purejewels.com\/tr\/urun\/incili-22-ayar-altin-kolye-18-inc-48357\/\" \/>\n<meta property=\"og:site_name\" content=\"PureJewels UK\" \/>\n<meta property=\"article:modified_time\" content=\"2025-07-18T15:09:03+00:00\" \/>\n<meta property=\"og:image\" content=\"https:\/\/www.purejewels.com\/wp-content\/uploads\/2022\/10\/43597-43596-2-1.jpg\" \/>\n\t<meta property=\"og:image:width\" content=\"1000\" \/>\n\t<meta property=\"og:image:height\" content=\"1000\" \/>\n\t<meta property=\"og:image:type\" content=\"image\/jpeg\" \/>\n<meta name=\"twitter:card\" content=\"summary_large_image\" \/>\n<meta name=\"twitter:label1\" content=\"Tahmini okuma s\u00fcresi\" \/>\n\t<meta name=\"twitter:data1\" content=\"1 dakika\" \/>\n<script type=\"application\/ld+json\" class=\"yoast-schema-graph\">{\"@context\":\"https:\\\/\\\/schema.org\",\"@graph\":[{\"@type\":[\"WebPage\",\"ItemPage\"],\"@id\":\"https:\\\/\\\/www.purejewels.com\\\/product\\\/22ct-gold-necklace-with-pearls-18-inches-48357\\\/\",\"url\":\"https:\\\/\\\/www.purejewels.com\\\/product\\\/22ct-gold-necklace-with-pearls-18-inches-48357\\\/\",\"name\":\"22ct Gold Pearl Necklace for special occasions | 24.5 Inches\",\"isPartOf\":{\"@id\":\"https:\\\/\\\/www.purejewels.com\\\/#website\"},\"primaryImageOfPage\":{\"@id\":\"https:\\\/\\\/www.purejewels.com\\\/product\\\/22ct-gold-necklace-with-pearls-18-inches-48357\\\/#primaryimage\"},\"image\":{\"@id\":\"https:\\\/\\\/www.purejewels.com\\\/product\\\/22ct-gold-necklace-with-pearls-18-inches-48357\\\/#primaryimage\"},\"thumbnailUrl\":\"https:\\\/\\\/static.purejewels.com\\\/wp-content\\\/uploads\\\/2022\\\/10\\\/43597-43596-2-1.jpg\",\"datePublished\":\"2024-03-15T12:29:24+00:00\",\"dateModified\":\"2025-07-18T15:09:03+00:00\",\"description\":\"Discover exquisite 22ct gold necklaces with pearls at Purejewels UK online. Shop now for a stunning 24.5-inch piece of luxury jewellery.\",\"breadcrumb\":{\"@id\":\"https:\\\/\\\/www.purejewels.com\\\/product\\\/22ct-gold-necklace-with-pearls-18-inches-48357\\\/#breadcrumb\"},\"inLanguage\":\"tr\",\"potentialAction\":[{\"@type\":\"ReadAction\",\"target\":[\"https:\\\/\\\/www.purejewels.com\\\/product\\\/22ct-gold-necklace-with-pearls-18-inches-48357\\\/\"]}]},{\"@type\":\"ImageObject\",\"inLanguage\":\"tr\",\"@id\":\"https:\\\/\\\/www.purejewels.com\\\/product\\\/22ct-gold-necklace-with-pearls-18-inches-48357\\\/#primaryimage\",\"url\":\"https:\\\/\\\/static.purejewels.com\\\/wp-content\\\/uploads\\\/2022\\\/10\\\/43597-43596-2-1.jpg\",\"contentUrl\":\"https:\\\/\\\/static.purejewels.com\\\/wp-content\\\/uploads\\\/2022\\\/10\\\/43597-43596-2-1.jpg\",\"width\":1000,\"height\":1000,\"caption\":\"Pearl Jewellery\"},{\"@type\":\"BreadcrumbList\",\"@id\":\"https:\\\/\\\/www.purejewels.com\\\/product\\\/22ct-gold-necklace-with-pearls-18-inches-48357\\\/#breadcrumb\",\"itemListElement\":[{\"@type\":\"ListItem\",\"position\":1,\"name\":\"Home\",\"item\":\"https:\\\/\\\/www.purejewels.com\\\/\"},{\"@type\":\"ListItem\",\"position\":2,\"name\":\"Shop\",\"item\":\"https:\\\/\\\/www.purejewels.com\\\/shop\\\/\"},{\"@type\":\"ListItem\",\"position\":3,\"name\":\"22ct Gold Necklace with Pearls | 24.5 Inches\"}]},{\"@type\":\"WebSite\",\"@id\":\"https:\\\/\\\/www.purejewels.com\\\/#website\",\"url\":\"https:\\\/\\\/www.purejewels.com\\\/\",\"name\":\"PureJewels UK\",\"description\":\"Share the Love\",\"publisher\":{\"@id\":\"https:\\\/\\\/www.purejewels.com\\\/#organization\"},\"potentialAction\":[{\"@type\":\"SearchAction\",\"target\":{\"@type\":\"EntryPoint\",\"urlTemplate\":\"https:\\\/\\\/www.purejewels.com\\\/?s={search_term_string}\"},\"query-input\":{\"@type\":\"PropertyValueSpecification\",\"valueRequired\":true,\"valueName\":\"search_term_string\"}}],\"inLanguage\":\"tr\"},{\"@type\":\"Organization\",\"@id\":\"https:\\\/\\\/www.purejewels.com\\\/#organization\",\"name\":\"PureJewels UK\",\"url\":\"https:\\\/\\\/www.purejewels.com\\\/\",\"logo\":{\"@type\":\"ImageObject\",\"inLanguage\":\"tr\",\"@id\":\"https:\\\/\\\/www.purejewels.com\\\/#\\\/schema\\\/logo\\\/image\\\/\",\"url\":\"https:\\\/\\\/static.purejewels.com\\\/wp-content\\\/uploads\\\/2020\\\/11\\\/Logo-PJ-New-1.png\",\"contentUrl\":\"https:\\\/\\\/static.purejewels.com\\\/wp-content\\\/uploads\\\/2020\\\/11\\\/Logo-PJ-New-1.png\",\"width\":150,\"height\":80,\"caption\":\"PureJewels UK\"},\"image\":{\"@id\":\"https:\\\/\\\/www.purejewels.com\\\/#\\\/schema\\\/logo\\\/image\\\/\"}}]}<\/script>\n<!-- \/ Yoast SEO plugin. -->","yoast_head_json":{"title":"\u00d6zel g\u00fcnler i\u00e7in 22 Ayar Alt\u0131n \u0130nci Kolye | 24,5 \u0130n\u00e7","description":"Purejewels UK online'da incili zarif 22 ayar alt\u0131n kolyeleri ke\u015ffedin. G\u00f6z al\u0131c\u0131 24,5 in\u00e7lik l\u00fcks m\u00fccevherler i\u00e7in \u015fimdi al\u0131\u015fveri\u015f yap\u0131n.","robots":{"index":"index","follow":"follow","max-snippet":"max-snippet:-1","max-image-preview":"max-image-preview:large","max-video-preview":"max-video-preview:-1"},"canonical":"https:\/\/www.purejewels.com\/tr\/urun\/incili-22-ayar-altin-kolye-18-inc-48357\/","og_locale":"tr_TR","og_type":"article","og_title":"22ct Gold Pearl Necklace for special occasions | 24.5 Inches","og_description":"Discover exquisite 22ct gold necklaces with pearls at Purejewels UK online. Shop now for a stunning 24.5-inch piece of luxury jewellery.","og_url":"https:\/\/www.purejewels.com\/tr\/urun\/incili-22-ayar-altin-kolye-18-inc-48357\/","og_site_name":"PureJewels UK","article_modified_time":"2025-07-18T15:09:03+00:00","og_image":[{"width":1000,"height":1000,"url":"https:\/\/www.purejewels.com\/wp-content\/uploads\/2022\/10\/43597-43596-2-1.jpg","type":"image\/jpeg"}],"twitter_card":"summary_large_image","twitter_misc":{"Tahmini okuma s\u00fcresi":"1 dakika"},"schema":{"@context":"https:\/\/schema.org","@graph":[{"@type":["WebPage","ItemPage"],"@id":"https:\/\/www.purejewels.com\/product\/22ct-gold-necklace-with-pearls-18-inches-48357\/","url":"https:\/\/www.purejewels.com\/product\/22ct-gold-necklace-with-pearls-18-inches-48357\/","name":"\u00d6zel g\u00fcnler i\u00e7in 22 Ayar Alt\u0131n \u0130nci Kolye | 24,5 \u0130n\u00e7","isPartOf":{"@id":"https:\/\/www.purejewels.com\/#website"},"primaryImageOfPage":{"@id":"https:\/\/www.purejewels.com\/product\/22ct-gold-necklace-with-pearls-18-inches-48357\/#primaryimage"},"image":{"@id":"https:\/\/www.purejewels.com\/product\/22ct-gold-necklace-with-pearls-18-inches-48357\/#primaryimage"},"thumbnailUrl":"https:\/\/static.purejewels.com\/wp-content\/uploads\/2022\/10\/43597-43596-2-1.jpg","datePublished":"2024-03-15T12:29:24+00:00","dateModified":"2025-07-18T15:09:03+00:00","description":"Purejewels UK online'da incili zarif 22 ayar alt\u0131n kolyeleri ke\u015ffedin. G\u00f6z al\u0131c\u0131 24,5 in\u00e7lik l\u00fcks m\u00fccevherler i\u00e7in \u015fimdi al\u0131\u015fveri\u015f yap\u0131n.","breadcrumb":{"@id":"https:\/\/www.purejewels.com\/product\/22ct-gold-necklace-with-pearls-18-inches-48357\/#breadcrumb"},"inLanguage":"tr","potentialAction":[{"@type":"ReadAction","target":["https:\/\/www.purejewels.com\/product\/22ct-gold-necklace-with-pearls-18-inches-48357\/"]}]},{"@type":"ImageObject","inLanguage":"tr","@id":"https:\/\/www.purejewels.com\/product\/22ct-gold-necklace-with-pearls-18-inches-48357\/#primaryimage","url":"https:\/\/static.purejewels.com\/wp-content\/uploads\/2022\/10\/43597-43596-2-1.jpg","contentUrl":"https:\/\/static.purejewels.com\/wp-content\/uploads\/2022\/10\/43597-43596-2-1.jpg","width":1000,"height":1000,"caption":"Pearl Jewellery"},{"@type":"BreadcrumbList","@id":"https:\/\/www.purejewels.com\/product\/22ct-gold-necklace-with-pearls-18-inches-48357\/#breadcrumb","itemListElement":[{"@type":"ListItem","position":1,"name":"Home","item":"https:\/\/www.purejewels.com\/"},{"@type":"ListItem","position":2,"name":"Shop","item":"https:\/\/www.purejewels.com\/shop\/"},{"@type":"ListItem","position":3,"name":"22ct Gold Necklace with Pearls | 24.5 Inches"}]},{"@type":"WebSite","@id":"https:\/\/www.purejewels.com\/#website","url":"https:\/\/www.purejewels.com\/","name":"PureJewels \u0130ngiltere","description":"Sevgiyi Payla\u015f\u0131n","publisher":{"@id":"https:\/\/www.purejewels.com\/#organization"},"potentialAction":[{"@type":"SearchAction","target":{"@type":"EntryPoint","urlTemplate":"https:\/\/www.purejewels.com\/?s={search_term_string}"},"query-input":{"@type":"PropertyValueSpecification","valueRequired":true,"valueName":"search_term_string"}}],"inLanguage":"tr"},{"@type":"Organization","@id":"https:\/\/www.purejewels.com\/#organization","name":"PureJewels \u0130ngiltere","url":"https:\/\/www.purejewels.com\/","logo":{"@type":"ImageObject","inLanguage":"tr","@id":"https:\/\/www.purejewels.com\/#\/schema\/logo\/image\/","url":"https:\/\/static.purejewels.com\/wp-content\/uploads\/2020\/11\/Logo-PJ-New-1.png","contentUrl":"https:\/\/static.purejewels.com\/wp-content\/uploads\/2020\/11\/Logo-PJ-New-1.png","width":150,"height":80,"caption":"PureJewels UK"},"image":{"@id":"https:\/\/www.purejewels.com\/#\/schema\/logo\/image\/"}}]}},"_links":{"self":[{"href":"https:\/\/www.purejewels.com\/tr\/wp-json\/wp\/v2\/product\/358951","targetHints":{"allow":["GET"]}}],"collection":[{"href":"https:\/\/www.purejewels.com\/tr\/wp-json\/wp\/v2\/product"}],"about":[{"href":"https:\/\/www.purejewels.com\/tr\/wp-json\/wp\/v2\/types\/product"}],"replies":[{"embeddable":true,"href":"https:\/\/www.purejewels.com\/tr\/wp-json\/wp\/v2\/comments?post=358951"}],"version-history":[{"count":4,"href":"https:\/\/www.purejewels.com\/tr\/wp-json\/wp\/v2\/product\/358951\/revisions"}],"predecessor-version":[{"id":364129,"href":"https:\/\/www.purejewels.com\/tr\/wp-json\/wp\/v2\/product\/358951\/revisions\/364129"}],"wp:featuredmedia":[{"embeddable":true,"href":"https:\/\/www.purejewels.com\/tr\/wp-json\/wp\/v2\/media\/340172"}],"wp:attachment":[{"href":"https:\/\/www.purejewels.com\/tr\/wp-json\/wp\/v2\/media?parent=358951"}],"wp:term":[{"taxonomy":"product_brand","embeddable":true,"href":"https:\/\/www.purejewels.com\/tr\/wp-json\/wp\/v2\/product_brand?post=358951"},{"taxonomy":"product_cat","embeddable":true,"href":"https:\/\/www.purejewels.com\/tr\/wp-json\/wp\/v2\/product_cat?post=358951"},{"taxonomy":"product_tag","embeddable":true,"href":"https:\/\/www.purejewels.com\/tr\/wp-json\/wp\/v2\/product_tag?post=358951"}],"curies":[{"name":"wp","href":"https:\/\/api.w.org\/{rel}","templated":true}]}}