{"id":3590,"date":"2017-07-19T13:15:55","date_gmt":"2017-07-19T12:15:55","guid":{"rendered":"http:\/\/new.purejewels.com\/product\/anusha-22ct-uncut-polki-diamond-necklace-2\/"},"modified":"2020-12-21T17:52:34","modified_gmt":"2020-12-21T17:52:34","slug":"anusha-22ct-kesilmemis-polki-pirlanta-kolye-2","status":"publish","type":"product","link":"https:\/\/www.purejewels.com\/tr\/product\/anusha-22ct-uncut-polki-diamond-necklace-2\/","title":{"rendered":"Anusha 22ct Kesilmemi\u015f Polki P\u0131rlanta Kolye"},"content":{"rendered":"<p>Anusha <a href=\"https:\/\/www.purejewels.com\/tr\/product\/22ct-gold-jali-filigree-ring-jali-collection-31926\/\">22ct<\/a> Kesilmemi\u015f Polki P\u0131rlanta Gelin Kolyesi<\/p>\n<ul>\n<li>G\u00fcl kesim Polki p\u0131rlantalar<span style=\"float: none;background-color: transparent;color: #333333;cursor: text;font-family: Georgia,'Times New Roman','Bitstream Charter',Times,serif;font-size: 16px;font-style: normal;font-variant: normal;font-weight: 400;letter-spacing: normal;text-align: left;text-decoration: none;text-indent: 0px\"> 3,79 karat<\/span><\/li>\n<li>G\u00fcl Alt\u0131n Kaplama<\/li>\n<li>A\u011f\u0131rl\u0131k. <span style=\"float: none;background-color: transparent;color: #333333;cursor: text;font-family: Georgia,'Times New Roman','Bitstream Charter',Times,serif;font-size: 16px;font-style: normal;font-variant: normal;font-weight: 400;letter-spacing: normal;text-align: left;text-decoration: none;text-indent: 0px\">21.9g<\/span><\/li>\n<li>T\u00fcm fiyatlara KDV dahildir<\/li>\n<li>Londra Tahlil Ofisi Taraf\u0131ndan Damgalanm\u0131\u015f 22 Ayar Alt\u0131n<\/li>\n<li>T\u00fcm Setler Sunum Kutusu ile Birlikte Gelir<\/li>\n<li>Teslimat Dahil<\/li>\n<li>Stok durumu ve stokta bulunan benzer tasar\u0131mlar\u0131n daha fazla g\u00f6r\u00fcnt\u00fcs\u00fc i\u00e7in bizimle canl\u0131 sohbet edin<\/li>\n<\/ul>\n<p>&nbsp;<\/p>","protected":false},"excerpt":{"rendered":"<p>Anusha 22ct Kesilmemi\u015f Polki P\u0131rlanta Gelin Kolyesi<\/p>\n<ul>\n<li>G\u00fcl kesim Polki p\u0131rlanta 3,79 karat<\/li>\n<li>G\u00fcl Alt\u0131n Kaplama<\/li>\n<li>A\u011f\u0131rl\u0131k 21.9g<\/li>\n<li>T\u00fcm fiyatlara KDV dahildir<\/li>\n<li>Londra Tahlil Ofisi Taraf\u0131ndan Damgalanm\u0131\u015f 22 Ayar Alt\u0131n<\/li>\n<li>T\u00fcm Setler Sunum Kutusu ile Birlikte Gelir<\/li>\n<li>Teslimat Dahil<\/li>\n<li>Stok durumu ve stokta bulunan benzer tasar\u0131mlar\u0131n daha fazla g\u00f6r\u00fcnt\u00fcs\u00fc i\u00e7in bizimle canl\u0131 sohbet edin<\/li>\n<\/ul>","protected":false},"featured_media":3591,"comment_status":"closed","ping_status":"closed","template":"","meta":{"_eb_attr":"","_crsspst_to_jayantr4sg-hostcom":false},"product_brand":[],"product_cat":[256],"product_tag":[],"class_list":{"0":"post-3590","1":"product","2":"type-product","3":"status-publish","4":"has-post-thumbnail","6":"product_cat-anusha-collections","8":"first","9":"outofstock","10":"taxable","11":"shipping-taxable","12":"product-type-simple","13":"add-to-wishlist-before_image"},"yoast_head":"<!-- This site is optimized with the Yoast SEO plugin v27.3 - https:\/\/yoast.com\/product\/yoast-seo-wordpress\/ -->\n<title>Anusha 22ct Uncut Polki Diamond Necklace - \u00a32198.00 (SKU:21612)<\/title>\n<meta name=\"robots\" content=\"index, follow, max-snippet:-1, max-image-preview:large, max-video-preview:-1\" \/>\n<link rel=\"canonical\" href=\"https:\/\/www.purejewels.com\/tr\/urun\/anusha-22ct-kesilmemis-polki-pirlanta-kolye-2\/\" \/>\n<meta property=\"og:locale\" content=\"tr_TR\" \/>\n<meta property=\"og:type\" content=\"article\" \/>\n<meta property=\"og:title\" content=\"Anusha 22ct Uncut Polki Diamond Necklace - \u00a32198.00 (SKU:21612)\" \/>\n<meta property=\"og:description\" content=\"Anusha 22ct Uncut Polki Diamond Bridal Necklace   Rose cut Polki diamonds 3.79 carats  Rose Gold Finish  Wt. 21.9g  All prices include VAT  22ct Gold\u00a0Hallmarked by London Assay Office  All Sets Comes With Presentation Box  Delivery Included  Live chat with us for availability and more images of similar designs currently in stock\" \/>\n<meta property=\"og:url\" content=\"https:\/\/www.purejewels.com\/tr\/urun\/anusha-22ct-kesilmemis-polki-pirlanta-kolye-2\/\" \/>\n<meta property=\"og:site_name\" content=\"PureJewels UK\" \/>\n<meta property=\"article:modified_time\" content=\"2020-12-21T17:52:34+00:00\" \/>\n<meta property=\"og:image\" content=\"https:\/\/www.purejewels.com\/wp-content\/uploads\/2017\/07\/AN21612NECK-2.png\" \/>\n\t<meta property=\"og:image:width\" content=\"1100\" \/>\n\t<meta property=\"og:image:height\" content=\"1100\" \/>\n\t<meta property=\"og:image:type\" content=\"image\/png\" \/>\n<meta name=\"twitter:card\" content=\"summary_large_image\" \/>\n<script type=\"application\/ld+json\" class=\"yoast-schema-graph\">{\"@context\":\"https:\\\/\\\/schema.org\",\"@graph\":[{\"@type\":[\"WebPage\",\"ItemPage\"],\"@id\":\"https:\\\/\\\/www.purejewels.com\\\/de\\\/produkt-2\\\/anusha-22ct-ungeschliffene-polki-diamant-kette-2\\\/\",\"url\":\"https:\\\/\\\/www.purejewels.com\\\/de\\\/produkt-2\\\/anusha-22ct-ungeschliffene-polki-diamant-kette-2\\\/\",\"name\":\"Anusha 22ct Uncut Polki Diamond Necklace - \u00a32198.00 (SKU:21612)\",\"isPartOf\":{\"@id\":\"https:\\\/\\\/www.purejewels.com\\\/#website\"},\"primaryImageOfPage\":{\"@id\":\"https:\\\/\\\/www.purejewels.com\\\/de\\\/produkt-2\\\/anusha-22ct-ungeschliffene-polki-diamant-kette-2\\\/#primaryimage\"},\"image\":{\"@id\":\"https:\\\/\\\/www.purejewels.com\\\/de\\\/produkt-2\\\/anusha-22ct-ungeschliffene-polki-diamant-kette-2\\\/#primaryimage\"},\"thumbnailUrl\":\"https:\\\/\\\/static.purejewels.com\\\/wp-content\\\/uploads\\\/2017\\\/07\\\/AN21612NECK-2.png\",\"datePublished\":\"2017-07-19T12:15:55+00:00\",\"dateModified\":\"2020-12-21T17:52:34+00:00\",\"breadcrumb\":{\"@id\":\"https:\\\/\\\/www.purejewels.com\\\/de\\\/produkt-2\\\/anusha-22ct-ungeschliffene-polki-diamant-kette-2\\\/#breadcrumb\"},\"inLanguage\":\"tr\",\"potentialAction\":[{\"@type\":\"ReadAction\",\"target\":[\"https:\\\/\\\/www.purejewels.com\\\/de\\\/produkt-2\\\/anusha-22ct-ungeschliffene-polki-diamant-kette-2\\\/\"]}]},{\"@type\":\"ImageObject\",\"inLanguage\":\"tr\",\"@id\":\"https:\\\/\\\/www.purejewels.com\\\/de\\\/produkt-2\\\/anusha-22ct-ungeschliffene-polki-diamant-kette-2\\\/#primaryimage\",\"url\":\"https:\\\/\\\/static.purejewels.com\\\/wp-content\\\/uploads\\\/2017\\\/07\\\/AN21612NECK-2.png\",\"contentUrl\":\"https:\\\/\\\/static.purejewels.com\\\/wp-content\\\/uploads\\\/2017\\\/07\\\/AN21612NECK-2.png\",\"width\":1100,\"height\":1100,\"caption\":\"AN21612NECK.png\"},{\"@type\":\"BreadcrumbList\",\"@id\":\"https:\\\/\\\/www.purejewels.com\\\/de\\\/produkt-2\\\/anusha-22ct-ungeschliffene-polki-diamant-kette-2\\\/#breadcrumb\",\"itemListElement\":[{\"@type\":\"ListItem\",\"position\":1,\"name\":\"Home\",\"item\":\"https:\\\/\\\/www.purejewels.com\\\/\"},{\"@type\":\"ListItem\",\"position\":2,\"name\":\"Shop\",\"item\":\"https:\\\/\\\/www.purejewels.com\\\/shop\\\/\"},{\"@type\":\"ListItem\",\"position\":3,\"name\":\"Anusha 22ct Uncut Polki Diamond Necklace\"}]},{\"@type\":\"WebSite\",\"@id\":\"https:\\\/\\\/www.purejewels.com\\\/#website\",\"url\":\"https:\\\/\\\/www.purejewels.com\\\/\",\"name\":\"PureJewels UK\",\"description\":\"Share the Love\",\"publisher\":{\"@id\":\"https:\\\/\\\/www.purejewels.com\\\/#organization\"},\"potentialAction\":[{\"@type\":\"SearchAction\",\"target\":{\"@type\":\"EntryPoint\",\"urlTemplate\":\"https:\\\/\\\/www.purejewels.com\\\/?s={search_term_string}\"},\"query-input\":{\"@type\":\"PropertyValueSpecification\",\"valueRequired\":true,\"valueName\":\"search_term_string\"}}],\"inLanguage\":\"tr\"},{\"@type\":\"Organization\",\"@id\":\"https:\\\/\\\/www.purejewels.com\\\/#organization\",\"name\":\"PureJewels UK\",\"url\":\"https:\\\/\\\/www.purejewels.com\\\/\",\"logo\":{\"@type\":\"ImageObject\",\"inLanguage\":\"tr\",\"@id\":\"https:\\\/\\\/www.purejewels.com\\\/#\\\/schema\\\/logo\\\/image\\\/\",\"url\":\"https:\\\/\\\/static.purejewels.com\\\/wp-content\\\/uploads\\\/2020\\\/11\\\/Logo-PJ-New-1.png\",\"contentUrl\":\"https:\\\/\\\/static.purejewels.com\\\/wp-content\\\/uploads\\\/2020\\\/11\\\/Logo-PJ-New-1.png\",\"width\":150,\"height\":80,\"caption\":\"PureJewels UK\"},\"image\":{\"@id\":\"https:\\\/\\\/www.purejewels.com\\\/#\\\/schema\\\/logo\\\/image\\\/\"}}]}<\/script>\n<!-- \/ Yoast SEO plugin. -->","yoast_head_json":{"title":"Anusha 22ct Kesilmemi\u015f Polki P\u0131rlanta Kolye - \u00a32198.00 (SKU:21612)","robots":{"index":"index","follow":"follow","max-snippet":"max-snippet:-1","max-image-preview":"max-image-preview:large","max-video-preview":"max-video-preview:-1"},"canonical":"https:\/\/www.purejewels.com\/tr\/urun\/anusha-22ct-kesilmemis-polki-pirlanta-kolye-2\/","og_locale":"tr_TR","og_type":"article","og_title":"Anusha 22ct Uncut Polki Diamond Necklace - \u00a32198.00 (SKU:21612)","og_description":"Anusha 22ct Uncut Polki Diamond Bridal Necklace   Rose cut Polki diamonds 3.79 carats  Rose Gold Finish  Wt. 21.9g  All prices include VAT  22ct Gold\u00a0Hallmarked by London Assay Office  All Sets Comes With Presentation Box  Delivery Included  Live chat with us for availability and more images of similar designs currently in stock","og_url":"https:\/\/www.purejewels.com\/tr\/urun\/anusha-22ct-kesilmemis-polki-pirlanta-kolye-2\/","og_site_name":"PureJewels UK","article_modified_time":"2020-12-21T17:52:34+00:00","og_image":[{"width":1100,"height":1100,"url":"https:\/\/www.purejewels.com\/wp-content\/uploads\/2017\/07\/AN21612NECK-2.png","type":"image\/png"}],"twitter_card":"summary_large_image","schema":{"@context":"https:\/\/schema.org","@graph":[{"@type":["WebPage","ItemPage"],"@id":"https:\/\/www.purejewels.com\/de\/produkt-2\/anusha-22ct-ungeschliffene-polki-diamant-kette-2\/","url":"https:\/\/www.purejewels.com\/de\/produkt-2\/anusha-22ct-ungeschliffene-polki-diamant-kette-2\/","name":"Anusha 22ct Kesilmemi\u015f Polki P\u0131rlanta Kolye - \u00a32198.00 (SKU:21612)","isPartOf":{"@id":"https:\/\/www.purejewels.com\/#website"},"primaryImageOfPage":{"@id":"https:\/\/www.purejewels.com\/de\/produkt-2\/anusha-22ct-ungeschliffene-polki-diamant-kette-2\/#primaryimage"},"image":{"@id":"https:\/\/www.purejewels.com\/de\/produkt-2\/anusha-22ct-ungeschliffene-polki-diamant-kette-2\/#primaryimage"},"thumbnailUrl":"https:\/\/static.purejewels.com\/wp-content\/uploads\/2017\/07\/AN21612NECK-2.png","datePublished":"2017-07-19T12:15:55+00:00","dateModified":"2020-12-21T17:52:34+00:00","breadcrumb":{"@id":"https:\/\/www.purejewels.com\/de\/produkt-2\/anusha-22ct-ungeschliffene-polki-diamant-kette-2\/#breadcrumb"},"inLanguage":"tr","potentialAction":[{"@type":"ReadAction","target":["https:\/\/www.purejewels.com\/de\/produkt-2\/anusha-22ct-ungeschliffene-polki-diamant-kette-2\/"]}]},{"@type":"ImageObject","inLanguage":"tr","@id":"https:\/\/www.purejewels.com\/de\/produkt-2\/anusha-22ct-ungeschliffene-polki-diamant-kette-2\/#primaryimage","url":"https:\/\/static.purejewels.com\/wp-content\/uploads\/2017\/07\/AN21612NECK-2.png","contentUrl":"https:\/\/static.purejewels.com\/wp-content\/uploads\/2017\/07\/AN21612NECK-2.png","width":1100,"height":1100,"caption":"AN21612NECK.png"},{"@type":"BreadcrumbList","@id":"https:\/\/www.purejewels.com\/de\/produkt-2\/anusha-22ct-ungeschliffene-polki-diamant-kette-2\/#breadcrumb","itemListElement":[{"@type":"ListItem","position":1,"name":"Home","item":"https:\/\/www.purejewels.com\/"},{"@type":"ListItem","position":2,"name":"Shop","item":"https:\/\/www.purejewels.com\/shop\/"},{"@type":"ListItem","position":3,"name":"Anusha 22ct Uncut Polki Diamond Necklace"}]},{"@type":"WebSite","@id":"https:\/\/www.purejewels.com\/#website","url":"https:\/\/www.purejewels.com\/","name":"PureJewels \u0130ngiltere","description":"Sevgiyi Payla\u015f\u0131n","publisher":{"@id":"https:\/\/www.purejewels.com\/#organization"},"potentialAction":[{"@type":"SearchAction","target":{"@type":"EntryPoint","urlTemplate":"https:\/\/www.purejewels.com\/?s={search_term_string}"},"query-input":{"@type":"PropertyValueSpecification","valueRequired":true,"valueName":"search_term_string"}}],"inLanguage":"tr"},{"@type":"Organization","@id":"https:\/\/www.purejewels.com\/#organization","name":"PureJewels \u0130ngiltere","url":"https:\/\/www.purejewels.com\/","logo":{"@type":"ImageObject","inLanguage":"tr","@id":"https:\/\/www.purejewels.com\/#\/schema\/logo\/image\/","url":"https:\/\/static.purejewels.com\/wp-content\/uploads\/2020\/11\/Logo-PJ-New-1.png","contentUrl":"https:\/\/static.purejewels.com\/wp-content\/uploads\/2020\/11\/Logo-PJ-New-1.png","width":150,"height":80,"caption":"PureJewels UK"},"image":{"@id":"https:\/\/www.purejewels.com\/#\/schema\/logo\/image\/"}}]}},"_links":{"self":[{"href":"https:\/\/www.purejewels.com\/tr\/wp-json\/wp\/v2\/product\/3590","targetHints":{"allow":["GET"]}}],"collection":[{"href":"https:\/\/www.purejewels.com\/tr\/wp-json\/wp\/v2\/product"}],"about":[{"href":"https:\/\/www.purejewels.com\/tr\/wp-json\/wp\/v2\/types\/product"}],"replies":[{"embeddable":true,"href":"https:\/\/www.purejewels.com\/tr\/wp-json\/wp\/v2\/comments?post=3590"}],"version-history":[{"count":0,"href":"https:\/\/www.purejewels.com\/tr\/wp-json\/wp\/v2\/product\/3590\/revisions"}],"wp:featuredmedia":[{"embeddable":true,"href":"https:\/\/www.purejewels.com\/tr\/wp-json\/wp\/v2\/media\/3591"}],"wp:attachment":[{"href":"https:\/\/www.purejewels.com\/tr\/wp-json\/wp\/v2\/media?parent=3590"}],"wp:term":[{"taxonomy":"product_brand","embeddable":true,"href":"https:\/\/www.purejewels.com\/tr\/wp-json\/wp\/v2\/product_brand?post=3590"},{"taxonomy":"product_cat","embeddable":true,"href":"https:\/\/www.purejewels.com\/tr\/wp-json\/wp\/v2\/product_cat?post=3590"},{"taxonomy":"product_tag","embeddable":true,"href":"https:\/\/www.purejewels.com\/tr\/wp-json\/wp\/v2\/product_tag?post=3590"}],"curies":[{"name":"wp","href":"https:\/\/api.w.org\/{rel}","templated":true}]}}