{"id":359161,"date":"2025-02-17T12:31:31","date_gmt":"2025-02-17T12:31:31","guid":{"rendered":"https:\/\/www.purejewels.com\/?post_type=product&#038;p=359161"},"modified":"2026-03-11T09:17:48","modified_gmt":"2026-03-11T09:17:48","slug":"18-ayar-sari-altin-armut-bicimli-pirlanta-citcit-48190","status":"publish","type":"product","link":"https:\/\/www.purejewels.com\/tr\/product\/18ct-yellow-gold-pear-shaped-diamond-studs-48190\/","title":{"rendered":"18 Ayar Sar\u0131 Alt\u0131n Armut \u015eeklinde P\u0131rlanta \u00c7\u0131t\u00e7\u0131t"},"content":{"rendered":"<p>Bu \u00e7arp\u0131c\u0131 tasar\u0131mlarla zamans\u0131z sofistikeli\u011fi kucaklay\u0131n <a href=\"https:\/\/www.purejewels.com\/tr\/product\/18ct-white-gold-khanda-sikh-religious-pendant-6226\/\">18ct<\/a> Sar\u0131 Alt\u0131n Armut \u015eeklinde <a href=\"https:\/\/www.purejewels.com\/tr\/product\/18ct-gold-diamond-studs-50549\/\">Elmas \u00c7\u0131t\u00e7\u0131tlar<\/a>. Her bir saplama, parlakl\u0131\u011f\u0131n\u0131 ve benzersiz siluetini geli\u015ftirmek i\u00e7in \u00f6zenle kesilmi\u015f g\u00f6z kama\u015ft\u0131r\u0131c\u0131 armut bi\u00e7imli bir p\u0131rlanta sergiliyor. 18 ayar sar\u0131 alt\u0131n\u0131n s\u0131cak tonu g\u00fczel bir kontrast olu\u015fturarak tasar\u0131ma zarafet ve incelik kat\u0131yor.<\/p>\n<p>P\u0131rlantalar, narin g\u00f6zya\u015f\u0131 damlas\u0131 \u015fekillerinin zahmetsizce parlamas\u0131n\u0131 sa\u011flayan klasik \u00fc\u00e7 u\u00e7lu bir ayara g\u00fcvenli bir \u015fekilde yerle\u015ftirilmi\u015ftir. Hem g\u00fcnl\u00fck kullan\u0131m hem de \u00f6zel g\u00fcnler i\u00e7in m\u00fckemmel olan bu \u00e7\u0131t\u00e7\u0131tlar, zarafet ve sofistike bir g\u00f6r\u00fcn\u00fcm sergileyerek her m\u00fccevher koleksiyonuna \u00e7ok y\u00f6nl\u00fc bir katk\u0131 sa\u011flar.<\/p>","protected":false},"excerpt":{"rendered":"<table class=\"sh_desc\" style=\"width: 100%;height: 308px\">\n<tbody>\n<tr style=\"height: 28px\">\n<td style=\"height: 28px\">K\u00fcpe T\u00fcr\u00fc<\/td>\n<td style=\"height: 28px\">Saplama K\u00fcpe<\/td>\n<\/tr>\n<tr style=\"height: 28px\">\n<td style=\"height: 28px\">SKU<\/td>\n<td style=\"height: 28px\">48190<\/td>\n<\/tr>\n<tr style=\"height: 28px\">\n<td style=\"height: 28px\">Cinsiyet<\/td>\n<td style=\"height: 28px\">Bayanlar<\/td>\n<\/tr>\n<tr style=\"height: 28px\">\n<td style=\"height: 28px\">Elmas A\u011f\u0131rl\u0131\u011f\u0131.<\/td>\n<td style=\"height: 28px\">0.25ct<\/td>\n<\/tr>\n<tr style=\"height: 28px\">\n<td style=\"height: 28px\">Ta\u015f<\/td>\n<td style=\"height: 28px\">Elmas<\/td>\n<\/tr>\n<tr style=\"height: 28px\">\n<td style=\"height: 28px\">Metal<\/td>\n<td style=\"height: 28px\">18 Ayar Alt\u0131n<\/td>\n<\/tr>\n<tr style=\"height: 28px\">\n<td style=\"height: 28px\">\u00dccretler<\/td>\n<td style=\"height: 28px\">Teslimat ve KDV Dahil<\/td>\n<\/tr>\n<tr style=\"height: 28px\">\n<td style=\"height: 28px\">Paketleme<\/td>\n<td style=\"height: 28px\">Sunum Kutusu ile Birlikte Gelir<\/td>\n<\/tr>\n<tr style=\"height: 28px\">\n<td style=\"height: 28px\">Daha Fazla Bilgi<\/td>\n<td style=\"height: 28px\">M\u00fcsaitlik durumu ve daha fazla resim i\u00e7in bizimle canl\u0131 sohbet edin<\/td>\n<\/tr>\n<\/tbody>\n<\/table>","protected":false},"featured_media":383906,"comment_status":"closed","ping_status":"closed","template":"","meta":{"_eb_attr":"","_crsspst_to_jayantr4sg-hostcom":true},"product_brand":[],"product_cat":[6086,5679,1791,1559,1794,5458,5457,6190,1790,1570,1577,1569,1573,1574],"product_tag":[1430],"class_list":{"0":"post-359161","1":"product","2":"type-product","3":"status-publish","4":"has-post-thumbnail","6":"product_cat-18ct-gold-earring","7":"product_cat-18ct-gold-jewellery","8":"product_cat-anniversary-gifts","9":"product_cat-birthday-gifts","10":"product_cat-christmas-gifts","11":"product_cat-diamond-earring","12":"product_cat-diamond-jewellery","13":"product_cat-easter-jewellery","14":"product_cat-for-whom-when","15":"product_cat-mothers-day-gifts","16":"product_cat-stud-earrings","17":"product_cat-valentine-day-gifts","18":"product_cat-wedding-gifts","19":"product_cat-womens-jewellery","20":"product_tag-diwali-gift","22":"first","23":"instock","24":"taxable","25":"shipping-taxable","26":"purchasable","27":"product-type-simple","28":"add-to-wishlist-before_image"},"yoast_head":"<!-- This site is optimized with the Yoast SEO plugin v27.3 - https:\/\/yoast.com\/product\/yoast-seo-wordpress\/ -->\n<title>18ct Yellow Gold Diamond Pear Shaped Studs | PureJewels UK<\/title>\n<meta name=\"description\" content=\"Dazzle with timeless elegance. Shop online for our 18ct yellow gold diamond pear shaped ear studs, featuring sparkling diamonds and intricate kwiat design.\" \/>\n<meta name=\"robots\" content=\"index, follow, max-snippet:-1, max-image-preview:large, max-video-preview:-1\" \/>\n<link rel=\"canonical\" href=\"https:\/\/www.purejewels.com\/tr\/urun\/18-ayar-sari-altin-armut-bicimli-pirlanta-citcit-48190\/\" \/>\n<meta property=\"og:locale\" content=\"tr_TR\" \/>\n<meta property=\"og:type\" content=\"article\" \/>\n<meta property=\"og:title\" content=\"18ct Yellow Gold Diamond Pear Shaped Studs | PureJewels UK\" \/>\n<meta property=\"og:description\" content=\"Dazzle with timeless elegance. Shop online for our 18ct yellow gold diamond pear shaped ear studs, featuring sparkling diamonds and intricate kwiat design.\" \/>\n<meta property=\"og:url\" content=\"https:\/\/www.purejewels.com\/tr\/urun\/18-ayar-sari-altin-armut-bicimli-pirlanta-citcit-48190\/\" \/>\n<meta property=\"og:site_name\" content=\"PureJewels UK\" \/>\n<meta property=\"article:modified_time\" content=\"2026-03-11T09:17:48+00:00\" \/>\n<meta property=\"og:image\" content=\"https:\/\/static.purejewels.com\/wp-content\/uploads\/2024\/02\/48190.png\" \/>\n\t<meta property=\"og:image:width\" content=\"1000\" \/>\n\t<meta property=\"og:image:height\" content=\"1000\" \/>\n\t<meta property=\"og:image:type\" content=\"image\/png\" \/>\n<meta name=\"twitter:card\" content=\"summary_large_image\" \/>\n<meta name=\"twitter:label1\" content=\"Tahmini okuma s\u00fcresi\" \/>\n\t<meta name=\"twitter:data1\" content=\"1 dakika\" \/>\n<script type=\"application\/ld+json\" class=\"yoast-schema-graph\">{\"@context\":\"https:\\\/\\\/schema.org\",\"@graph\":[{\"@type\":[\"WebPage\",\"ItemPage\"],\"@id\":\"https:\\\/\\\/www.purejewels.com\\\/product\\\/18ct-yellow-gold-pear-shaped-diamond-studs-48190\\\/\",\"url\":\"https:\\\/\\\/www.purejewels.com\\\/product\\\/18ct-yellow-gold-pear-shaped-diamond-studs-48190\\\/\",\"name\":\"18ct Yellow Gold Diamond Pear Shaped Studs | PureJewels UK\",\"isPartOf\":{\"@id\":\"https:\\\/\\\/www.purejewels.com\\\/#website\"},\"primaryImageOfPage\":{\"@id\":\"https:\\\/\\\/www.purejewels.com\\\/product\\\/18ct-yellow-gold-pear-shaped-diamond-studs-48190\\\/#primaryimage\"},\"image\":{\"@id\":\"https:\\\/\\\/www.purejewels.com\\\/product\\\/18ct-yellow-gold-pear-shaped-diamond-studs-48190\\\/#primaryimage\"},\"thumbnailUrl\":\"https:\\\/\\\/static.purejewels.com\\\/wp-content\\\/uploads\\\/2024\\\/02\\\/48190.png\",\"datePublished\":\"2025-02-17T12:31:31+00:00\",\"dateModified\":\"2026-03-11T09:17:48+00:00\",\"description\":\"Dazzle with timeless elegance. Shop online for our 18ct yellow gold diamond pear shaped ear studs, featuring sparkling diamonds and intricate kwiat design.\",\"breadcrumb\":{\"@id\":\"https:\\\/\\\/www.purejewels.com\\\/product\\\/18ct-yellow-gold-pear-shaped-diamond-studs-48190\\\/#breadcrumb\"},\"inLanguage\":\"tr\",\"potentialAction\":[{\"@type\":\"ReadAction\",\"target\":[\"https:\\\/\\\/www.purejewels.com\\\/product\\\/18ct-yellow-gold-pear-shaped-diamond-studs-48190\\\/\"]}]},{\"@type\":\"ImageObject\",\"inLanguage\":\"tr\",\"@id\":\"https:\\\/\\\/www.purejewels.com\\\/product\\\/18ct-yellow-gold-pear-shaped-diamond-studs-48190\\\/#primaryimage\",\"url\":\"https:\\\/\\\/static.purejewels.com\\\/wp-content\\\/uploads\\\/2024\\\/02\\\/48190.png\",\"contentUrl\":\"https:\\\/\\\/static.purejewels.com\\\/wp-content\\\/uploads\\\/2024\\\/02\\\/48190.png\",\"width\":1000,\"height\":1000,\"caption\":\"18ct Yellow Gold Pear Shaped Diamond Studs\"},{\"@type\":\"BreadcrumbList\",\"@id\":\"https:\\\/\\\/www.purejewels.com\\\/product\\\/18ct-yellow-gold-pear-shaped-diamond-studs-48190\\\/#breadcrumb\",\"itemListElement\":[{\"@type\":\"ListItem\",\"position\":1,\"name\":\"Home\",\"item\":\"https:\\\/\\\/www.purejewels.com\\\/\"},{\"@type\":\"ListItem\",\"position\":2,\"name\":\"Shop\",\"item\":\"https:\\\/\\\/www.purejewels.com\\\/shop\\\/\"},{\"@type\":\"ListItem\",\"position\":3,\"name\":\"18ct Yellow Gold Pear Shaped Diamond Studs\"}]},{\"@type\":\"WebSite\",\"@id\":\"https:\\\/\\\/www.purejewels.com\\\/#website\",\"url\":\"https:\\\/\\\/www.purejewels.com\\\/\",\"name\":\"PureJewels UK\",\"description\":\"Share the Love\",\"publisher\":{\"@id\":\"https:\\\/\\\/www.purejewels.com\\\/#organization\"},\"potentialAction\":[{\"@type\":\"SearchAction\",\"target\":{\"@type\":\"EntryPoint\",\"urlTemplate\":\"https:\\\/\\\/www.purejewels.com\\\/?s={search_term_string}\"},\"query-input\":{\"@type\":\"PropertyValueSpecification\",\"valueRequired\":true,\"valueName\":\"search_term_string\"}}],\"inLanguage\":\"tr\"},{\"@type\":\"Organization\",\"@id\":\"https:\\\/\\\/www.purejewels.com\\\/#organization\",\"name\":\"PureJewels UK\",\"url\":\"https:\\\/\\\/www.purejewels.com\\\/\",\"logo\":{\"@type\":\"ImageObject\",\"inLanguage\":\"tr\",\"@id\":\"https:\\\/\\\/www.purejewels.com\\\/#\\\/schema\\\/logo\\\/image\\\/\",\"url\":\"https:\\\/\\\/static.purejewels.com\\\/wp-content\\\/uploads\\\/2020\\\/11\\\/Logo-PJ-New-1.png\",\"contentUrl\":\"https:\\\/\\\/static.purejewels.com\\\/wp-content\\\/uploads\\\/2020\\\/11\\\/Logo-PJ-New-1.png\",\"width\":150,\"height\":80,\"caption\":\"PureJewels UK\"},\"image\":{\"@id\":\"https:\\\/\\\/www.purejewels.com\\\/#\\\/schema\\\/logo\\\/image\\\/\"}}]}<\/script>\n<!-- \/ Yoast SEO plugin. -->","yoast_head_json":{"title":"18 Ayar Sar\u0131 Alt\u0131n P\u0131rlanta Armut \u015eeklinde \u00c7\u0131t\u00e7\u0131t | PureJewels UK","description":"Zamans\u0131z zarafetle g\u00f6z kama\u015ft\u0131r\u0131n. I\u015f\u0131lt\u0131l\u0131 p\u0131rlantalara ve karma\u015f\u0131k kwiat tasar\u0131m\u0131na sahip 18 ayar sar\u0131 alt\u0131n p\u0131rlanta armut \u015fekilli kulak \u00e7\u0131t\u00e7\u0131tlar\u0131m\u0131z i\u00e7in online al\u0131\u015fveri\u015f yap\u0131n.","robots":{"index":"index","follow":"follow","max-snippet":"max-snippet:-1","max-image-preview":"max-image-preview:large","max-video-preview":"max-video-preview:-1"},"canonical":"https:\/\/www.purejewels.com\/tr\/urun\/18-ayar-sari-altin-armut-bicimli-pirlanta-citcit-48190\/","og_locale":"tr_TR","og_type":"article","og_title":"18ct Yellow Gold Diamond Pear Shaped Studs | PureJewels UK","og_description":"Dazzle with timeless elegance. Shop online for our 18ct yellow gold diamond pear shaped ear studs, featuring sparkling diamonds and intricate kwiat design.","og_url":"https:\/\/www.purejewels.com\/tr\/urun\/18-ayar-sari-altin-armut-bicimli-pirlanta-citcit-48190\/","og_site_name":"PureJewels UK","article_modified_time":"2026-03-11T09:17:48+00:00","og_image":[{"width":1000,"height":1000,"url":"https:\/\/static.purejewels.com\/wp-content\/uploads\/2024\/02\/48190.png","type":"image\/png"}],"twitter_card":"summary_large_image","twitter_misc":{"Tahmini okuma s\u00fcresi":"1 dakika"},"schema":{"@context":"https:\/\/schema.org","@graph":[{"@type":["WebPage","ItemPage"],"@id":"https:\/\/www.purejewels.com\/product\/18ct-yellow-gold-pear-shaped-diamond-studs-48190\/","url":"https:\/\/www.purejewels.com\/product\/18ct-yellow-gold-pear-shaped-diamond-studs-48190\/","name":"18 Ayar Sar\u0131 Alt\u0131n P\u0131rlanta Armut \u015eeklinde \u00c7\u0131t\u00e7\u0131t | PureJewels UK","isPartOf":{"@id":"https:\/\/www.purejewels.com\/#website"},"primaryImageOfPage":{"@id":"https:\/\/www.purejewels.com\/product\/18ct-yellow-gold-pear-shaped-diamond-studs-48190\/#primaryimage"},"image":{"@id":"https:\/\/www.purejewels.com\/product\/18ct-yellow-gold-pear-shaped-diamond-studs-48190\/#primaryimage"},"thumbnailUrl":"https:\/\/static.purejewels.com\/wp-content\/uploads\/2024\/02\/48190.png","datePublished":"2025-02-17T12:31:31+00:00","dateModified":"2026-03-11T09:17:48+00:00","description":"Zamans\u0131z zarafetle g\u00f6z kama\u015ft\u0131r\u0131n. I\u015f\u0131lt\u0131l\u0131 p\u0131rlantalara ve karma\u015f\u0131k kwiat tasar\u0131m\u0131na sahip 18 ayar sar\u0131 alt\u0131n p\u0131rlanta armut \u015fekilli kulak \u00e7\u0131t\u00e7\u0131tlar\u0131m\u0131z i\u00e7in online al\u0131\u015fveri\u015f yap\u0131n.","breadcrumb":{"@id":"https:\/\/www.purejewels.com\/product\/18ct-yellow-gold-pear-shaped-diamond-studs-48190\/#breadcrumb"},"inLanguage":"tr","potentialAction":[{"@type":"ReadAction","target":["https:\/\/www.purejewels.com\/product\/18ct-yellow-gold-pear-shaped-diamond-studs-48190\/"]}]},{"@type":"ImageObject","inLanguage":"tr","@id":"https:\/\/www.purejewels.com\/product\/18ct-yellow-gold-pear-shaped-diamond-studs-48190\/#primaryimage","url":"https:\/\/static.purejewels.com\/wp-content\/uploads\/2024\/02\/48190.png","contentUrl":"https:\/\/static.purejewels.com\/wp-content\/uploads\/2024\/02\/48190.png","width":1000,"height":1000,"caption":"18ct Yellow Gold Pear Shaped Diamond Studs"},{"@type":"BreadcrumbList","@id":"https:\/\/www.purejewels.com\/product\/18ct-yellow-gold-pear-shaped-diamond-studs-48190\/#breadcrumb","itemListElement":[{"@type":"ListItem","position":1,"name":"Home","item":"https:\/\/www.purejewels.com\/"},{"@type":"ListItem","position":2,"name":"Shop","item":"https:\/\/www.purejewels.com\/shop\/"},{"@type":"ListItem","position":3,"name":"18ct Yellow Gold Pear Shaped Diamond Studs"}]},{"@type":"WebSite","@id":"https:\/\/www.purejewels.com\/#website","url":"https:\/\/www.purejewels.com\/","name":"PureJewels \u0130ngiltere","description":"Sevgiyi Payla\u015f\u0131n","publisher":{"@id":"https:\/\/www.purejewels.com\/#organization"},"potentialAction":[{"@type":"SearchAction","target":{"@type":"EntryPoint","urlTemplate":"https:\/\/www.purejewels.com\/?s={search_term_string}"},"query-input":{"@type":"PropertyValueSpecification","valueRequired":true,"valueName":"search_term_string"}}],"inLanguage":"tr"},{"@type":"Organization","@id":"https:\/\/www.purejewels.com\/#organization","name":"PureJewels \u0130ngiltere","url":"https:\/\/www.purejewels.com\/","logo":{"@type":"ImageObject","inLanguage":"tr","@id":"https:\/\/www.purejewels.com\/#\/schema\/logo\/image\/","url":"https:\/\/static.purejewels.com\/wp-content\/uploads\/2020\/11\/Logo-PJ-New-1.png","contentUrl":"https:\/\/static.purejewels.com\/wp-content\/uploads\/2020\/11\/Logo-PJ-New-1.png","width":150,"height":80,"caption":"PureJewels UK"},"image":{"@id":"https:\/\/www.purejewels.com\/#\/schema\/logo\/image\/"}}]}},"_links":{"self":[{"href":"https:\/\/www.purejewels.com\/tr\/wp-json\/wp\/v2\/product\/359161","targetHints":{"allow":["GET"]}}],"collection":[{"href":"https:\/\/www.purejewels.com\/tr\/wp-json\/wp\/v2\/product"}],"about":[{"href":"https:\/\/www.purejewels.com\/tr\/wp-json\/wp\/v2\/types\/product"}],"replies":[{"embeddable":true,"href":"https:\/\/www.purejewels.com\/tr\/wp-json\/wp\/v2\/comments?post=359161"}],"version-history":[{"count":5,"href":"https:\/\/www.purejewels.com\/tr\/wp-json\/wp\/v2\/product\/359161\/revisions"}],"predecessor-version":[{"id":426950,"href":"https:\/\/www.purejewels.com\/tr\/wp-json\/wp\/v2\/product\/359161\/revisions\/426950"}],"wp:featuredmedia":[{"embeddable":true,"href":"https:\/\/www.purejewels.com\/tr\/wp-json\/wp\/v2\/media\/383906"}],"wp:attachment":[{"href":"https:\/\/www.purejewels.com\/tr\/wp-json\/wp\/v2\/media?parent=359161"}],"wp:term":[{"taxonomy":"product_brand","embeddable":true,"href":"https:\/\/www.purejewels.com\/tr\/wp-json\/wp\/v2\/product_brand?post=359161"},{"taxonomy":"product_cat","embeddable":true,"href":"https:\/\/www.purejewels.com\/tr\/wp-json\/wp\/v2\/product_cat?post=359161"},{"taxonomy":"product_tag","embeddable":true,"href":"https:\/\/www.purejewels.com\/tr\/wp-json\/wp\/v2\/product_tag?post=359161"}],"curies":[{"name":"wp","href":"https:\/\/api.w.org\/{rel}","templated":true}]}}