{"id":359818,"date":"2024-08-14T01:17:52","date_gmt":"2024-08-14T00:17:52","guid":{"rendered":"https:\/\/www.purejewels.com\/?post_type=product&#038;p=359818"},"modified":"2026-04-02T06:36:20","modified_gmt":"2026-04-02T05:36:20","slug":"rozetler-koleksi%cc%87yonu-22-ayar-altin-zi%cc%87nci%cc%87r-48090","status":"publish","type":"product","link":"https:\/\/www.purejewels.com\/tr\/product\/rosettes-collection-22ct-gold-chain-48090\/","title":{"rendered":"Rozet Koleksiyonu 22 Ayar Alt\u0131n Zincir | 5mm | 17 \u0130n\u00e7"},"content":{"rendered":"<p data-start=\"0\" data-end=\"371\"><strong data-start=\"0\" data-end=\"10\">Tasar\u0131m<\/strong><br data-start=\"10\" data-end=\"13\" \/>Rosettes Koleksiyonu'ndan bu 22 ayar alt\u0131n zincir, birbirine s\u0131k\u0131ca ba\u011fl\u0131 \u00e7i\u00e7eklerden ilham alan boncuklardan olu\u015fuyor ve boynun etraf\u0131nda yumu\u015fak bir 5mm doku \u015feridi olu\u015fturuyor. 17 in\u00e7 uzunlu\u011fuyla k\u00f6pr\u00fcc\u00fck kemi\u011fi boyunca d\u00fczg\u00fcn bir \u015fekilde oturur ve zarif ama takmas\u0131 kolay bir his veren s\u0131cak bir \u0131\u015f\u0131lt\u0131 katar. Her bir minik rozet ba\u011flant\u0131s\u0131, koleksiyonun hayat\u0131n k\u00fc\u00e7\u00fck anlar\u0131n\u0131 kutlama temas\u0131n\u0131 yans\u0131t\u0131yor.<\/p>\n<p data-start=\"373\" data-end=\"767\"><strong data-start=\"373\" data-end=\"390\">Zanaatkarl\u0131k<\/strong><br data-start=\"390\" data-end=\"393\" \/>Zengin 22 ayar sar\u0131 alt\u0131ndan \u00fcretilen zincir, ak\u0131c\u0131 hareket i\u00e7in tasarlanm\u0131\u015ft\u0131r, b\u00f6ylece b\u00fck\u00fclmeden yumu\u015fak bir \u015fekilde sarkar. Her bir halkadaki karma\u015f\u0131k desen, cilde rahat\u00e7a temas ederken \u0131\u015f\u0131\u011f\u0131 yakalamas\u0131 i\u00e7in \u00f6zenle tamamlanm\u0131\u015ft\u0131r. Sa\u011flam bir toka ile sabitlenen ve safl\u0131k sertifikas\u0131 i\u00e7in Birle\u015fik Krall\u0131k'ta damgalanan zincir, y\u0131llarca tak\u0131lmak ve de\u011fer verilmek \u00fczere tasarlanm\u0131\u015ft\u0131r.<\/p>\n<p data-start=\"769\" data-end=\"1189\" data-is-last-node=\"\" data-is-only-node=\"\"><strong data-start=\"769\" data-end=\"790\">\u015eekillendirme &amp; Hediyele\u015fme<\/strong><br data-start=\"790\" data-end=\"793\" \/>Bu rozetli zinciri sade bir bluz veya ipek bir kurta ile tek ba\u015f\u0131na takarak zahmetsiz bir g\u00fcnl\u00fck \u015f\u0131kl\u0131k elde edebilir ya da daha uzun <a href=\"https:\/\/www.purejewels.com\/tr\/product-category\/22ct-gold-jewellery\/gold-necklaces\/\">KOLYELER<\/a> k\u00fcrat\u00f6rl\u00fc bir y\u0131\u011f\u0131n olu\u015fturmak i\u00e7in. G\u00f6r\u00fcn\u00fcm\u00fcn\u00fcz\u00fc ki\u015fiselle\u015ftirmek istedi\u011finizde narin bir kolye ucu i\u00e7in de g\u00fczel bir temel olu\u015fturur. Hediye kutusunda sunulan bu \u00fcr\u00fcn, do\u011fum g\u00fcnleri, y\u0131l d\u00f6n\u00fcmleri veya anlaml\u0131 bir d\u00f6n\u00fcm noktas\u0131n\u0131 i\u015faretlemek i\u00e7in \u00f6zel bir ki\u015fisel hediye olarak d\u00fc\u015f\u00fcnceli bir se\u00e7imdir.<\/p>","protected":false},"excerpt":{"rendered":"<table style=\"border-collapse: collapse; width: 100%; height: 336px;\">\n<tbody>\n<tr style=\"height: 28px;\">\n<td style=\"width: 30.3333%; height: 28px;\">Zincir T\u00fcr\u00fc<\/td>\n<td style=\"width: 69.6667%; height: 28px;\">S\u00fcsl\u00fc Zincir<\/td>\n<\/tr>\n<tr style=\"height: 28px;\">\n<td style=\"width: 30.3333%; height: 28px;\">SKU<\/td>\n<td style=\"width: 69.6667%; height: 28px;\">54641, 54638<\/td>\n<\/tr>\n<tr style=\"height: 28px;\">\n<td style=\"width: 30.3333%; height: 28px;\">A\u011f\u0131rl\u0131k<\/td>\n<td style=\"width: 69.6667%; height: 28px;\">14,64 gms<\/td>\n<\/tr>\n<tr style=\"height: 28px;\">\n<td style=\"width: 30.3333%; height: 28px;\">Uzunluk<\/td>\n<td style=\"width: 69.6667%; height: 28px;\">\u00a017 \u0130n\u00e7<\/td>\n<\/tr>\n<tr style=\"height: 28px;\">\n<td style=\"width: 30.3333%; height: 28px;\">Geni\u015flik<\/td>\n<td style=\"width: 69.6667%; height: 28px;\">5 mm<\/td>\n<\/tr>\n<tr style=\"height: 28px;\">\n<td style=\"width: 30.3333%; height: 28px;\">Metal<\/td>\n<td style=\"width: 69.6667%; height: 28px;\">22 Ayar Alt\u0131n<\/td>\n<\/tr>\n<tr style=\"height: 28px;\">\n<td style=\"width: 30.3333%; height: 28px;\">Biti\u015f<\/td>\n<td style=\"width: 69.6667%; height: 28px;\">Antique_Matte<\/td>\n<\/tr>\n<tr style=\"height: 28px;\">\n<td style=\"width: 30.3333%; height: 28px;\">Koleksiyon<\/td>\n<td style=\"width: 69.6667%; height: 28px;\">Rozet Koleksiyonu<\/td>\n<\/tr>\n<tr style=\"height: 28px;\">\n<td style=\"width: 30.3333%; height: 28px;\">KatalogID<\/td>\n<td style=\"width: 69.6667%; height: 28px;\">R1066<\/td>\n<\/tr>\n<tr style=\"height: 28px;\">\n<td style=\"width: 30.3333%; height: 28px;\">\u00dccretler<\/td>\n<td style=\"width: 69.6667%; height: 28px;\">Teslimat ve KDV Dahil<\/td>\n<\/tr>\n<tr style=\"height: 28px;\">\n<td style=\"width: 30.3333%; height: 28px;\">Paketleme<\/td>\n<td style=\"width: 69.6667%; height: 28px;\">Sunum Kutusu ile Birlikte Gelir<\/td>\n<\/tr>\n<tr style=\"height: 56px;\">\n<td style=\"width: 30.3333%; height: 56px;\">Daha Fazla Bilgi<\/td>\n<td style=\"width: 69.6667%; height: 56px;\">M\u00fcsaitlik durumu ve daha fazla resim i\u00e7in bizimle canl\u0131 sohbet edin<\/td>\n<\/tr>\n<\/tbody>\n<\/table>","protected":false},"featured_media":365609,"comment_status":"closed","ping_status":"closed","template":"","meta":{"_eb_attr":"","_crsspst_to_jayantr4sg-hostcom":false},"product_brand":[],"product_cat":[1791,1559,1793,5701,1475,1229,1773,1570,1656,5275,1573,1574,5349],"product_tag":[],"class_list":{"0":"post-359818","1":"product","2":"type-product","3":"status-publish","4":"has-post-thumbnail","6":"product_cat-anniversary-gifts","7":"product_cat-birthday-gifts","8":"product_cat-diwali-gifts","9":"product_cat-eid-jewellery","10":"product_cat-gold-chains","11":"product_cat-22ct-gold-jewellery","12":"product_cat-ladies-chains","13":"product_cat-mothers-day-gifts","14":"product_cat-rosettes-collections","15":"product_cat-rosettes-necklace","16":"product_cat-wedding-gifts","17":"product_cat-womens-jewellery","18":"product_cat-yellow-gold-jewellery","20":"first","21":"outofstock","22":"taxable","23":"shipping-taxable","24":"product-type-simple","25":"add-to-wishlist-before_image"},"yoast_head":"<!-- This site is optimized with the Yoast SEO plugin v27.5 - https:\/\/yoast.com\/product\/yoast-seo-wordpress\/ -->\n<title>22ct Real Gold Chain with Antique Finish at PureJewels UK<\/title>\n<meta name=\"description\" content=\"Buy a 22ct Gold Beautiful Chain in 16 - 18.5 Inches from our handmade jewellery Collection. Order online for free and secure UK delivery.\" \/>\n<meta name=\"robots\" content=\"index, follow, max-snippet:-1, max-image-preview:large, max-video-preview:-1\" \/>\n<link rel=\"canonical\" href=\"https:\/\/www.purejewels.com\/tr\/urun\/rozetler-koleksi\u0307yonu-22-ayar-altin-zi\u0307nci\u0307r-48090\/\" \/>\n<meta property=\"og:locale\" content=\"tr_TR\" \/>\n<meta property=\"og:type\" content=\"article\" \/>\n<meta property=\"og:title\" content=\"22ct Real Gold Chain with Antique Finish at PureJewels UK\" \/>\n<meta property=\"og:description\" content=\"Buy a 22ct Gold Beautiful Chain in 16 - 18.5 Inches from our handmade jewellery Collection. Order online for free and secure UK delivery.\" \/>\n<meta property=\"og:url\" content=\"https:\/\/www.purejewels.com\/tr\/urun\/rozetler-koleksi\u0307yonu-22-ayar-altin-zi\u0307nci\u0307r-48090\/\" \/>\n<meta property=\"og:site_name\" content=\"PureJewels UK\" \/>\n<meta property=\"article:modified_time\" content=\"2026-04-02T05:36:20+00:00\" \/>\n<meta property=\"og:image\" content=\"https:\/\/static.purejewels.com\/wp-content\/uploads\/2024\/02\/48090-2.png\" \/>\n\t<meta property=\"og:image:width\" content=\"1000\" \/>\n\t<meta property=\"og:image:height\" content=\"1000\" \/>\n\t<meta property=\"og:image:type\" content=\"image\/png\" \/>\n<meta name=\"twitter:card\" content=\"summary_large_image\" \/>\n<meta name=\"twitter:label1\" content=\"Tahmini okuma s\u00fcresi\" \/>\n\t<meta name=\"twitter:data1\" content=\"2 dakika\" \/>\n<script type=\"application\/ld+json\" class=\"yoast-schema-graph\">{\"@context\":\"https:\\\/\\\/schema.org\",\"@graph\":[{\"@type\":[\"WebPage\",\"ItemPage\"],\"@id\":\"https:\\\/\\\/www.purejewels.com\\\/product\\\/rosettes-collection-22ct-gold-chain-48090\\\/\",\"url\":\"https:\\\/\\\/www.purejewels.com\\\/product\\\/rosettes-collection-22ct-gold-chain-48090\\\/\",\"name\":\"22ct Real Gold Chain with Antique Finish at PureJewels UK\",\"isPartOf\":{\"@id\":\"https:\\\/\\\/www.purejewels.com\\\/#website\"},\"primaryImageOfPage\":{\"@id\":\"https:\\\/\\\/www.purejewels.com\\\/product\\\/rosettes-collection-22ct-gold-chain-48090\\\/#primaryimage\"},\"image\":{\"@id\":\"https:\\\/\\\/www.purejewels.com\\\/product\\\/rosettes-collection-22ct-gold-chain-48090\\\/#primaryimage\"},\"thumbnailUrl\":\"https:\\\/\\\/static.purejewels.com\\\/wp-content\\\/uploads\\\/2024\\\/02\\\/48090-2.png\",\"datePublished\":\"2024-08-14T00:17:52+00:00\",\"dateModified\":\"2026-04-02T05:36:20+00:00\",\"description\":\"Buy a 22ct Gold Beautiful Chain in 16 - 18.5 Inches from our handmade jewellery Collection. Order online for free and secure UK delivery.\",\"breadcrumb\":{\"@id\":\"https:\\\/\\\/www.purejewels.com\\\/product\\\/rosettes-collection-22ct-gold-chain-48090\\\/#breadcrumb\"},\"inLanguage\":\"tr\",\"potentialAction\":[{\"@type\":\"ReadAction\",\"target\":[\"https:\\\/\\\/www.purejewels.com\\\/product\\\/rosettes-collection-22ct-gold-chain-48090\\\/\"]}]},{\"@type\":\"ImageObject\",\"inLanguage\":\"tr\",\"@id\":\"https:\\\/\\\/www.purejewels.com\\\/product\\\/rosettes-collection-22ct-gold-chain-48090\\\/#primaryimage\",\"url\":\"https:\\\/\\\/static.purejewels.com\\\/wp-content\\\/uploads\\\/2024\\\/02\\\/48090-2.png\",\"contentUrl\":\"https:\\\/\\\/static.purejewels.com\\\/wp-content\\\/uploads\\\/2024\\\/02\\\/48090-2.png\",\"width\":1000,\"height\":1000,\"caption\":\"22ct Gold Chain\"},{\"@type\":\"BreadcrumbList\",\"@id\":\"https:\\\/\\\/www.purejewels.com\\\/product\\\/rosettes-collection-22ct-gold-chain-48090\\\/#breadcrumb\",\"itemListElement\":[{\"@type\":\"ListItem\",\"position\":1,\"name\":\"Home\",\"item\":\"https:\\\/\\\/www.purejewels.com\\\/\"},{\"@type\":\"ListItem\",\"position\":2,\"name\":\"Shop\",\"item\":\"https:\\\/\\\/www.purejewels.com\\\/shop\\\/\"},{\"@type\":\"ListItem\",\"position\":3,\"name\":\"Rosettes Collection 22ct Gold Chain | 5mm | 17 Inches\"}]},{\"@type\":\"WebSite\",\"@id\":\"https:\\\/\\\/www.purejewels.com\\\/#website\",\"url\":\"https:\\\/\\\/www.purejewels.com\\\/\",\"name\":\"PureJewels UK\",\"description\":\"Share the Love\",\"publisher\":{\"@id\":\"https:\\\/\\\/www.purejewels.com\\\/#organization\"},\"potentialAction\":[{\"@type\":\"SearchAction\",\"target\":{\"@type\":\"EntryPoint\",\"urlTemplate\":\"https:\\\/\\\/www.purejewels.com\\\/?s={search_term_string}\"},\"query-input\":{\"@type\":\"PropertyValueSpecification\",\"valueRequired\":true,\"valueName\":\"search_term_string\"}}],\"inLanguage\":\"tr\"},{\"@type\":\"Organization\",\"@id\":\"https:\\\/\\\/www.purejewels.com\\\/#organization\",\"name\":\"PureJewels UK\",\"url\":\"https:\\\/\\\/www.purejewels.com\\\/\",\"logo\":{\"@type\":\"ImageObject\",\"inLanguage\":\"tr\",\"@id\":\"https:\\\/\\\/www.purejewels.com\\\/#\\\/schema\\\/logo\\\/image\\\/\",\"url\":\"https:\\\/\\\/static.purejewels.com\\\/wp-content\\\/uploads\\\/2020\\\/11\\\/Logo-PJ-New-1.png\",\"contentUrl\":\"https:\\\/\\\/static.purejewels.com\\\/wp-content\\\/uploads\\\/2020\\\/11\\\/Logo-PJ-New-1.png\",\"width\":150,\"height\":80,\"caption\":\"PureJewels UK\"},\"image\":{\"@id\":\"https:\\\/\\\/www.purejewels.com\\\/#\\\/schema\\\/logo\\\/image\\\/\"}}]}<\/script>\n<!-- \/ Yoast SEO plugin. -->","yoast_head_json":{"title":"PureJewels UK'de Antik Kaplamal\u0131 22 Ayar Ger\u00e7ek Alt\u0131n Zincir","description":"El yap\u0131m\u0131 m\u00fccevher Koleksiyonumuzdan 16 - 18,5 \u0130n\u00e7 boyutlar\u0131nda 22 Ayar Alt\u0131n G\u00fczel Zincir sat\u0131n al\u0131n. \u00dccretsiz ve g\u00fcvenli \u0130ngiltere teslimat\u0131 i\u00e7in online sipari\u015f verin.","robots":{"index":"index","follow":"follow","max-snippet":"max-snippet:-1","max-image-preview":"max-image-preview:large","max-video-preview":"max-video-preview:-1"},"canonical":"https:\/\/www.purejewels.com\/tr\/urun\/rozetler-koleksi\u0307yonu-22-ayar-altin-zi\u0307nci\u0307r-48090\/","og_locale":"tr_TR","og_type":"article","og_title":"22ct Real Gold Chain with Antique Finish at PureJewels UK","og_description":"Buy a 22ct Gold Beautiful Chain in 16 - 18.5 Inches from our handmade jewellery Collection. Order online for free and secure UK delivery.","og_url":"https:\/\/www.purejewels.com\/tr\/urun\/rozetler-koleksi\u0307yonu-22-ayar-altin-zi\u0307nci\u0307r-48090\/","og_site_name":"PureJewels UK","article_modified_time":"2026-04-02T05:36:20+00:00","og_image":[{"width":1000,"height":1000,"url":"https:\/\/static.purejewels.com\/wp-content\/uploads\/2024\/02\/48090-2.png","type":"image\/png"}],"twitter_card":"summary_large_image","twitter_misc":{"Tahmini okuma s\u00fcresi":"2 dakika"},"schema":{"@context":"https:\/\/schema.org","@graph":[{"@type":["WebPage","ItemPage"],"@id":"https:\/\/www.purejewels.com\/product\/rosettes-collection-22ct-gold-chain-48090\/","url":"https:\/\/www.purejewels.com\/product\/rosettes-collection-22ct-gold-chain-48090\/","name":"PureJewels UK'de Antik Kaplamal\u0131 22 Ayar Ger\u00e7ek Alt\u0131n Zincir","isPartOf":{"@id":"https:\/\/www.purejewels.com\/#website"},"primaryImageOfPage":{"@id":"https:\/\/www.purejewels.com\/product\/rosettes-collection-22ct-gold-chain-48090\/#primaryimage"},"image":{"@id":"https:\/\/www.purejewels.com\/product\/rosettes-collection-22ct-gold-chain-48090\/#primaryimage"},"thumbnailUrl":"https:\/\/static.purejewels.com\/wp-content\/uploads\/2024\/02\/48090-2.png","datePublished":"2024-08-14T00:17:52+00:00","dateModified":"2026-04-02T05:36:20+00:00","description":"El yap\u0131m\u0131 m\u00fccevher Koleksiyonumuzdan 16 - 18,5 \u0130n\u00e7 boyutlar\u0131nda 22 Ayar Alt\u0131n G\u00fczel Zincir sat\u0131n al\u0131n. \u00dccretsiz ve g\u00fcvenli \u0130ngiltere teslimat\u0131 i\u00e7in online sipari\u015f verin.","breadcrumb":{"@id":"https:\/\/www.purejewels.com\/product\/rosettes-collection-22ct-gold-chain-48090\/#breadcrumb"},"inLanguage":"tr","potentialAction":[{"@type":"ReadAction","target":["https:\/\/www.purejewels.com\/product\/rosettes-collection-22ct-gold-chain-48090\/"]}]},{"@type":"ImageObject","inLanguage":"tr","@id":"https:\/\/www.purejewels.com\/product\/rosettes-collection-22ct-gold-chain-48090\/#primaryimage","url":"https:\/\/static.purejewels.com\/wp-content\/uploads\/2024\/02\/48090-2.png","contentUrl":"https:\/\/static.purejewels.com\/wp-content\/uploads\/2024\/02\/48090-2.png","width":1000,"height":1000,"caption":"22ct Gold Chain"},{"@type":"BreadcrumbList","@id":"https:\/\/www.purejewels.com\/product\/rosettes-collection-22ct-gold-chain-48090\/#breadcrumb","itemListElement":[{"@type":"ListItem","position":1,"name":"Home","item":"https:\/\/www.purejewels.com\/"},{"@type":"ListItem","position":2,"name":"Shop","item":"https:\/\/www.purejewels.com\/shop\/"},{"@type":"ListItem","position":3,"name":"Rosettes Collection 22ct Gold Chain | 5mm | 17 Inches"}]},{"@type":"WebSite","@id":"https:\/\/www.purejewels.com\/#website","url":"https:\/\/www.purejewels.com\/","name":"PureJewels \u0130ngiltere","description":"Sevgiyi Payla\u015f\u0131n","publisher":{"@id":"https:\/\/www.purejewels.com\/#organization"},"potentialAction":[{"@type":"SearchAction","target":{"@type":"EntryPoint","urlTemplate":"https:\/\/www.purejewels.com\/?s={search_term_string}"},"query-input":{"@type":"PropertyValueSpecification","valueRequired":true,"valueName":"search_term_string"}}],"inLanguage":"tr"},{"@type":"Organization","@id":"https:\/\/www.purejewels.com\/#organization","name":"PureJewels \u0130ngiltere","url":"https:\/\/www.purejewels.com\/","logo":{"@type":"ImageObject","inLanguage":"tr","@id":"https:\/\/www.purejewels.com\/#\/schema\/logo\/image\/","url":"https:\/\/static.purejewels.com\/wp-content\/uploads\/2020\/11\/Logo-PJ-New-1.png","contentUrl":"https:\/\/static.purejewels.com\/wp-content\/uploads\/2020\/11\/Logo-PJ-New-1.png","width":150,"height":80,"caption":"PureJewels UK"},"image":{"@id":"https:\/\/www.purejewels.com\/#\/schema\/logo\/image\/"}}]}},"_links":{"self":[{"href":"https:\/\/www.purejewels.com\/tr\/wp-json\/wp\/v2\/product\/359818","targetHints":{"allow":["GET"]}}],"collection":[{"href":"https:\/\/www.purejewels.com\/tr\/wp-json\/wp\/v2\/product"}],"about":[{"href":"https:\/\/www.purejewels.com\/tr\/wp-json\/wp\/v2\/types\/product"}],"replies":[{"embeddable":true,"href":"https:\/\/www.purejewels.com\/tr\/wp-json\/wp\/v2\/comments?post=359818"}],"version-history":[{"count":3,"href":"https:\/\/www.purejewels.com\/tr\/wp-json\/wp\/v2\/product\/359818\/revisions"}],"predecessor-version":[{"id":426589,"href":"https:\/\/www.purejewels.com\/tr\/wp-json\/wp\/v2\/product\/359818\/revisions\/426589"}],"wp:featuredmedia":[{"embeddable":true,"href":"https:\/\/www.purejewels.com\/tr\/wp-json\/wp\/v2\/media\/365609"}],"wp:attachment":[{"href":"https:\/\/www.purejewels.com\/tr\/wp-json\/wp\/v2\/media?parent=359818"}],"wp:term":[{"taxonomy":"product_brand","embeddable":true,"href":"https:\/\/www.purejewels.com\/tr\/wp-json\/wp\/v2\/product_brand?post=359818"},{"taxonomy":"product_cat","embeddable":true,"href":"https:\/\/www.purejewels.com\/tr\/wp-json\/wp\/v2\/product_cat?post=359818"},{"taxonomy":"product_tag","embeddable":true,"href":"https:\/\/www.purejewels.com\/tr\/wp-json\/wp\/v2\/product_tag?post=359818"}],"curies":[{"name":"wp","href":"https:\/\/api.w.org\/{rel}","templated":true}]}}