{"id":360135,"date":"2025-11-16T08:49:02","date_gmt":"2025-11-16T08:49:02","guid":{"rendered":"https:\/\/www.purejewels.com\/?post_type=product&#038;p=360135"},"modified":"2026-04-28T12:00:59","modified_gmt":"2026-04-28T11:00:59","slug":"22-ayar-altin-dc-halka-kupe-52213","status":"publish","type":"product","link":"https:\/\/www.purejewels.com\/tr\/product\/22ct-gold-dc-hoop-earrings-52213\/","title":{"rendered":"Dokulu Halka Bali K\u00fcpe"},"content":{"rendered":"<p>Sade \u015f\u0131kl\u0131\u011f\u0131 bu g\u00fczel i\u015f\u00e7ilikle haz\u0131rlanm\u0131\u015f \u00fcr\u00fcnlerle kutlay\u0131n <a href=\"https:\/\/www.purejewels.com\/tr\/product\/22ct-gold-antique-stud-49642\/\">22 ayar alt\u0131n<\/a> <a href=\"https:\/\/www.purejewels.com\/tr\/product\/22kt-gold-daily-wear-hoop-earring-41670\/\">halka k\u00fcpeler<\/a>, Her ana rafine bir l\u00fcks dokunu\u015fu getirmek i\u00e7in tasarlanm\u0131\u015ft\u0131r. P\u00fcr\u00fczs\u00fcz oval siluetleri, saf alt\u0131n\u0131n zengin s\u0131cakl\u0131\u011f\u0131n\u0131 vurgulayan ince bir \u0131\u015f\u0131k etkile\u015fimi yaratan hassas dokularla zenginle\u015ftirilmi\u015ftir.<\/p>\n<p>Konfor ve dayan\u0131kl\u0131l\u0131k g\u00f6z \u00f6n\u00fcnde bulundurularak \u00f6zenle haz\u0131rlanan bu halkalar hafif ama \u00e7arp\u0131c\u0131d\u0131r; bu da onlar\u0131 hem g\u00fcnl\u00fck stil hem de \u00f6zel kutlamalar i\u00e7in m\u00fckemmel bir yol arkada\u015f\u0131 yapar. Klasik tasar\u0131mlar\u0131 PureJewels'in miras i\u015f\u00e7ili\u011fi ile \u00e7a\u011fda\u015f sofistikeli\u011fi harmanlama felsefesini yans\u0131tmaktad\u0131r.<\/p>\n<p>Her bir \u00e7ift, alt\u0131n\u0131n safl\u0131\u011f\u0131n\u0131 garanti etmek i\u00e7in damgalanm\u0131\u015ft\u0131r ve m\u00fccevher uzmanl\u0131\u011f\u0131n\u0131n nesillerini onurland\u0131ran detaylara \u00f6zen g\u00f6sterilerek haz\u0131rlanm\u0131\u015ft\u0131r. \u0130ster minimalist bir ifade i\u00e7in tek ba\u015f\u0131na tak\u0131ls\u0131n, ister di\u011fer alt\u0131n par\u00e7alarla e\u015fle\u015ftirilsin, bu k\u00fcpeler zahmetsiz \u015f\u0131kl\u0131\u011f\u0131 temsil eder.<\/p>\n<p>Her m\u00fccevher koleksiyonuna zamans\u0131z bir katk\u0131 sa\u011flayan bu <a href=\"https:\/\/www.purejewels.com\/tr\/product\/22ct-gold-jali-filigree-ring-jali-collection-31926\/\">22ct<\/a> Alt\u0131n halka k\u00fcpeler sadeli\u011fin g\u00fczelli\u011fini ve ince i\u015f\u00e7ili\u011fin yolculu\u011funu kutluyor.<\/p>","protected":false},"excerpt":{"rendered":"<p>Zarif ve zamans\u0131z bu 22 ayar alt\u0131n halka k\u00fcpeler, \u0131\u015f\u0131\u011f\u0131 g\u00fczel bir \u015fekilde yakalayan zarif dokulu bir y\u00fczeye sahiptir. Zahmetsiz \u015f\u0131kl\u0131k i\u00e7in tasarlanan bu k\u00fcpeler, g\u00fcnl\u00fck kullan\u0131mdan \u00f6zel g\u00fcnlere sorunsuzca ge\u00e7i\u015f yapabilen \u00e7ok y\u00f6nl\u00fc bir par\u00e7ad\u0131r.<\/p>\n<p><strong>Malzeme:<\/strong>\u00a022 Ayar Alt\u0131n<strong><br \/>\nHallmark:\u00a0<\/strong>\u0130ngiliz Damgas\u0131<strong><br \/>\n<\/strong><strong>Br\u00fct A\u011f\u0131rl\u0131k: <\/strong>2.86 Gms<br \/>\n<strong>\u0130\u00e7 \u00e7ap:<\/strong> 19mm<br \/>\n<strong>SKU:<\/strong> 53948, 53942, 53944, 53947<\/p>\n<p><strong>Fiyat ve Teslimat<\/strong>:KDV ve teslimat \u00fccreti dahil<\/p>\n<p><a href=\"https:\/\/www.purejewels.com\/tr\/i%cc%87ade-poli%cc%87ti%cc%87kasi\/\">\u0130ade Politikas\u0131<\/a><\/p>","protected":false},"featured_media":401674,"comment_status":"closed","ping_status":"closed","template":"","meta":{"_eb_attr":"","_crsspst_to_jayantr4sg-hostcom":true},"product_brand":[],"product_cat":[1791,1254,1229,1579,5344,1570,5338,5608,1574,5349],"product_tag":[66],"class_list":{"0":"post-360135","1":"product","2":"type-product","3":"status-publish","4":"has-post-thumbnail","6":"product_cat-anniversary-gifts","7":"product_cat-gold-earrings","8":"product_cat-22ct-gold-jewellery","9":"product_cat-hoop-earrings","10":"product_cat-jewellery-under-750","11":"product_cat-mothers-day-gifts","12":"product_cat-shop-by-price","13":"product_cat-simple-hoops","14":"product_cat-womens-jewellery","15":"product_cat-yellow-gold-jewellery","16":"product_tag-earrings","18":"first","19":"instock","20":"taxable","21":"shipping-taxable","22":"purchasable","23":"product-type-simple","24":"add-to-wishlist-before_image"},"yoast_head":"<!-- This site is optimized with the Yoast SEO plugin v27.5 - https:\/\/yoast.com\/product\/yoast-seo-wordpress\/ -->\n<title>22ct Gold Hoop Earrings | Elegant Textured Hoops \u2013 PureJewels<\/title>\n<meta name=\"description\" content=\"Discover elegant 22ct gold hoop earrings crafted with refined texture and timeless design. A graceful everyday essential from PureJewels UK.\" \/>\n<meta name=\"robots\" content=\"index, follow, max-snippet:-1, max-image-preview:large, max-video-preview:-1\" \/>\n<link rel=\"canonical\" href=\"https:\/\/www.purejewels.com\/tr\/urun\/22-ayar-altin-dc-halka-kupe-52213\/\" \/>\n<meta property=\"og:locale\" content=\"tr_TR\" \/>\n<meta property=\"og:type\" content=\"article\" \/>\n<meta property=\"og:title\" content=\"22ct Gold Hoop Earrings | Elegant Textured Hoops \u2013 PureJewels\" \/>\n<meta property=\"og:description\" content=\"Discover elegant 22ct gold hoop earrings crafted with refined texture and timeless design. A graceful everyday essential from PureJewels UK.\" \/>\n<meta property=\"og:url\" content=\"https:\/\/www.purejewels.com\/tr\/urun\/22-ayar-altin-dc-halka-kupe-52213\/\" \/>\n<meta property=\"og:site_name\" content=\"PureJewels UK\" \/>\n<meta property=\"article:modified_time\" content=\"2026-04-28T11:00:59+00:00\" \/>\n<meta property=\"og:image\" content=\"https:\/\/static.purejewels.com\/wp-content\/uploads\/2024\/06\/SKU-51879.png\" \/>\n\t<meta property=\"og:image:width\" content=\"1000\" \/>\n\t<meta property=\"og:image:height\" content=\"1000\" \/>\n\t<meta property=\"og:image:type\" content=\"image\/png\" \/>\n<meta name=\"twitter:card\" content=\"summary_large_image\" \/>\n<meta name=\"twitter:label1\" content=\"Tahmini okuma s\u00fcresi\" \/>\n\t<meta name=\"twitter:data1\" content=\"1 dakika\" \/>\n<script type=\"application\/ld+json\" class=\"yoast-schema-graph\">{\"@context\":\"https:\\\/\\\/schema.org\",\"@graph\":[{\"@type\":[\"WebPage\",\"ItemPage\"],\"@id\":\"https:\\\/\\\/www.purejewels.com\\\/product\\\/22ct-gold-dc-hoop-earrings-52213\\\/\",\"url\":\"https:\\\/\\\/www.purejewels.com\\\/product\\\/22ct-gold-dc-hoop-earrings-52213\\\/\",\"name\":\"22ct Gold Hoop Earrings | Elegant Textured Hoops \u2013 PureJewels\",\"isPartOf\":{\"@id\":\"https:\\\/\\\/www.purejewels.com\\\/#website\"},\"primaryImageOfPage\":{\"@id\":\"https:\\\/\\\/www.purejewels.com\\\/product\\\/22ct-gold-dc-hoop-earrings-52213\\\/#primaryimage\"},\"image\":{\"@id\":\"https:\\\/\\\/www.purejewels.com\\\/product\\\/22ct-gold-dc-hoop-earrings-52213\\\/#primaryimage\"},\"thumbnailUrl\":\"https:\\\/\\\/static.purejewels.com\\\/wp-content\\\/uploads\\\/2024\\\/06\\\/SKU-51879.png\",\"datePublished\":\"2025-11-16T08:49:02+00:00\",\"dateModified\":\"2026-04-28T11:00:59+00:00\",\"description\":\"Discover elegant 22ct gold hoop earrings crafted with refined texture and timeless design. A graceful everyday essential from PureJewels UK.\",\"breadcrumb\":{\"@id\":\"https:\\\/\\\/www.purejewels.com\\\/product\\\/22ct-gold-dc-hoop-earrings-52213\\\/#breadcrumb\"},\"inLanguage\":\"tr\",\"potentialAction\":[{\"@type\":\"ReadAction\",\"target\":[\"https:\\\/\\\/www.purejewels.com\\\/product\\\/22ct-gold-dc-hoop-earrings-52213\\\/\"]}]},{\"@type\":\"ImageObject\",\"inLanguage\":\"tr\",\"@id\":\"https:\\\/\\\/www.purejewels.com\\\/product\\\/22ct-gold-dc-hoop-earrings-52213\\\/#primaryimage\",\"url\":\"https:\\\/\\\/static.purejewels.com\\\/wp-content\\\/uploads\\\/2024\\\/06\\\/SKU-51879.png\",\"contentUrl\":\"https:\\\/\\\/static.purejewels.com\\\/wp-content\\\/uploads\\\/2024\\\/06\\\/SKU-51879.png\",\"width\":1000,\"height\":1000,\"caption\":\"Textured Hoop Bali Earrings\"},{\"@type\":\"BreadcrumbList\",\"@id\":\"https:\\\/\\\/www.purejewels.com\\\/product\\\/22ct-gold-dc-hoop-earrings-52213\\\/#breadcrumb\",\"itemListElement\":[{\"@type\":\"ListItem\",\"position\":1,\"name\":\"Home\",\"item\":\"https:\\\/\\\/www.purejewels.com\\\/\"},{\"@type\":\"ListItem\",\"position\":2,\"name\":\"Shop\",\"item\":\"https:\\\/\\\/www.purejewels.com\\\/shop\\\/\"},{\"@type\":\"ListItem\",\"position\":3,\"name\":\"Textured Hoop Bali Earrings\"}]},{\"@type\":\"WebSite\",\"@id\":\"https:\\\/\\\/www.purejewels.com\\\/#website\",\"url\":\"https:\\\/\\\/www.purejewels.com\\\/\",\"name\":\"PureJewels UK\",\"description\":\"Share the Love\",\"publisher\":{\"@id\":\"https:\\\/\\\/www.purejewels.com\\\/#organization\"},\"potentialAction\":[{\"@type\":\"SearchAction\",\"target\":{\"@type\":\"EntryPoint\",\"urlTemplate\":\"https:\\\/\\\/www.purejewels.com\\\/?s={search_term_string}\"},\"query-input\":{\"@type\":\"PropertyValueSpecification\",\"valueRequired\":true,\"valueName\":\"search_term_string\"}}],\"inLanguage\":\"tr\"},{\"@type\":\"Organization\",\"@id\":\"https:\\\/\\\/www.purejewels.com\\\/#organization\",\"name\":\"PureJewels UK\",\"url\":\"https:\\\/\\\/www.purejewels.com\\\/\",\"logo\":{\"@type\":\"ImageObject\",\"inLanguage\":\"tr\",\"@id\":\"https:\\\/\\\/www.purejewels.com\\\/#\\\/schema\\\/logo\\\/image\\\/\",\"url\":\"https:\\\/\\\/static.purejewels.com\\\/wp-content\\\/uploads\\\/2020\\\/11\\\/Logo-PJ-New-1.png\",\"contentUrl\":\"https:\\\/\\\/static.purejewels.com\\\/wp-content\\\/uploads\\\/2020\\\/11\\\/Logo-PJ-New-1.png\",\"width\":150,\"height\":80,\"caption\":\"PureJewels UK\"},\"image\":{\"@id\":\"https:\\\/\\\/www.purejewels.com\\\/#\\\/schema\\\/logo\\\/image\\\/\"}}]}<\/script>\n<!-- \/ Yoast SEO plugin. -->","yoast_head_json":{"title":"22 Ayar Alt\u0131n Halka K\u00fcpe | Zarif Dokulu Halkalar - PureJewels","description":"Rafine doku ve zamans\u0131z tasar\u0131mla haz\u0131rlanm\u0131\u015f zarif 22 ayar alt\u0131n halka k\u00fcpeleri ke\u015ffedin. PureJewels UK'den zarif bir g\u00fcnl\u00fck vazge\u00e7ilmez.","robots":{"index":"index","follow":"follow","max-snippet":"max-snippet:-1","max-image-preview":"max-image-preview:large","max-video-preview":"max-video-preview:-1"},"canonical":"https:\/\/www.purejewels.com\/tr\/urun\/22-ayar-altin-dc-halka-kupe-52213\/","og_locale":"tr_TR","og_type":"article","og_title":"22ct Gold Hoop Earrings | Elegant Textured Hoops \u2013 PureJewels","og_description":"Discover elegant 22ct gold hoop earrings crafted with refined texture and timeless design. A graceful everyday essential from PureJewels UK.","og_url":"https:\/\/www.purejewels.com\/tr\/urun\/22-ayar-altin-dc-halka-kupe-52213\/","og_site_name":"PureJewels UK","article_modified_time":"2026-04-28T11:00:59+00:00","og_image":[{"width":1000,"height":1000,"url":"https:\/\/static.purejewels.com\/wp-content\/uploads\/2024\/06\/SKU-51879.png","type":"image\/png"}],"twitter_card":"summary_large_image","twitter_misc":{"Tahmini okuma s\u00fcresi":"1 dakika"},"schema":{"@context":"https:\/\/schema.org","@graph":[{"@type":["WebPage","ItemPage"],"@id":"https:\/\/www.purejewels.com\/product\/22ct-gold-dc-hoop-earrings-52213\/","url":"https:\/\/www.purejewels.com\/product\/22ct-gold-dc-hoop-earrings-52213\/","name":"22 Ayar Alt\u0131n Halka K\u00fcpe | Zarif Dokulu Halkalar - PureJewels","isPartOf":{"@id":"https:\/\/www.purejewels.com\/#website"},"primaryImageOfPage":{"@id":"https:\/\/www.purejewels.com\/product\/22ct-gold-dc-hoop-earrings-52213\/#primaryimage"},"image":{"@id":"https:\/\/www.purejewels.com\/product\/22ct-gold-dc-hoop-earrings-52213\/#primaryimage"},"thumbnailUrl":"https:\/\/static.purejewels.com\/wp-content\/uploads\/2024\/06\/SKU-51879.png","datePublished":"2025-11-16T08:49:02+00:00","dateModified":"2026-04-28T11:00:59+00:00","description":"Rafine doku ve zamans\u0131z tasar\u0131mla haz\u0131rlanm\u0131\u015f zarif 22 ayar alt\u0131n halka k\u00fcpeleri ke\u015ffedin. PureJewels UK'den zarif bir g\u00fcnl\u00fck vazge\u00e7ilmez.","breadcrumb":{"@id":"https:\/\/www.purejewels.com\/product\/22ct-gold-dc-hoop-earrings-52213\/#breadcrumb"},"inLanguage":"tr","potentialAction":[{"@type":"ReadAction","target":["https:\/\/www.purejewels.com\/product\/22ct-gold-dc-hoop-earrings-52213\/"]}]},{"@type":"ImageObject","inLanguage":"tr","@id":"https:\/\/www.purejewels.com\/product\/22ct-gold-dc-hoop-earrings-52213\/#primaryimage","url":"https:\/\/static.purejewels.com\/wp-content\/uploads\/2024\/06\/SKU-51879.png","contentUrl":"https:\/\/static.purejewels.com\/wp-content\/uploads\/2024\/06\/SKU-51879.png","width":1000,"height":1000,"caption":"Textured Hoop Bali Earrings"},{"@type":"BreadcrumbList","@id":"https:\/\/www.purejewels.com\/product\/22ct-gold-dc-hoop-earrings-52213\/#breadcrumb","itemListElement":[{"@type":"ListItem","position":1,"name":"Home","item":"https:\/\/www.purejewels.com\/"},{"@type":"ListItem","position":2,"name":"Shop","item":"https:\/\/www.purejewels.com\/shop\/"},{"@type":"ListItem","position":3,"name":"Textured Hoop Bali Earrings"}]},{"@type":"WebSite","@id":"https:\/\/www.purejewels.com\/#website","url":"https:\/\/www.purejewels.com\/","name":"PureJewels \u0130ngiltere","description":"Sevgiyi Payla\u015f\u0131n","publisher":{"@id":"https:\/\/www.purejewels.com\/#organization"},"potentialAction":[{"@type":"SearchAction","target":{"@type":"EntryPoint","urlTemplate":"https:\/\/www.purejewels.com\/?s={search_term_string}"},"query-input":{"@type":"PropertyValueSpecification","valueRequired":true,"valueName":"search_term_string"}}],"inLanguage":"tr"},{"@type":"Organization","@id":"https:\/\/www.purejewels.com\/#organization","name":"PureJewels \u0130ngiltere","url":"https:\/\/www.purejewels.com\/","logo":{"@type":"ImageObject","inLanguage":"tr","@id":"https:\/\/www.purejewels.com\/#\/schema\/logo\/image\/","url":"https:\/\/static.purejewels.com\/wp-content\/uploads\/2020\/11\/Logo-PJ-New-1.png","contentUrl":"https:\/\/static.purejewels.com\/wp-content\/uploads\/2020\/11\/Logo-PJ-New-1.png","width":150,"height":80,"caption":"PureJewels UK"},"image":{"@id":"https:\/\/www.purejewels.com\/#\/schema\/logo\/image\/"}}]}},"_links":{"self":[{"href":"https:\/\/www.purejewels.com\/tr\/wp-json\/wp\/v2\/product\/360135","targetHints":{"allow":["GET"]}}],"collection":[{"href":"https:\/\/www.purejewels.com\/tr\/wp-json\/wp\/v2\/product"}],"about":[{"href":"https:\/\/www.purejewels.com\/tr\/wp-json\/wp\/v2\/types\/product"}],"replies":[{"embeddable":true,"href":"https:\/\/www.purejewels.com\/tr\/wp-json\/wp\/v2\/comments?post=360135"}],"version-history":[{"count":5,"href":"https:\/\/www.purejewels.com\/tr\/wp-json\/wp\/v2\/product\/360135\/revisions"}],"predecessor-version":[{"id":426718,"href":"https:\/\/www.purejewels.com\/tr\/wp-json\/wp\/v2\/product\/360135\/revisions\/426718"}],"wp:featuredmedia":[{"embeddable":true,"href":"https:\/\/www.purejewels.com\/tr\/wp-json\/wp\/v2\/media\/401674"}],"wp:attachment":[{"href":"https:\/\/www.purejewels.com\/tr\/wp-json\/wp\/v2\/media?parent=360135"}],"wp:term":[{"taxonomy":"product_brand","embeddable":true,"href":"https:\/\/www.purejewels.com\/tr\/wp-json\/wp\/v2\/product_brand?post=360135"},{"taxonomy":"product_cat","embeddable":true,"href":"https:\/\/www.purejewels.com\/tr\/wp-json\/wp\/v2\/product_cat?post=360135"},{"taxonomy":"product_tag","embeddable":true,"href":"https:\/\/www.purejewels.com\/tr\/wp-json\/wp\/v2\/product_tag?post=360135"}],"curies":[{"name":"wp","href":"https:\/\/api.w.org\/{rel}","templated":true}]}}