{"id":360138,"date":"2024-01-12T09:16:40","date_gmt":"2024-01-12T09:16:40","guid":{"rendered":"https:\/\/www.purejewels.com\/?post_type=product&#038;p=360138"},"modified":"2026-04-29T06:04:12","modified_gmt":"2026-04-29T05:04:12","slug":"22-ayar-altin-cz-halka-kupe-46637","status":"publish","type":"product","link":"https:\/\/www.purejewels.com\/tr\/product\/22ct-gold-cz-hoop-earrings-46637\/","title":{"rendered":"22 Ayar Alt\u0131n CZ Halka K\u00fcpe"},"content":{"rendered":"<p>Kar\u015f\u0131n\u0131zda zarafet ve sofistikeli\u011fin timsali olan enfes 22 ayar alt\u0131n CZ halka k\u00fcpelerimiz. Detaylara titizlikle \u00f6zen g\u00f6sterilerek haz\u0131rlanan bu \u00e7arp\u0131c\u0131 k\u00fcpeler, \u0131\u015f\u0131lt\u0131l\u0131 k\u00fcbik zirkon ta\u015flarla s\u00fcslenmi\u015f zamans\u0131z bir halka tasar\u0131m\u0131na sahiptir ve her tak\u0131ma g\u00f6z al\u0131c\u0131 bir dokunu\u015f katar.<\/p>\n<p>Her bir halka 2,5 mm'lik hassas bir geni\u015fli\u011fe sahiptir ve 16,3 mm'lik y\u00fckseklikle m\u00fckemmel bir \u015fekilde dengelenerek tak\u0131ld\u0131\u011f\u0131nda zarif ve gurur verici bir siluet sa\u011flar. Parlak 22 ayar alt\u0131n, l\u00fcks ve zarafeti yans\u0131tarak bu k\u00fcpeleri m\u00fccevher koleksiyonunuza \u00e7ok y\u00f6nl\u00fc bir eklenti haline getirir.<\/p>\n<p>\u0130ster \u00f6zel bir g\u00fcn i\u00e7in ister g\u00fcnl\u00fck aksesuar olarak tak\u0131ls\u0131n, 22 ayar alt\u0131n CZ halka k\u00fcpelerimiz zamans\u0131z cazibesi ve inkar edilemez \u00e7ekicili\u011fiyle her g\u00f6r\u00fcn\u00fcm\u00fc zahmetsizce y\u00fckseltir. Nereye giderseniz gidin dikkatleri \u00fczerinize \u00e7ekece\u011finizden emin oldu\u011funuz bu zarif k\u00fcpelerle stilinizi ve sofistikeli\u011finizi ortaya koyun.<\/p>","protected":false},"excerpt":{"rendered":"<table class=\"sh_desc\">\n<tbody>\n<tr>\n<td>K\u00fcpe T\u00fcr\u00fc<\/td>\n<td>CZ Halka K\u00fcpe<\/td>\n<\/tr>\n<tr>\n<td>SKU<\/td>\n<td>46637, 46640<\/td>\n<\/tr>\n<tr>\n<td>A\u011f\u0131rl\u0131k<\/td>\n<td>4.3 Gms<\/td>\n<\/tr>\n<tr>\n<td>Boyut<\/td>\n<td>Geni\u015flik 2,5 mm, Y\u00fckseklik 16,3 mm<\/td>\n<\/tr>\n<tr>\n<td>Ta\u015f<\/td>\n<td>CZ<\/td>\n<\/tr>\n<tr>\n<td>Metal<\/td>\n<td>22 Ayar Alt\u0131n<\/td>\n<\/tr>\n<tr>\n<td>\u00dccretler<\/td>\n<td>Teslimat ve KDV Dahil<\/td>\n<\/tr>\n<tr>\n<td>Paketleme<\/td>\n<td>Sunum Kutusu ile Birlikte Gelir<\/td>\n<\/tr>\n<tr>\n<td>Daha Fazla Bilgi<\/td>\n<td>M\u00fcsaitlik durumu ve daha fazla resim i\u00e7in bizimle canl\u0131 sohbet edin<\/td>\n<\/tr>\n<\/tbody>\n<\/table>","protected":false},"featured_media":360140,"comment_status":"closed","ping_status":"closed","template":"","meta":{"_eb_attr":"","_crsspst_to_jayantr4sg-hostcom":true},"product_brand":[],"product_cat":[1791,6190,1792,1790,1254,1229,1579,1570,5608,1574],"product_tag":[66],"class_list":{"0":"post-360138","1":"product","2":"type-product","3":"status-publish","4":"has-post-thumbnail","6":"product_cat-anniversary-gifts","7":"product_cat-easter-jewellery","8":"product_cat-festival-gifts","9":"product_cat-for-whom-when","10":"product_cat-gold-earrings","11":"product_cat-22ct-gold-jewellery","12":"product_cat-hoop-earrings","13":"product_cat-mothers-day-gifts","14":"product_cat-simple-hoops","15":"product_cat-womens-jewellery","16":"product_tag-earrings","18":"first","19":"instock","20":"taxable","21":"shipping-taxable","22":"purchasable","23":"product-type-simple","24":"add-to-wishlist-before_image"},"yoast_head":"<!-- This site is optimized with the Yoast SEO plugin v27.6 - https:\/\/yoast.com\/product\/yoast-seo-wordpress\/ -->\n<title>22ct Gold CZ Hoop Earrings at purejewels UK online<\/title>\n<meta name=\"description\" content=\"Enhance your style by adorning yourself with Purejewels UK&#039;s exquisite 22ct gold CZ hoop earrings. Crafted from premium 22-carat gold.\" \/>\n<meta name=\"robots\" content=\"index, follow, max-snippet:-1, max-image-preview:large, max-video-preview:-1\" \/>\n<link rel=\"canonical\" href=\"https:\/\/www.purejewels.com\/tr\/urun\/22-ayar-altin-cz-halka-kupe-46637\/\" \/>\n<meta property=\"og:locale\" content=\"tr_TR\" \/>\n<meta property=\"og:type\" content=\"article\" \/>\n<meta property=\"og:title\" content=\"22ct Gold CZ Hoop Earrings at purejewels UK online\" \/>\n<meta property=\"og:description\" content=\"Enhance your style by adorning yourself with Purejewels UK&#039;s exquisite 22ct gold CZ hoop earrings. Crafted from premium 22-carat gold.\" \/>\n<meta property=\"og:url\" content=\"https:\/\/www.purejewels.com\/tr\/urun\/22-ayar-altin-cz-halka-kupe-46637\/\" \/>\n<meta property=\"og:site_name\" content=\"PureJewels UK\" \/>\n<meta property=\"article:modified_time\" content=\"2026-04-29T05:04:12+00:00\" \/>\n<meta property=\"og:image\" content=\"https:\/\/static.purejewels.com\/wp-content\/uploads\/2024\/04\/IMG_4010-1.jpg\" \/>\n\t<meta property=\"og:image:width\" content=\"1\" \/>\n\t<meta property=\"og:image:height\" content=\"1\" \/>\n\t<meta property=\"og:image:type\" content=\"image\/jpeg\" \/>\n<meta name=\"twitter:card\" content=\"summary_large_image\" \/>\n<meta name=\"twitter:label1\" content=\"Tahmini okuma s\u00fcresi\" \/>\n\t<meta name=\"twitter:data1\" content=\"1 dakika\" \/>\n<script type=\"application\/ld+json\" class=\"yoast-schema-graph\">{\"@context\":\"https:\\\/\\\/schema.org\",\"@graph\":[{\"@type\":[\"WebPage\",\"ItemPage\"],\"@id\":\"https:\\\/\\\/www.purejewels.com\\\/product\\\/22ct-gold-cz-hoop-earrings-46637\\\/\",\"url\":\"https:\\\/\\\/www.purejewels.com\\\/product\\\/22ct-gold-cz-hoop-earrings-46637\\\/\",\"name\":\"22ct Gold CZ Hoop Earrings at purejewels UK online\",\"isPartOf\":{\"@id\":\"https:\\\/\\\/www.purejewels.com\\\/#website\"},\"primaryImageOfPage\":{\"@id\":\"https:\\\/\\\/www.purejewels.com\\\/product\\\/22ct-gold-cz-hoop-earrings-46637\\\/#primaryimage\"},\"image\":{\"@id\":\"https:\\\/\\\/www.purejewels.com\\\/product\\\/22ct-gold-cz-hoop-earrings-46637\\\/#primaryimage\"},\"thumbnailUrl\":\"https:\\\/\\\/static.purejewels.com\\\/wp-content\\\/uploads\\\/2024\\\/04\\\/IMG_4010-1.jpg\",\"datePublished\":\"2024-01-12T09:16:40+00:00\",\"dateModified\":\"2026-04-29T05:04:12+00:00\",\"description\":\"Enhance your style by adorning yourself with Purejewels UK's exquisite 22ct gold CZ hoop earrings. Crafted from premium 22-carat gold.\",\"breadcrumb\":{\"@id\":\"https:\\\/\\\/www.purejewels.com\\\/product\\\/22ct-gold-cz-hoop-earrings-46637\\\/#breadcrumb\"},\"inLanguage\":\"tr\",\"potentialAction\":[{\"@type\":\"ReadAction\",\"target\":[\"https:\\\/\\\/www.purejewels.com\\\/product\\\/22ct-gold-cz-hoop-earrings-46637\\\/\"]}]},{\"@type\":\"ImageObject\",\"inLanguage\":\"tr\",\"@id\":\"https:\\\/\\\/www.purejewels.com\\\/product\\\/22ct-gold-cz-hoop-earrings-46637\\\/#primaryimage\",\"url\":\"https:\\\/\\\/static.purejewels.com\\\/wp-content\\\/uploads\\\/2024\\\/04\\\/IMG_4010-1.jpg\",\"contentUrl\":\"https:\\\/\\\/static.purejewels.com\\\/wp-content\\\/uploads\\\/2024\\\/04\\\/IMG_4010-1.jpg\",\"caption\":\"22ct Gold CZ Hoop Earrings\"},{\"@type\":\"BreadcrumbList\",\"@id\":\"https:\\\/\\\/www.purejewels.com\\\/product\\\/22ct-gold-cz-hoop-earrings-46637\\\/#breadcrumb\",\"itemListElement\":[{\"@type\":\"ListItem\",\"position\":1,\"name\":\"Home\",\"item\":\"https:\\\/\\\/www.purejewels.com\\\/\"},{\"@type\":\"ListItem\",\"position\":2,\"name\":\"Shop\",\"item\":\"https:\\\/\\\/www.purejewels.com\\\/shop\\\/\"},{\"@type\":\"ListItem\",\"position\":3,\"name\":\"22ct Gold CZ Hoop Earrings\"}]},{\"@type\":\"WebSite\",\"@id\":\"https:\\\/\\\/www.purejewels.com\\\/#website\",\"url\":\"https:\\\/\\\/www.purejewels.com\\\/\",\"name\":\"PureJewels UK\",\"description\":\"Share the Love\",\"publisher\":{\"@id\":\"https:\\\/\\\/www.purejewels.com\\\/#organization\"},\"potentialAction\":[{\"@type\":\"SearchAction\",\"target\":{\"@type\":\"EntryPoint\",\"urlTemplate\":\"https:\\\/\\\/www.purejewels.com\\\/?s={search_term_string}\"},\"query-input\":{\"@type\":\"PropertyValueSpecification\",\"valueRequired\":true,\"valueName\":\"search_term_string\"}}],\"inLanguage\":\"tr\"},{\"@type\":\"Organization\",\"@id\":\"https:\\\/\\\/www.purejewels.com\\\/#organization\",\"name\":\"PureJewels UK\",\"url\":\"https:\\\/\\\/www.purejewels.com\\\/\",\"logo\":{\"@type\":\"ImageObject\",\"inLanguage\":\"tr\",\"@id\":\"https:\\\/\\\/www.purejewels.com\\\/#\\\/schema\\\/logo\\\/image\\\/\",\"url\":\"https:\\\/\\\/static.purejewels.com\\\/wp-content\\\/uploads\\\/2020\\\/11\\\/Logo-PJ-New-1.png\",\"contentUrl\":\"https:\\\/\\\/static.purejewels.com\\\/wp-content\\\/uploads\\\/2020\\\/11\\\/Logo-PJ-New-1.png\",\"width\":150,\"height\":80,\"caption\":\"PureJewels UK\"},\"image\":{\"@id\":\"https:\\\/\\\/www.purejewels.com\\\/#\\\/schema\\\/logo\\\/image\\\/\"}}]}<\/script>\n<!-- \/ Yoast SEO plugin. -->","yoast_head_json":{"title":"22 Ayar Alt\u0131n CZ Halka K\u00fcpeler purejewels UK online'da","description":"Purejewels UK'nin zarif 22 ayar alt\u0131n CZ halka k\u00fcpeleriyle kendinizi s\u00fcsleyerek stilinizi geli\u015ftirin. Birinci s\u0131n\u0131f 22 ayar alt\u0131ndan \u00fcretilmi\u015ftir.","robots":{"index":"index","follow":"follow","max-snippet":"max-snippet:-1","max-image-preview":"max-image-preview:large","max-video-preview":"max-video-preview:-1"},"canonical":"https:\/\/www.purejewels.com\/tr\/urun\/22-ayar-altin-cz-halka-kupe-46637\/","og_locale":"tr_TR","og_type":"article","og_title":"22ct Gold CZ Hoop Earrings at purejewels UK online","og_description":"Enhance your style by adorning yourself with Purejewels UK's exquisite 22ct gold CZ hoop earrings. Crafted from premium 22-carat gold.","og_url":"https:\/\/www.purejewels.com\/tr\/urun\/22-ayar-altin-cz-halka-kupe-46637\/","og_site_name":"PureJewels UK","article_modified_time":"2026-04-29T05:04:12+00:00","og_image":[{"url":"https:\/\/static.purejewels.com\/wp-content\/uploads\/2024\/04\/IMG_4010-1.jpg","width":1,"height":1,"type":"image\/jpeg"}],"twitter_card":"summary_large_image","twitter_misc":{"Tahmini okuma s\u00fcresi":"1 dakika"},"schema":{"@context":"https:\/\/schema.org","@graph":[{"@type":["WebPage","ItemPage"],"@id":"https:\/\/www.purejewels.com\/product\/22ct-gold-cz-hoop-earrings-46637\/","url":"https:\/\/www.purejewels.com\/product\/22ct-gold-cz-hoop-earrings-46637\/","name":"22 Ayar Alt\u0131n CZ Halka K\u00fcpeler purejewels UK online'da","isPartOf":{"@id":"https:\/\/www.purejewels.com\/#website"},"primaryImageOfPage":{"@id":"https:\/\/www.purejewels.com\/product\/22ct-gold-cz-hoop-earrings-46637\/#primaryimage"},"image":{"@id":"https:\/\/www.purejewels.com\/product\/22ct-gold-cz-hoop-earrings-46637\/#primaryimage"},"thumbnailUrl":"https:\/\/static.purejewels.com\/wp-content\/uploads\/2024\/04\/IMG_4010-1.jpg","datePublished":"2024-01-12T09:16:40+00:00","dateModified":"2026-04-29T05:04:12+00:00","description":"Purejewels UK'nin zarif 22 ayar alt\u0131n CZ halka k\u00fcpeleriyle kendinizi s\u00fcsleyerek stilinizi geli\u015ftirin. Birinci s\u0131n\u0131f 22 ayar alt\u0131ndan \u00fcretilmi\u015ftir.","breadcrumb":{"@id":"https:\/\/www.purejewels.com\/product\/22ct-gold-cz-hoop-earrings-46637\/#breadcrumb"},"inLanguage":"tr","potentialAction":[{"@type":"ReadAction","target":["https:\/\/www.purejewels.com\/product\/22ct-gold-cz-hoop-earrings-46637\/"]}]},{"@type":"ImageObject","inLanguage":"tr","@id":"https:\/\/www.purejewels.com\/product\/22ct-gold-cz-hoop-earrings-46637\/#primaryimage","url":"https:\/\/static.purejewels.com\/wp-content\/uploads\/2024\/04\/IMG_4010-1.jpg","contentUrl":"https:\/\/static.purejewels.com\/wp-content\/uploads\/2024\/04\/IMG_4010-1.jpg","caption":"22ct Gold CZ Hoop Earrings"},{"@type":"BreadcrumbList","@id":"https:\/\/www.purejewels.com\/product\/22ct-gold-cz-hoop-earrings-46637\/#breadcrumb","itemListElement":[{"@type":"ListItem","position":1,"name":"Home","item":"https:\/\/www.purejewels.com\/"},{"@type":"ListItem","position":2,"name":"Shop","item":"https:\/\/www.purejewels.com\/shop\/"},{"@type":"ListItem","position":3,"name":"22ct Gold CZ Hoop Earrings"}]},{"@type":"WebSite","@id":"https:\/\/www.purejewels.com\/#website","url":"https:\/\/www.purejewels.com\/","name":"PureJewels \u0130ngiltere","description":"Sevgiyi Payla\u015f\u0131n","publisher":{"@id":"https:\/\/www.purejewels.com\/#organization"},"potentialAction":[{"@type":"SearchAction","target":{"@type":"EntryPoint","urlTemplate":"https:\/\/www.purejewels.com\/?s={search_term_string}"},"query-input":{"@type":"PropertyValueSpecification","valueRequired":true,"valueName":"search_term_string"}}],"inLanguage":"tr"},{"@type":"Organization","@id":"https:\/\/www.purejewels.com\/#organization","name":"PureJewels \u0130ngiltere","url":"https:\/\/www.purejewels.com\/","logo":{"@type":"ImageObject","inLanguage":"tr","@id":"https:\/\/www.purejewels.com\/#\/schema\/logo\/image\/","url":"https:\/\/static.purejewels.com\/wp-content\/uploads\/2020\/11\/Logo-PJ-New-1.png","contentUrl":"https:\/\/static.purejewels.com\/wp-content\/uploads\/2020\/11\/Logo-PJ-New-1.png","width":150,"height":80,"caption":"PureJewels UK"},"image":{"@id":"https:\/\/www.purejewels.com\/#\/schema\/logo\/image\/"}}]}},"_links":{"self":[{"href":"https:\/\/www.purejewels.com\/tr\/wp-json\/wp\/v2\/product\/360138","targetHints":{"allow":["GET"]}}],"collection":[{"href":"https:\/\/www.purejewels.com\/tr\/wp-json\/wp\/v2\/product"}],"about":[{"href":"https:\/\/www.purejewels.com\/tr\/wp-json\/wp\/v2\/types\/product"}],"replies":[{"embeddable":true,"href":"https:\/\/www.purejewels.com\/tr\/wp-json\/wp\/v2\/comments?post=360138"}],"version-history":[{"count":4,"href":"https:\/\/www.purejewels.com\/tr\/wp-json\/wp\/v2\/product\/360138\/revisions"}],"predecessor-version":[{"id":425341,"href":"https:\/\/www.purejewels.com\/tr\/wp-json\/wp\/v2\/product\/360138\/revisions\/425341"}],"wp:featuredmedia":[{"embeddable":true,"href":"https:\/\/www.purejewels.com\/tr\/wp-json\/wp\/v2\/media\/360140"}],"wp:attachment":[{"href":"https:\/\/www.purejewels.com\/tr\/wp-json\/wp\/v2\/media?parent=360138"}],"wp:term":[{"taxonomy":"product_brand","embeddable":true,"href":"https:\/\/www.purejewels.com\/tr\/wp-json\/wp\/v2\/product_brand?post=360138"},{"taxonomy":"product_cat","embeddable":true,"href":"https:\/\/www.purejewels.com\/tr\/wp-json\/wp\/v2\/product_cat?post=360138"},{"taxonomy":"product_tag","embeddable":true,"href":"https:\/\/www.purejewels.com\/tr\/wp-json\/wp\/v2\/product_tag?post=360138"}],"curies":[{"name":"wp","href":"https:\/\/api.w.org\/{rel}","templated":true}]}}