{"id":360155,"date":"2025-06-09T12:24:55","date_gmt":"2025-06-09T11:24:55","guid":{"rendered":"https:\/\/www.purejewels.com\/?post_type=product&#038;p=360155"},"modified":"2025-08-02T06:36:43","modified_gmt":"2025-08-02T05:36:43","slug":"bayanlar-icin-22-ayar-altin-halka-kupe-51422","status":"publish","type":"product","link":"https:\/\/www.purejewels.com\/tr\/product\/22ct-gold-hoop-earrings-for-ladies-51422\/","title":{"rendered":"22 Ayar Alt\u0131n Armari Halkalar"},"content":{"rendered":"<p data-start=\"261\" data-end=\"414\">Bu <strong data-start=\"265\" data-end=\"288\">Armari Halka K\u00fcpe<\/strong> kalbindeki korkusuz ruhu temsil etmektedir. <em data-start=\"338\" data-end=\"357\">Armari Koleksiyonu<\/em> - g\u00fcce, yap\u0131ya ve kendini ifade etmeye bir \u00f6vg\u00fcd\u00fcr.<\/p>\n<p data-start=\"416\" data-end=\"739\">Geleneksel 22 ayar alt\u0131ndan \u00fcretilen her bir k\u00fcpe, g\u00fcc\u00fcn zarafetle bulu\u015ftu\u011fu geometrik bir \u00e7i\u00e7ek motifine kusursuzca d\u00f6n\u00fc\u015fen cesur, mimari bir siluet sergiliyor. Y\u00fczey, as\u0131rl\u0131k teknikler kullan\u0131larak karma\u015f\u0131k bir \u015fekilde kabart\u0131lm\u0131\u015f ve derinlik, doku ve zamans\u0131zl\u0131k kazand\u0131ran ince bir antika patine ile tamamlanm\u0131\u015ft\u0131r.<\/p>\n<p data-start=\"741\" data-end=\"911\">Sessiz bir g\u00fcven ve cesur bir niyetle hareket edenler i\u00e7in tasarlanan Armari Hoop, bir g\u00fc\u00e7lenme ifadesidir - yeniden tasarlanan bir miras hikayesini anlatan alt\u0131n bir yay.<\/p>\n<ul data-start=\"913\" data-end=\"1132\">\n<li data-start=\"913\" data-end=\"937\">\n<p data-start=\"915\" data-end=\"937\"><strong data-start=\"915\" data-end=\"925\">Metal:<\/strong> 22 Ayar Alt\u0131n<\/p>\n<\/li>\n<li data-start=\"938\" data-end=\"982\">\n<p data-start=\"940\" data-end=\"982\"><strong data-start=\"940\" data-end=\"951\">Bitir:<\/strong> Antik cila ile kabartmal\u0131<\/p>\n<\/li>\n<li data-start=\"983\" data-end=\"1024\">\n<p data-start=\"985\" data-end=\"1024\"><strong data-start=\"985\" data-end=\"995\">Motif:<\/strong> Geometrik \u00e7i\u00e7ek yap\u0131s\u0131<\/p>\n<\/li>\n<li data-start=\"1025\" data-end=\"1064\">\n<p data-start=\"1027\" data-end=\"1064\"><strong data-start=\"1027\" data-end=\"1039\">Kapan\u0131\u015f:<\/strong> G\u00fcvenli mente\u015fe ba\u011flant\u0131s\u0131<\/p>\n<\/li>\n<li data-start=\"1065\" data-end=\"1091\">\n<p data-start=\"1067\" data-end=\"1091\"><strong data-start=\"1067\" data-end=\"1082\">\u0130\u00e7inde haz\u0131rlanm\u0131\u015f:<\/strong> Londra<\/p>\n<\/li>\n<li data-start=\"1092\" data-end=\"1132\">\n<p data-start=\"1094\" data-end=\"1132\"><strong data-start=\"1094\" data-end=\"1112\">Taraf\u0131ndan damgalanm\u0131\u015ft\u0131r:<\/strong> Londra Tahlil Ofisi<\/p>\n<\/li>\n<\/ul>\n<p><b>Aral\u0131k Kimli\u011fi <\/b>JWERBNAR002L24HM<br \/>\n<b>SKU:<\/b>\u00a051422<\/p>","protected":false},"excerpt":{"rendered":"<p>Geometrik \u00e7i\u00e7eklerin cesur zarafetinden ilham alan <strong data-start=\"122\" data-end=\"146\">Armari \u00c7emberler<\/strong> korkusuz zarafeti temsil eder. Karma\u015f\u0131k kabartmal\u0131 ve yumu\u015fak antik y\u00fczeyli geleneksel 22 ayar alt\u0131ndan \u00fcretilen bu yontulmu\u015f k\u00fcpeler, g\u00fczelli\u011fi sessiz bir g\u00fc\u00e7le ta\u015f\u0131yan kad\u0131nlar i\u00e7in tasarlanm\u0131\u015f bir miras ve g\u00fc\u00e7 ifadesidir.<\/p>\n<p><strong>Malzeme:<\/strong>\u00a022 Ayar G\u00fcndo\u011fumu Alt\u0131n<br \/>\n<strong>Safl\u0131k:<\/strong>\u00a091.6% som alt\u0131n<br \/>\n<strong>Hallmark:<\/strong>\u00a0\u0130ngiliz Damgas\u0131<br \/>\n<strong>SKU:<\/strong> 51422<br \/>\n<strong>A\u011f\u0131rl\u0131k:<\/strong> 6.3 Gms<br \/>\n<strong>Geni\u015flik<\/strong> 24 mm<\/p>\n<p><strong>Fiyat ve Teslimat:<\/strong>\u00a0KDV ve teslimat \u00fccretleri dahil<br \/>\n<a href=\"https:\/\/www.purejewels.com\/tr\/i%cc%87ade-poli%cc%87ti%cc%87kasi\/\"><strong>\u0130ade Politikas\u0131<\/strong><\/a><\/p>\n<p>&nbsp;<\/p>","protected":false},"featured_media":372520,"comment_status":"closed","ping_status":"closed","template":"","meta":{"_eb_attr":"","_crsspst_to_jayantr4sg-hostcom":false},"product_brand":[],"product_cat":[1791,245,5639,1254,1229,1579,1574],"product_tag":[66,5702],"class_list":{"0":"post-360155","1":"product","2":"type-product","3":"status-publish","4":"has-post-thumbnail","6":"product_cat-anniversary-gifts","7":"product_cat-armari-collections","8":"product_cat-armari-earring","9":"product_cat-gold-earrings","10":"product_cat-22ct-gold-jewellery","11":"product_cat-hoop-earrings","12":"product_cat-womens-jewellery","13":"product_tag-earrings","14":"product_tag-hoop-earring","16":"first","17":"outofstock","18":"taxable","19":"shipping-taxable","20":"product-type-simple","21":"add-to-wishlist-before_image"},"yoast_head":"<!-- This site is optimized with the Yoast SEO plugin v27.6 - https:\/\/yoast.com\/product\/yoast-seo-wordpress\/ -->\n<title>22ct Gold Hoop Earrings UK online. Purejewels UK<\/title>\n<meta name=\"description\" content=\"22ct gold hoop earrings with antique finish for ladies are available now at PureJewels UK online. Free delivery across the UK.\" \/>\n<meta name=\"robots\" content=\"index, follow, max-snippet:-1, max-image-preview:large, max-video-preview:-1\" \/>\n<link rel=\"canonical\" href=\"https:\/\/www.purejewels.com\/tr\/urun\/bayanlar-icin-22-ayar-altin-halka-kupe-51422\/\" \/>\n<meta property=\"og:locale\" content=\"tr_TR\" \/>\n<meta property=\"og:type\" content=\"article\" \/>\n<meta property=\"og:title\" content=\"22ct Gold Hoop Earrings UK online. Purejewels UK\" \/>\n<meta property=\"og:description\" content=\"22ct gold hoop earrings with antique finish for ladies are available now at PureJewels UK online. Free delivery across the UK.\" \/>\n<meta property=\"og:url\" content=\"https:\/\/www.purejewels.com\/tr\/urun\/bayanlar-icin-22-ayar-altin-halka-kupe-51422\/\" \/>\n<meta property=\"og:site_name\" content=\"PureJewels UK\" \/>\n<meta property=\"article:modified_time\" content=\"2025-08-02T05:36:43+00:00\" \/>\n<meta property=\"og:image\" content=\"https:\/\/www.purejewels.com\/wp-content\/uploads\/2024\/04\/SKU-49194.png\" \/>\n\t<meta property=\"og:image:width\" content=\"1000\" \/>\n\t<meta property=\"og:image:height\" content=\"1000\" \/>\n\t<meta property=\"og:image:type\" content=\"image\/png\" \/>\n<meta name=\"twitter:card\" content=\"summary_large_image\" \/>\n<meta name=\"twitter:label1\" content=\"Tahmini okuma s\u00fcresi\" \/>\n\t<meta name=\"twitter:data1\" content=\"1 dakika\" \/>\n<script type=\"application\/ld+json\" class=\"yoast-schema-graph\">{\"@context\":\"https:\\\/\\\/schema.org\",\"@graph\":[{\"@type\":[\"WebPage\",\"ItemPage\"],\"@id\":\"https:\\\/\\\/www.purejewels.com\\\/product\\\/22ct-gold-hoop-earrings-for-ladies-51422\\\/\",\"url\":\"https:\\\/\\\/www.purejewels.com\\\/product\\\/22ct-gold-hoop-earrings-for-ladies-51422\\\/\",\"name\":\"22ct Gold Hoop Earrings UK online. Purejewels UK\",\"isPartOf\":{\"@id\":\"https:\\\/\\\/www.purejewels.com\\\/#website\"},\"primaryImageOfPage\":{\"@id\":\"https:\\\/\\\/www.purejewels.com\\\/product\\\/22ct-gold-hoop-earrings-for-ladies-51422\\\/#primaryimage\"},\"image\":{\"@id\":\"https:\\\/\\\/www.purejewels.com\\\/product\\\/22ct-gold-hoop-earrings-for-ladies-51422\\\/#primaryimage\"},\"thumbnailUrl\":\"https:\\\/\\\/static.purejewels.com\\\/wp-content\\\/uploads\\\/2024\\\/04\\\/SKU-49194.png\",\"datePublished\":\"2025-06-09T11:24:55+00:00\",\"dateModified\":\"2025-08-02T05:36:43+00:00\",\"description\":\"22ct gold hoop earrings with antique finish for ladies are available now at PureJewels UK online. Free delivery across the UK.\",\"breadcrumb\":{\"@id\":\"https:\\\/\\\/www.purejewels.com\\\/product\\\/22ct-gold-hoop-earrings-for-ladies-51422\\\/#breadcrumb\"},\"inLanguage\":\"tr\",\"potentialAction\":[{\"@type\":\"ReadAction\",\"target\":[\"https:\\\/\\\/www.purejewels.com\\\/product\\\/22ct-gold-hoop-earrings-for-ladies-51422\\\/\"]}]},{\"@type\":\"ImageObject\",\"inLanguage\":\"tr\",\"@id\":\"https:\\\/\\\/www.purejewels.com\\\/product\\\/22ct-gold-hoop-earrings-for-ladies-51422\\\/#primaryimage\",\"url\":\"https:\\\/\\\/static.purejewels.com\\\/wp-content\\\/uploads\\\/2024\\\/04\\\/SKU-49194.png\",\"contentUrl\":\"https:\\\/\\\/static.purejewels.com\\\/wp-content\\\/uploads\\\/2024\\\/04\\\/SKU-49194.png\",\"width\":1000,\"height\":1000,\"caption\":\"22ct Gold Hoop\"},{\"@type\":\"BreadcrumbList\",\"@id\":\"https:\\\/\\\/www.purejewels.com\\\/product\\\/22ct-gold-hoop-earrings-for-ladies-51422\\\/#breadcrumb\",\"itemListElement\":[{\"@type\":\"ListItem\",\"position\":1,\"name\":\"Home\",\"item\":\"https:\\\/\\\/www.purejewels.com\\\/\"},{\"@type\":\"ListItem\",\"position\":2,\"name\":\"Shop\",\"item\":\"https:\\\/\\\/www.purejewels.com\\\/shop\\\/\"},{\"@type\":\"ListItem\",\"position\":3,\"name\":\"22ct Gold Armari Hoops\"}]},{\"@type\":\"WebSite\",\"@id\":\"https:\\\/\\\/www.purejewels.com\\\/#website\",\"url\":\"https:\\\/\\\/www.purejewels.com\\\/\",\"name\":\"PureJewels UK\",\"description\":\"Share the Love\",\"publisher\":{\"@id\":\"https:\\\/\\\/www.purejewels.com\\\/#organization\"},\"potentialAction\":[{\"@type\":\"SearchAction\",\"target\":{\"@type\":\"EntryPoint\",\"urlTemplate\":\"https:\\\/\\\/www.purejewels.com\\\/?s={search_term_string}\"},\"query-input\":{\"@type\":\"PropertyValueSpecification\",\"valueRequired\":true,\"valueName\":\"search_term_string\"}}],\"inLanguage\":\"tr\"},{\"@type\":\"Organization\",\"@id\":\"https:\\\/\\\/www.purejewels.com\\\/#organization\",\"name\":\"PureJewels UK\",\"url\":\"https:\\\/\\\/www.purejewels.com\\\/\",\"logo\":{\"@type\":\"ImageObject\",\"inLanguage\":\"tr\",\"@id\":\"https:\\\/\\\/www.purejewels.com\\\/#\\\/schema\\\/logo\\\/image\\\/\",\"url\":\"https:\\\/\\\/static.purejewels.com\\\/wp-content\\\/uploads\\\/2020\\\/11\\\/Logo-PJ-New-1.png\",\"contentUrl\":\"https:\\\/\\\/static.purejewels.com\\\/wp-content\\\/uploads\\\/2020\\\/11\\\/Logo-PJ-New-1.png\",\"width\":150,\"height\":80,\"caption\":\"PureJewels UK\"},\"image\":{\"@id\":\"https:\\\/\\\/www.purejewels.com\\\/#\\\/schema\\\/logo\\\/image\\\/\"}}]}<\/script>\n<!-- \/ Yoast SEO plugin. -->","yoast_head_json":{"title":"22 Ayar Alt\u0131n Halka K\u00fcpe \u0130ngiltere online. Purejewels \u0130ngiltere","description":"Bayanlar i\u00e7in antika kaplamal\u0131 22 ayar alt\u0131n halka k\u00fcpeler \u015fimdi PureJewels UK online'da. \u0130ngiltere genelinde \u00fccretsiz teslimat.","robots":{"index":"index","follow":"follow","max-snippet":"max-snippet:-1","max-image-preview":"max-image-preview:large","max-video-preview":"max-video-preview:-1"},"canonical":"https:\/\/www.purejewels.com\/tr\/urun\/bayanlar-icin-22-ayar-altin-halka-kupe-51422\/","og_locale":"tr_TR","og_type":"article","og_title":"22ct Gold Hoop Earrings UK online. Purejewels UK","og_description":"22ct gold hoop earrings with antique finish for ladies are available now at PureJewels UK online. Free delivery across the UK.","og_url":"https:\/\/www.purejewels.com\/tr\/urun\/bayanlar-icin-22-ayar-altin-halka-kupe-51422\/","og_site_name":"PureJewels UK","article_modified_time":"2025-08-02T05:36:43+00:00","og_image":[{"width":1000,"height":1000,"url":"https:\/\/www.purejewels.com\/wp-content\/uploads\/2024\/04\/SKU-49194.png","type":"image\/png"}],"twitter_card":"summary_large_image","twitter_misc":{"Tahmini okuma s\u00fcresi":"1 dakika"},"schema":{"@context":"https:\/\/schema.org","@graph":[{"@type":["WebPage","ItemPage"],"@id":"https:\/\/www.purejewels.com\/product\/22ct-gold-hoop-earrings-for-ladies-51422\/","url":"https:\/\/www.purejewels.com\/product\/22ct-gold-hoop-earrings-for-ladies-51422\/","name":"22 Ayar Alt\u0131n Halka K\u00fcpe \u0130ngiltere online. Purejewels \u0130ngiltere","isPartOf":{"@id":"https:\/\/www.purejewels.com\/#website"},"primaryImageOfPage":{"@id":"https:\/\/www.purejewels.com\/product\/22ct-gold-hoop-earrings-for-ladies-51422\/#primaryimage"},"image":{"@id":"https:\/\/www.purejewels.com\/product\/22ct-gold-hoop-earrings-for-ladies-51422\/#primaryimage"},"thumbnailUrl":"https:\/\/static.purejewels.com\/wp-content\/uploads\/2024\/04\/SKU-49194.png","datePublished":"2025-06-09T11:24:55+00:00","dateModified":"2025-08-02T05:36:43+00:00","description":"Bayanlar i\u00e7in antika kaplamal\u0131 22 ayar alt\u0131n halka k\u00fcpeler \u015fimdi PureJewels UK online'da. \u0130ngiltere genelinde \u00fccretsiz teslimat.","breadcrumb":{"@id":"https:\/\/www.purejewels.com\/product\/22ct-gold-hoop-earrings-for-ladies-51422\/#breadcrumb"},"inLanguage":"tr","potentialAction":[{"@type":"ReadAction","target":["https:\/\/www.purejewels.com\/product\/22ct-gold-hoop-earrings-for-ladies-51422\/"]}]},{"@type":"ImageObject","inLanguage":"tr","@id":"https:\/\/www.purejewels.com\/product\/22ct-gold-hoop-earrings-for-ladies-51422\/#primaryimage","url":"https:\/\/static.purejewels.com\/wp-content\/uploads\/2024\/04\/SKU-49194.png","contentUrl":"https:\/\/static.purejewels.com\/wp-content\/uploads\/2024\/04\/SKU-49194.png","width":1000,"height":1000,"caption":"22ct Gold Hoop"},{"@type":"BreadcrumbList","@id":"https:\/\/www.purejewels.com\/product\/22ct-gold-hoop-earrings-for-ladies-51422\/#breadcrumb","itemListElement":[{"@type":"ListItem","position":1,"name":"Home","item":"https:\/\/www.purejewels.com\/"},{"@type":"ListItem","position":2,"name":"Shop","item":"https:\/\/www.purejewels.com\/shop\/"},{"@type":"ListItem","position":3,"name":"22ct Gold Armari Hoops"}]},{"@type":"WebSite","@id":"https:\/\/www.purejewels.com\/#website","url":"https:\/\/www.purejewels.com\/","name":"PureJewels \u0130ngiltere","description":"Sevgiyi Payla\u015f\u0131n","publisher":{"@id":"https:\/\/www.purejewels.com\/#organization"},"potentialAction":[{"@type":"SearchAction","target":{"@type":"EntryPoint","urlTemplate":"https:\/\/www.purejewels.com\/?s={search_term_string}"},"query-input":{"@type":"PropertyValueSpecification","valueRequired":true,"valueName":"search_term_string"}}],"inLanguage":"tr"},{"@type":"Organization","@id":"https:\/\/www.purejewels.com\/#organization","name":"PureJewels \u0130ngiltere","url":"https:\/\/www.purejewels.com\/","logo":{"@type":"ImageObject","inLanguage":"tr","@id":"https:\/\/www.purejewels.com\/#\/schema\/logo\/image\/","url":"https:\/\/static.purejewels.com\/wp-content\/uploads\/2020\/11\/Logo-PJ-New-1.png","contentUrl":"https:\/\/static.purejewels.com\/wp-content\/uploads\/2020\/11\/Logo-PJ-New-1.png","width":150,"height":80,"caption":"PureJewels UK"},"image":{"@id":"https:\/\/www.purejewels.com\/#\/schema\/logo\/image\/"}}]}},"_links":{"self":[{"href":"https:\/\/www.purejewels.com\/tr\/wp-json\/wp\/v2\/product\/360155","targetHints":{"allow":["GET"]}}],"collection":[{"href":"https:\/\/www.purejewels.com\/tr\/wp-json\/wp\/v2\/product"}],"about":[{"href":"https:\/\/www.purejewels.com\/tr\/wp-json\/wp\/v2\/types\/product"}],"replies":[{"embeddable":true,"href":"https:\/\/www.purejewels.com\/tr\/wp-json\/wp\/v2\/comments?post=360155"}],"version-history":[{"count":4,"href":"https:\/\/www.purejewels.com\/tr\/wp-json\/wp\/v2\/product\/360155\/revisions"}],"predecessor-version":[{"id":400900,"href":"https:\/\/www.purejewels.com\/tr\/wp-json\/wp\/v2\/product\/360155\/revisions\/400900"}],"wp:featuredmedia":[{"embeddable":true,"href":"https:\/\/www.purejewels.com\/tr\/wp-json\/wp\/v2\/media\/372520"}],"wp:attachment":[{"href":"https:\/\/www.purejewels.com\/tr\/wp-json\/wp\/v2\/media?parent=360155"}],"wp:term":[{"taxonomy":"product_brand","embeddable":true,"href":"https:\/\/www.purejewels.com\/tr\/wp-json\/wp\/v2\/product_brand?post=360155"},{"taxonomy":"product_cat","embeddable":true,"href":"https:\/\/www.purejewels.com\/tr\/wp-json\/wp\/v2\/product_cat?post=360155"},{"taxonomy":"product_tag","embeddable":true,"href":"https:\/\/www.purejewels.com\/tr\/wp-json\/wp\/v2\/product_tag?post=360155"}],"curies":[{"name":"wp","href":"https:\/\/api.w.org\/{rel}","templated":true}]}}