{"id":360458,"date":"2025-07-18T12:46:46","date_gmt":"2025-07-18T11:46:46","guid":{"rendered":"https:\/\/www.purejewels.com\/?post_type=product&#038;p=360458"},"modified":"2026-02-27T04:20:12","modified_gmt":"2026-02-27T04:20:12","slug":"22-ayar-altin-armari-koleksiyonu-saplama-kupe-48053","status":"publish","type":"product","link":"https:\/\/www.purejewels.com\/tr\/product\/22ct-gold-armari-collection-stud-earring-48053\/","title":{"rendered":"22 Ayar Alt\u0131n Antik Saplama K\u00fcpe | 5mm"},"content":{"rendered":"<p data-start=\"172\" data-end=\"584\">G\u00fcnl\u00fck \u015f\u0131kl\u0131\u011f\u0131n\u0131z\u0131 bunlarla y\u00fckseltin <strong data-start=\"214\" data-end=\"241\">5mm yuvarlak saplama k\u00fcpe<\/strong> bizim <strong data-start=\"251\" data-end=\"282\">22 Ayar Alt\u0131n Armari Koleksiyonu<\/strong>. Parlak, y\u00fcksek cilal\u0131 alt\u0131ndan \u00fcretilen minimalist formlar\u0131 ve kal\u0131c\u0131 kaliteleri, onlar\u0131 g\u00fcnl\u00fck kullan\u0131m veya ince katmanlar i\u00e7in m\u00fckemmel k\u0131lar. Zamans\u0131z tasar\u0131mdan ve PureJewels'in zanaatk\u00e2r miras\u0131ndan ilham alan bu \u00e7\u0131t\u00e7\u0131tlar, hediye etmek veya klasik alt\u0131n vazge\u00e7ilmezlerinizi olu\u015fturmak i\u00e7in ideal olan zarif bir l\u00fcks dokunu\u015fu sunar.<\/p>","protected":false},"excerpt":{"rendered":"<p>Zamans\u0131z ve \u00e7ok y\u00f6nl\u00fc, 22 ayar alt\u0131ndan bu 5 mm yuvarlak \u00e7\u0131t\u00e7\u0131tlar her durum i\u00e7in sade bir \u015f\u0131kl\u0131k sunar.<br \/>\nArmari Koleksiyonumuzun bir par\u00e7as\u0131 olan bu \u00fcr\u00fcnler, form ve i\u015f\u00e7ilikteki safl\u0131\u011f\u0131 kutluyor.<\/p>\n<p><strong>Malzeme:<\/strong> 22 Ayar Alt\u0131n<br \/>\n<strong>Bitir:<\/strong> Antique_Matte<br \/>\n<strong>Hallmark:<\/strong> \u0130ngiliz Damgas\u0131<br \/>\n<strong>Br\u00fct A\u011f\u0131rl\u0131k:<\/strong> 1,5 Gms<br \/>\n<strong>Saplama Boyutu:<\/strong> 5 mm<br \/>\n<strong>SKU:<\/strong> 48053, 47866<\/p>\n<p>Fiyat ve Teslimat: KDV ve teslimat \u00fccretleri dahil<br \/>\nNot: Bu saplama ba\u015fka boyutlarda da sunulmaktad\u0131r. Size en uygun boyutu se\u00e7mek i\u00e7in bizimle ileti\u015fime ge\u00e7in.<br \/>\n<a href=\"https:\/\/www.purejewels.com\/tr\/i%cc%87ade-poli%cc%87ti%cc%87kasi\/\">\u0130ade Politikas\u0131<\/a><\/p>","protected":false},"featured_media":360459,"comment_status":"closed","ping_status":"closed","template":"","meta":{"_eb_attr":"","_crsspst_to_jayantr4sg-hostcom":false},"product_brand":[],"product_cat":[1791,245,5639,6143,1559,5315,236,1254,5343,1577,1573,1574,5349],"product_tag":[],"class_list":{"0":"post-360458","1":"product","2":"type-product","3":"status-publish","4":"has-post-thumbnail","6":"product_cat-anniversary-gifts","7":"product_cat-armari-collections","8":"product_cat-armari-earring","9":"product_cat-armari-stud-earrings","10":"product_cat-birthday-gifts","11":"product_cat-bridal-and-wedding-earrings","12":"product_cat-collections","13":"product_cat-gold-earrings","14":"product_cat-jewellery-under-550","15":"product_cat-stud-earrings","16":"product_cat-wedding-gifts","17":"product_cat-womens-jewellery","18":"product_cat-yellow-gold-jewellery","20":"first","21":"onbackorder","22":"taxable","23":"shipping-taxable","24":"purchasable","25":"product-type-simple","26":"add-to-wishlist-before_image"},"yoast_head":"<!-- This site is optimized with the Yoast SEO plugin v27.5 - https:\/\/yoast.com\/product\/yoast-seo-wordpress\/ -->\n<title>22ct Gold Armari Collection Stud Earring | 5mm | PureJewels UK<\/title>\n<meta name=\"description\" content=\"Add a touch of timeless elegance with our 22ct Gold Armari Collection stud earrings. Luxurious 5mm studs, perfect for everyday wear.\" \/>\n<meta name=\"robots\" content=\"index, follow, max-snippet:-1, max-image-preview:large, max-video-preview:-1\" \/>\n<link rel=\"canonical\" href=\"https:\/\/www.purejewels.com\/tr\/urun\/22-ayar-altin-armari-koleksiyonu-saplama-kupe-48053\/\" \/>\n<meta property=\"og:locale\" content=\"tr_TR\" \/>\n<meta property=\"og:type\" content=\"article\" \/>\n<meta property=\"og:title\" content=\"22ct Gold Armari Collection Stud Earring | 5mm | PureJewels UK\" \/>\n<meta property=\"og:description\" content=\"Add a touch of timeless elegance with our 22ct Gold Armari Collection stud earrings. Luxurious 5mm studs, perfect for everyday wear.\" \/>\n<meta property=\"og:url\" content=\"https:\/\/www.purejewels.com\/tr\/urun\/22-ayar-altin-armari-koleksiyonu-saplama-kupe-48053\/\" \/>\n<meta property=\"og:site_name\" content=\"PureJewels UK\" \/>\n<meta property=\"article:modified_time\" content=\"2026-02-27T04:20:12+00:00\" \/>\n<meta property=\"og:image\" content=\"https:\/\/static.purejewels.com\/wp-content\/uploads\/2024\/04\/IMG_3424.jpg\" \/>\n\t<meta property=\"og:image:width\" content=\"1\" \/>\n\t<meta property=\"og:image:height\" content=\"1\" \/>\n\t<meta property=\"og:image:type\" content=\"image\/jpeg\" \/>\n<meta name=\"twitter:card\" content=\"summary_large_image\" \/>\n<meta name=\"twitter:label1\" content=\"Tahmini okuma s\u00fcresi\" \/>\n\t<meta name=\"twitter:data1\" content=\"1 dakika\" \/>\n<script type=\"application\/ld+json\" class=\"yoast-schema-graph\">{\"@context\":\"https:\\\/\\\/schema.org\",\"@graph\":[{\"@type\":[\"WebPage\",\"ItemPage\"],\"@id\":\"https:\\\/\\\/www.purejewels.com\\\/product\\\/22ct-gold-armari-collection-stud-earring-48053\\\/\",\"url\":\"https:\\\/\\\/www.purejewels.com\\\/product\\\/22ct-gold-armari-collection-stud-earring-48053\\\/\",\"name\":\"22ct Gold Armari Collection Stud Earring | 5mm | PureJewels UK\",\"isPartOf\":{\"@id\":\"https:\\\/\\\/www.purejewels.com\\\/#website\"},\"primaryImageOfPage\":{\"@id\":\"https:\\\/\\\/www.purejewels.com\\\/product\\\/22ct-gold-armari-collection-stud-earring-48053\\\/#primaryimage\"},\"image\":{\"@id\":\"https:\\\/\\\/www.purejewels.com\\\/product\\\/22ct-gold-armari-collection-stud-earring-48053\\\/#primaryimage\"},\"thumbnailUrl\":\"https:\\\/\\\/static.purejewels.com\\\/wp-content\\\/uploads\\\/2024\\\/04\\\/IMG_3424.jpg\",\"datePublished\":\"2025-07-18T11:46:46+00:00\",\"dateModified\":\"2026-02-27T04:20:12+00:00\",\"description\":\"Add a touch of timeless elegance with our 22ct Gold Armari Collection stud earrings. Luxurious 5mm studs, perfect for everyday wear.\",\"breadcrumb\":{\"@id\":\"https:\\\/\\\/www.purejewels.com\\\/product\\\/22ct-gold-armari-collection-stud-earring-48053\\\/#breadcrumb\"},\"inLanguage\":\"tr\",\"potentialAction\":[{\"@type\":\"ReadAction\",\"target\":[\"https:\\\/\\\/www.purejewels.com\\\/product\\\/22ct-gold-armari-collection-stud-earring-48053\\\/\"]}]},{\"@type\":\"ImageObject\",\"inLanguage\":\"tr\",\"@id\":\"https:\\\/\\\/www.purejewels.com\\\/product\\\/22ct-gold-armari-collection-stud-earring-48053\\\/#primaryimage\",\"url\":\"https:\\\/\\\/static.purejewels.com\\\/wp-content\\\/uploads\\\/2024\\\/04\\\/IMG_3424.jpg\",\"contentUrl\":\"https:\\\/\\\/static.purejewels.com\\\/wp-content\\\/uploads\\\/2024\\\/04\\\/IMG_3424.jpg\",\"caption\":\"22ct Gold Stud\"},{\"@type\":\"BreadcrumbList\",\"@id\":\"https:\\\/\\\/www.purejewels.com\\\/product\\\/22ct-gold-armari-collection-stud-earring-48053\\\/#breadcrumb\",\"itemListElement\":[{\"@type\":\"ListItem\",\"position\":1,\"name\":\"Home\",\"item\":\"https:\\\/\\\/www.purejewels.com\\\/\"},{\"@type\":\"ListItem\",\"position\":2,\"name\":\"Shop\",\"item\":\"https:\\\/\\\/www.purejewels.com\\\/shop\\\/\"},{\"@type\":\"ListItem\",\"position\":3,\"name\":\"22ct Gold Antique Stud Earring | 5mm\"}]},{\"@type\":\"WebSite\",\"@id\":\"https:\\\/\\\/www.purejewels.com\\\/#website\",\"url\":\"https:\\\/\\\/www.purejewels.com\\\/\",\"name\":\"PureJewels UK\",\"description\":\"Share the Love\",\"publisher\":{\"@id\":\"https:\\\/\\\/www.purejewels.com\\\/#organization\"},\"potentialAction\":[{\"@type\":\"SearchAction\",\"target\":{\"@type\":\"EntryPoint\",\"urlTemplate\":\"https:\\\/\\\/www.purejewels.com\\\/?s={search_term_string}\"},\"query-input\":{\"@type\":\"PropertyValueSpecification\",\"valueRequired\":true,\"valueName\":\"search_term_string\"}}],\"inLanguage\":\"tr\"},{\"@type\":\"Organization\",\"@id\":\"https:\\\/\\\/www.purejewels.com\\\/#organization\",\"name\":\"PureJewels UK\",\"url\":\"https:\\\/\\\/www.purejewels.com\\\/\",\"logo\":{\"@type\":\"ImageObject\",\"inLanguage\":\"tr\",\"@id\":\"https:\\\/\\\/www.purejewels.com\\\/#\\\/schema\\\/logo\\\/image\\\/\",\"url\":\"https:\\\/\\\/static.purejewels.com\\\/wp-content\\\/uploads\\\/2020\\\/11\\\/Logo-PJ-New-1.png\",\"contentUrl\":\"https:\\\/\\\/static.purejewels.com\\\/wp-content\\\/uploads\\\/2020\\\/11\\\/Logo-PJ-New-1.png\",\"width\":150,\"height\":80,\"caption\":\"PureJewels UK\"},\"image\":{\"@id\":\"https:\\\/\\\/www.purejewels.com\\\/#\\\/schema\\\/logo\\\/image\\\/\"}}]}<\/script>\n<!-- \/ Yoast SEO plugin. -->","yoast_head_json":{"title":"22 Ayar Alt\u0131n Armari Koleksiyonu Saplama K\u00fcpe | 5mm | PureJewels UK","description":"22 Ayar Alt\u0131n Armari Koleksiyonu saplama k\u00fcpelerimizle zamans\u0131z bir zarafet kat\u0131n. G\u00fcnl\u00fck kullan\u0131m i\u00e7in m\u00fckemmel, l\u00fcks 5mm k\u00fcpeler.","robots":{"index":"index","follow":"follow","max-snippet":"max-snippet:-1","max-image-preview":"max-image-preview:large","max-video-preview":"max-video-preview:-1"},"canonical":"https:\/\/www.purejewels.com\/tr\/urun\/22-ayar-altin-armari-koleksiyonu-saplama-kupe-48053\/","og_locale":"tr_TR","og_type":"article","og_title":"22ct Gold Armari Collection Stud Earring | 5mm | PureJewels UK","og_description":"Add a touch of timeless elegance with our 22ct Gold Armari Collection stud earrings. Luxurious 5mm studs, perfect for everyday wear.","og_url":"https:\/\/www.purejewels.com\/tr\/urun\/22-ayar-altin-armari-koleksiyonu-saplama-kupe-48053\/","og_site_name":"PureJewels UK","article_modified_time":"2026-02-27T04:20:12+00:00","og_image":[{"url":"https:\/\/static.purejewels.com\/wp-content\/uploads\/2024\/04\/IMG_3424.jpg","width":1,"height":1,"type":"image\/jpeg"}],"twitter_card":"summary_large_image","twitter_misc":{"Tahmini okuma s\u00fcresi":"1 dakika"},"schema":{"@context":"https:\/\/schema.org","@graph":[{"@type":["WebPage","ItemPage"],"@id":"https:\/\/www.purejewels.com\/product\/22ct-gold-armari-collection-stud-earring-48053\/","url":"https:\/\/www.purejewels.com\/product\/22ct-gold-armari-collection-stud-earring-48053\/","name":"22 Ayar Alt\u0131n Armari Koleksiyonu Saplama K\u00fcpe | 5mm | PureJewels UK","isPartOf":{"@id":"https:\/\/www.purejewels.com\/#website"},"primaryImageOfPage":{"@id":"https:\/\/www.purejewels.com\/product\/22ct-gold-armari-collection-stud-earring-48053\/#primaryimage"},"image":{"@id":"https:\/\/www.purejewels.com\/product\/22ct-gold-armari-collection-stud-earring-48053\/#primaryimage"},"thumbnailUrl":"https:\/\/static.purejewels.com\/wp-content\/uploads\/2024\/04\/IMG_3424.jpg","datePublished":"2025-07-18T11:46:46+00:00","dateModified":"2026-02-27T04:20:12+00:00","description":"22 Ayar Alt\u0131n Armari Koleksiyonu saplama k\u00fcpelerimizle zamans\u0131z bir zarafet kat\u0131n. G\u00fcnl\u00fck kullan\u0131m i\u00e7in m\u00fckemmel, l\u00fcks 5mm k\u00fcpeler.","breadcrumb":{"@id":"https:\/\/www.purejewels.com\/product\/22ct-gold-armari-collection-stud-earring-48053\/#breadcrumb"},"inLanguage":"tr","potentialAction":[{"@type":"ReadAction","target":["https:\/\/www.purejewels.com\/product\/22ct-gold-armari-collection-stud-earring-48053\/"]}]},{"@type":"ImageObject","inLanguage":"tr","@id":"https:\/\/www.purejewels.com\/product\/22ct-gold-armari-collection-stud-earring-48053\/#primaryimage","url":"https:\/\/static.purejewels.com\/wp-content\/uploads\/2024\/04\/IMG_3424.jpg","contentUrl":"https:\/\/static.purejewels.com\/wp-content\/uploads\/2024\/04\/IMG_3424.jpg","caption":"22ct Gold Stud"},{"@type":"BreadcrumbList","@id":"https:\/\/www.purejewels.com\/product\/22ct-gold-armari-collection-stud-earring-48053\/#breadcrumb","itemListElement":[{"@type":"ListItem","position":1,"name":"Home","item":"https:\/\/www.purejewels.com\/"},{"@type":"ListItem","position":2,"name":"Shop","item":"https:\/\/www.purejewels.com\/shop\/"},{"@type":"ListItem","position":3,"name":"22ct Gold Antique Stud Earring | 5mm"}]},{"@type":"WebSite","@id":"https:\/\/www.purejewels.com\/#website","url":"https:\/\/www.purejewels.com\/","name":"PureJewels \u0130ngiltere","description":"Sevgiyi Payla\u015f\u0131n","publisher":{"@id":"https:\/\/www.purejewels.com\/#organization"},"potentialAction":[{"@type":"SearchAction","target":{"@type":"EntryPoint","urlTemplate":"https:\/\/www.purejewels.com\/?s={search_term_string}"},"query-input":{"@type":"PropertyValueSpecification","valueRequired":true,"valueName":"search_term_string"}}],"inLanguage":"tr"},{"@type":"Organization","@id":"https:\/\/www.purejewels.com\/#organization","name":"PureJewels \u0130ngiltere","url":"https:\/\/www.purejewels.com\/","logo":{"@type":"ImageObject","inLanguage":"tr","@id":"https:\/\/www.purejewels.com\/#\/schema\/logo\/image\/","url":"https:\/\/static.purejewels.com\/wp-content\/uploads\/2020\/11\/Logo-PJ-New-1.png","contentUrl":"https:\/\/static.purejewels.com\/wp-content\/uploads\/2020\/11\/Logo-PJ-New-1.png","width":150,"height":80,"caption":"PureJewels UK"},"image":{"@id":"https:\/\/www.purejewels.com\/#\/schema\/logo\/image\/"}}]}},"_links":{"self":[{"href":"https:\/\/www.purejewels.com\/tr\/wp-json\/wp\/v2\/product\/360458","targetHints":{"allow":["GET"]}}],"collection":[{"href":"https:\/\/www.purejewels.com\/tr\/wp-json\/wp\/v2\/product"}],"about":[{"href":"https:\/\/www.purejewels.com\/tr\/wp-json\/wp\/v2\/types\/product"}],"replies":[{"embeddable":true,"href":"https:\/\/www.purejewels.com\/tr\/wp-json\/wp\/v2\/comments?post=360458"}],"version-history":[{"count":3,"href":"https:\/\/www.purejewels.com\/tr\/wp-json\/wp\/v2\/product\/360458\/revisions"}],"predecessor-version":[{"id":408435,"href":"https:\/\/www.purejewels.com\/tr\/wp-json\/wp\/v2\/product\/360458\/revisions\/408435"}],"wp:featuredmedia":[{"embeddable":true,"href":"https:\/\/www.purejewels.com\/tr\/wp-json\/wp\/v2\/media\/360459"}],"wp:attachment":[{"href":"https:\/\/www.purejewels.com\/tr\/wp-json\/wp\/v2\/media?parent=360458"}],"wp:term":[{"taxonomy":"product_brand","embeddable":true,"href":"https:\/\/www.purejewels.com\/tr\/wp-json\/wp\/v2\/product_brand?post=360458"},{"taxonomy":"product_cat","embeddable":true,"href":"https:\/\/www.purejewels.com\/tr\/wp-json\/wp\/v2\/product_cat?post=360458"},{"taxonomy":"product_tag","embeddable":true,"href":"https:\/\/www.purejewels.com\/tr\/wp-json\/wp\/v2\/product_tag?post=360458"}],"curies":[{"name":"wp","href":"https:\/\/api.w.org\/{rel}","templated":true}]}}