{"id":360601,"date":"2024-04-22T07:58:10","date_gmt":"2024-04-22T06:58:10","guid":{"rendered":"https:\/\/www.purejewels.com\/?post_type=product&#038;p=360601"},"modified":"2026-01-07T06:32:05","modified_gmt":"2026-01-07T06:32:05","slug":"22-ayar-altin-armut-damla-yuzuk-47963","status":"publish","type":"product","link":"https:\/\/www.purejewels.com\/tr\/product\/22ct-gold-pear-drop-ring-47963\/","title":{"rendered":"22 Ayar Alt\u0131n Armut Damla Y\u00fcz\u00fck | Beden Ayarlanabilir"},"content":{"rendered":"<p>PureJewels'in bu \u00e7arp\u0131c\u0131 22 Ayar Alt\u0131n Armut Damla Y\u00fcz\u00fc\u011f\u00fc, her k\u0131yafete \u015f\u0131kl\u0131k katacak ger\u00e7ek bir ifade par\u00e7as\u0131d\u0131r. Ayarlanabilir uyumu sayesinde her parmak \u00f6l\u00e7\u00fcs\u00fc i\u00e7in m\u00fckemmeldir, rahat ve g\u00fcvenli bir kullan\u0131m sa\u011flar. Armut damla tasar\u0131m\u0131 klasik ve zamans\u0131zd\u0131r, bu da onu her durum i\u00e7in tak\u0131labilecek \u00e7ok y\u00f6nl\u00fc bir par\u00e7a haline getirir.<\/p>\n<p>Y\u00fcksek kaliteli 22 ayar alt\u0131ndan \u00fcretilen bu y\u00fcz\u00fck hem l\u00fcks hem de dayan\u0131kl\u0131d\u0131r ve m\u00fccevher koleksiyonunuza de\u011ferli bir katk\u0131 sa\u011flar. Karma\u015f\u0131k detaylar ve zarif i\u015f\u00e7ilik, bu y\u00fcz\u00fc\u011f\u00fc dikkatleri \u00fczerine \u00e7ekecek ger\u00e7ek bir sanat eseri haline getiriyor.<\/p>\n<p>\u0130ster sevdi\u011finiz biri i\u00e7in \u00f6zel bir hediye ar\u0131yor olun, ister sadece kendinizi \u015f\u0131martmak isteyin, bu Armut Damla Y\u00fcz\u00fck m\u00fckemmel bir se\u00e7imdir. Y\u0131llar boyunca de\u011ferli bir aile yadig\u00e2r\u0131 olaca\u011f\u0131ndan emin oldu\u011funuz bu g\u00fczel m\u00fccevher par\u00e7as\u0131n\u0131 ka\u00e7\u0131rmay\u0131n.<\/p>","protected":false},"excerpt":{"rendered":"<table style=\"border-collapse: collapse; width: 100%; height: 196px;\">\n<tbody>\n<tr style=\"height: 28px;\">\n<td style=\"width: 28.1667%; height: 28px;\">Y\u00fcz\u00fck Tipi<\/td>\n<td style=\"width: 71.8333%; height: 28px;\">22 Ayar Alt\u0131n Bayan Y\u00fcz\u00fck<\/td>\n<\/tr>\n<tr style=\"height: 28px;\">\n<td style=\"width: 28.1667%; height: 28px;\">SKU<\/td>\n<td style=\"width: 71.8333%; height: 28px;\">47963<\/td>\n<\/tr>\n<tr style=\"height: 28px;\">\n<td style=\"width: 28.1667%; height: 28px;\">A\u011f\u0131rl\u0131k<\/td>\n<td style=\"width: 71.8333%; height: 28px;\">3,9 gms<\/td>\n<\/tr>\n<tr style=\"height: 28px;\">\n<td style=\"width: 28.1667%; height: 28px;\">Geni\u015flik<\/td>\n<td style=\"width: 71.8333%; height: 28px;\">20mm<\/td>\n<\/tr>\n<tr style=\"height: 28px;\">\n<td style=\"width: 28.1667%; height: 28px;\">Y\u00fcz\u00fck \u00d6l\u00e7\u00fcs\u00fc<\/td>\n<td style=\"width: 71.8333%; height: 28px;\">Ayarlanabilir<\/td>\n<\/tr>\n<tr style=\"height: 28px;\">\n<td style=\"width: 28.1667%; height: 28px;\">\u00dccretler<\/td>\n<td style=\"width: 71.8333%; height: 28px;\">Teslimat ve KDV Dahil<\/td>\n<\/tr>\n<tr style=\"height: 28px;\">\n<td style=\"width: 28.1667%; height: 28px;\">Paketleme<\/td>\n<td style=\"width: 71.8333%; height: 28px;\">Sunum Kutusu ile Birlikte Gelir<\/td>\n<\/tr>\n<tr>\n<td style=\"width: 28.1667%;\">Daha Fazla Bilgi<\/td>\n<td style=\"width: 71.8333%;\">\n<ul>\n<li>M\u00fccevherler i\u00e7in diwali hediye fikirleri i\u00e7in kullan\u0131labilirlik ve daha fazla resim i\u00e7in bizimle canl\u0131 sohbet edin<\/li>\n<li>Kontrol Etmek \u0130\u00e7in Buraya T\u0131klay\u0131n\u00a0<strong>Y\u00fcz\u00fck \u00d6l\u00e7\u00fcs\u00fc<\/strong><\/li>\n<\/ul>\n<\/td>\n<\/tr>\n<\/tbody>\n<\/table>\n<p>&nbsp;<\/p>","protected":false},"featured_media":360602,"comment_status":"closed","ping_status":"closed","template":"","meta":{"_eb_attr":"","_crsspst_to_jayantr4sg-hostcom":false},"product_brand":[],"product_cat":[1791,1793,5370,1229,1235,5344,1783,1570,1786,5338,1573,1574,5349],"product_tag":[1430,64],"class_list":{"0":"post-360601","1":"product","2":"type-product","3":"status-publish","4":"has-post-thumbnail","6":"product_cat-anniversary-gifts","7":"product_cat-diwali-gifts","8":"product_cat-ethnic-jewellery","9":"product_cat-22ct-gold-jewellery","10":"product_cat-gold-rings","11":"product_cat-jewellery-under-750","12":"product_cat-ladies-rings","13":"product_cat-mothers-day-gifts","14":"product_cat-occasional-wear-rings","15":"product_cat-shop-by-price","16":"product_cat-wedding-gifts","17":"product_cat-womens-jewellery","18":"product_cat-yellow-gold-jewellery","19":"product_tag-diwali-gift","20":"product_tag-rings","22":"first","23":"outofstock","24":"taxable","25":"shipping-taxable","26":"product-type-simple","27":"add-to-wishlist-before_image"},"yoast_head":"<!-- This site is optimized with the Yoast SEO plugin v27.3 - https:\/\/yoast.com\/product\/yoast-seo-wordpress\/ -->\n<title>22ct Gold Pear Drop Ring | Adjustable Fit by PureJewels<\/title>\n<meta name=\"description\" content=\"Timeless elegance meets modern comfort. The 22ct gold pear drop ring by PureJewels is adjustable for a perfect fit. Free delivery across UK.\" \/>\n<meta name=\"robots\" content=\"index, follow, max-snippet:-1, max-image-preview:large, max-video-preview:-1\" \/>\n<link rel=\"canonical\" href=\"https:\/\/www.purejewels.com\/tr\/urun\/22-ayar-altin-armut-damla-yuzuk-47963\/\" \/>\n<meta property=\"og:locale\" content=\"tr_TR\" \/>\n<meta property=\"og:type\" content=\"article\" \/>\n<meta property=\"og:title\" content=\"22ct Gold Pear Drop Ring | Adjustable Fit by PureJewels\" \/>\n<meta property=\"og:description\" content=\"Timeless elegance meets modern comfort. The 22ct gold pear drop ring by PureJewels is adjustable for a perfect fit. Free delivery across UK.\" \/>\n<meta property=\"og:url\" content=\"https:\/\/www.purejewels.com\/tr\/urun\/22-ayar-altin-armut-damla-yuzuk-47963\/\" \/>\n<meta property=\"og:site_name\" content=\"PureJewels UK\" \/>\n<meta property=\"article:modified_time\" content=\"2026-01-07T06:32:05+00:00\" \/>\n<meta property=\"og:image\" content=\"https:\/\/www.purejewels.com\/wp-content\/uploads\/2024\/04\/47963-1.png\" \/>\n\t<meta property=\"og:image:width\" content=\"1000\" \/>\n\t<meta property=\"og:image:height\" content=\"1000\" \/>\n\t<meta property=\"og:image:type\" content=\"image\/png\" \/>\n<meta name=\"twitter:card\" content=\"summary_large_image\" \/>\n<meta name=\"twitter:label1\" content=\"Tahmini okuma s\u00fcresi\" \/>\n\t<meta name=\"twitter:data1\" content=\"1 dakika\" \/>\n<script type=\"application\/ld+json\" class=\"yoast-schema-graph\">{\"@context\":\"https:\\\/\\\/schema.org\",\"@graph\":[{\"@type\":[\"WebPage\",\"ItemPage\"],\"@id\":\"https:\\\/\\\/www.purejewels.com\\\/product\\\/22ct-gold-pear-drop-ring-47963\\\/\",\"url\":\"https:\\\/\\\/www.purejewels.com\\\/product\\\/22ct-gold-pear-drop-ring-47963\\\/\",\"name\":\"22ct Gold Pear Drop Ring | Adjustable Fit by PureJewels\",\"isPartOf\":{\"@id\":\"https:\\\/\\\/www.purejewels.com\\\/#website\"},\"primaryImageOfPage\":{\"@id\":\"https:\\\/\\\/www.purejewels.com\\\/product\\\/22ct-gold-pear-drop-ring-47963\\\/#primaryimage\"},\"image\":{\"@id\":\"https:\\\/\\\/www.purejewels.com\\\/product\\\/22ct-gold-pear-drop-ring-47963\\\/#primaryimage\"},\"thumbnailUrl\":\"https:\\\/\\\/static.purejewels.com\\\/wp-content\\\/uploads\\\/2024\\\/04\\\/47963-1.png\",\"datePublished\":\"2024-04-22T06:58:10+00:00\",\"dateModified\":\"2026-01-07T06:32:05+00:00\",\"description\":\"Timeless elegance meets modern comfort. The 22ct gold pear drop ring by PureJewels is adjustable for a perfect fit. Free delivery across UK.\",\"breadcrumb\":{\"@id\":\"https:\\\/\\\/www.purejewels.com\\\/product\\\/22ct-gold-pear-drop-ring-47963\\\/#breadcrumb\"},\"inLanguage\":\"tr\",\"potentialAction\":[{\"@type\":\"ReadAction\",\"target\":[\"https:\\\/\\\/www.purejewels.com\\\/product\\\/22ct-gold-pear-drop-ring-47963\\\/\"]}]},{\"@type\":\"ImageObject\",\"inLanguage\":\"tr\",\"@id\":\"https:\\\/\\\/www.purejewels.com\\\/product\\\/22ct-gold-pear-drop-ring-47963\\\/#primaryimage\",\"url\":\"https:\\\/\\\/static.purejewels.com\\\/wp-content\\\/uploads\\\/2024\\\/04\\\/47963-1.png\",\"contentUrl\":\"https:\\\/\\\/static.purejewels.com\\\/wp-content\\\/uploads\\\/2024\\\/04\\\/47963-1.png\",\"width\":1000,\"height\":1000,\"caption\":\"22ct Gold Ring\"},{\"@type\":\"BreadcrumbList\",\"@id\":\"https:\\\/\\\/www.purejewels.com\\\/product\\\/22ct-gold-pear-drop-ring-47963\\\/#breadcrumb\",\"itemListElement\":[{\"@type\":\"ListItem\",\"position\":1,\"name\":\"Home\",\"item\":\"https:\\\/\\\/www.purejewels.com\\\/\"},{\"@type\":\"ListItem\",\"position\":2,\"name\":\"Shop\",\"item\":\"https:\\\/\\\/www.purejewels.com\\\/shop\\\/\"},{\"@type\":\"ListItem\",\"position\":3,\"name\":\"22ct Gold Pear Drop Ring | Size Adjustable\"}]},{\"@type\":\"WebSite\",\"@id\":\"https:\\\/\\\/www.purejewels.com\\\/#website\",\"url\":\"https:\\\/\\\/www.purejewels.com\\\/\",\"name\":\"PureJewels UK\",\"description\":\"Share the Love\",\"publisher\":{\"@id\":\"https:\\\/\\\/www.purejewels.com\\\/#organization\"},\"potentialAction\":[{\"@type\":\"SearchAction\",\"target\":{\"@type\":\"EntryPoint\",\"urlTemplate\":\"https:\\\/\\\/www.purejewels.com\\\/?s={search_term_string}\"},\"query-input\":{\"@type\":\"PropertyValueSpecification\",\"valueRequired\":true,\"valueName\":\"search_term_string\"}}],\"inLanguage\":\"tr\"},{\"@type\":\"Organization\",\"@id\":\"https:\\\/\\\/www.purejewels.com\\\/#organization\",\"name\":\"PureJewels UK\",\"url\":\"https:\\\/\\\/www.purejewels.com\\\/\",\"logo\":{\"@type\":\"ImageObject\",\"inLanguage\":\"tr\",\"@id\":\"https:\\\/\\\/www.purejewels.com\\\/#\\\/schema\\\/logo\\\/image\\\/\",\"url\":\"https:\\\/\\\/static.purejewels.com\\\/wp-content\\\/uploads\\\/2020\\\/11\\\/Logo-PJ-New-1.png\",\"contentUrl\":\"https:\\\/\\\/static.purejewels.com\\\/wp-content\\\/uploads\\\/2020\\\/11\\\/Logo-PJ-New-1.png\",\"width\":150,\"height\":80,\"caption\":\"PureJewels UK\"},\"image\":{\"@id\":\"https:\\\/\\\/www.purejewels.com\\\/#\\\/schema\\\/logo\\\/image\\\/\"}}]}<\/script>\n<!-- \/ Yoast SEO plugin. -->","yoast_head_json":{"title":"PureJewels'ten 22 Ayar Alt\u0131n Armut Damla Y\u00fcz\u00fck | Ayarlanabilir Fit","description":"Zamans\u0131z \u015f\u0131kl\u0131k modern konforla bulu\u015fuyor. PureJewels'in 22 ayar alt\u0131n armut damla y\u00fcz\u00fc\u011f\u00fc m\u00fckemmel uyum i\u00e7in ayarlanabilir. \u0130ngiltere genelinde \u00fccretsiz teslimat.","robots":{"index":"index","follow":"follow","max-snippet":"max-snippet:-1","max-image-preview":"max-image-preview:large","max-video-preview":"max-video-preview:-1"},"canonical":"https:\/\/www.purejewels.com\/tr\/urun\/22-ayar-altin-armut-damla-yuzuk-47963\/","og_locale":"tr_TR","og_type":"article","og_title":"22ct Gold Pear Drop Ring | Adjustable Fit by PureJewels","og_description":"Timeless elegance meets modern comfort. The 22ct gold pear drop ring by PureJewels is adjustable for a perfect fit. Free delivery across UK.","og_url":"https:\/\/www.purejewels.com\/tr\/urun\/22-ayar-altin-armut-damla-yuzuk-47963\/","og_site_name":"PureJewels UK","article_modified_time":"2026-01-07T06:32:05+00:00","og_image":[{"width":1000,"height":1000,"url":"https:\/\/www.purejewels.com\/wp-content\/uploads\/2024\/04\/47963-1.png","type":"image\/png"}],"twitter_card":"summary_large_image","twitter_misc":{"Tahmini okuma s\u00fcresi":"1 dakika"},"schema":{"@context":"https:\/\/schema.org","@graph":[{"@type":["WebPage","ItemPage"],"@id":"https:\/\/www.purejewels.com\/product\/22ct-gold-pear-drop-ring-47963\/","url":"https:\/\/www.purejewels.com\/product\/22ct-gold-pear-drop-ring-47963\/","name":"PureJewels'ten 22 Ayar Alt\u0131n Armut Damla Y\u00fcz\u00fck | Ayarlanabilir Fit","isPartOf":{"@id":"https:\/\/www.purejewels.com\/#website"},"primaryImageOfPage":{"@id":"https:\/\/www.purejewels.com\/product\/22ct-gold-pear-drop-ring-47963\/#primaryimage"},"image":{"@id":"https:\/\/www.purejewels.com\/product\/22ct-gold-pear-drop-ring-47963\/#primaryimage"},"thumbnailUrl":"https:\/\/static.purejewels.com\/wp-content\/uploads\/2024\/04\/47963-1.png","datePublished":"2024-04-22T06:58:10+00:00","dateModified":"2026-01-07T06:32:05+00:00","description":"Zamans\u0131z \u015f\u0131kl\u0131k modern konforla bulu\u015fuyor. PureJewels'in 22 ayar alt\u0131n armut damla y\u00fcz\u00fc\u011f\u00fc m\u00fckemmel uyum i\u00e7in ayarlanabilir. \u0130ngiltere genelinde \u00fccretsiz teslimat.","breadcrumb":{"@id":"https:\/\/www.purejewels.com\/product\/22ct-gold-pear-drop-ring-47963\/#breadcrumb"},"inLanguage":"tr","potentialAction":[{"@type":"ReadAction","target":["https:\/\/www.purejewels.com\/product\/22ct-gold-pear-drop-ring-47963\/"]}]},{"@type":"ImageObject","inLanguage":"tr","@id":"https:\/\/www.purejewels.com\/product\/22ct-gold-pear-drop-ring-47963\/#primaryimage","url":"https:\/\/static.purejewels.com\/wp-content\/uploads\/2024\/04\/47963-1.png","contentUrl":"https:\/\/static.purejewels.com\/wp-content\/uploads\/2024\/04\/47963-1.png","width":1000,"height":1000,"caption":"22ct Gold Ring"},{"@type":"BreadcrumbList","@id":"https:\/\/www.purejewels.com\/product\/22ct-gold-pear-drop-ring-47963\/#breadcrumb","itemListElement":[{"@type":"ListItem","position":1,"name":"Home","item":"https:\/\/www.purejewels.com\/"},{"@type":"ListItem","position":2,"name":"Shop","item":"https:\/\/www.purejewels.com\/shop\/"},{"@type":"ListItem","position":3,"name":"22ct Gold Pear Drop Ring | Size Adjustable"}]},{"@type":"WebSite","@id":"https:\/\/www.purejewels.com\/#website","url":"https:\/\/www.purejewels.com\/","name":"PureJewels \u0130ngiltere","description":"Sevgiyi Payla\u015f\u0131n","publisher":{"@id":"https:\/\/www.purejewels.com\/#organization"},"potentialAction":[{"@type":"SearchAction","target":{"@type":"EntryPoint","urlTemplate":"https:\/\/www.purejewels.com\/?s={search_term_string}"},"query-input":{"@type":"PropertyValueSpecification","valueRequired":true,"valueName":"search_term_string"}}],"inLanguage":"tr"},{"@type":"Organization","@id":"https:\/\/www.purejewels.com\/#organization","name":"PureJewels \u0130ngiltere","url":"https:\/\/www.purejewels.com\/","logo":{"@type":"ImageObject","inLanguage":"tr","@id":"https:\/\/www.purejewels.com\/#\/schema\/logo\/image\/","url":"https:\/\/static.purejewels.com\/wp-content\/uploads\/2020\/11\/Logo-PJ-New-1.png","contentUrl":"https:\/\/static.purejewels.com\/wp-content\/uploads\/2020\/11\/Logo-PJ-New-1.png","width":150,"height":80,"caption":"PureJewels UK"},"image":{"@id":"https:\/\/www.purejewels.com\/#\/schema\/logo\/image\/"}}]}},"_links":{"self":[{"href":"https:\/\/www.purejewels.com\/tr\/wp-json\/wp\/v2\/product\/360601","targetHints":{"allow":["GET"]}}],"collection":[{"href":"https:\/\/www.purejewels.com\/tr\/wp-json\/wp\/v2\/product"}],"about":[{"href":"https:\/\/www.purejewels.com\/tr\/wp-json\/wp\/v2\/types\/product"}],"replies":[{"embeddable":true,"href":"https:\/\/www.purejewels.com\/tr\/wp-json\/wp\/v2\/comments?post=360601"}],"version-history":[{"count":2,"href":"https:\/\/www.purejewels.com\/tr\/wp-json\/wp\/v2\/product\/360601\/revisions"}],"predecessor-version":[{"id":420311,"href":"https:\/\/www.purejewels.com\/tr\/wp-json\/wp\/v2\/product\/360601\/revisions\/420311"}],"wp:featuredmedia":[{"embeddable":true,"href":"https:\/\/www.purejewels.com\/tr\/wp-json\/wp\/v2\/media\/360602"}],"wp:attachment":[{"href":"https:\/\/www.purejewels.com\/tr\/wp-json\/wp\/v2\/media?parent=360601"}],"wp:term":[{"taxonomy":"product_brand","embeddable":true,"href":"https:\/\/www.purejewels.com\/tr\/wp-json\/wp\/v2\/product_brand?post=360601"},{"taxonomy":"product_cat","embeddable":true,"href":"https:\/\/www.purejewels.com\/tr\/wp-json\/wp\/v2\/product_cat?post=360601"},{"taxonomy":"product_tag","embeddable":true,"href":"https:\/\/www.purejewels.com\/tr\/wp-json\/wp\/v2\/product_tag?post=360601"}],"curies":[{"name":"wp","href":"https:\/\/api.w.org\/{rel}","templated":true}]}}