{"id":3614,"date":"2017-07-19T13:16:25","date_gmt":"2017-07-19T12:16:25","guid":{"rendered":"http:\/\/new.purejewels.com\/product\/christian-bauer-wedding-ring-246737\/"},"modified":"2020-12-21T17:54:21","modified_gmt":"2020-12-21T17:54:21","slug":"christian-bauer-alyans-246737","status":"publish","type":"product","link":"https:\/\/www.purejewels.com\/tr\/product\/christian-bauer-wedding-ring-246737\/","title":{"rendered":"Christian Bauer Alyans Y\u00fcz\u00fck"},"content":{"rendered":"<p>Ger\u00e7ekten sevilenler i\u00e7in bu l\u00fcks alyans, ilahi bir \u00e7ift s\u0131ra p\u0131rlantaya sahiptir.  P\u0131rlantalar yumu\u015fak f\u0131r\u00e7alanm\u0131\u015f alt\u0131n zemin \u00fczerinde \u0131\u015f\u0131ld\u0131yor.  Y\u00fcz\u00fc\u011f\u00fcn\u00fcz \u00f6m\u00fcrl\u00fckt\u00fcr, bu y\u00fczden kalbinizle se\u00e7in - bu y\u00fcz\u00fck son derece \u00f6zel biri i\u00e7in tasarland\u0131.  0,43 karat parlak kesim p\u0131rlanta ile \u0131\u015f\u0131\u011f\u0131 her a\u00e7\u0131dan yakalayacak.  Christian Bauer'in deneyimli m\u00fccevher ustalar\u0131ndan olu\u015fan ekibi taraf\u0131ndan Welzheim'daki son teknoloji \u00fcretim tesisinde el i\u015f\u00e7ili\u011fiyle \u00fcretilmi\u015ftir.  PureJewels, Christian Bauer'in yetkili stok\u00e7usu olmaktan gurur duyar. <a href=\"https:\/\/www.purejewels.com\/tr\/product-category\/wedding-rings-bands\/wedding-bands\/christian-bauer-brands\/\">Christian Bauer<\/a> d\u00fc\u011f\u00fcn <a href=\"https:\/\/www.purejewels.com\/tr\/product-category\/22ct-gold-jewellery\/gold-rings\/\">halkalar<\/a> Londra'da.  *Stoklar\u0131m\u0131zda bedeniniz olmad\u0131\u011f\u0131 s\u00fcrece y\u00fcz\u00fc\u011f\u00fcn\u00fcz sipari\u015f edilecektir.  Bedeninizi se\u00e7mek veya farkl\u0131 bir metal talep etmek i\u00e7in Canl\u0131 Sohbet'i a\u00e7man\u0131z yeterlidir.*<\/p>\n<p><\/br><\/p>\n<ul><\/br><\/p>\n<li>Christian Bauer p\u0131rlanta alyans<\/li>\n<p><\/br><\/p>\n<li>Metal: <a href=\"https:\/\/www.purejewels.com\/tr\/product\/18ct-white-gold-khanda-sikh-religious-pendant-6226\/\">18ct<\/a> Sar\u0131 Alt\u0131n<\/li>\n<p><\/br><\/p>\n<li>Geni\u015flik: 7,5 mm<\/li>\n<p><\/br><\/p>\n<li>Ta\u015flar: 59 Parlak kesim p\u0131rlanta<\/li>\n<p><\/br><\/p>\n<li>P\u0131rlanta a\u011f\u0131rl\u0131\u011f\u0131: 0,43 ct<\/li>\n<p><\/br><\/ul>\n<p><\/br><\/p>\n<h2><strong>Christian Bauer alyans\u0131n\u0131z i\u00e7in kaplama se\u00e7imi<\/strong><\/h2>\n<p><\/br><\/p>\n<p>Christian Bauer alyans\u0131n\u0131z Almanya'daki at\u00f6lyeden sipari\u015f edildi\u011fi i\u00e7in, tarz\u0131n\u0131za uyacak \u015fekilde ki\u015fiselle\u015ftirebilirsiniz.  Bu \u00e7ift p\u0131rlantal\u0131 alyans\u0131n pembe alt\u0131n veya saf platin ile tamamlanmas\u0131n\u0131 se\u00e7in.   Nelerin m\u00fcmk\u00fcn oldu\u011funu \u00f6\u011frenmek ve y\u00fcz\u00fc\u011f\u00fcn\u00fcz\u00fcn \u00f6l\u00e7\u00fcs\u00fcn\u00fc belirlemek i\u00e7in Canl\u0131 Sohbet'i a\u00e7\u0131n.  Ya da show room'a gelin ve size en yeni Christian Bauer alyanslar\u0131n\u0131 g\u00f6sterelim.<\/p>\n<p><\/br><\/p>\n<p>&nbsp;<\/p>\n<p><\/br><\/p>","protected":false},"excerpt":{"rendered":"<ul>\n<li>Christian Bauer p\u0131rlanta alyans<\/li>\n<li>Metal: 18 Ayar Sar\u0131 Alt\u0131n<\/li>\n<li>Geni\u015flik: 7,5 mm<\/li>\n<li>Ta\u015flar: 59 Parlak kesim p\u0131rlanta<\/li>\n<li>P\u0131rlanta a\u011f\u0131rl\u0131\u011f\u0131: 0,43 ct<\/li>\n<\/ul>","protected":false},"featured_media":315590,"comment_status":"open","ping_status":"closed","template":"","meta":{"_eb_attr":"","_crsspst_to_jayantr4sg-hostcom":false},"product_brand":[],"product_cat":[238,229,1574],"product_tag":[],"class_list":{"0":"post-3614","1":"product","2":"type-product","3":"status-publish","4":"has-post-thumbnail","6":"product_cat-christian-bauer-brands","7":"product_cat-wedding-bands","8":"product_cat-womens-jewellery","10":"first","11":"outofstock","12":"taxable","13":"shipping-taxable","14":"product-type-simple","15":"add-to-wishlist-before_image"},"yoast_head":"<!-- This site is optimized with the Yoast SEO plugin v27.3 - https:\/\/yoast.com\/product\/yoast-seo-wordpress\/ -->\n<title>Christian Bauer Wedding Ring 246737 (246737)<\/title>\n<meta name=\"robots\" content=\"index, follow, max-snippet:-1, max-image-preview:large, max-video-preview:-1\" \/>\n<link rel=\"canonical\" href=\"https:\/\/www.purejewels.com\/tr\/urun\/christian-bauer-alyans-246737\/\" \/>\n<meta property=\"og:locale\" content=\"tr_TR\" \/>\n<meta property=\"og:type\" content=\"article\" \/>\n<meta property=\"og:title\" content=\"Christian Bauer Wedding Ring 246737 (246737)\" \/>\n<meta property=\"og:description\" content=\"Christian Bauer diamond wedding ringMetal: 18ct Yellow GoldWidth: 7.5 mmStones: 59 Brilliant cut diamondsDiamond weight:&nbsp; 0.43 ct\" \/>\n<meta property=\"og:url\" content=\"https:\/\/www.purejewels.com\/tr\/urun\/christian-bauer-alyans-246737\/\" \/>\n<meta property=\"og:site_name\" content=\"PureJewels UK\" \/>\n<meta property=\"article:modified_time\" content=\"2020-12-21T17:54:21+00:00\" \/>\n<meta property=\"og:image\" content=\"https:\/\/www.purejewels.com\/wp-content\/uploads\/2020\/07\/137217132.jpg\" \/>\n\t<meta property=\"og:image:width\" content=\"960\" \/>\n\t<meta property=\"og:image:height\" content=\"960\" \/>\n\t<meta property=\"og:image:type\" content=\"image\/jpeg\" \/>\n<meta name=\"twitter:card\" content=\"summary_large_image\" \/>\n<meta name=\"twitter:label1\" content=\"Tahmini okuma s\u00fcresi\" \/>\n\t<meta name=\"twitter:data1\" content=\"1 dakika\" \/>\n<script type=\"application\/ld+json\" class=\"yoast-schema-graph\">{\"@context\":\"https:\\\/\\\/schema.org\",\"@graph\":[{\"@type\":[\"WebPage\",\"ItemPage\"],\"@id\":\"https:\\\/\\\/www.purejewels.com\\\/product\\\/christian-bauer-wedding-ring-246737\\\/\",\"url\":\"https:\\\/\\\/www.purejewels.com\\\/product\\\/christian-bauer-wedding-ring-246737\\\/\",\"name\":\"Christian Bauer Wedding Ring 246737 (246737)\",\"isPartOf\":{\"@id\":\"https:\\\/\\\/www.purejewels.com\\\/#website\"},\"primaryImageOfPage\":{\"@id\":\"https:\\\/\\\/www.purejewels.com\\\/product\\\/christian-bauer-wedding-ring-246737\\\/#primaryimage\"},\"image\":{\"@id\":\"https:\\\/\\\/www.purejewels.com\\\/product\\\/christian-bauer-wedding-ring-246737\\\/#primaryimage\"},\"thumbnailUrl\":\"https:\\\/\\\/static.purejewels.com\\\/wp-content\\\/uploads\\\/2020\\\/07\\\/137217132.jpg\",\"datePublished\":\"2017-07-19T12:16:25+00:00\",\"dateModified\":\"2020-12-21T17:54:21+00:00\",\"breadcrumb\":{\"@id\":\"https:\\\/\\\/www.purejewels.com\\\/product\\\/christian-bauer-wedding-ring-246737\\\/#breadcrumb\"},\"inLanguage\":\"tr\",\"potentialAction\":[{\"@type\":\"ReadAction\",\"target\":[\"https:\\\/\\\/www.purejewels.com\\\/product\\\/christian-bauer-wedding-ring-246737\\\/\"]}]},{\"@type\":\"ImageObject\",\"inLanguage\":\"tr\",\"@id\":\"https:\\\/\\\/www.purejewels.com\\\/product\\\/christian-bauer-wedding-ring-246737\\\/#primaryimage\",\"url\":\"https:\\\/\\\/static.purejewels.com\\\/wp-content\\\/uploads\\\/2020\\\/07\\\/137217132.jpg\",\"contentUrl\":\"https:\\\/\\\/static.purejewels.com\\\/wp-content\\\/uploads\\\/2020\\\/07\\\/137217132.jpg\",\"width\":960,\"height\":960,\"caption\":\"For the truly beloved, this luxurious wedding ring features a divine double row of diamonds.\u00a0 They sparkle against a backdrop of softly brushed gold.\u00a0 Your ring is for life, so choose with your heart \u2013 this one\u2019s destined for someone extremely special.\u00a0 With 0.43 carat of brilliant cut diamonds, it will catch the light at any angle.\u00a0 It has been handcrafted at the state-of-the-art production facility in Welzheim by Christian Bauer\u2019s team of experienced jewellery-makers.\u00a0 PureJewels is proud to be an authorised stockist of Christian Bauer wedding rings in London.\u00a0 *Your ring will be ordered, unless we have your size in stock.\u00a0 To choose your size \u2013 or request a different metal \u2013 just open Live Chat.*Christian Bauer diamond wedding ringMetal: 18ct Yellow GoldWidth: 7.5 mmStones: 59 Brilliant cut diamondsDiamond weight:\u00a0 0.43 ctChoosing the finish for your Christian Bauer wedding ringSince your Christian Bauer wedding ring is ordered from the workshop in Germany, you may personalise it to suit your style.\u00a0 Choose to have this double diamond wedding ring finished with rose gold or pure platinum. \u00a0\u00a0Open Live Chat to find out what\u2019s possible and specify the size for your ring.\u00a0 Or come into the show room and we can show you all the latest Christian Bauer wedding rings.&nbsp;\"},{\"@type\":\"BreadcrumbList\",\"@id\":\"https:\\\/\\\/www.purejewels.com\\\/product\\\/christian-bauer-wedding-ring-246737\\\/#breadcrumb\",\"itemListElement\":[{\"@type\":\"ListItem\",\"position\":1,\"name\":\"Home\",\"item\":\"https:\\\/\\\/www.purejewels.com\\\/\"},{\"@type\":\"ListItem\",\"position\":2,\"name\":\"Shop\",\"item\":\"https:\\\/\\\/www.purejewels.com\\\/shop\\\/\"},{\"@type\":\"ListItem\",\"position\":3,\"name\":\"Christian Bauer Wedding Band Ring\"}]},{\"@type\":\"WebSite\",\"@id\":\"https:\\\/\\\/www.purejewels.com\\\/#website\",\"url\":\"https:\\\/\\\/www.purejewels.com\\\/\",\"name\":\"PureJewels UK\",\"description\":\"Share the Love\",\"publisher\":{\"@id\":\"https:\\\/\\\/www.purejewels.com\\\/#organization\"},\"potentialAction\":[{\"@type\":\"SearchAction\",\"target\":{\"@type\":\"EntryPoint\",\"urlTemplate\":\"https:\\\/\\\/www.purejewels.com\\\/?s={search_term_string}\"},\"query-input\":{\"@type\":\"PropertyValueSpecification\",\"valueRequired\":true,\"valueName\":\"search_term_string\"}}],\"inLanguage\":\"tr\"},{\"@type\":\"Organization\",\"@id\":\"https:\\\/\\\/www.purejewels.com\\\/#organization\",\"name\":\"PureJewels UK\",\"url\":\"https:\\\/\\\/www.purejewels.com\\\/\",\"logo\":{\"@type\":\"ImageObject\",\"inLanguage\":\"tr\",\"@id\":\"https:\\\/\\\/www.purejewels.com\\\/#\\\/schema\\\/logo\\\/image\\\/\",\"url\":\"https:\\\/\\\/static.purejewels.com\\\/wp-content\\\/uploads\\\/2020\\\/11\\\/Logo-PJ-New-1.png\",\"contentUrl\":\"https:\\\/\\\/static.purejewels.com\\\/wp-content\\\/uploads\\\/2020\\\/11\\\/Logo-PJ-New-1.png\",\"width\":150,\"height\":80,\"caption\":\"PureJewels UK\"},\"image\":{\"@id\":\"https:\\\/\\\/www.purejewels.com\\\/#\\\/schema\\\/logo\\\/image\\\/\"}}]}<\/script>\n<!-- \/ Yoast SEO plugin. -->","yoast_head_json":{"title":"Christian Bauer Alyans 246737 (246737)","robots":{"index":"index","follow":"follow","max-snippet":"max-snippet:-1","max-image-preview":"max-image-preview:large","max-video-preview":"max-video-preview:-1"},"canonical":"https:\/\/www.purejewels.com\/tr\/urun\/christian-bauer-alyans-246737\/","og_locale":"tr_TR","og_type":"article","og_title":"Christian Bauer Wedding Ring 246737 (246737)","og_description":"Christian Bauer diamond wedding ringMetal: 18ct Yellow GoldWidth: 7.5 mmStones: 59 Brilliant cut diamondsDiamond weight:&nbsp; 0.43 ct","og_url":"https:\/\/www.purejewels.com\/tr\/urun\/christian-bauer-alyans-246737\/","og_site_name":"PureJewels UK","article_modified_time":"2020-12-21T17:54:21+00:00","og_image":[{"width":960,"height":960,"url":"https:\/\/www.purejewels.com\/wp-content\/uploads\/2020\/07\/137217132.jpg","type":"image\/jpeg"}],"twitter_card":"summary_large_image","twitter_misc":{"Tahmini okuma s\u00fcresi":"1 dakika"},"schema":{"@context":"https:\/\/schema.org","@graph":[{"@type":["WebPage","ItemPage"],"@id":"https:\/\/www.purejewels.com\/product\/christian-bauer-wedding-ring-246737\/","url":"https:\/\/www.purejewels.com\/product\/christian-bauer-wedding-ring-246737\/","name":"Christian Bauer Alyans 246737 (246737)","isPartOf":{"@id":"https:\/\/www.purejewels.com\/#website"},"primaryImageOfPage":{"@id":"https:\/\/www.purejewels.com\/product\/christian-bauer-wedding-ring-246737\/#primaryimage"},"image":{"@id":"https:\/\/www.purejewels.com\/product\/christian-bauer-wedding-ring-246737\/#primaryimage"},"thumbnailUrl":"https:\/\/static.purejewels.com\/wp-content\/uploads\/2020\/07\/137217132.jpg","datePublished":"2017-07-19T12:16:25+00:00","dateModified":"2020-12-21T17:54:21+00:00","breadcrumb":{"@id":"https:\/\/www.purejewels.com\/product\/christian-bauer-wedding-ring-246737\/#breadcrumb"},"inLanguage":"tr","potentialAction":[{"@type":"ReadAction","target":["https:\/\/www.purejewels.com\/product\/christian-bauer-wedding-ring-246737\/"]}]},{"@type":"ImageObject","inLanguage":"tr","@id":"https:\/\/www.purejewels.com\/product\/christian-bauer-wedding-ring-246737\/#primaryimage","url":"https:\/\/static.purejewels.com\/wp-content\/uploads\/2020\/07\/137217132.jpg","contentUrl":"https:\/\/static.purejewels.com\/wp-content\/uploads\/2020\/07\/137217132.jpg","width":960,"height":960,"caption":"For the truly beloved, this luxurious wedding ring features a divine double row of diamonds.\u00a0 They sparkle against a backdrop of softly brushed gold.\u00a0 Your ring is for life, so choose with your heart \u2013 this one\u2019s destined for someone extremely special.\u00a0 With 0.43 carat of brilliant cut diamonds, it will catch the light at any angle.\u00a0 It has been handcrafted at the state-of-the-art production facility in Welzheim by Christian Bauer\u2019s team of experienced jewellery-makers.\u00a0 PureJewels is proud to be an authorised stockist of Christian Bauer wedding rings in London.\u00a0 *Your ring will be ordered, unless we have your size in stock.\u00a0 To choose your size \u2013 or request a different metal \u2013 just open Live Chat.*Christian Bauer diamond wedding ringMetal: 18ct Yellow GoldWidth: 7.5 mmStones: 59 Brilliant cut diamondsDiamond weight:\u00a0 0.43 ctChoosing the finish for your Christian Bauer wedding ringSince your Christian Bauer wedding ring is ordered from the workshop in Germany, you may personalise it to suit your style.\u00a0 Choose to have this double diamond wedding ring finished with rose gold or pure platinum. \u00a0\u00a0Open Live Chat to find out what\u2019s possible and specify the size for your ring.\u00a0 Or come into the show room and we can show you all the latest Christian Bauer wedding rings.&nbsp;"},{"@type":"BreadcrumbList","@id":"https:\/\/www.purejewels.com\/product\/christian-bauer-wedding-ring-246737\/#breadcrumb","itemListElement":[{"@type":"ListItem","position":1,"name":"Home","item":"https:\/\/www.purejewels.com\/"},{"@type":"ListItem","position":2,"name":"Shop","item":"https:\/\/www.purejewels.com\/shop\/"},{"@type":"ListItem","position":3,"name":"Christian Bauer Wedding Band Ring"}]},{"@type":"WebSite","@id":"https:\/\/www.purejewels.com\/#website","url":"https:\/\/www.purejewels.com\/","name":"PureJewels \u0130ngiltere","description":"Sevgiyi Payla\u015f\u0131n","publisher":{"@id":"https:\/\/www.purejewels.com\/#organization"},"potentialAction":[{"@type":"SearchAction","target":{"@type":"EntryPoint","urlTemplate":"https:\/\/www.purejewels.com\/?s={search_term_string}"},"query-input":{"@type":"PropertyValueSpecification","valueRequired":true,"valueName":"search_term_string"}}],"inLanguage":"tr"},{"@type":"Organization","@id":"https:\/\/www.purejewels.com\/#organization","name":"PureJewels \u0130ngiltere","url":"https:\/\/www.purejewels.com\/","logo":{"@type":"ImageObject","inLanguage":"tr","@id":"https:\/\/www.purejewels.com\/#\/schema\/logo\/image\/","url":"https:\/\/static.purejewels.com\/wp-content\/uploads\/2020\/11\/Logo-PJ-New-1.png","contentUrl":"https:\/\/static.purejewels.com\/wp-content\/uploads\/2020\/11\/Logo-PJ-New-1.png","width":150,"height":80,"caption":"PureJewels UK"},"image":{"@id":"https:\/\/www.purejewels.com\/#\/schema\/logo\/image\/"}}]}},"_links":{"self":[{"href":"https:\/\/www.purejewels.com\/tr\/wp-json\/wp\/v2\/product\/3614","targetHints":{"allow":["GET"]}}],"collection":[{"href":"https:\/\/www.purejewels.com\/tr\/wp-json\/wp\/v2\/product"}],"about":[{"href":"https:\/\/www.purejewels.com\/tr\/wp-json\/wp\/v2\/types\/product"}],"replies":[{"embeddable":true,"href":"https:\/\/www.purejewels.com\/tr\/wp-json\/wp\/v2\/comments?post=3614"}],"version-history":[{"count":0,"href":"https:\/\/www.purejewels.com\/tr\/wp-json\/wp\/v2\/product\/3614\/revisions"}],"wp:featuredmedia":[{"embeddable":true,"href":"https:\/\/www.purejewels.com\/tr\/wp-json\/wp\/v2\/media\/315590"}],"wp:attachment":[{"href":"https:\/\/www.purejewels.com\/tr\/wp-json\/wp\/v2\/media?parent=3614"}],"wp:term":[{"taxonomy":"product_brand","embeddable":true,"href":"https:\/\/www.purejewels.com\/tr\/wp-json\/wp\/v2\/product_brand?post=3614"},{"taxonomy":"product_cat","embeddable":true,"href":"https:\/\/www.purejewels.com\/tr\/wp-json\/wp\/v2\/product_cat?post=3614"},{"taxonomy":"product_tag","embeddable":true,"href":"https:\/\/www.purejewels.com\/tr\/wp-json\/wp\/v2\/product_tag?post=3614"}],"curies":[{"name":"wp","href":"https:\/\/api.w.org\/{rel}","templated":true}]}}