{"id":361603,"date":"2024-10-16T06:44:30","date_gmt":"2024-10-16T05:44:30","guid":{"rendered":"https:\/\/www.purejewels.com\/?post_type=product&#038;p=361603"},"modified":"2026-02-13T13:17:02","modified_gmt":"2026-02-13T13:17:02","slug":"22-ayar-altin-hint-gelin-tikkasi-47521","status":"publish","type":"product","link":"https:\/\/www.purejewels.com\/tr\/product\/22ct-gold-indian-bridal-tikka-47521\/","title":{"rendered":"Rozet 22 Ayar Alt\u0131n Gelin Tikkas\u0131 | 5 \u0130n\u00e7"},"content":{"rendered":"<p>Gelin \u015f\u0131kl\u0131\u011f\u0131n\u0131z\u0131 bu zarif tasar\u0131mla art\u0131r\u0131n <strong>Rozet <a href=\"https:\/\/www.purejewels.com\/tr\/product\/22ct-gold-jali-filigree-ring-jali-collection-31926\/\">22ct<\/a> Alt\u0131n Gelin Tikka<\/strong>. Saf 22 ayar alt\u0131ndan \u00fcretilen bu \u00e7arp\u0131c\u0131 par\u00e7a, zamans\u0131z g\u00fczelli\u011fi ve zarafeti simgeleyen narin bir \u00e7i\u00e7ek rozet tasar\u0131m\u0131na sahiptir. Uzunlu\u011fu 5 in\u00e7 olan bu rozet, aln\u0131 m\u00fckemmel bir \u015fekilde s\u00fcsleyerek d\u00fc\u011f\u00fcn tak\u0131m\u0131n\u0131za muhte\u015fem bir dokunu\u015f katar.<\/p>\n<p>Hem geleneksel hem de \u00e7a\u011fda\u015f gelin g\u00f6r\u00fcn\u00fcm\u00fcn\u00fc tamamlamak \u00fczere incelikle tasarlanan bu tikka, \u0131\u015f\u0131\u011f\u0131 g\u00fczel bir \u015fekilde yakalayarak gelininizin \u0131\u015f\u0131lt\u0131s\u0131n\u0131 art\u0131ran ince detaylara sahiptir. L\u00fcks ve gelene\u011fi tek bir nefes kesici par\u00e7ada arayan gelinler i\u00e7in olmazsa olmaz.<\/p>\n<p><strong>Temel \u00d6zellikler:<\/strong><\/p>\n<ul>\n<li><strong>Malzeme:<\/strong> <a href=\"https:\/\/www.purejewels.com\/tr\/product\/holy-cross-gold-pendant-44713\/\">22 Ayar Alt\u0131n<\/a><\/li>\n<li><strong>Tasar\u0131m:<\/strong> \u00c7i\u00e7ekli rozet motifi<\/li>\n<li><strong>Uzunluk:<\/strong> 5 in\u00e7<\/li>\n<li><strong>F\u0131rsat bu f\u0131rsat:<\/strong> D\u00fc\u011f\u00fcnler ve b\u00fcy\u00fck kutlamalar i\u00e7in m\u00fckemmel<\/li>\n<li><strong>Stil:<\/strong> Modern bir cazibeye sahip geleneksel<\/li>\n<\/ul>\n<p>Bu zamans\u0131z hazine ile \u00f6zel g\u00fcn\u00fcn\u00fcz\u00fc unutulmaz k\u0131l\u0131n.<\/p>","protected":false},"excerpt":{"rendered":"<div class=\"woocommerce-product-details__short-description\">\n<table class=\"sh_desc\">\n<tbody>\n<tr>\n<td>SKU<\/td>\n<td>47521<\/td>\n<\/tr>\n<tr>\n<td>A\u011f\u0131rl\u0131k<\/td>\n<td>8.3 Gms<\/td>\n<\/tr>\n<tr>\n<td>Hallmark<\/td>\n<td>Londra Tahlil Ofisi Taraf\u0131ndan Damgalanm\u0131\u015f 22 Ayar Alt\u0131n<\/td>\n<\/tr>\n<tr>\n<td>\u00dccretler<\/td>\n<td>Teslimat ve KDV Dahil<\/td>\n<\/tr>\n<tr>\n<td>Paketleme<\/td>\n<td>Sunum Kutusu ile Birlikte Gelir<\/td>\n<\/tr>\n<tr>\n<td>Daha Fazla Bilgi<\/td>\n<td>\n<ul>\n<li>Gold Tikka'n\u0131n m\u00fcsaitlik durumu ve daha fazla g\u00f6rsel i\u00e7in bizimle canl\u0131 sohbet edin<\/li>\n<li>Daha Fazla Ke\u015ffet Bridal Tikka<\/li>\n<\/ul>\n<\/td>\n<\/tr>\n<\/tbody>\n<\/table>\n<div class=\"btn-atc atc-slide\"><\/div>\n<div class=\"product_meta\"><\/div>\n<\/div>","protected":false},"featured_media":364375,"comment_status":"closed","ping_status":"closed","template":"","meta":{"_eb_attr":"","_crsspst_to_jayantr4sg-hostcom":false},"product_brand":[],"product_cat":[1761],"product_tag":[1833],"class_list":{"0":"post-361603","1":"product","2":"type-product","3":"status-publish","4":"has-post-thumbnail","6":"product_cat-gold-bridal-tikka","7":"product_tag-gold-tikka","9":"first","10":"instock","11":"taxable","12":"shipping-taxable","13":"purchasable","14":"product-type-simple","15":"add-to-wishlist-before_image"},"yoast_head":"<!-- This site is optimized with the Yoast SEO plugin v27.5 - https:\/\/yoast.com\/product\/yoast-seo-wordpress\/ -->\n<title>Rosette 22ct Gold Bridal Tikka | 5 Inches | PureJewels UK<\/title>\n<meta name=\"description\" content=\"Adorn your wedding day look with the Rosette 22ct Gold Bridal Tikka, a stunning 5-inch piece crafted from pure gold.\" \/>\n<meta name=\"robots\" content=\"index, follow, max-snippet:-1, max-image-preview:large, max-video-preview:-1\" \/>\n<link rel=\"canonical\" href=\"https:\/\/www.purejewels.com\/tr\/urun\/22-ayar-altin-hint-gelin-tikkasi-47521\/\" \/>\n<meta property=\"og:locale\" content=\"tr_TR\" \/>\n<meta property=\"og:type\" content=\"article\" \/>\n<meta property=\"og:title\" content=\"Rosette 22ct Gold Bridal Tikka | 5 Inches | PureJewels UK\" \/>\n<meta property=\"og:description\" content=\"Adorn your wedding day look with the Rosette 22ct Gold Bridal Tikka, a stunning 5-inch piece crafted from pure gold.\" \/>\n<meta property=\"og:url\" content=\"https:\/\/www.purejewels.com\/tr\/urun\/22-ayar-altin-hint-gelin-tikkasi-47521\/\" \/>\n<meta property=\"og:site_name\" content=\"PureJewels UK\" \/>\n<meta property=\"article:modified_time\" content=\"2026-02-13T13:17:02+00:00\" \/>\n<meta property=\"og:image\" content=\"https:\/\/static.purejewels.com\/wp-content\/uploads\/2024\/05\/47520.png\" \/>\n\t<meta property=\"og:image:width\" content=\"1000\" \/>\n\t<meta property=\"og:image:height\" content=\"1000\" \/>\n\t<meta property=\"og:image:type\" content=\"image\/png\" \/>\n<meta name=\"twitter:card\" content=\"summary_large_image\" \/>\n<meta name=\"twitter:label1\" content=\"Tahmini okuma s\u00fcresi\" \/>\n\t<meta name=\"twitter:data1\" content=\"1 dakika\" \/>\n<script type=\"application\/ld+json\" class=\"yoast-schema-graph\">{\"@context\":\"https:\\\/\\\/schema.org\",\"@graph\":[{\"@type\":[\"WebPage\",\"ItemPage\"],\"@id\":\"https:\\\/\\\/www.purejewels.com\\\/product\\\/22ct-gold-indian-bridal-tikka-47521\\\/\",\"url\":\"https:\\\/\\\/www.purejewels.com\\\/product\\\/22ct-gold-indian-bridal-tikka-47521\\\/\",\"name\":\"Rosette 22ct Gold Bridal Tikka | 5 Inches | PureJewels UK\",\"isPartOf\":{\"@id\":\"https:\\\/\\\/www.purejewels.com\\\/#website\"},\"primaryImageOfPage\":{\"@id\":\"https:\\\/\\\/www.purejewels.com\\\/product\\\/22ct-gold-indian-bridal-tikka-47521\\\/#primaryimage\"},\"image\":{\"@id\":\"https:\\\/\\\/www.purejewels.com\\\/product\\\/22ct-gold-indian-bridal-tikka-47521\\\/#primaryimage\"},\"thumbnailUrl\":\"https:\\\/\\\/static.purejewels.com\\\/wp-content\\\/uploads\\\/2024\\\/05\\\/47520.png\",\"datePublished\":\"2024-10-16T05:44:30+00:00\",\"dateModified\":\"2026-02-13T13:17:02+00:00\",\"description\":\"Adorn your wedding day look with the Rosette 22ct Gold Bridal Tikka, a stunning 5-inch piece crafted from pure gold.\",\"breadcrumb\":{\"@id\":\"https:\\\/\\\/www.purejewels.com\\\/product\\\/22ct-gold-indian-bridal-tikka-47521\\\/#breadcrumb\"},\"inLanguage\":\"tr\",\"potentialAction\":[{\"@type\":\"ReadAction\",\"target\":[\"https:\\\/\\\/www.purejewels.com\\\/product\\\/22ct-gold-indian-bridal-tikka-47521\\\/\"]}]},{\"@type\":\"ImageObject\",\"inLanguage\":\"tr\",\"@id\":\"https:\\\/\\\/www.purejewels.com\\\/product\\\/22ct-gold-indian-bridal-tikka-47521\\\/#primaryimage\",\"url\":\"https:\\\/\\\/static.purejewels.com\\\/wp-content\\\/uploads\\\/2024\\\/05\\\/47520.png\",\"contentUrl\":\"https:\\\/\\\/static.purejewels.com\\\/wp-content\\\/uploads\\\/2024\\\/05\\\/47520.png\",\"width\":1000,\"height\":1000,\"caption\":\"22ct Gold Tikka\"},{\"@type\":\"BreadcrumbList\",\"@id\":\"https:\\\/\\\/www.purejewels.com\\\/product\\\/22ct-gold-indian-bridal-tikka-47521\\\/#breadcrumb\",\"itemListElement\":[{\"@type\":\"ListItem\",\"position\":1,\"name\":\"Home\",\"item\":\"https:\\\/\\\/www.purejewels.com\\\/\"},{\"@type\":\"ListItem\",\"position\":2,\"name\":\"Shop\",\"item\":\"https:\\\/\\\/www.purejewels.com\\\/shop\\\/\"},{\"@type\":\"ListItem\",\"position\":3,\"name\":\"Rosette 22ct Gold Bridal Tikka | 5 Inches\"}]},{\"@type\":\"WebSite\",\"@id\":\"https:\\\/\\\/www.purejewels.com\\\/#website\",\"url\":\"https:\\\/\\\/www.purejewels.com\\\/\",\"name\":\"PureJewels UK\",\"description\":\"Share the Love\",\"publisher\":{\"@id\":\"https:\\\/\\\/www.purejewels.com\\\/#organization\"},\"potentialAction\":[{\"@type\":\"SearchAction\",\"target\":{\"@type\":\"EntryPoint\",\"urlTemplate\":\"https:\\\/\\\/www.purejewels.com\\\/?s={search_term_string}\"},\"query-input\":{\"@type\":\"PropertyValueSpecification\",\"valueRequired\":true,\"valueName\":\"search_term_string\"}}],\"inLanguage\":\"tr\"},{\"@type\":\"Organization\",\"@id\":\"https:\\\/\\\/www.purejewels.com\\\/#organization\",\"name\":\"PureJewels UK\",\"url\":\"https:\\\/\\\/www.purejewels.com\\\/\",\"logo\":{\"@type\":\"ImageObject\",\"inLanguage\":\"tr\",\"@id\":\"https:\\\/\\\/www.purejewels.com\\\/#\\\/schema\\\/logo\\\/image\\\/\",\"url\":\"https:\\\/\\\/static.purejewels.com\\\/wp-content\\\/uploads\\\/2020\\\/11\\\/Logo-PJ-New-1.png\",\"contentUrl\":\"https:\\\/\\\/static.purejewels.com\\\/wp-content\\\/uploads\\\/2020\\\/11\\\/Logo-PJ-New-1.png\",\"width\":150,\"height\":80,\"caption\":\"PureJewels UK\"},\"image\":{\"@id\":\"https:\\\/\\\/www.purejewels.com\\\/#\\\/schema\\\/logo\\\/image\\\/\"}}]}<\/script>\n<!-- \/ Yoast SEO plugin. -->","yoast_head_json":{"title":"Rozet 22 Ayar Alt\u0131n Gelin Tikkas\u0131 | 5 \u0130n\u00e7 | PureJewels UK","description":"D\u00fc\u011f\u00fcn g\u00fcn\u00fc g\u00f6r\u00fcn\u00fcm\u00fcn\u00fcz\u00fc, saf alt\u0131ndan \u00fcretilmi\u015f 5 in\u00e7lik \u00e7arp\u0131c\u0131 bir par\u00e7a olan Rozet 22 Ayar Alt\u0131n Gelin Tikkas\u0131 ile s\u00fcsleyin.","robots":{"index":"index","follow":"follow","max-snippet":"max-snippet:-1","max-image-preview":"max-image-preview:large","max-video-preview":"max-video-preview:-1"},"canonical":"https:\/\/www.purejewels.com\/tr\/urun\/22-ayar-altin-hint-gelin-tikkasi-47521\/","og_locale":"tr_TR","og_type":"article","og_title":"Rosette 22ct Gold Bridal Tikka | 5 Inches | PureJewels UK","og_description":"Adorn your wedding day look with the Rosette 22ct Gold Bridal Tikka, a stunning 5-inch piece crafted from pure gold.","og_url":"https:\/\/www.purejewels.com\/tr\/urun\/22-ayar-altin-hint-gelin-tikkasi-47521\/","og_site_name":"PureJewels UK","article_modified_time":"2026-02-13T13:17:02+00:00","og_image":[{"width":1000,"height":1000,"url":"https:\/\/static.purejewels.com\/wp-content\/uploads\/2024\/05\/47520.png","type":"image\/png"}],"twitter_card":"summary_large_image","twitter_misc":{"Tahmini okuma s\u00fcresi":"1 dakika"},"schema":{"@context":"https:\/\/schema.org","@graph":[{"@type":["WebPage","ItemPage"],"@id":"https:\/\/www.purejewels.com\/product\/22ct-gold-indian-bridal-tikka-47521\/","url":"https:\/\/www.purejewels.com\/product\/22ct-gold-indian-bridal-tikka-47521\/","name":"Rozet 22 Ayar Alt\u0131n Gelin Tikkas\u0131 | 5 \u0130n\u00e7 | PureJewels UK","isPartOf":{"@id":"https:\/\/www.purejewels.com\/#website"},"primaryImageOfPage":{"@id":"https:\/\/www.purejewels.com\/product\/22ct-gold-indian-bridal-tikka-47521\/#primaryimage"},"image":{"@id":"https:\/\/www.purejewels.com\/product\/22ct-gold-indian-bridal-tikka-47521\/#primaryimage"},"thumbnailUrl":"https:\/\/static.purejewels.com\/wp-content\/uploads\/2024\/05\/47520.png","datePublished":"2024-10-16T05:44:30+00:00","dateModified":"2026-02-13T13:17:02+00:00","description":"D\u00fc\u011f\u00fcn g\u00fcn\u00fc g\u00f6r\u00fcn\u00fcm\u00fcn\u00fcz\u00fc, saf alt\u0131ndan \u00fcretilmi\u015f 5 in\u00e7lik \u00e7arp\u0131c\u0131 bir par\u00e7a olan Rozet 22 Ayar Alt\u0131n Gelin Tikkas\u0131 ile s\u00fcsleyin.","breadcrumb":{"@id":"https:\/\/www.purejewels.com\/product\/22ct-gold-indian-bridal-tikka-47521\/#breadcrumb"},"inLanguage":"tr","potentialAction":[{"@type":"ReadAction","target":["https:\/\/www.purejewels.com\/product\/22ct-gold-indian-bridal-tikka-47521\/"]}]},{"@type":"ImageObject","inLanguage":"tr","@id":"https:\/\/www.purejewels.com\/product\/22ct-gold-indian-bridal-tikka-47521\/#primaryimage","url":"https:\/\/static.purejewels.com\/wp-content\/uploads\/2024\/05\/47520.png","contentUrl":"https:\/\/static.purejewels.com\/wp-content\/uploads\/2024\/05\/47520.png","width":1000,"height":1000,"caption":"22ct Gold Tikka"},{"@type":"BreadcrumbList","@id":"https:\/\/www.purejewels.com\/product\/22ct-gold-indian-bridal-tikka-47521\/#breadcrumb","itemListElement":[{"@type":"ListItem","position":1,"name":"Home","item":"https:\/\/www.purejewels.com\/"},{"@type":"ListItem","position":2,"name":"Shop","item":"https:\/\/www.purejewels.com\/shop\/"},{"@type":"ListItem","position":3,"name":"Rosette 22ct Gold Bridal Tikka | 5 Inches"}]},{"@type":"WebSite","@id":"https:\/\/www.purejewels.com\/#website","url":"https:\/\/www.purejewels.com\/","name":"PureJewels \u0130ngiltere","description":"Sevgiyi Payla\u015f\u0131n","publisher":{"@id":"https:\/\/www.purejewels.com\/#organization"},"potentialAction":[{"@type":"SearchAction","target":{"@type":"EntryPoint","urlTemplate":"https:\/\/www.purejewels.com\/?s={search_term_string}"},"query-input":{"@type":"PropertyValueSpecification","valueRequired":true,"valueName":"search_term_string"}}],"inLanguage":"tr"},{"@type":"Organization","@id":"https:\/\/www.purejewels.com\/#organization","name":"PureJewels \u0130ngiltere","url":"https:\/\/www.purejewels.com\/","logo":{"@type":"ImageObject","inLanguage":"tr","@id":"https:\/\/www.purejewels.com\/#\/schema\/logo\/image\/","url":"https:\/\/static.purejewels.com\/wp-content\/uploads\/2020\/11\/Logo-PJ-New-1.png","contentUrl":"https:\/\/static.purejewels.com\/wp-content\/uploads\/2020\/11\/Logo-PJ-New-1.png","width":150,"height":80,"caption":"PureJewels UK"},"image":{"@id":"https:\/\/www.purejewels.com\/#\/schema\/logo\/image\/"}}]}},"_links":{"self":[{"href":"https:\/\/www.purejewels.com\/tr\/wp-json\/wp\/v2\/product\/361603","targetHints":{"allow":["GET"]}}],"collection":[{"href":"https:\/\/www.purejewels.com\/tr\/wp-json\/wp\/v2\/product"}],"about":[{"href":"https:\/\/www.purejewels.com\/tr\/wp-json\/wp\/v2\/types\/product"}],"replies":[{"embeddable":true,"href":"https:\/\/www.purejewels.com\/tr\/wp-json\/wp\/v2\/comments?post=361603"}],"version-history":[{"count":4,"href":"https:\/\/www.purejewels.com\/tr\/wp-json\/wp\/v2\/product\/361603\/revisions"}],"predecessor-version":[{"id":426036,"href":"https:\/\/www.purejewels.com\/tr\/wp-json\/wp\/v2\/product\/361603\/revisions\/426036"}],"wp:featuredmedia":[{"embeddable":true,"href":"https:\/\/www.purejewels.com\/tr\/wp-json\/wp\/v2\/media\/364375"}],"wp:attachment":[{"href":"https:\/\/www.purejewels.com\/tr\/wp-json\/wp\/v2\/media?parent=361603"}],"wp:term":[{"taxonomy":"product_brand","embeddable":true,"href":"https:\/\/www.purejewels.com\/tr\/wp-json\/wp\/v2\/product_brand?post=361603"},{"taxonomy":"product_cat","embeddable":true,"href":"https:\/\/www.purejewels.com\/tr\/wp-json\/wp\/v2\/product_cat?post=361603"},{"taxonomy":"product_tag","embeddable":true,"href":"https:\/\/www.purejewels.com\/tr\/wp-json\/wp\/v2\/product_tag?post=361603"}],"curies":[{"name":"wp","href":"https:\/\/api.w.org\/{rel}","templated":true}]}}