{"id":3620,"date":"2017-07-19T13:16:29","date_gmt":"2017-07-19T12:16:29","guid":{"rendered":"http:\/\/new.purejewels.com\/product\/christian-bauer-wedding-ring-270999\/"},"modified":"2020-12-21T17:54:21","modified_gmt":"2020-12-21T17:54:21","slug":"christian-bauer-alyans-270999","status":"publish","type":"product","link":"https:\/\/www.purejewels.com\/tr\/product\/christian-bauer-wedding-ring-270999\/","title":{"rendered":"Christian Bauer Alyans Y\u00fcz\u00fck"},"content":{"rendered":"<p>Efsanevi m\u00fccevher at\u00f6lyesinden temiz ve sade bir alyans.  Birinci s\u0131n\u0131f 950 platinden \u00fcretilen y\u00fcz\u00fck, mat bir y\u00fczeye ve d\u00fcz kenarlara sahiptir.  Kesimi ve \u015fekli, bu alyans\u0131n tak\u0131lmas\u0131n\u0131 kolayla\u015ft\u0131rmak ve g\u00fcnl\u00fck i\u015fler i\u00e7in pratik hale getirmek i\u00e7in rafine edilmi\u015ftir.  Her m\u00fccevher gibi <a href=\"https:\/\/www.purejewels.com\/tr\/product-category\/wedding-rings-bands\/wedding-bands\/christian-bauer-brands\/\">Christian Bauer<\/a> Bu alyans, daha \u00f6nce \u00e7\u0131kar\u0131lm\u0131\u015f metalden yap\u0131lm\u0131\u015ft\u0131r - yeni bir \u00e7evresel etki yaratmaz.  \u0130\u00e7 k\u0131sm\u0131ndaki Alman firmas\u0131n\u0131n damgas\u0131, d\u00fcnyan\u0131n \u00f6nde gelen alyans tasar\u0131mc\u0131lar\u0131ndan birinin elinden \u00e7\u0131kt\u0131\u011f\u0131n\u0131 kan\u0131tlamaktad\u0131r.  *L\u00fctfen stoklar\u0131m\u0131zda bir tane olmad\u0131\u011f\u0131 s\u00fcrece y\u00fcz\u00fc\u011f\u00fcn\u00fcz\u00fcn sipari\u015f edilece\u011fini unutmay\u0131n. Bilgi almak veya sipari\u015f vermek i\u00e7in l\u00fctfen Canl\u0131 Sohbet'i kullan\u0131n veya showroom'a telefon edin.*<\/p>\n<ul>\n<li>Christian Bauer yetkili sat\u0131c\u0131s\u0131 <a href=\"https:\/\/www.purejewels.com\/tr\/product-category\/22ct-gold-jewellery\/gold-rings\/\">halkalar<\/a> Londra'da<\/li>\n<li>Christian Bauer platin alyans - 270999<\/li>\n<li>Metal: 950 Platin<\/li>\n<li>Geni\u015flik: 6.0 mm<\/li>\n<li>*Y\u00fcz\u00fc\u011f\u00fcn\u00fcz sipari\u015f edilecektir, bu nedenle teslim s\u00fcreleri hakk\u0131nda bilgi almak i\u00e7in bizimle ileti\u015fime ge\u00e7in.<\/li>\n<\/ul>\n<h2><strong>Christian Bauer'in kalite taahh\u00fcd\u00fc<br \/>\n<\/strong><\/h2>\n<p>Christian Bauer sat\u0131yoruz. <a href=\"https:\/\/www.purejewels.com\/tr\/product\/mens-22ct-gold-wedding-ring-33852\/\">nikah y\u00fcz\u00fckleri<\/a> Londra'da birka\u00e7 y\u0131ld\u0131r.  Aile \u015firketi bizimkine benziyor - kaliteye ve kendine \u00f6zg\u00fc bir esteti\u011fe ba\u011fl\u0131.  \u015e\u0131k ve modern \u00fcretim tesisleri en son teknolojiye sahip olsa da, kuyumcular son teknoloji makinelerin yan\u0131 s\u0131ra geleneksel teknikleri de kullan\u0131yor.  Sonu\u00e7 olarak ortaya son derece iyi yap\u0131lm\u0131\u015f ve elde \u015fa\u015f\u0131rt\u0131c\u0131 derecede rahat duran bir alyans koleksiyonu \u00e7\u0131k\u0131yor.<\/p>\n<p>&nbsp;<\/p>","protected":false},"excerpt":{"rendered":"<p>Efsanevi m\u00fccevher at\u00f6lyesinden temiz ve sade bir alyans.  Birinci s\u0131n\u0131f, 950 platinden \u00fcretilmi\u015ftir ve mat bir<\/p>","protected":false},"featured_media":315592,"comment_status":"open","ping_status":"closed","template":"","meta":{"_eb_attr":"","_crsspst_to_jayantr4sg-hostcom":false},"product_brand":[],"product_cat":[238,236,1229,229],"product_tag":[],"class_list":{"0":"post-3620","1":"product","2":"type-product","3":"status-publish","4":"has-post-thumbnail","6":"product_cat-christian-bauer-brands","7":"product_cat-collections","8":"product_cat-22ct-gold-jewellery","9":"product_cat-wedding-bands","11":"first","12":"outofstock","13":"taxable","14":"shipping-taxable","15":"product-type-simple","16":"add-to-wishlist-before_image"},"yoast_head":"<!-- This site is optimized with the Yoast SEO plugin v27.3 - https:\/\/yoast.com\/product\/yoast-seo-wordpress\/ -->\n<title>Christian Bauer Wedding Ring 270999 (270999)<\/title>\n<meta name=\"robots\" content=\"index, follow, max-snippet:-1, max-image-preview:large, max-video-preview:-1\" \/>\n<link rel=\"canonical\" href=\"https:\/\/www.purejewels.com\/tr\/urun\/christian-bauer-alyans-270999\/\" \/>\n<meta property=\"og:locale\" content=\"tr_TR\" \/>\n<meta property=\"og:type\" content=\"article\" \/>\n<meta property=\"og:title\" content=\"Christian Bauer Wedding Ring 270999 (270999)\" \/>\n<meta property=\"og:description\" content=\"A clean and simple wedding band from the legendary jewellery atelier.\u00a0 Crafted in top-grade, 950 platinum, it has a matte\" \/>\n<meta property=\"og:url\" content=\"https:\/\/www.purejewels.com\/tr\/urun\/christian-bauer-alyans-270999\/\" \/>\n<meta property=\"og:site_name\" content=\"PureJewels UK\" \/>\n<meta property=\"article:modified_time\" content=\"2020-12-21T17:54:21+00:00\" \/>\n<meta property=\"og:image\" content=\"https:\/\/www.purejewels.com\/wp-content\/uploads\/2020\/07\/137217138.jpg\" \/>\n\t<meta property=\"og:image:width\" content=\"600\" \/>\n\t<meta property=\"og:image:height\" content=\"600\" \/>\n\t<meta property=\"og:image:type\" content=\"image\/jpeg\" \/>\n<meta name=\"twitter:card\" content=\"summary_large_image\" \/>\n<meta name=\"twitter:label1\" content=\"Tahmini okuma s\u00fcresi\" \/>\n\t<meta name=\"twitter:data1\" content=\"1 dakika\" \/>\n<script type=\"application\/ld+json\" class=\"yoast-schema-graph\">{\"@context\":\"https:\\\/\\\/schema.org\",\"@graph\":[{\"@type\":[\"WebPage\",\"ItemPage\"],\"@id\":\"https:\\\/\\\/www.purejewels.com\\\/tr\\\/urun\\\/christian-bauer-alyans-270999\\\/\",\"url\":\"https:\\\/\\\/www.purejewels.com\\\/tr\\\/urun\\\/christian-bauer-alyans-270999\\\/\",\"name\":\"Christian Bauer Wedding Ring 270999 (270999)\",\"isPartOf\":{\"@id\":\"https:\\\/\\\/www.purejewels.com\\\/#website\"},\"primaryImageOfPage\":{\"@id\":\"https:\\\/\\\/www.purejewels.com\\\/tr\\\/urun\\\/christian-bauer-alyans-270999\\\/#primaryimage\"},\"image\":{\"@id\":\"https:\\\/\\\/www.purejewels.com\\\/tr\\\/urun\\\/christian-bauer-alyans-270999\\\/#primaryimage\"},\"thumbnailUrl\":\"https:\\\/\\\/static.purejewels.com\\\/wp-content\\\/uploads\\\/2020\\\/07\\\/137217138.jpg\",\"datePublished\":\"2017-07-19T12:16:29+00:00\",\"dateModified\":\"2020-12-21T17:54:21+00:00\",\"breadcrumb\":{\"@id\":\"https:\\\/\\\/www.purejewels.com\\\/tr\\\/urun\\\/christian-bauer-alyans-270999\\\/#breadcrumb\"},\"inLanguage\":\"tr\",\"potentialAction\":[{\"@type\":\"ReadAction\",\"target\":[\"https:\\\/\\\/www.purejewels.com\\\/tr\\\/urun\\\/christian-bauer-alyans-270999\\\/\"]}]},{\"@type\":\"ImageObject\",\"inLanguage\":\"tr\",\"@id\":\"https:\\\/\\\/www.purejewels.com\\\/tr\\\/urun\\\/christian-bauer-alyans-270999\\\/#primaryimage\",\"url\":\"https:\\\/\\\/static.purejewels.com\\\/wp-content\\\/uploads\\\/2020\\\/07\\\/137217138.jpg\",\"contentUrl\":\"https:\\\/\\\/static.purejewels.com\\\/wp-content\\\/uploads\\\/2020\\\/07\\\/137217138.jpg\",\"width\":600,\"height\":600},{\"@type\":\"BreadcrumbList\",\"@id\":\"https:\\\/\\\/www.purejewels.com\\\/tr\\\/urun\\\/christian-bauer-alyans-270999\\\/#breadcrumb\",\"itemListElement\":[{\"@type\":\"ListItem\",\"position\":1,\"name\":\"Home\",\"item\":\"https:\\\/\\\/www.purejewels.com\\\/\"},{\"@type\":\"ListItem\",\"position\":2,\"name\":\"Shop\",\"item\":\"https:\\\/\\\/www.purejewels.com\\\/shop\\\/\"},{\"@type\":\"ListItem\",\"position\":3,\"name\":\"Christian Bauer Wedding Band Ring\"}]},{\"@type\":\"WebSite\",\"@id\":\"https:\\\/\\\/www.purejewels.com\\\/#website\",\"url\":\"https:\\\/\\\/www.purejewels.com\\\/\",\"name\":\"PureJewels UK\",\"description\":\"Share the Love\",\"publisher\":{\"@id\":\"https:\\\/\\\/www.purejewels.com\\\/#organization\"},\"potentialAction\":[{\"@type\":\"SearchAction\",\"target\":{\"@type\":\"EntryPoint\",\"urlTemplate\":\"https:\\\/\\\/www.purejewels.com\\\/?s={search_term_string}\"},\"query-input\":{\"@type\":\"PropertyValueSpecification\",\"valueRequired\":true,\"valueName\":\"search_term_string\"}}],\"inLanguage\":\"tr\"},{\"@type\":\"Organization\",\"@id\":\"https:\\\/\\\/www.purejewels.com\\\/#organization\",\"name\":\"PureJewels UK\",\"url\":\"https:\\\/\\\/www.purejewels.com\\\/\",\"logo\":{\"@type\":\"ImageObject\",\"inLanguage\":\"tr\",\"@id\":\"https:\\\/\\\/www.purejewels.com\\\/#\\\/schema\\\/logo\\\/image\\\/\",\"url\":\"https:\\\/\\\/static.purejewels.com\\\/wp-content\\\/uploads\\\/2020\\\/11\\\/Logo-PJ-New-1.png\",\"contentUrl\":\"https:\\\/\\\/static.purejewels.com\\\/wp-content\\\/uploads\\\/2020\\\/11\\\/Logo-PJ-New-1.png\",\"width\":150,\"height\":80,\"caption\":\"PureJewels UK\"},\"image\":{\"@id\":\"https:\\\/\\\/www.purejewels.com\\\/#\\\/schema\\\/logo\\\/image\\\/\"}}]}<\/script>\n<!-- \/ Yoast SEO plugin. -->","yoast_head_json":{"title":"Christian Bauer Alyans 270999 (270999)","robots":{"index":"index","follow":"follow","max-snippet":"max-snippet:-1","max-image-preview":"max-image-preview:large","max-video-preview":"max-video-preview:-1"},"canonical":"https:\/\/www.purejewels.com\/tr\/urun\/christian-bauer-alyans-270999\/","og_locale":"tr_TR","og_type":"article","og_title":"Christian Bauer Wedding Ring 270999 (270999)","og_description":"A clean and simple wedding band from the legendary jewellery atelier.\u00a0 Crafted in top-grade, 950 platinum, it has a matte","og_url":"https:\/\/www.purejewels.com\/tr\/urun\/christian-bauer-alyans-270999\/","og_site_name":"PureJewels UK","article_modified_time":"2020-12-21T17:54:21+00:00","og_image":[{"width":600,"height":600,"url":"https:\/\/www.purejewels.com\/wp-content\/uploads\/2020\/07\/137217138.jpg","type":"image\/jpeg"}],"twitter_card":"summary_large_image","twitter_misc":{"Tahmini okuma s\u00fcresi":"1 dakika"},"schema":{"@context":"https:\/\/schema.org","@graph":[{"@type":["WebPage","ItemPage"],"@id":"https:\/\/www.purejewels.com\/tr\/urun\/christian-bauer-alyans-270999\/","url":"https:\/\/www.purejewels.com\/tr\/urun\/christian-bauer-alyans-270999\/","name":"Christian Bauer Alyans 270999 (270999)","isPartOf":{"@id":"https:\/\/www.purejewels.com\/#website"},"primaryImageOfPage":{"@id":"https:\/\/www.purejewels.com\/tr\/urun\/christian-bauer-alyans-270999\/#primaryimage"},"image":{"@id":"https:\/\/www.purejewels.com\/tr\/urun\/christian-bauer-alyans-270999\/#primaryimage"},"thumbnailUrl":"https:\/\/static.purejewels.com\/wp-content\/uploads\/2020\/07\/137217138.jpg","datePublished":"2017-07-19T12:16:29+00:00","dateModified":"2020-12-21T17:54:21+00:00","breadcrumb":{"@id":"https:\/\/www.purejewels.com\/tr\/urun\/christian-bauer-alyans-270999\/#breadcrumb"},"inLanguage":"tr","potentialAction":[{"@type":"ReadAction","target":["https:\/\/www.purejewels.com\/tr\/urun\/christian-bauer-alyans-270999\/"]}]},{"@type":"ImageObject","inLanguage":"tr","@id":"https:\/\/www.purejewels.com\/tr\/urun\/christian-bauer-alyans-270999\/#primaryimage","url":"https:\/\/static.purejewels.com\/wp-content\/uploads\/2020\/07\/137217138.jpg","contentUrl":"https:\/\/static.purejewels.com\/wp-content\/uploads\/2020\/07\/137217138.jpg","width":600,"height":600},{"@type":"BreadcrumbList","@id":"https:\/\/www.purejewels.com\/tr\/urun\/christian-bauer-alyans-270999\/#breadcrumb","itemListElement":[{"@type":"ListItem","position":1,"name":"Home","item":"https:\/\/www.purejewels.com\/"},{"@type":"ListItem","position":2,"name":"Shop","item":"https:\/\/www.purejewels.com\/shop\/"},{"@type":"ListItem","position":3,"name":"Christian Bauer Wedding Band Ring"}]},{"@type":"WebSite","@id":"https:\/\/www.purejewels.com\/#website","url":"https:\/\/www.purejewels.com\/","name":"PureJewels \u0130ngiltere","description":"Sevgiyi Payla\u015f\u0131n","publisher":{"@id":"https:\/\/www.purejewels.com\/#organization"},"potentialAction":[{"@type":"SearchAction","target":{"@type":"EntryPoint","urlTemplate":"https:\/\/www.purejewels.com\/?s={search_term_string}"},"query-input":{"@type":"PropertyValueSpecification","valueRequired":true,"valueName":"search_term_string"}}],"inLanguage":"tr"},{"@type":"Organization","@id":"https:\/\/www.purejewels.com\/#organization","name":"PureJewels \u0130ngiltere","url":"https:\/\/www.purejewels.com\/","logo":{"@type":"ImageObject","inLanguage":"tr","@id":"https:\/\/www.purejewels.com\/#\/schema\/logo\/image\/","url":"https:\/\/static.purejewels.com\/wp-content\/uploads\/2020\/11\/Logo-PJ-New-1.png","contentUrl":"https:\/\/static.purejewels.com\/wp-content\/uploads\/2020\/11\/Logo-PJ-New-1.png","width":150,"height":80,"caption":"PureJewels UK"},"image":{"@id":"https:\/\/www.purejewels.com\/#\/schema\/logo\/image\/"}}]}},"_links":{"self":[{"href":"https:\/\/www.purejewels.com\/tr\/wp-json\/wp\/v2\/product\/3620","targetHints":{"allow":["GET"]}}],"collection":[{"href":"https:\/\/www.purejewels.com\/tr\/wp-json\/wp\/v2\/product"}],"about":[{"href":"https:\/\/www.purejewels.com\/tr\/wp-json\/wp\/v2\/types\/product"}],"replies":[{"embeddable":true,"href":"https:\/\/www.purejewels.com\/tr\/wp-json\/wp\/v2\/comments?post=3620"}],"version-history":[{"count":0,"href":"https:\/\/www.purejewels.com\/tr\/wp-json\/wp\/v2\/product\/3620\/revisions"}],"wp:featuredmedia":[{"embeddable":true,"href":"https:\/\/www.purejewels.com\/tr\/wp-json\/wp\/v2\/media\/315592"}],"wp:attachment":[{"href":"https:\/\/www.purejewels.com\/tr\/wp-json\/wp\/v2\/media?parent=3620"}],"wp:term":[{"taxonomy":"product_brand","embeddable":true,"href":"https:\/\/www.purejewels.com\/tr\/wp-json\/wp\/v2\/product_brand?post=3620"},{"taxonomy":"product_cat","embeddable":true,"href":"https:\/\/www.purejewels.com\/tr\/wp-json\/wp\/v2\/product_cat?post=3620"},{"taxonomy":"product_tag","embeddable":true,"href":"https:\/\/www.purejewels.com\/tr\/wp-json\/wp\/v2\/product_tag?post=3620"}],"curies":[{"name":"wp","href":"https:\/\/api.w.org\/{rel}","templated":true}]}}