{"id":362672,"date":"2024-05-19T05:54:12","date_gmt":"2024-05-19T04:54:12","guid":{"rendered":"https:\/\/www.purejewels.com\/?post_type=product&#038;p=362672"},"modified":"2026-03-02T09:16:01","modified_gmt":"2026-03-02T09:16:01","slug":"rozetler-koleksi%cc%87yonu-22-ayar-altin-i%cc%87nci%cc%87li%cc%87-rani%cc%87-haar-47148","status":"publish","type":"product","link":"https:\/\/www.purejewels.com\/tr\/product\/rosettes-collection-22ct-gold-rani-haar-with-pearl-47148\/","title":{"rendered":"Rozet Koleksiyonu 22 Ayar Alt\u0131n \u0130ncili Rani Haar"},"content":{"rendered":"<p>Enfes Rozet Koleksiyonumuz ile kendinizi kraliyet ailesine b\u0131rak\u0131n <a href=\"https:\/\/www.purejewels.com\/tr\/product\/rani-haar-necklace\/\">22 Ayar Alt\u0131n Rani Haar<\/a> \u0130ncili. Saf inciden haz\u0131rlanm\u0131\u015f bu \u00e7arp\u0131c\u0131 kolye <a href=\"https:\/\/www.purejewels.com\/tr\/product\/22ct-gold-jali-filigree-ring-jali-collection-31926\/\">22ct<\/a> alt\u0131n, parlak incilerle s\u00fcslenmi\u015f rozetlerden olu\u015fan zarif bir tasar\u0131ma sahiptir. Se\u00e7ici gelinler i\u00e7in veya herhangi bir \u00f6zel g\u00fcn i\u00e7in m\u00fckemmel bir par\u00e7a.<\/p>","protected":false},"excerpt":{"rendered":"<table class=\"sh_desc\">\n<tbody>\n<tr>\n<td>Kolye Tipi<\/td>\n<td>\u0130nci ile Antik Stil Rani Haar<\/td>\n<\/tr>\n<tr>\n<td>SKU<\/td>\n<td>47148<\/td>\n<\/tr>\n<tr>\n<td>Uzunluk<\/td>\n<td>27 in\u00e7<\/td>\n<\/tr>\n<tr>\n<td>A\u011f\u0131rl\u0131k<\/td>\n<td>63,4 Gms<\/td>\n<\/tr>\n<tr>\n<td>Metal<\/td>\n<td>22 Ayar Alt\u0131n<\/td>\n<\/tr>\n<tr>\n<td>KatalogID<\/td>\n<td>R1072<\/td>\n<\/tr>\n<tr>\n<td>Hallmark<\/td>\n<td>Londra Tahlil Ofisi Taraf\u0131ndan Damgalanm\u0131\u015f 22 Ayar Alt\u0131n<\/td>\n<\/tr>\n<tr>\n<td>\u00dccretler<\/td>\n<td>Teslimat ve KDV Dahil<\/td>\n<\/tr>\n<tr>\n<td>Paketleme<\/td>\n<td>Sunum Kutusu ile Birlikte Gelir<\/td>\n<\/tr>\n<tr>\n<td>Daha Fazla Bilgi<\/td>\n<td>\n<ul>\n<li>\u015e\u0131k \u00fcr\u00fcnlerle e\u015fle\u015ftirin <strong>gerdanl\u0131k kolye<\/strong><\/li>\n<li>E\u015fle\u015ftirme <strong>K\u00fcpeler<\/strong> o m\u00fckemmel tamamlay\u0131c\u0131 k\u0131yafet<\/li>\n<li>Bu <strong>inci bileklik<\/strong> Bile\u011finize zamans\u0131z bir zarafet dokunu\u015fu katt\u0131<\/li>\n<li>M\u00fcsaitlik durumu ve daha fazla resim i\u00e7in bizimle canl\u0131 sohbet edin<\/li>\n<\/ul>\n<\/td>\n<\/tr>\n<\/tbody>\n<\/table>\n<div class=\"btn-atc atc-slide\"><\/div>\n<div class=\"product_meta\"><\/div>","protected":false},"featured_media":362909,"comment_status":"closed","ping_status":"closed","template":"","meta":{"_eb_attr":"","_crsspst_to_jayantr4sg-hostcom":false},"product_brand":[],"product_cat":[1780,1229,1253,5456,5945,1656,5275,1573,1574],"product_tag":[],"class_list":{"0":"post-362672","1":"product","2":"type-product","3":"status-publish","4":"has-post-thumbnail","6":"product_cat-antique-style-necklaces","7":"product_cat-22ct-gold-jewellery","8":"product_cat-gold-necklaces","9":"product_cat-pearl-collection","10":"product_cat-rani-haar","11":"product_cat-rosettes-collections","12":"product_cat-rosettes-necklace","13":"product_cat-wedding-gifts","14":"product_cat-womens-jewellery","16":"first","17":"instock","18":"taxable","19":"shipping-taxable","20":"purchasable","21":"product-type-simple","22":"add-to-wishlist-before_image"},"yoast_head":"<!-- This site is optimized with the Yoast SEO plugin v27.5 - https:\/\/yoast.com\/product\/yoast-seo-wordpress\/ -->\n<title>Rosettes Collection 22ct Gold Rani Haar With Pearl | PureJewels<\/title>\n<meta name=\"description\" content=\"Immerse yourself in royalty with our exquisite Rosettes Collection 22ct Gold Rani Haar With Pearl. Buy this Necklace online!\" \/>\n<meta name=\"robots\" content=\"index, follow, max-snippet:-1, max-image-preview:large, max-video-preview:-1\" \/>\n<link rel=\"canonical\" href=\"https:\/\/www.purejewels.com\/tr\/urun\/rozetler-koleksi\u0307yonu-22-ayar-altin-i\u0307nci\u0307li\u0307-rani\u0307-haar-47148\/\" \/>\n<meta property=\"og:locale\" content=\"tr_TR\" \/>\n<meta property=\"og:type\" content=\"article\" \/>\n<meta property=\"og:title\" content=\"Rosettes Collection 22ct Gold Rani Haar With Pearl | PureJewels\" \/>\n<meta property=\"og:description\" content=\"Immerse yourself in royalty with our exquisite Rosettes Collection 22ct Gold Rani Haar With Pearl. Buy this Necklace online!\" \/>\n<meta property=\"og:url\" content=\"https:\/\/www.purejewels.com\/tr\/urun\/rozetler-koleksi\u0307yonu-22-ayar-altin-i\u0307nci\u0307li\u0307-rani\u0307-haar-47148\/\" \/>\n<meta property=\"og:site_name\" content=\"PureJewels UK\" \/>\n<meta property=\"article:modified_time\" content=\"2026-03-02T09:16:01+00:00\" \/>\n<meta property=\"og:image\" content=\"https:\/\/static.purejewels.com\/wp-content\/uploads\/2024\/05\/47148-1.png\" \/>\n\t<meta property=\"og:image:width\" content=\"1000\" \/>\n\t<meta property=\"og:image:height\" content=\"1000\" \/>\n\t<meta property=\"og:image:type\" content=\"image\/png\" \/>\n<meta name=\"twitter:card\" content=\"summary_large_image\" \/>\n<meta name=\"twitter:label1\" content=\"Tahmini okuma s\u00fcresi\" \/>\n\t<meta name=\"twitter:data1\" content=\"1 dakika\" \/>\n<script type=\"application\/ld+json\" class=\"yoast-schema-graph\">{\"@context\":\"https:\\\/\\\/schema.org\",\"@graph\":[{\"@type\":[\"WebPage\",\"ItemPage\"],\"@id\":\"https:\\\/\\\/www.purejewels.com\\\/product\\\/rosettes-collection-22ct-gold-rani-haar-with-pearl-47148\\\/\",\"url\":\"https:\\\/\\\/www.purejewels.com\\\/product\\\/rosettes-collection-22ct-gold-rani-haar-with-pearl-47148\\\/\",\"name\":\"Rosettes Collection 22ct Gold Rani Haar With Pearl | PureJewels\",\"isPartOf\":{\"@id\":\"https:\\\/\\\/www.purejewels.com\\\/#website\"},\"primaryImageOfPage\":{\"@id\":\"https:\\\/\\\/www.purejewels.com\\\/product\\\/rosettes-collection-22ct-gold-rani-haar-with-pearl-47148\\\/#primaryimage\"},\"image\":{\"@id\":\"https:\\\/\\\/www.purejewels.com\\\/product\\\/rosettes-collection-22ct-gold-rani-haar-with-pearl-47148\\\/#primaryimage\"},\"thumbnailUrl\":\"https:\\\/\\\/static.purejewels.com\\\/wp-content\\\/uploads\\\/2024\\\/05\\\/47148-1.png\",\"datePublished\":\"2024-05-19T04:54:12+00:00\",\"dateModified\":\"2026-03-02T09:16:01+00:00\",\"description\":\"Immerse yourself in royalty with our exquisite Rosettes Collection 22ct Gold Rani Haar With Pearl. Buy this Necklace online!\",\"breadcrumb\":{\"@id\":\"https:\\\/\\\/www.purejewels.com\\\/product\\\/rosettes-collection-22ct-gold-rani-haar-with-pearl-47148\\\/#breadcrumb\"},\"inLanguage\":\"tr\",\"potentialAction\":[{\"@type\":\"ReadAction\",\"target\":[\"https:\\\/\\\/www.purejewels.com\\\/product\\\/rosettes-collection-22ct-gold-rani-haar-with-pearl-47148\\\/\"]}]},{\"@type\":\"ImageObject\",\"inLanguage\":\"tr\",\"@id\":\"https:\\\/\\\/www.purejewels.com\\\/product\\\/rosettes-collection-22ct-gold-rani-haar-with-pearl-47148\\\/#primaryimage\",\"url\":\"https:\\\/\\\/static.purejewels.com\\\/wp-content\\\/uploads\\\/2024\\\/05\\\/47148-1.png\",\"contentUrl\":\"https:\\\/\\\/static.purejewels.com\\\/wp-content\\\/uploads\\\/2024\\\/05\\\/47148-1.png\",\"width\":1000,\"height\":1000,\"caption\":\"22ct Gold Rani Haar\"},{\"@type\":\"BreadcrumbList\",\"@id\":\"https:\\\/\\\/www.purejewels.com\\\/product\\\/rosettes-collection-22ct-gold-rani-haar-with-pearl-47148\\\/#breadcrumb\",\"itemListElement\":[{\"@type\":\"ListItem\",\"position\":1,\"name\":\"Home\",\"item\":\"https:\\\/\\\/www.purejewels.com\\\/\"},{\"@type\":\"ListItem\",\"position\":2,\"name\":\"Shop\",\"item\":\"https:\\\/\\\/www.purejewels.com\\\/shop\\\/\"},{\"@type\":\"ListItem\",\"position\":3,\"name\":\"Rosettes Collection 22ct Gold Rani Haar With Pearl\"}]},{\"@type\":\"WebSite\",\"@id\":\"https:\\\/\\\/www.purejewels.com\\\/#website\",\"url\":\"https:\\\/\\\/www.purejewels.com\\\/\",\"name\":\"PureJewels UK\",\"description\":\"Share the Love\",\"publisher\":{\"@id\":\"https:\\\/\\\/www.purejewels.com\\\/#organization\"},\"potentialAction\":[{\"@type\":\"SearchAction\",\"target\":{\"@type\":\"EntryPoint\",\"urlTemplate\":\"https:\\\/\\\/www.purejewels.com\\\/?s={search_term_string}\"},\"query-input\":{\"@type\":\"PropertyValueSpecification\",\"valueRequired\":true,\"valueName\":\"search_term_string\"}}],\"inLanguage\":\"tr\"},{\"@type\":\"Organization\",\"@id\":\"https:\\\/\\\/www.purejewels.com\\\/#organization\",\"name\":\"PureJewels UK\",\"url\":\"https:\\\/\\\/www.purejewels.com\\\/\",\"logo\":{\"@type\":\"ImageObject\",\"inLanguage\":\"tr\",\"@id\":\"https:\\\/\\\/www.purejewels.com\\\/#\\\/schema\\\/logo\\\/image\\\/\",\"url\":\"https:\\\/\\\/static.purejewels.com\\\/wp-content\\\/uploads\\\/2020\\\/11\\\/Logo-PJ-New-1.png\",\"contentUrl\":\"https:\\\/\\\/static.purejewels.com\\\/wp-content\\\/uploads\\\/2020\\\/11\\\/Logo-PJ-New-1.png\",\"width\":150,\"height\":80,\"caption\":\"PureJewels UK\"},\"image\":{\"@id\":\"https:\\\/\\\/www.purejewels.com\\\/#\\\/schema\\\/logo\\\/image\\\/\"}}]}<\/script>\n<!-- \/ Yoast SEO plugin. -->","yoast_head_json":{"title":"Rozet Koleksiyonu 22 Ayar Alt\u0131n Rani Haar \u0130ncili | PureJewels","description":"Zarif Rozet Koleksiyonumuz 22 Ayar Alt\u0131n \u0130ncili Rani Haar ile kendinizi kraliyet ailesine b\u0131rak\u0131n. Bu kolyeyi online sat\u0131n al\u0131n!","robots":{"index":"index","follow":"follow","max-snippet":"max-snippet:-1","max-image-preview":"max-image-preview:large","max-video-preview":"max-video-preview:-1"},"canonical":"https:\/\/www.purejewels.com\/tr\/urun\/rozetler-koleksi\u0307yonu-22-ayar-altin-i\u0307nci\u0307li\u0307-rani\u0307-haar-47148\/","og_locale":"tr_TR","og_type":"article","og_title":"Rosettes Collection 22ct Gold Rani Haar With Pearl | PureJewels","og_description":"Immerse yourself in royalty with our exquisite Rosettes Collection 22ct Gold Rani Haar With Pearl. Buy this Necklace online!","og_url":"https:\/\/www.purejewels.com\/tr\/urun\/rozetler-koleksi\u0307yonu-22-ayar-altin-i\u0307nci\u0307li\u0307-rani\u0307-haar-47148\/","og_site_name":"PureJewels UK","article_modified_time":"2026-03-02T09:16:01+00:00","og_image":[{"width":1000,"height":1000,"url":"https:\/\/static.purejewels.com\/wp-content\/uploads\/2024\/05\/47148-1.png","type":"image\/png"}],"twitter_card":"summary_large_image","twitter_misc":{"Tahmini okuma s\u00fcresi":"1 dakika"},"schema":{"@context":"https:\/\/schema.org","@graph":[{"@type":["WebPage","ItemPage"],"@id":"https:\/\/www.purejewels.com\/product\/rosettes-collection-22ct-gold-rani-haar-with-pearl-47148\/","url":"https:\/\/www.purejewels.com\/product\/rosettes-collection-22ct-gold-rani-haar-with-pearl-47148\/","name":"Rozet Koleksiyonu 22 Ayar Alt\u0131n Rani Haar \u0130ncili | PureJewels","isPartOf":{"@id":"https:\/\/www.purejewels.com\/#website"},"primaryImageOfPage":{"@id":"https:\/\/www.purejewels.com\/product\/rosettes-collection-22ct-gold-rani-haar-with-pearl-47148\/#primaryimage"},"image":{"@id":"https:\/\/www.purejewels.com\/product\/rosettes-collection-22ct-gold-rani-haar-with-pearl-47148\/#primaryimage"},"thumbnailUrl":"https:\/\/static.purejewels.com\/wp-content\/uploads\/2024\/05\/47148-1.png","datePublished":"2024-05-19T04:54:12+00:00","dateModified":"2026-03-02T09:16:01+00:00","description":"Zarif Rozet Koleksiyonumuz 22 Ayar Alt\u0131n \u0130ncili Rani Haar ile kendinizi kraliyet ailesine b\u0131rak\u0131n. Bu kolyeyi online sat\u0131n al\u0131n!","breadcrumb":{"@id":"https:\/\/www.purejewels.com\/product\/rosettes-collection-22ct-gold-rani-haar-with-pearl-47148\/#breadcrumb"},"inLanguage":"tr","potentialAction":[{"@type":"ReadAction","target":["https:\/\/www.purejewels.com\/product\/rosettes-collection-22ct-gold-rani-haar-with-pearl-47148\/"]}]},{"@type":"ImageObject","inLanguage":"tr","@id":"https:\/\/www.purejewels.com\/product\/rosettes-collection-22ct-gold-rani-haar-with-pearl-47148\/#primaryimage","url":"https:\/\/static.purejewels.com\/wp-content\/uploads\/2024\/05\/47148-1.png","contentUrl":"https:\/\/static.purejewels.com\/wp-content\/uploads\/2024\/05\/47148-1.png","width":1000,"height":1000,"caption":"22ct Gold Rani Haar"},{"@type":"BreadcrumbList","@id":"https:\/\/www.purejewels.com\/product\/rosettes-collection-22ct-gold-rani-haar-with-pearl-47148\/#breadcrumb","itemListElement":[{"@type":"ListItem","position":1,"name":"Home","item":"https:\/\/www.purejewels.com\/"},{"@type":"ListItem","position":2,"name":"Shop","item":"https:\/\/www.purejewels.com\/shop\/"},{"@type":"ListItem","position":3,"name":"Rosettes Collection 22ct Gold Rani Haar With Pearl"}]},{"@type":"WebSite","@id":"https:\/\/www.purejewels.com\/#website","url":"https:\/\/www.purejewels.com\/","name":"PureJewels \u0130ngiltere","description":"Sevgiyi Payla\u015f\u0131n","publisher":{"@id":"https:\/\/www.purejewels.com\/#organization"},"potentialAction":[{"@type":"SearchAction","target":{"@type":"EntryPoint","urlTemplate":"https:\/\/www.purejewels.com\/?s={search_term_string}"},"query-input":{"@type":"PropertyValueSpecification","valueRequired":true,"valueName":"search_term_string"}}],"inLanguage":"tr"},{"@type":"Organization","@id":"https:\/\/www.purejewels.com\/#organization","name":"PureJewels \u0130ngiltere","url":"https:\/\/www.purejewels.com\/","logo":{"@type":"ImageObject","inLanguage":"tr","@id":"https:\/\/www.purejewels.com\/#\/schema\/logo\/image\/","url":"https:\/\/static.purejewels.com\/wp-content\/uploads\/2020\/11\/Logo-PJ-New-1.png","contentUrl":"https:\/\/static.purejewels.com\/wp-content\/uploads\/2020\/11\/Logo-PJ-New-1.png","width":150,"height":80,"caption":"PureJewels UK"},"image":{"@id":"https:\/\/www.purejewels.com\/#\/schema\/logo\/image\/"}}]}},"_links":{"self":[{"href":"https:\/\/www.purejewels.com\/tr\/wp-json\/wp\/v2\/product\/362672","targetHints":{"allow":["GET"]}}],"collection":[{"href":"https:\/\/www.purejewels.com\/tr\/wp-json\/wp\/v2\/product"}],"about":[{"href":"https:\/\/www.purejewels.com\/tr\/wp-json\/wp\/v2\/types\/product"}],"replies":[{"embeddable":true,"href":"https:\/\/www.purejewels.com\/tr\/wp-json\/wp\/v2\/comments?post=362672"}],"version-history":[{"count":3,"href":"https:\/\/www.purejewels.com\/tr\/wp-json\/wp\/v2\/product\/362672\/revisions"}],"predecessor-version":[{"id":388269,"href":"https:\/\/www.purejewels.com\/tr\/wp-json\/wp\/v2\/product\/362672\/revisions\/388269"}],"wp:featuredmedia":[{"embeddable":true,"href":"https:\/\/www.purejewels.com\/tr\/wp-json\/wp\/v2\/media\/362909"}],"wp:attachment":[{"href":"https:\/\/www.purejewels.com\/tr\/wp-json\/wp\/v2\/media?parent=362672"}],"wp:term":[{"taxonomy":"product_brand","embeddable":true,"href":"https:\/\/www.purejewels.com\/tr\/wp-json\/wp\/v2\/product_brand?post=362672"},{"taxonomy":"product_cat","embeddable":true,"href":"https:\/\/www.purejewels.com\/tr\/wp-json\/wp\/v2\/product_cat?post=362672"},{"taxonomy":"product_tag","embeddable":true,"href":"https:\/\/www.purejewels.com\/tr\/wp-json\/wp\/v2\/product_tag?post=362672"}],"curies":[{"name":"wp","href":"https:\/\/api.w.org\/{rel}","templated":true}]}}