{"id":362703,"date":"2026-01-15T12:22:11","date_gmt":"2026-01-15T12:22:11","guid":{"rendered":"https:\/\/www.purejewels.com\/?post_type=product&#038;p=362703"},"modified":"2026-01-29T00:35:18","modified_gmt":"2026-01-29T00:35:18","slug":"22-ayar-gundogumu-altin-kalp-anahtar-kolye-47753","status":"publish","type":"product","link":"https:\/\/www.purejewels.com\/tr\/product\/22ct-sunrise-gold-heart-key-pendant-47753\/","title":{"rendered":"22 Ayar G\u00fcndo\u011fumu Alt\u0131n Kalp Anahtar Kolye | Fine Jewellery"},"content":{"rendered":"<p data-start=\"383\" data-end=\"716\"><strong data-start=\"383\" data-end=\"401\">Tasar\u0131m Konsepti<\/strong><br data-start=\"401\" data-end=\"404\" \/>Bu sark\u0131t, kalbin yumu\u015fakl\u0131\u011f\u0131 ile anahtar\u0131n sembolizmini bir araya getirerek daha derin ve kal\u0131c\u0131 bir \u015feyi a\u00e7an a\u015fk\u0131 temsil eder. Ak\u0131c\u0131 k\u0131vr\u0131mlar\u0131 ve a\u00e7\u0131k formu, duygusal \u00f6nemini korurken tasar\u0131ma hafif, \u00e7a\u011fda\u015f bir his verir. G\u00fcnl\u00fck samimiyet i\u00e7in yap\u0131lm\u0131\u015f ince ama etkileyici bir par\u00e7a.<\/p>\n<p data-start=\"718\" data-end=\"997\"><strong data-start=\"718\" data-end=\"735\"><a href=\"https:\/\/www.purejewels.com\/tr\/a-guide-to-die-stamping\/\">Zanaatkarl\u0131k<\/a><\/strong><br data-start=\"735\" data-end=\"738\" \/>P\u00fcr\u00fczs\u00fcz cilal\u0131 ince alt\u0131ndan \u00fcretilen kolye ucu, tak\u0131ld\u0131\u011f\u0131nda denge ve rahatl\u0131k sa\u011flamak i\u00e7in \u00f6zenle \u015fekillendirilmi\u015ftir. Her bir par\u00e7a \u0130ngiltere'de damgalanarak alt\u0131n\u0131n safl\u0131\u011f\u0131 ve kalitesi belgelenir ve zincire d\u00fczg\u00fcn bir \u015fekilde oturacak \u015fekilde tasarlanm\u0131\u015f g\u00fcvenli bir kefaletle tamamlan\u0131r.<\/p>\n<p data-start=\"999\" data-end=\"1290\" data-is-last-node=\"\" data-is-only-node=\"\"><strong data-start=\"999\" data-end=\"1016\">Stil Fikirleri<\/strong><br data-start=\"1016\" data-end=\"1019\" \/>Sade bir g\u00fcnl\u00fck g\u00f6r\u00fcn\u00fcm i\u00e7in ince bir alt\u0131n zincir \u00fczerinde tek ba\u015f\u0131na tak\u0131n veya daha fazla derinlik i\u00e7in narin kolyelerle katmanlay\u0131n. Sevgililer G\u00fcn\u00fc i\u00e7in alt\u0131n tak\u0131 olarak ideal olan bu \u00fcr\u00fcn ayn\u0131 zamanda y\u0131ld\u00f6n\u00fcmleri, do\u011fum g\u00fcnleri veya ba\u011f ve g\u00fcveni kutlayan anlar i\u00e7in de d\u00fc\u015f\u00fcnceli bir hediyedir.<\/p>","protected":false},"excerpt":{"rendered":"<p>Sevgi, g\u00fcven ve ba\u011flant\u0131y\u0131 simgeleyen, g\u00fcndo\u011fumu alt\u0131n\u0131yla i\u015flenmi\u015f zarif bir kalp anahtar kolye ucu. Kalbe yak\u0131n bir yere tak\u0131lmak \u00fczere tasarlanan bu par\u00e7a, kal\u0131c\u0131 bir duru\u015fa sahip anlaml\u0131 bir Sevgililer G\u00fcn\u00fc hediyesidir.<\/p>\n<p><strong>Malzeme:\u00a0<\/strong>22 ayar Sunrise Gold (91,6% Saf Alt\u0131n)<br \/>\n<strong>Hallmark:\u00a0<\/strong>\u0130ngiliz Damgas\u0131<br \/>\n<strong>Br\u00fct A\u011f\u0131rl\u0131k: <\/strong>2.3 Gms<br \/>\n<strong>SKU:<\/strong> 47753<\/p>\n<p><strong>Fiyat ve Teslimat:\u00a0<\/strong>KDV ve teslimat \u00fccretleri dahil<br \/>\nZincir dahil de\u011fildir.<br \/>\n<strong><a href=\"https:\/\/www.purejewels.com\/tr\/i%cc%87ade-poli%cc%87ti%cc%87kasi\/\">\u0130ade Politikas\u0131<\/a><\/strong><\/p>","protected":false},"featured_media":362844,"comment_status":"closed","ping_status":"closed","template":"","meta":{"_eb_attr":"","_crsspst_to_jayantr4sg-hostcom":false},"product_brand":[],"product_cat":[1559,1770,1229,1255,5683,5343,1575,1569,1574],"product_tag":[],"class_list":{"0":"post-362703","1":"product","2":"type-product","3":"status-publish","4":"has-post-thumbnail","6":"product_cat-birthday-gifts","7":"product_cat-fancy-pendants","8":"product_cat-22ct-gold-jewellery","9":"product_cat-gold-pendants","10":"product_cat-heart-pendant","11":"product_cat-jewellery-under-550","12":"product_cat-teenage-jewellery","13":"product_cat-valentine-day-gifts","14":"product_cat-womens-jewellery","16":"first","17":"outofstock","18":"taxable","19":"shipping-taxable","20":"product-type-simple","21":"add-to-wishlist-before_image"},"yoast_head":"<!-- This site is optimized with the Yoast SEO plugin v27.5 - https:\/\/yoast.com\/product\/yoast-seo-wordpress\/ -->\n<title>22ct Sunrise Gold Heart Key Pendant | PureJewels UK<\/title>\n<meta name=\"description\" content=\"Unlock your heart&#039;s desires with the 22ct Sunrise Gold Heart Key Pendant. Wear this pendant as a reminder to follow your heart and chase your dreams.\" \/>\n<meta name=\"robots\" content=\"index, follow, max-snippet:-1, max-image-preview:large, max-video-preview:-1\" \/>\n<link rel=\"canonical\" href=\"https:\/\/www.purejewels.com\/tr\/urun\/22-ayar-gundogumu-altin-kalp-anahtar-kolye-47753\/\" \/>\n<meta property=\"og:locale\" content=\"tr_TR\" \/>\n<meta property=\"og:type\" content=\"article\" \/>\n<meta property=\"og:title\" content=\"22ct Sunrise Gold Heart Key Pendant | PureJewels UK\" \/>\n<meta property=\"og:description\" content=\"Unlock your heart&#039;s desires with the 22ct Sunrise Gold Heart Key Pendant. Wear this pendant as a reminder to follow your heart and chase your dreams.\" \/>\n<meta property=\"og:url\" content=\"https:\/\/www.purejewels.com\/tr\/urun\/22-ayar-gundogumu-altin-kalp-anahtar-kolye-47753\/\" \/>\n<meta property=\"og:site_name\" content=\"PureJewels UK\" \/>\n<meta property=\"article:modified_time\" content=\"2026-01-29T00:35:18+00:00\" \/>\n<meta property=\"og:image\" content=\"https:\/\/static.purejewels.com\/wp-content\/uploads\/2024\/05\/47753.png\" \/>\n\t<meta property=\"og:image:width\" content=\"1000\" \/>\n\t<meta property=\"og:image:height\" content=\"1000\" \/>\n\t<meta property=\"og:image:type\" content=\"image\/png\" \/>\n<meta name=\"twitter:card\" content=\"summary_large_image\" \/>\n<meta name=\"twitter:label1\" content=\"Tahmini okuma s\u00fcresi\" \/>\n\t<meta name=\"twitter:data1\" content=\"1 dakika\" \/>\n<script type=\"application\/ld+json\" class=\"yoast-schema-graph\">{\"@context\":\"https:\\\/\\\/schema.org\",\"@graph\":[{\"@type\":[\"WebPage\",\"ItemPage\"],\"@id\":\"https:\\\/\\\/www.purejewels.com\\\/product\\\/22ct-sunrise-gold-heart-key-pendant-47753\\\/\",\"url\":\"https:\\\/\\\/www.purejewels.com\\\/product\\\/22ct-sunrise-gold-heart-key-pendant-47753\\\/\",\"name\":\"22ct Sunrise Gold Heart Key Pendant | PureJewels UK\",\"isPartOf\":{\"@id\":\"https:\\\/\\\/www.purejewels.com\\\/#website\"},\"primaryImageOfPage\":{\"@id\":\"https:\\\/\\\/www.purejewels.com\\\/product\\\/22ct-sunrise-gold-heart-key-pendant-47753\\\/#primaryimage\"},\"image\":{\"@id\":\"https:\\\/\\\/www.purejewels.com\\\/product\\\/22ct-sunrise-gold-heart-key-pendant-47753\\\/#primaryimage\"},\"thumbnailUrl\":\"https:\\\/\\\/static.purejewels.com\\\/wp-content\\\/uploads\\\/2024\\\/05\\\/47753.png\",\"datePublished\":\"2026-01-15T12:22:11+00:00\",\"dateModified\":\"2026-01-29T00:35:18+00:00\",\"description\":\"Unlock your heart's desires with the 22ct Sunrise Gold Heart Key Pendant. Wear this pendant as a reminder to follow your heart and chase your dreams.\",\"breadcrumb\":{\"@id\":\"https:\\\/\\\/www.purejewels.com\\\/product\\\/22ct-sunrise-gold-heart-key-pendant-47753\\\/#breadcrumb\"},\"inLanguage\":\"tr\",\"potentialAction\":[{\"@type\":\"ReadAction\",\"target\":[\"https:\\\/\\\/www.purejewels.com\\\/product\\\/22ct-sunrise-gold-heart-key-pendant-47753\\\/\"]}]},{\"@type\":\"ImageObject\",\"inLanguage\":\"tr\",\"@id\":\"https:\\\/\\\/www.purejewels.com\\\/product\\\/22ct-sunrise-gold-heart-key-pendant-47753\\\/#primaryimage\",\"url\":\"https:\\\/\\\/static.purejewels.com\\\/wp-content\\\/uploads\\\/2024\\\/05\\\/47753.png\",\"contentUrl\":\"https:\\\/\\\/static.purejewels.com\\\/wp-content\\\/uploads\\\/2024\\\/05\\\/47753.png\",\"width\":1000,\"height\":1000,\"caption\":\"22ct Gold Key Heart Pendant\"},{\"@type\":\"BreadcrumbList\",\"@id\":\"https:\\\/\\\/www.purejewels.com\\\/product\\\/22ct-sunrise-gold-heart-key-pendant-47753\\\/#breadcrumb\",\"itemListElement\":[{\"@type\":\"ListItem\",\"position\":1,\"name\":\"Home\",\"item\":\"https:\\\/\\\/www.purejewels.com\\\/\"},{\"@type\":\"ListItem\",\"position\":2,\"name\":\"Shop\",\"item\":\"https:\\\/\\\/www.purejewels.com\\\/shop\\\/\"},{\"@type\":\"ListItem\",\"position\":3,\"name\":\"22ct Sunrise Gold Heart Key Pendant | Fine Jewellery\"}]},{\"@type\":\"WebSite\",\"@id\":\"https:\\\/\\\/www.purejewels.com\\\/#website\",\"url\":\"https:\\\/\\\/www.purejewels.com\\\/\",\"name\":\"PureJewels UK\",\"description\":\"Share the Love\",\"publisher\":{\"@id\":\"https:\\\/\\\/www.purejewels.com\\\/#organization\"},\"potentialAction\":[{\"@type\":\"SearchAction\",\"target\":{\"@type\":\"EntryPoint\",\"urlTemplate\":\"https:\\\/\\\/www.purejewels.com\\\/?s={search_term_string}\"},\"query-input\":{\"@type\":\"PropertyValueSpecification\",\"valueRequired\":true,\"valueName\":\"search_term_string\"}}],\"inLanguage\":\"tr\"},{\"@type\":\"Organization\",\"@id\":\"https:\\\/\\\/www.purejewels.com\\\/#organization\",\"name\":\"PureJewels UK\",\"url\":\"https:\\\/\\\/www.purejewels.com\\\/\",\"logo\":{\"@type\":\"ImageObject\",\"inLanguage\":\"tr\",\"@id\":\"https:\\\/\\\/www.purejewels.com\\\/#\\\/schema\\\/logo\\\/image\\\/\",\"url\":\"https:\\\/\\\/static.purejewels.com\\\/wp-content\\\/uploads\\\/2020\\\/11\\\/Logo-PJ-New-1.png\",\"contentUrl\":\"https:\\\/\\\/static.purejewels.com\\\/wp-content\\\/uploads\\\/2020\\\/11\\\/Logo-PJ-New-1.png\",\"width\":150,\"height\":80,\"caption\":\"PureJewels UK\"},\"image\":{\"@id\":\"https:\\\/\\\/www.purejewels.com\\\/#\\\/schema\\\/logo\\\/image\\\/\"}}]}<\/script>\n<!-- \/ Yoast SEO plugin. -->","yoast_head_json":{"title":"22 Ayar G\u00fcndo\u011fumu Alt\u0131n Kalp Anahtar Kolye | PureJewels UK","description":"22ct Sunrise Alt\u0131n Kalp Anahtar Kolye ile kalbinizin arzular\u0131n\u0131n kilidini a\u00e7\u0131n. Bu kolyeyi kalbinizin sesini dinlemenizi ve hayallerinizin pe\u015finden gitmenizi hat\u0131rlatmas\u0131 i\u00e7in tak\u0131n.","robots":{"index":"index","follow":"follow","max-snippet":"max-snippet:-1","max-image-preview":"max-image-preview:large","max-video-preview":"max-video-preview:-1"},"canonical":"https:\/\/www.purejewels.com\/tr\/urun\/22-ayar-gundogumu-altin-kalp-anahtar-kolye-47753\/","og_locale":"tr_TR","og_type":"article","og_title":"22ct Sunrise Gold Heart Key Pendant | PureJewels UK","og_description":"Unlock your heart's desires with the 22ct Sunrise Gold Heart Key Pendant. Wear this pendant as a reminder to follow your heart and chase your dreams.","og_url":"https:\/\/www.purejewels.com\/tr\/urun\/22-ayar-gundogumu-altin-kalp-anahtar-kolye-47753\/","og_site_name":"PureJewels UK","article_modified_time":"2026-01-29T00:35:18+00:00","og_image":[{"width":1000,"height":1000,"url":"https:\/\/static.purejewels.com\/wp-content\/uploads\/2024\/05\/47753.png","type":"image\/png"}],"twitter_card":"summary_large_image","twitter_misc":{"Tahmini okuma s\u00fcresi":"1 dakika"},"schema":{"@context":"https:\/\/schema.org","@graph":[{"@type":["WebPage","ItemPage"],"@id":"https:\/\/www.purejewels.com\/product\/22ct-sunrise-gold-heart-key-pendant-47753\/","url":"https:\/\/www.purejewels.com\/product\/22ct-sunrise-gold-heart-key-pendant-47753\/","name":"22 Ayar G\u00fcndo\u011fumu Alt\u0131n Kalp Anahtar Kolye | PureJewels UK","isPartOf":{"@id":"https:\/\/www.purejewels.com\/#website"},"primaryImageOfPage":{"@id":"https:\/\/www.purejewels.com\/product\/22ct-sunrise-gold-heart-key-pendant-47753\/#primaryimage"},"image":{"@id":"https:\/\/www.purejewels.com\/product\/22ct-sunrise-gold-heart-key-pendant-47753\/#primaryimage"},"thumbnailUrl":"https:\/\/static.purejewels.com\/wp-content\/uploads\/2024\/05\/47753.png","datePublished":"2026-01-15T12:22:11+00:00","dateModified":"2026-01-29T00:35:18+00:00","description":"22ct Sunrise Alt\u0131n Kalp Anahtar Kolye ile kalbinizin arzular\u0131n\u0131n kilidini a\u00e7\u0131n. Bu kolyeyi kalbinizin sesini dinlemenizi ve hayallerinizin pe\u015finden gitmenizi hat\u0131rlatmas\u0131 i\u00e7in tak\u0131n.","breadcrumb":{"@id":"https:\/\/www.purejewels.com\/product\/22ct-sunrise-gold-heart-key-pendant-47753\/#breadcrumb"},"inLanguage":"tr","potentialAction":[{"@type":"ReadAction","target":["https:\/\/www.purejewels.com\/product\/22ct-sunrise-gold-heart-key-pendant-47753\/"]}]},{"@type":"ImageObject","inLanguage":"tr","@id":"https:\/\/www.purejewels.com\/product\/22ct-sunrise-gold-heart-key-pendant-47753\/#primaryimage","url":"https:\/\/static.purejewels.com\/wp-content\/uploads\/2024\/05\/47753.png","contentUrl":"https:\/\/static.purejewels.com\/wp-content\/uploads\/2024\/05\/47753.png","width":1000,"height":1000,"caption":"22ct Gold Key Heart Pendant"},{"@type":"BreadcrumbList","@id":"https:\/\/www.purejewels.com\/product\/22ct-sunrise-gold-heart-key-pendant-47753\/#breadcrumb","itemListElement":[{"@type":"ListItem","position":1,"name":"Home","item":"https:\/\/www.purejewels.com\/"},{"@type":"ListItem","position":2,"name":"Shop","item":"https:\/\/www.purejewels.com\/shop\/"},{"@type":"ListItem","position":3,"name":"22ct Sunrise Gold Heart Key Pendant | Fine Jewellery"}]},{"@type":"WebSite","@id":"https:\/\/www.purejewels.com\/#website","url":"https:\/\/www.purejewels.com\/","name":"PureJewels \u0130ngiltere","description":"Sevgiyi Payla\u015f\u0131n","publisher":{"@id":"https:\/\/www.purejewels.com\/#organization"},"potentialAction":[{"@type":"SearchAction","target":{"@type":"EntryPoint","urlTemplate":"https:\/\/www.purejewels.com\/?s={search_term_string}"},"query-input":{"@type":"PropertyValueSpecification","valueRequired":true,"valueName":"search_term_string"}}],"inLanguage":"tr"},{"@type":"Organization","@id":"https:\/\/www.purejewels.com\/#organization","name":"PureJewels \u0130ngiltere","url":"https:\/\/www.purejewels.com\/","logo":{"@type":"ImageObject","inLanguage":"tr","@id":"https:\/\/www.purejewels.com\/#\/schema\/logo\/image\/","url":"https:\/\/static.purejewels.com\/wp-content\/uploads\/2020\/11\/Logo-PJ-New-1.png","contentUrl":"https:\/\/static.purejewels.com\/wp-content\/uploads\/2020\/11\/Logo-PJ-New-1.png","width":150,"height":80,"caption":"PureJewels UK"},"image":{"@id":"https:\/\/www.purejewels.com\/#\/schema\/logo\/image\/"}}]}},"_links":{"self":[{"href":"https:\/\/www.purejewels.com\/tr\/wp-json\/wp\/v2\/product\/362703","targetHints":{"allow":["GET"]}}],"collection":[{"href":"https:\/\/www.purejewels.com\/tr\/wp-json\/wp\/v2\/product"}],"about":[{"href":"https:\/\/www.purejewels.com\/tr\/wp-json\/wp\/v2\/types\/product"}],"replies":[{"embeddable":true,"href":"https:\/\/www.purejewels.com\/tr\/wp-json\/wp\/v2\/comments?post=362703"}],"version-history":[{"count":4,"href":"https:\/\/www.purejewels.com\/tr\/wp-json\/wp\/v2\/product\/362703\/revisions"}],"predecessor-version":[{"id":424386,"href":"https:\/\/www.purejewels.com\/tr\/wp-json\/wp\/v2\/product\/362703\/revisions\/424386"}],"wp:featuredmedia":[{"embeddable":true,"href":"https:\/\/www.purejewels.com\/tr\/wp-json\/wp\/v2\/media\/362844"}],"wp:attachment":[{"href":"https:\/\/www.purejewels.com\/tr\/wp-json\/wp\/v2\/media?parent=362703"}],"wp:term":[{"taxonomy":"product_brand","embeddable":true,"href":"https:\/\/www.purejewels.com\/tr\/wp-json\/wp\/v2\/product_brand?post=362703"},{"taxonomy":"product_cat","embeddable":true,"href":"https:\/\/www.purejewels.com\/tr\/wp-json\/wp\/v2\/product_cat?post=362703"},{"taxonomy":"product_tag","embeddable":true,"href":"https:\/\/www.purejewels.com\/tr\/wp-json\/wp\/v2\/product_tag?post=362703"}],"curies":[{"name":"wp","href":"https:\/\/api.w.org\/{rel}","templated":true}]}}