{"id":362740,"date":"2024-05-16T10:43:35","date_gmt":"2024-05-16T09:43:35","guid":{"rendered":"https:\/\/www.purejewels.com\/?post_type=product&#038;p=362740"},"modified":"2026-01-30T07:33:22","modified_gmt":"2026-01-30T07:33:22","slug":"22-ayar-gundogumu-altin-drangonfly-motifli-kolye-48467","status":"publish","type":"product","link":"https:\/\/www.purejewels.com\/tr\/product\/22ct-sunrise-gold-drangonfly-motif-necklace-48467\/","title":{"rendered":"22 Ayar G\u00fcndo\u011fumu Alt\u0131n Drangonfly Motifli Kolye"},"content":{"rendered":"<p>Yusuf\u00e7u\u011fun \u0131\u015f\u0131lt\u0131l\u0131 g\u00fczelli\u011finden ve iyi talihi simgelemesinden ilham alan <a href=\"https:\/\/www.purejewels.com\/tr\/product\/22ct-gold-jali-filigree-ring-jali-collection-31926\/\">22ct<\/a> Sunrise Alt\u0131n Yusuf\u00e7uk Motifli Kolye, cesur ya\u015famay\u0131 ve her f\u0131rsat\u0131 de\u011ferlendirmeyi te\u015fvik eder. Bu zarif par\u00e7a sizi hayat\u0131n ge\u00e7ici ihti\u015fam\u0131n\u0131 kutlamaya davet ediyor ve ger\u00e7ek bollu\u011fun \u015fimdiki anda bulundu\u011funu hat\u0131rlat\u0131yor. \u015eimdinin g\u00fczelli\u011fini kucaklay\u0131n ve bu kolyenin sizin lezzet ve ne\u015feli ruh ambleminiz olmas\u0131na izin verin.<\/p>\n<p>\u00dcr\u00fcn Detaylar\u0131:<\/p>\n<ul>\n<li><strong>Uzunluk:<\/strong> 16 in\u00e7<\/li>\n<li><strong>Metal:<\/strong> 22ct Sunrise Gold, yeni bir <a href=\"https:\/\/www.purejewels.com\/tr\/precious-metals-in-jewelry-making\/\">ala\u015f\u0131m<\/a> i\u00e7inde yarat\u0131ld\u0131 <a href=\"https:\/\/www.purejewels.com\/tr\/product\/holy-cross-gold-pendant-44713\/\">22 ayar alt\u0131n<\/a><\/li>\n<li><strong>Renk:<\/strong> 22 ayar G\u00fcn Do\u011fumu Alt\u0131n\u0131 g\u00fcn do\u011fumu rengini an\u0131msat\u0131r. Bu e\u015fsiz ala\u015f\u0131m, parlakl\u0131\u011f\u0131n\u0131 ve derinli\u011fini korurken hafif bir g\u00f6lge sunar. Rengi, farkl\u0131 cilt tonlar\u0131yla g\u00fczel bir uyum sa\u011flayarak onu kapsay\u0131c\u0131 bir se\u00e7im haline getirir.<\/li>\n<\/ul>\n<p>Katmanl\u0131 bir g\u00f6r\u00fcn\u00fcm i\u00e7in bu k\u0131sa kolye ucu zincir kolyeyi kement kolye ile e\u015fle\u015ftirin.<\/p>","protected":false},"excerpt":{"rendered":"<table class=\"sh_desc\">\n<tbody>\n<tr>\n<td>Kolye Tipi<\/td>\n<td>S\u00fcsl\u00fc Kolye<\/td>\n<\/tr>\n<tr>\n<td>SKU<\/td>\n<td>48467<\/td>\n<\/tr>\n<tr>\n<td>A\u011f\u0131rl\u0131k<\/td>\n<td>4.6 Gms<\/td>\n<\/tr>\n<tr>\n<td>Uzunluk<\/td>\n<td>16 \u0130n\u00e7<\/td>\n<\/tr>\n<tr>\n<td>Metal<\/td>\n<td>22 Ayar G\u00fcndo\u011fumu Alt\u0131n<\/td>\n<\/tr>\n<tr>\n<td>\u00dccretler<\/td>\n<td>Teslimat ve KDV Dahil<\/td>\n<\/tr>\n<tr>\n<td>Paketleme<\/td>\n<td>Sunum Kutusu ile Birlikte Gelir<\/td>\n<\/tr>\n<tr>\n<td>Daha Fazla Bilgi<\/td>\n<td>M\u00fcsaitlik durumu ve daha fazla resim i\u00e7in bizimle canl\u0131 sohbet edin<\/td>\n<\/tr>\n<\/tbody>\n<\/table>\n<div class=\"btn-atc atc-slide\"><\/div>\n<div class=\"product_meta\"><\/div>","protected":false},"featured_media":362889,"comment_status":"closed","ping_status":"closed","template":"","meta":{"_eb_attr":"","_crsspst_to_jayantr4sg-hostcom":false},"product_brand":[],"product_cat":[1229,1253,5902,5762,1778,1569],"product_tag":[],"class_list":{"0":"post-362740","1":"product","2":"type-product","3":"status-publish","4":"has-post-thumbnail","6":"product_cat-22ct-gold-jewellery","7":"product_cat-gold-necklaces","8":"product_cat-lariat-necklace","9":"product_cat-samaa-collection","10":"product_cat-short-necklaces","11":"product_cat-valentine-day-gifts","13":"first","14":"instock","15":"taxable","16":"shipping-taxable","17":"purchasable","18":"product-type-simple","19":"add-to-wishlist-before_image"},"yoast_head":"<!-- This site is optimized with the Yoast SEO plugin v27.5 - https:\/\/yoast.com\/product\/yoast-seo-wordpress\/ -->\n<title>22ct Sunrise Gold Drangonfly Motif Necklace | PureJewels UK<\/title>\n<meta name=\"description\" content=\"Browse our 22ct Sunrise Gold Dragonfly Motif Necklace. A symbol of new beginnings, it&#039;s the perfect piece for those seeking self-realization.\" \/>\n<meta name=\"robots\" content=\"index, follow, max-snippet:-1, max-image-preview:large, max-video-preview:-1\" \/>\n<link rel=\"canonical\" href=\"https:\/\/www.purejewels.com\/tr\/urun\/22-ayar-gundogumu-altin-drangonfly-motifli-kolye-48467\/\" \/>\n<meta property=\"og:locale\" content=\"tr_TR\" \/>\n<meta property=\"og:type\" content=\"article\" \/>\n<meta property=\"og:title\" content=\"22ct Sunrise Gold Drangonfly Motif Necklace | PureJewels UK\" \/>\n<meta property=\"og:description\" content=\"Browse our 22ct Sunrise Gold Dragonfly Motif Necklace. A symbol of new beginnings, it&#039;s the perfect piece for those seeking self-realization.\" \/>\n<meta property=\"og:url\" content=\"https:\/\/www.purejewels.com\/tr\/urun\/22-ayar-gundogumu-altin-drangonfly-motifli-kolye-48467\/\" \/>\n<meta property=\"og:site_name\" content=\"PureJewels UK\" \/>\n<meta property=\"article:modified_time\" content=\"2026-01-30T07:33:22+00:00\" \/>\n<meta property=\"og:image\" content=\"https:\/\/static.purejewels.com\/wp-content\/uploads\/2024\/05\/48467.png\" \/>\n\t<meta property=\"og:image:width\" content=\"1000\" \/>\n\t<meta property=\"og:image:height\" content=\"1000\" \/>\n\t<meta property=\"og:image:type\" content=\"image\/png\" \/>\n<meta name=\"twitter:card\" content=\"summary_large_image\" \/>\n<meta name=\"twitter:label1\" content=\"Tahmini okuma s\u00fcresi\" \/>\n\t<meta name=\"twitter:data1\" content=\"1 dakika\" \/>\n<script type=\"application\/ld+json\" class=\"yoast-schema-graph\">{\"@context\":\"https:\\\/\\\/schema.org\",\"@graph\":[{\"@type\":[\"WebPage\",\"ItemPage\"],\"@id\":\"https:\\\/\\\/www.purejewels.com\\\/product\\\/22ct-sunrise-gold-drangonfly-motif-necklace-48467\\\/\",\"url\":\"https:\\\/\\\/www.purejewels.com\\\/product\\\/22ct-sunrise-gold-drangonfly-motif-necklace-48467\\\/\",\"name\":\"22ct Sunrise Gold Drangonfly Motif Necklace | PureJewels UK\",\"isPartOf\":{\"@id\":\"https:\\\/\\\/www.purejewels.com\\\/#website\"},\"primaryImageOfPage\":{\"@id\":\"https:\\\/\\\/www.purejewels.com\\\/product\\\/22ct-sunrise-gold-drangonfly-motif-necklace-48467\\\/#primaryimage\"},\"image\":{\"@id\":\"https:\\\/\\\/www.purejewels.com\\\/product\\\/22ct-sunrise-gold-drangonfly-motif-necklace-48467\\\/#primaryimage\"},\"thumbnailUrl\":\"https:\\\/\\\/static.purejewels.com\\\/wp-content\\\/uploads\\\/2024\\\/05\\\/48467.png\",\"datePublished\":\"2024-05-16T09:43:35+00:00\",\"dateModified\":\"2026-01-30T07:33:22+00:00\",\"description\":\"Browse our 22ct Sunrise Gold Dragonfly Motif Necklace. A symbol of new beginnings, it's the perfect piece for those seeking self-realization.\",\"breadcrumb\":{\"@id\":\"https:\\\/\\\/www.purejewels.com\\\/product\\\/22ct-sunrise-gold-drangonfly-motif-necklace-48467\\\/#breadcrumb\"},\"inLanguage\":\"tr\",\"potentialAction\":[{\"@type\":\"ReadAction\",\"target\":[\"https:\\\/\\\/www.purejewels.com\\\/product\\\/22ct-sunrise-gold-drangonfly-motif-necklace-48467\\\/\"]}]},{\"@type\":\"ImageObject\",\"inLanguage\":\"tr\",\"@id\":\"https:\\\/\\\/www.purejewels.com\\\/product\\\/22ct-sunrise-gold-drangonfly-motif-necklace-48467\\\/#primaryimage\",\"url\":\"https:\\\/\\\/static.purejewels.com\\\/wp-content\\\/uploads\\\/2024\\\/05\\\/48467.png\",\"contentUrl\":\"https:\\\/\\\/static.purejewels.com\\\/wp-content\\\/uploads\\\/2024\\\/05\\\/48467.png\",\"width\":1000,\"height\":1000,\"caption\":\"22ct Sunrise Gold Drangon fly motif Necklace\"},{\"@type\":\"BreadcrumbList\",\"@id\":\"https:\\\/\\\/www.purejewels.com\\\/product\\\/22ct-sunrise-gold-drangonfly-motif-necklace-48467\\\/#breadcrumb\",\"itemListElement\":[{\"@type\":\"ListItem\",\"position\":1,\"name\":\"Home\",\"item\":\"https:\\\/\\\/www.purejewels.com\\\/\"},{\"@type\":\"ListItem\",\"position\":2,\"name\":\"Shop\",\"item\":\"https:\\\/\\\/www.purejewels.com\\\/shop\\\/\"},{\"@type\":\"ListItem\",\"position\":3,\"name\":\"22ct Sunrise Gold Drangonfly Motif Necklace\"}]},{\"@type\":\"WebSite\",\"@id\":\"https:\\\/\\\/www.purejewels.com\\\/#website\",\"url\":\"https:\\\/\\\/www.purejewels.com\\\/\",\"name\":\"PureJewels UK\",\"description\":\"Share the Love\",\"publisher\":{\"@id\":\"https:\\\/\\\/www.purejewels.com\\\/#organization\"},\"potentialAction\":[{\"@type\":\"SearchAction\",\"target\":{\"@type\":\"EntryPoint\",\"urlTemplate\":\"https:\\\/\\\/www.purejewels.com\\\/?s={search_term_string}\"},\"query-input\":{\"@type\":\"PropertyValueSpecification\",\"valueRequired\":true,\"valueName\":\"search_term_string\"}}],\"inLanguage\":\"tr\"},{\"@type\":\"Organization\",\"@id\":\"https:\\\/\\\/www.purejewels.com\\\/#organization\",\"name\":\"PureJewels UK\",\"url\":\"https:\\\/\\\/www.purejewels.com\\\/\",\"logo\":{\"@type\":\"ImageObject\",\"inLanguage\":\"tr\",\"@id\":\"https:\\\/\\\/www.purejewels.com\\\/#\\\/schema\\\/logo\\\/image\\\/\",\"url\":\"https:\\\/\\\/static.purejewels.com\\\/wp-content\\\/uploads\\\/2020\\\/11\\\/Logo-PJ-New-1.png\",\"contentUrl\":\"https:\\\/\\\/static.purejewels.com\\\/wp-content\\\/uploads\\\/2020\\\/11\\\/Logo-PJ-New-1.png\",\"width\":150,\"height\":80,\"caption\":\"PureJewels UK\"},\"image\":{\"@id\":\"https:\\\/\\\/www.purejewels.com\\\/#\\\/schema\\\/logo\\\/image\\\/\"}}]}<\/script>\n<!-- \/ Yoast SEO plugin. -->","yoast_head_json":{"title":"22 Ayar G\u00fcndo\u011fumu Alt\u0131n Drangonfly Motifli Kolye | PureJewels UK","description":"22 Ayar G\u00fcndo\u011fumu Alt\u0131n Yusuf\u00e7uk Motifli Kolyemize g\u00f6z at\u0131n. Yeni ba\u015flang\u0131\u00e7lar\u0131n sembol\u00fc olan bu kolye, kendini ger\u00e7ekle\u015ftirme aray\u0131\u015f\u0131nda olanlar i\u00e7in m\u00fckemmel bir par\u00e7a.","robots":{"index":"index","follow":"follow","max-snippet":"max-snippet:-1","max-image-preview":"max-image-preview:large","max-video-preview":"max-video-preview:-1"},"canonical":"https:\/\/www.purejewels.com\/tr\/urun\/22-ayar-gundogumu-altin-drangonfly-motifli-kolye-48467\/","og_locale":"tr_TR","og_type":"article","og_title":"22ct Sunrise Gold Drangonfly Motif Necklace | PureJewels UK","og_description":"Browse our 22ct Sunrise Gold Dragonfly Motif Necklace. A symbol of new beginnings, it's the perfect piece for those seeking self-realization.","og_url":"https:\/\/www.purejewels.com\/tr\/urun\/22-ayar-gundogumu-altin-drangonfly-motifli-kolye-48467\/","og_site_name":"PureJewels UK","article_modified_time":"2026-01-30T07:33:22+00:00","og_image":[{"width":1000,"height":1000,"url":"https:\/\/static.purejewels.com\/wp-content\/uploads\/2024\/05\/48467.png","type":"image\/png"}],"twitter_card":"summary_large_image","twitter_misc":{"Tahmini okuma s\u00fcresi":"1 dakika"},"schema":{"@context":"https:\/\/schema.org","@graph":[{"@type":["WebPage","ItemPage"],"@id":"https:\/\/www.purejewels.com\/product\/22ct-sunrise-gold-drangonfly-motif-necklace-48467\/","url":"https:\/\/www.purejewels.com\/product\/22ct-sunrise-gold-drangonfly-motif-necklace-48467\/","name":"22 Ayar G\u00fcndo\u011fumu Alt\u0131n Drangonfly Motifli Kolye | PureJewels UK","isPartOf":{"@id":"https:\/\/www.purejewels.com\/#website"},"primaryImageOfPage":{"@id":"https:\/\/www.purejewels.com\/product\/22ct-sunrise-gold-drangonfly-motif-necklace-48467\/#primaryimage"},"image":{"@id":"https:\/\/www.purejewels.com\/product\/22ct-sunrise-gold-drangonfly-motif-necklace-48467\/#primaryimage"},"thumbnailUrl":"https:\/\/static.purejewels.com\/wp-content\/uploads\/2024\/05\/48467.png","datePublished":"2024-05-16T09:43:35+00:00","dateModified":"2026-01-30T07:33:22+00:00","description":"22 Ayar G\u00fcndo\u011fumu Alt\u0131n Yusuf\u00e7uk Motifli Kolyemize g\u00f6z at\u0131n. Yeni ba\u015flang\u0131\u00e7lar\u0131n sembol\u00fc olan bu kolye, kendini ger\u00e7ekle\u015ftirme aray\u0131\u015f\u0131nda olanlar i\u00e7in m\u00fckemmel bir par\u00e7a.","breadcrumb":{"@id":"https:\/\/www.purejewels.com\/product\/22ct-sunrise-gold-drangonfly-motif-necklace-48467\/#breadcrumb"},"inLanguage":"tr","potentialAction":[{"@type":"ReadAction","target":["https:\/\/www.purejewels.com\/product\/22ct-sunrise-gold-drangonfly-motif-necklace-48467\/"]}]},{"@type":"ImageObject","inLanguage":"tr","@id":"https:\/\/www.purejewels.com\/product\/22ct-sunrise-gold-drangonfly-motif-necklace-48467\/#primaryimage","url":"https:\/\/static.purejewels.com\/wp-content\/uploads\/2024\/05\/48467.png","contentUrl":"https:\/\/static.purejewels.com\/wp-content\/uploads\/2024\/05\/48467.png","width":1000,"height":1000,"caption":"22ct Sunrise Gold Drangon fly motif Necklace"},{"@type":"BreadcrumbList","@id":"https:\/\/www.purejewels.com\/product\/22ct-sunrise-gold-drangonfly-motif-necklace-48467\/#breadcrumb","itemListElement":[{"@type":"ListItem","position":1,"name":"Home","item":"https:\/\/www.purejewels.com\/"},{"@type":"ListItem","position":2,"name":"Shop","item":"https:\/\/www.purejewels.com\/shop\/"},{"@type":"ListItem","position":3,"name":"22ct Sunrise Gold Drangonfly Motif Necklace"}]},{"@type":"WebSite","@id":"https:\/\/www.purejewels.com\/#website","url":"https:\/\/www.purejewels.com\/","name":"PureJewels \u0130ngiltere","description":"Sevgiyi Payla\u015f\u0131n","publisher":{"@id":"https:\/\/www.purejewels.com\/#organization"},"potentialAction":[{"@type":"SearchAction","target":{"@type":"EntryPoint","urlTemplate":"https:\/\/www.purejewels.com\/?s={search_term_string}"},"query-input":{"@type":"PropertyValueSpecification","valueRequired":true,"valueName":"search_term_string"}}],"inLanguage":"tr"},{"@type":"Organization","@id":"https:\/\/www.purejewels.com\/#organization","name":"PureJewels \u0130ngiltere","url":"https:\/\/www.purejewels.com\/","logo":{"@type":"ImageObject","inLanguage":"tr","@id":"https:\/\/www.purejewels.com\/#\/schema\/logo\/image\/","url":"https:\/\/static.purejewels.com\/wp-content\/uploads\/2020\/11\/Logo-PJ-New-1.png","contentUrl":"https:\/\/static.purejewels.com\/wp-content\/uploads\/2020\/11\/Logo-PJ-New-1.png","width":150,"height":80,"caption":"PureJewels UK"},"image":{"@id":"https:\/\/www.purejewels.com\/#\/schema\/logo\/image\/"}}]}},"_links":{"self":[{"href":"https:\/\/www.purejewels.com\/tr\/wp-json\/wp\/v2\/product\/362740","targetHints":{"allow":["GET"]}}],"collection":[{"href":"https:\/\/www.purejewels.com\/tr\/wp-json\/wp\/v2\/product"}],"about":[{"href":"https:\/\/www.purejewels.com\/tr\/wp-json\/wp\/v2\/types\/product"}],"replies":[{"embeddable":true,"href":"https:\/\/www.purejewels.com\/tr\/wp-json\/wp\/v2\/comments?post=362740"}],"version-history":[{"count":5,"href":"https:\/\/www.purejewels.com\/tr\/wp-json\/wp\/v2\/product\/362740\/revisions"}],"predecessor-version":[{"id":388271,"href":"https:\/\/www.purejewels.com\/tr\/wp-json\/wp\/v2\/product\/362740\/revisions\/388271"}],"wp:featuredmedia":[{"embeddable":true,"href":"https:\/\/www.purejewels.com\/tr\/wp-json\/wp\/v2\/media\/362889"}],"wp:attachment":[{"href":"https:\/\/www.purejewels.com\/tr\/wp-json\/wp\/v2\/media?parent=362740"}],"wp:term":[{"taxonomy":"product_brand","embeddable":true,"href":"https:\/\/www.purejewels.com\/tr\/wp-json\/wp\/v2\/product_brand?post=362740"},{"taxonomy":"product_cat","embeddable":true,"href":"https:\/\/www.purejewels.com\/tr\/wp-json\/wp\/v2\/product_cat?post=362740"},{"taxonomy":"product_tag","embeddable":true,"href":"https:\/\/www.purejewels.com\/tr\/wp-json\/wp\/v2\/product_tag?post=362740"}],"curies":[{"name":"wp","href":"https:\/\/api.w.org\/{rel}","templated":true}]}}