{"id":362748,"date":"2024-05-16T12:03:51","date_gmt":"2024-05-16T11:03:51","guid":{"rendered":"https:\/\/www.purejewels.com\/?post_type=product&#038;p=362748"},"modified":"2026-02-09T09:10:21","modified_gmt":"2026-02-09T09:10:21","slug":"lotus-motifli-22-ayar-gundogumu-altin-kolye-48469","status":"publish","type":"product","link":"https:\/\/www.purejewels.com\/tr\/product\/22ct-sunrise-gold-necklace-with-lotus-motif-48469\/","title":{"rendered":"Lotus Motifli 22 Ayar G\u00fcndo\u011fumu Alt\u0131n Kolye"},"content":{"rendered":"<p><a href=\"https:\/\/www.purejewels.com\/tr\/product\/22ct-gold-jali-filigree-ring-jali-collection-31926\/\">22ct<\/a> Lotus Motifli G\u00fcn Do\u011fumu Alt\u0131n Kolye. \u00c7i\u00e7ek a\u00e7m\u0131\u015f nil\u00fcferin zarif huzurundan ilham alan bu tasar\u0131m, sizi varl\u0131\u011f\u0131n\u0131z\u0131n her katman\u0131n\u0131 ortaya \u00e7\u0131karmaya te\u015fvik eder. \u0130\u00e7inizdeki dinginli\u011fi ke\u015ffedin ve zarif tasar\u0131m\u0131m\u0131zla parlamas\u0131na izin verin. <a href=\"https:\/\/www.purejewels.com\/tr\/a-guide-to-die-stamping\/\">zanaatkarl\u0131k<\/a>.<\/p>\n<p><strong>\u00dcr\u00fcn Detaylar\u0131:<\/strong><\/p>\n<ul>\n<li><strong>Uzunluk:<\/strong> 16 in\u00e7<\/li>\n<li><strong>Metal:<\/strong> 22ct Sunrise Gold, benzersiz bir <a href=\"https:\/\/www.purejewels.com\/tr\/precious-metals-in-jewelry-making\/\">ala\u015f\u0131m<\/a> i\u00e7inde yarat\u0131ld\u0131 <a href=\"https:\/\/www.purejewels.com\/tr\/product\/holy-cross-gold-pendant-44713\/\">22 ayar alt\u0131n<\/a><\/li>\n<li><strong>Renk:<\/strong> G\u00fcn do\u011fumunun rengini an\u0131msatan do\u011fal bir 22 ayar alt\u0131n tonu. Bu kendine \u00f6zg\u00fc ala\u015f\u0131m, 22 ayar safl\u0131\u011f\u0131n parlakl\u0131\u011f\u0131n\u0131 ve derinli\u011fini kaybetmeden daha az sar\u0131, daha bast\u0131r\u0131lm\u0131\u015f bir ton sunar. Kapsay\u0131c\u0131 tonu \u00e7e\u015fitli cilt tonlar\u0131yla g\u00fczel bir uyum sa\u011flar ve farkl\u0131 m\u00fc\u015fteri kitleleri i\u00e7in m\u00fckemmel bir se\u00e7imdir.<\/li>\n<li><strong>Tasar\u0131m:<\/strong> Zarafeti, huzuru ve kendini ke\u015ffetme yolculu\u011funu simgeleyen, karma\u015f\u0131k bir \u015fekilde i\u015flenmi\u015f lotus motifine sahiptir.<\/li>\n<\/ul>\n<p>Katmanl\u0131 bir g\u00f6r\u00fcn\u00fcm i\u00e7in bu k\u0131sa kolye ucu zincir kolyeyi kement kolye ile e\u015fle\u015ftirin.<\/p>","protected":false},"excerpt":{"rendered":"<table class=\"sh_desc\">\n<tbody>\n<tr>\n<td>Kolye Tipi<\/td>\n<td>Fantezi Kolye Ucu Kolye<\/td>\n<\/tr>\n<tr>\n<td>SKU<\/td>\n<td>48469<\/td>\n<\/tr>\n<tr>\n<td>A\u011f\u0131rl\u0131k<\/td>\n<td>4.7 Gms<\/td>\n<\/tr>\n<tr>\n<td>Uzunluk<\/td>\n<td>16 \u0130n\u00e7<\/td>\n<\/tr>\n<tr>\n<td>Metal<\/td>\n<td>22 Ayar G\u00fcndo\u011fumu Alt\u0131n<\/td>\n<\/tr>\n<tr>\n<td>\u00dccretler<\/td>\n<td>Teslimat ve KDV Dahil<\/td>\n<\/tr>\n<tr>\n<td>Paketleme<\/td>\n<td>Sunum Kutusu ile Birlikte Gelir<\/td>\n<\/tr>\n<tr>\n<td>Daha Fazla Bilgi<\/td>\n<td>\n<ul>\n<li>M\u00fcsaitlik durumu ve daha fazla resim i\u00e7in bizimle canl\u0131 sohbet edin<\/li>\n<\/ul>\n<\/td>\n<\/tr>\n<\/tbody>\n<\/table>\n<div class=\"btn-atc atc-slide\"><\/div>\n<div class=\"product_meta\"><\/div>","protected":false},"featured_media":366094,"comment_status":"closed","ping_status":"closed","template":"","meta":{"_eb_attr":"","_crsspst_to_jayantr4sg-hostcom":false},"product_brand":[],"product_cat":[1229,1253,5902,5760,1778,1569],"product_tag":[],"class_list":{"0":"post-362748","1":"product","2":"type-product","3":"status-publish","4":"has-post-thumbnail","6":"product_cat-22ct-gold-jewellery","7":"product_cat-gold-necklaces","8":"product_cat-lariat-necklace","9":"product_cat-nirvana-collection","10":"product_cat-short-necklaces","11":"product_cat-valentine-day-gifts","13":"first","14":"instock","15":"taxable","16":"shipping-taxable","17":"purchasable","18":"product-type-simple","19":"add-to-wishlist-before_image"},"yoast_head":"<!-- This site is optimized with the Yoast SEO plugin v27.6 - https:\/\/yoast.com\/product\/yoast-seo-wordpress\/ -->\n<title>22ct Sunrise Gold Necklace with Lotus Motif | PureJewels UK<\/title>\n<meta name=\"description\" content=\"Find peace and beauty with our 22ct Sunrise Gold Lotus Motif Necklace. Symbolizing purity and enlightenment, this radiant necklace is perfect for spiritual journeys.\" \/>\n<meta name=\"robots\" content=\"index, follow, max-snippet:-1, max-image-preview:large, max-video-preview:-1\" \/>\n<link rel=\"canonical\" href=\"https:\/\/www.purejewels.com\/tr\/urun\/lotus-motifli-22-ayar-gundogumu-altin-kolye-48469\/\" \/>\n<meta property=\"og:locale\" content=\"tr_TR\" \/>\n<meta property=\"og:type\" content=\"article\" \/>\n<meta property=\"og:title\" content=\"22ct Sunrise Gold Necklace with Lotus Motif | PureJewels UK\" \/>\n<meta property=\"og:description\" content=\"Find peace and beauty with our 22ct Sunrise Gold Lotus Motif Necklace. Symbolizing purity and enlightenment, this radiant necklace is perfect for spiritual journeys.\" \/>\n<meta property=\"og:url\" content=\"https:\/\/www.purejewels.com\/tr\/urun\/lotus-motifli-22-ayar-gundogumu-altin-kolye-48469\/\" \/>\n<meta property=\"og:site_name\" content=\"PureJewels UK\" \/>\n<meta property=\"article:modified_time\" content=\"2026-02-09T09:10:21+00:00\" \/>\n<meta property=\"og:image\" content=\"https:\/\/static.purejewels.com\/wp-content\/uploads\/2024\/05\/47738-2-576x576.png\" \/>\n\t<meta property=\"og:image:width\" content=\"576\" \/>\n\t<meta property=\"og:image:height\" content=\"576\" \/>\n\t<meta property=\"og:image:type\" content=\"image\/png\" \/>\n<meta name=\"twitter:card\" content=\"summary_large_image\" \/>\n<meta name=\"twitter:label1\" content=\"Tahmini okuma s\u00fcresi\" \/>\n\t<meta name=\"twitter:data1\" content=\"1 dakika\" \/>\n<script type=\"application\/ld+json\" class=\"yoast-schema-graph\">{\"@context\":\"https:\\\/\\\/schema.org\",\"@graph\":[{\"@type\":[\"WebPage\",\"ItemPage\"],\"@id\":\"https:\\\/\\\/www.purejewels.com\\\/product\\\/22ct-sunrise-gold-necklace-with-lotus-motif-48469\\\/\",\"url\":\"https:\\\/\\\/www.purejewels.com\\\/product\\\/22ct-sunrise-gold-necklace-with-lotus-motif-48469\\\/\",\"name\":\"22ct Sunrise Gold Necklace with Lotus Motif | PureJewels UK\",\"isPartOf\":{\"@id\":\"https:\\\/\\\/www.purejewels.com\\\/#website\"},\"primaryImageOfPage\":{\"@id\":\"https:\\\/\\\/www.purejewels.com\\\/product\\\/22ct-sunrise-gold-necklace-with-lotus-motif-48469\\\/#primaryimage\"},\"image\":{\"@id\":\"https:\\\/\\\/www.purejewels.com\\\/product\\\/22ct-sunrise-gold-necklace-with-lotus-motif-48469\\\/#primaryimage\"},\"thumbnailUrl\":\"https:\\\/\\\/static.purejewels.com\\\/wp-content\\\/uploads\\\/2024\\\/05\\\/47738-2.png\",\"datePublished\":\"2024-05-16T11:03:51+00:00\",\"dateModified\":\"2026-02-09T09:10:21+00:00\",\"description\":\"Find peace and beauty with our 22ct Sunrise Gold Lotus Motif Necklace. Symbolizing purity and enlightenment, this radiant necklace is perfect for spiritual journeys.\",\"breadcrumb\":{\"@id\":\"https:\\\/\\\/www.purejewels.com\\\/product\\\/22ct-sunrise-gold-necklace-with-lotus-motif-48469\\\/#breadcrumb\"},\"inLanguage\":\"tr\",\"potentialAction\":[{\"@type\":\"ReadAction\",\"target\":[\"https:\\\/\\\/www.purejewels.com\\\/product\\\/22ct-sunrise-gold-necklace-with-lotus-motif-48469\\\/\"]}]},{\"@type\":\"ImageObject\",\"inLanguage\":\"tr\",\"@id\":\"https:\\\/\\\/www.purejewels.com\\\/product\\\/22ct-sunrise-gold-necklace-with-lotus-motif-48469\\\/#primaryimage\",\"url\":\"https:\\\/\\\/static.purejewels.com\\\/wp-content\\\/uploads\\\/2024\\\/05\\\/47738-2.png\",\"contentUrl\":\"https:\\\/\\\/static.purejewels.com\\\/wp-content\\\/uploads\\\/2024\\\/05\\\/47738-2.png\",\"width\":1000,\"height\":1000,\"caption\":\"22ct Gold Necklace\"},{\"@type\":\"BreadcrumbList\",\"@id\":\"https:\\\/\\\/www.purejewels.com\\\/product\\\/22ct-sunrise-gold-necklace-with-lotus-motif-48469\\\/#breadcrumb\",\"itemListElement\":[{\"@type\":\"ListItem\",\"position\":1,\"name\":\"Home\",\"item\":\"https:\\\/\\\/www.purejewels.com\\\/\"},{\"@type\":\"ListItem\",\"position\":2,\"name\":\"Shop\",\"item\":\"https:\\\/\\\/www.purejewels.com\\\/shop\\\/\"},{\"@type\":\"ListItem\",\"position\":3,\"name\":\"22ct Sunrise Gold Necklace with Lotus Motif\"}]},{\"@type\":\"WebSite\",\"@id\":\"https:\\\/\\\/www.purejewels.com\\\/#website\",\"url\":\"https:\\\/\\\/www.purejewels.com\\\/\",\"name\":\"PureJewels UK\",\"description\":\"Share the Love\",\"publisher\":{\"@id\":\"https:\\\/\\\/www.purejewels.com\\\/#organization\"},\"potentialAction\":[{\"@type\":\"SearchAction\",\"target\":{\"@type\":\"EntryPoint\",\"urlTemplate\":\"https:\\\/\\\/www.purejewels.com\\\/?s={search_term_string}\"},\"query-input\":{\"@type\":\"PropertyValueSpecification\",\"valueRequired\":true,\"valueName\":\"search_term_string\"}}],\"inLanguage\":\"tr\"},{\"@type\":\"Organization\",\"@id\":\"https:\\\/\\\/www.purejewels.com\\\/#organization\",\"name\":\"PureJewels UK\",\"url\":\"https:\\\/\\\/www.purejewels.com\\\/\",\"logo\":{\"@type\":\"ImageObject\",\"inLanguage\":\"tr\",\"@id\":\"https:\\\/\\\/www.purejewels.com\\\/#\\\/schema\\\/logo\\\/image\\\/\",\"url\":\"https:\\\/\\\/static.purejewels.com\\\/wp-content\\\/uploads\\\/2020\\\/11\\\/Logo-PJ-New-1.png\",\"contentUrl\":\"https:\\\/\\\/static.purejewels.com\\\/wp-content\\\/uploads\\\/2020\\\/11\\\/Logo-PJ-New-1.png\",\"width\":150,\"height\":80,\"caption\":\"PureJewels UK\"},\"image\":{\"@id\":\"https:\\\/\\\/www.purejewels.com\\\/#\\\/schema\\\/logo\\\/image\\\/\"}}]}<\/script>\n<!-- \/ Yoast SEO plugin. -->","yoast_head_json":{"title":"Lotus Motifli 22 Ayar G\u00fcn Do\u011fumu Alt\u0131n Kolye | PureJewels UK","description":"22ct Sunrise Gold Lotus Motifli Kolyemiz ile huzuru ve g\u00fczelli\u011fi bulun. Safl\u0131\u011f\u0131 ve ayd\u0131nlanmay\u0131 simgeleyen bu \u0131\u015f\u0131lt\u0131l\u0131 kolye, ruhani yolculuklar i\u00e7in m\u00fckemmeldir.","robots":{"index":"index","follow":"follow","max-snippet":"max-snippet:-1","max-image-preview":"max-image-preview:large","max-video-preview":"max-video-preview:-1"},"canonical":"https:\/\/www.purejewels.com\/tr\/urun\/lotus-motifli-22-ayar-gundogumu-altin-kolye-48469\/","og_locale":"tr_TR","og_type":"article","og_title":"22ct Sunrise Gold Necklace with Lotus Motif | PureJewels UK","og_description":"Find peace and beauty with our 22ct Sunrise Gold Lotus Motif Necklace. Symbolizing purity and enlightenment, this radiant necklace is perfect for spiritual journeys.","og_url":"https:\/\/www.purejewels.com\/tr\/urun\/lotus-motifli-22-ayar-gundogumu-altin-kolye-48469\/","og_site_name":"PureJewels UK","article_modified_time":"2026-02-09T09:10:21+00:00","og_image":[{"width":576,"height":576,"url":"https:\/\/static.purejewels.com\/wp-content\/uploads\/2024\/05\/47738-2-576x576.png","type":"image\/png"}],"twitter_card":"summary_large_image","twitter_misc":{"Tahmini okuma s\u00fcresi":"1 dakika"},"schema":{"@context":"https:\/\/schema.org","@graph":[{"@type":["WebPage","ItemPage"],"@id":"https:\/\/www.purejewels.com\/product\/22ct-sunrise-gold-necklace-with-lotus-motif-48469\/","url":"https:\/\/www.purejewels.com\/product\/22ct-sunrise-gold-necklace-with-lotus-motif-48469\/","name":"Lotus Motifli 22 Ayar G\u00fcn Do\u011fumu Alt\u0131n Kolye | PureJewels UK","isPartOf":{"@id":"https:\/\/www.purejewels.com\/#website"},"primaryImageOfPage":{"@id":"https:\/\/www.purejewels.com\/product\/22ct-sunrise-gold-necklace-with-lotus-motif-48469\/#primaryimage"},"image":{"@id":"https:\/\/www.purejewels.com\/product\/22ct-sunrise-gold-necklace-with-lotus-motif-48469\/#primaryimage"},"thumbnailUrl":"https:\/\/static.purejewels.com\/wp-content\/uploads\/2024\/05\/47738-2.png","datePublished":"2024-05-16T11:03:51+00:00","dateModified":"2026-02-09T09:10:21+00:00","description":"22ct Sunrise Gold Lotus Motifli Kolyemiz ile huzuru ve g\u00fczelli\u011fi bulun. Safl\u0131\u011f\u0131 ve ayd\u0131nlanmay\u0131 simgeleyen bu \u0131\u015f\u0131lt\u0131l\u0131 kolye, ruhani yolculuklar i\u00e7in m\u00fckemmeldir.","breadcrumb":{"@id":"https:\/\/www.purejewels.com\/product\/22ct-sunrise-gold-necklace-with-lotus-motif-48469\/#breadcrumb"},"inLanguage":"tr","potentialAction":[{"@type":"ReadAction","target":["https:\/\/www.purejewels.com\/product\/22ct-sunrise-gold-necklace-with-lotus-motif-48469\/"]}]},{"@type":"ImageObject","inLanguage":"tr","@id":"https:\/\/www.purejewels.com\/product\/22ct-sunrise-gold-necklace-with-lotus-motif-48469\/#primaryimage","url":"https:\/\/static.purejewels.com\/wp-content\/uploads\/2024\/05\/47738-2.png","contentUrl":"https:\/\/static.purejewels.com\/wp-content\/uploads\/2024\/05\/47738-2.png","width":1000,"height":1000,"caption":"22ct Gold Necklace"},{"@type":"BreadcrumbList","@id":"https:\/\/www.purejewels.com\/product\/22ct-sunrise-gold-necklace-with-lotus-motif-48469\/#breadcrumb","itemListElement":[{"@type":"ListItem","position":1,"name":"Home","item":"https:\/\/www.purejewels.com\/"},{"@type":"ListItem","position":2,"name":"Shop","item":"https:\/\/www.purejewels.com\/shop\/"},{"@type":"ListItem","position":3,"name":"22ct Sunrise Gold Necklace with Lotus Motif"}]},{"@type":"WebSite","@id":"https:\/\/www.purejewels.com\/#website","url":"https:\/\/www.purejewels.com\/","name":"PureJewels \u0130ngiltere","description":"Sevgiyi Payla\u015f\u0131n","publisher":{"@id":"https:\/\/www.purejewels.com\/#organization"},"potentialAction":[{"@type":"SearchAction","target":{"@type":"EntryPoint","urlTemplate":"https:\/\/www.purejewels.com\/?s={search_term_string}"},"query-input":{"@type":"PropertyValueSpecification","valueRequired":true,"valueName":"search_term_string"}}],"inLanguage":"tr"},{"@type":"Organization","@id":"https:\/\/www.purejewels.com\/#organization","name":"PureJewels \u0130ngiltere","url":"https:\/\/www.purejewels.com\/","logo":{"@type":"ImageObject","inLanguage":"tr","@id":"https:\/\/www.purejewels.com\/#\/schema\/logo\/image\/","url":"https:\/\/static.purejewels.com\/wp-content\/uploads\/2020\/11\/Logo-PJ-New-1.png","contentUrl":"https:\/\/static.purejewels.com\/wp-content\/uploads\/2020\/11\/Logo-PJ-New-1.png","width":150,"height":80,"caption":"PureJewels UK"},"image":{"@id":"https:\/\/www.purejewels.com\/#\/schema\/logo\/image\/"}}]}},"_links":{"self":[{"href":"https:\/\/www.purejewels.com\/tr\/wp-json\/wp\/v2\/product\/362748","targetHints":{"allow":["GET"]}}],"collection":[{"href":"https:\/\/www.purejewels.com\/tr\/wp-json\/wp\/v2\/product"}],"about":[{"href":"https:\/\/www.purejewels.com\/tr\/wp-json\/wp\/v2\/types\/product"}],"replies":[{"embeddable":true,"href":"https:\/\/www.purejewels.com\/tr\/wp-json\/wp\/v2\/comments?post=362748"}],"version-history":[{"count":4,"href":"https:\/\/www.purejewels.com\/tr\/wp-json\/wp\/v2\/product\/362748\/revisions"}],"predecessor-version":[{"id":388270,"href":"https:\/\/www.purejewels.com\/tr\/wp-json\/wp\/v2\/product\/362748\/revisions\/388270"}],"wp:featuredmedia":[{"embeddable":true,"href":"https:\/\/www.purejewels.com\/tr\/wp-json\/wp\/v2\/media\/366094"}],"wp:attachment":[{"href":"https:\/\/www.purejewels.com\/tr\/wp-json\/wp\/v2\/media?parent=362748"}],"wp:term":[{"taxonomy":"product_brand","embeddable":true,"href":"https:\/\/www.purejewels.com\/tr\/wp-json\/wp\/v2\/product_brand?post=362748"},{"taxonomy":"product_cat","embeddable":true,"href":"https:\/\/www.purejewels.com\/tr\/wp-json\/wp\/v2\/product_cat?post=362748"},{"taxonomy":"product_tag","embeddable":true,"href":"https:\/\/www.purejewels.com\/tr\/wp-json\/wp\/v2\/product_tag?post=362748"}],"curies":[{"name":"wp","href":"https:\/\/api.w.org\/{rel}","templated":true}]}}