{"id":362750,"date":"2024-05-19T12:37:41","date_gmt":"2024-05-19T11:37:41","guid":{"rendered":"https:\/\/www.purejewels.com\/?post_type=product&#038;p=362750"},"modified":"2026-02-09T09:09:31","modified_gmt":"2026-02-09T09:09:31","slug":"tavus-kusu-motifli-22-ayar-gundogumu-altin-kolye-48470","status":"publish","type":"product","link":"https:\/\/www.purejewels.com\/tr\/product\/22ct-sunrise-gold-necklace-with-peacock-motif-48470\/","title":{"rendered":"Tavus Ku\u015fu Motifli 22 Ayar G\u00fcndo\u011fumu Alt\u0131n Kolye"},"content":{"rendered":"<p>Tavus ku\u015funun b\u00fcy\u00fcleyici duru\u015fundan ilham alan <a href=\"https:\/\/www.purejewels.com\/tr\/product\/22ct-gold-jali-filigree-ring-jali-collection-31926\/\">22ct<\/a> Tavus Ku\u015fu Motifli Sunrise Alt\u0131n Kolye, zahmetsiz g\u00fczelli\u011fi ve b\u00fcy\u00fcleyici cazibeyi temsil ediyor. Tavus ku\u015funun yanard\u00f6ner t\u00fcyleri gibi, bu tasar\u0131m da sizi parlakl\u0131\u011f\u0131n\u0131z\u0131 fark etmeye ve kutlamaya davet ediyor. Zarafet ve \u00f6zg\u00fcveni kucaklay\u0131n ve bu kolyenin zarafetinin kal\u0131c\u0131 bir etki b\u0131rakmas\u0131na izin verin. Size hayat\u0131n bir dans oldu\u011funu ve her ad\u0131mda dengeli ve ne\u015feli bir \u015fekilde e\u011flenmeniz gerekti\u011fini hat\u0131rlatmas\u0131na izin verin.<\/p>\n<p>\u00c7arp\u0131c\u0131 Noel kolye koleksiyonumuzla tatil b\u00fcy\u00fcs\u00fcne bir dokunu\u015f kat\u0131n. Zarif alt\u0131n tasar\u0131mlardan \u015fenlikli de\u011ferli ta\u015f vurgular\u0131na kadar her bir kolye, mevsimin ruhunu yakalamak i\u00e7in \u00fcretilmi\u015ftir. \u0130ster d\u00fc\u015f\u00fcnceli bir hediye, ister kendi kutlamalar\u0131n\u0131z i\u00e7in g\u00f6steri\u015fli bir par\u00e7a ar\u0131yor olun, bu kolyeler zamans\u0131z bir g\u00fczellik ve \u015fenlikli bir cazibe sunuyor. Tatil partileri, aile toplant\u0131lar\u0131 veya sadece Noel ne\u015fesi yaymak i\u00e7in m\u00fckemmel olan bu par\u00e7alar, sezonunuzu zarafet ve stil ile parlatacak.<\/p>\n<p><strong>\u00dcr\u00fcn Detaylar\u0131:<\/strong><\/p>\n<ul>\n<li><strong>Uzunluk:<\/strong> 16,5 in\u00e7<\/li>\n<li><strong>Metal:<\/strong> 22 ayar G\u00fcndo\u011fumu Alt\u0131n, kendine \u00f6zg\u00fc bir <a href=\"https:\/\/www.purejewels.com\/tr\/precious-metals-in-jewelry-making\/\">ala\u015f\u0131m<\/a> i\u00e7inde yarat\u0131ld\u0131 <a href=\"https:\/\/www.purejewels.com\/tr\/product\/holy-cross-gold-pendant-44713\/\">22 ayar alt\u0131n<\/a><\/li>\n<li><strong>Renk:<\/strong>\u00a0 G\u00fcn do\u011fumu rengini an\u0131msatan do\u011fal 22 ayar alt\u0131n tonu; 22 ayar safl\u0131\u011f\u0131n\u0131n parlakl\u0131\u011f\u0131n\u0131 ve derinli\u011fini korurken daha az sar\u0131, daha bast\u0131r\u0131lm\u0131\u015f bir ton sunar<\/li>\n<li><strong>Motif:<\/strong> Zarafet, g\u00fcven ve zamans\u0131z \u015f\u0131kl\u0131\u011f\u0131 simgeleyen tavus ku\u015fu motifi<\/li>\n<li><strong><a href=\"https:\/\/www.purejewels.com\/tr\/a-guide-to-die-stamping\/\">Zanaatkarl\u0131k<\/a>:<\/strong> Ola\u011fan\u00fcst\u00fc beceri ve sanatsall\u0131\u011f\u0131 sergileyen karma\u015f\u0131k detaylar<\/li>\n<li><strong>\u00c7ok y\u00f6nl\u00fcl\u00fck:<\/strong> \u00c7e\u015fitli cilt tonlar\u0131n\u0131 tamamlayan kapsay\u0131c\u0131 renk tonu, farkl\u0131 m\u00fc\u015fteri kitleleri i\u00e7in ideal bir se\u00e7imdir<\/li>\n<li><strong>F\u0131rsat bu f\u0131rsat:<\/strong> Hem g\u00fcnl\u00fck kullan\u0131m hem de \u00f6zel g\u00fcnler i\u00e7in m\u00fckemmeldir ve her k\u0131yafete sofistike bir dokunu\u015f katar<\/li>\n<li><strong>\u0130lham kayna\u011f\u0131:<\/strong> Tavus ku\u015funun b\u00fcy\u00fcleyici duru\u015fundan ve yanard\u00f6ner t\u00fcylerinden ilham alarak, kullan\u0131c\u0131lar\u0131 parlakl\u0131klar\u0131n\u0131 fark etmeye ve kutlamaya davet ediyor<\/li>\n<\/ul>","protected":false},"excerpt":{"rendered":"<table class=\"sh_desc\">\n<tbody>\n<tr>\n<td>Kolye Tipi<\/td>\n<td>S\u00fcsl\u00fc Kolye<\/td>\n<\/tr>\n<tr>\n<td>SKU<\/td>\n<td>48470<\/td>\n<\/tr>\n<tr>\n<td>A\u011f\u0131rl\u0131k<\/td>\n<td>4.8 Gms<\/td>\n<\/tr>\n<tr>\n<td>Uzunluk<\/td>\n<td>16,5 \u0130n\u00e7<\/td>\n<\/tr>\n<tr>\n<td>Metal<\/td>\n<td>22 Ayar G\u00fcndo\u011fumu Alt\u0131n<\/td>\n<\/tr>\n<tr>\n<td>\u00dccretler<\/td>\n<td>Teslimat ve KDV Dahil<\/td>\n<\/tr>\n<tr>\n<td>Paketleme<\/td>\n<td>Sunum Kutusu ile Birlikte Gelir<\/td>\n<\/tr>\n<tr>\n<td>Daha Fazla Bilgi<\/td>\n<td>M\u00fcsaitlik durumu ve daha fazla resim i\u00e7in bizimle canl\u0131 sohbet edin<\/td>\n<\/tr>\n<\/tbody>\n<\/table>\n<div class=\"btn-atc atc-slide\"><\/div>\n<div class=\"product_meta\"><\/div>","protected":false},"featured_media":362912,"comment_status":"closed","ping_status":"closed","template":"","meta":{"_eb_attr":"","_crsspst_to_jayantr4sg-hostcom":false},"product_brand":[],"product_cat":[236,1229,1253,5902,5761,1778,1569],"product_tag":[],"class_list":{"0":"post-362750","1":"product","2":"type-product","3":"status-publish","4":"has-post-thumbnail","6":"product_cat-collections","7":"product_cat-22ct-gold-jewellery","8":"product_cat-gold-necklaces","9":"product_cat-lariat-necklace","10":"product_cat-merak-collection","11":"product_cat-short-necklaces","12":"product_cat-valentine-day-gifts","14":"first","15":"instock","16":"taxable","17":"shipping-taxable","18":"purchasable","19":"product-type-simple","20":"add-to-wishlist-before_image"},"yoast_head":"<!-- This site is optimized with the Yoast SEO plugin v27.5 - https:\/\/yoast.com\/product\/yoast-seo-wordpress\/ -->\n<title>22ct Sunrise Gold Necklace with Peacock Motif | PureJewels UK<\/title>\n<meta name=\"description\" content=\"Unleash your inner radiance with our 22ct Sunrise Gold Peacock Motif Necklace. Shop now and find your perfect piece at PureJewels,UK.\" \/>\n<meta name=\"robots\" content=\"index, follow, max-snippet:-1, max-image-preview:large, max-video-preview:-1\" \/>\n<link rel=\"canonical\" href=\"https:\/\/www.purejewels.com\/tr\/urun\/tavus-kusu-motifli-22-ayar-gundogumu-altin-kolye-48470\/\" \/>\n<meta property=\"og:locale\" content=\"tr_TR\" \/>\n<meta property=\"og:type\" content=\"article\" \/>\n<meta property=\"og:title\" content=\"22ct Sunrise Gold Necklace with Peacock Motif | PureJewels UK\" \/>\n<meta property=\"og:description\" content=\"Unleash your inner radiance with our 22ct Sunrise Gold Peacock Motif Necklace. Shop now and find your perfect piece at PureJewels,UK.\" \/>\n<meta property=\"og:url\" content=\"https:\/\/www.purejewels.com\/tr\/urun\/tavus-kusu-motifli-22-ayar-gundogumu-altin-kolye-48470\/\" \/>\n<meta property=\"og:site_name\" content=\"PureJewels UK\" \/>\n<meta property=\"article:modified_time\" content=\"2026-02-09T09:09:31+00:00\" \/>\n<meta property=\"og:image\" content=\"https:\/\/static.purejewels.com\/wp-content\/uploads\/2024\/05\/46470.png\" \/>\n\t<meta property=\"og:image:width\" content=\"1000\" \/>\n\t<meta property=\"og:image:height\" content=\"1000\" \/>\n\t<meta property=\"og:image:type\" content=\"image\/png\" \/>\n<meta name=\"twitter:card\" content=\"summary_large_image\" \/>\n<meta name=\"twitter:label1\" content=\"Tahmini okuma s\u00fcresi\" \/>\n\t<meta name=\"twitter:data1\" content=\"2 dakika\" \/>\n<script type=\"application\/ld+json\" class=\"yoast-schema-graph\">{\"@context\":\"https:\\\/\\\/schema.org\",\"@graph\":[{\"@type\":[\"WebPage\",\"ItemPage\"],\"@id\":\"https:\\\/\\\/www.purejewels.com\\\/product\\\/22ct-sunrise-gold-necklace-with-peacock-motif-48470\\\/\",\"url\":\"https:\\\/\\\/www.purejewels.com\\\/product\\\/22ct-sunrise-gold-necklace-with-peacock-motif-48470\\\/\",\"name\":\"22ct Sunrise Gold Necklace with Peacock Motif | PureJewels UK\",\"isPartOf\":{\"@id\":\"https:\\\/\\\/www.purejewels.com\\\/#website\"},\"primaryImageOfPage\":{\"@id\":\"https:\\\/\\\/www.purejewels.com\\\/product\\\/22ct-sunrise-gold-necklace-with-peacock-motif-48470\\\/#primaryimage\"},\"image\":{\"@id\":\"https:\\\/\\\/www.purejewels.com\\\/product\\\/22ct-sunrise-gold-necklace-with-peacock-motif-48470\\\/#primaryimage\"},\"thumbnailUrl\":\"https:\\\/\\\/static.purejewels.com\\\/wp-content\\\/uploads\\\/2024\\\/05\\\/46470.png\",\"datePublished\":\"2024-05-19T11:37:41+00:00\",\"dateModified\":\"2026-02-09T09:09:31+00:00\",\"description\":\"Unleash your inner radiance with our 22ct Sunrise Gold Peacock Motif Necklace. Shop now and find your perfect piece at PureJewels,UK.\",\"breadcrumb\":{\"@id\":\"https:\\\/\\\/www.purejewels.com\\\/product\\\/22ct-sunrise-gold-necklace-with-peacock-motif-48470\\\/#breadcrumb\"},\"inLanguage\":\"tr\",\"potentialAction\":[{\"@type\":\"ReadAction\",\"target\":[\"https:\\\/\\\/www.purejewels.com\\\/product\\\/22ct-sunrise-gold-necklace-with-peacock-motif-48470\\\/\"]}]},{\"@type\":\"ImageObject\",\"inLanguage\":\"tr\",\"@id\":\"https:\\\/\\\/www.purejewels.com\\\/product\\\/22ct-sunrise-gold-necklace-with-peacock-motif-48470\\\/#primaryimage\",\"url\":\"https:\\\/\\\/static.purejewels.com\\\/wp-content\\\/uploads\\\/2024\\\/05\\\/46470.png\",\"contentUrl\":\"https:\\\/\\\/static.purejewels.com\\\/wp-content\\\/uploads\\\/2024\\\/05\\\/46470.png\",\"width\":1000,\"height\":1000,\"caption\":\"contemporary Gold Jewellery\"},{\"@type\":\"BreadcrumbList\",\"@id\":\"https:\\\/\\\/www.purejewels.com\\\/product\\\/22ct-sunrise-gold-necklace-with-peacock-motif-48470\\\/#breadcrumb\",\"itemListElement\":[{\"@type\":\"ListItem\",\"position\":1,\"name\":\"Home\",\"item\":\"https:\\\/\\\/www.purejewels.com\\\/\"},{\"@type\":\"ListItem\",\"position\":2,\"name\":\"Shop\",\"item\":\"https:\\\/\\\/www.purejewels.com\\\/shop\\\/\"},{\"@type\":\"ListItem\",\"position\":3,\"name\":\"22ct Sunrise Gold Necklace with Peacock Motif\"}]},{\"@type\":\"WebSite\",\"@id\":\"https:\\\/\\\/www.purejewels.com\\\/#website\",\"url\":\"https:\\\/\\\/www.purejewels.com\\\/\",\"name\":\"PureJewels UK\",\"description\":\"Share the Love\",\"publisher\":{\"@id\":\"https:\\\/\\\/www.purejewels.com\\\/#organization\"},\"potentialAction\":[{\"@type\":\"SearchAction\",\"target\":{\"@type\":\"EntryPoint\",\"urlTemplate\":\"https:\\\/\\\/www.purejewels.com\\\/?s={search_term_string}\"},\"query-input\":{\"@type\":\"PropertyValueSpecification\",\"valueRequired\":true,\"valueName\":\"search_term_string\"}}],\"inLanguage\":\"tr\"},{\"@type\":\"Organization\",\"@id\":\"https:\\\/\\\/www.purejewels.com\\\/#organization\",\"name\":\"PureJewels UK\",\"url\":\"https:\\\/\\\/www.purejewels.com\\\/\",\"logo\":{\"@type\":\"ImageObject\",\"inLanguage\":\"tr\",\"@id\":\"https:\\\/\\\/www.purejewels.com\\\/#\\\/schema\\\/logo\\\/image\\\/\",\"url\":\"https:\\\/\\\/static.purejewels.com\\\/wp-content\\\/uploads\\\/2020\\\/11\\\/Logo-PJ-New-1.png\",\"contentUrl\":\"https:\\\/\\\/static.purejewels.com\\\/wp-content\\\/uploads\\\/2020\\\/11\\\/Logo-PJ-New-1.png\",\"width\":150,\"height\":80,\"caption\":\"PureJewels UK\"},\"image\":{\"@id\":\"https:\\\/\\\/www.purejewels.com\\\/#\\\/schema\\\/logo\\\/image\\\/\"}}]}<\/script>\n<!-- \/ Yoast SEO plugin. -->","yoast_head_json":{"title":"Tavus Ku\u015fu Motifli 22 Ayar G\u00fcn Do\u011fumu Alt\u0131n Kolye | PureJewels UK","description":"22ct Sunrise Gold Tavus Ku\u015fu Motifli Kolye ile i\u00e7inizdeki \u0131\u015f\u0131lt\u0131y\u0131 ortaya \u00e7\u0131kar\u0131n. \u015eimdi al\u0131\u015fveri\u015f yap\u0131n ve m\u00fckemmel par\u00e7an\u0131z\u0131 PureJewels,UK'de bulun.","robots":{"index":"index","follow":"follow","max-snippet":"max-snippet:-1","max-image-preview":"max-image-preview:large","max-video-preview":"max-video-preview:-1"},"canonical":"https:\/\/www.purejewels.com\/tr\/urun\/tavus-kusu-motifli-22-ayar-gundogumu-altin-kolye-48470\/","og_locale":"tr_TR","og_type":"article","og_title":"22ct Sunrise Gold Necklace with Peacock Motif | PureJewels UK","og_description":"Unleash your inner radiance with our 22ct Sunrise Gold Peacock Motif Necklace. Shop now and find your perfect piece at PureJewels,UK.","og_url":"https:\/\/www.purejewels.com\/tr\/urun\/tavus-kusu-motifli-22-ayar-gundogumu-altin-kolye-48470\/","og_site_name":"PureJewels UK","article_modified_time":"2026-02-09T09:09:31+00:00","og_image":[{"width":1000,"height":1000,"url":"https:\/\/static.purejewels.com\/wp-content\/uploads\/2024\/05\/46470.png","type":"image\/png"}],"twitter_card":"summary_large_image","twitter_misc":{"Tahmini okuma s\u00fcresi":"2 dakika"},"schema":{"@context":"https:\/\/schema.org","@graph":[{"@type":["WebPage","ItemPage"],"@id":"https:\/\/www.purejewels.com\/product\/22ct-sunrise-gold-necklace-with-peacock-motif-48470\/","url":"https:\/\/www.purejewels.com\/product\/22ct-sunrise-gold-necklace-with-peacock-motif-48470\/","name":"Tavus Ku\u015fu Motifli 22 Ayar G\u00fcn Do\u011fumu Alt\u0131n Kolye | PureJewels UK","isPartOf":{"@id":"https:\/\/www.purejewels.com\/#website"},"primaryImageOfPage":{"@id":"https:\/\/www.purejewels.com\/product\/22ct-sunrise-gold-necklace-with-peacock-motif-48470\/#primaryimage"},"image":{"@id":"https:\/\/www.purejewels.com\/product\/22ct-sunrise-gold-necklace-with-peacock-motif-48470\/#primaryimage"},"thumbnailUrl":"https:\/\/static.purejewels.com\/wp-content\/uploads\/2024\/05\/46470.png","datePublished":"2024-05-19T11:37:41+00:00","dateModified":"2026-02-09T09:09:31+00:00","description":"22ct Sunrise Gold Tavus Ku\u015fu Motifli Kolye ile i\u00e7inizdeki \u0131\u015f\u0131lt\u0131y\u0131 ortaya \u00e7\u0131kar\u0131n. \u015eimdi al\u0131\u015fveri\u015f yap\u0131n ve m\u00fckemmel par\u00e7an\u0131z\u0131 PureJewels,UK'de bulun.","breadcrumb":{"@id":"https:\/\/www.purejewels.com\/product\/22ct-sunrise-gold-necklace-with-peacock-motif-48470\/#breadcrumb"},"inLanguage":"tr","potentialAction":[{"@type":"ReadAction","target":["https:\/\/www.purejewels.com\/product\/22ct-sunrise-gold-necklace-with-peacock-motif-48470\/"]}]},{"@type":"ImageObject","inLanguage":"tr","@id":"https:\/\/www.purejewels.com\/product\/22ct-sunrise-gold-necklace-with-peacock-motif-48470\/#primaryimage","url":"https:\/\/static.purejewels.com\/wp-content\/uploads\/2024\/05\/46470.png","contentUrl":"https:\/\/static.purejewels.com\/wp-content\/uploads\/2024\/05\/46470.png","width":1000,"height":1000,"caption":"contemporary Gold Jewellery"},{"@type":"BreadcrumbList","@id":"https:\/\/www.purejewels.com\/product\/22ct-sunrise-gold-necklace-with-peacock-motif-48470\/#breadcrumb","itemListElement":[{"@type":"ListItem","position":1,"name":"Home","item":"https:\/\/www.purejewels.com\/"},{"@type":"ListItem","position":2,"name":"Shop","item":"https:\/\/www.purejewels.com\/shop\/"},{"@type":"ListItem","position":3,"name":"22ct Sunrise Gold Necklace with Peacock Motif"}]},{"@type":"WebSite","@id":"https:\/\/www.purejewels.com\/#website","url":"https:\/\/www.purejewels.com\/","name":"PureJewels \u0130ngiltere","description":"Sevgiyi Payla\u015f\u0131n","publisher":{"@id":"https:\/\/www.purejewels.com\/#organization"},"potentialAction":[{"@type":"SearchAction","target":{"@type":"EntryPoint","urlTemplate":"https:\/\/www.purejewels.com\/?s={search_term_string}"},"query-input":{"@type":"PropertyValueSpecification","valueRequired":true,"valueName":"search_term_string"}}],"inLanguage":"tr"},{"@type":"Organization","@id":"https:\/\/www.purejewels.com\/#organization","name":"PureJewels \u0130ngiltere","url":"https:\/\/www.purejewels.com\/","logo":{"@type":"ImageObject","inLanguage":"tr","@id":"https:\/\/www.purejewels.com\/#\/schema\/logo\/image\/","url":"https:\/\/static.purejewels.com\/wp-content\/uploads\/2020\/11\/Logo-PJ-New-1.png","contentUrl":"https:\/\/static.purejewels.com\/wp-content\/uploads\/2020\/11\/Logo-PJ-New-1.png","width":150,"height":80,"caption":"PureJewels UK"},"image":{"@id":"https:\/\/www.purejewels.com\/#\/schema\/logo\/image\/"}}]}},"_links":{"self":[{"href":"https:\/\/www.purejewels.com\/tr\/wp-json\/wp\/v2\/product\/362750","targetHints":{"allow":["GET"]}}],"collection":[{"href":"https:\/\/www.purejewels.com\/tr\/wp-json\/wp\/v2\/product"}],"about":[{"href":"https:\/\/www.purejewels.com\/tr\/wp-json\/wp\/v2\/types\/product"}],"replies":[{"embeddable":true,"href":"https:\/\/www.purejewels.com\/tr\/wp-json\/wp\/v2\/comments?post=362750"}],"version-history":[{"count":4,"href":"https:\/\/www.purejewels.com\/tr\/wp-json\/wp\/v2\/product\/362750\/revisions"}],"predecessor-version":[{"id":375909,"href":"https:\/\/www.purejewels.com\/tr\/wp-json\/wp\/v2\/product\/362750\/revisions\/375909"}],"wp:featuredmedia":[{"embeddable":true,"href":"https:\/\/www.purejewels.com\/tr\/wp-json\/wp\/v2\/media\/362912"}],"wp:attachment":[{"href":"https:\/\/www.purejewels.com\/tr\/wp-json\/wp\/v2\/media?parent=362750"}],"wp:term":[{"taxonomy":"product_brand","embeddable":true,"href":"https:\/\/www.purejewels.com\/tr\/wp-json\/wp\/v2\/product_brand?post=362750"},{"taxonomy":"product_cat","embeddable":true,"href":"https:\/\/www.purejewels.com\/tr\/wp-json\/wp\/v2\/product_cat?post=362750"},{"taxonomy":"product_tag","embeddable":true,"href":"https:\/\/www.purejewels.com\/tr\/wp-json\/wp\/v2\/product_tag?post=362750"}],"curies":[{"name":"wp","href":"https:\/\/api.w.org\/{rel}","templated":true}]}}