{"id":364133,"date":"2024-05-05T05:46:49","date_gmt":"2024-05-05T04:46:49","guid":{"rendered":"https:\/\/www.purejewels.com\/?post_type=product&#038;p=364133"},"modified":"2026-04-27T11:01:40","modified_gmt":"2026-04-27T10:01:40","slug":"incili-22-ayar-altin-zincir-48342","status":"publish","type":"product","link":"https:\/\/www.purejewels.com\/tr\/product\/22ct-gold-chain-with-pearls-48342\/","title":{"rendered":"\u0130ncili 22 Ayar Alt\u0131n Zincir | 16 \u0130n\u00e7"},"content":{"rendered":"<h3 data-start=\"277\" data-end=\"301\"><strong data-start=\"281\" data-end=\"299\">Tasar\u0131m Konsepti<\/strong><\/h3>\n<p data-start=\"302\" data-end=\"758\">Bu <a href=\"https:\/\/www.purejewels.com\/tr\/product\/22ct-gold-jali-filigree-ring-jali-collection-31926\/\">22ct<\/a> Alt\u0131n <a href=\"https:\/\/www.purejewels.com\/tr\/product\/22ct-gold-pearl-chain-necklace-21-inches-47103\/\">\u0130nci Zincir<\/a> rafine sadeli\u011fin bir kutlamas\u0131d\u0131r. Klasik aile yadigarlar\u0131ndan ilham alan bu tasar\u0131m, saf alt\u0131n\u0131n \u0131\u015f\u0131lt\u0131l\u0131 s\u0131cakl\u0131\u011f\u0131n\u0131 incilerin zamans\u0131z g\u00fczelli\u011fiyle bir araya getiriyor. Zincir boyunca \u00f6zenle yerle\u015ftirilen her bir inci, hareket halindeki zarafeti yans\u0131tan zarif bir ritim yarat\u0131yor. Geleneksel m\u00fccevherlere modern bir \u00f6vg\u00fc niteli\u011findeki bu tasar\u0131m, ince bir l\u00fcks\u00fc ve mirasla anlaml\u0131 bir ba\u011f\u0131 takdir eden kad\u0131nlar i\u00e7in idealdir.<\/p>\n<h3 data-start=\"765\" data-end=\"788\"><strong data-start=\"769\" data-end=\"786\">Zanaatkarl\u0131k<\/strong><\/h3>\n<p data-start=\"789\" data-end=\"1331\">Y\u00fcksek safl\u0131kta el yap\u0131m\u0131 <a href=\"https:\/\/www.purejewels.com\/tr\/product\/holy-cross-gold-pendant-44713\/\">22 ayar alt\u0131n<\/a>, Bu kolye, nesiller boyunca aktar\u0131lan titiz bir sanat ve deneyimin \u00fcr\u00fcn\u00fcd\u00fcr. Zincir, Londra Assay Ofisi taraf\u0131ndan damgalanarak orijinalli\u011fi ve alt\u0131n i\u00e7eri\u011fi belgelenmi\u015ftir. Her bir 4 mm inci, dengeli ve kal\u0131c\u0131 bir tasar\u0131m sa\u011flamak i\u00e7in \u00f6zenle dizilmi\u015ftir. K\u00f6pr\u00fcc\u00fck kemi\u011fine g\u00fczel bir \u015fekilde oturmas\u0131 i\u00e7in \u00f6zenle se\u00e7ilen 16 in\u00e7 uzunluk hem \u00e7ok y\u00f6nl\u00fcl\u00fck hem de rahatl\u0131k sunar. Her bir par\u00e7a elle monte edilip tamamlanarak sadece bir m\u00fccevher de\u011fil, ayn\u0131 zamanda ki\u015fisel bir hat\u0131ra haline getirilmi\u015ftir.<\/p>\n<h3 data-start=\"1338\" data-end=\"1361\"><strong data-start=\"1342\" data-end=\"1359\">Stil Fikirleri<\/strong><\/h3>\n<p data-start=\"1362\" data-end=\"1835\">\u0130ster tek ba\u015f\u0131na ister kat kat tak\u0131ls\u0131n, Alt\u0131n \u0130nci Zincir her kombine sofistike bir dokunu\u015f getirir. \u0130pek bir saree ya da zarif bir elbisenin \u00fczerine sar\u0131ld\u0131\u011f\u0131nda zahmetsizce g\u00fcnl\u00fck k\u0131yafetlerle e\u015fle\u015fir; ancak g\u00fcnd\u00fcz \u015f\u0131kl\u0131\u011f\u0131 i\u00e7in net bir bluz ya da minimalist bir \u00f6rg\u00fc ile kullan\u0131ld\u0131\u011f\u0131nda da ayn\u0131 derecede \u00e7arp\u0131c\u0131d\u0131r. Daha \u00e7a\u011fda\u015f bir g\u00f6r\u00fcn\u00fcm i\u00e7in daha uzun alt\u0131n zincirler veya narin kolyelerle katmanlay\u0131n. Bu par\u00e7a ayn\u0131 zamanda d\u00fc\u011f\u00fcnler, y\u0131ld\u00f6n\u00fcmleri veya sadece kendini kutlamak i\u00e7in ideal olan de\u011ferli bir hediyedir.<\/p>","protected":false},"excerpt":{"rendered":"<table class=\"sh_desc\">\n<tbody>\n<tr>\n<td>Kolye \u00c7e\u015fitleri<\/td>\n<td>Mala Tarz\u0131 Kolyeler<\/td>\n<\/tr>\n<tr>\n<td>SKU<\/td>\n<td>48342, 48336<\/td>\n<\/tr>\n<tr>\n<td>A\u011f\u0131rl\u0131k<\/td>\n<td>11.8 Gms<\/td>\n<\/tr>\n<tr>\n<td>Metal<\/td>\n<td>22 Ayar Alt\u0131n<\/td>\n<\/tr>\n<tr>\n<td>Uzunluk<\/td>\n<td>16 in\u00e7<\/td>\n<\/tr>\n<tr>\n<td>Boncuk Boyutu<\/td>\n<td>4 mm<\/td>\n<\/tr>\n<tr>\n<td>Hallmark<\/td>\n<td>Londra Tahlil Ofisi Taraf\u0131ndan Damgalanm\u0131\u015f 22 Ayar Alt\u0131n<\/td>\n<\/tr>\n<tr>\n<td>\u00dccretler<\/td>\n<td>Teslimat ve KDV Dahil<\/td>\n<\/tr>\n<tr>\n<td>Paketleme<\/td>\n<td>Sunum Kutusu ile Birlikte Gelir<\/td>\n<\/tr>\n<tr>\n<td>Daha Fazla Bilgi<\/td>\n<td>M\u00fcsaitlik durumu ve daha fazla resim i\u00e7in bizimle canl\u0131 sohbet edin<\/td>\n<\/tr>\n<\/tbody>\n<\/table>","protected":false},"featured_media":340172,"comment_status":"closed","ping_status":"closed","template":"","meta":{"_eb_attr":"","_crsspst_to_jayantr4sg-hostcom":false},"product_brand":[],"product_cat":[1791,1617,1559,6049,1475,1229,1253,1779,1570,5456,1569,1573],"product_tag":[],"class_list":{"0":"post-364133","1":"product","2":"type-product","3":"status-publish","4":"has-post-thumbnail","6":"product_cat-anniversary-gifts","7":"product_cat-fancy-mala-chains","8":"product_cat-birthday-gifts","9":"product_cat-fancy-chain","10":"product_cat-gold-chains","11":"product_cat-22ct-gold-jewellery","12":"product_cat-gold-necklaces","13":"product_cat-mala-style-necklaces","14":"product_cat-mothers-day-gifts","15":"product_cat-pearl-collection","16":"product_cat-valentine-day-gifts","17":"product_cat-wedding-gifts","19":"first","20":"outofstock","21":"taxable","22":"shipping-taxable","23":"product-type-simple","24":"add-to-wishlist-before_image"},"yoast_head":"<!-- This site is optimized with the Yoast SEO plugin v27.5 - https:\/\/yoast.com\/product\/yoast-seo-wordpress\/ -->\n<title>Luxury 22ct Gold Pearl Chain in 16 Inches | PureJewels UK<\/title>\n<meta name=\"description\" content=\"Indulge in elegance with our luxurious 22ct gold pearl chain. Crafted from real gold, this exquisite necklace features lustrous freshwater pearls.\" \/>\n<meta name=\"robots\" content=\"index, follow, max-snippet:-1, max-image-preview:large, max-video-preview:-1\" \/>\n<link rel=\"canonical\" href=\"https:\/\/www.purejewels.com\/tr\/urun\/incili-22-ayar-altin-zincir-48342\/\" \/>\n<meta property=\"og:locale\" content=\"tr_TR\" \/>\n<meta property=\"og:type\" content=\"article\" \/>\n<meta property=\"og:title\" content=\"Luxury 22ct Gold Pearl Chain in 16 Inches | PureJewels UK\" \/>\n<meta property=\"og:description\" content=\"Indulge in elegance with our luxurious 22ct gold pearl chain. Crafted from real gold, this exquisite necklace features lustrous freshwater pearls.\" \/>\n<meta property=\"og:url\" content=\"https:\/\/www.purejewels.com\/tr\/urun\/incili-22-ayar-altin-zincir-48342\/\" \/>\n<meta property=\"og:site_name\" content=\"PureJewels UK\" \/>\n<meta property=\"article:modified_time\" content=\"2026-04-27T10:01:40+00:00\" \/>\n<meta property=\"og:image\" content=\"https:\/\/static.purejewels.com\/wp-content\/uploads\/2022\/10\/43597-43596-2-1.jpg\" \/>\n\t<meta property=\"og:image:width\" content=\"1000\" \/>\n\t<meta property=\"og:image:height\" content=\"1000\" \/>\n\t<meta property=\"og:image:type\" content=\"image\/jpeg\" \/>\n<meta name=\"twitter:card\" content=\"summary_large_image\" \/>\n<meta name=\"twitter:label1\" content=\"Tahmini okuma s\u00fcresi\" \/>\n\t<meta name=\"twitter:data1\" content=\"2 dakika\" \/>\n<script type=\"application\/ld+json\" class=\"yoast-schema-graph\">{\"@context\":\"https:\\\/\\\/schema.org\",\"@graph\":[{\"@type\":[\"WebPage\",\"ItemPage\"],\"@id\":\"https:\\\/\\\/www.purejewels.com\\\/product\\\/22ct-gold-chain-with-pearls-48342\\\/\",\"url\":\"https:\\\/\\\/www.purejewels.com\\\/product\\\/22ct-gold-chain-with-pearls-48342\\\/\",\"name\":\"Luxury 22ct Gold Pearl Chain in 16 Inches | PureJewels UK\",\"isPartOf\":{\"@id\":\"https:\\\/\\\/www.purejewels.com\\\/#website\"},\"primaryImageOfPage\":{\"@id\":\"https:\\\/\\\/www.purejewels.com\\\/product\\\/22ct-gold-chain-with-pearls-48342\\\/#primaryimage\"},\"image\":{\"@id\":\"https:\\\/\\\/www.purejewels.com\\\/product\\\/22ct-gold-chain-with-pearls-48342\\\/#primaryimage\"},\"thumbnailUrl\":\"https:\\\/\\\/static.purejewels.com\\\/wp-content\\\/uploads\\\/2022\\\/10\\\/43597-43596-2-1.jpg\",\"datePublished\":\"2024-05-05T04:46:49+00:00\",\"dateModified\":\"2026-04-27T10:01:40+00:00\",\"description\":\"Indulge in elegance with our luxurious 22ct gold pearl chain. Crafted from real gold, this exquisite necklace features lustrous freshwater pearls.\",\"breadcrumb\":{\"@id\":\"https:\\\/\\\/www.purejewels.com\\\/product\\\/22ct-gold-chain-with-pearls-48342\\\/#breadcrumb\"},\"inLanguage\":\"tr\",\"potentialAction\":[{\"@type\":\"ReadAction\",\"target\":[\"https:\\\/\\\/www.purejewels.com\\\/product\\\/22ct-gold-chain-with-pearls-48342\\\/\"]}]},{\"@type\":\"ImageObject\",\"inLanguage\":\"tr\",\"@id\":\"https:\\\/\\\/www.purejewels.com\\\/product\\\/22ct-gold-chain-with-pearls-48342\\\/#primaryimage\",\"url\":\"https:\\\/\\\/static.purejewels.com\\\/wp-content\\\/uploads\\\/2022\\\/10\\\/43597-43596-2-1.jpg\",\"contentUrl\":\"https:\\\/\\\/static.purejewels.com\\\/wp-content\\\/uploads\\\/2022\\\/10\\\/43597-43596-2-1.jpg\",\"width\":1000,\"height\":1000,\"caption\":\"Pearl Jewellery\"},{\"@type\":\"BreadcrumbList\",\"@id\":\"https:\\\/\\\/www.purejewels.com\\\/product\\\/22ct-gold-chain-with-pearls-48342\\\/#breadcrumb\",\"itemListElement\":[{\"@type\":\"ListItem\",\"position\":1,\"name\":\"Home\",\"item\":\"https:\\\/\\\/www.purejewels.com\\\/\"},{\"@type\":\"ListItem\",\"position\":2,\"name\":\"Shop\",\"item\":\"https:\\\/\\\/www.purejewels.com\\\/shop\\\/\"},{\"@type\":\"ListItem\",\"position\":3,\"name\":\"22ct Gold Chain with Pearls | 16 Inches\"}]},{\"@type\":\"WebSite\",\"@id\":\"https:\\\/\\\/www.purejewels.com\\\/#website\",\"url\":\"https:\\\/\\\/www.purejewels.com\\\/\",\"name\":\"PureJewels UK\",\"description\":\"Share the Love\",\"publisher\":{\"@id\":\"https:\\\/\\\/www.purejewels.com\\\/#organization\"},\"potentialAction\":[{\"@type\":\"SearchAction\",\"target\":{\"@type\":\"EntryPoint\",\"urlTemplate\":\"https:\\\/\\\/www.purejewels.com\\\/?s={search_term_string}\"},\"query-input\":{\"@type\":\"PropertyValueSpecification\",\"valueRequired\":true,\"valueName\":\"search_term_string\"}}],\"inLanguage\":\"tr\"},{\"@type\":\"Organization\",\"@id\":\"https:\\\/\\\/www.purejewels.com\\\/#organization\",\"name\":\"PureJewels UK\",\"url\":\"https:\\\/\\\/www.purejewels.com\\\/\",\"logo\":{\"@type\":\"ImageObject\",\"inLanguage\":\"tr\",\"@id\":\"https:\\\/\\\/www.purejewels.com\\\/#\\\/schema\\\/logo\\\/image\\\/\",\"url\":\"https:\\\/\\\/static.purejewels.com\\\/wp-content\\\/uploads\\\/2020\\\/11\\\/Logo-PJ-New-1.png\",\"contentUrl\":\"https:\\\/\\\/static.purejewels.com\\\/wp-content\\\/uploads\\\/2020\\\/11\\\/Logo-PJ-New-1.png\",\"width\":150,\"height\":80,\"caption\":\"PureJewels UK\"},\"image\":{\"@id\":\"https:\\\/\\\/www.purejewels.com\\\/#\\\/schema\\\/logo\\\/image\\\/\"}}]}<\/script>\n<!-- \/ Yoast SEO plugin. -->","yoast_head_json":{"title":"L\u00fcks 22 Ayar Alt\u0131n \u0130nci Zincir 16 \u0130n\u00e7 | PureJewels UK","description":"L\u00fcks 22 ayar alt\u0131n inci zincirimizle \u015f\u0131kl\u0131\u011f\u0131n tad\u0131n\u0131 \u00e7\u0131kar\u0131n. Ger\u00e7ek alt\u0131ndan \u00fcretilen bu zarif kolye, parlak tatl\u0131 su incilerine sahiptir.","robots":{"index":"index","follow":"follow","max-snippet":"max-snippet:-1","max-image-preview":"max-image-preview:large","max-video-preview":"max-video-preview:-1"},"canonical":"https:\/\/www.purejewels.com\/tr\/urun\/incili-22-ayar-altin-zincir-48342\/","og_locale":"tr_TR","og_type":"article","og_title":"Luxury 22ct Gold Pearl Chain in 16 Inches | PureJewels UK","og_description":"Indulge in elegance with our luxurious 22ct gold pearl chain. Crafted from real gold, this exquisite necklace features lustrous freshwater pearls.","og_url":"https:\/\/www.purejewels.com\/tr\/urun\/incili-22-ayar-altin-zincir-48342\/","og_site_name":"PureJewels UK","article_modified_time":"2026-04-27T10:01:40+00:00","og_image":[{"width":1000,"height":1000,"url":"https:\/\/static.purejewels.com\/wp-content\/uploads\/2022\/10\/43597-43596-2-1.jpg","type":"image\/jpeg"}],"twitter_card":"summary_large_image","twitter_misc":{"Tahmini okuma s\u00fcresi":"2 dakika"},"schema":{"@context":"https:\/\/schema.org","@graph":[{"@type":["WebPage","ItemPage"],"@id":"https:\/\/www.purejewels.com\/product\/22ct-gold-chain-with-pearls-48342\/","url":"https:\/\/www.purejewels.com\/product\/22ct-gold-chain-with-pearls-48342\/","name":"L\u00fcks 22 Ayar Alt\u0131n \u0130nci Zincir 16 \u0130n\u00e7 | PureJewels UK","isPartOf":{"@id":"https:\/\/www.purejewels.com\/#website"},"primaryImageOfPage":{"@id":"https:\/\/www.purejewels.com\/product\/22ct-gold-chain-with-pearls-48342\/#primaryimage"},"image":{"@id":"https:\/\/www.purejewels.com\/product\/22ct-gold-chain-with-pearls-48342\/#primaryimage"},"thumbnailUrl":"https:\/\/static.purejewels.com\/wp-content\/uploads\/2022\/10\/43597-43596-2-1.jpg","datePublished":"2024-05-05T04:46:49+00:00","dateModified":"2026-04-27T10:01:40+00:00","description":"L\u00fcks 22 ayar alt\u0131n inci zincirimizle \u015f\u0131kl\u0131\u011f\u0131n tad\u0131n\u0131 \u00e7\u0131kar\u0131n. Ger\u00e7ek alt\u0131ndan \u00fcretilen bu zarif kolye, parlak tatl\u0131 su incilerine sahiptir.","breadcrumb":{"@id":"https:\/\/www.purejewels.com\/product\/22ct-gold-chain-with-pearls-48342\/#breadcrumb"},"inLanguage":"tr","potentialAction":[{"@type":"ReadAction","target":["https:\/\/www.purejewels.com\/product\/22ct-gold-chain-with-pearls-48342\/"]}]},{"@type":"ImageObject","inLanguage":"tr","@id":"https:\/\/www.purejewels.com\/product\/22ct-gold-chain-with-pearls-48342\/#primaryimage","url":"https:\/\/static.purejewels.com\/wp-content\/uploads\/2022\/10\/43597-43596-2-1.jpg","contentUrl":"https:\/\/static.purejewels.com\/wp-content\/uploads\/2022\/10\/43597-43596-2-1.jpg","width":1000,"height":1000,"caption":"Pearl Jewellery"},{"@type":"BreadcrumbList","@id":"https:\/\/www.purejewels.com\/product\/22ct-gold-chain-with-pearls-48342\/#breadcrumb","itemListElement":[{"@type":"ListItem","position":1,"name":"Home","item":"https:\/\/www.purejewels.com\/"},{"@type":"ListItem","position":2,"name":"Shop","item":"https:\/\/www.purejewels.com\/shop\/"},{"@type":"ListItem","position":3,"name":"22ct Gold Chain with Pearls | 16 Inches"}]},{"@type":"WebSite","@id":"https:\/\/www.purejewels.com\/#website","url":"https:\/\/www.purejewels.com\/","name":"PureJewels \u0130ngiltere","description":"Sevgiyi Payla\u015f\u0131n","publisher":{"@id":"https:\/\/www.purejewels.com\/#organization"},"potentialAction":[{"@type":"SearchAction","target":{"@type":"EntryPoint","urlTemplate":"https:\/\/www.purejewels.com\/?s={search_term_string}"},"query-input":{"@type":"PropertyValueSpecification","valueRequired":true,"valueName":"search_term_string"}}],"inLanguage":"tr"},{"@type":"Organization","@id":"https:\/\/www.purejewels.com\/#organization","name":"PureJewels \u0130ngiltere","url":"https:\/\/www.purejewels.com\/","logo":{"@type":"ImageObject","inLanguage":"tr","@id":"https:\/\/www.purejewels.com\/#\/schema\/logo\/image\/","url":"https:\/\/static.purejewels.com\/wp-content\/uploads\/2020\/11\/Logo-PJ-New-1.png","contentUrl":"https:\/\/static.purejewels.com\/wp-content\/uploads\/2020\/11\/Logo-PJ-New-1.png","width":150,"height":80,"caption":"PureJewels UK"},"image":{"@id":"https:\/\/www.purejewels.com\/#\/schema\/logo\/image\/"}}]}},"_links":{"self":[{"href":"https:\/\/www.purejewels.com\/tr\/wp-json\/wp\/v2\/product\/364133","targetHints":{"allow":["GET"]}}],"collection":[{"href":"https:\/\/www.purejewels.com\/tr\/wp-json\/wp\/v2\/product"}],"about":[{"href":"https:\/\/www.purejewels.com\/tr\/wp-json\/wp\/v2\/types\/product"}],"replies":[{"embeddable":true,"href":"https:\/\/www.purejewels.com\/tr\/wp-json\/wp\/v2\/comments?post=364133"}],"version-history":[{"count":4,"href":"https:\/\/www.purejewels.com\/tr\/wp-json\/wp\/v2\/product\/364133\/revisions"}],"predecessor-version":[{"id":420437,"href":"https:\/\/www.purejewels.com\/tr\/wp-json\/wp\/v2\/product\/364133\/revisions\/420437"}],"wp:featuredmedia":[{"embeddable":true,"href":"https:\/\/www.purejewels.com\/tr\/wp-json\/wp\/v2\/media\/340172"}],"wp:attachment":[{"href":"https:\/\/www.purejewels.com\/tr\/wp-json\/wp\/v2\/media?parent=364133"}],"wp:term":[{"taxonomy":"product_brand","embeddable":true,"href":"https:\/\/www.purejewels.com\/tr\/wp-json\/wp\/v2\/product_brand?post=364133"},{"taxonomy":"product_cat","embeddable":true,"href":"https:\/\/www.purejewels.com\/tr\/wp-json\/wp\/v2\/product_cat?post=364133"},{"taxonomy":"product_tag","embeddable":true,"href":"https:\/\/www.purejewels.com\/tr\/wp-json\/wp\/v2\/product_tag?post=364133"}],"curies":[{"name":"wp","href":"https:\/\/api.w.org\/{rel}","templated":true}]}}