{"id":364139,"date":"2024-05-05T06:08:19","date_gmt":"2024-05-05T05:08:19","guid":{"rendered":"https:\/\/www.purejewels.com\/?post_type=product&#038;p=364139"},"modified":"2024-06-24T08:03:53","modified_gmt":"2024-06-24T07:03:53","slug":"incili-22-ayar-altin-zincir-48339","status":"publish","type":"product","link":"https:\/\/www.purejewels.com\/tr\/product\/22ct-gold-chain-with-pearls-48339\/","title":{"rendered":"\u0130ncili 22 Ayar Alt\u0131n Zincir | 16,5 \u0130n\u00e7"},"content":{"rendered":"<ul>\n<li>Aral\u0131k Kimli\u011fi: JWCHCGPL002<\/li>\n<li>\n<h3>22 Ayar Alt\u0131n \u0130nci Zincir | 16,5 \u0130n\u00e7 | 3,5 mm Tatl\u0131 Su \u0130ncileri<\/h3>\n<p>Zamans\u0131z \u015f\u0131kl\u0131\u011f\u0131m\u0131zla kendinizi \u015f\u0131mart\u0131n <a href=\"https:\/\/www.purejewels.com\/tr\/product\/22ct-gold-jali-filigree-ring-jali-collection-31926\/\">22ct<\/a> Alt\u0131n <a href=\"https:\/\/www.purejewels.com\/tr\/product\/22ct-gold-pearl-chain-necklace-21-inches-47103\/\">\u0130nci Zincir<\/a>3,5 mm tatl\u0131 su incileriyle ustal\u0131kla tasarlanm\u0131\u015ft\u0131r. 16,5 in\u00e7 uzunlu\u011fundaki bu zarif par\u00e7a, k\u00f6pr\u00fcc\u00fck kemi\u011fine zarif bir \u015fekilde oturur ve her k\u0131yafete sofistike bir cazibe katar.<\/p>\n<p>I\u015f\u0131lt\u0131l\u0131 parlakl\u0131\u011f\u0131 ve kusursuz kalitesi i\u00e7in titizlikle se\u00e7ilen her inci, 22 ayar incinin l\u00fcks zeminine yerle\u015ftirilmi\u015ftir. <a href=\"https:\/\/www.purejewels.com\/tr\/elegance-of-sold-gold\/\">ger\u00e7ek alt\u0131n<\/a>. Bu birinci s\u0131n\u0131f malzemelerin birle\u015fimi, hem zarafet hem de zenginlik yayan bir kolye ortaya \u00e7\u0131kar\u0131r.<\/p>\n<p>Ara s\u0131ra takmak i\u00e7in m\u00fckemmel olan bu Alt\u0131n \u0130nci Zincir, ister resmi bir etkinlik, ister samimi bir toplant\u0131 ya da \u00f6zel bir kutlama i\u00e7in olsun, tarz\u0131n\u0131z\u0131 zahmetsizce geli\u015ftirir. Narin ama etkili tasar\u0131m\u0131 \u00f6ne \u00e7\u0131kmas\u0131n\u0131 sa\u011flarken, klasik zarafeti onu her m\u00fccevher koleksiyonuna \u00e7ok y\u00f6nl\u00fc bir katk\u0131 haline getirir.<\/p>\n<p>G\u00f6r\u00fcn\u00fcm\u00fcn\u00fcz\u00fc bu \u00e7arp\u0131c\u0131 <a href=\"https:\/\/www.purejewels.com\/tr\/product\/holy-cross-gold-pendant-44713\/\">22 Ayar Alt\u0131n<\/a> \u0130nci Zincir. \u0130ster ki\u015fisel bir zevk ister sevdi\u011finiz biri i\u00e7in de\u011ferli bir hediye olsun, bu kolye nesiller boyu de\u011fer verilecek sofistike ve zamans\u0131z g\u00fczelli\u011fin zirvesini temsil eder.<\/li>\n<\/ul>","protected":false},"excerpt":{"rendered":"<table class=\"sh_desc\">\n<tbody>\n<tr>\n<td>Kolye \u00c7e\u015fitleri<\/td>\n<td>Mala Tarz\u0131 Kolyeler<\/td>\n<\/tr>\n<tr>\n<td>SKU<\/td>\n<td>48339<\/td>\n<\/tr>\n<tr>\n<td>A\u011f\u0131rl\u0131k<\/td>\n<td>7.6 Gms<\/td>\n<\/tr>\n<tr>\n<td>Metal<\/td>\n<td>22 Ayar Alt\u0131n<\/td>\n<\/tr>\n<tr>\n<td>Uzunluk<\/td>\n<td>16,5 in\u00e7<\/td>\n<\/tr>\n<tr>\n<td>Boncuk Boyutu<\/td>\n<td>3 mm<\/td>\n<\/tr>\n<tr>\n<td>Hallmark<\/td>\n<td>Londra Tahlil Ofisi Taraf\u0131ndan Damgalanm\u0131\u015f 22 Ayar Alt\u0131n<\/td>\n<\/tr>\n<tr>\n<td>\u00dccretler<\/td>\n<td>Teslimat ve KDV Dahil<\/td>\n<\/tr>\n<tr>\n<td>Paketleme<\/td>\n<td>Sunum Kutusu ile Birlikte Gelir<\/td>\n<\/tr>\n<tr>\n<td>Daha Fazla Bilgi<\/td>\n<td>M\u00fcsaitlik durumu ve daha fazla resim i\u00e7in bizimle canl\u0131 sohbet edin<\/td>\n<\/tr>\n<\/tbody>\n<\/table>","protected":false},"featured_media":340172,"comment_status":"closed","ping_status":"closed","template":"","meta":{"_eb_attr":"","_crsspst_to_jayantr4sg-hostcom":false},"product_brand":[],"product_cat":[5264,1791,1617,1559,1793,1792,1229,1779,1570,5456,1569,1573],"product_tag":[],"class_list":{"0":"post-364139","1":"product","2":"type-product","3":"status-publish","4":"has-post-thumbnail","6":"product_cat-22ct-gold-chain","7":"product_cat-anniversary-gifts","8":"product_cat-fancy-mala-chains","9":"product_cat-birthday-gifts","10":"product_cat-diwali-gifts","11":"product_cat-festival-gifts","12":"product_cat-22ct-gold-jewellery","13":"product_cat-mala-style-necklaces","14":"product_cat-mothers-day-gifts","15":"product_cat-pearl-collection","16":"product_cat-valentine-day-gifts","17":"product_cat-wedding-gifts","19":"first","20":"outofstock","21":"taxable","22":"shipping-taxable","23":"product-type-simple","24":"add-to-wishlist-before_image"},"yoast_head":"<!-- This site is optimized with the Yoast SEO plugin v27.3 - https:\/\/yoast.com\/product\/yoast-seo-wordpress\/ -->\n<title>The Perfect Gift: 16.5 Inch 22ct Gold Pearl Chain | PureJewels UK<\/title>\n<meta name=\"description\" content=\"This 22ct Gold Pearl Chain is expertly designed with 3.5mm freshwater pearls. At 16.5 inches in length, this piece sits gracefully at the collarbone.\" \/>\n<meta name=\"robots\" content=\"index, follow, max-snippet:-1, max-image-preview:large, max-video-preview:-1\" \/>\n<link rel=\"canonical\" href=\"https:\/\/www.purejewels.com\/tr\/urun\/incili-22-ayar-altin-zincir-48339\/\" \/>\n<meta property=\"og:locale\" content=\"tr_TR\" \/>\n<meta property=\"og:type\" content=\"article\" \/>\n<meta property=\"og:title\" content=\"The Perfect Gift: 16.5 Inch 22ct Gold Pearl Chain | PureJewels UK\" \/>\n<meta property=\"og:description\" content=\"This 22ct Gold Pearl Chain is expertly designed with 3.5mm freshwater pearls. At 16.5 inches in length, this piece sits gracefully at the collarbone.\" \/>\n<meta property=\"og:url\" content=\"https:\/\/www.purejewels.com\/tr\/urun\/incili-22-ayar-altin-zincir-48339\/\" \/>\n<meta property=\"og:site_name\" content=\"PureJewels UK\" \/>\n<meta property=\"article:modified_time\" content=\"2024-06-24T07:03:53+00:00\" \/>\n<meta property=\"og:image\" content=\"https:\/\/www.purejewels.com\/wp-content\/uploads\/2022\/10\/43597-43596-2-1.jpg\" \/>\n\t<meta property=\"og:image:width\" content=\"1000\" \/>\n\t<meta property=\"og:image:height\" content=\"1000\" \/>\n\t<meta property=\"og:image:type\" content=\"image\/jpeg\" \/>\n<meta name=\"twitter:card\" content=\"summary_large_image\" \/>\n<meta name=\"twitter:label1\" content=\"Tahmini okuma s\u00fcresi\" \/>\n\t<meta name=\"twitter:data1\" content=\"1 dakika\" \/>\n<script type=\"application\/ld+json\" class=\"yoast-schema-graph\">{\"@context\":\"https:\\\/\\\/schema.org\",\"@graph\":[{\"@type\":[\"WebPage\",\"ItemPage\"],\"@id\":\"https:\\\/\\\/www.purejewels.com\\\/product\\\/22ct-gold-chain-with-pearls-48339\\\/\",\"url\":\"https:\\\/\\\/www.purejewels.com\\\/product\\\/22ct-gold-chain-with-pearls-48339\\\/\",\"name\":\"The Perfect Gift: 16.5 Inch 22ct Gold Pearl Chain | PureJewels UK\",\"isPartOf\":{\"@id\":\"https:\\\/\\\/www.purejewels.com\\\/#website\"},\"primaryImageOfPage\":{\"@id\":\"https:\\\/\\\/www.purejewels.com\\\/product\\\/22ct-gold-chain-with-pearls-48339\\\/#primaryimage\"},\"image\":{\"@id\":\"https:\\\/\\\/www.purejewels.com\\\/product\\\/22ct-gold-chain-with-pearls-48339\\\/#primaryimage\"},\"thumbnailUrl\":\"https:\\\/\\\/static.purejewels.com\\\/wp-content\\\/uploads\\\/2022\\\/10\\\/43597-43596-2-1.jpg\",\"datePublished\":\"2024-05-05T05:08:19+00:00\",\"dateModified\":\"2024-06-24T07:03:53+00:00\",\"description\":\"This 22ct Gold Pearl Chain is expertly designed with 3.5mm freshwater pearls. At 16.5 inches in length, this piece sits gracefully at the collarbone.\",\"breadcrumb\":{\"@id\":\"https:\\\/\\\/www.purejewels.com\\\/product\\\/22ct-gold-chain-with-pearls-48339\\\/#breadcrumb\"},\"inLanguage\":\"tr\",\"potentialAction\":[{\"@type\":\"ReadAction\",\"target\":[\"https:\\\/\\\/www.purejewels.com\\\/product\\\/22ct-gold-chain-with-pearls-48339\\\/\"]}]},{\"@type\":\"ImageObject\",\"inLanguage\":\"tr\",\"@id\":\"https:\\\/\\\/www.purejewels.com\\\/product\\\/22ct-gold-chain-with-pearls-48339\\\/#primaryimage\",\"url\":\"https:\\\/\\\/static.purejewels.com\\\/wp-content\\\/uploads\\\/2022\\\/10\\\/43597-43596-2-1.jpg\",\"contentUrl\":\"https:\\\/\\\/static.purejewels.com\\\/wp-content\\\/uploads\\\/2022\\\/10\\\/43597-43596-2-1.jpg\",\"width\":1000,\"height\":1000,\"caption\":\"Pearl Jewellery\"},{\"@type\":\"BreadcrumbList\",\"@id\":\"https:\\\/\\\/www.purejewels.com\\\/product\\\/22ct-gold-chain-with-pearls-48339\\\/#breadcrumb\",\"itemListElement\":[{\"@type\":\"ListItem\",\"position\":1,\"name\":\"Home\",\"item\":\"https:\\\/\\\/www.purejewels.com\\\/\"},{\"@type\":\"ListItem\",\"position\":2,\"name\":\"Shop\",\"item\":\"https:\\\/\\\/www.purejewels.com\\\/shop\\\/\"},{\"@type\":\"ListItem\",\"position\":3,\"name\":\"22ct Gold Chain with Pearls | 16.5 Inches\"}]},{\"@type\":\"WebSite\",\"@id\":\"https:\\\/\\\/www.purejewels.com\\\/#website\",\"url\":\"https:\\\/\\\/www.purejewels.com\\\/\",\"name\":\"PureJewels UK\",\"description\":\"Share the Love\",\"publisher\":{\"@id\":\"https:\\\/\\\/www.purejewels.com\\\/#organization\"},\"potentialAction\":[{\"@type\":\"SearchAction\",\"target\":{\"@type\":\"EntryPoint\",\"urlTemplate\":\"https:\\\/\\\/www.purejewels.com\\\/?s={search_term_string}\"},\"query-input\":{\"@type\":\"PropertyValueSpecification\",\"valueRequired\":true,\"valueName\":\"search_term_string\"}}],\"inLanguage\":\"tr\"},{\"@type\":\"Organization\",\"@id\":\"https:\\\/\\\/www.purejewels.com\\\/#organization\",\"name\":\"PureJewels UK\",\"url\":\"https:\\\/\\\/www.purejewels.com\\\/\",\"logo\":{\"@type\":\"ImageObject\",\"inLanguage\":\"tr\",\"@id\":\"https:\\\/\\\/www.purejewels.com\\\/#\\\/schema\\\/logo\\\/image\\\/\",\"url\":\"https:\\\/\\\/static.purejewels.com\\\/wp-content\\\/uploads\\\/2020\\\/11\\\/Logo-PJ-New-1.png\",\"contentUrl\":\"https:\\\/\\\/static.purejewels.com\\\/wp-content\\\/uploads\\\/2020\\\/11\\\/Logo-PJ-New-1.png\",\"width\":150,\"height\":80,\"caption\":\"PureJewels UK\"},\"image\":{\"@id\":\"https:\\\/\\\/www.purejewels.com\\\/#\\\/schema\\\/logo\\\/image\\\/\"}}]}<\/script>\n<!-- \/ Yoast SEO plugin. -->","yoast_head_json":{"title":"M\u00fckemmel Hediye: 16,5 \u0130n\u00e7 22 Ayar Alt\u0131n \u0130nci Zincir | PureJewels UK","description":"Bu 22 Ayar Alt\u0131n \u0130nci Zincir, 3,5 mm tatl\u0131 su incileriyle ustal\u0131kla tasarlanm\u0131\u015ft\u0131r. Uzunlu\u011fu 16,5 in\u00e7 olan bu par\u00e7a k\u00f6pr\u00fcc\u00fck kemi\u011fine zarif bir \u015fekilde oturur.","robots":{"index":"index","follow":"follow","max-snippet":"max-snippet:-1","max-image-preview":"max-image-preview:large","max-video-preview":"max-video-preview:-1"},"canonical":"https:\/\/www.purejewels.com\/tr\/urun\/incili-22-ayar-altin-zincir-48339\/","og_locale":"tr_TR","og_type":"article","og_title":"The Perfect Gift: 16.5 Inch 22ct Gold Pearl Chain | PureJewels UK","og_description":"This 22ct Gold Pearl Chain is expertly designed with 3.5mm freshwater pearls. At 16.5 inches in length, this piece sits gracefully at the collarbone.","og_url":"https:\/\/www.purejewels.com\/tr\/urun\/incili-22-ayar-altin-zincir-48339\/","og_site_name":"PureJewels UK","article_modified_time":"2024-06-24T07:03:53+00:00","og_image":[{"width":1000,"height":1000,"url":"https:\/\/www.purejewels.com\/wp-content\/uploads\/2022\/10\/43597-43596-2-1.jpg","type":"image\/jpeg"}],"twitter_card":"summary_large_image","twitter_misc":{"Tahmini okuma s\u00fcresi":"1 dakika"},"schema":{"@context":"https:\/\/schema.org","@graph":[{"@type":["WebPage","ItemPage"],"@id":"https:\/\/www.purejewels.com\/product\/22ct-gold-chain-with-pearls-48339\/","url":"https:\/\/www.purejewels.com\/product\/22ct-gold-chain-with-pearls-48339\/","name":"M\u00fckemmel Hediye: 16,5 \u0130n\u00e7 22 Ayar Alt\u0131n \u0130nci Zincir | PureJewels UK","isPartOf":{"@id":"https:\/\/www.purejewels.com\/#website"},"primaryImageOfPage":{"@id":"https:\/\/www.purejewels.com\/product\/22ct-gold-chain-with-pearls-48339\/#primaryimage"},"image":{"@id":"https:\/\/www.purejewels.com\/product\/22ct-gold-chain-with-pearls-48339\/#primaryimage"},"thumbnailUrl":"https:\/\/static.purejewels.com\/wp-content\/uploads\/2022\/10\/43597-43596-2-1.jpg","datePublished":"2024-05-05T05:08:19+00:00","dateModified":"2024-06-24T07:03:53+00:00","description":"Bu 22 Ayar Alt\u0131n \u0130nci Zincir, 3,5 mm tatl\u0131 su incileriyle ustal\u0131kla tasarlanm\u0131\u015ft\u0131r. Uzunlu\u011fu 16,5 in\u00e7 olan bu par\u00e7a k\u00f6pr\u00fcc\u00fck kemi\u011fine zarif bir \u015fekilde oturur.","breadcrumb":{"@id":"https:\/\/www.purejewels.com\/product\/22ct-gold-chain-with-pearls-48339\/#breadcrumb"},"inLanguage":"tr","potentialAction":[{"@type":"ReadAction","target":["https:\/\/www.purejewels.com\/product\/22ct-gold-chain-with-pearls-48339\/"]}]},{"@type":"ImageObject","inLanguage":"tr","@id":"https:\/\/www.purejewels.com\/product\/22ct-gold-chain-with-pearls-48339\/#primaryimage","url":"https:\/\/static.purejewels.com\/wp-content\/uploads\/2022\/10\/43597-43596-2-1.jpg","contentUrl":"https:\/\/static.purejewels.com\/wp-content\/uploads\/2022\/10\/43597-43596-2-1.jpg","width":1000,"height":1000,"caption":"Pearl Jewellery"},{"@type":"BreadcrumbList","@id":"https:\/\/www.purejewels.com\/product\/22ct-gold-chain-with-pearls-48339\/#breadcrumb","itemListElement":[{"@type":"ListItem","position":1,"name":"Home","item":"https:\/\/www.purejewels.com\/"},{"@type":"ListItem","position":2,"name":"Shop","item":"https:\/\/www.purejewels.com\/shop\/"},{"@type":"ListItem","position":3,"name":"22ct Gold Chain with Pearls | 16.5 Inches"}]},{"@type":"WebSite","@id":"https:\/\/www.purejewels.com\/#website","url":"https:\/\/www.purejewels.com\/","name":"PureJewels \u0130ngiltere","description":"Sevgiyi Payla\u015f\u0131n","publisher":{"@id":"https:\/\/www.purejewels.com\/#organization"},"potentialAction":[{"@type":"SearchAction","target":{"@type":"EntryPoint","urlTemplate":"https:\/\/www.purejewels.com\/?s={search_term_string}"},"query-input":{"@type":"PropertyValueSpecification","valueRequired":true,"valueName":"search_term_string"}}],"inLanguage":"tr"},{"@type":"Organization","@id":"https:\/\/www.purejewels.com\/#organization","name":"PureJewels \u0130ngiltere","url":"https:\/\/www.purejewels.com\/","logo":{"@type":"ImageObject","inLanguage":"tr","@id":"https:\/\/www.purejewels.com\/#\/schema\/logo\/image\/","url":"https:\/\/static.purejewels.com\/wp-content\/uploads\/2020\/11\/Logo-PJ-New-1.png","contentUrl":"https:\/\/static.purejewels.com\/wp-content\/uploads\/2020\/11\/Logo-PJ-New-1.png","width":150,"height":80,"caption":"PureJewels UK"},"image":{"@id":"https:\/\/www.purejewels.com\/#\/schema\/logo\/image\/"}}]}},"_links":{"self":[{"href":"https:\/\/www.purejewels.com\/tr\/wp-json\/wp\/v2\/product\/364139","targetHints":{"allow":["GET"]}}],"collection":[{"href":"https:\/\/www.purejewels.com\/tr\/wp-json\/wp\/v2\/product"}],"about":[{"href":"https:\/\/www.purejewels.com\/tr\/wp-json\/wp\/v2\/types\/product"}],"replies":[{"embeddable":true,"href":"https:\/\/www.purejewels.com\/tr\/wp-json\/wp\/v2\/comments?post=364139"}],"version-history":[{"count":3,"href":"https:\/\/www.purejewels.com\/tr\/wp-json\/wp\/v2\/product\/364139\/revisions"}],"predecessor-version":[{"id":364453,"href":"https:\/\/www.purejewels.com\/tr\/wp-json\/wp\/v2\/product\/364139\/revisions\/364453"}],"wp:featuredmedia":[{"embeddable":true,"href":"https:\/\/www.purejewels.com\/tr\/wp-json\/wp\/v2\/media\/340172"}],"wp:attachment":[{"href":"https:\/\/www.purejewels.com\/tr\/wp-json\/wp\/v2\/media?parent=364139"}],"wp:term":[{"taxonomy":"product_brand","embeddable":true,"href":"https:\/\/www.purejewels.com\/tr\/wp-json\/wp\/v2\/product_brand?post=364139"},{"taxonomy":"product_cat","embeddable":true,"href":"https:\/\/www.purejewels.com\/tr\/wp-json\/wp\/v2\/product_cat?post=364139"},{"taxonomy":"product_tag","embeddable":true,"href":"https:\/\/www.purejewels.com\/tr\/wp-json\/wp\/v2\/product_tag?post=364139"}],"curies":[{"name":"wp","href":"https:\/\/api.w.org\/{rel}","templated":true}]}}