{"id":364141,"date":"2024-12-01T06:18:08","date_gmt":"2024-12-01T06:18:08","guid":{"rendered":"https:\/\/www.purejewels.com\/?post_type=product&#038;p=364141"},"modified":"2025-10-28T10:03:05","modified_gmt":"2025-10-28T10:03:05","slug":"22-ayar-altin-inci-zincir-48341","status":"publish","type":"product","link":"https:\/\/www.purejewels.com\/tr\/product\/22ct-gold-pearl-chain-48341\/","title":{"rendered":"22 Ayar Alt\u0131n \u0130nci Zincir | 17 \u0130n\u00e7"},"content":{"rendered":"<ul>\n<li>Aral\u0131k Kimli\u011fi: JWCHCGPL002<br \/>\n<h3>22 Ayar Alt\u0131n \u0130nci Zincir | 17 \u0130n\u00e7 | 3,5 mm Tatl\u0131 Su \u0130ncileri<\/h3>\n<p>Rafine zarafetin \u00f6z\u00fcn\u00fc bizim ile ke\u015ffedin <a href=\"https:\/\/www.purejewels.com\/tr\/product\/22ct-gold-jali-filigree-ring-jali-collection-31926\/\">22ct<\/a> Alt\u0131n <a href=\"https:\/\/www.purejewels.com\/tr\/product\/22ct-gold-pearl-chain-necklace-21-inches-47103\/\">\u0130nci Zincir<\/a>En iyi 3,5 mm tatl\u0131 su incileriyle titizlikle i\u015flenmi\u015ftir. 17 in\u00e7 uzunlu\u011fundaki bu zarif zincir, boynunuza zarif bir \u015fekilde oturacak ve her k\u0131yafete sofistike bir dokunu\u015f katacak \u015fekilde tasarlanm\u0131\u015ft\u0131r.<\/p>\n<p>Ola\u011fan\u00fcst\u00fc parlakl\u0131\u011f\u0131 ve kusursuz kalitesi i\u00e7in \u00f6zenle se\u00e7ilen her bir inci, 22 ayar incinin zengin \u0131\u015f\u0131lt\u0131s\u0131yla tamamlan\u0131yor. <a href=\"https:\/\/www.purejewels.com\/tr\/elegance-of-sold-gold\/\">ger\u00e7ek alt\u0131n<\/a>. Bu birinci s\u0131n\u0131f malzemelerin uyumlu kar\u0131\u015f\u0131m\u0131, l\u00fcks ve zarafet yans\u0131tan zamans\u0131z bir par\u00e7a yarat\u0131yor.<\/p>\n<p>Hem \u00f6zel g\u00fcnler hem de g\u00fcnl\u00fck \u015f\u0131kl\u0131k i\u00e7in ideal olan bu Alt\u0131n \u0130nci Zincir, g\u00fcnd\u00fczden geceye sorunsuzca ge\u00e7i\u015f yapar. Narin ama \u00e7arp\u0131c\u0131 tasar\u0131m\u0131 sayesinde \u00e7ok y\u00f6nl\u00fc bir aksesuar olarak her g\u00f6r\u00fcn\u00fcme cazibe katmak i\u00e7in m\u00fckemmeldir.<\/p>\n<p>M\u00fccevher koleksiyonunuzu bu \u00e7arp\u0131c\u0131 <a href=\"https:\/\/www.purejewels.com\/tr\/product\/holy-cross-gold-pendant-44713\/\">22 Ayar Alt\u0131n<\/a> \u0130nci Zincir. \u0130ster kendinizi \u015f\u0131mart\u0131yor ister m\u00fckemmel bir hediye ar\u0131yor olun, bu par\u00e7a sofistike ve zamans\u0131z g\u00fczelli\u011fin \u00f6z\u00fcn\u00fc temsil eder ve y\u0131llarca el \u00fcst\u00fcnde tutulmaya mahkumdur.<\/li>\n<\/ul>","protected":false},"excerpt":{"rendered":"<table class=\"sh_desc\">\n<tbody>\n<tr>\n<td>Kolye \u00c7e\u015fitleri<\/td>\n<td>Mala Tarz\u0131 Kolyeler<\/td>\n<\/tr>\n<tr>\n<td>SKU<\/td>\n<td>48341<\/td>\n<\/tr>\n<tr>\n<td>A\u011f\u0131rl\u0131k<\/td>\n<td>7.8 Gms<\/td>\n<\/tr>\n<tr>\n<td>Metal<\/td>\n<td>22 Ayar Alt\u0131n<\/td>\n<\/tr>\n<tr>\n<td>Uzunluk<\/td>\n<td>17 in\u00e7<\/td>\n<\/tr>\n<tr>\n<td>Boncuk Boyutu<\/td>\n<td>3,5 mm<\/td>\n<\/tr>\n<tr>\n<td>KatalogID<\/td>\n<td>R1081<\/td>\n<\/tr>\n<tr>\n<td>Hallmark<\/td>\n<td>Londra Tahlil Ofisi Taraf\u0131ndan Damgalanm\u0131\u015f 22 Ayar Alt\u0131n<\/td>\n<\/tr>\n<tr>\n<td>\u00dccretler<\/td>\n<td>Teslimat ve KDV Dahil<\/td>\n<\/tr>\n<tr>\n<td>Paketleme<\/td>\n<td>Sunum Kutusu ile Birlikte Gelir<\/td>\n<\/tr>\n<tr>\n<td>Daha Fazla Bilgi<\/td>\n<td>M\u00fcsaitlik durumu ve daha fazla resim i\u00e7in bizimle canl\u0131 sohbet edin<\/td>\n<\/tr>\n<\/tbody>\n<\/table>","protected":false},"featured_media":340172,"comment_status":"closed","ping_status":"closed","template":"","meta":{"_eb_attr":"","_crsspst_to_jayantr4sg-hostcom":false},"product_brand":[],"product_cat":[5264,1791,1617,1559,1229,1779,1570,5456,1569,1573],"product_tag":[],"class_list":{"0":"post-364141","1":"product","2":"type-product","3":"status-publish","4":"has-post-thumbnail","6":"product_cat-22ct-gold-chain","7":"product_cat-anniversary-gifts","8":"product_cat-fancy-mala-chains","9":"product_cat-birthday-gifts","10":"product_cat-22ct-gold-jewellery","11":"product_cat-mala-style-necklaces","12":"product_cat-mothers-day-gifts","13":"product_cat-pearl-collection","14":"product_cat-valentine-day-gifts","15":"product_cat-wedding-gifts","17":"first","18":"outofstock","19":"taxable","20":"shipping-taxable","21":"product-type-simple","22":"add-to-wishlist-before_image"},"yoast_head":"<!-- This site is optimized with the Yoast SEO plugin v27.6 - https:\/\/yoast.com\/product\/yoast-seo-wordpress\/ -->\n<title>Timeless Elegance: 17 Inch 22ct Gold Pearl Necklace<\/title>\n<meta name=\"description\" content=\"Elevate your look with timeless elegance. This 17 inch, 22ct gold pearl necklace features lustrous pearls and gleaming gold. Buy this chain necklace today!\" \/>\n<meta name=\"robots\" content=\"index, follow, max-snippet:-1, max-image-preview:large, max-video-preview:-1\" \/>\n<link rel=\"canonical\" href=\"https:\/\/www.purejewels.com\/tr\/urun\/22-ayar-altin-inci-zincir-48341\/\" \/>\n<meta property=\"og:locale\" content=\"tr_TR\" \/>\n<meta property=\"og:type\" content=\"article\" \/>\n<meta property=\"og:title\" content=\"Timeless Elegance: 17 Inch 22ct Gold Pearl Necklace\" \/>\n<meta property=\"og:description\" content=\"Elevate your look with timeless elegance. This 17 inch, 22ct gold pearl necklace features lustrous pearls and gleaming gold. Buy this chain necklace today!\" \/>\n<meta property=\"og:url\" content=\"https:\/\/www.purejewels.com\/tr\/urun\/22-ayar-altin-inci-zincir-48341\/\" \/>\n<meta property=\"og:site_name\" content=\"PureJewels UK\" \/>\n<meta property=\"article:modified_time\" content=\"2025-10-28T10:03:05+00:00\" \/>\n<meta property=\"og:image\" content=\"https:\/\/www.purejewels.com\/wp-content\/uploads\/2022\/10\/43597-43596-2-1.jpg\" \/>\n\t<meta property=\"og:image:width\" content=\"1000\" \/>\n\t<meta property=\"og:image:height\" content=\"1000\" \/>\n\t<meta property=\"og:image:type\" content=\"image\/jpeg\" \/>\n<meta name=\"twitter:card\" content=\"summary_large_image\" \/>\n<meta name=\"twitter:label1\" content=\"Tahmini okuma s\u00fcresi\" \/>\n\t<meta name=\"twitter:data1\" content=\"1 dakika\" \/>\n<script type=\"application\/ld+json\" class=\"yoast-schema-graph\">{\"@context\":\"https:\\\/\\\/schema.org\",\"@graph\":[{\"@type\":[\"WebPage\",\"ItemPage\"],\"@id\":\"https:\\\/\\\/www.purejewels.com\\\/product\\\/22ct-gold-pearl-chain-48341\\\/\",\"url\":\"https:\\\/\\\/www.purejewels.com\\\/product\\\/22ct-gold-pearl-chain-48341\\\/\",\"name\":\"Timeless Elegance: 17 Inch 22ct Gold Pearl Necklace\",\"isPartOf\":{\"@id\":\"https:\\\/\\\/www.purejewels.com\\\/#website\"},\"primaryImageOfPage\":{\"@id\":\"https:\\\/\\\/www.purejewels.com\\\/product\\\/22ct-gold-pearl-chain-48341\\\/#primaryimage\"},\"image\":{\"@id\":\"https:\\\/\\\/www.purejewels.com\\\/product\\\/22ct-gold-pearl-chain-48341\\\/#primaryimage\"},\"thumbnailUrl\":\"https:\\\/\\\/static.purejewels.com\\\/wp-content\\\/uploads\\\/2022\\\/10\\\/43597-43596-2-1.jpg\",\"datePublished\":\"2024-12-01T06:18:08+00:00\",\"dateModified\":\"2025-10-28T10:03:05+00:00\",\"description\":\"Elevate your look with timeless elegance. This 17 inch, 22ct gold pearl necklace features lustrous pearls and gleaming gold. Buy this chain necklace today!\",\"breadcrumb\":{\"@id\":\"https:\\\/\\\/www.purejewels.com\\\/product\\\/22ct-gold-pearl-chain-48341\\\/#breadcrumb\"},\"inLanguage\":\"tr\",\"potentialAction\":[{\"@type\":\"ReadAction\",\"target\":[\"https:\\\/\\\/www.purejewels.com\\\/product\\\/22ct-gold-pearl-chain-48341\\\/\"]}]},{\"@type\":\"ImageObject\",\"inLanguage\":\"tr\",\"@id\":\"https:\\\/\\\/www.purejewels.com\\\/product\\\/22ct-gold-pearl-chain-48341\\\/#primaryimage\",\"url\":\"https:\\\/\\\/static.purejewels.com\\\/wp-content\\\/uploads\\\/2022\\\/10\\\/43597-43596-2-1.jpg\",\"contentUrl\":\"https:\\\/\\\/static.purejewels.com\\\/wp-content\\\/uploads\\\/2022\\\/10\\\/43597-43596-2-1.jpg\",\"width\":1000,\"height\":1000,\"caption\":\"Pearl Jewellery\"},{\"@type\":\"BreadcrumbList\",\"@id\":\"https:\\\/\\\/www.purejewels.com\\\/product\\\/22ct-gold-pearl-chain-48341\\\/#breadcrumb\",\"itemListElement\":[{\"@type\":\"ListItem\",\"position\":1,\"name\":\"Home\",\"item\":\"https:\\\/\\\/www.purejewels.com\\\/\"},{\"@type\":\"ListItem\",\"position\":2,\"name\":\"Shop\",\"item\":\"https:\\\/\\\/www.purejewels.com\\\/shop\\\/\"},{\"@type\":\"ListItem\",\"position\":3,\"name\":\"22ct Gold Pearl Chain | 17 Inches\"}]},{\"@type\":\"WebSite\",\"@id\":\"https:\\\/\\\/www.purejewels.com\\\/#website\",\"url\":\"https:\\\/\\\/www.purejewels.com\\\/\",\"name\":\"PureJewels UK\",\"description\":\"Share the Love\",\"publisher\":{\"@id\":\"https:\\\/\\\/www.purejewels.com\\\/#organization\"},\"potentialAction\":[{\"@type\":\"SearchAction\",\"target\":{\"@type\":\"EntryPoint\",\"urlTemplate\":\"https:\\\/\\\/www.purejewels.com\\\/?s={search_term_string}\"},\"query-input\":{\"@type\":\"PropertyValueSpecification\",\"valueRequired\":true,\"valueName\":\"search_term_string\"}}],\"inLanguage\":\"tr\"},{\"@type\":\"Organization\",\"@id\":\"https:\\\/\\\/www.purejewels.com\\\/#organization\",\"name\":\"PureJewels UK\",\"url\":\"https:\\\/\\\/www.purejewels.com\\\/\",\"logo\":{\"@type\":\"ImageObject\",\"inLanguage\":\"tr\",\"@id\":\"https:\\\/\\\/www.purejewels.com\\\/#\\\/schema\\\/logo\\\/image\\\/\",\"url\":\"https:\\\/\\\/static.purejewels.com\\\/wp-content\\\/uploads\\\/2020\\\/11\\\/Logo-PJ-New-1.png\",\"contentUrl\":\"https:\\\/\\\/static.purejewels.com\\\/wp-content\\\/uploads\\\/2020\\\/11\\\/Logo-PJ-New-1.png\",\"width\":150,\"height\":80,\"caption\":\"PureJewels UK\"},\"image\":{\"@id\":\"https:\\\/\\\/www.purejewels.com\\\/#\\\/schema\\\/logo\\\/image\\\/\"}}]}<\/script>\n<!-- \/ Yoast SEO plugin. -->","yoast_head_json":{"title":"Zamans\u0131z \u015e\u0131kl\u0131k: 17 \u0130n\u00e7 22 Ayar Alt\u0131n \u0130nci Kolye","description":"G\u00f6r\u00fcn\u00fcm\u00fcn\u00fcz\u00fc zamans\u0131z bir zarafetle y\u00fckseltin. Bu 17 in\u00e7, 22 ayar alt\u0131n inci kolyede parlak inciler ve \u0131\u015f\u0131lt\u0131l\u0131 alt\u0131n bulunur. Bu zincir kolyeyi bug\u00fcn sat\u0131n al\u0131n!","robots":{"index":"index","follow":"follow","max-snippet":"max-snippet:-1","max-image-preview":"max-image-preview:large","max-video-preview":"max-video-preview:-1"},"canonical":"https:\/\/www.purejewels.com\/tr\/urun\/22-ayar-altin-inci-zincir-48341\/","og_locale":"tr_TR","og_type":"article","og_title":"Timeless Elegance: 17 Inch 22ct Gold Pearl Necklace","og_description":"Elevate your look with timeless elegance. This 17 inch, 22ct gold pearl necklace features lustrous pearls and gleaming gold. Buy this chain necklace today!","og_url":"https:\/\/www.purejewels.com\/tr\/urun\/22-ayar-altin-inci-zincir-48341\/","og_site_name":"PureJewels UK","article_modified_time":"2025-10-28T10:03:05+00:00","og_image":[{"width":1000,"height":1000,"url":"https:\/\/www.purejewels.com\/wp-content\/uploads\/2022\/10\/43597-43596-2-1.jpg","type":"image\/jpeg"}],"twitter_card":"summary_large_image","twitter_misc":{"Tahmini okuma s\u00fcresi":"1 dakika"},"schema":{"@context":"https:\/\/schema.org","@graph":[{"@type":["WebPage","ItemPage"],"@id":"https:\/\/www.purejewels.com\/product\/22ct-gold-pearl-chain-48341\/","url":"https:\/\/www.purejewels.com\/product\/22ct-gold-pearl-chain-48341\/","name":"Zamans\u0131z \u015e\u0131kl\u0131k: 17 \u0130n\u00e7 22 Ayar Alt\u0131n \u0130nci Kolye","isPartOf":{"@id":"https:\/\/www.purejewels.com\/#website"},"primaryImageOfPage":{"@id":"https:\/\/www.purejewels.com\/product\/22ct-gold-pearl-chain-48341\/#primaryimage"},"image":{"@id":"https:\/\/www.purejewels.com\/product\/22ct-gold-pearl-chain-48341\/#primaryimage"},"thumbnailUrl":"https:\/\/static.purejewels.com\/wp-content\/uploads\/2022\/10\/43597-43596-2-1.jpg","datePublished":"2024-12-01T06:18:08+00:00","dateModified":"2025-10-28T10:03:05+00:00","description":"G\u00f6r\u00fcn\u00fcm\u00fcn\u00fcz\u00fc zamans\u0131z bir zarafetle y\u00fckseltin. Bu 17 in\u00e7, 22 ayar alt\u0131n inci kolyede parlak inciler ve \u0131\u015f\u0131lt\u0131l\u0131 alt\u0131n bulunur. Bu zincir kolyeyi bug\u00fcn sat\u0131n al\u0131n!","breadcrumb":{"@id":"https:\/\/www.purejewels.com\/product\/22ct-gold-pearl-chain-48341\/#breadcrumb"},"inLanguage":"tr","potentialAction":[{"@type":"ReadAction","target":["https:\/\/www.purejewels.com\/product\/22ct-gold-pearl-chain-48341\/"]}]},{"@type":"ImageObject","inLanguage":"tr","@id":"https:\/\/www.purejewels.com\/product\/22ct-gold-pearl-chain-48341\/#primaryimage","url":"https:\/\/static.purejewels.com\/wp-content\/uploads\/2022\/10\/43597-43596-2-1.jpg","contentUrl":"https:\/\/static.purejewels.com\/wp-content\/uploads\/2022\/10\/43597-43596-2-1.jpg","width":1000,"height":1000,"caption":"Pearl Jewellery"},{"@type":"BreadcrumbList","@id":"https:\/\/www.purejewels.com\/product\/22ct-gold-pearl-chain-48341\/#breadcrumb","itemListElement":[{"@type":"ListItem","position":1,"name":"Home","item":"https:\/\/www.purejewels.com\/"},{"@type":"ListItem","position":2,"name":"Shop","item":"https:\/\/www.purejewels.com\/shop\/"},{"@type":"ListItem","position":3,"name":"22ct Gold Pearl Chain | 17 Inches"}]},{"@type":"WebSite","@id":"https:\/\/www.purejewels.com\/#website","url":"https:\/\/www.purejewels.com\/","name":"PureJewels \u0130ngiltere","description":"Sevgiyi Payla\u015f\u0131n","publisher":{"@id":"https:\/\/www.purejewels.com\/#organization"},"potentialAction":[{"@type":"SearchAction","target":{"@type":"EntryPoint","urlTemplate":"https:\/\/www.purejewels.com\/?s={search_term_string}"},"query-input":{"@type":"PropertyValueSpecification","valueRequired":true,"valueName":"search_term_string"}}],"inLanguage":"tr"},{"@type":"Organization","@id":"https:\/\/www.purejewels.com\/#organization","name":"PureJewels \u0130ngiltere","url":"https:\/\/www.purejewels.com\/","logo":{"@type":"ImageObject","inLanguage":"tr","@id":"https:\/\/www.purejewels.com\/#\/schema\/logo\/image\/","url":"https:\/\/static.purejewels.com\/wp-content\/uploads\/2020\/11\/Logo-PJ-New-1.png","contentUrl":"https:\/\/static.purejewels.com\/wp-content\/uploads\/2020\/11\/Logo-PJ-New-1.png","width":150,"height":80,"caption":"PureJewels UK"},"image":{"@id":"https:\/\/www.purejewels.com\/#\/schema\/logo\/image\/"}}]}},"_links":{"self":[{"href":"https:\/\/www.purejewels.com\/tr\/wp-json\/wp\/v2\/product\/364141","targetHints":{"allow":["GET"]}}],"collection":[{"href":"https:\/\/www.purejewels.com\/tr\/wp-json\/wp\/v2\/product"}],"about":[{"href":"https:\/\/www.purejewels.com\/tr\/wp-json\/wp\/v2\/types\/product"}],"replies":[{"embeddable":true,"href":"https:\/\/www.purejewels.com\/tr\/wp-json\/wp\/v2\/comments?post=364141"}],"version-history":[{"count":4,"href":"https:\/\/www.purejewels.com\/tr\/wp-json\/wp\/v2\/product\/364141\/revisions"}],"predecessor-version":[{"id":369744,"href":"https:\/\/www.purejewels.com\/tr\/wp-json\/wp\/v2\/product\/364141\/revisions\/369744"}],"wp:featuredmedia":[{"embeddable":true,"href":"https:\/\/www.purejewels.com\/tr\/wp-json\/wp\/v2\/media\/340172"}],"wp:attachment":[{"href":"https:\/\/www.purejewels.com\/tr\/wp-json\/wp\/v2\/media?parent=364141"}],"wp:term":[{"taxonomy":"product_brand","embeddable":true,"href":"https:\/\/www.purejewels.com\/tr\/wp-json\/wp\/v2\/product_brand?post=364141"},{"taxonomy":"product_cat","embeddable":true,"href":"https:\/\/www.purejewels.com\/tr\/wp-json\/wp\/v2\/product_cat?post=364141"},{"taxonomy":"product_tag","embeddable":true,"href":"https:\/\/www.purejewels.com\/tr\/wp-json\/wp\/v2\/product_tag?post=364141"}],"curies":[{"name":"wp","href":"https:\/\/api.w.org\/{rel}","templated":true}]}}