{"id":364143,"date":"2024-05-05T06:38:35","date_gmt":"2024-05-05T05:38:35","guid":{"rendered":"https:\/\/www.purejewels.com\/?post_type=product&#038;p=364143"},"modified":"2026-03-03T13:15:50","modified_gmt":"2026-03-03T13:15:50","slug":"22-ayar-altin-inci-zincir-48332","status":"publish","type":"product","link":"https:\/\/www.purejewels.com\/tr\/product\/22ct-gold-pearl-chain-48332\/","title":{"rendered":"22 Ayar Alt\u0131n \u0130nci Zincir | 20 \u0130n\u00e7"},"content":{"rendered":"<h4 data-start=\"314\" data-end=\"339\"><strong data-start=\"319\" data-end=\"337\">Tasar\u0131m Konsepti<\/strong><\/h4>\n<p data-start=\"340\" data-end=\"700\">Miras ve zarafetin \u015fiirsel bir birle\u015fimi olan bu <a href=\"https:\/\/www.purejewels.com\/tr\/product\/22ct-gold-jali-filigree-ring-jali-collection-31926\/\">22ct<\/a> Alt\u0131n \u0130nci Kolye geleneksel bir tasar\u0131m\u0131n zamans\u0131z zarafetini \u00e7a\u011fr\u0131\u015ft\u0131r\u0131yor <em data-start=\"468\" data-end=\"474\">mala<\/em>, modern kullan\u0131c\u0131 i\u00e7in yeniden tasarland\u0131. Parlak alt\u0131n ba\u011flant\u0131lar, her biri safl\u0131\u011f\u0131, bilgeli\u011fi ve zarafeti simgeleyen parlak incileri nazik\u00e7e \u00e7er\u00e7eveler. \u0130ster katmanl\u0131 ister tek ba\u015f\u0131na tak\u0131ls\u0131n, y\u00fcksek bir sadelik ve kal\u0131c\u0131 bir g\u00fczellik hikayesi anlat\u0131r.<\/p>\n<h4 data-start=\"702\" data-end=\"726\"><strong data-start=\"707\" data-end=\"724\">Zanaatkarl\u0131k<\/strong><\/h4>\n<p data-start=\"727\" data-end=\"1127\">Damgal\u0131 el yap\u0131m\u0131 <a href=\"https:\/\/www.purejewels.com\/tr\/product\/holy-cross-gold-pendant-44713\/\">22 ayar alt\u0131n<\/a>, Bu kolyedeki her inci, do\u011fal parlakl\u0131\u011f\u0131 ve simetrisi i\u00e7in titizlikle se\u00e7ilmi\u015ftir. 20 in\u00e7 uzunlu\u011fundaki kolye, k\u00f6pr\u00fcc\u00fck kemi\u011fi \u00fczerinde zarif bir \u015fekilde durur; alt\u0131n zincirler veya kolyelerle katmanlamak veya tek ba\u015f\u0131na takmak i\u00e7in m\u00fckemmeldir. Konfor ve l\u00fcks d\u00fc\u015f\u00fcn\u00fclerek tasarlanan bu par\u00e7a, geleneksel mala stilini \u00e7a\u011fda\u015f i\u015f\u00e7ilikle harmanl\u0131yor.<\/p>\n<h4 data-start=\"1381\" data-end=\"1411\"><strong data-start=\"1386\" data-end=\"1409\">Stil \u0130lham\u0131<\/strong><\/h4>\n<ul>\n<li data-start=\"1414\" data-end=\"1521\">K\u00fclt\u00fcrel kutlamalar: D\u00fc\u011f\u00fcnler, festivaller veya poojalar i\u00e7in sare, lehenga veya ipek tak\u0131mlar\u0131 y\u00fckseltin.<\/li>\n<li data-start=\"1524\" data-end=\"1617\">G\u00fcnl\u00fck sofistikelik: Sade bir l\u00fcks i\u00e7in bir bluz veya triko \u00fczerine \u00f6rt\u00fcn.<\/li>\n<li data-start=\"1620\" data-end=\"1756\">Katmanl\u0131 ifade: \u015eununla e\u015fle\u015ftirin <a href=\"https:\/\/www.purejewels.com\/tr\/urun-kategori%cc%87si%cc%87\/22-ayar-altin-takilar\/altin-zincirler\/\" target=\"_blank\" rel=\"noopener\">22 ayar alt\u0131n zincirler<\/a> ya da Heritage veya Rosette koleksiyonlar\u0131ndan kolyeler kullanarak muhte\u015fem bir katmanl\u0131 g\u00f6r\u00fcn\u00fcm elde edin.<\/li>\n<\/ul>","protected":false},"excerpt":{"rendered":"<table class=\"sh_desc\">\n<tbody>\n<tr>\n<td>Kolye \u00c7e\u015fitleri<\/td>\n<td>Mala Tarz\u0131 Kolyeler<\/td>\n<\/tr>\n<tr>\n<td>SKU<\/td>\n<td>48333<\/td>\n<\/tr>\n<tr>\n<td>A\u011f\u0131rl\u0131k<\/td>\n<td>9,5 Gms<\/td>\n<\/tr>\n<tr>\n<td>Metal<\/td>\n<td>22 Ayar Alt\u0131n<\/td>\n<\/tr>\n<tr>\n<td>Uzunluk<\/td>\n<td>20 in\u00e7<\/td>\n<\/tr>\n<tr>\n<td>Boncuk Boyutu<\/td>\n<td>3 mm<\/td>\n<\/tr>\n<tr>\n<td>Hallmark<\/td>\n<td>Londra Tahlil Ofisi Taraf\u0131ndan Damgalanm\u0131\u015f 22 Ayar Alt\u0131n<\/td>\n<\/tr>\n<tr>\n<td>\u00dccretler<\/td>\n<td>Teslimat ve KDV Dahil<\/td>\n<\/tr>\n<tr>\n<td>Paketleme<\/td>\n<td>Sunum Kutusu ile Birlikte Gelir<\/td>\n<\/tr>\n<tr>\n<td>Daha Fazla Bilgi<\/td>\n<td>M\u00fcsaitlik durumu ve daha fazla resim i\u00e7in bizimle canl\u0131 sohbet edin<\/td>\n<\/tr>\n<\/tbody>\n<\/table>","protected":false},"featured_media":340172,"comment_status":"closed","ping_status":"closed","template":"","meta":{"_eb_attr":"","_crsspst_to_jayantr4sg-hostcom":false},"product_brand":[],"product_cat":[5264,1791,1617,1559,1229,1779,1570,5456,1569,1573],"product_tag":[],"class_list":{"0":"post-364143","1":"product","2":"type-product","3":"status-publish","4":"has-post-thumbnail","6":"product_cat-22ct-gold-chain","7":"product_cat-anniversary-gifts","8":"product_cat-fancy-mala-chains","9":"product_cat-birthday-gifts","10":"product_cat-22ct-gold-jewellery","11":"product_cat-mala-style-necklaces","12":"product_cat-mothers-day-gifts","13":"product_cat-pearl-collection","14":"product_cat-valentine-day-gifts","15":"product_cat-wedding-gifts","17":"first","18":"outofstock","19":"taxable","20":"shipping-taxable","21":"product-type-simple","22":"add-to-wishlist-before_image"},"yoast_head":"<!-- This site is optimized with the Yoast SEO plugin v27.3 - https:\/\/yoast.com\/product\/yoast-seo-wordpress\/ -->\n<title>Elevate Her Style: 20 Inch 22k Gold Pearl Necklace | PureJewels<\/title>\n<meta name=\"description\" content=\"Make a lasting impression. This stunning 20 inch, 22k gold pearl necklace adds luxurious elegance to any outfit. The perfect gift to elevate her style.\" \/>\n<meta name=\"robots\" content=\"index, follow, max-snippet:-1, max-image-preview:large, max-video-preview:-1\" \/>\n<link rel=\"canonical\" href=\"https:\/\/www.purejewels.com\/tr\/urun\/22-ayar-altin-inci-zincir-48332\/\" \/>\n<meta property=\"og:locale\" content=\"tr_TR\" \/>\n<meta property=\"og:type\" content=\"article\" \/>\n<meta property=\"og:title\" content=\"Elevate Her Style: 20 Inch 22k Gold Pearl Necklace | PureJewels\" \/>\n<meta property=\"og:description\" content=\"Make a lasting impression. This stunning 20 inch, 22k gold pearl necklace adds luxurious elegance to any outfit. The perfect gift to elevate her style.\" \/>\n<meta property=\"og:url\" content=\"https:\/\/www.purejewels.com\/tr\/urun\/22-ayar-altin-inci-zincir-48332\/\" \/>\n<meta property=\"og:site_name\" content=\"PureJewels UK\" \/>\n<meta property=\"article:modified_time\" content=\"2026-03-03T13:15:50+00:00\" \/>\n<meta property=\"og:image\" content=\"https:\/\/static.purejewels.com\/wp-content\/uploads\/2022\/10\/43597-43596-2-1.jpg\" \/>\n\t<meta property=\"og:image:width\" content=\"1000\" \/>\n\t<meta property=\"og:image:height\" content=\"1000\" \/>\n\t<meta property=\"og:image:type\" content=\"image\/jpeg\" \/>\n<meta name=\"twitter:card\" content=\"summary_large_image\" \/>\n<meta name=\"twitter:label1\" content=\"Tahmini okuma s\u00fcresi\" \/>\n\t<meta name=\"twitter:data1\" content=\"1 dakika\" \/>\n<script type=\"application\/ld+json\" class=\"yoast-schema-graph\">{\"@context\":\"https:\\\/\\\/schema.org\",\"@graph\":[{\"@type\":[\"WebPage\",\"ItemPage\"],\"@id\":\"https:\\\/\\\/www.purejewels.com\\\/product\\\/22ct-gold-pearl-chain-48332\\\/\",\"url\":\"https:\\\/\\\/www.purejewels.com\\\/product\\\/22ct-gold-pearl-chain-48332\\\/\",\"name\":\"Elevate Her Style: 20 Inch 22k Gold Pearl Necklace | PureJewels\",\"isPartOf\":{\"@id\":\"https:\\\/\\\/www.purejewels.com\\\/#website\"},\"primaryImageOfPage\":{\"@id\":\"https:\\\/\\\/www.purejewels.com\\\/product\\\/22ct-gold-pearl-chain-48332\\\/#primaryimage\"},\"image\":{\"@id\":\"https:\\\/\\\/www.purejewels.com\\\/product\\\/22ct-gold-pearl-chain-48332\\\/#primaryimage\"},\"thumbnailUrl\":\"https:\\\/\\\/static.purejewels.com\\\/wp-content\\\/uploads\\\/2022\\\/10\\\/43597-43596-2-1.jpg\",\"datePublished\":\"2024-05-05T05:38:35+00:00\",\"dateModified\":\"2026-03-03T13:15:50+00:00\",\"description\":\"Make a lasting impression. This stunning 20 inch, 22k gold pearl necklace adds luxurious elegance to any outfit. The perfect gift to elevate her style.\",\"breadcrumb\":{\"@id\":\"https:\\\/\\\/www.purejewels.com\\\/product\\\/22ct-gold-pearl-chain-48332\\\/#breadcrumb\"},\"inLanguage\":\"tr\",\"potentialAction\":[{\"@type\":\"ReadAction\",\"target\":[\"https:\\\/\\\/www.purejewels.com\\\/product\\\/22ct-gold-pearl-chain-48332\\\/\"]}]},{\"@type\":\"ImageObject\",\"inLanguage\":\"tr\",\"@id\":\"https:\\\/\\\/www.purejewels.com\\\/product\\\/22ct-gold-pearl-chain-48332\\\/#primaryimage\",\"url\":\"https:\\\/\\\/static.purejewels.com\\\/wp-content\\\/uploads\\\/2022\\\/10\\\/43597-43596-2-1.jpg\",\"contentUrl\":\"https:\\\/\\\/static.purejewels.com\\\/wp-content\\\/uploads\\\/2022\\\/10\\\/43597-43596-2-1.jpg\",\"width\":1000,\"height\":1000,\"caption\":\"Pearl Jewellery\"},{\"@type\":\"BreadcrumbList\",\"@id\":\"https:\\\/\\\/www.purejewels.com\\\/product\\\/22ct-gold-pearl-chain-48332\\\/#breadcrumb\",\"itemListElement\":[{\"@type\":\"ListItem\",\"position\":1,\"name\":\"Home\",\"item\":\"https:\\\/\\\/www.purejewels.com\\\/\"},{\"@type\":\"ListItem\",\"position\":2,\"name\":\"Shop\",\"item\":\"https:\\\/\\\/www.purejewels.com\\\/shop\\\/\"},{\"@type\":\"ListItem\",\"position\":3,\"name\":\"22ct Gold Pearl Chain | 20 Inches\"}]},{\"@type\":\"WebSite\",\"@id\":\"https:\\\/\\\/www.purejewels.com\\\/#website\",\"url\":\"https:\\\/\\\/www.purejewels.com\\\/\",\"name\":\"PureJewels UK\",\"description\":\"Share the Love\",\"publisher\":{\"@id\":\"https:\\\/\\\/www.purejewels.com\\\/#organization\"},\"potentialAction\":[{\"@type\":\"SearchAction\",\"target\":{\"@type\":\"EntryPoint\",\"urlTemplate\":\"https:\\\/\\\/www.purejewels.com\\\/?s={search_term_string}\"},\"query-input\":{\"@type\":\"PropertyValueSpecification\",\"valueRequired\":true,\"valueName\":\"search_term_string\"}}],\"inLanguage\":\"tr\"},{\"@type\":\"Organization\",\"@id\":\"https:\\\/\\\/www.purejewels.com\\\/#organization\",\"name\":\"PureJewels UK\",\"url\":\"https:\\\/\\\/www.purejewels.com\\\/\",\"logo\":{\"@type\":\"ImageObject\",\"inLanguage\":\"tr\",\"@id\":\"https:\\\/\\\/www.purejewels.com\\\/#\\\/schema\\\/logo\\\/image\\\/\",\"url\":\"https:\\\/\\\/static.purejewels.com\\\/wp-content\\\/uploads\\\/2020\\\/11\\\/Logo-PJ-New-1.png\",\"contentUrl\":\"https:\\\/\\\/static.purejewels.com\\\/wp-content\\\/uploads\\\/2020\\\/11\\\/Logo-PJ-New-1.png\",\"width\":150,\"height\":80,\"caption\":\"PureJewels UK\"},\"image\":{\"@id\":\"https:\\\/\\\/www.purejewels.com\\\/#\\\/schema\\\/logo\\\/image\\\/\"}}]}<\/script>\n<!-- \/ Yoast SEO plugin. -->","yoast_head_json":{"title":"Stilini Y\u00fckselt: 20 \u0130n\u00e7 22 Ayar Alt\u0131n \u0130nci Kolye | PureJewels","description":"Kal\u0131c\u0131 bir izlenim b\u0131rak\u0131n. Bu \u00e7arp\u0131c\u0131 20 in\u00e7, 22 ayar alt\u0131n inci kolye her k\u0131yafete l\u00fcks bir \u015f\u0131kl\u0131k katar. Stilini y\u00fckseltmek i\u00e7in m\u00fckemmel bir hediye.","robots":{"index":"index","follow":"follow","max-snippet":"max-snippet:-1","max-image-preview":"max-image-preview:large","max-video-preview":"max-video-preview:-1"},"canonical":"https:\/\/www.purejewels.com\/tr\/urun\/22-ayar-altin-inci-zincir-48332\/","og_locale":"tr_TR","og_type":"article","og_title":"Elevate Her Style: 20 Inch 22k Gold Pearl Necklace | PureJewels","og_description":"Make a lasting impression. This stunning 20 inch, 22k gold pearl necklace adds luxurious elegance to any outfit. The perfect gift to elevate her style.","og_url":"https:\/\/www.purejewels.com\/tr\/urun\/22-ayar-altin-inci-zincir-48332\/","og_site_name":"PureJewels UK","article_modified_time":"2026-03-03T13:15:50+00:00","og_image":[{"width":1000,"height":1000,"url":"https:\/\/static.purejewels.com\/wp-content\/uploads\/2022\/10\/43597-43596-2-1.jpg","type":"image\/jpeg"}],"twitter_card":"summary_large_image","twitter_misc":{"Tahmini okuma s\u00fcresi":"1 dakika"},"schema":{"@context":"https:\/\/schema.org","@graph":[{"@type":["WebPage","ItemPage"],"@id":"https:\/\/www.purejewels.com\/product\/22ct-gold-pearl-chain-48332\/","url":"https:\/\/www.purejewels.com\/product\/22ct-gold-pearl-chain-48332\/","name":"Stilini Y\u00fckselt: 20 \u0130n\u00e7 22 Ayar Alt\u0131n \u0130nci Kolye | PureJewels","isPartOf":{"@id":"https:\/\/www.purejewels.com\/#website"},"primaryImageOfPage":{"@id":"https:\/\/www.purejewels.com\/product\/22ct-gold-pearl-chain-48332\/#primaryimage"},"image":{"@id":"https:\/\/www.purejewels.com\/product\/22ct-gold-pearl-chain-48332\/#primaryimage"},"thumbnailUrl":"https:\/\/static.purejewels.com\/wp-content\/uploads\/2022\/10\/43597-43596-2-1.jpg","datePublished":"2024-05-05T05:38:35+00:00","dateModified":"2026-03-03T13:15:50+00:00","description":"Kal\u0131c\u0131 bir izlenim b\u0131rak\u0131n. Bu \u00e7arp\u0131c\u0131 20 in\u00e7, 22 ayar alt\u0131n inci kolye her k\u0131yafete l\u00fcks bir \u015f\u0131kl\u0131k katar. Stilini y\u00fckseltmek i\u00e7in m\u00fckemmel bir hediye.","breadcrumb":{"@id":"https:\/\/www.purejewels.com\/product\/22ct-gold-pearl-chain-48332\/#breadcrumb"},"inLanguage":"tr","potentialAction":[{"@type":"ReadAction","target":["https:\/\/www.purejewels.com\/product\/22ct-gold-pearl-chain-48332\/"]}]},{"@type":"ImageObject","inLanguage":"tr","@id":"https:\/\/www.purejewels.com\/product\/22ct-gold-pearl-chain-48332\/#primaryimage","url":"https:\/\/static.purejewels.com\/wp-content\/uploads\/2022\/10\/43597-43596-2-1.jpg","contentUrl":"https:\/\/static.purejewels.com\/wp-content\/uploads\/2022\/10\/43597-43596-2-1.jpg","width":1000,"height":1000,"caption":"Pearl Jewellery"},{"@type":"BreadcrumbList","@id":"https:\/\/www.purejewels.com\/product\/22ct-gold-pearl-chain-48332\/#breadcrumb","itemListElement":[{"@type":"ListItem","position":1,"name":"Home","item":"https:\/\/www.purejewels.com\/"},{"@type":"ListItem","position":2,"name":"Shop","item":"https:\/\/www.purejewels.com\/shop\/"},{"@type":"ListItem","position":3,"name":"22ct Gold Pearl Chain | 20 Inches"}]},{"@type":"WebSite","@id":"https:\/\/www.purejewels.com\/#website","url":"https:\/\/www.purejewels.com\/","name":"PureJewels \u0130ngiltere","description":"Sevgiyi Payla\u015f\u0131n","publisher":{"@id":"https:\/\/www.purejewels.com\/#organization"},"potentialAction":[{"@type":"SearchAction","target":{"@type":"EntryPoint","urlTemplate":"https:\/\/www.purejewels.com\/?s={search_term_string}"},"query-input":{"@type":"PropertyValueSpecification","valueRequired":true,"valueName":"search_term_string"}}],"inLanguage":"tr"},{"@type":"Organization","@id":"https:\/\/www.purejewels.com\/#organization","name":"PureJewels \u0130ngiltere","url":"https:\/\/www.purejewels.com\/","logo":{"@type":"ImageObject","inLanguage":"tr","@id":"https:\/\/www.purejewels.com\/#\/schema\/logo\/image\/","url":"https:\/\/static.purejewels.com\/wp-content\/uploads\/2020\/11\/Logo-PJ-New-1.png","contentUrl":"https:\/\/static.purejewels.com\/wp-content\/uploads\/2020\/11\/Logo-PJ-New-1.png","width":150,"height":80,"caption":"PureJewels UK"},"image":{"@id":"https:\/\/www.purejewels.com\/#\/schema\/logo\/image\/"}}]}},"_links":{"self":[{"href":"https:\/\/www.purejewels.com\/tr\/wp-json\/wp\/v2\/product\/364143","targetHints":{"allow":["GET"]}}],"collection":[{"href":"https:\/\/www.purejewels.com\/tr\/wp-json\/wp\/v2\/product"}],"about":[{"href":"https:\/\/www.purejewels.com\/tr\/wp-json\/wp\/v2\/types\/product"}],"replies":[{"embeddable":true,"href":"https:\/\/www.purejewels.com\/tr\/wp-json\/wp\/v2\/comments?post=364143"}],"version-history":[{"count":4,"href":"https:\/\/www.purejewels.com\/tr\/wp-json\/wp\/v2\/product\/364143\/revisions"}],"predecessor-version":[{"id":426545,"href":"https:\/\/www.purejewels.com\/tr\/wp-json\/wp\/v2\/product\/364143\/revisions\/426545"}],"wp:featuredmedia":[{"embeddable":true,"href":"https:\/\/www.purejewels.com\/tr\/wp-json\/wp\/v2\/media\/340172"}],"wp:attachment":[{"href":"https:\/\/www.purejewels.com\/tr\/wp-json\/wp\/v2\/media?parent=364143"}],"wp:term":[{"taxonomy":"product_brand","embeddable":true,"href":"https:\/\/www.purejewels.com\/tr\/wp-json\/wp\/v2\/product_brand?post=364143"},{"taxonomy":"product_cat","embeddable":true,"href":"https:\/\/www.purejewels.com\/tr\/wp-json\/wp\/v2\/product_cat?post=364143"},{"taxonomy":"product_tag","embeddable":true,"href":"https:\/\/www.purejewels.com\/tr\/wp-json\/wp\/v2\/product_tag?post=364143"}],"curies":[{"name":"wp","href":"https:\/\/api.w.org\/{rel}","templated":true}]}}