{"id":364168,"date":"2024-05-05T11:07:58","date_gmt":"2024-05-05T10:07:58","guid":{"rendered":"https:\/\/www.purejewels.com\/?post_type=product&#038;p=364168"},"modified":"2026-01-07T06:36:52","modified_gmt":"2026-01-07T06:36:52","slug":"cz-taslarla-suslenmis-22-ayar-hint-altin-yuzuk-48359","status":"publish","type":"product","link":"https:\/\/www.purejewels.com\/tr\/product\/22ct-indian-gold-ring-studded-with-cz-stones-48359\/","title":{"rendered":"22 Ayar Hint Alt\u0131n\u0131 Ni\u015fan Y\u00fcz\u00fc\u011f\u00fc | L 1\/2 Beden"},"content":{"rendered":"<p data-start=\"580\" data-end=\"981\"><strong data-start=\"580\" data-end=\"598\">Tasar\u0131m Konsepti<\/strong><\/p>\n<p data-start=\"580\" data-end=\"981\">Bu ni\u015fan y\u00fcz\u00fc\u011f\u00fc, Hint sanat\u0131n\u0131n merce\u011finden klasik romantizmi kutluyor. Kalbindeki cesur tekta\u015f a\u015fk\u0131n safl\u0131\u011f\u0131n\u0131 yans\u0131t\u0131rken, ayr\u0131k \u015faft, boyut ve \u0131\u015f\u0131lt\u0131 katan zarif bir s\u0131ra k\u00fc\u00e7\u00fck ta\u015fla par\u0131ld\u0131yor. Modern ama ayn\u0131 zamanda k\u00f6kl\u00fc bir mirasa sahip olan bu tasar\u0131m, \u00e7a\u011fda\u015f zarafeti benimserken k\u00f6klerini de onurland\u0131rmak isteyen \u00e7iftler i\u00e7in idealdir.<\/p>\n<p data-start=\"988\" data-end=\"1396\"><strong data-start=\"988\" data-end=\"1005\">Zanaatkarl\u0131k<\/strong><\/p>\n<p data-start=\"988\" data-end=\"1396\">22 ayar sar\u0131 alt\u0131ndan ustal\u0131kla i\u015flenen bu y\u00fcz\u00fc\u011f\u00fcn merkezinde, d\u00f6rt u\u00e7lu g\u00fcvenli bir yuvaya yerle\u015ftirilmi\u015f yuvarlak kesimli bir k\u00fcbik zirkon bulunur. Band\u0131n her iki omzuna, formu bozmadan parlakl\u0131k katan kademeli bir s\u0131ra parlak ta\u015f yerle\u015ftirilmi\u015ftir. Parlak bir finisajla parlat\u0131lm\u0131\u015f ve alt\u0131n safl\u0131\u011f\u0131 i\u00e7in damgalanm\u0131\u015f L 1\/2 Beden bu par\u00e7a hem konfor hem de ihti\u015fam sunar.<\/p>\n<p data-start=\"1403\" data-end=\"1752\"><strong data-start=\"1403\" data-end=\"1420\">Stil Fikirleri<\/strong><\/p>\n<p data-start=\"1403\" data-end=\"1752\">Tek ba\u015f\u0131na zarif olan veya bir alyansla e\u015fle\u015ftirilen bu y\u00fcz\u00fck, t\u00f6renler, evlenme teklifleri veya a\u015fk\u0131n sembolik bir simgesi olarak m\u00fckemmeldir. \u0130ster sherwani, ister lehenga veya zarif bir gece elbisesi olsun, hem Bat\u0131 hem de geleneksel Hint k\u0131yafetlerini tamamlar. G\u00f6r\u00fcn\u00fcm\u00fc tamamlamak i\u00e7in narin alt\u0131n bilezikler veya tekta\u015f bir kolye ucu ile e\u015fle\u015ftirin.<\/p>","protected":false},"excerpt":{"rendered":"<table>\n<tbody>\n<tr>\n<td>Y\u00fcz\u00fck Tipi<\/td>\n<td>Ni\u015fan Y\u00fcz\u00fc\u011f\u00fc<\/td>\n<\/tr>\n<tr>\n<td>A\u011f\u0131rl\u0131k<\/td>\n<td>2,9 gms<\/td>\n<\/tr>\n<tr>\n<td>SKU<\/td>\n<td>48359<\/td>\n<\/tr>\n<tr>\n<td>Y\u00fcz\u00fck \u00d6l\u00e7\u00fcs\u00fc<\/td>\n<td>L 1\/2<\/td>\n<\/tr>\n<tr>\n<td>\u00dccretler<\/td>\n<td>Teslimat ve KDV Dahil<\/td>\n<\/tr>\n<tr>\n<td>Paketleme<\/td>\n<td>Sunum Kutusu ile Birlikte Gelir<\/td>\n<\/tr>\n<tr>\n<td>Daha Fazla Bilgi<\/td>\n<td>\n<ul>\n<li>M\u00fcsaitlik durumu ve daha fazla resim i\u00e7in bizimle canl\u0131 sohbet edin<\/li>\n<li>Kontrol etmek i\u00e7in buraya t\u0131klay\u0131n\u00a0<strong>Y\u00fcz\u00fck \u00d6l\u00e7\u00fcs\u00fc<\/strong><\/li>\n<\/ul>\n<\/td>\n<\/tr>\n<\/tbody>\n<\/table>","protected":false},"featured_media":351057,"comment_status":"closed","ping_status":"closed","template":"","meta":{"_eb_attr":"","_crsspst_to_jayantr4sg-hostcom":false},"product_brand":[],"product_cat":[1791,1559,231,1229,1235,5344,1783,1786,1569,5349],"product_tag":[],"class_list":{"0":"post-364168","1":"product","2":"type-product","3":"status-publish","4":"has-post-thumbnail","6":"product_cat-anniversary-gifts","7":"product_cat-birthday-gifts","8":"product_cat-engagement-rings","9":"product_cat-22ct-gold-jewellery","10":"product_cat-gold-rings","11":"product_cat-jewellery-under-750","12":"product_cat-ladies-rings","13":"product_cat-occasional-wear-rings","14":"product_cat-valentine-day-gifts","15":"product_cat-yellow-gold-jewellery","17":"first","18":"outofstock","19":"sale","20":"taxable","21":"shipping-taxable","22":"product-type-simple","23":"add-to-wishlist-before_image"},"yoast_head":"<!-- This site is optimized with the Yoast SEO plugin v27.3 - https:\/\/yoast.com\/product\/yoast-seo-wordpress\/ -->\n<title>22ct Indian Gold Engagement Ring in Size L 1\/2 | PureJewels UK<\/title>\n<meta name=\"description\" content=\"Find your perfect match with our 22ct Indian Gold Engagement Ring. This exquisite ring, crafted from the finest gold, is available in size L 1\/2. Shop now at PureJewels UK!\" \/>\n<meta name=\"robots\" content=\"index, follow, max-snippet:-1, max-image-preview:large, max-video-preview:-1\" \/>\n<link rel=\"canonical\" href=\"https:\/\/www.purejewels.com\/tr\/urun\/cz-taslarla-suslenmis-22-ayar-hint-altin-yuzuk-48359\/\" \/>\n<meta property=\"og:locale\" content=\"tr_TR\" \/>\n<meta property=\"og:type\" content=\"article\" \/>\n<meta property=\"og:title\" content=\"22ct Indian Gold Engagement Ring in Size L 1\/2 | PureJewels UK\" \/>\n<meta property=\"og:description\" content=\"Find your perfect match with our 22ct Indian Gold Engagement Ring. This exquisite ring, crafted from the finest gold, is available in size L 1\/2. Shop now at PureJewels UK!\" \/>\n<meta property=\"og:url\" content=\"https:\/\/www.purejewels.com\/tr\/urun\/cz-taslarla-suslenmis-22-ayar-hint-altin-yuzuk-48359\/\" \/>\n<meta property=\"og:site_name\" content=\"PureJewels UK\" \/>\n<meta property=\"article:modified_time\" content=\"2026-01-07T06:36:52+00:00\" \/>\n<meta property=\"og:image\" content=\"https:\/\/www.purejewels.com\/wp-content\/uploads\/2023\/07\/SKU-44296.jpg\" \/>\n\t<meta property=\"og:image:width\" content=\"1000\" \/>\n\t<meta property=\"og:image:height\" content=\"1000\" \/>\n\t<meta property=\"og:image:type\" content=\"image\/jpeg\" \/>\n<meta name=\"twitter:card\" content=\"summary_large_image\" \/>\n<meta name=\"twitter:label1\" content=\"Tahmini okuma s\u00fcresi\" \/>\n\t<meta name=\"twitter:data1\" content=\"1 dakika\" \/>\n<script type=\"application\/ld+json\" class=\"yoast-schema-graph\">{\"@context\":\"https:\\\/\\\/schema.org\",\"@graph\":[{\"@type\":[\"WebPage\",\"ItemPage\"],\"@id\":\"https:\\\/\\\/www.purejewels.com\\\/product\\\/22ct-indian-gold-ring-studded-with-cz-stones-48359\\\/\",\"url\":\"https:\\\/\\\/www.purejewels.com\\\/product\\\/22ct-indian-gold-ring-studded-with-cz-stones-48359\\\/\",\"name\":\"22ct Indian Gold Engagement Ring in Size L 1\\\/2 | PureJewels UK\",\"isPartOf\":{\"@id\":\"https:\\\/\\\/www.purejewels.com\\\/#website\"},\"primaryImageOfPage\":{\"@id\":\"https:\\\/\\\/www.purejewels.com\\\/product\\\/22ct-indian-gold-ring-studded-with-cz-stones-48359\\\/#primaryimage\"},\"image\":{\"@id\":\"https:\\\/\\\/www.purejewels.com\\\/product\\\/22ct-indian-gold-ring-studded-with-cz-stones-48359\\\/#primaryimage\"},\"thumbnailUrl\":\"https:\\\/\\\/static.purejewels.com\\\/wp-content\\\/uploads\\\/2023\\\/07\\\/SKU-44296.jpg\",\"datePublished\":\"2024-05-05T10:07:58+00:00\",\"dateModified\":\"2026-01-07T06:36:52+00:00\",\"description\":\"Find your perfect match with our 22ct Indian Gold Engagement Ring. This exquisite ring, crafted from the finest gold, is available in size L 1\\\/2. Shop now at PureJewels UK!\",\"breadcrumb\":{\"@id\":\"https:\\\/\\\/www.purejewels.com\\\/product\\\/22ct-indian-gold-ring-studded-with-cz-stones-48359\\\/#breadcrumb\"},\"inLanguage\":\"tr\",\"potentialAction\":[{\"@type\":\"ReadAction\",\"target\":[\"https:\\\/\\\/www.purejewels.com\\\/product\\\/22ct-indian-gold-ring-studded-with-cz-stones-48359\\\/\"]}]},{\"@type\":\"ImageObject\",\"inLanguage\":\"tr\",\"@id\":\"https:\\\/\\\/www.purejewels.com\\\/product\\\/22ct-indian-gold-ring-studded-with-cz-stones-48359\\\/#primaryimage\",\"url\":\"https:\\\/\\\/static.purejewels.com\\\/wp-content\\\/uploads\\\/2023\\\/07\\\/SKU-44296.jpg\",\"contentUrl\":\"https:\\\/\\\/static.purejewels.com\\\/wp-content\\\/uploads\\\/2023\\\/07\\\/SKU-44296.jpg\",\"width\":1000,\"height\":1000,\"caption\":\"22ct Indian Gold Ring Studded with Cz Stones\"},{\"@type\":\"BreadcrumbList\",\"@id\":\"https:\\\/\\\/www.purejewels.com\\\/product\\\/22ct-indian-gold-ring-studded-with-cz-stones-48359\\\/#breadcrumb\",\"itemListElement\":[{\"@type\":\"ListItem\",\"position\":1,\"name\":\"Home\",\"item\":\"https:\\\/\\\/www.purejewels.com\\\/\"},{\"@type\":\"ListItem\",\"position\":2,\"name\":\"Shop\",\"item\":\"https:\\\/\\\/www.purejewels.com\\\/shop\\\/\"},{\"@type\":\"ListItem\",\"position\":3,\"name\":\"22ct Indian Gold Engagement Ring | Size L 1\\\/2\"}]},{\"@type\":\"WebSite\",\"@id\":\"https:\\\/\\\/www.purejewels.com\\\/#website\",\"url\":\"https:\\\/\\\/www.purejewels.com\\\/\",\"name\":\"PureJewels UK\",\"description\":\"Share the Love\",\"publisher\":{\"@id\":\"https:\\\/\\\/www.purejewels.com\\\/#organization\"},\"potentialAction\":[{\"@type\":\"SearchAction\",\"target\":{\"@type\":\"EntryPoint\",\"urlTemplate\":\"https:\\\/\\\/www.purejewels.com\\\/?s={search_term_string}\"},\"query-input\":{\"@type\":\"PropertyValueSpecification\",\"valueRequired\":true,\"valueName\":\"search_term_string\"}}],\"inLanguage\":\"tr\"},{\"@type\":\"Organization\",\"@id\":\"https:\\\/\\\/www.purejewels.com\\\/#organization\",\"name\":\"PureJewels UK\",\"url\":\"https:\\\/\\\/www.purejewels.com\\\/\",\"logo\":{\"@type\":\"ImageObject\",\"inLanguage\":\"tr\",\"@id\":\"https:\\\/\\\/www.purejewels.com\\\/#\\\/schema\\\/logo\\\/image\\\/\",\"url\":\"https:\\\/\\\/static.purejewels.com\\\/wp-content\\\/uploads\\\/2020\\\/11\\\/Logo-PJ-New-1.png\",\"contentUrl\":\"https:\\\/\\\/static.purejewels.com\\\/wp-content\\\/uploads\\\/2020\\\/11\\\/Logo-PJ-New-1.png\",\"width\":150,\"height\":80,\"caption\":\"PureJewels UK\"},\"image\":{\"@id\":\"https:\\\/\\\/www.purejewels.com\\\/#\\\/schema\\\/logo\\\/image\\\/\"}}]}<\/script>\n<!-- \/ Yoast SEO plugin. -->","yoast_head_json":{"title":"L 1\/2 Beden 22 Ayar Hint Alt\u0131n\u0131 Ni\u015fan Y\u00fcz\u00fc\u011f\u00fc | PureJewels UK","description":"22ct Hint Alt\u0131n\u0131 Ni\u015fan Y\u00fcz\u00fc\u011f\u00fcm\u00fcz ile m\u00fckemmel e\u015finizi bulun. En iyi alt\u0131ndan \u00fcretilen bu zarif y\u00fcz\u00fck L 1\/2 beden olarak mevcuttur. PureJewels UK'de \u015fimdi al\u0131\u015fveri\u015f yap\u0131n!","robots":{"index":"index","follow":"follow","max-snippet":"max-snippet:-1","max-image-preview":"max-image-preview:large","max-video-preview":"max-video-preview:-1"},"canonical":"https:\/\/www.purejewels.com\/tr\/urun\/cz-taslarla-suslenmis-22-ayar-hint-altin-yuzuk-48359\/","og_locale":"tr_TR","og_type":"article","og_title":"22ct Indian Gold Engagement Ring in Size L 1\/2 | PureJewels UK","og_description":"Find your perfect match with our 22ct Indian Gold Engagement Ring. This exquisite ring, crafted from the finest gold, is available in size L 1\/2. Shop now at PureJewels UK!","og_url":"https:\/\/www.purejewels.com\/tr\/urun\/cz-taslarla-suslenmis-22-ayar-hint-altin-yuzuk-48359\/","og_site_name":"PureJewels UK","article_modified_time":"2026-01-07T06:36:52+00:00","og_image":[{"width":1000,"height":1000,"url":"https:\/\/www.purejewels.com\/wp-content\/uploads\/2023\/07\/SKU-44296.jpg","type":"image\/jpeg"}],"twitter_card":"summary_large_image","twitter_misc":{"Tahmini okuma s\u00fcresi":"1 dakika"},"schema":{"@context":"https:\/\/schema.org","@graph":[{"@type":["WebPage","ItemPage"],"@id":"https:\/\/www.purejewels.com\/product\/22ct-indian-gold-ring-studded-with-cz-stones-48359\/","url":"https:\/\/www.purejewels.com\/product\/22ct-indian-gold-ring-studded-with-cz-stones-48359\/","name":"L 1\/2 Beden 22 Ayar Hint Alt\u0131n\u0131 Ni\u015fan Y\u00fcz\u00fc\u011f\u00fc | PureJewels UK","isPartOf":{"@id":"https:\/\/www.purejewels.com\/#website"},"primaryImageOfPage":{"@id":"https:\/\/www.purejewels.com\/product\/22ct-indian-gold-ring-studded-with-cz-stones-48359\/#primaryimage"},"image":{"@id":"https:\/\/www.purejewels.com\/product\/22ct-indian-gold-ring-studded-with-cz-stones-48359\/#primaryimage"},"thumbnailUrl":"https:\/\/static.purejewels.com\/wp-content\/uploads\/2023\/07\/SKU-44296.jpg","datePublished":"2024-05-05T10:07:58+00:00","dateModified":"2026-01-07T06:36:52+00:00","description":"22ct Hint Alt\u0131n\u0131 Ni\u015fan Y\u00fcz\u00fc\u011f\u00fcm\u00fcz ile m\u00fckemmel e\u015finizi bulun. En iyi alt\u0131ndan \u00fcretilen bu zarif y\u00fcz\u00fck L 1\/2 beden olarak mevcuttur. PureJewels UK'de \u015fimdi al\u0131\u015fveri\u015f yap\u0131n!","breadcrumb":{"@id":"https:\/\/www.purejewels.com\/product\/22ct-indian-gold-ring-studded-with-cz-stones-48359\/#breadcrumb"},"inLanguage":"tr","potentialAction":[{"@type":"ReadAction","target":["https:\/\/www.purejewels.com\/product\/22ct-indian-gold-ring-studded-with-cz-stones-48359\/"]}]},{"@type":"ImageObject","inLanguage":"tr","@id":"https:\/\/www.purejewels.com\/product\/22ct-indian-gold-ring-studded-with-cz-stones-48359\/#primaryimage","url":"https:\/\/static.purejewels.com\/wp-content\/uploads\/2023\/07\/SKU-44296.jpg","contentUrl":"https:\/\/static.purejewels.com\/wp-content\/uploads\/2023\/07\/SKU-44296.jpg","width":1000,"height":1000,"caption":"22ct Indian Gold Ring Studded with Cz Stones"},{"@type":"BreadcrumbList","@id":"https:\/\/www.purejewels.com\/product\/22ct-indian-gold-ring-studded-with-cz-stones-48359\/#breadcrumb","itemListElement":[{"@type":"ListItem","position":1,"name":"Home","item":"https:\/\/www.purejewels.com\/"},{"@type":"ListItem","position":2,"name":"Shop","item":"https:\/\/www.purejewels.com\/shop\/"},{"@type":"ListItem","position":3,"name":"22ct Indian Gold Engagement Ring | Size L 1\/2"}]},{"@type":"WebSite","@id":"https:\/\/www.purejewels.com\/#website","url":"https:\/\/www.purejewels.com\/","name":"PureJewels \u0130ngiltere","description":"Sevgiyi Payla\u015f\u0131n","publisher":{"@id":"https:\/\/www.purejewels.com\/#organization"},"potentialAction":[{"@type":"SearchAction","target":{"@type":"EntryPoint","urlTemplate":"https:\/\/www.purejewels.com\/?s={search_term_string}"},"query-input":{"@type":"PropertyValueSpecification","valueRequired":true,"valueName":"search_term_string"}}],"inLanguage":"tr"},{"@type":"Organization","@id":"https:\/\/www.purejewels.com\/#organization","name":"PureJewels \u0130ngiltere","url":"https:\/\/www.purejewels.com\/","logo":{"@type":"ImageObject","inLanguage":"tr","@id":"https:\/\/www.purejewels.com\/#\/schema\/logo\/image\/","url":"https:\/\/static.purejewels.com\/wp-content\/uploads\/2020\/11\/Logo-PJ-New-1.png","contentUrl":"https:\/\/static.purejewels.com\/wp-content\/uploads\/2020\/11\/Logo-PJ-New-1.png","width":150,"height":80,"caption":"PureJewels UK"},"image":{"@id":"https:\/\/www.purejewels.com\/#\/schema\/logo\/image\/"}}]}},"_links":{"self":[{"href":"https:\/\/www.purejewels.com\/tr\/wp-json\/wp\/v2\/product\/364168","targetHints":{"allow":["GET"]}}],"collection":[{"href":"https:\/\/www.purejewels.com\/tr\/wp-json\/wp\/v2\/product"}],"about":[{"href":"https:\/\/www.purejewels.com\/tr\/wp-json\/wp\/v2\/types\/product"}],"replies":[{"embeddable":true,"href":"https:\/\/www.purejewels.com\/tr\/wp-json\/wp\/v2\/comments?post=364168"}],"version-history":[{"count":2,"href":"https:\/\/www.purejewels.com\/tr\/wp-json\/wp\/v2\/product\/364168\/revisions"}],"predecessor-version":[{"id":418234,"href":"https:\/\/www.purejewels.com\/tr\/wp-json\/wp\/v2\/product\/364168\/revisions\/418234"}],"wp:featuredmedia":[{"embeddable":true,"href":"https:\/\/www.purejewels.com\/tr\/wp-json\/wp\/v2\/media\/351057"}],"wp:attachment":[{"href":"https:\/\/www.purejewels.com\/tr\/wp-json\/wp\/v2\/media?parent=364168"}],"wp:term":[{"taxonomy":"product_brand","embeddable":true,"href":"https:\/\/www.purejewels.com\/tr\/wp-json\/wp\/v2\/product_brand?post=364168"},{"taxonomy":"product_cat","embeddable":true,"href":"https:\/\/www.purejewels.com\/tr\/wp-json\/wp\/v2\/product_cat?post=364168"},{"taxonomy":"product_tag","embeddable":true,"href":"https:\/\/www.purejewels.com\/tr\/wp-json\/wp\/v2\/product_tag?post=364168"}],"curies":[{"name":"wp","href":"https:\/\/api.w.org\/{rel}","templated":true}]}}