{"id":364172,"date":"2024-05-05T12:08:18","date_gmt":"2024-05-05T11:08:18","guid":{"rendered":"https:\/\/www.purejewels.com\/?post_type=product&#038;p=364172"},"modified":"2026-01-07T06:32:05","modified_gmt":"2026-01-07T06:32:05","slug":"22-ayar-altin-cz-yuzuk-48363","status":"publish","type":"product","link":"https:\/\/www.purejewels.com\/tr\/product\/22ct-gold-cz-ring-48363\/","title":{"rendered":"22 Ayar Alt\u0131n CZ Y\u00fcz\u00fck | K Beden"},"content":{"rendered":"<p data-sourcepos=\"3:1-3:99\"><strong>Kal\u0131c\u0131 g\u00fczelli\u011fi kucaklay\u0131n<\/strong> bu \u00e7arp\u0131c\u0131 <a href=\"https:\/\/www.purejewels.com\/tr\/product\/22ct-yellow-gold-cz-ring-51205\/\">22 ayar alt\u0131n y\u00fcz\u00fck<\/a> \u0131\u015f\u0131lt\u0131l\u0131 bir k\u00fcbik zirkon i\u00e7erir. <strong>Parlakl\u0131k i\u00e7in el yap\u0131m\u0131<\/strong>Bu y\u00fcz\u00fck, her k\u0131yafete l\u00fcks bir dokunu\u015f katacak zamans\u0131z bir par\u00e7ad\u0131r.<\/p>\n<ul data-sourcepos=\"7:1-8:13\">\n<li data-sourcepos=\"7:1-7:132\"><strong>Orijinal <a href=\"https:\/\/www.purejewels.com\/tr\/product\/22ct-gold-jali-filigree-ring-jali-collection-31926\/\">22ct<\/a> Alt\u0131n:<\/strong> E\u015fsiz zenginli\u011fini ve s\u0131cakl\u0131\u011f\u0131n\u0131 deneyimleyin <a href=\"https:\/\/www.purejewels.com\/tr\/product\/holy-cross-gold-pendant-44713\/\">22 ayar alt\u0131n<\/a>Bu y\u00fcz\u00fc\u011f\u00fcn de\u011ferli bir aile yadig\u00e2r\u0131 olmas\u0131n\u0131 sa\u011flar.<\/li>\n<li data-sourcepos=\"8:1-8:13\"><strong>I\u015f\u0131lt\u0131l\u0131 K\u00fcbik Zirkon:<\/strong> G\u00f6z kama\u015ft\u0131r\u0131c\u0131 bir k\u00fcbik zirkonya \u0131\u015f\u0131\u011f\u0131 g\u00fczel bir \u015fekilde yakalar ve bir p\u0131rlantan\u0131n parlakl\u0131\u011f\u0131n\u0131 maliyetinin \u00e7ok alt\u0131nda sunar.<\/li>\n<li data-sourcepos=\"9:1-9:23\"><strong>Klasik Tasar\u0131m:<\/strong> Bu y\u00fcz\u00fc\u011f\u00fcn zamans\u0131z tasar\u0131m\u0131 trendlerin \u00f6tesine ge\u00e7erek onu y\u0131llarca de\u011fer verece\u011finiz \u00e7ok y\u00f6nl\u00fc bir par\u00e7a haline getiriyor.<\/li>\n<\/ul>\n<p>&nbsp;<\/p>\n<p>&nbsp;<\/p>\n<p><b>Seri Kimli\u011fi JWRNCZCE003<\/b><\/p>\n<p>&nbsp;<\/p>","protected":false},"excerpt":{"rendered":"<table>\n<tbody>\n<tr>\n<td>Y\u00fcz\u00fck Tipi<\/td>\n<td>Ni\u015fan Y\u00fcz\u00fc\u011f\u00fc<\/td>\n<\/tr>\n<tr>\n<td>A\u011f\u0131rl\u0131k<\/td>\n<td>2,9 gms<\/td>\n<\/tr>\n<tr>\n<td>SKU<\/td>\n<td>48363<\/td>\n<\/tr>\n<tr>\n<td>Y\u00fcz\u00fck \u00d6l\u00e7\u00fcs\u00fc<\/td>\n<td>K<\/td>\n<\/tr>\n<tr>\n<td>\u00dccretler<\/td>\n<td>Teslimat ve KDV Dahil<\/td>\n<\/tr>\n<tr>\n<td>Paketleme<\/td>\n<td>Sunum Kutusu ile Birlikte Gelir<\/td>\n<\/tr>\n<tr>\n<td>Daha Fazla Bilgi<\/td>\n<td>\n<ul>\n<li>M\u00fcsaitlik durumu ve daha fazla resim i\u00e7in bizimle canl\u0131 sohbet edin<\/li>\n<li>Kontrol etmek i\u00e7in buraya t\u0131klay\u0131n\u00a0<strong>Y\u00fcz\u00fck \u00d6l\u00e7\u00fcs\u00fc<\/strong><\/li>\n<\/ul>\n<\/td>\n<\/tr>\n<\/tbody>\n<\/table>","protected":false},"featured_media":351057,"comment_status":"closed","ping_status":"closed","template":"","meta":{"_eb_attr":"","_crsspst_to_jayantr4sg-hostcom":false},"product_brand":[],"product_cat":[1791,1559,231,1229,1235,5344,1783,1786,1569,5349],"product_tag":[],"class_list":{"0":"post-364172","1":"product","2":"type-product","3":"status-publish","4":"has-post-thumbnail","6":"product_cat-anniversary-gifts","7":"product_cat-birthday-gifts","8":"product_cat-engagement-rings","9":"product_cat-22ct-gold-jewellery","10":"product_cat-gold-rings","11":"product_cat-jewellery-under-750","12":"product_cat-ladies-rings","13":"product_cat-occasional-wear-rings","14":"product_cat-valentine-day-gifts","15":"product_cat-yellow-gold-jewellery","17":"first","18":"outofstock","19":"taxable","20":"shipping-taxable","21":"product-type-simple","22":"add-to-wishlist-before_image"},"yoast_head":"<!-- This site is optimized with the Yoast SEO plugin v27.3 - https:\/\/yoast.com\/product\/yoast-seo-wordpress\/ -->\n<title>Timeless Elegance: 22ct Gold Ring with Cubic Zirconia | Size K<\/title>\n<meta name=\"description\" content=\"Indulge in luxury at its finest. Our 22ct gold ring featuring a sparkling cubic zirconia is a timeless piece that will elevate any outfit. Shop now!\" \/>\n<meta name=\"robots\" content=\"index, follow, max-snippet:-1, max-image-preview:large, max-video-preview:-1\" \/>\n<link rel=\"canonical\" href=\"https:\/\/www.purejewels.com\/tr\/urun\/22-ayar-altin-cz-yuzuk-48363\/\" \/>\n<meta property=\"og:locale\" content=\"tr_TR\" \/>\n<meta property=\"og:type\" content=\"article\" \/>\n<meta property=\"og:title\" content=\"Timeless Elegance: 22ct Gold Ring with Cubic Zirconia | Size K\" \/>\n<meta property=\"og:description\" content=\"Indulge in luxury at its finest. Our 22ct gold ring featuring a sparkling cubic zirconia is a timeless piece that will elevate any outfit. Shop now!\" \/>\n<meta property=\"og:url\" content=\"https:\/\/www.purejewels.com\/tr\/urun\/22-ayar-altin-cz-yuzuk-48363\/\" \/>\n<meta property=\"og:site_name\" content=\"PureJewels UK\" \/>\n<meta property=\"article:modified_time\" content=\"2026-01-07T06:32:05+00:00\" \/>\n<meta property=\"og:image\" content=\"https:\/\/www.purejewels.com\/wp-content\/uploads\/2023\/07\/SKU-44296.jpg\" \/>\n\t<meta property=\"og:image:width\" content=\"1000\" \/>\n\t<meta property=\"og:image:height\" content=\"1000\" \/>\n\t<meta property=\"og:image:type\" content=\"image\/jpeg\" \/>\n<meta name=\"twitter:card\" content=\"summary_large_image\" \/>\n<meta name=\"twitter:label1\" content=\"Tahmini okuma s\u00fcresi\" \/>\n\t<meta name=\"twitter:data1\" content=\"1 dakika\" \/>\n<script type=\"application\/ld+json\" class=\"yoast-schema-graph\">{\"@context\":\"https:\\\/\\\/schema.org\",\"@graph\":[{\"@type\":[\"WebPage\",\"ItemPage\"],\"@id\":\"https:\\\/\\\/www.purejewels.com\\\/product\\\/22ct-gold-cz-ring-48363\\\/\",\"url\":\"https:\\\/\\\/www.purejewels.com\\\/product\\\/22ct-gold-cz-ring-48363\\\/\",\"name\":\"Timeless Elegance: 22ct Gold Ring with Cubic Zirconia | Size K\",\"isPartOf\":{\"@id\":\"https:\\\/\\\/www.purejewels.com\\\/#website\"},\"primaryImageOfPage\":{\"@id\":\"https:\\\/\\\/www.purejewels.com\\\/product\\\/22ct-gold-cz-ring-48363\\\/#primaryimage\"},\"image\":{\"@id\":\"https:\\\/\\\/www.purejewels.com\\\/product\\\/22ct-gold-cz-ring-48363\\\/#primaryimage\"},\"thumbnailUrl\":\"https:\\\/\\\/static.purejewels.com\\\/wp-content\\\/uploads\\\/2023\\\/07\\\/SKU-44296.jpg\",\"datePublished\":\"2024-05-05T11:08:18+00:00\",\"dateModified\":\"2026-01-07T06:32:05+00:00\",\"description\":\"Indulge in luxury at its finest. Our 22ct gold ring featuring a sparkling cubic zirconia is a timeless piece that will elevate any outfit. Shop now!\",\"breadcrumb\":{\"@id\":\"https:\\\/\\\/www.purejewels.com\\\/product\\\/22ct-gold-cz-ring-48363\\\/#breadcrumb\"},\"inLanguage\":\"tr\",\"potentialAction\":[{\"@type\":\"ReadAction\",\"target\":[\"https:\\\/\\\/www.purejewels.com\\\/product\\\/22ct-gold-cz-ring-48363\\\/\"]}]},{\"@type\":\"ImageObject\",\"inLanguage\":\"tr\",\"@id\":\"https:\\\/\\\/www.purejewels.com\\\/product\\\/22ct-gold-cz-ring-48363\\\/#primaryimage\",\"url\":\"https:\\\/\\\/static.purejewels.com\\\/wp-content\\\/uploads\\\/2023\\\/07\\\/SKU-44296.jpg\",\"contentUrl\":\"https:\\\/\\\/static.purejewels.com\\\/wp-content\\\/uploads\\\/2023\\\/07\\\/SKU-44296.jpg\",\"width\":1000,\"height\":1000,\"caption\":\"22ct Indian Gold Ring Studded with Cz Stones\"},{\"@type\":\"BreadcrumbList\",\"@id\":\"https:\\\/\\\/www.purejewels.com\\\/product\\\/22ct-gold-cz-ring-48363\\\/#breadcrumb\",\"itemListElement\":[{\"@type\":\"ListItem\",\"position\":1,\"name\":\"Home\",\"item\":\"https:\\\/\\\/www.purejewels.com\\\/\"},{\"@type\":\"ListItem\",\"position\":2,\"name\":\"Shop\",\"item\":\"https:\\\/\\\/www.purejewels.com\\\/shop\\\/\"},{\"@type\":\"ListItem\",\"position\":3,\"name\":\"22ct Gold CZ Ring | Size K\"}]},{\"@type\":\"WebSite\",\"@id\":\"https:\\\/\\\/www.purejewels.com\\\/#website\",\"url\":\"https:\\\/\\\/www.purejewels.com\\\/\",\"name\":\"PureJewels UK\",\"description\":\"Share the Love\",\"publisher\":{\"@id\":\"https:\\\/\\\/www.purejewels.com\\\/#organization\"},\"potentialAction\":[{\"@type\":\"SearchAction\",\"target\":{\"@type\":\"EntryPoint\",\"urlTemplate\":\"https:\\\/\\\/www.purejewels.com\\\/?s={search_term_string}\"},\"query-input\":{\"@type\":\"PropertyValueSpecification\",\"valueRequired\":true,\"valueName\":\"search_term_string\"}}],\"inLanguage\":\"tr\"},{\"@type\":\"Organization\",\"@id\":\"https:\\\/\\\/www.purejewels.com\\\/#organization\",\"name\":\"PureJewels UK\",\"url\":\"https:\\\/\\\/www.purejewels.com\\\/\",\"logo\":{\"@type\":\"ImageObject\",\"inLanguage\":\"tr\",\"@id\":\"https:\\\/\\\/www.purejewels.com\\\/#\\\/schema\\\/logo\\\/image\\\/\",\"url\":\"https:\\\/\\\/static.purejewels.com\\\/wp-content\\\/uploads\\\/2020\\\/11\\\/Logo-PJ-New-1.png\",\"contentUrl\":\"https:\\\/\\\/static.purejewels.com\\\/wp-content\\\/uploads\\\/2020\\\/11\\\/Logo-PJ-New-1.png\",\"width\":150,\"height\":80,\"caption\":\"PureJewels UK\"},\"image\":{\"@id\":\"https:\\\/\\\/www.purejewels.com\\\/#\\\/schema\\\/logo\\\/image\\\/\"}}]}<\/script>\n<!-- \/ Yoast SEO plugin. -->","yoast_head_json":{"title":"Zamans\u0131z Zarafet: K\u00fcbik Zirkon Ta\u015fl\u0131 22 Ayar Alt\u0131n Y\u00fcz\u00fck | K Beden","description":"L\u00fcks\u00fcn en iyi haliyle kendinizi \u015f\u0131mart\u0131n. I\u015f\u0131lt\u0131l\u0131 bir k\u00fcbik zirkonya i\u00e7eren 22 ayar alt\u0131n y\u00fcz\u00fc\u011f\u00fcm\u00fcz, her k\u0131yafeti y\u00fckseltecek zamans\u0131z bir par\u00e7ad\u0131r. \u015eimdi al\u0131\u015fveri\u015f yap\u0131n!","robots":{"index":"index","follow":"follow","max-snippet":"max-snippet:-1","max-image-preview":"max-image-preview:large","max-video-preview":"max-video-preview:-1"},"canonical":"https:\/\/www.purejewels.com\/tr\/urun\/22-ayar-altin-cz-yuzuk-48363\/","og_locale":"tr_TR","og_type":"article","og_title":"Timeless Elegance: 22ct Gold Ring with Cubic Zirconia | Size K","og_description":"Indulge in luxury at its finest. Our 22ct gold ring featuring a sparkling cubic zirconia is a timeless piece that will elevate any outfit. Shop now!","og_url":"https:\/\/www.purejewels.com\/tr\/urun\/22-ayar-altin-cz-yuzuk-48363\/","og_site_name":"PureJewels UK","article_modified_time":"2026-01-07T06:32:05+00:00","og_image":[{"width":1000,"height":1000,"url":"https:\/\/www.purejewels.com\/wp-content\/uploads\/2023\/07\/SKU-44296.jpg","type":"image\/jpeg"}],"twitter_card":"summary_large_image","twitter_misc":{"Tahmini okuma s\u00fcresi":"1 dakika"},"schema":{"@context":"https:\/\/schema.org","@graph":[{"@type":["WebPage","ItemPage"],"@id":"https:\/\/www.purejewels.com\/product\/22ct-gold-cz-ring-48363\/","url":"https:\/\/www.purejewels.com\/product\/22ct-gold-cz-ring-48363\/","name":"Zamans\u0131z Zarafet: K\u00fcbik Zirkon Ta\u015fl\u0131 22 Ayar Alt\u0131n Y\u00fcz\u00fck | K Beden","isPartOf":{"@id":"https:\/\/www.purejewels.com\/#website"},"primaryImageOfPage":{"@id":"https:\/\/www.purejewels.com\/product\/22ct-gold-cz-ring-48363\/#primaryimage"},"image":{"@id":"https:\/\/www.purejewels.com\/product\/22ct-gold-cz-ring-48363\/#primaryimage"},"thumbnailUrl":"https:\/\/static.purejewels.com\/wp-content\/uploads\/2023\/07\/SKU-44296.jpg","datePublished":"2024-05-05T11:08:18+00:00","dateModified":"2026-01-07T06:32:05+00:00","description":"L\u00fcks\u00fcn en iyi haliyle kendinizi \u015f\u0131mart\u0131n. I\u015f\u0131lt\u0131l\u0131 bir k\u00fcbik zirkonya i\u00e7eren 22 ayar alt\u0131n y\u00fcz\u00fc\u011f\u00fcm\u00fcz, her k\u0131yafeti y\u00fckseltecek zamans\u0131z bir par\u00e7ad\u0131r. \u015eimdi al\u0131\u015fveri\u015f yap\u0131n!","breadcrumb":{"@id":"https:\/\/www.purejewels.com\/product\/22ct-gold-cz-ring-48363\/#breadcrumb"},"inLanguage":"tr","potentialAction":[{"@type":"ReadAction","target":["https:\/\/www.purejewels.com\/product\/22ct-gold-cz-ring-48363\/"]}]},{"@type":"ImageObject","inLanguage":"tr","@id":"https:\/\/www.purejewels.com\/product\/22ct-gold-cz-ring-48363\/#primaryimage","url":"https:\/\/static.purejewels.com\/wp-content\/uploads\/2023\/07\/SKU-44296.jpg","contentUrl":"https:\/\/static.purejewels.com\/wp-content\/uploads\/2023\/07\/SKU-44296.jpg","width":1000,"height":1000,"caption":"22ct Indian Gold Ring Studded with Cz Stones"},{"@type":"BreadcrumbList","@id":"https:\/\/www.purejewels.com\/product\/22ct-gold-cz-ring-48363\/#breadcrumb","itemListElement":[{"@type":"ListItem","position":1,"name":"Home","item":"https:\/\/www.purejewels.com\/"},{"@type":"ListItem","position":2,"name":"Shop","item":"https:\/\/www.purejewels.com\/shop\/"},{"@type":"ListItem","position":3,"name":"22ct Gold CZ Ring | Size K"}]},{"@type":"WebSite","@id":"https:\/\/www.purejewels.com\/#website","url":"https:\/\/www.purejewels.com\/","name":"PureJewels \u0130ngiltere","description":"Sevgiyi Payla\u015f\u0131n","publisher":{"@id":"https:\/\/www.purejewels.com\/#organization"},"potentialAction":[{"@type":"SearchAction","target":{"@type":"EntryPoint","urlTemplate":"https:\/\/www.purejewels.com\/?s={search_term_string}"},"query-input":{"@type":"PropertyValueSpecification","valueRequired":true,"valueName":"search_term_string"}}],"inLanguage":"tr"},{"@type":"Organization","@id":"https:\/\/www.purejewels.com\/#organization","name":"PureJewels \u0130ngiltere","url":"https:\/\/www.purejewels.com\/","logo":{"@type":"ImageObject","inLanguage":"tr","@id":"https:\/\/www.purejewels.com\/#\/schema\/logo\/image\/","url":"https:\/\/static.purejewels.com\/wp-content\/uploads\/2020\/11\/Logo-PJ-New-1.png","contentUrl":"https:\/\/static.purejewels.com\/wp-content\/uploads\/2020\/11\/Logo-PJ-New-1.png","width":150,"height":80,"caption":"PureJewels UK"},"image":{"@id":"https:\/\/www.purejewels.com\/#\/schema\/logo\/image\/"}}]}},"_links":{"self":[{"href":"https:\/\/www.purejewels.com\/tr\/wp-json\/wp\/v2\/product\/364172","targetHints":{"allow":["GET"]}}],"collection":[{"href":"https:\/\/www.purejewels.com\/tr\/wp-json\/wp\/v2\/product"}],"about":[{"href":"https:\/\/www.purejewels.com\/tr\/wp-json\/wp\/v2\/types\/product"}],"replies":[{"embeddable":true,"href":"https:\/\/www.purejewels.com\/tr\/wp-json\/wp\/v2\/comments?post=364172"}],"version-history":[{"count":3,"href":"https:\/\/www.purejewels.com\/tr\/wp-json\/wp\/v2\/product\/364172\/revisions"}],"predecessor-version":[{"id":372170,"href":"https:\/\/www.purejewels.com\/tr\/wp-json\/wp\/v2\/product\/364172\/revisions\/372170"}],"wp:featuredmedia":[{"embeddable":true,"href":"https:\/\/www.purejewels.com\/tr\/wp-json\/wp\/v2\/media\/351057"}],"wp:attachment":[{"href":"https:\/\/www.purejewels.com\/tr\/wp-json\/wp\/v2\/media?parent=364172"}],"wp:term":[{"taxonomy":"product_brand","embeddable":true,"href":"https:\/\/www.purejewels.com\/tr\/wp-json\/wp\/v2\/product_brand?post=364172"},{"taxonomy":"product_cat","embeddable":true,"href":"https:\/\/www.purejewels.com\/tr\/wp-json\/wp\/v2\/product_cat?post=364172"},{"taxonomy":"product_tag","embeddable":true,"href":"https:\/\/www.purejewels.com\/tr\/wp-json\/wp\/v2\/product_tag?post=364172"}],"curies":[{"name":"wp","href":"https:\/\/api.w.org\/{rel}","templated":true}]}}