{"id":364190,"date":"2024-05-06T06:24:46","date_gmt":"2024-05-06T05:24:46","guid":{"rendered":"https:\/\/www.purejewels.com\/?post_type=product&#038;p=364190"},"modified":"2026-01-07T06:36:52","modified_gmt":"2026-01-07T06:36:52","slug":"22-ayar-altin-cz-yuzuk-48361","status":"publish","type":"product","link":"https:\/\/www.purejewels.com\/tr\/product\/22ct-gold-cz-ring-48361\/","title":{"rendered":"22 Ayar Alt\u0131n CZ Y\u00fcz\u00fck | K Beden"},"content":{"rendered":"<p><strong>Hak etti\u011finiz g\u00fcnl\u00fck \u0131\u015f\u0131lt\u0131yla kendinizi \u015f\u0131mart\u0131n<\/strong> bu \u00e7arp\u0131c\u0131 <a href=\"https:\/\/www.purejewels.com\/tr\/product\/22ct-yellow-gold-cz-ring-51205\/\">22 ayar alt\u0131n y\u00fcz\u00fck<\/a> PureJewels UK taraf\u0131ndan size sunulan g\u00f6z kama\u015ft\u0131r\u0131c\u0131 bir k\u00fcbik zirkon i\u00e7erir. <strong>Zamans\u0131z \u015f\u0131kl\u0131k i\u00e7in \u00fcretildi<\/strong>Bu y\u00fcz\u00fck, kaliteden veya uygun fiyattan \u00f6d\u00fcn vermeden g\u00fcnl\u00fck g\u00f6r\u00fcn\u00fcm\u00fcn\u00fcz\u00fc y\u00fckseltmenin m\u00fckemmel bir yoludur.<\/p>\n<ul>\n<li data-sourcepos=\"13:1-13:155\"><strong>Zahmetsiz Konfor:<\/strong> Bu y\u00fcz\u00fck, rahat g\u00fcnl\u00fck kullan\u0131m i\u00e7in titizlikle \u00fcretilmi\u015ftir ve g\u00fcn\u00fcn\u00fcze zahmetsizce l\u00fcks bir dokunu\u015f katman\u0131z\u0131 sa\u011flar.<\/li>\n<li data-sourcepos=\"14:1-14:123\"><strong>PureJewels S\u00f6z\u00fc:<\/strong> PureJewels UK koleksiyonunun bir par\u00e7as\u0131 olan bu y\u00fcz\u00fck kalitenin sembol\u00fcd\u00fcr ve <a href=\"https:\/\/www.purejewels.com\/tr\/a-guide-to-die-stamping\/\">zanaatkarl\u0131k<\/a>. Uzun s\u00fcre dayanacak \u015fekilde \u00fcretilmi\u015f bir par\u00e7a ald\u0131\u011f\u0131n\u0131zdan emin olabilirsiniz.<\/li>\n<\/ul>","protected":false},"excerpt":{"rendered":"<table>\n<tbody>\n<tr>\n<td>Y\u00fcz\u00fck Tipi<\/td>\n<td>Ni\u015fan Y\u00fcz\u00fc\u011f\u00fc<\/td>\n<\/tr>\n<tr>\n<td>A\u011f\u0131rl\u0131k<\/td>\n<td>2,9 gms<\/td>\n<\/tr>\n<tr>\n<td>SKU<\/td>\n<td>48361<\/td>\n<\/tr>\n<tr>\n<td>Y\u00fcz\u00fck \u00d6l\u00e7\u00fcs\u00fc<\/td>\n<td>K<\/td>\n<\/tr>\n<tr>\n<td>\u00dccretler<\/td>\n<td>Teslimat ve KDV Dahil<\/td>\n<\/tr>\n<tr>\n<td>Paketleme<\/td>\n<td>Sunum Kutusu ile Birlikte Gelir<\/td>\n<\/tr>\n<tr>\n<td>Daha Fazla Bilgi<\/td>\n<td>\n<ul>\n<li>M\u00fcsaitlik durumu ve daha fazla resim i\u00e7in bizimle canl\u0131 sohbet edin<\/li>\n<li>CZ Bant Fiyat\u0131 dahil de\u011fildir<\/li>\n<li>Kontrol etmek i\u00e7in buraya t\u0131klay\u0131n\u00a0<strong>Y\u00fcz\u00fck \u00d6l\u00e7\u00fcs\u00fc<\/strong><\/li>\n<\/ul>\n<\/td>\n<\/tr>\n<\/tbody>\n<\/table>","protected":false},"featured_media":351057,"comment_status":"closed","ping_status":"closed","template":"","meta":{"_eb_attr":"","_crsspst_to_jayantr4sg-hostcom":true},"product_brand":[],"product_cat":[1791,1559,231,1229,1235,5344,1783,1569,5349],"product_tag":[],"class_list":{"0":"post-364190","1":"product","2":"type-product","3":"status-publish","4":"has-post-thumbnail","6":"product_cat-anniversary-gifts","7":"product_cat-birthday-gifts","8":"product_cat-engagement-rings","9":"product_cat-22ct-gold-jewellery","10":"product_cat-gold-rings","11":"product_cat-jewellery-under-750","12":"product_cat-ladies-rings","13":"product_cat-valentine-day-gifts","14":"product_cat-yellow-gold-jewellery","16":"first","17":"outofstock","18":"sale","19":"taxable","20":"shipping-taxable","21":"product-type-simple","22":"add-to-wishlist-before_image"},"yoast_head":"<!-- This site is optimized with the Yoast SEO plugin v27.3 - https:\/\/yoast.com\/product\/yoast-seo-wordpress\/ -->\n<title>Everyday Luxury: 22ct Gold &amp; Cubic Zirconia Ring | PureJewels UK<\/title>\n<meta name=\"description\" content=\"Elevate your everyday look with the brilliance of 22ct gold and a sparkling cubic zirconia. This luxurious ring is both affordable and timeless. Shop now!\" \/>\n<meta name=\"robots\" content=\"index, follow, max-snippet:-1, max-image-preview:large, max-video-preview:-1\" \/>\n<link rel=\"canonical\" href=\"https:\/\/www.purejewels.com\/tr\/urun\/22-ayar-altin-cz-yuzuk-48361\/\" \/>\n<meta property=\"og:locale\" content=\"tr_TR\" \/>\n<meta property=\"og:type\" content=\"article\" \/>\n<meta property=\"og:title\" content=\"Everyday Luxury: 22ct Gold &amp; Cubic Zirconia Ring | PureJewels UK\" \/>\n<meta property=\"og:description\" content=\"Elevate your everyday look with the brilliance of 22ct gold and a sparkling cubic zirconia. This luxurious ring is both affordable and timeless. Shop now!\" \/>\n<meta property=\"og:url\" content=\"https:\/\/www.purejewels.com\/tr\/urun\/22-ayar-altin-cz-yuzuk-48361\/\" \/>\n<meta property=\"og:site_name\" content=\"PureJewels UK\" \/>\n<meta property=\"article:modified_time\" content=\"2026-01-07T06:36:52+00:00\" \/>\n<meta property=\"og:image\" content=\"https:\/\/www.purejewels.com\/wp-content\/uploads\/2023\/07\/SKU-44296.jpg\" \/>\n\t<meta property=\"og:image:width\" content=\"1000\" \/>\n\t<meta property=\"og:image:height\" content=\"1000\" \/>\n\t<meta property=\"og:image:type\" content=\"image\/jpeg\" \/>\n<meta name=\"twitter:card\" content=\"summary_large_image\" \/>\n<meta name=\"twitter:label1\" content=\"Tahmini okuma s\u00fcresi\" \/>\n\t<meta name=\"twitter:data1\" content=\"1 dakika\" \/>\n<script type=\"application\/ld+json\" class=\"yoast-schema-graph\">{\"@context\":\"https:\\\/\\\/schema.org\",\"@graph\":[{\"@type\":[\"WebPage\",\"ItemPage\"],\"@id\":\"https:\\\/\\\/www.purejewels.com\\\/product\\\/22ct-gold-cz-ring-48361\\\/\",\"url\":\"https:\\\/\\\/www.purejewels.com\\\/product\\\/22ct-gold-cz-ring-48361\\\/\",\"name\":\"Everyday Luxury: 22ct Gold & Cubic Zirconia Ring | PureJewels UK\",\"isPartOf\":{\"@id\":\"https:\\\/\\\/www.purejewels.com\\\/#website\"},\"primaryImageOfPage\":{\"@id\":\"https:\\\/\\\/www.purejewels.com\\\/product\\\/22ct-gold-cz-ring-48361\\\/#primaryimage\"},\"image\":{\"@id\":\"https:\\\/\\\/www.purejewels.com\\\/product\\\/22ct-gold-cz-ring-48361\\\/#primaryimage\"},\"thumbnailUrl\":\"https:\\\/\\\/static.purejewels.com\\\/wp-content\\\/uploads\\\/2023\\\/07\\\/SKU-44296.jpg\",\"datePublished\":\"2024-05-06T05:24:46+00:00\",\"dateModified\":\"2026-01-07T06:36:52+00:00\",\"description\":\"Elevate your everyday look with the brilliance of 22ct gold and a sparkling cubic zirconia. This luxurious ring is both affordable and timeless. Shop now!\",\"breadcrumb\":{\"@id\":\"https:\\\/\\\/www.purejewels.com\\\/product\\\/22ct-gold-cz-ring-48361\\\/#breadcrumb\"},\"inLanguage\":\"tr\",\"potentialAction\":[{\"@type\":\"ReadAction\",\"target\":[\"https:\\\/\\\/www.purejewels.com\\\/product\\\/22ct-gold-cz-ring-48361\\\/\"]}]},{\"@type\":\"ImageObject\",\"inLanguage\":\"tr\",\"@id\":\"https:\\\/\\\/www.purejewels.com\\\/product\\\/22ct-gold-cz-ring-48361\\\/#primaryimage\",\"url\":\"https:\\\/\\\/static.purejewels.com\\\/wp-content\\\/uploads\\\/2023\\\/07\\\/SKU-44296.jpg\",\"contentUrl\":\"https:\\\/\\\/static.purejewels.com\\\/wp-content\\\/uploads\\\/2023\\\/07\\\/SKU-44296.jpg\",\"width\":1000,\"height\":1000,\"caption\":\"22ct Indian Gold Ring Studded with Cz Stones\"},{\"@type\":\"BreadcrumbList\",\"@id\":\"https:\\\/\\\/www.purejewels.com\\\/product\\\/22ct-gold-cz-ring-48361\\\/#breadcrumb\",\"itemListElement\":[{\"@type\":\"ListItem\",\"position\":1,\"name\":\"Home\",\"item\":\"https:\\\/\\\/www.purejewels.com\\\/\"},{\"@type\":\"ListItem\",\"position\":2,\"name\":\"Shop\",\"item\":\"https:\\\/\\\/www.purejewels.com\\\/shop\\\/\"},{\"@type\":\"ListItem\",\"position\":3,\"name\":\"22ct Gold CZ Ring | Size K\"}]},{\"@type\":\"WebSite\",\"@id\":\"https:\\\/\\\/www.purejewels.com\\\/#website\",\"url\":\"https:\\\/\\\/www.purejewels.com\\\/\",\"name\":\"PureJewels UK\",\"description\":\"Share the Love\",\"publisher\":{\"@id\":\"https:\\\/\\\/www.purejewels.com\\\/#organization\"},\"potentialAction\":[{\"@type\":\"SearchAction\",\"target\":{\"@type\":\"EntryPoint\",\"urlTemplate\":\"https:\\\/\\\/www.purejewels.com\\\/?s={search_term_string}\"},\"query-input\":{\"@type\":\"PropertyValueSpecification\",\"valueRequired\":true,\"valueName\":\"search_term_string\"}}],\"inLanguage\":\"tr\"},{\"@type\":\"Organization\",\"@id\":\"https:\\\/\\\/www.purejewels.com\\\/#organization\",\"name\":\"PureJewels UK\",\"url\":\"https:\\\/\\\/www.purejewels.com\\\/\",\"logo\":{\"@type\":\"ImageObject\",\"inLanguage\":\"tr\",\"@id\":\"https:\\\/\\\/www.purejewels.com\\\/#\\\/schema\\\/logo\\\/image\\\/\",\"url\":\"https:\\\/\\\/static.purejewels.com\\\/wp-content\\\/uploads\\\/2020\\\/11\\\/Logo-PJ-New-1.png\",\"contentUrl\":\"https:\\\/\\\/static.purejewels.com\\\/wp-content\\\/uploads\\\/2020\\\/11\\\/Logo-PJ-New-1.png\",\"width\":150,\"height\":80,\"caption\":\"PureJewels UK\"},\"image\":{\"@id\":\"https:\\\/\\\/www.purejewels.com\\\/#\\\/schema\\\/logo\\\/image\\\/\"}}]}<\/script>\n<!-- \/ Yoast SEO plugin. -->","yoast_head_json":{"title":"G\u00fcnl\u00fck L\u00fcks: 22 Ayar Alt\u0131n ve K\u00fcbik Zirkon Y\u00fcz\u00fck | PureJewels UK","description":"G\u00fcnl\u00fck g\u00f6r\u00fcn\u00fcm\u00fcn\u00fcz\u00fc 22 ayar alt\u0131n\u0131n parlakl\u0131\u011f\u0131 ve \u0131\u015f\u0131lt\u0131l\u0131 bir k\u00fcbik zirkonya ile y\u00fckseltin. Bu l\u00fcks y\u00fcz\u00fck hem uygun fiyatl\u0131 hem de zamans\u0131z. \u015eimdi al\u0131\u015fveri\u015f yap\u0131n!","robots":{"index":"index","follow":"follow","max-snippet":"max-snippet:-1","max-image-preview":"max-image-preview:large","max-video-preview":"max-video-preview:-1"},"canonical":"https:\/\/www.purejewels.com\/tr\/urun\/22-ayar-altin-cz-yuzuk-48361\/","og_locale":"tr_TR","og_type":"article","og_title":"Everyday Luxury: 22ct Gold & Cubic Zirconia Ring | PureJewels UK","og_description":"Elevate your everyday look with the brilliance of 22ct gold and a sparkling cubic zirconia. This luxurious ring is both affordable and timeless. Shop now!","og_url":"https:\/\/www.purejewels.com\/tr\/urun\/22-ayar-altin-cz-yuzuk-48361\/","og_site_name":"PureJewels UK","article_modified_time":"2026-01-07T06:36:52+00:00","og_image":[{"width":1000,"height":1000,"url":"https:\/\/www.purejewels.com\/wp-content\/uploads\/2023\/07\/SKU-44296.jpg","type":"image\/jpeg"}],"twitter_card":"summary_large_image","twitter_misc":{"Tahmini okuma s\u00fcresi":"1 dakika"},"schema":{"@context":"https:\/\/schema.org","@graph":[{"@type":["WebPage","ItemPage"],"@id":"https:\/\/www.purejewels.com\/product\/22ct-gold-cz-ring-48361\/","url":"https:\/\/www.purejewels.com\/product\/22ct-gold-cz-ring-48361\/","name":"G\u00fcnl\u00fck L\u00fcks: 22 Ayar Alt\u0131n ve K\u00fcbik Zirkon Y\u00fcz\u00fck | PureJewels UK","isPartOf":{"@id":"https:\/\/www.purejewels.com\/#website"},"primaryImageOfPage":{"@id":"https:\/\/www.purejewels.com\/product\/22ct-gold-cz-ring-48361\/#primaryimage"},"image":{"@id":"https:\/\/www.purejewels.com\/product\/22ct-gold-cz-ring-48361\/#primaryimage"},"thumbnailUrl":"https:\/\/static.purejewels.com\/wp-content\/uploads\/2023\/07\/SKU-44296.jpg","datePublished":"2024-05-06T05:24:46+00:00","dateModified":"2026-01-07T06:36:52+00:00","description":"G\u00fcnl\u00fck g\u00f6r\u00fcn\u00fcm\u00fcn\u00fcz\u00fc 22 ayar alt\u0131n\u0131n parlakl\u0131\u011f\u0131 ve \u0131\u015f\u0131lt\u0131l\u0131 bir k\u00fcbik zirkonya ile y\u00fckseltin. Bu l\u00fcks y\u00fcz\u00fck hem uygun fiyatl\u0131 hem de zamans\u0131z. \u015eimdi al\u0131\u015fveri\u015f yap\u0131n!","breadcrumb":{"@id":"https:\/\/www.purejewels.com\/product\/22ct-gold-cz-ring-48361\/#breadcrumb"},"inLanguage":"tr","potentialAction":[{"@type":"ReadAction","target":["https:\/\/www.purejewels.com\/product\/22ct-gold-cz-ring-48361\/"]}]},{"@type":"ImageObject","inLanguage":"tr","@id":"https:\/\/www.purejewels.com\/product\/22ct-gold-cz-ring-48361\/#primaryimage","url":"https:\/\/static.purejewels.com\/wp-content\/uploads\/2023\/07\/SKU-44296.jpg","contentUrl":"https:\/\/static.purejewels.com\/wp-content\/uploads\/2023\/07\/SKU-44296.jpg","width":1000,"height":1000,"caption":"22ct Indian Gold Ring Studded with Cz Stones"},{"@type":"BreadcrumbList","@id":"https:\/\/www.purejewels.com\/product\/22ct-gold-cz-ring-48361\/#breadcrumb","itemListElement":[{"@type":"ListItem","position":1,"name":"Home","item":"https:\/\/www.purejewels.com\/"},{"@type":"ListItem","position":2,"name":"Shop","item":"https:\/\/www.purejewels.com\/shop\/"},{"@type":"ListItem","position":3,"name":"22ct Gold CZ Ring | Size K"}]},{"@type":"WebSite","@id":"https:\/\/www.purejewels.com\/#website","url":"https:\/\/www.purejewels.com\/","name":"PureJewels \u0130ngiltere","description":"Sevgiyi Payla\u015f\u0131n","publisher":{"@id":"https:\/\/www.purejewels.com\/#organization"},"potentialAction":[{"@type":"SearchAction","target":{"@type":"EntryPoint","urlTemplate":"https:\/\/www.purejewels.com\/?s={search_term_string}"},"query-input":{"@type":"PropertyValueSpecification","valueRequired":true,"valueName":"search_term_string"}}],"inLanguage":"tr"},{"@type":"Organization","@id":"https:\/\/www.purejewels.com\/#organization","name":"PureJewels \u0130ngiltere","url":"https:\/\/www.purejewels.com\/","logo":{"@type":"ImageObject","inLanguage":"tr","@id":"https:\/\/www.purejewels.com\/#\/schema\/logo\/image\/","url":"https:\/\/static.purejewels.com\/wp-content\/uploads\/2020\/11\/Logo-PJ-New-1.png","contentUrl":"https:\/\/static.purejewels.com\/wp-content\/uploads\/2020\/11\/Logo-PJ-New-1.png","width":150,"height":80,"caption":"PureJewels UK"},"image":{"@id":"https:\/\/www.purejewels.com\/#\/schema\/logo\/image\/"}}]}},"_links":{"self":[{"href":"https:\/\/www.purejewels.com\/tr\/wp-json\/wp\/v2\/product\/364190","targetHints":{"allow":["GET"]}}],"collection":[{"href":"https:\/\/www.purejewels.com\/tr\/wp-json\/wp\/v2\/product"}],"about":[{"href":"https:\/\/www.purejewels.com\/tr\/wp-json\/wp\/v2\/types\/product"}],"replies":[{"embeddable":true,"href":"https:\/\/www.purejewels.com\/tr\/wp-json\/wp\/v2\/comments?post=364190"}],"version-history":[{"count":3,"href":"https:\/\/www.purejewels.com\/tr\/wp-json\/wp\/v2\/product\/364190\/revisions"}],"predecessor-version":[{"id":372575,"href":"https:\/\/www.purejewels.com\/tr\/wp-json\/wp\/v2\/product\/364190\/revisions\/372575"}],"wp:featuredmedia":[{"embeddable":true,"href":"https:\/\/www.purejewels.com\/tr\/wp-json\/wp\/v2\/media\/351057"}],"wp:attachment":[{"href":"https:\/\/www.purejewels.com\/tr\/wp-json\/wp\/v2\/media?parent=364190"}],"wp:term":[{"taxonomy":"product_brand","embeddable":true,"href":"https:\/\/www.purejewels.com\/tr\/wp-json\/wp\/v2\/product_brand?post=364190"},{"taxonomy":"product_cat","embeddable":true,"href":"https:\/\/www.purejewels.com\/tr\/wp-json\/wp\/v2\/product_cat?post=364190"},{"taxonomy":"product_tag","embeddable":true,"href":"https:\/\/www.purejewels.com\/tr\/wp-json\/wp\/v2\/product_tag?post=364190"}],"curies":[{"name":"wp","href":"https:\/\/api.w.org\/{rel}","templated":true}]}}