{"id":364314,"date":"2024-06-09T08:59:15","date_gmt":"2024-06-09T07:59:15","guid":{"rendered":"https:\/\/www.purejewels.com\/?post_type=product&#038;p=364314"},"modified":"2026-02-05T06:24:10","modified_gmt":"2026-02-05T06:24:10","slug":"22-ayar-gundogumu-altin-gelin-kolyesi-47618","status":"publish","type":"product","link":"https:\/\/www.purejewels.com\/tr\/product\/22-carat-sunrise-gold-bridal-necklace-47618\/","title":{"rendered":"22 Ayar G\u00fcndo\u011fumu Alt\u0131n Gelin Kolyesi"},"content":{"rendered":"<p>Bu nefes kesici 22 ayar Sunrise Alt\u0131n ile d\u00fc\u011f\u00fcn g\u00fcn\u00fcn\u00fcz\u00fcn \u0131\u015f\u0131lt\u0131s\u0131n\u0131 uyand\u0131r\u0131n <a href=\"https:\/\/www.purejewels.com\/tr\/product\/22ct-gold-bridal-necklace-46262\/\">Gelin Kolyesi<\/a>. S\u0131cak, g\u00fcne\u015fli bir renk tonuyla bezenmi\u015f zarif alt\u0131ndan \u00fcretilen bu kolye, yeni bir ba\u015flang\u0131c\u0131n \u00f6z\u00fcn\u00fc yakal\u0131yor.<\/p>\n<p>Sunrise Gold'un b\u00fcy\u00fcleyici \u0131\u015f\u0131lt\u0131s\u0131, gelin g\u00f6r\u00fcn\u00fcm\u00fcn\u00fcze benzersiz bir zarafet katarak sizi zamans\u0131z bir g\u00fczellikle di\u011ferlerinden ay\u0131r\u0131r. Bu kolye bir s\u00fcslemeden \u00e7ok daha fazlas\u0131d\u0131r; birlikteli\u011finize getirdi\u011finiz sevgi ve \u0131\u015f\u0131\u011f\u0131n sembol\u00fcd\u00fcr.<\/p>","protected":false},"excerpt":{"rendered":"<table class=\"sh_desc\">\n<tbody>\n<tr>\n<td>Kolye Tipi<\/td>\n<td>Uzun Kolye<\/td>\n<\/tr>\n<tr>\n<td>SKU<\/td>\n<td>47618<\/td>\n<\/tr>\n<tr>\n<td>Uzunluk<\/td>\n<td>20 in\u00e7<\/td>\n<\/tr>\n<tr>\n<td>A\u011f\u0131rl\u0131k<\/td>\n<td>24.1 Gms<\/td>\n<\/tr>\n<tr>\n<td>Metal<\/td>\n<td>22 Ayar G\u00fcndo\u011fumu Alt\u0131n<\/td>\n<\/tr>\n<tr>\n<td>Hallmark<\/td>\n<td>Londra Tahlil Ofisi Taraf\u0131ndan Damgalanm\u0131\u015f 22 Ayar Alt\u0131n<\/td>\n<\/tr>\n<tr>\n<td>\u00dccretler<\/td>\n<td>Teslimat ve KDV Dahil<\/td>\n<\/tr>\n<tr>\n<td>Paketleme<\/td>\n<td>Sunum Kutusu ile Birlikte Gelir<\/td>\n<\/tr>\n<tr>\n<td>Daha Fazla Bilgi<\/td>\n<td>\n<ul>\n<li>M\u00fcsaitlik durumu ve daha fazla resim i\u00e7in bizimle canl\u0131 sohbet edin<\/li>\n<li>Bizim ke\u015ffedin\u00a0<strong>Kolyeler<\/strong><\/li>\n<\/ul>\n<\/td>\n<\/tr>\n<\/tbody>\n<\/table>\n<div class=\"btn-atc atc-slide\"><\/div>\n<div class=\"product_meta\"><\/div>","protected":false},"featured_media":364379,"comment_status":"closed","ping_status":"closed","template":"","meta":{"_eb_attr":"","_crsspst_to_jayantr4sg-hostcom":false},"product_brand":[],"product_cat":[5950,1229,1253,1777,5945,1656,5275,1573,1574],"product_tag":[],"class_list":{"0":"post-364314","1":"product","2":"type-product","3":"status-publish","4":"has-post-thumbnail","6":"product_cat-bridal-necklace","7":"product_cat-22ct-gold-jewellery","8":"product_cat-gold-necklaces","9":"product_cat-long-necklaces","10":"product_cat-rani-haar","11":"product_cat-rosettes-collections","12":"product_cat-rosettes-necklace","13":"product_cat-wedding-gifts","14":"product_cat-womens-jewellery","16":"first","17":"instock","18":"taxable","19":"shipping-taxable","20":"purchasable","21":"product-type-simple","22":"add-to-wishlist-before_image"},"yoast_head":"<!-- This site is optimized with the Yoast SEO plugin v27.6 - https:\/\/yoast.com\/product\/yoast-seo-wordpress\/ -->\n<title>22 Carat Gold Bridal Necklace | Sunrise Gold | Shop Now<\/title>\n<meta name=\"description\" content=\"Embrace the radiant warmth of your special day with our 22 karat Sunrise Gold Bridal Necklace. Shop now and make your wedding unforgettable!\" \/>\n<meta name=\"robots\" content=\"index, follow, max-snippet:-1, max-image-preview:large, max-video-preview:-1\" \/>\n<link rel=\"canonical\" href=\"https:\/\/www.purejewels.com\/tr\/urun\/22-ayar-gundogumu-altin-gelin-kolyesi-47618\/\" \/>\n<meta property=\"og:locale\" content=\"tr_TR\" \/>\n<meta property=\"og:type\" content=\"article\" \/>\n<meta property=\"og:title\" content=\"22 Carat Gold Bridal Necklace | Sunrise Gold | Shop Now\" \/>\n<meta property=\"og:description\" content=\"Embrace the radiant warmth of your special day with our 22 karat Sunrise Gold Bridal Necklace. Shop now and make your wedding unforgettable!\" \/>\n<meta property=\"og:url\" content=\"https:\/\/www.purejewels.com\/tr\/urun\/22-ayar-gundogumu-altin-gelin-kolyesi-47618\/\" \/>\n<meta property=\"og:site_name\" content=\"PureJewels UK\" \/>\n<meta property=\"article:modified_time\" content=\"2026-02-05T06:24:10+00:00\" \/>\n<meta property=\"og:image\" content=\"https:\/\/static.purejewels.com\/wp-content\/uploads\/2024\/06\/47618.png\" \/>\n\t<meta property=\"og:image:width\" content=\"1000\" \/>\n\t<meta property=\"og:image:height\" content=\"1000\" \/>\n\t<meta property=\"og:image:type\" content=\"image\/png\" \/>\n<meta name=\"twitter:card\" content=\"summary_large_image\" \/>\n<meta name=\"twitter:label1\" content=\"Tahmini okuma s\u00fcresi\" \/>\n\t<meta name=\"twitter:data1\" content=\"1 dakika\" \/>\n<script type=\"application\/ld+json\" class=\"yoast-schema-graph\">{\"@context\":\"https:\\\/\\\/schema.org\",\"@graph\":[{\"@type\":[\"WebPage\",\"ItemPage\"],\"@id\":\"https:\\\/\\\/www.purejewels.com\\\/product\\\/22-carat-sunrise-gold-bridal-necklace-47618\\\/\",\"url\":\"https:\\\/\\\/www.purejewels.com\\\/product\\\/22-carat-sunrise-gold-bridal-necklace-47618\\\/\",\"name\":\"22 Carat Gold Bridal Necklace | Sunrise Gold | Shop Now\",\"isPartOf\":{\"@id\":\"https:\\\/\\\/www.purejewels.com\\\/#website\"},\"primaryImageOfPage\":{\"@id\":\"https:\\\/\\\/www.purejewels.com\\\/product\\\/22-carat-sunrise-gold-bridal-necklace-47618\\\/#primaryimage\"},\"image\":{\"@id\":\"https:\\\/\\\/www.purejewels.com\\\/product\\\/22-carat-sunrise-gold-bridal-necklace-47618\\\/#primaryimage\"},\"thumbnailUrl\":\"https:\\\/\\\/static.purejewels.com\\\/wp-content\\\/uploads\\\/2024\\\/06\\\/47618.png\",\"datePublished\":\"2024-06-09T07:59:15+00:00\",\"dateModified\":\"2026-02-05T06:24:10+00:00\",\"description\":\"Embrace the radiant warmth of your special day with our 22 karat Sunrise Gold Bridal Necklace. Shop now and make your wedding unforgettable!\",\"breadcrumb\":{\"@id\":\"https:\\\/\\\/www.purejewels.com\\\/product\\\/22-carat-sunrise-gold-bridal-necklace-47618\\\/#breadcrumb\"},\"inLanguage\":\"tr\",\"potentialAction\":[{\"@type\":\"ReadAction\",\"target\":[\"https:\\\/\\\/www.purejewels.com\\\/product\\\/22-carat-sunrise-gold-bridal-necklace-47618\\\/\"]}]},{\"@type\":\"ImageObject\",\"inLanguage\":\"tr\",\"@id\":\"https:\\\/\\\/www.purejewels.com\\\/product\\\/22-carat-sunrise-gold-bridal-necklace-47618\\\/#primaryimage\",\"url\":\"https:\\\/\\\/static.purejewels.com\\\/wp-content\\\/uploads\\\/2024\\\/06\\\/47618.png\",\"contentUrl\":\"https:\\\/\\\/static.purejewels.com\\\/wp-content\\\/uploads\\\/2024\\\/06\\\/47618.png\",\"width\":1000,\"height\":1000,\"caption\":\"22ct Gold Necklace\"},{\"@type\":\"BreadcrumbList\",\"@id\":\"https:\\\/\\\/www.purejewels.com\\\/product\\\/22-carat-sunrise-gold-bridal-necklace-47618\\\/#breadcrumb\",\"itemListElement\":[{\"@type\":\"ListItem\",\"position\":1,\"name\":\"Home\",\"item\":\"https:\\\/\\\/www.purejewels.com\\\/\"},{\"@type\":\"ListItem\",\"position\":2,\"name\":\"Shop\",\"item\":\"https:\\\/\\\/www.purejewels.com\\\/shop\\\/\"},{\"@type\":\"ListItem\",\"position\":3,\"name\":\"22 Carat Sunrise Gold Bridal Necklace\"}]},{\"@type\":\"WebSite\",\"@id\":\"https:\\\/\\\/www.purejewels.com\\\/#website\",\"url\":\"https:\\\/\\\/www.purejewels.com\\\/\",\"name\":\"PureJewels UK\",\"description\":\"Share the Love\",\"publisher\":{\"@id\":\"https:\\\/\\\/www.purejewels.com\\\/#organization\"},\"potentialAction\":[{\"@type\":\"SearchAction\",\"target\":{\"@type\":\"EntryPoint\",\"urlTemplate\":\"https:\\\/\\\/www.purejewels.com\\\/?s={search_term_string}\"},\"query-input\":{\"@type\":\"PropertyValueSpecification\",\"valueRequired\":true,\"valueName\":\"search_term_string\"}}],\"inLanguage\":\"tr\"},{\"@type\":\"Organization\",\"@id\":\"https:\\\/\\\/www.purejewels.com\\\/#organization\",\"name\":\"PureJewels UK\",\"url\":\"https:\\\/\\\/www.purejewels.com\\\/\",\"logo\":{\"@type\":\"ImageObject\",\"inLanguage\":\"tr\",\"@id\":\"https:\\\/\\\/www.purejewels.com\\\/#\\\/schema\\\/logo\\\/image\\\/\",\"url\":\"https:\\\/\\\/static.purejewels.com\\\/wp-content\\\/uploads\\\/2020\\\/11\\\/Logo-PJ-New-1.png\",\"contentUrl\":\"https:\\\/\\\/static.purejewels.com\\\/wp-content\\\/uploads\\\/2020\\\/11\\\/Logo-PJ-New-1.png\",\"width\":150,\"height\":80,\"caption\":\"PureJewels UK\"},\"image\":{\"@id\":\"https:\\\/\\\/www.purejewels.com\\\/#\\\/schema\\\/logo\\\/image\\\/\"}}]}<\/script>\n<!-- \/ Yoast SEO plugin. -->","yoast_head_json":{"title":"22 Ayar Alt\u0131n Gelin Kolyesi | Sunrise Gold | \u015eimdi Al\u0131\u015fveri\u015f Yap\u0131n","description":"\u00d6zel g\u00fcn\u00fcn\u00fcz\u00fcn \u0131\u015f\u0131lt\u0131l\u0131 s\u0131cakl\u0131\u011f\u0131n\u0131 22 ayar Sunrise Gold Gelin Kolyemizle kucaklay\u0131n. \u015eimdi al\u0131\u015fveri\u015f yap\u0131n ve d\u00fc\u011f\u00fcn\u00fcn\u00fcz\u00fc unutulmaz k\u0131l\u0131n!","robots":{"index":"index","follow":"follow","max-snippet":"max-snippet:-1","max-image-preview":"max-image-preview:large","max-video-preview":"max-video-preview:-1"},"canonical":"https:\/\/www.purejewels.com\/tr\/urun\/22-ayar-gundogumu-altin-gelin-kolyesi-47618\/","og_locale":"tr_TR","og_type":"article","og_title":"22 Carat Gold Bridal Necklace | Sunrise Gold | Shop Now","og_description":"Embrace the radiant warmth of your special day with our 22 karat Sunrise Gold Bridal Necklace. Shop now and make your wedding unforgettable!","og_url":"https:\/\/www.purejewels.com\/tr\/urun\/22-ayar-gundogumu-altin-gelin-kolyesi-47618\/","og_site_name":"PureJewels UK","article_modified_time":"2026-02-05T06:24:10+00:00","og_image":[{"width":1000,"height":1000,"url":"https:\/\/static.purejewels.com\/wp-content\/uploads\/2024\/06\/47618.png","type":"image\/png"}],"twitter_card":"summary_large_image","twitter_misc":{"Tahmini okuma s\u00fcresi":"1 dakika"},"schema":{"@context":"https:\/\/schema.org","@graph":[{"@type":["WebPage","ItemPage"],"@id":"https:\/\/www.purejewels.com\/product\/22-carat-sunrise-gold-bridal-necklace-47618\/","url":"https:\/\/www.purejewels.com\/product\/22-carat-sunrise-gold-bridal-necklace-47618\/","name":"22 Ayar Alt\u0131n Gelin Kolyesi | Sunrise Gold | \u015eimdi Al\u0131\u015fveri\u015f Yap\u0131n","isPartOf":{"@id":"https:\/\/www.purejewels.com\/#website"},"primaryImageOfPage":{"@id":"https:\/\/www.purejewels.com\/product\/22-carat-sunrise-gold-bridal-necklace-47618\/#primaryimage"},"image":{"@id":"https:\/\/www.purejewels.com\/product\/22-carat-sunrise-gold-bridal-necklace-47618\/#primaryimage"},"thumbnailUrl":"https:\/\/static.purejewels.com\/wp-content\/uploads\/2024\/06\/47618.png","datePublished":"2024-06-09T07:59:15+00:00","dateModified":"2026-02-05T06:24:10+00:00","description":"\u00d6zel g\u00fcn\u00fcn\u00fcz\u00fcn \u0131\u015f\u0131lt\u0131l\u0131 s\u0131cakl\u0131\u011f\u0131n\u0131 22 ayar Sunrise Gold Gelin Kolyemizle kucaklay\u0131n. \u015eimdi al\u0131\u015fveri\u015f yap\u0131n ve d\u00fc\u011f\u00fcn\u00fcn\u00fcz\u00fc unutulmaz k\u0131l\u0131n!","breadcrumb":{"@id":"https:\/\/www.purejewels.com\/product\/22-carat-sunrise-gold-bridal-necklace-47618\/#breadcrumb"},"inLanguage":"tr","potentialAction":[{"@type":"ReadAction","target":["https:\/\/www.purejewels.com\/product\/22-carat-sunrise-gold-bridal-necklace-47618\/"]}]},{"@type":"ImageObject","inLanguage":"tr","@id":"https:\/\/www.purejewels.com\/product\/22-carat-sunrise-gold-bridal-necklace-47618\/#primaryimage","url":"https:\/\/static.purejewels.com\/wp-content\/uploads\/2024\/06\/47618.png","contentUrl":"https:\/\/static.purejewels.com\/wp-content\/uploads\/2024\/06\/47618.png","width":1000,"height":1000,"caption":"22ct Gold Necklace"},{"@type":"BreadcrumbList","@id":"https:\/\/www.purejewels.com\/product\/22-carat-sunrise-gold-bridal-necklace-47618\/#breadcrumb","itemListElement":[{"@type":"ListItem","position":1,"name":"Home","item":"https:\/\/www.purejewels.com\/"},{"@type":"ListItem","position":2,"name":"Shop","item":"https:\/\/www.purejewels.com\/shop\/"},{"@type":"ListItem","position":3,"name":"22 Carat Sunrise Gold Bridal Necklace"}]},{"@type":"WebSite","@id":"https:\/\/www.purejewels.com\/#website","url":"https:\/\/www.purejewels.com\/","name":"PureJewels \u0130ngiltere","description":"Sevgiyi Payla\u015f\u0131n","publisher":{"@id":"https:\/\/www.purejewels.com\/#organization"},"potentialAction":[{"@type":"SearchAction","target":{"@type":"EntryPoint","urlTemplate":"https:\/\/www.purejewels.com\/?s={search_term_string}"},"query-input":{"@type":"PropertyValueSpecification","valueRequired":true,"valueName":"search_term_string"}}],"inLanguage":"tr"},{"@type":"Organization","@id":"https:\/\/www.purejewels.com\/#organization","name":"PureJewels \u0130ngiltere","url":"https:\/\/www.purejewels.com\/","logo":{"@type":"ImageObject","inLanguage":"tr","@id":"https:\/\/www.purejewels.com\/#\/schema\/logo\/image\/","url":"https:\/\/static.purejewels.com\/wp-content\/uploads\/2020\/11\/Logo-PJ-New-1.png","contentUrl":"https:\/\/static.purejewels.com\/wp-content\/uploads\/2020\/11\/Logo-PJ-New-1.png","width":150,"height":80,"caption":"PureJewels UK"},"image":{"@id":"https:\/\/www.purejewels.com\/#\/schema\/logo\/image\/"}}]}},"_links":{"self":[{"href":"https:\/\/www.purejewels.com\/tr\/wp-json\/wp\/v2\/product\/364314","targetHints":{"allow":["GET"]}}],"collection":[{"href":"https:\/\/www.purejewels.com\/tr\/wp-json\/wp\/v2\/product"}],"about":[{"href":"https:\/\/www.purejewels.com\/tr\/wp-json\/wp\/v2\/types\/product"}],"replies":[{"embeddable":true,"href":"https:\/\/www.purejewels.com\/tr\/wp-json\/wp\/v2\/comments?post=364314"}],"version-history":[{"count":3,"href":"https:\/\/www.purejewels.com\/tr\/wp-json\/wp\/v2\/product\/364314\/revisions"}],"predecessor-version":[{"id":396928,"href":"https:\/\/www.purejewels.com\/tr\/wp-json\/wp\/v2\/product\/364314\/revisions\/396928"}],"wp:featuredmedia":[{"embeddable":true,"href":"https:\/\/www.purejewels.com\/tr\/wp-json\/wp\/v2\/media\/364379"}],"wp:attachment":[{"href":"https:\/\/www.purejewels.com\/tr\/wp-json\/wp\/v2\/media?parent=364314"}],"wp:term":[{"taxonomy":"product_brand","embeddable":true,"href":"https:\/\/www.purejewels.com\/tr\/wp-json\/wp\/v2\/product_brand?post=364314"},{"taxonomy":"product_cat","embeddable":true,"href":"https:\/\/www.purejewels.com\/tr\/wp-json\/wp\/v2\/product_cat?post=364314"},{"taxonomy":"product_tag","embeddable":true,"href":"https:\/\/www.purejewels.com\/tr\/wp-json\/wp\/v2\/product_tag?post=364314"}],"curies":[{"name":"wp","href":"https:\/\/api.w.org\/{rel}","templated":true}]}}