{"id":364317,"date":"2024-07-07T09:41:31","date_gmt":"2024-07-07T08:41:31","guid":{"rendered":"https:\/\/www.purejewels.com\/?post_type=product&#038;p=364317"},"modified":"2026-04-02T06:38:18","modified_gmt":"2026-04-02T05:38:18","slug":"rozet-22-ayar-altin-tikka-50649","status":"publish","type":"product","link":"https:\/\/www.purejewels.com\/tr\/product\/rosette-22-carat-gold-tikka-50649\/","title":{"rendered":"Rozet 22 Ayar Alt\u0131n Tikka | 6 \u0130n\u00e7"},"content":{"rendered":"<h3 data-start=\"1114\" data-end=\"1138\"><strong data-start=\"1118\" data-end=\"1136\">Tasar\u0131m Konsepti<\/strong><\/h3>\n<p data-start=\"1139\" data-end=\"1513\">Rozet motifi, do\u011fal \u00e7i\u00e7ek formlar\u0131ndan ilham al\u0131narak ince bir alt\u0131n i\u015f\u00e7ili\u011fiyle yorumlanm\u0131\u015ft\u0131r. G\u00fczelli\u011fi, yeni ba\u015flang\u0131\u00e7lar\u0131 ve k\u00fclt\u00fcrel kimli\u011fi simgeleyen tasar\u0131m, geleneksel G\u00fcney Asya m\u00fccevherlerinin zarafetini PureJewels'in \u00e7a\u011fda\u015f duyarl\u0131l\u0131klar\u0131yla bir araya getiriyor. Ak\u0131c\u0131 yap\u0131s\u0131 ve dengeli oranlar\u0131 onu hem s\u00fcsl\u00fc hem de giyilebilir k\u0131l\u0131yor.<\/p>\n<h3 data-start=\"1520\" data-end=\"1543\"><strong data-start=\"1524\" data-end=\"1541\">Zanaatkarl\u0131k<\/strong><\/h3>\n<p data-start=\"1544\" data-end=\"1911\">Her tikka, deneyimli zanaatk\u00e2rlar taraf\u0131ndan 22 ayar alt\u0131ndan tek tek el i\u015f\u00e7ili\u011fiyle \u00fcretilerek detaylara ola\u011fan\u00fcst\u00fc \u00f6zen g\u00f6sterilmesini sa\u011flar. Par\u00e7a, rahat ve g\u00fcvenli bir \u015fekilde sar\u0131lmas\u0131 i\u00e7in \u00f6zenle \u015fekillendirilmi\u015ftir ve karma\u015f\u0131k dokular\u0131n\u0131 geli\u015ftiren hafif\u00e7e parlat\u0131lm\u0131\u015f bir y\u00fczeye sahiptir. Londra'da damgalanm\u0131\u015f olan bu m\u00fccevher kalite, safl\u0131k ve nesilden nesile aktar\u0131lan sanat\u0131 temsil eder.<\/p>\n<h3 data-start=\"1918\" data-end=\"1941\"><strong data-start=\"1922\" data-end=\"1939\">Stil Fikirleri<\/strong><\/h3>\n<ul>\n<li data-start=\"1944\" data-end=\"2038\">Gelin veya Mehndi g\u00f6r\u00fcn\u00fcmlerine m\u00fckemmel bir son dokunu\u015f, lehengalar\u0131 ve sare'leri tamamlar<\/li>\n<li data-start=\"2041\" data-end=\"2119\">Uyumlu bir tak\u0131m i\u00e7in uyumlu Rozet k\u00fcpeler veya bilekliklerle e\u015fle\u015ftirin<\/li>\n<li data-start=\"2122\" data-end=\"2202\">Tikka'n\u0131n \u00f6n plana \u00e7\u0131kmas\u0131n\u0131 sa\u011flamak i\u00e7in d\u00fc\u015f\u00fck topuz veya yumu\u015fak dalgalarla \u015fekillendirin<\/li>\n<li data-start=\"2205\" data-end=\"2283\">Festivaller, aile kutlamalar\u0131 veya resmi portreler i\u00e7in de giyilebilir<\/li>\n<\/ul>","protected":false},"excerpt":{"rendered":"<table class=\"sh_desc\">\n<tbody>\n<tr>\n<td>SKU<\/td>\n<td>52653<\/td>\n<\/tr>\n<tr>\n<td>A\u011f\u0131rl\u0131k<\/td>\n<td>8.99 Gms<\/td>\n<\/tr>\n<tr>\n<td>KatalogID<\/td>\n<td>R1049<\/td>\n<\/tr>\n<tr>\n<td>Hallmark<\/td>\n<td>Londra Tahlil Ofisi Taraf\u0131ndan Damgalanm\u0131\u015f 22 Ayar Alt\u0131n<\/td>\n<\/tr>\n<tr>\n<td>\u00dccretler<\/td>\n<td>Teslimat ve KDV Dahil<\/td>\n<\/tr>\n<tr>\n<td>Paketleme<\/td>\n<td>Sunum Kutusu ile Birlikte Gelir<\/td>\n<\/tr>\n<tr>\n<td>Daha Fazla Bilgi<\/td>\n<td>\n<ul>\n<li>Gold Tikka'n\u0131n m\u00fcsaitlik durumu ve daha fazla g\u00f6rsel i\u00e7in bizimle canl\u0131 sohbet edin<\/li>\n<li>Daha Fazla Ke\u015ffet Bridal Tikka<\/li>\n<li>G\u00f6r\u00fcn\u00fcm\u00fcn\u00fcz\u00fc a\u015fa\u011f\u0131dakilerle zenginle\u015ftirebilirsiniz<\/li>\n<li><strong>Mozaik \u00c7\u0131t\u00e7\u0131tlar<\/strong><\/li>\n<li><strong>Chand Yapra\u011f\u0131 Kolye<\/strong><\/li>\n<\/ul>\n<\/td>\n<\/tr>\n<\/tbody>\n<\/table>\n<div class=\"btn-atc atc-slide\"><\/div>\n<div class=\"product_meta\"><\/div>","protected":false},"featured_media":364383,"comment_status":"closed","ping_status":"closed","template":"","meta":{"_eb_attr":"","_crsspst_to_jayantr4sg-hostcom":false},"product_brand":[],"product_cat":[1761,236,1229,1656,5655,5349],"product_tag":[1833],"class_list":{"0":"post-364317","1":"product","2":"type-product","3":"status-publish","4":"has-post-thumbnail","6":"product_cat-gold-bridal-tikka","7":"product_cat-collections","8":"product_cat-22ct-gold-jewellery","9":"product_cat-rosettes-collections","10":"product_cat-rosettes-tikka","11":"product_cat-yellow-gold-jewellery","12":"product_tag-gold-tikka","14":"first","15":"onbackorder","16":"taxable","17":"shipping-taxable","18":"product-type-simple","19":"add-to-wishlist-before_image"},"yoast_head":"<!-- This site is optimized with the Yoast SEO plugin v27.5 - https:\/\/yoast.com\/product\/yoast-seo-wordpress\/ -->\n<title>22 Carat Gold Tikka | Rosette Design | Shop Now<\/title>\n<meta name=\"description\" content=\"Add a touch of timeless elegance to your bridal look with our stunning 22 karat gold rosette tikka. Shop now and complete your bridal ensemble!\" \/>\n<meta name=\"robots\" content=\"index, follow, max-snippet:-1, max-image-preview:large, max-video-preview:-1\" \/>\n<link rel=\"canonical\" href=\"https:\/\/www.purejewels.com\/tr\/urun\/rozet-22-ayar-altin-tikka-50649\/\" \/>\n<meta property=\"og:locale\" content=\"tr_TR\" \/>\n<meta property=\"og:type\" content=\"article\" \/>\n<meta property=\"og:title\" content=\"22 Carat Gold Tikka | Rosette Design | Shop Now\" \/>\n<meta property=\"og:description\" content=\"Add a touch of timeless elegance to your bridal look with our stunning 22 karat gold rosette tikka. Shop now and complete your bridal ensemble!\" \/>\n<meta property=\"og:url\" content=\"https:\/\/www.purejewels.com\/tr\/urun\/rozet-22-ayar-altin-tikka-50649\/\" \/>\n<meta property=\"og:site_name\" content=\"PureJewels UK\" \/>\n<meta property=\"article:modified_time\" content=\"2026-04-02T05:38:18+00:00\" \/>\n<meta property=\"og:image\" content=\"https:\/\/static.purejewels.com\/wp-content\/uploads\/2024\/06\/47853.png\" \/>\n\t<meta property=\"og:image:width\" content=\"1000\" \/>\n\t<meta property=\"og:image:height\" content=\"1000\" \/>\n\t<meta property=\"og:image:type\" content=\"image\/png\" \/>\n<meta name=\"twitter:card\" content=\"summary_large_image\" \/>\n<meta name=\"twitter:label1\" content=\"Tahmini okuma s\u00fcresi\" \/>\n\t<meta name=\"twitter:data1\" content=\"1 dakika\" \/>\n<script type=\"application\/ld+json\" class=\"yoast-schema-graph\">{\"@context\":\"https:\\\/\\\/schema.org\",\"@graph\":[{\"@type\":[\"WebPage\",\"ItemPage\"],\"@id\":\"https:\\\/\\\/www.purejewels.com\\\/product\\\/rosette-22-carat-gold-tikka-50649\\\/\",\"url\":\"https:\\\/\\\/www.purejewels.com\\\/product\\\/rosette-22-carat-gold-tikka-50649\\\/\",\"name\":\"22 Carat Gold Tikka | Rosette Design | Shop Now\",\"isPartOf\":{\"@id\":\"https:\\\/\\\/www.purejewels.com\\\/#website\"},\"primaryImageOfPage\":{\"@id\":\"https:\\\/\\\/www.purejewels.com\\\/product\\\/rosette-22-carat-gold-tikka-50649\\\/#primaryimage\"},\"image\":{\"@id\":\"https:\\\/\\\/www.purejewels.com\\\/product\\\/rosette-22-carat-gold-tikka-50649\\\/#primaryimage\"},\"thumbnailUrl\":\"https:\\\/\\\/static.purejewels.com\\\/wp-content\\\/uploads\\\/2024\\\/06\\\/47853.png\",\"datePublished\":\"2024-07-07T08:41:31+00:00\",\"dateModified\":\"2026-04-02T05:38:18+00:00\",\"description\":\"Add a touch of timeless elegance to your bridal look with our stunning 22 karat gold rosette tikka. Shop now and complete your bridal ensemble!\",\"breadcrumb\":{\"@id\":\"https:\\\/\\\/www.purejewels.com\\\/product\\\/rosette-22-carat-gold-tikka-50649\\\/#breadcrumb\"},\"inLanguage\":\"tr\",\"potentialAction\":[{\"@type\":\"ReadAction\",\"target\":[\"https:\\\/\\\/www.purejewels.com\\\/product\\\/rosette-22-carat-gold-tikka-50649\\\/\"]}]},{\"@type\":\"ImageObject\",\"inLanguage\":\"tr\",\"@id\":\"https:\\\/\\\/www.purejewels.com\\\/product\\\/rosette-22-carat-gold-tikka-50649\\\/#primaryimage\",\"url\":\"https:\\\/\\\/static.purejewels.com\\\/wp-content\\\/uploads\\\/2024\\\/06\\\/47853.png\",\"contentUrl\":\"https:\\\/\\\/static.purejewels.com\\\/wp-content\\\/uploads\\\/2024\\\/06\\\/47853.png\",\"width\":1000,\"height\":1000,\"caption\":\"22ct Gold Tikka\"},{\"@type\":\"BreadcrumbList\",\"@id\":\"https:\\\/\\\/www.purejewels.com\\\/product\\\/rosette-22-carat-gold-tikka-50649\\\/#breadcrumb\",\"itemListElement\":[{\"@type\":\"ListItem\",\"position\":1,\"name\":\"Home\",\"item\":\"https:\\\/\\\/www.purejewels.com\\\/\"},{\"@type\":\"ListItem\",\"position\":2,\"name\":\"Shop\",\"item\":\"https:\\\/\\\/www.purejewels.com\\\/shop\\\/\"},{\"@type\":\"ListItem\",\"position\":3,\"name\":\"Rosette 22ct Gold Tikka | 6 Inches\"}]},{\"@type\":\"WebSite\",\"@id\":\"https:\\\/\\\/www.purejewels.com\\\/#website\",\"url\":\"https:\\\/\\\/www.purejewels.com\\\/\",\"name\":\"PureJewels UK\",\"description\":\"Share the Love\",\"publisher\":{\"@id\":\"https:\\\/\\\/www.purejewels.com\\\/#organization\"},\"potentialAction\":[{\"@type\":\"SearchAction\",\"target\":{\"@type\":\"EntryPoint\",\"urlTemplate\":\"https:\\\/\\\/www.purejewels.com\\\/?s={search_term_string}\"},\"query-input\":{\"@type\":\"PropertyValueSpecification\",\"valueRequired\":true,\"valueName\":\"search_term_string\"}}],\"inLanguage\":\"tr\"},{\"@type\":\"Organization\",\"@id\":\"https:\\\/\\\/www.purejewels.com\\\/#organization\",\"name\":\"PureJewels UK\",\"url\":\"https:\\\/\\\/www.purejewels.com\\\/\",\"logo\":{\"@type\":\"ImageObject\",\"inLanguage\":\"tr\",\"@id\":\"https:\\\/\\\/www.purejewels.com\\\/#\\\/schema\\\/logo\\\/image\\\/\",\"url\":\"https:\\\/\\\/static.purejewels.com\\\/wp-content\\\/uploads\\\/2020\\\/11\\\/Logo-PJ-New-1.png\",\"contentUrl\":\"https:\\\/\\\/static.purejewels.com\\\/wp-content\\\/uploads\\\/2020\\\/11\\\/Logo-PJ-New-1.png\",\"width\":150,\"height\":80,\"caption\":\"PureJewels UK\"},\"image\":{\"@id\":\"https:\\\/\\\/www.purejewels.com\\\/#\\\/schema\\\/logo\\\/image\\\/\"}}]}<\/script>\n<!-- \/ Yoast SEO plugin. -->","yoast_head_json":{"title":"22 Ayar Alt\u0131n Tikka | Rozet Tasar\u0131m\u0131 | \u015eimdi Al\u0131\u015fveri\u015f Yap\u0131n","description":"\u00c7arp\u0131c\u0131 22 ayar alt\u0131n rozet tikka ile gelin g\u00f6r\u00fcn\u00fcm\u00fcn\u00fcze zamans\u0131z bir zarafet kat\u0131n. \u015eimdi al\u0131\u015fveri\u015f yap\u0131n ve gelin tak\u0131m\u0131n\u0131z\u0131 tamamlay\u0131n!","robots":{"index":"index","follow":"follow","max-snippet":"max-snippet:-1","max-image-preview":"max-image-preview:large","max-video-preview":"max-video-preview:-1"},"canonical":"https:\/\/www.purejewels.com\/tr\/urun\/rozet-22-ayar-altin-tikka-50649\/","og_locale":"tr_TR","og_type":"article","og_title":"22 Carat Gold Tikka | Rosette Design | Shop Now","og_description":"Add a touch of timeless elegance to your bridal look with our stunning 22 karat gold rosette tikka. Shop now and complete your bridal ensemble!","og_url":"https:\/\/www.purejewels.com\/tr\/urun\/rozet-22-ayar-altin-tikka-50649\/","og_site_name":"PureJewels UK","article_modified_time":"2026-04-02T05:38:18+00:00","og_image":[{"width":1000,"height":1000,"url":"https:\/\/static.purejewels.com\/wp-content\/uploads\/2024\/06\/47853.png","type":"image\/png"}],"twitter_card":"summary_large_image","twitter_misc":{"Tahmini okuma s\u00fcresi":"1 dakika"},"schema":{"@context":"https:\/\/schema.org","@graph":[{"@type":["WebPage","ItemPage"],"@id":"https:\/\/www.purejewels.com\/product\/rosette-22-carat-gold-tikka-50649\/","url":"https:\/\/www.purejewels.com\/product\/rosette-22-carat-gold-tikka-50649\/","name":"22 Ayar Alt\u0131n Tikka | Rozet Tasar\u0131m\u0131 | \u015eimdi Al\u0131\u015fveri\u015f Yap\u0131n","isPartOf":{"@id":"https:\/\/www.purejewels.com\/#website"},"primaryImageOfPage":{"@id":"https:\/\/www.purejewels.com\/product\/rosette-22-carat-gold-tikka-50649\/#primaryimage"},"image":{"@id":"https:\/\/www.purejewels.com\/product\/rosette-22-carat-gold-tikka-50649\/#primaryimage"},"thumbnailUrl":"https:\/\/static.purejewels.com\/wp-content\/uploads\/2024\/06\/47853.png","datePublished":"2024-07-07T08:41:31+00:00","dateModified":"2026-04-02T05:38:18+00:00","description":"\u00c7arp\u0131c\u0131 22 ayar alt\u0131n rozet tikka ile gelin g\u00f6r\u00fcn\u00fcm\u00fcn\u00fcze zamans\u0131z bir zarafet kat\u0131n. \u015eimdi al\u0131\u015fveri\u015f yap\u0131n ve gelin tak\u0131m\u0131n\u0131z\u0131 tamamlay\u0131n!","breadcrumb":{"@id":"https:\/\/www.purejewels.com\/product\/rosette-22-carat-gold-tikka-50649\/#breadcrumb"},"inLanguage":"tr","potentialAction":[{"@type":"ReadAction","target":["https:\/\/www.purejewels.com\/product\/rosette-22-carat-gold-tikka-50649\/"]}]},{"@type":"ImageObject","inLanguage":"tr","@id":"https:\/\/www.purejewels.com\/product\/rosette-22-carat-gold-tikka-50649\/#primaryimage","url":"https:\/\/static.purejewels.com\/wp-content\/uploads\/2024\/06\/47853.png","contentUrl":"https:\/\/static.purejewels.com\/wp-content\/uploads\/2024\/06\/47853.png","width":1000,"height":1000,"caption":"22ct Gold Tikka"},{"@type":"BreadcrumbList","@id":"https:\/\/www.purejewels.com\/product\/rosette-22-carat-gold-tikka-50649\/#breadcrumb","itemListElement":[{"@type":"ListItem","position":1,"name":"Home","item":"https:\/\/www.purejewels.com\/"},{"@type":"ListItem","position":2,"name":"Shop","item":"https:\/\/www.purejewels.com\/shop\/"},{"@type":"ListItem","position":3,"name":"Rosette 22ct Gold Tikka | 6 Inches"}]},{"@type":"WebSite","@id":"https:\/\/www.purejewels.com\/#website","url":"https:\/\/www.purejewels.com\/","name":"PureJewels \u0130ngiltere","description":"Sevgiyi Payla\u015f\u0131n","publisher":{"@id":"https:\/\/www.purejewels.com\/#organization"},"potentialAction":[{"@type":"SearchAction","target":{"@type":"EntryPoint","urlTemplate":"https:\/\/www.purejewels.com\/?s={search_term_string}"},"query-input":{"@type":"PropertyValueSpecification","valueRequired":true,"valueName":"search_term_string"}}],"inLanguage":"tr"},{"@type":"Organization","@id":"https:\/\/www.purejewels.com\/#organization","name":"PureJewels \u0130ngiltere","url":"https:\/\/www.purejewels.com\/","logo":{"@type":"ImageObject","inLanguage":"tr","@id":"https:\/\/www.purejewels.com\/#\/schema\/logo\/image\/","url":"https:\/\/static.purejewels.com\/wp-content\/uploads\/2020\/11\/Logo-PJ-New-1.png","contentUrl":"https:\/\/static.purejewels.com\/wp-content\/uploads\/2020\/11\/Logo-PJ-New-1.png","width":150,"height":80,"caption":"PureJewels UK"},"image":{"@id":"https:\/\/www.purejewels.com\/#\/schema\/logo\/image\/"}}]}},"_links":{"self":[{"href":"https:\/\/www.purejewels.com\/tr\/wp-json\/wp\/v2\/product\/364317","targetHints":{"allow":["GET"]}}],"collection":[{"href":"https:\/\/www.purejewels.com\/tr\/wp-json\/wp\/v2\/product"}],"about":[{"href":"https:\/\/www.purejewels.com\/tr\/wp-json\/wp\/v2\/types\/product"}],"replies":[{"embeddable":true,"href":"https:\/\/www.purejewels.com\/tr\/wp-json\/wp\/v2\/comments?post=364317"}],"version-history":[{"count":4,"href":"https:\/\/www.purejewels.com\/tr\/wp-json\/wp\/v2\/product\/364317\/revisions"}],"predecessor-version":[{"id":426351,"href":"https:\/\/www.purejewels.com\/tr\/wp-json\/wp\/v2\/product\/364317\/revisions\/426351"}],"wp:featuredmedia":[{"embeddable":true,"href":"https:\/\/www.purejewels.com\/tr\/wp-json\/wp\/v2\/media\/364383"}],"wp:attachment":[{"href":"https:\/\/www.purejewels.com\/tr\/wp-json\/wp\/v2\/media?parent=364317"}],"wp:term":[{"taxonomy":"product_brand","embeddable":true,"href":"https:\/\/www.purejewels.com\/tr\/wp-json\/wp\/v2\/product_brand?post=364317"},{"taxonomy":"product_cat","embeddable":true,"href":"https:\/\/www.purejewels.com\/tr\/wp-json\/wp\/v2\/product_cat?post=364317"},{"taxonomy":"product_tag","embeddable":true,"href":"https:\/\/www.purejewels.com\/tr\/wp-json\/wp\/v2\/product_tag?post=364317"}],"curies":[{"name":"wp","href":"https:\/\/api.w.org\/{rel}","templated":true}]}}