{"id":364418,"date":"2024-06-10T11:06:07","date_gmt":"2024-06-10T10:06:07","guid":{"rendered":"https:\/\/www.purejewels.com\/?post_type=product&#038;p=364418"},"modified":"2026-02-18T07:43:54","modified_gmt":"2026-02-18T07:43:54","slug":"vinyasa-collection-22ct-sunrise-altin-bi%cc%87lezi%cc%87k-48537","status":"publish","type":"product","link":"https:\/\/www.purejewels.com\/tr\/product\/vinyasa-collection-22ct-sunrise-gold-bracelet-48537\/","title":{"rendered":"Vinyasa Koleksiyonu 22 Ayar G\u00fcndo\u011fumu Alt\u0131n Bileklik"},"content":{"rendered":"<p data-sourcepos=\"3:1-3:69\">Vinyasa Koleksiyonu ile \u00e7\u00f6lde g\u00fcn do\u011fumunun s\u0131cakl\u0131\u011f\u0131n\u0131 ya\u015fay\u0131n <a href=\"https:\/\/www.purejewels.com\/tr\/product\/22ct-gold-jali-filigree-ring-jali-collection-31926\/\">22ct<\/a> G\u00dcN DO\u011eUMU <a href=\"https:\/\/www.purejewels.com\/tr\/product\/22ct-gold-mens-bracelet\/\">alt\u0131n bilezik<\/a>. Bu zarif par\u00e7a, saf malzemeden \u00fcretilmi\u015ftir. <a href=\"https:\/\/www.purejewels.com\/tr\/product\/holy-cross-gold-pendant-44713\/\">22 ayar alt\u0131n<\/a> E\u015fsiz, s\u0131cak renk tonuyla bile\u011finize \u0131\u015f\u0131lt\u0131l\u0131 bir zarafet katar.<\/p>\n<p data-sourcepos=\"5:1-5:42\"><strong>Koleksiyonu ve Malzemeyi vurgulay\u0131n:<\/strong><\/p>\n<ul data-sourcepos=\"7:1-7:72\">\n<li data-sourcepos=\"7:1-7:72\"><strong>Vinyasa Koleksiyonunun bir par\u00e7as\u0131:<\/strong> Bu bileklik, narin tasar\u0131m\u0131 ve s\u0131cak tonlar\u0131yla Vinyasa Koleksiyonu'nun hareket ve ak\u0131\u015fa olan oda\u011f\u0131n\u0131 yans\u0131t\u0131yor.<\/li>\n<li data-sourcepos=\"8:1-8:51\"><strong>22 ayar G\u00fcndo\u011fumu Alt\u0131n:<\/strong> En iyi 22 ayar alt\u0131ndan \u00fcretilen bu bileklik, s\u0131cakl\u0131k ve g\u00fczellik yayan e\u015fsiz bir g\u00fcn do\u011fumu tonuna sahiptir.<\/li>\n<\/ul>","protected":false},"excerpt":{"rendered":"<table class=\"sh_desc\">\n<tbody>\n<tr>\n<td>Bilezik T\u00fcr\u00fc<\/td>\n<td>22 Ayar Alt\u0131n Bileklik<\/td>\n<\/tr>\n<tr>\n<td>Metal<\/td>\n<td>22 Ayar G\u00fcndo\u011fumu Alt\u0131n<\/td>\n<\/tr>\n<tr>\n<td>SKU<\/td>\n<td>48537<\/td>\n<\/tr>\n<tr>\n<td>A\u011f\u0131rl\u0131k<\/td>\n<td>6.1 Gms<\/td>\n<\/tr>\n<tr>\n<td>Uzunluk<\/td>\n<td>7 \u0130n\u00e7<\/td>\n<\/tr>\n<tr>\n<td>Hallmark<\/td>\n<td>Londra Tahlil Ofisi Taraf\u0131ndan Damgalanm\u0131\u015f 22 Ayar Alt\u0131n<\/td>\n<\/tr>\n<tr>\n<td>\u00dccretler<\/td>\n<td>Teslimat ve KDV Dahil<\/td>\n<\/tr>\n<tr>\n<td>Paketleme<\/td>\n<td>Sunum Kutusu ile Birlikte Gelir<\/td>\n<\/tr>\n<tr>\n<td>Daha Fazla Bilgi<\/td>\n<td>Alt\u0131n Tak\u0131lar\u0131n mevcudiyeti ve daha fazla g\u00f6rsel i\u00e7in bizimle canl\u0131 sohbet edin<\/td>\n<\/tr>\n<\/tbody>\n<\/table>","protected":false},"featured_media":364419,"comment_status":"closed","ping_status":"closed","template":"","meta":{"_eb_attr":"","_crsspst_to_jayantr4sg-hostcom":false},"product_brand":[],"product_cat":[1791,1559,6057,236,1793,1324,1229,1480,1573,1574,5349],"product_tag":[5634],"class_list":{"0":"post-364418","1":"product","2":"type-product","3":"status-publish","4":"has-post-thumbnail","6":"product_cat-anniversary-gifts","7":"product_cat-birthday-gifts","8":"product_cat-chain-bracelet","9":"product_cat-collections","10":"product_cat-diwali-gifts","11":"product_cat-gold-bracelet","12":"product_cat-22ct-gold-jewellery","13":"product_cat-vinyasa-collections","14":"product_cat-wedding-gifts","15":"product_cat-womens-jewellery","16":"product_cat-yellow-gold-jewellery","17":"product_tag-22ct-gold-bracelet-for-ladies","19":"first","20":"instock","21":"taxable","22":"shipping-taxable","23":"purchasable","24":"product-type-simple","25":"add-to-wishlist-before_image"},"yoast_head":"<!-- This site is optimized with the Yoast SEO plugin v27.3 - https:\/\/yoast.com\/product\/yoast-seo-wordpress\/ -->\n<title>Vinyasa Collection 22ct sunrise Gold Bracelet | PureJewels UK<\/title>\n<meta name=\"description\" content=\"Embrace the warmth of sunrise with the Vinyasa Collection&#039;s 22ct sunrise gold bracelet. Delicate design, radiant hue. Shop now!\" \/>\n<meta name=\"robots\" content=\"index, follow, max-snippet:-1, max-image-preview:large, max-video-preview:-1\" \/>\n<link rel=\"canonical\" href=\"https:\/\/www.purejewels.com\/tr\/urun\/vinyasa-collection-22ct-sunrise-altin-bi\u0307lezi\u0307k-48537\/\" \/>\n<meta property=\"og:locale\" content=\"tr_TR\" \/>\n<meta property=\"og:type\" content=\"article\" \/>\n<meta property=\"og:title\" content=\"Vinyasa Collection 22ct sunrise Gold Bracelet | PureJewels UK\" \/>\n<meta property=\"og:description\" content=\"Embrace the warmth of sunrise with the Vinyasa Collection&#039;s 22ct sunrise gold bracelet. Delicate design, radiant hue. Shop now!\" \/>\n<meta property=\"og:url\" content=\"https:\/\/www.purejewels.com\/tr\/urun\/vinyasa-collection-22ct-sunrise-altin-bi\u0307lezi\u0307k-48537\/\" \/>\n<meta property=\"og:site_name\" content=\"PureJewels UK\" \/>\n<meta property=\"article:modified_time\" content=\"2026-02-18T07:43:54+00:00\" \/>\n<meta property=\"og:image\" content=\"https:\/\/static.purejewels.com\/wp-content\/uploads\/2024\/06\/48537.png\" \/>\n\t<meta property=\"og:image:width\" content=\"1000\" \/>\n\t<meta property=\"og:image:height\" content=\"1000\" \/>\n\t<meta property=\"og:image:type\" content=\"image\/png\" \/>\n<meta name=\"twitter:card\" content=\"summary_large_image\" \/>\n<meta name=\"twitter:label1\" content=\"Tahmini okuma s\u00fcresi\" \/>\n\t<meta name=\"twitter:data1\" content=\"1 dakika\" \/>\n<script type=\"application\/ld+json\" class=\"yoast-schema-graph\">{\"@context\":\"https:\\\/\\\/schema.org\",\"@graph\":[{\"@type\":[\"WebPage\",\"ItemPage\"],\"@id\":\"https:\\\/\\\/www.purejewels.com\\\/product\\\/vinyasa-collection-22ct-sunrise-gold-bracelet-48537\\\/\",\"url\":\"https:\\\/\\\/www.purejewels.com\\\/product\\\/vinyasa-collection-22ct-sunrise-gold-bracelet-48537\\\/\",\"name\":\"Vinyasa Collection 22ct sunrise Gold Bracelet | PureJewels UK\",\"isPartOf\":{\"@id\":\"https:\\\/\\\/www.purejewels.com\\\/#website\"},\"primaryImageOfPage\":{\"@id\":\"https:\\\/\\\/www.purejewels.com\\\/product\\\/vinyasa-collection-22ct-sunrise-gold-bracelet-48537\\\/#primaryimage\"},\"image\":{\"@id\":\"https:\\\/\\\/www.purejewels.com\\\/product\\\/vinyasa-collection-22ct-sunrise-gold-bracelet-48537\\\/#primaryimage\"},\"thumbnailUrl\":\"https:\\\/\\\/static.purejewels.com\\\/wp-content\\\/uploads\\\/2024\\\/06\\\/48537.png\",\"datePublished\":\"2024-06-10T10:06:07+00:00\",\"dateModified\":\"2026-02-18T07:43:54+00:00\",\"description\":\"Embrace the warmth of sunrise with the Vinyasa Collection's 22ct sunrise gold bracelet. Delicate design, radiant hue. Shop now!\",\"breadcrumb\":{\"@id\":\"https:\\\/\\\/www.purejewels.com\\\/product\\\/vinyasa-collection-22ct-sunrise-gold-bracelet-48537\\\/#breadcrumb\"},\"inLanguage\":\"tr\",\"potentialAction\":[{\"@type\":\"ReadAction\",\"target\":[\"https:\\\/\\\/www.purejewels.com\\\/product\\\/vinyasa-collection-22ct-sunrise-gold-bracelet-48537\\\/\"]}]},{\"@type\":\"ImageObject\",\"inLanguage\":\"tr\",\"@id\":\"https:\\\/\\\/www.purejewels.com\\\/product\\\/vinyasa-collection-22ct-sunrise-gold-bracelet-48537\\\/#primaryimage\",\"url\":\"https:\\\/\\\/static.purejewels.com\\\/wp-content\\\/uploads\\\/2024\\\/06\\\/48537.png\",\"contentUrl\":\"https:\\\/\\\/static.purejewels.com\\\/wp-content\\\/uploads\\\/2024\\\/06\\\/48537.png\",\"width\":1000,\"height\":1000,\"caption\":\"Vinyasa Collection 22ct sunrise Gold Bracelet\"},{\"@type\":\"BreadcrumbList\",\"@id\":\"https:\\\/\\\/www.purejewels.com\\\/product\\\/vinyasa-collection-22ct-sunrise-gold-bracelet-48537\\\/#breadcrumb\",\"itemListElement\":[{\"@type\":\"ListItem\",\"position\":1,\"name\":\"Home\",\"item\":\"https:\\\/\\\/www.purejewels.com\\\/\"},{\"@type\":\"ListItem\",\"position\":2,\"name\":\"Shop\",\"item\":\"https:\\\/\\\/www.purejewels.com\\\/shop\\\/\"},{\"@type\":\"ListItem\",\"position\":3,\"name\":\"Vinyasa Collection 22ct sunrise Gold Bracelet\"}]},{\"@type\":\"WebSite\",\"@id\":\"https:\\\/\\\/www.purejewels.com\\\/#website\",\"url\":\"https:\\\/\\\/www.purejewels.com\\\/\",\"name\":\"PureJewels UK\",\"description\":\"Share the Love\",\"publisher\":{\"@id\":\"https:\\\/\\\/www.purejewels.com\\\/#organization\"},\"potentialAction\":[{\"@type\":\"SearchAction\",\"target\":{\"@type\":\"EntryPoint\",\"urlTemplate\":\"https:\\\/\\\/www.purejewels.com\\\/?s={search_term_string}\"},\"query-input\":{\"@type\":\"PropertyValueSpecification\",\"valueRequired\":true,\"valueName\":\"search_term_string\"}}],\"inLanguage\":\"tr\"},{\"@type\":\"Organization\",\"@id\":\"https:\\\/\\\/www.purejewels.com\\\/#organization\",\"name\":\"PureJewels UK\",\"url\":\"https:\\\/\\\/www.purejewels.com\\\/\",\"logo\":{\"@type\":\"ImageObject\",\"inLanguage\":\"tr\",\"@id\":\"https:\\\/\\\/www.purejewels.com\\\/#\\\/schema\\\/logo\\\/image\\\/\",\"url\":\"https:\\\/\\\/static.purejewels.com\\\/wp-content\\\/uploads\\\/2020\\\/11\\\/Logo-PJ-New-1.png\",\"contentUrl\":\"https:\\\/\\\/static.purejewels.com\\\/wp-content\\\/uploads\\\/2020\\\/11\\\/Logo-PJ-New-1.png\",\"width\":150,\"height\":80,\"caption\":\"PureJewels UK\"},\"image\":{\"@id\":\"https:\\\/\\\/www.purejewels.com\\\/#\\\/schema\\\/logo\\\/image\\\/\"}}]}<\/script>\n<!-- \/ Yoast SEO plugin. -->","yoast_head_json":{"title":"Vinyasa Koleksiyonu 22 Ayar G\u00fcndo\u011fumu Alt\u0131n Bileklik | PureJewels UK","description":"Vinyasa Collection'\u0131n 22 ayar g\u00fcndo\u011fumu alt\u0131n bilezi\u011fiyle g\u00fcndo\u011fumunun s\u0131cakl\u0131\u011f\u0131n\u0131 kucaklay\u0131n. Zarif tasar\u0131m, \u0131\u015f\u0131lt\u0131l\u0131 renk tonu. \u015eimdi sat\u0131n al\u0131n!","robots":{"index":"index","follow":"follow","max-snippet":"max-snippet:-1","max-image-preview":"max-image-preview:large","max-video-preview":"max-video-preview:-1"},"canonical":"https:\/\/www.purejewels.com\/tr\/urun\/vinyasa-collection-22ct-sunrise-altin-bi\u0307lezi\u0307k-48537\/","og_locale":"tr_TR","og_type":"article","og_title":"Vinyasa Collection 22ct sunrise Gold Bracelet | PureJewels UK","og_description":"Embrace the warmth of sunrise with the Vinyasa Collection's 22ct sunrise gold bracelet. Delicate design, radiant hue. Shop now!","og_url":"https:\/\/www.purejewels.com\/tr\/urun\/vinyasa-collection-22ct-sunrise-altin-bi\u0307lezi\u0307k-48537\/","og_site_name":"PureJewels UK","article_modified_time":"2026-02-18T07:43:54+00:00","og_image":[{"width":1000,"height":1000,"url":"https:\/\/static.purejewels.com\/wp-content\/uploads\/2024\/06\/48537.png","type":"image\/png"}],"twitter_card":"summary_large_image","twitter_misc":{"Tahmini okuma s\u00fcresi":"1 dakika"},"schema":{"@context":"https:\/\/schema.org","@graph":[{"@type":["WebPage","ItemPage"],"@id":"https:\/\/www.purejewels.com\/product\/vinyasa-collection-22ct-sunrise-gold-bracelet-48537\/","url":"https:\/\/www.purejewels.com\/product\/vinyasa-collection-22ct-sunrise-gold-bracelet-48537\/","name":"Vinyasa Koleksiyonu 22 Ayar G\u00fcndo\u011fumu Alt\u0131n Bileklik | PureJewels UK","isPartOf":{"@id":"https:\/\/www.purejewels.com\/#website"},"primaryImageOfPage":{"@id":"https:\/\/www.purejewels.com\/product\/vinyasa-collection-22ct-sunrise-gold-bracelet-48537\/#primaryimage"},"image":{"@id":"https:\/\/www.purejewels.com\/product\/vinyasa-collection-22ct-sunrise-gold-bracelet-48537\/#primaryimage"},"thumbnailUrl":"https:\/\/static.purejewels.com\/wp-content\/uploads\/2024\/06\/48537.png","datePublished":"2024-06-10T10:06:07+00:00","dateModified":"2026-02-18T07:43:54+00:00","description":"Vinyasa Collection'\u0131n 22 ayar g\u00fcndo\u011fumu alt\u0131n bilezi\u011fiyle g\u00fcndo\u011fumunun s\u0131cakl\u0131\u011f\u0131n\u0131 kucaklay\u0131n. Zarif tasar\u0131m, \u0131\u015f\u0131lt\u0131l\u0131 renk tonu. \u015eimdi sat\u0131n al\u0131n!","breadcrumb":{"@id":"https:\/\/www.purejewels.com\/product\/vinyasa-collection-22ct-sunrise-gold-bracelet-48537\/#breadcrumb"},"inLanguage":"tr","potentialAction":[{"@type":"ReadAction","target":["https:\/\/www.purejewels.com\/product\/vinyasa-collection-22ct-sunrise-gold-bracelet-48537\/"]}]},{"@type":"ImageObject","inLanguage":"tr","@id":"https:\/\/www.purejewels.com\/product\/vinyasa-collection-22ct-sunrise-gold-bracelet-48537\/#primaryimage","url":"https:\/\/static.purejewels.com\/wp-content\/uploads\/2024\/06\/48537.png","contentUrl":"https:\/\/static.purejewels.com\/wp-content\/uploads\/2024\/06\/48537.png","width":1000,"height":1000,"caption":"Vinyasa Collection 22ct sunrise Gold Bracelet"},{"@type":"BreadcrumbList","@id":"https:\/\/www.purejewels.com\/product\/vinyasa-collection-22ct-sunrise-gold-bracelet-48537\/#breadcrumb","itemListElement":[{"@type":"ListItem","position":1,"name":"Home","item":"https:\/\/www.purejewels.com\/"},{"@type":"ListItem","position":2,"name":"Shop","item":"https:\/\/www.purejewels.com\/shop\/"},{"@type":"ListItem","position":3,"name":"Vinyasa Collection 22ct sunrise Gold Bracelet"}]},{"@type":"WebSite","@id":"https:\/\/www.purejewels.com\/#website","url":"https:\/\/www.purejewels.com\/","name":"PureJewels \u0130ngiltere","description":"Sevgiyi Payla\u015f\u0131n","publisher":{"@id":"https:\/\/www.purejewels.com\/#organization"},"potentialAction":[{"@type":"SearchAction","target":{"@type":"EntryPoint","urlTemplate":"https:\/\/www.purejewels.com\/?s={search_term_string}"},"query-input":{"@type":"PropertyValueSpecification","valueRequired":true,"valueName":"search_term_string"}}],"inLanguage":"tr"},{"@type":"Organization","@id":"https:\/\/www.purejewels.com\/#organization","name":"PureJewels \u0130ngiltere","url":"https:\/\/www.purejewels.com\/","logo":{"@type":"ImageObject","inLanguage":"tr","@id":"https:\/\/www.purejewels.com\/#\/schema\/logo\/image\/","url":"https:\/\/static.purejewels.com\/wp-content\/uploads\/2020\/11\/Logo-PJ-New-1.png","contentUrl":"https:\/\/static.purejewels.com\/wp-content\/uploads\/2020\/11\/Logo-PJ-New-1.png","width":150,"height":80,"caption":"PureJewels UK"},"image":{"@id":"https:\/\/www.purejewels.com\/#\/schema\/logo\/image\/"}}]}},"_links":{"self":[{"href":"https:\/\/www.purejewels.com\/tr\/wp-json\/wp\/v2\/product\/364418","targetHints":{"allow":["GET"]}}],"collection":[{"href":"https:\/\/www.purejewels.com\/tr\/wp-json\/wp\/v2\/product"}],"about":[{"href":"https:\/\/www.purejewels.com\/tr\/wp-json\/wp\/v2\/types\/product"}],"replies":[{"embeddable":true,"href":"https:\/\/www.purejewels.com\/tr\/wp-json\/wp\/v2\/comments?post=364418"}],"version-history":[{"count":2,"href":"https:\/\/www.purejewels.com\/tr\/wp-json\/wp\/v2\/product\/364418\/revisions"}],"predecessor-version":[{"id":425076,"href":"https:\/\/www.purejewels.com\/tr\/wp-json\/wp\/v2\/product\/364418\/revisions\/425076"}],"wp:featuredmedia":[{"embeddable":true,"href":"https:\/\/www.purejewels.com\/tr\/wp-json\/wp\/v2\/media\/364419"}],"wp:attachment":[{"href":"https:\/\/www.purejewels.com\/tr\/wp-json\/wp\/v2\/media?parent=364418"}],"wp:term":[{"taxonomy":"product_brand","embeddable":true,"href":"https:\/\/www.purejewels.com\/tr\/wp-json\/wp\/v2\/product_brand?post=364418"},{"taxonomy":"product_cat","embeddable":true,"href":"https:\/\/www.purejewels.com\/tr\/wp-json\/wp\/v2\/product_cat?post=364418"},{"taxonomy":"product_tag","embeddable":true,"href":"https:\/\/www.purejewels.com\/tr\/wp-json\/wp\/v2\/product_tag?post=364418"}],"curies":[{"name":"wp","href":"https:\/\/api.w.org\/{rel}","templated":true}]}}