{"id":364644,"date":"2024-08-16T11:29:08","date_gmt":"2024-08-16T10:29:08","guid":{"rendered":"https:\/\/www.purejewels.com\/?post_type=product&#038;p=364644"},"modified":"2026-01-30T07:17:01","modified_gmt":"2026-01-30T07:17:01","slug":"22-ayar-altin-kupe-armari-collection-47977","status":"publish","type":"product","link":"https:\/\/www.purejewels.com\/tr\/product\/22-carat-gold-earring-armari-collection-47977\/","title":{"rendered":"22 Ayar Alt\u0131n K\u00fcpe | Armari Koleksiyonu"},"content":{"rendered":"<p>Bu \u00e7arp\u0131c\u0131 k\u00fcpelerle \u015f\u0131kl\u0131\u011f\u0131n\u0131z\u0131 bir \u00fcst seviyeye ta\u015f\u0131y\u0131n. <strong>Armari Koleksiyonu<\/strong>parlak 22 ayar alt\u0131ndan \u00fcretilmi\u015ftir. 4,7 gram a\u011f\u0131rl\u0131\u011f\u0131ndaki bu k\u00fcpeler l\u00fcks ve tak\u0131labilirlik aras\u0131nda m\u00fckemmel bir denge kurarak hem g\u00fcnl\u00fck sofistike ya\u015fam hem de \u00f6zel g\u00fcnler i\u00e7in idealdir.<\/p>\n<p>Cazibe ve zarafeti yans\u0131tan zamans\u0131z bir tasar\u0131ma sahip Armari Koleksiyonu k\u00fcpeleri, zarif i\u015f\u00e7ilik ve \u00fcst\u00fcn kalitenin bir kan\u0131t\u0131d\u0131r. 22 ayar alt\u0131n\u0131n zengin, s\u0131cak \u0131\u015f\u0131lt\u0131s\u0131 her stili tamamlayan b\u00fcy\u00fcleyici bir g\u00f6r\u00fcn\u00fcm sa\u011flar.<\/p>\n<p>Hediye ya da ki\u015fisel bir zevk olarak m\u00fckemmel olan bu k\u00fcpeler, bir m\u00fccevherden \u00e7ok daha fazlas\u0131d\u0131r; zarafet ve miras\u0131n ifadesidir.<\/p>","protected":false},"excerpt":{"rendered":"<table class=\"sh_desc\">\n<tbody>\n<tr>\n<td>K\u00fcpe T\u00fcr\u00fc<\/td>\n<td>Saplama K\u00fcpe<\/td>\n<\/tr>\n<tr>\n<td>SKU<\/td>\n<td>47977<\/td>\n<\/tr>\n<tr>\n<td>A\u011f\u0131rl\u0131k<\/td>\n<td>4.7Gms<\/td>\n<\/tr>\n<tr>\n<td>Biti\u015f<\/td>\n<td>Antique_Matte<\/td>\n<\/tr>\n<tr>\n<td>Cinsiyet<\/td>\n<td>Bayanlar<\/td>\n<\/tr>\n<tr>\n<td>Koleksiyon<\/td>\n<td><strong>Armari Koleksiyonu<\/strong><\/td>\n<\/tr>\n<tr>\n<td>Metal<\/td>\n<td>22 Ayar Alt\u0131n<\/td>\n<\/tr>\n<tr>\n<td>\u00dccretler<\/td>\n<td>Teslimat ve KDV Dahil<\/td>\n<\/tr>\n<tr>\n<td>Paketleme<\/td>\n<td>Sunum Kutusu ile Birlikte Gelir<\/td>\n<\/tr>\n<tr>\n<td>Daha Fazla Bilgi<\/td>\n<td>M\u00fcsaitlik durumu ve daha fazla resim i\u00e7in bizimle canl\u0131 sohbet edin<\/td>\n<\/tr>\n<\/tbody>\n<\/table>","protected":false},"featured_media":364645,"comment_status":"closed","ping_status":"closed","template":"","meta":{"_eb_attr":"","_crsspst_to_jayantr4sg-hostcom":false},"product_brand":[],"product_cat":[1791,245,6144,5639,1559,236,1793,1685,1254,1229,1570,1573,1574,5349],"product_tag":[5841],"class_list":{"0":"post-364644","1":"product","2":"type-product","3":"status-publish","4":"has-post-thumbnail","6":"product_cat-anniversary-gifts","7":"product_cat-armari-collections","8":"product_cat-armari-drop-earrings","9":"product_cat-armari-earring","10":"product_cat-birthday-gifts","11":"product_cat-collections","12":"product_cat-diwali-gifts","13":"product_cat-drop-earrings","14":"product_cat-gold-earrings","15":"product_cat-22ct-gold-jewellery","16":"product_cat-mothers-day-gifts","17":"product_cat-wedding-gifts","18":"product_cat-womens-jewellery","19":"product_cat-yellow-gold-jewellery","20":"product_tag-22ct-gold-stud-earrings","22":"first","23":"instock","24":"taxable","25":"shipping-taxable","26":"purchasable","27":"product-type-simple","28":"add-to-wishlist-before_image"},"yoast_head":"<!-- This site is optimized with the Yoast SEO plugin v27.5 - https:\/\/yoast.com\/product\/yoast-seo-wordpress\/ -->\n<title>22ct Gold Armari Collection Earrings Online | PureJewels UK<\/title>\n<meta name=\"description\" content=\"&quot;Explore the exquisite 22ct Gold Armari Collection Earrings online at PureJewels UK. Discover timeless designs crafted with elegance and sophistication, perfect for every occasion. Shop now for premium quality gold jewellery!&quot;\" \/>\n<meta name=\"robots\" content=\"index, follow, max-snippet:-1, max-image-preview:large, max-video-preview:-1\" \/>\n<link rel=\"canonical\" href=\"https:\/\/www.purejewels.com\/tr\/urun\/22-ayar-altin-kupe-armari-collection-47977\/\" \/>\n<meta property=\"og:locale\" content=\"tr_TR\" \/>\n<meta property=\"og:type\" content=\"article\" \/>\n<meta property=\"og:title\" content=\"22ct Gold Armari Collection Earrings Online | PureJewels UK\" \/>\n<meta property=\"og:description\" content=\"&quot;Explore the exquisite 22ct Gold Armari Collection Earrings online at PureJewels UK. Discover timeless designs crafted with elegance and sophistication, perfect for every occasion. Shop now for premium quality gold jewellery!&quot;\" \/>\n<meta property=\"og:url\" content=\"https:\/\/www.purejewels.com\/tr\/urun\/22-ayar-altin-kupe-armari-collection-47977\/\" \/>\n<meta property=\"og:site_name\" content=\"PureJewels UK\" \/>\n<meta property=\"article:modified_time\" content=\"2026-01-30T07:17:01+00:00\" \/>\n<meta property=\"og:image\" content=\"https:\/\/static.purejewels.com\/wp-content\/uploads\/2024\/06\/47977.png\" \/>\n\t<meta property=\"og:image:width\" content=\"1000\" \/>\n\t<meta property=\"og:image:height\" content=\"1000\" \/>\n\t<meta property=\"og:image:type\" content=\"image\/png\" \/>\n<meta name=\"twitter:card\" content=\"summary_large_image\" \/>\n<meta name=\"twitter:label1\" content=\"Tahmini okuma s\u00fcresi\" \/>\n\t<meta name=\"twitter:data1\" content=\"1 dakika\" \/>\n<script type=\"application\/ld+json\" class=\"yoast-schema-graph\">{\"@context\":\"https:\\\/\\\/schema.org\",\"@graph\":[{\"@type\":[\"WebPage\",\"ItemPage\"],\"@id\":\"https:\\\/\\\/www.purejewels.com\\\/product\\\/22-carat-gold-earring-armari-collection-47977\\\/\",\"url\":\"https:\\\/\\\/www.purejewels.com\\\/product\\\/22-carat-gold-earring-armari-collection-47977\\\/\",\"name\":\"22ct Gold Armari Collection Earrings Online | PureJewels UK\",\"isPartOf\":{\"@id\":\"https:\\\/\\\/www.purejewels.com\\\/#website\"},\"primaryImageOfPage\":{\"@id\":\"https:\\\/\\\/www.purejewels.com\\\/product\\\/22-carat-gold-earring-armari-collection-47977\\\/#primaryimage\"},\"image\":{\"@id\":\"https:\\\/\\\/www.purejewels.com\\\/product\\\/22-carat-gold-earring-armari-collection-47977\\\/#primaryimage\"},\"thumbnailUrl\":\"https:\\\/\\\/static.purejewels.com\\\/wp-content\\\/uploads\\\/2024\\\/06\\\/47977.png\",\"datePublished\":\"2024-08-16T10:29:08+00:00\",\"dateModified\":\"2026-01-30T07:17:01+00:00\",\"description\":\"\\\"Explore the exquisite 22ct Gold Armari Collection Earrings online at PureJewels UK. Discover timeless designs crafted with elegance and sophistication, perfect for every occasion. Shop now for premium quality gold jewellery!\\\"\",\"breadcrumb\":{\"@id\":\"https:\\\/\\\/www.purejewels.com\\\/product\\\/22-carat-gold-earring-armari-collection-47977\\\/#breadcrumb\"},\"inLanguage\":\"tr\",\"potentialAction\":[{\"@type\":\"ReadAction\",\"target\":[\"https:\\\/\\\/www.purejewels.com\\\/product\\\/22-carat-gold-earring-armari-collection-47977\\\/\"]}]},{\"@type\":\"ImageObject\",\"inLanguage\":\"tr\",\"@id\":\"https:\\\/\\\/www.purejewels.com\\\/product\\\/22-carat-gold-earring-armari-collection-47977\\\/#primaryimage\",\"url\":\"https:\\\/\\\/static.purejewels.com\\\/wp-content\\\/uploads\\\/2024\\\/06\\\/47977.png\",\"contentUrl\":\"https:\\\/\\\/static.purejewels.com\\\/wp-content\\\/uploads\\\/2024\\\/06\\\/47977.png\",\"width\":1000,\"height\":1000,\"caption\":\"22 Carat Gold Earring | Armari Collection\"},{\"@type\":\"BreadcrumbList\",\"@id\":\"https:\\\/\\\/www.purejewels.com\\\/product\\\/22-carat-gold-earring-armari-collection-47977\\\/#breadcrumb\",\"itemListElement\":[{\"@type\":\"ListItem\",\"position\":1,\"name\":\"Home\",\"item\":\"https:\\\/\\\/www.purejewels.com\\\/\"},{\"@type\":\"ListItem\",\"position\":2,\"name\":\"Shop\",\"item\":\"https:\\\/\\\/www.purejewels.com\\\/shop\\\/\"},{\"@type\":\"ListItem\",\"position\":3,\"name\":\"22 Carat Gold Earring | Armari Collection\"}]},{\"@type\":\"WebSite\",\"@id\":\"https:\\\/\\\/www.purejewels.com\\\/#website\",\"url\":\"https:\\\/\\\/www.purejewels.com\\\/\",\"name\":\"PureJewels UK\",\"description\":\"Share the Love\",\"publisher\":{\"@id\":\"https:\\\/\\\/www.purejewels.com\\\/#organization\"},\"potentialAction\":[{\"@type\":\"SearchAction\",\"target\":{\"@type\":\"EntryPoint\",\"urlTemplate\":\"https:\\\/\\\/www.purejewels.com\\\/?s={search_term_string}\"},\"query-input\":{\"@type\":\"PropertyValueSpecification\",\"valueRequired\":true,\"valueName\":\"search_term_string\"}}],\"inLanguage\":\"tr\"},{\"@type\":\"Organization\",\"@id\":\"https:\\\/\\\/www.purejewels.com\\\/#organization\",\"name\":\"PureJewels UK\",\"url\":\"https:\\\/\\\/www.purejewels.com\\\/\",\"logo\":{\"@type\":\"ImageObject\",\"inLanguage\":\"tr\",\"@id\":\"https:\\\/\\\/www.purejewels.com\\\/#\\\/schema\\\/logo\\\/image\\\/\",\"url\":\"https:\\\/\\\/static.purejewels.com\\\/wp-content\\\/uploads\\\/2020\\\/11\\\/Logo-PJ-New-1.png\",\"contentUrl\":\"https:\\\/\\\/static.purejewels.com\\\/wp-content\\\/uploads\\\/2020\\\/11\\\/Logo-PJ-New-1.png\",\"width\":150,\"height\":80,\"caption\":\"PureJewels UK\"},\"image\":{\"@id\":\"https:\\\/\\\/www.purejewels.com\\\/#\\\/schema\\\/logo\\\/image\\\/\"}}]}<\/script>\n<!-- \/ Yoast SEO plugin. -->","yoast_head_json":{"title":"22 Ayar Alt\u0131n Armari Koleksiyonu K\u00fcpeler Online | PureJewels UK","description":"\"PureJewels UK'de 22 ayar alt\\u0131n Armari Collection k\\u00fcpelerini online olarak ke\\u015ffedin. Zarafet ve incelikle haz\\u0131rlanm\\u0131\\u015f, her durum i\\u00e7in m\\u00fckemmel olan zamans\\u0131z tasar\\u0131mlar\\u0131 ke\\u015ffedin. \\u00dcst\\u00fcn kaliteli alt\\u0131n tak\\u0131lar i\\u00e7in \\u015fimdi al\\u0131\\u015fveri\\u015f yap\\u0131n!\"","robots":{"index":"index","follow":"follow","max-snippet":"max-snippet:-1","max-image-preview":"max-image-preview:large","max-video-preview":"max-video-preview:-1"},"canonical":"https:\/\/www.purejewels.com\/tr\/urun\/22-ayar-altin-kupe-armari-collection-47977\/","og_locale":"tr_TR","og_type":"article","og_title":"22ct Gold Armari Collection Earrings Online | PureJewels UK","og_description":"\"Explore the exquisite 22ct Gold Armari Collection Earrings online at PureJewels UK. Discover timeless designs crafted with elegance and sophistication, perfect for every occasion. Shop now for premium quality gold jewellery!\"","og_url":"https:\/\/www.purejewels.com\/tr\/urun\/22-ayar-altin-kupe-armari-collection-47977\/","og_site_name":"PureJewels UK","article_modified_time":"2026-01-30T07:17:01+00:00","og_image":[{"width":1000,"height":1000,"url":"https:\/\/static.purejewels.com\/wp-content\/uploads\/2024\/06\/47977.png","type":"image\/png"}],"twitter_card":"summary_large_image","twitter_misc":{"Tahmini okuma s\u00fcresi":"1 dakika"},"schema":{"@context":"https:\/\/schema.org","@graph":[{"@type":["WebPage","ItemPage"],"@id":"https:\/\/www.purejewels.com\/product\/22-carat-gold-earring-armari-collection-47977\/","url":"https:\/\/www.purejewels.com\/product\/22-carat-gold-earring-armari-collection-47977\/","name":"22 Ayar Alt\u0131n Armari Koleksiyonu K\u00fcpeler Online | PureJewels UK","isPartOf":{"@id":"https:\/\/www.purejewels.com\/#website"},"primaryImageOfPage":{"@id":"https:\/\/www.purejewels.com\/product\/22-carat-gold-earring-armari-collection-47977\/#primaryimage"},"image":{"@id":"https:\/\/www.purejewels.com\/product\/22-carat-gold-earring-armari-collection-47977\/#primaryimage"},"thumbnailUrl":"https:\/\/static.purejewels.com\/wp-content\/uploads\/2024\/06\/47977.png","datePublished":"2024-08-16T10:29:08+00:00","dateModified":"2026-01-30T07:17:01+00:00","description":"\"PureJewels UK'de 22 ayar alt\\u0131n Armari Collection k\\u00fcpelerini online olarak ke\\u015ffedin. Zarafet ve incelikle haz\\u0131rlanm\\u0131\\u015f, her durum i\\u00e7in m\\u00fckemmel olan zamans\\u0131z tasar\\u0131mlar\\u0131 ke\\u015ffedin. \\u00dcst\\u00fcn kaliteli alt\\u0131n tak\\u0131lar i\\u00e7in \\u015fimdi al\\u0131\\u015fveri\\u015f yap\\u0131n!\"","breadcrumb":{"@id":"https:\/\/www.purejewels.com\/product\/22-carat-gold-earring-armari-collection-47977\/#breadcrumb"},"inLanguage":"tr","potentialAction":[{"@type":"ReadAction","target":["https:\/\/www.purejewels.com\/product\/22-carat-gold-earring-armari-collection-47977\/"]}]},{"@type":"ImageObject","inLanguage":"tr","@id":"https:\/\/www.purejewels.com\/product\/22-carat-gold-earring-armari-collection-47977\/#primaryimage","url":"https:\/\/static.purejewels.com\/wp-content\/uploads\/2024\/06\/47977.png","contentUrl":"https:\/\/static.purejewels.com\/wp-content\/uploads\/2024\/06\/47977.png","width":1000,"height":1000,"caption":"22 Carat Gold Earring | Armari Collection"},{"@type":"BreadcrumbList","@id":"https:\/\/www.purejewels.com\/product\/22-carat-gold-earring-armari-collection-47977\/#breadcrumb","itemListElement":[{"@type":"ListItem","position":1,"name":"Home","item":"https:\/\/www.purejewels.com\/"},{"@type":"ListItem","position":2,"name":"Shop","item":"https:\/\/www.purejewels.com\/shop\/"},{"@type":"ListItem","position":3,"name":"22 Carat Gold Earring | Armari Collection"}]},{"@type":"WebSite","@id":"https:\/\/www.purejewels.com\/#website","url":"https:\/\/www.purejewels.com\/","name":"PureJewels \u0130ngiltere","description":"Sevgiyi Payla\u015f\u0131n","publisher":{"@id":"https:\/\/www.purejewels.com\/#organization"},"potentialAction":[{"@type":"SearchAction","target":{"@type":"EntryPoint","urlTemplate":"https:\/\/www.purejewels.com\/?s={search_term_string}"},"query-input":{"@type":"PropertyValueSpecification","valueRequired":true,"valueName":"search_term_string"}}],"inLanguage":"tr"},{"@type":"Organization","@id":"https:\/\/www.purejewels.com\/#organization","name":"PureJewels \u0130ngiltere","url":"https:\/\/www.purejewels.com\/","logo":{"@type":"ImageObject","inLanguage":"tr","@id":"https:\/\/www.purejewels.com\/#\/schema\/logo\/image\/","url":"https:\/\/static.purejewels.com\/wp-content\/uploads\/2020\/11\/Logo-PJ-New-1.png","contentUrl":"https:\/\/static.purejewels.com\/wp-content\/uploads\/2020\/11\/Logo-PJ-New-1.png","width":150,"height":80,"caption":"PureJewels UK"},"image":{"@id":"https:\/\/www.purejewels.com\/#\/schema\/logo\/image\/"}}]}},"_links":{"self":[{"href":"https:\/\/www.purejewels.com\/tr\/wp-json\/wp\/v2\/product\/364644","targetHints":{"allow":["GET"]}}],"collection":[{"href":"https:\/\/www.purejewels.com\/tr\/wp-json\/wp\/v2\/product"}],"about":[{"href":"https:\/\/www.purejewels.com\/tr\/wp-json\/wp\/v2\/types\/product"}],"replies":[{"embeddable":true,"href":"https:\/\/www.purejewels.com\/tr\/wp-json\/wp\/v2\/comments?post=364644"}],"version-history":[{"count":4,"href":"https:\/\/www.purejewels.com\/tr\/wp-json\/wp\/v2\/product\/364644\/revisions"}],"predecessor-version":[{"id":391804,"href":"https:\/\/www.purejewels.com\/tr\/wp-json\/wp\/v2\/product\/364644\/revisions\/391804"}],"wp:featuredmedia":[{"embeddable":true,"href":"https:\/\/www.purejewels.com\/tr\/wp-json\/wp\/v2\/media\/364645"}],"wp:attachment":[{"href":"https:\/\/www.purejewels.com\/tr\/wp-json\/wp\/v2\/media?parent=364644"}],"wp:term":[{"taxonomy":"product_brand","embeddable":true,"href":"https:\/\/www.purejewels.com\/tr\/wp-json\/wp\/v2\/product_brand?post=364644"},{"taxonomy":"product_cat","embeddable":true,"href":"https:\/\/www.purejewels.com\/tr\/wp-json\/wp\/v2\/product_cat?post=364644"},{"taxonomy":"product_tag","embeddable":true,"href":"https:\/\/www.purejewels.com\/tr\/wp-json\/wp\/v2\/product_tag?post=364644"}],"curies":[{"name":"wp","href":"https:\/\/api.w.org\/{rel}","templated":true}]}}