{"id":364707,"date":"2024-08-04T05:14:00","date_gmt":"2024-08-04T04:14:00","guid":{"rendered":"https:\/\/www.purejewels.com\/?post_type=product&#038;p=364707"},"modified":"2026-01-30T07:37:07","modified_gmt":"2026-01-30T07:37:07","slug":"22-ayar-altin-zamansiz-damla-kupe-47949","status":"publish","type":"product","link":"https:\/\/www.purejewels.com\/tr\/product\/22ct-gold-timeless-drop-earrings-47949\/","title":{"rendered":"22 Ayar Alt\u0131n Zamans\u0131z Damla K\u00fcpe"},"content":{"rendered":"<p data-sourcepos=\"3:1-3:319\">Nefes kesici \u00fcr\u00fcnlerimizle kal\u0131c\u0131 sofistikeli\u011fi kucaklay\u0131n <a href=\"https:\/\/www.purejewels.com\/tr\/product\/22ct-gold-jali-filigree-ring-jali-collection-31926\/\">22ct<\/a> alt\u0131n zamans\u0131z <a href=\"https:\/\/www.purejewels.com\/tr\/product\/22ct-gold-oval-drop-earrings-rhodium-finish\/\">damla k\u00fcpeler<\/a>. En iyi malzemeden \u00fcretilmi\u015ftir <a href=\"https:\/\/www.purejewels.com\/tr\/product\/holy-cross-gold-pendant-44713\/\">22 ayar alt\u0131n<\/a>Bu k\u00fcpeler, ge\u00e7ici trendlerin \u00f6tesine ge\u00e7en zamans\u0131z bir zarafet sergiliyor. \u00d6zenle haz\u0131rlanm\u0131\u015f tasar\u0131m, zarif bir \u015fekilde \u00e7a\u011flayan narin damlalara sahiptir ve her tak\u0131ma l\u00fcks bir dokunu\u015f katar.<\/p>\n<p data-sourcepos=\"5:1-5:48\"><strong>Kendinizi Benzersiz Parlakl\u0131\u011fa B\u0131rak\u0131n:<\/strong><\/p>\n<ul data-sourcepos=\"7:1-7:64\">\n<li data-sourcepos=\"7:1-7:64\"><strong>22 ayar alt\u0131n:<\/strong>\u00a0Kal\u0131c\u0131 kalite ve sofistikeli\u011fin bir kan\u0131t\u0131 olan hakiki 22 ayar alt\u0131n\u0131n e\u015fsiz parlakl\u0131\u011f\u0131 ve \u0131\u015f\u0131lt\u0131s\u0131n\u0131n keyfini \u00e7\u0131kar\u0131n.<\/li>\n<\/ul>\n<p data-sourcepos=\"9:1-9:32\"><strong>Her Durum \u0130\u00e7in Bir Tasar\u0131m:<\/strong><\/p>\n<ul data-sourcepos=\"11:1-11:42\">\n<li data-sourcepos=\"11:1-11:42\"><strong>Zahmetsiz \u00c7ok Y\u00f6nl\u00fcl\u00fck:<\/strong>\u00a0Zamans\u0131z tasar\u0131m\u0131 ve m\u00fckemmel damla uzunlu\u011fu, bu k\u00fcpeleri g\u00fcnl\u00fck kullan\u0131m i\u00e7in ideal hale getirerek i\u015f k\u0131yafetlerinize veya d\u0131\u015far\u0131da ge\u00e7irdi\u011finiz bir geceye abart\u0131s\u0131z bir \u015f\u0131kl\u0131k katar.<\/li>\n<li data-sourcepos=\"12:1-13:0\"><strong>\u00d6zel G\u00fcn G\u00f6sterisi:<\/strong>\u00a0Bu zarif k\u00fcpelerin b\u00fcy\u00fcleyici drape'i ve l\u00fcks parlakl\u0131\u011f\u0131 ile gece g\u00f6r\u00fcn\u00fcm\u00fcn\u00fcz\u00fc y\u00fckseltin. Ba\u015flar\u0131 d\u00f6nd\u00fcrecekleri ve de\u011ferli bir sohbet ba\u015flat\u0131c\u0131 olacaklar\u0131 kesin.<\/li>\n<\/ul>\n<p data-sourcepos=\"14:1-14:25\"><strong>Par\u0131ldayan Bir Hediye:<\/strong><\/p>\n<ul data-sourcepos=\"16:1-16:113\">\n<li data-sourcepos=\"16:1-16:113\"><strong>De\u011ferli bir hat\u0131ra:<\/strong>\u00a0G\u00fczel bir hediye kutusunda sunulan bu k\u00fcpeler, \u00f6zel biri i\u00e7in d\u00fc\u015f\u00fcnceli ve unutulmaz bir hediye olur, de\u011ferli bir olay\u0131 i\u015faretler veya sadece sevginizi ifade eder.<\/li>\n<\/ul>\n<p data-sourcepos=\"18:1-18:20\"><strong>\u00dcr\u00fcn Detaylar\u0131:<\/strong><\/p>\n<ul data-sourcepos=\"20:1-22:0\">\n<li data-sourcepos=\"20:1-20:21\">Malzeme: 22 ayar alt\u0131n<\/li>\n<li data-sourcepos=\"21:1-22:0\">Stil Damla K\u00fcpeler<\/li>\n<\/ul>\n<p data-sourcepos=\"23:1-23:122\"><strong>Zaman\u0131n \u00f6tesine ge\u00e7en bir m\u00fccevher par\u00e7as\u0131yla kendinizi \u015f\u0131mart\u0131n. 22 Ayar Alt\u0131n Zamans\u0131z Damla K\u00fcpeleri bug\u00fcn m\u00fccevher koleksiyonunuza ekleyin!<\/strong><\/p>","protected":false},"excerpt":{"rendered":"<table class=\"sh_desc\">\n<tbody>\n<tr>\n<td>K\u00fcpe T\u00fcr\u00fc<\/td>\n<td>Damla K\u00fcpe<\/td>\n<\/tr>\n<tr>\n<td>SKU<\/td>\n<td>47949, 52989, 52988<\/td>\n<\/tr>\n<tr>\n<td>A\u011f\u0131rl\u0131k<\/td>\n<td>13,5 Gms<\/td>\n<\/tr>\n<tr>\n<td>Biti\u015f<\/td>\n<td>Antique_Matte<\/td>\n<\/tr>\n<tr>\n<td>Uzunluk<\/td>\n<td>1,75 \u0130n\u00e7<\/td>\n<\/tr>\n<tr>\n<td>\u00dccretler<\/td>\n<td>Teslimat ve KDV Dahil<\/td>\n<\/tr>\n<tr>\n<td>Paketleme<\/td>\n<td>Sunum Kutusu ile Birlikte Gelir<\/td>\n<\/tr>\n<tr>\n<td>Daha Fazla Bilgi<\/td>\n<td>M\u00fcsaitlik durumu ve daha fazla resim i\u00e7in bizimle canl\u0131 sohbet edin<\/td>\n<\/tr>\n<\/tbody>\n<\/table>","protected":false},"featured_media":364708,"comment_status":"closed","ping_status":"closed","template":"","meta":{"_eb_attr":"","_crsspst_to_jayantr4sg-hostcom":false},"product_brand":[],"product_cat":[245,6144,5639,5315,236,1685,5701,1254,1229,1573,1574],"product_tag":[5924],"class_list":{"0":"post-364707","1":"product","2":"type-product","3":"status-publish","4":"has-post-thumbnail","6":"product_cat-armari-collections","7":"product_cat-armari-drop-earrings","8":"product_cat-armari-earring","9":"product_cat-bridal-and-wedding-earrings","10":"product_cat-collections","11":"product_cat-drop-earrings","12":"product_cat-eid-jewellery","13":"product_cat-gold-earrings","14":"product_cat-22ct-gold-jewellery","15":"product_cat-wedding-gifts","16":"product_cat-womens-jewellery","17":"product_tag-22ct-gold-armari-drop-earrings","19":"first","20":"instock","21":"taxable","22":"shipping-taxable","23":"purchasable","24":"product-type-simple","25":"add-to-wishlist-before_image"},"yoast_head":"<!-- This site is optimized with the Yoast SEO plugin v27.5 - https:\/\/yoast.com\/product\/yoast-seo-wordpress\/ -->\n<title>Shop 22ct Gold Timeless Drop Earrings | PureJewels UK<\/title>\n<meta name=\"description\" content=\"&quot;Add elegance to any occasion with our 22ct Gold Timeless Drop Earrings. Crafted from high-quality gold, these stunning earrings feature a classic design that exudes sophistication and style.&quot;This description is concise, highlights the key features, and encourages a sense of elegance.\" \/>\n<meta name=\"robots\" content=\"index, follow, max-snippet:-1, max-image-preview:large, max-video-preview:-1\" \/>\n<link rel=\"canonical\" href=\"https:\/\/www.purejewels.com\/tr\/urun\/22-ayar-altin-zamansiz-damla-kupe-47949\/\" \/>\n<meta property=\"og:locale\" content=\"tr_TR\" \/>\n<meta property=\"og:type\" content=\"article\" \/>\n<meta property=\"og:title\" content=\"Shop 22ct Gold Timeless Drop Earrings | PureJewels UK\" \/>\n<meta property=\"og:description\" content=\"&quot;Add elegance to any occasion with our 22ct Gold Timeless Drop Earrings. Crafted from high-quality gold, these stunning earrings feature a classic design that exudes sophistication and style.&quot;This description is concise, highlights the key features, and encourages a sense of elegance.\" \/>\n<meta property=\"og:url\" content=\"https:\/\/www.purejewels.com\/tr\/urun\/22-ayar-altin-zamansiz-damla-kupe-47949\/\" \/>\n<meta property=\"og:site_name\" content=\"PureJewels UK\" \/>\n<meta property=\"article:modified_time\" content=\"2026-01-30T07:37:07+00:00\" \/>\n<meta property=\"og:image\" content=\"https:\/\/static.purejewels.com\/wp-content\/uploads\/2024\/06\/47949.png\" \/>\n\t<meta property=\"og:image:width\" content=\"1000\" \/>\n\t<meta property=\"og:image:height\" content=\"1000\" \/>\n\t<meta property=\"og:image:type\" content=\"image\/png\" \/>\n<meta name=\"twitter:card\" content=\"summary_large_image\" \/>\n<meta name=\"twitter:label1\" content=\"Tahmini okuma s\u00fcresi\" \/>\n\t<meta name=\"twitter:data1\" content=\"2 dakika\" \/>\n<script type=\"application\/ld+json\" class=\"yoast-schema-graph\">{\"@context\":\"https:\\\/\\\/schema.org\",\"@graph\":[{\"@type\":[\"WebPage\",\"ItemPage\"],\"@id\":\"https:\\\/\\\/www.purejewels.com\\\/product\\\/22ct-gold-timeless-drop-earrings-47949\\\/\",\"url\":\"https:\\\/\\\/www.purejewels.com\\\/product\\\/22ct-gold-timeless-drop-earrings-47949\\\/\",\"name\":\"Shop 22ct Gold Timeless Drop Earrings | PureJewels UK\",\"isPartOf\":{\"@id\":\"https:\\\/\\\/www.purejewels.com\\\/#website\"},\"primaryImageOfPage\":{\"@id\":\"https:\\\/\\\/www.purejewels.com\\\/product\\\/22ct-gold-timeless-drop-earrings-47949\\\/#primaryimage\"},\"image\":{\"@id\":\"https:\\\/\\\/www.purejewels.com\\\/product\\\/22ct-gold-timeless-drop-earrings-47949\\\/#primaryimage\"},\"thumbnailUrl\":\"https:\\\/\\\/static.purejewels.com\\\/wp-content\\\/uploads\\\/2024\\\/06\\\/47949.png\",\"datePublished\":\"2024-08-04T04:14:00+00:00\",\"dateModified\":\"2026-01-30T07:37:07+00:00\",\"description\":\"\\\"Add elegance to any occasion with our 22ct Gold Timeless Drop Earrings. Crafted from high-quality gold, these stunning earrings feature a classic design that exudes sophistication and style.\\\"This description is concise, highlights the key features, and encourages a sense of elegance.\",\"breadcrumb\":{\"@id\":\"https:\\\/\\\/www.purejewels.com\\\/product\\\/22ct-gold-timeless-drop-earrings-47949\\\/#breadcrumb\"},\"inLanguage\":\"tr\",\"potentialAction\":[{\"@type\":\"ReadAction\",\"target\":[\"https:\\\/\\\/www.purejewels.com\\\/product\\\/22ct-gold-timeless-drop-earrings-47949\\\/\"]}]},{\"@type\":\"ImageObject\",\"inLanguage\":\"tr\",\"@id\":\"https:\\\/\\\/www.purejewels.com\\\/product\\\/22ct-gold-timeless-drop-earrings-47949\\\/#primaryimage\",\"url\":\"https:\\\/\\\/static.purejewels.com\\\/wp-content\\\/uploads\\\/2024\\\/06\\\/47949.png\",\"contentUrl\":\"https:\\\/\\\/static.purejewels.com\\\/wp-content\\\/uploads\\\/2024\\\/06\\\/47949.png\",\"width\":1000,\"height\":1000,\"caption\":\"22ct Gold Drop Earring\"},{\"@type\":\"BreadcrumbList\",\"@id\":\"https:\\\/\\\/www.purejewels.com\\\/product\\\/22ct-gold-timeless-drop-earrings-47949\\\/#breadcrumb\",\"itemListElement\":[{\"@type\":\"ListItem\",\"position\":1,\"name\":\"Home\",\"item\":\"https:\\\/\\\/www.purejewels.com\\\/\"},{\"@type\":\"ListItem\",\"position\":2,\"name\":\"Shop\",\"item\":\"https:\\\/\\\/www.purejewels.com\\\/shop\\\/\"},{\"@type\":\"ListItem\",\"position\":3,\"name\":\"22ct Gold Timeless Drop Earrings\"}]},{\"@type\":\"WebSite\",\"@id\":\"https:\\\/\\\/www.purejewels.com\\\/#website\",\"url\":\"https:\\\/\\\/www.purejewels.com\\\/\",\"name\":\"PureJewels UK\",\"description\":\"Share the Love\",\"publisher\":{\"@id\":\"https:\\\/\\\/www.purejewels.com\\\/#organization\"},\"potentialAction\":[{\"@type\":\"SearchAction\",\"target\":{\"@type\":\"EntryPoint\",\"urlTemplate\":\"https:\\\/\\\/www.purejewels.com\\\/?s={search_term_string}\"},\"query-input\":{\"@type\":\"PropertyValueSpecification\",\"valueRequired\":true,\"valueName\":\"search_term_string\"}}],\"inLanguage\":\"tr\"},{\"@type\":\"Organization\",\"@id\":\"https:\\\/\\\/www.purejewels.com\\\/#organization\",\"name\":\"PureJewels UK\",\"url\":\"https:\\\/\\\/www.purejewels.com\\\/\",\"logo\":{\"@type\":\"ImageObject\",\"inLanguage\":\"tr\",\"@id\":\"https:\\\/\\\/www.purejewels.com\\\/#\\\/schema\\\/logo\\\/image\\\/\",\"url\":\"https:\\\/\\\/static.purejewels.com\\\/wp-content\\\/uploads\\\/2020\\\/11\\\/Logo-PJ-New-1.png\",\"contentUrl\":\"https:\\\/\\\/static.purejewels.com\\\/wp-content\\\/uploads\\\/2020\\\/11\\\/Logo-PJ-New-1.png\",\"width\":150,\"height\":80,\"caption\":\"PureJewels UK\"},\"image\":{\"@id\":\"https:\\\/\\\/www.purejewels.com\\\/#\\\/schema\\\/logo\\\/image\\\/\"}}]}<\/script>\n<!-- \/ Yoast SEO plugin. -->","yoast_head_json":{"title":"22 Ayar Alt\u0131n Zamans\u0131z Damla K\u00fcpe Al\u0131\u015fveri\u015fi | PureJewels UK","description":"\"22 Ayar Alt\u0131n Zamans\u0131z Damla K\u00fcpelerimizle her ortama \u015f\u0131kl\u0131k kat\u0131n. Y\u00fcksek kaliteli alt\u0131ndan \u00fcretilen bu \u00e7arp\u0131c\u0131 k\u00fcpeler, sofistike ve stil yans\u0131tan klasik bir tasar\u0131ma sahiptir. \"Bu a\u00e7\u0131klama k\u0131sa ve \u00f6zd\u00fcr, temel \u00f6zellikleri vurgular ve zarafet duygusunu te\u015fvik eder.","robots":{"index":"index","follow":"follow","max-snippet":"max-snippet:-1","max-image-preview":"max-image-preview:large","max-video-preview":"max-video-preview:-1"},"canonical":"https:\/\/www.purejewels.com\/tr\/urun\/22-ayar-altin-zamansiz-damla-kupe-47949\/","og_locale":"tr_TR","og_type":"article","og_title":"Shop 22ct Gold Timeless Drop Earrings | PureJewels UK","og_description":"\"Add elegance to any occasion with our 22ct Gold Timeless Drop Earrings. Crafted from high-quality gold, these stunning earrings feature a classic design that exudes sophistication and style.\"This description is concise, highlights the key features, and encourages a sense of elegance.","og_url":"https:\/\/www.purejewels.com\/tr\/urun\/22-ayar-altin-zamansiz-damla-kupe-47949\/","og_site_name":"PureJewels UK","article_modified_time":"2026-01-30T07:37:07+00:00","og_image":[{"width":1000,"height":1000,"url":"https:\/\/static.purejewels.com\/wp-content\/uploads\/2024\/06\/47949.png","type":"image\/png"}],"twitter_card":"summary_large_image","twitter_misc":{"Tahmini okuma s\u00fcresi":"2 dakika"},"schema":{"@context":"https:\/\/schema.org","@graph":[{"@type":["WebPage","ItemPage"],"@id":"https:\/\/www.purejewels.com\/product\/22ct-gold-timeless-drop-earrings-47949\/","url":"https:\/\/www.purejewels.com\/product\/22ct-gold-timeless-drop-earrings-47949\/","name":"22 Ayar Alt\u0131n Zamans\u0131z Damla K\u00fcpe Al\u0131\u015fveri\u015fi | PureJewels UK","isPartOf":{"@id":"https:\/\/www.purejewels.com\/#website"},"primaryImageOfPage":{"@id":"https:\/\/www.purejewels.com\/product\/22ct-gold-timeless-drop-earrings-47949\/#primaryimage"},"image":{"@id":"https:\/\/www.purejewels.com\/product\/22ct-gold-timeless-drop-earrings-47949\/#primaryimage"},"thumbnailUrl":"https:\/\/static.purejewels.com\/wp-content\/uploads\/2024\/06\/47949.png","datePublished":"2024-08-04T04:14:00+00:00","dateModified":"2026-01-30T07:37:07+00:00","description":"\"22 Ayar Alt\u0131n Zamans\u0131z Damla K\u00fcpelerimizle her ortama \u015f\u0131kl\u0131k kat\u0131n. Y\u00fcksek kaliteli alt\u0131ndan \u00fcretilen bu \u00e7arp\u0131c\u0131 k\u00fcpeler, sofistike ve stil yans\u0131tan klasik bir tasar\u0131ma sahiptir. \"Bu a\u00e7\u0131klama k\u0131sa ve \u00f6zd\u00fcr, temel \u00f6zellikleri vurgular ve zarafet duygusunu te\u015fvik eder.","breadcrumb":{"@id":"https:\/\/www.purejewels.com\/product\/22ct-gold-timeless-drop-earrings-47949\/#breadcrumb"},"inLanguage":"tr","potentialAction":[{"@type":"ReadAction","target":["https:\/\/www.purejewels.com\/product\/22ct-gold-timeless-drop-earrings-47949\/"]}]},{"@type":"ImageObject","inLanguage":"tr","@id":"https:\/\/www.purejewels.com\/product\/22ct-gold-timeless-drop-earrings-47949\/#primaryimage","url":"https:\/\/static.purejewels.com\/wp-content\/uploads\/2024\/06\/47949.png","contentUrl":"https:\/\/static.purejewels.com\/wp-content\/uploads\/2024\/06\/47949.png","width":1000,"height":1000,"caption":"22ct Gold Drop Earring"},{"@type":"BreadcrumbList","@id":"https:\/\/www.purejewels.com\/product\/22ct-gold-timeless-drop-earrings-47949\/#breadcrumb","itemListElement":[{"@type":"ListItem","position":1,"name":"Home","item":"https:\/\/www.purejewels.com\/"},{"@type":"ListItem","position":2,"name":"Shop","item":"https:\/\/www.purejewels.com\/shop\/"},{"@type":"ListItem","position":3,"name":"22ct Gold Timeless Drop Earrings"}]},{"@type":"WebSite","@id":"https:\/\/www.purejewels.com\/#website","url":"https:\/\/www.purejewels.com\/","name":"PureJewels \u0130ngiltere","description":"Sevgiyi Payla\u015f\u0131n","publisher":{"@id":"https:\/\/www.purejewels.com\/#organization"},"potentialAction":[{"@type":"SearchAction","target":{"@type":"EntryPoint","urlTemplate":"https:\/\/www.purejewels.com\/?s={search_term_string}"},"query-input":{"@type":"PropertyValueSpecification","valueRequired":true,"valueName":"search_term_string"}}],"inLanguage":"tr"},{"@type":"Organization","@id":"https:\/\/www.purejewels.com\/#organization","name":"PureJewels \u0130ngiltere","url":"https:\/\/www.purejewels.com\/","logo":{"@type":"ImageObject","inLanguage":"tr","@id":"https:\/\/www.purejewels.com\/#\/schema\/logo\/image\/","url":"https:\/\/static.purejewels.com\/wp-content\/uploads\/2020\/11\/Logo-PJ-New-1.png","contentUrl":"https:\/\/static.purejewels.com\/wp-content\/uploads\/2020\/11\/Logo-PJ-New-1.png","width":150,"height":80,"caption":"PureJewels UK"},"image":{"@id":"https:\/\/www.purejewels.com\/#\/schema\/logo\/image\/"}}]}},"_links":{"self":[{"href":"https:\/\/www.purejewels.com\/tr\/wp-json\/wp\/v2\/product\/364707","targetHints":{"allow":["GET"]}}],"collection":[{"href":"https:\/\/www.purejewels.com\/tr\/wp-json\/wp\/v2\/product"}],"about":[{"href":"https:\/\/www.purejewels.com\/tr\/wp-json\/wp\/v2\/types\/product"}],"replies":[{"embeddable":true,"href":"https:\/\/www.purejewels.com\/tr\/wp-json\/wp\/v2\/comments?post=364707"}],"version-history":[{"count":2,"href":"https:\/\/www.purejewels.com\/tr\/wp-json\/wp\/v2\/product\/364707\/revisions"}],"predecessor-version":[{"id":415956,"href":"https:\/\/www.purejewels.com\/tr\/wp-json\/wp\/v2\/product\/364707\/revisions\/415956"}],"wp:featuredmedia":[{"embeddable":true,"href":"https:\/\/www.purejewels.com\/tr\/wp-json\/wp\/v2\/media\/364708"}],"wp:attachment":[{"href":"https:\/\/www.purejewels.com\/tr\/wp-json\/wp\/v2\/media?parent=364707"}],"wp:term":[{"taxonomy":"product_brand","embeddable":true,"href":"https:\/\/www.purejewels.com\/tr\/wp-json\/wp\/v2\/product_brand?post=364707"},{"taxonomy":"product_cat","embeddable":true,"href":"https:\/\/www.purejewels.com\/tr\/wp-json\/wp\/v2\/product_cat?post=364707"},{"taxonomy":"product_tag","embeddable":true,"href":"https:\/\/www.purejewels.com\/tr\/wp-json\/wp\/v2\/product_tag?post=364707"}],"curies":[{"name":"wp","href":"https:\/\/api.w.org\/{rel}","templated":true}]}}