{"id":364822,"date":"2024-08-05T10:20:35","date_gmt":"2024-08-05T09:20:35","guid":{"rendered":"https:\/\/www.purejewels.com\/?post_type=product&#038;p=364822"},"modified":"2026-01-30T11:47:39","modified_gmt":"2026-01-30T11:47:39","slug":"22-ayar-altin-yuvarlak-sekilli-kolye-ucu-48574","status":"publish","type":"product","link":"https:\/\/www.purejewels.com\/tr\/product\/22ct-gold-round-shaped-pendant-48574\/","title":{"rendered":"22 Ayar Alt\u0131n Yuvarlak \u015eekilli Kolye Ucu | Armari Koleksiyonu"},"content":{"rendered":"<p data-sourcepos=\"3:1-3:76\">B\u00fcy\u00fcleyici tasar\u0131m\u0131yla abart\u0131s\u0131z l\u00fcks\u00fc kucaklay\u0131n <a href=\"https:\/\/www.purejewels.com\/tr\/product\/22ct-gold-round-pendant-with-cz-stone\/\">22 Ayar Alt\u0131n Yuvarlak Kolye<\/a> bir \u015fey yok. <a href=\"https:\/\/www.purejewels.com\/tr\/product\/22ct-gold-armari-collection-stud-antique-finish-49172\/\">Armari Koleksiyonu<\/a>. Bu zarif par\u00e7a, en iyi kaliteden \u00fcretilmi\u015f basit bir yuvarlak \u015feklin kal\u0131c\u0131 g\u00fczelli\u011fini sergiliyor. <a href=\"https:\/\/www.purejewels.com\/tr\/product\/22ct-gold-jali-filigree-ring-jali-collection-31926\/\">22ct<\/a> alt\u0131n, her stili tamamlayan zahmetsiz bir sofistike dokunu\u015f i\u00e7in.<\/p>\n<p data-sourcepos=\"5:1-5:33\"><strong>E\u015fsiz Kalitenin Tad\u0131n\u0131 \u00c7\u0131kar\u0131n:<\/strong><\/p>\n<ul data-sourcepos=\"7:1-7:63\">\n<li data-sourcepos=\"7:1-7:63\"><strong><a href=\"https:\/\/www.purejewels.com\/tr\/product\/holy-cross-gold-pendant-44713\/\">22 Ayar Alt\u0131n<\/a>:<\/strong>\u00a0Hakiki 22 ayar alt\u0131n\u0131n e\u015fsiz parlakl\u0131\u011f\u0131n\u0131n ve kal\u0131c\u0131 kalitesinin keyfini \u00e7\u0131kar\u0131n. Bu de\u011ferli metal, nesiller boyu de\u011fer verilecek bir par\u00e7ay\u0131 garanti eder.<\/li>\n<\/ul>\n<p data-sourcepos=\"9:1-9:32\"><strong>Her Durum \u0130\u00e7in Bir Tasar\u0131m:<\/strong><\/p>\n<ul data-sourcepos=\"11:1-13:0\">\n<li data-sourcepos=\"11:1-11:246\"><strong>Zahmetsiz \u00c7ok Y\u00f6nl\u00fcl\u00fck:<\/strong>\u00a0Minimalist yuvarlak \u015fekli ve p\u0131r\u0131l p\u0131r\u0131l alt\u0131n rengi, g\u00fcnl\u00fck kullan\u0131mdan \u00f6zel g\u00fcnlere sorunsuzca ge\u00e7i\u015f yapan zamans\u0131z bir kolye ucu yarat\u0131yor. D\u0131\u015far\u0131da bir gece i\u00e7in giydirin veya i\u015f k\u0131yafetlerinize \u015f\u0131k bir dokunu\u015f kat\u0131n.<\/li>\n<li data-sourcepos=\"12:1-13:0\"><strong>Modern Minimalizm:<\/strong>\u00a0Sade \u00e7izgileri ve sade tasar\u0131m\u0131yla modern m\u00fccevherin \u00f6z\u00fcn\u00fc yans\u0131tan bu \u00fcr\u00fcn, abart\u0131s\u0131z l\u00fcks\u00fc takdir edenler i\u00e7in m\u00fckemmel bir se\u00e7imdir.<\/li>\n<\/ul>\n<p data-sourcepos=\"14:1-14:27\"><strong>B\u00fcy\u00fcleyici Bir Hediye:<\/strong><\/p>\n<ul data-sourcepos=\"16:1-16:87\">\n<li data-sourcepos=\"16:1-16:87\"><strong>Zamans\u0131z Hazine:<\/strong> Klasik tasar\u0131m\u0131 ve ola\u011fan\u00fcst\u00fc kalitesi, bu kolyeyi \u00f6zel biri i\u00e7in d\u00fc\u015f\u00fcnceli ve de\u011ferli bir hediye haline getiriyor. Y\u0131llar boyunca her m\u00fccevher koleksiyonunun vazge\u00e7ilmezi olacak \u00e7ok y\u00f6nl\u00fc bir par\u00e7ad\u0131r.<\/li>\n<li data-sourcepos=\"17:1-18:0\"><strong>\u0130lham \u0130stifleme:<\/strong>\u00a0Ki\u015fiselle\u015ftirilmi\u015f ve modaya uygun bir g\u00f6r\u00fcn\u00fcm i\u00e7in bu kolyeyi Armari Koleksiyonu'ndaki di\u011fer narin kolyelerle katmanlay\u0131n.<\/li>\n<\/ul>\n<p data-sourcepos=\"19:1-19:20\"><strong>\u00dcr\u00fcn Detaylar\u0131:<\/strong><\/p>\n<ul data-sourcepos=\"21:1-24:0\">\n<li data-sourcepos=\"21:1-21:21\">Malzeme: 22 ayar alt\u0131n<\/li>\n<li data-sourcepos=\"22:1-22:14\">\u015eekil: Yuvarlak<\/li>\n<li data-sourcepos=\"23:1-24:0\">Koleksiyon Armari Koleksiyonu<\/li>\n<\/ul>\n<p data-sourcepos=\"25:1-25:155\"><strong>Zamans\u0131z tasar\u0131m\u0131 kucaklay\u0131n ve g\u00f6r\u00fcn\u00fcm\u00fcn\u00fcz\u00fc abart\u0131s\u0131z bir zarafetle y\u00fckseltin. Armari Koleksiyonu'ndan 22 Ayar Alt\u0131n Yuvarlak Kolyeyi bug\u00fcn sepetinize ekleyin!<\/strong><\/p>","protected":false},"excerpt":{"rendered":"<div class=\"woocommerce-product-details__short-description\">\n<table class=\"sh_desc\" style=\"width: 100%; height: 281px;\">\n<tbody>\n<tr style=\"height: 28px;\">\n<td style=\"height: 28px;\">Kolye Tipi<\/td>\n<td style=\"height: 28px;\">Antik Stil Kolye Ucu<\/td>\n<\/tr>\n<tr style=\"height: 28px;\">\n<td style=\"height: 28px;\">SKU<\/td>\n<td style=\"height: 28px;\">48574, 48014<\/td>\n<\/tr>\n<tr style=\"height: 28px;\">\n<td style=\"height: 29px;\">A\u011f\u0131rl\u0131k<\/td>\n<td style=\"height: 29px;\">5.4 gms<\/td>\n<\/tr>\n<tr style=\"height: 28px;\">\n<td style=\"height: 29px;\">Koleksiyon<\/td>\n<td style=\"height: 29px;\"><strong>Armari Koleksiyonu<\/strong><\/td>\n<\/tr>\n<tr style=\"height: 28px;\">\n<td style=\"height: 28px;\">Metal<\/td>\n<td style=\"height: 28px;\">22 Ayar Alt\u0131n<\/td>\n<\/tr>\n<tr style=\"height: 28px;\">\n<td style=\"height: 28px;\">\u00dccretler<\/td>\n<td style=\"height: 28px;\">Teslimat ve KDV Dahil<\/td>\n<\/tr>\n<tr style=\"height: 28px;\">\n<td style=\"height: 28px;\">Paketleme<\/td>\n<td style=\"height: 28px;\">Sunum Kutusu ile Birlikte Gelir<\/td>\n<\/tr>\n<tr style=\"height: 112px;\">\n<td style=\"height: 112px;\">Daha Fazla Bilgi<\/td>\n<td style=\"height: 112px;\">\n<ul>\n<li>Zincir dahil de\u011fildir<\/li>\n<li>Koleksiyonumuzu g\u00f6r\u00fcnt\u00fcleyin\u00a0<strong>Zincirler<\/strong><\/li>\n<li>M\u00fcsaitlik durumu ve daha fazla resim i\u00e7in bizimle canl\u0131 sohbet edin<\/li>\n<\/ul>\n<\/td>\n<\/tr>\n<\/tbody>\n<\/table>\n<\/div>","protected":false},"featured_media":364823,"comment_status":"closed","ping_status":"closed","template":"","meta":{"_eb_attr":"","_crsspst_to_jayantr4sg-hostcom":false},"product_brand":[],"product_cat":[1791,245,5670,236,1770,1790,1229,1255,1767,1570,1573,1574],"product_tag":[],"class_list":{"0":"post-364822","1":"product","2":"type-product","3":"status-publish","4":"has-post-thumbnail","6":"product_cat-anniversary-gifts","7":"product_cat-armari-collections","8":"product_cat-armari-pendant","9":"product_cat-collections","10":"product_cat-fancy-pendants","11":"product_cat-for-whom-when","12":"product_cat-22ct-gold-jewellery","13":"product_cat-gold-pendants","14":"product_cat-ladies-pendants","15":"product_cat-mothers-day-gifts","16":"product_cat-wedding-gifts","17":"product_cat-womens-jewellery","19":"first","20":"onbackorder","21":"taxable","22":"shipping-taxable","23":"purchasable","24":"product-type-simple","25":"add-to-wishlist-before_image"},"yoast_head":"<!-- This site is optimized with the Yoast SEO plugin v27.5 - https:\/\/yoast.com\/product\/yoast-seo-wordpress\/ -->\n<title>22ct Gold Round Shaped Pendant | Armari Collection | PureJewels<\/title>\n<meta name=\"description\" content=\"Discover the Armari Collection&#039;s 22ct Gold Round Shaped Pendant. Perfect for any occasion, it adds a touch of sophistication and luxury to your jewellery collection.\" \/>\n<meta name=\"robots\" content=\"index, follow, max-snippet:-1, max-image-preview:large, max-video-preview:-1\" \/>\n<link rel=\"canonical\" href=\"https:\/\/www.purejewels.com\/tr\/urun\/22-ayar-altin-yuvarlak-sekilli-kolye-ucu-48574\/\" \/>\n<meta property=\"og:locale\" content=\"tr_TR\" \/>\n<meta property=\"og:type\" content=\"article\" \/>\n<meta property=\"og:title\" content=\"22ct Gold Round Shaped Pendant | Armari Collection | PureJewels\" \/>\n<meta property=\"og:description\" content=\"Discover the Armari Collection&#039;s 22ct Gold Round Shaped Pendant. Perfect for any occasion, it adds a touch of sophistication and luxury to your jewellery collection.\" \/>\n<meta property=\"og:url\" content=\"https:\/\/www.purejewels.com\/tr\/urun\/22-ayar-altin-yuvarlak-sekilli-kolye-ucu-48574\/\" \/>\n<meta property=\"og:site_name\" content=\"PureJewels UK\" \/>\n<meta property=\"article:modified_time\" content=\"2026-01-30T11:47:39+00:00\" \/>\n<meta property=\"og:image\" content=\"https:\/\/static.purejewels.com\/wp-content\/uploads\/2024\/06\/48574.png\" \/>\n\t<meta property=\"og:image:width\" content=\"1000\" \/>\n\t<meta property=\"og:image:height\" content=\"1000\" \/>\n\t<meta property=\"og:image:type\" content=\"image\/png\" \/>\n<meta name=\"twitter:card\" content=\"summary_large_image\" \/>\n<meta name=\"twitter:label1\" content=\"Tahmini okuma s\u00fcresi\" \/>\n\t<meta name=\"twitter:data1\" content=\"2 dakika\" \/>\n<script type=\"application\/ld+json\" class=\"yoast-schema-graph\">{\"@context\":\"https:\\\/\\\/schema.org\",\"@graph\":[{\"@type\":[\"WebPage\",\"ItemPage\"],\"@id\":\"https:\\\/\\\/www.purejewels.com\\\/product\\\/22ct-gold-round-shaped-pendant-48574\\\/\",\"url\":\"https:\\\/\\\/www.purejewels.com\\\/product\\\/22ct-gold-round-shaped-pendant-48574\\\/\",\"name\":\"22ct Gold Round Shaped Pendant | Armari Collection | PureJewels\",\"isPartOf\":{\"@id\":\"https:\\\/\\\/www.purejewels.com\\\/#website\"},\"primaryImageOfPage\":{\"@id\":\"https:\\\/\\\/www.purejewels.com\\\/product\\\/22ct-gold-round-shaped-pendant-48574\\\/#primaryimage\"},\"image\":{\"@id\":\"https:\\\/\\\/www.purejewels.com\\\/product\\\/22ct-gold-round-shaped-pendant-48574\\\/#primaryimage\"},\"thumbnailUrl\":\"https:\\\/\\\/static.purejewels.com\\\/wp-content\\\/uploads\\\/2024\\\/06\\\/48574.png\",\"datePublished\":\"2024-08-05T09:20:35+00:00\",\"dateModified\":\"2026-01-30T11:47:39+00:00\",\"description\":\"Discover the Armari Collection's 22ct Gold Round Shaped Pendant. Perfect for any occasion, it adds a touch of sophistication and luxury to your jewellery collection.\",\"breadcrumb\":{\"@id\":\"https:\\\/\\\/www.purejewels.com\\\/product\\\/22ct-gold-round-shaped-pendant-48574\\\/#breadcrumb\"},\"inLanguage\":\"tr\",\"potentialAction\":[{\"@type\":\"ReadAction\",\"target\":[\"https:\\\/\\\/www.purejewels.com\\\/product\\\/22ct-gold-round-shaped-pendant-48574\\\/\"]}]},{\"@type\":\"ImageObject\",\"inLanguage\":\"tr\",\"@id\":\"https:\\\/\\\/www.purejewels.com\\\/product\\\/22ct-gold-round-shaped-pendant-48574\\\/#primaryimage\",\"url\":\"https:\\\/\\\/static.purejewels.com\\\/wp-content\\\/uploads\\\/2024\\\/06\\\/48574.png\",\"contentUrl\":\"https:\\\/\\\/static.purejewels.com\\\/wp-content\\\/uploads\\\/2024\\\/06\\\/48574.png\",\"width\":1000,\"height\":1000,\"caption\":\"22ct Gold Pendant\"},{\"@type\":\"BreadcrumbList\",\"@id\":\"https:\\\/\\\/www.purejewels.com\\\/product\\\/22ct-gold-round-shaped-pendant-48574\\\/#breadcrumb\",\"itemListElement\":[{\"@type\":\"ListItem\",\"position\":1,\"name\":\"Home\",\"item\":\"https:\\\/\\\/www.purejewels.com\\\/\"},{\"@type\":\"ListItem\",\"position\":2,\"name\":\"Shop\",\"item\":\"https:\\\/\\\/www.purejewels.com\\\/shop\\\/\"},{\"@type\":\"ListItem\",\"position\":3,\"name\":\"22ct Gold Round Shaped Pendant | Armari Collection\"}]},{\"@type\":\"WebSite\",\"@id\":\"https:\\\/\\\/www.purejewels.com\\\/#website\",\"url\":\"https:\\\/\\\/www.purejewels.com\\\/\",\"name\":\"PureJewels UK\",\"description\":\"Share the Love\",\"publisher\":{\"@id\":\"https:\\\/\\\/www.purejewels.com\\\/#organization\"},\"potentialAction\":[{\"@type\":\"SearchAction\",\"target\":{\"@type\":\"EntryPoint\",\"urlTemplate\":\"https:\\\/\\\/www.purejewels.com\\\/?s={search_term_string}\"},\"query-input\":{\"@type\":\"PropertyValueSpecification\",\"valueRequired\":true,\"valueName\":\"search_term_string\"}}],\"inLanguage\":\"tr\"},{\"@type\":\"Organization\",\"@id\":\"https:\\\/\\\/www.purejewels.com\\\/#organization\",\"name\":\"PureJewels UK\",\"url\":\"https:\\\/\\\/www.purejewels.com\\\/\",\"logo\":{\"@type\":\"ImageObject\",\"inLanguage\":\"tr\",\"@id\":\"https:\\\/\\\/www.purejewels.com\\\/#\\\/schema\\\/logo\\\/image\\\/\",\"url\":\"https:\\\/\\\/static.purejewels.com\\\/wp-content\\\/uploads\\\/2020\\\/11\\\/Logo-PJ-New-1.png\",\"contentUrl\":\"https:\\\/\\\/static.purejewels.com\\\/wp-content\\\/uploads\\\/2020\\\/11\\\/Logo-PJ-New-1.png\",\"width\":150,\"height\":80,\"caption\":\"PureJewels UK\"},\"image\":{\"@id\":\"https:\\\/\\\/www.purejewels.com\\\/#\\\/schema\\\/logo\\\/image\\\/\"}}]}<\/script>\n<!-- \/ Yoast SEO plugin. -->","yoast_head_json":{"title":"22 Ayar Alt\u0131n Yuvarlak \u015eekilli Kolye Ucu | Armari Koleksiyonu | PureJewels","description":"Armari Koleksiyonu'nun 22 Ayar Alt\u0131n Yuvarlak \u015eekilli Kolyesini ke\u015ffedin. Her durum i\u00e7in m\u00fckemmel olan bu kolye, m\u00fccevher koleksiyonunuza sofistike ve l\u00fcks bir dokunu\u015f katar.","robots":{"index":"index","follow":"follow","max-snippet":"max-snippet:-1","max-image-preview":"max-image-preview:large","max-video-preview":"max-video-preview:-1"},"canonical":"https:\/\/www.purejewels.com\/tr\/urun\/22-ayar-altin-yuvarlak-sekilli-kolye-ucu-48574\/","og_locale":"tr_TR","og_type":"article","og_title":"22ct Gold Round Shaped Pendant | Armari Collection | PureJewels","og_description":"Discover the Armari Collection's 22ct Gold Round Shaped Pendant. Perfect for any occasion, it adds a touch of sophistication and luxury to your jewellery collection.","og_url":"https:\/\/www.purejewels.com\/tr\/urun\/22-ayar-altin-yuvarlak-sekilli-kolye-ucu-48574\/","og_site_name":"PureJewels UK","article_modified_time":"2026-01-30T11:47:39+00:00","og_image":[{"width":1000,"height":1000,"url":"https:\/\/static.purejewels.com\/wp-content\/uploads\/2024\/06\/48574.png","type":"image\/png"}],"twitter_card":"summary_large_image","twitter_misc":{"Tahmini okuma s\u00fcresi":"2 dakika"},"schema":{"@context":"https:\/\/schema.org","@graph":[{"@type":["WebPage","ItemPage"],"@id":"https:\/\/www.purejewels.com\/product\/22ct-gold-round-shaped-pendant-48574\/","url":"https:\/\/www.purejewels.com\/product\/22ct-gold-round-shaped-pendant-48574\/","name":"22 Ayar Alt\u0131n Yuvarlak \u015eekilli Kolye Ucu | Armari Koleksiyonu | PureJewels","isPartOf":{"@id":"https:\/\/www.purejewels.com\/#website"},"primaryImageOfPage":{"@id":"https:\/\/www.purejewels.com\/product\/22ct-gold-round-shaped-pendant-48574\/#primaryimage"},"image":{"@id":"https:\/\/www.purejewels.com\/product\/22ct-gold-round-shaped-pendant-48574\/#primaryimage"},"thumbnailUrl":"https:\/\/static.purejewels.com\/wp-content\/uploads\/2024\/06\/48574.png","datePublished":"2024-08-05T09:20:35+00:00","dateModified":"2026-01-30T11:47:39+00:00","description":"Armari Koleksiyonu'nun 22 Ayar Alt\u0131n Yuvarlak \u015eekilli Kolyesini ke\u015ffedin. Her durum i\u00e7in m\u00fckemmel olan bu kolye, m\u00fccevher koleksiyonunuza sofistike ve l\u00fcks bir dokunu\u015f katar.","breadcrumb":{"@id":"https:\/\/www.purejewels.com\/product\/22ct-gold-round-shaped-pendant-48574\/#breadcrumb"},"inLanguage":"tr","potentialAction":[{"@type":"ReadAction","target":["https:\/\/www.purejewels.com\/product\/22ct-gold-round-shaped-pendant-48574\/"]}]},{"@type":"ImageObject","inLanguage":"tr","@id":"https:\/\/www.purejewels.com\/product\/22ct-gold-round-shaped-pendant-48574\/#primaryimage","url":"https:\/\/static.purejewels.com\/wp-content\/uploads\/2024\/06\/48574.png","contentUrl":"https:\/\/static.purejewels.com\/wp-content\/uploads\/2024\/06\/48574.png","width":1000,"height":1000,"caption":"22ct Gold Pendant"},{"@type":"BreadcrumbList","@id":"https:\/\/www.purejewels.com\/product\/22ct-gold-round-shaped-pendant-48574\/#breadcrumb","itemListElement":[{"@type":"ListItem","position":1,"name":"Home","item":"https:\/\/www.purejewels.com\/"},{"@type":"ListItem","position":2,"name":"Shop","item":"https:\/\/www.purejewels.com\/shop\/"},{"@type":"ListItem","position":3,"name":"22ct Gold Round Shaped Pendant | Armari Collection"}]},{"@type":"WebSite","@id":"https:\/\/www.purejewels.com\/#website","url":"https:\/\/www.purejewels.com\/","name":"PureJewels \u0130ngiltere","description":"Sevgiyi Payla\u015f\u0131n","publisher":{"@id":"https:\/\/www.purejewels.com\/#organization"},"potentialAction":[{"@type":"SearchAction","target":{"@type":"EntryPoint","urlTemplate":"https:\/\/www.purejewels.com\/?s={search_term_string}"},"query-input":{"@type":"PropertyValueSpecification","valueRequired":true,"valueName":"search_term_string"}}],"inLanguage":"tr"},{"@type":"Organization","@id":"https:\/\/www.purejewels.com\/#organization","name":"PureJewels \u0130ngiltere","url":"https:\/\/www.purejewels.com\/","logo":{"@type":"ImageObject","inLanguage":"tr","@id":"https:\/\/www.purejewels.com\/#\/schema\/logo\/image\/","url":"https:\/\/static.purejewels.com\/wp-content\/uploads\/2020\/11\/Logo-PJ-New-1.png","contentUrl":"https:\/\/static.purejewels.com\/wp-content\/uploads\/2020\/11\/Logo-PJ-New-1.png","width":150,"height":80,"caption":"PureJewels UK"},"image":{"@id":"https:\/\/www.purejewels.com\/#\/schema\/logo\/image\/"}}]}},"_links":{"self":[{"href":"https:\/\/www.purejewels.com\/tr\/wp-json\/wp\/v2\/product\/364822","targetHints":{"allow":["GET"]}}],"collection":[{"href":"https:\/\/www.purejewels.com\/tr\/wp-json\/wp\/v2\/product"}],"about":[{"href":"https:\/\/www.purejewels.com\/tr\/wp-json\/wp\/v2\/types\/product"}],"replies":[{"embeddable":true,"href":"https:\/\/www.purejewels.com\/tr\/wp-json\/wp\/v2\/comments?post=364822"}],"version-history":[{"count":5,"href":"https:\/\/www.purejewels.com\/tr\/wp-json\/wp\/v2\/product\/364822\/revisions"}],"predecessor-version":[{"id":425461,"href":"https:\/\/www.purejewels.com\/tr\/wp-json\/wp\/v2\/product\/364822\/revisions\/425461"}],"wp:featuredmedia":[{"embeddable":true,"href":"https:\/\/www.purejewels.com\/tr\/wp-json\/wp\/v2\/media\/364823"}],"wp:attachment":[{"href":"https:\/\/www.purejewels.com\/tr\/wp-json\/wp\/v2\/media?parent=364822"}],"wp:term":[{"taxonomy":"product_brand","embeddable":true,"href":"https:\/\/www.purejewels.com\/tr\/wp-json\/wp\/v2\/product_brand?post=364822"},{"taxonomy":"product_cat","embeddable":true,"href":"https:\/\/www.purejewels.com\/tr\/wp-json\/wp\/v2\/product_cat?post=364822"},{"taxonomy":"product_tag","embeddable":true,"href":"https:\/\/www.purejewels.com\/tr\/wp-json\/wp\/v2\/product_tag?post=364822"}],"curies":[{"name":"wp","href":"https:\/\/api.w.org\/{rel}","templated":true}]}}