{"id":364860,"date":"2024-06-18T05:28:38","date_gmt":"2024-06-18T04:28:38","guid":{"rendered":"https:\/\/www.purejewels.com\/?post_type=product&#038;p=364860"},"modified":"2026-02-09T09:06:33","modified_gmt":"2026-02-09T09:06:33","slug":"22-ayar-altin-mala-kolye-48569","status":"publish","type":"product","link":"https:\/\/www.purejewels.com\/tr\/product\/22ct-gold-mala-necklace-48569\/","title":{"rendered":"22 Ayar Alt\u0131n Mala Kolye | 16 \u0130n\u00e7"},"content":{"rendered":"<p data-sourcepos=\"3:1-3:231\"><strong>Zamans\u0131z \u015f\u0131kl\u0131\u011f\u0131 kucaklay\u0131n<\/strong> B\u00fcy\u00fcleyici <a href=\"https:\/\/www.purejewels.com\/tr\/product\/22ct-gold-armari-collection-stud-antique-finish-49172\/\">Armari Koleksiyonu<\/a> <a href=\"https:\/\/www.purejewels.com\/tr\/product\/22ct-gold-jali-filigree-ring-jali-collection-31926\/\">22ct<\/a> <a href=\"https:\/\/www.purejewels.com\/tr\/product\/22k-gold-mala-necklace\/\">Alt\u0131n Mala Kolye<\/a>. Bu zarif 16 in\u00e7lik kolye, saf malzemeden titizlikle \u00fcretilmi\u015ftir. <a href=\"https:\/\/www.purejewels.com\/tr\/product\/holy-cross-gold-pendant-44713\/\">22 ayar alt\u0131n<\/a>Hint sanat\u0131n\u0131n ve sofistikeli\u011finin \u0131\u015f\u0131lt\u0131l\u0131 bir \u00f6rne\u011fidir.<\/p>\n<ul data-sourcepos=\"5:1-14:0\">\n<li data-sourcepos=\"5:1-6:0\">\n<p data-sourcepos=\"5:3-5:203\"><strong>E\u015fsiz Parlakl\u0131k:<\/strong> \u00dcst\u00fcn kalitesi ve s\u0131cak, b\u00fcy\u00fcleyici parlakl\u0131\u011f\u0131yla tan\u0131nan hakiki 22 ayar alt\u0131n\u0131n inkar edilemez l\u00fcks\u00fcyle kendinizi \u015f\u0131mart\u0131n. Kolye her cilt tonunda g\u00fczel bir \u015fekilde parlayacakt\u0131r.<\/p>\n<\/li>\n<li data-sourcepos=\"7:1-8:0\">\n<p data-sourcepos=\"7:3-7:203\"><strong>Klasik Mala Tasar\u0131m\u0131:<\/strong> Zamans\u0131z mala tasar\u0131m\u0131yla Hindistan'\u0131n zengin k\u00fclt\u00fcrel miras\u0131n\u0131 deneyimleyin. Titizlikle birbirine ba\u011flanm\u0131\u015f boncuklar zarif\u00e7e \u00f6rt\u00fclerek kombininize sofistike bir dokunu\u015f katar.<\/p>\n<\/li>\n<li data-sourcepos=\"9:1-10:0\">\n<p data-sourcepos=\"9:3-9:313\"><strong>\u00c7ok Y\u00f6nl\u00fc \u015e\u0131kl\u0131k:<\/strong> Boyut ve stilin m\u00fckemmel dengesi bu kolyeyi g\u00fcnl\u00fck kullan\u0131m i\u00e7in ideal hale getirir. \u0130\u015f k\u0131yafetlerinize zarif bir dokunu\u015f kat\u0131n veya g\u00fcndelik bir brunch g\u00f6r\u00fcn\u00fcm\u00fcn\u00fc y\u00fckseltin. \u00d6zel davetlerde, b\u00fcy\u00fcleyici drape ve l\u00fcks parlakl\u0131k dikkatleri \u00fczerine \u00e7ekecek ve de\u011ferli bir sohbet ba\u015flat\u0131c\u0131s\u0131 haline gelecektir.<\/p>\n<\/li>\n<li data-sourcepos=\"11:1-12:0\">\n<p data-sourcepos=\"11:3-11:232\"><strong>De\u011ferli bir yadig\u00e2r:<\/strong> Bu kolye, \u00f6zellikle d\u00fc\u011f\u00fcnler i\u00e7in \u00f6zel bir \u00f6neme sahiptir. Bir mala kolye olarak refah\u0131, bereketi ve sonsuz a\u015fk\u0131 sembolize eder. Nesiller boyu el \u00fcst\u00fcnde tutulacak zamans\u0131z bir par\u00e7ad\u0131r.<\/p>\n<\/li>\n<li data-sourcepos=\"13:1-14:0\">\n<p data-sourcepos=\"13:3-13:267\"><strong>M\u00fckemmel Hediye:<\/strong> <span class=\"citation-0 citation-end-0\">\u00d6zel birini, miras\u0131n\u0131 kutlayan veya m\u00fckemmele olan a\u015fk\u0131n\u0131 ate\u015fleyen bir hediye ile \u015fa\u015f\u0131rt\u0131n <a href=\"https:\/\/www.purejewels.com\/tr\/a-guide-to-die-stamping\/\">zanaatkarl\u0131k<\/a>. Armari Koleksiyonu <a href=\"https:\/\/www.purejewels.com\/tr\/product\/22ct-gold-mala-necklace-34715\/\">22 Ayar Alt\u0131n Mala<\/a> Kolye<\/span> y\u0131llarca de\u011fer verilecek d\u00fc\u015f\u00fcnceli bir hediyedir.<\/p>\n<\/li>\n<\/ul>\n<p data-sourcepos=\"15:1-15:120\"><strong>L\u00fcksle kendinizi \u015f\u0131mart\u0131n ve gelene\u011fi kucaklay\u0131n. Armari Koleksiyonunu ekleyin <a href=\"https:\/\/www.purejewels.com\/tr\/product\/22ct-gold-pearl-mala-necklace-50500\/\">22 Ayar Alt\u0131n Mala Kolye<\/a> bug\u00fcn koleksiyonunuza ekleyin.<\/strong><\/p>","protected":false},"excerpt":{"rendered":"<div class=\"woocommerce-product-details__short-description\">\n<div class=\"woocommerce-product-details__short-description\">\n<table class=\"sh_desc\">\n<tbody>\n<tr>\n<td>Kolye Tipi<\/td>\n<td>Mala Kolye<\/td>\n<\/tr>\n<tr>\n<td>SKU<\/td>\n<td>48569<\/td>\n<\/tr>\n<tr>\n<td>A\u011f\u0131rl\u0131k<\/td>\n<td>11.5 Gms<\/td>\n<\/tr>\n<tr>\n<td>Uzunluk<\/td>\n<td>16 \u0130n\u00e7<\/td>\n<\/tr>\n<tr>\n<td>Metal<\/td>\n<td>22 Ayar Alt\u0131n<\/td>\n<\/tr>\n<tr>\n<td>\u00dccretler<\/td>\n<td>Teslimat ve KDV Dahil<\/td>\n<\/tr>\n<tr>\n<td>Paketleme<\/td>\n<td>Sunum Kutusu ile Birlikte Gelir<\/td>\n<\/tr>\n<tr>\n<td>Daha Fazla Bilgi<\/td>\n<td>M\u00fcsaitlik durumu ve daha fazla resim i\u00e7in bizimle canl\u0131 sohbet edin<\/td>\n<\/tr>\n<\/tbody>\n<\/table>\n<\/div>\n<div class=\"btn-atc atc-slide\"><\/div>\n<div class=\"product_meta\"><\/div>\n<\/div>\n<div class=\"btn-atc atc-slide\"><\/div>\n<div class=\"product_meta\"><\/div>","protected":false},"featured_media":364861,"comment_status":"closed","ping_status":"closed","template":"","meta":{"_eb_attr":"","_crsspst_to_jayantr4sg-hostcom":false},"product_brand":[],"product_cat":[245,5643,1617,236,5701,1229,1253,1779,1570,1573,1574],"product_tag":[],"class_list":{"0":"post-364860","1":"product","2":"type-product","3":"status-publish","4":"has-post-thumbnail","6":"product_cat-armari-collections","7":"product_cat-armari-necklace","8":"product_cat-fancy-mala-chains","9":"product_cat-collections","10":"product_cat-eid-jewellery","11":"product_cat-22ct-gold-jewellery","12":"product_cat-gold-necklaces","13":"product_cat-mala-style-necklaces","14":"product_cat-mothers-day-gifts","15":"product_cat-wedding-gifts","16":"product_cat-womens-jewellery","18":"first","19":"instock","20":"taxable","21":"shipping-taxable","22":"purchasable","23":"product-type-simple","24":"add-to-wishlist-before_image"},"yoast_head":"<!-- This site is optimized with the Yoast SEO plugin v27.5 - https:\/\/yoast.com\/product\/yoast-seo-wordpress\/ -->\n<title>16 Inch 22ct Gold Mala Necklace | Exquisite Design | PureJewels<\/title>\n<meta name=\"description\" content=\"Indulge in timeless elegance with our exquisite 16 inch, 22ct gold mala necklace by PureJewels. Buy this Mala Necklace online today!\" \/>\n<meta name=\"robots\" content=\"index, follow, max-snippet:-1, max-image-preview:large, max-video-preview:-1\" \/>\n<link rel=\"canonical\" href=\"https:\/\/www.purejewels.com\/tr\/urun\/22-ayar-altin-mala-kolye-48569\/\" \/>\n<meta property=\"og:locale\" content=\"tr_TR\" \/>\n<meta property=\"og:type\" content=\"article\" \/>\n<meta property=\"og:title\" content=\"16 Inch 22ct Gold Mala Necklace | Exquisite Design | PureJewels\" \/>\n<meta property=\"og:description\" content=\"Indulge in timeless elegance with our exquisite 16 inch, 22ct gold mala necklace by PureJewels. Buy this Mala Necklace online today!\" \/>\n<meta property=\"og:url\" content=\"https:\/\/www.purejewels.com\/tr\/urun\/22-ayar-altin-mala-kolye-48569\/\" \/>\n<meta property=\"og:site_name\" content=\"PureJewels UK\" \/>\n<meta property=\"article:modified_time\" content=\"2026-02-09T09:06:33+00:00\" \/>\n<meta property=\"og:image\" content=\"https:\/\/static.purejewels.com\/wp-content\/uploads\/2024\/06\/48569.png\" \/>\n\t<meta property=\"og:image:width\" content=\"1000\" \/>\n\t<meta property=\"og:image:height\" content=\"1000\" \/>\n\t<meta property=\"og:image:type\" content=\"image\/png\" \/>\n<meta name=\"twitter:card\" content=\"summary_large_image\" \/>\n<meta name=\"twitter:label1\" content=\"Tahmini okuma s\u00fcresi\" \/>\n\t<meta name=\"twitter:data1\" content=\"2 dakika\" \/>\n<script type=\"application\/ld+json\" class=\"yoast-schema-graph\">{\"@context\":\"https:\\\/\\\/schema.org\",\"@graph\":[{\"@type\":[\"WebPage\",\"ItemPage\"],\"@id\":\"https:\\\/\\\/www.purejewels.com\\\/product\\\/22ct-gold-mala-necklace-48569\\\/\",\"url\":\"https:\\\/\\\/www.purejewels.com\\\/product\\\/22ct-gold-mala-necklace-48569\\\/\",\"name\":\"16 Inch 22ct Gold Mala Necklace | Exquisite Design | PureJewels\",\"isPartOf\":{\"@id\":\"https:\\\/\\\/www.purejewels.com\\\/#website\"},\"primaryImageOfPage\":{\"@id\":\"https:\\\/\\\/www.purejewels.com\\\/product\\\/22ct-gold-mala-necklace-48569\\\/#primaryimage\"},\"image\":{\"@id\":\"https:\\\/\\\/www.purejewels.com\\\/product\\\/22ct-gold-mala-necklace-48569\\\/#primaryimage\"},\"thumbnailUrl\":\"https:\\\/\\\/static.purejewels.com\\\/wp-content\\\/uploads\\\/2024\\\/06\\\/48569.png\",\"datePublished\":\"2024-06-18T04:28:38+00:00\",\"dateModified\":\"2026-02-09T09:06:33+00:00\",\"description\":\"Indulge in timeless elegance with our exquisite 16 inch, 22ct gold mala necklace by PureJewels. Buy this Mala Necklace online today!\",\"breadcrumb\":{\"@id\":\"https:\\\/\\\/www.purejewels.com\\\/product\\\/22ct-gold-mala-necklace-48569\\\/#breadcrumb\"},\"inLanguage\":\"tr\",\"potentialAction\":[{\"@type\":\"ReadAction\",\"target\":[\"https:\\\/\\\/www.purejewels.com\\\/product\\\/22ct-gold-mala-necklace-48569\\\/\"]}]},{\"@type\":\"ImageObject\",\"inLanguage\":\"tr\",\"@id\":\"https:\\\/\\\/www.purejewels.com\\\/product\\\/22ct-gold-mala-necklace-48569\\\/#primaryimage\",\"url\":\"https:\\\/\\\/static.purejewels.com\\\/wp-content\\\/uploads\\\/2024\\\/06\\\/48569.png\",\"contentUrl\":\"https:\\\/\\\/static.purejewels.com\\\/wp-content\\\/uploads\\\/2024\\\/06\\\/48569.png\",\"width\":1000,\"height\":1000,\"caption\":\"22ct Gold Mala\"},{\"@type\":\"BreadcrumbList\",\"@id\":\"https:\\\/\\\/www.purejewels.com\\\/product\\\/22ct-gold-mala-necklace-48569\\\/#breadcrumb\",\"itemListElement\":[{\"@type\":\"ListItem\",\"position\":1,\"name\":\"Home\",\"item\":\"https:\\\/\\\/www.purejewels.com\\\/\"},{\"@type\":\"ListItem\",\"position\":2,\"name\":\"Shop\",\"item\":\"https:\\\/\\\/www.purejewels.com\\\/shop\\\/\"},{\"@type\":\"ListItem\",\"position\":3,\"name\":\"22ct Gold Mala Necklace | 16 Inches\"}]},{\"@type\":\"WebSite\",\"@id\":\"https:\\\/\\\/www.purejewels.com\\\/#website\",\"url\":\"https:\\\/\\\/www.purejewels.com\\\/\",\"name\":\"PureJewels UK\",\"description\":\"Share the Love\",\"publisher\":{\"@id\":\"https:\\\/\\\/www.purejewels.com\\\/#organization\"},\"potentialAction\":[{\"@type\":\"SearchAction\",\"target\":{\"@type\":\"EntryPoint\",\"urlTemplate\":\"https:\\\/\\\/www.purejewels.com\\\/?s={search_term_string}\"},\"query-input\":{\"@type\":\"PropertyValueSpecification\",\"valueRequired\":true,\"valueName\":\"search_term_string\"}}],\"inLanguage\":\"tr\"},{\"@type\":\"Organization\",\"@id\":\"https:\\\/\\\/www.purejewels.com\\\/#organization\",\"name\":\"PureJewels UK\",\"url\":\"https:\\\/\\\/www.purejewels.com\\\/\",\"logo\":{\"@type\":\"ImageObject\",\"inLanguage\":\"tr\",\"@id\":\"https:\\\/\\\/www.purejewels.com\\\/#\\\/schema\\\/logo\\\/image\\\/\",\"url\":\"https:\\\/\\\/static.purejewels.com\\\/wp-content\\\/uploads\\\/2020\\\/11\\\/Logo-PJ-New-1.png\",\"contentUrl\":\"https:\\\/\\\/static.purejewels.com\\\/wp-content\\\/uploads\\\/2020\\\/11\\\/Logo-PJ-New-1.png\",\"width\":150,\"height\":80,\"caption\":\"PureJewels UK\"},\"image\":{\"@id\":\"https:\\\/\\\/www.purejewels.com\\\/#\\\/schema\\\/logo\\\/image\\\/\"}}]}<\/script>\n<!-- \/ Yoast SEO plugin. -->","yoast_head_json":{"title":"16 \u0130n\u00e7 22 Ayar Alt\u0131n Mala Kolye | Zarif Tasar\u0131m | PureJewels","description":"PureJewels'in enfes 16 in\u00e7, 22 ayar alt\u0131n mala kolyesi ile zamans\u0131z \u015f\u0131kl\u0131\u011f\u0131n tad\u0131n\u0131 \u00e7\u0131kar\u0131n. Bu Mala Kolyeyi bug\u00fcn online sat\u0131n al\u0131n!","robots":{"index":"index","follow":"follow","max-snippet":"max-snippet:-1","max-image-preview":"max-image-preview:large","max-video-preview":"max-video-preview:-1"},"canonical":"https:\/\/www.purejewels.com\/tr\/urun\/22-ayar-altin-mala-kolye-48569\/","og_locale":"tr_TR","og_type":"article","og_title":"16 Inch 22ct Gold Mala Necklace | Exquisite Design | PureJewels","og_description":"Indulge in timeless elegance with our exquisite 16 inch, 22ct gold mala necklace by PureJewels. Buy this Mala Necklace online today!","og_url":"https:\/\/www.purejewels.com\/tr\/urun\/22-ayar-altin-mala-kolye-48569\/","og_site_name":"PureJewels UK","article_modified_time":"2026-02-09T09:06:33+00:00","og_image":[{"width":1000,"height":1000,"url":"https:\/\/static.purejewels.com\/wp-content\/uploads\/2024\/06\/48569.png","type":"image\/png"}],"twitter_card":"summary_large_image","twitter_misc":{"Tahmini okuma s\u00fcresi":"2 dakika"},"schema":{"@context":"https:\/\/schema.org","@graph":[{"@type":["WebPage","ItemPage"],"@id":"https:\/\/www.purejewels.com\/product\/22ct-gold-mala-necklace-48569\/","url":"https:\/\/www.purejewels.com\/product\/22ct-gold-mala-necklace-48569\/","name":"16 \u0130n\u00e7 22 Ayar Alt\u0131n Mala Kolye | Zarif Tasar\u0131m | PureJewels","isPartOf":{"@id":"https:\/\/www.purejewels.com\/#website"},"primaryImageOfPage":{"@id":"https:\/\/www.purejewels.com\/product\/22ct-gold-mala-necklace-48569\/#primaryimage"},"image":{"@id":"https:\/\/www.purejewels.com\/product\/22ct-gold-mala-necklace-48569\/#primaryimage"},"thumbnailUrl":"https:\/\/static.purejewels.com\/wp-content\/uploads\/2024\/06\/48569.png","datePublished":"2024-06-18T04:28:38+00:00","dateModified":"2026-02-09T09:06:33+00:00","description":"PureJewels'in enfes 16 in\u00e7, 22 ayar alt\u0131n mala kolyesi ile zamans\u0131z \u015f\u0131kl\u0131\u011f\u0131n tad\u0131n\u0131 \u00e7\u0131kar\u0131n. Bu Mala Kolyeyi bug\u00fcn online sat\u0131n al\u0131n!","breadcrumb":{"@id":"https:\/\/www.purejewels.com\/product\/22ct-gold-mala-necklace-48569\/#breadcrumb"},"inLanguage":"tr","potentialAction":[{"@type":"ReadAction","target":["https:\/\/www.purejewels.com\/product\/22ct-gold-mala-necklace-48569\/"]}]},{"@type":"ImageObject","inLanguage":"tr","@id":"https:\/\/www.purejewels.com\/product\/22ct-gold-mala-necklace-48569\/#primaryimage","url":"https:\/\/static.purejewels.com\/wp-content\/uploads\/2024\/06\/48569.png","contentUrl":"https:\/\/static.purejewels.com\/wp-content\/uploads\/2024\/06\/48569.png","width":1000,"height":1000,"caption":"22ct Gold Mala"},{"@type":"BreadcrumbList","@id":"https:\/\/www.purejewels.com\/product\/22ct-gold-mala-necklace-48569\/#breadcrumb","itemListElement":[{"@type":"ListItem","position":1,"name":"Home","item":"https:\/\/www.purejewels.com\/"},{"@type":"ListItem","position":2,"name":"Shop","item":"https:\/\/www.purejewels.com\/shop\/"},{"@type":"ListItem","position":3,"name":"22ct Gold Mala Necklace | 16 Inches"}]},{"@type":"WebSite","@id":"https:\/\/www.purejewels.com\/#website","url":"https:\/\/www.purejewels.com\/","name":"PureJewels \u0130ngiltere","description":"Sevgiyi Payla\u015f\u0131n","publisher":{"@id":"https:\/\/www.purejewels.com\/#organization"},"potentialAction":[{"@type":"SearchAction","target":{"@type":"EntryPoint","urlTemplate":"https:\/\/www.purejewels.com\/?s={search_term_string}"},"query-input":{"@type":"PropertyValueSpecification","valueRequired":true,"valueName":"search_term_string"}}],"inLanguage":"tr"},{"@type":"Organization","@id":"https:\/\/www.purejewels.com\/#organization","name":"PureJewels \u0130ngiltere","url":"https:\/\/www.purejewels.com\/","logo":{"@type":"ImageObject","inLanguage":"tr","@id":"https:\/\/www.purejewels.com\/#\/schema\/logo\/image\/","url":"https:\/\/static.purejewels.com\/wp-content\/uploads\/2020\/11\/Logo-PJ-New-1.png","contentUrl":"https:\/\/static.purejewels.com\/wp-content\/uploads\/2020\/11\/Logo-PJ-New-1.png","width":150,"height":80,"caption":"PureJewels UK"},"image":{"@id":"https:\/\/www.purejewels.com\/#\/schema\/logo\/image\/"}}]}},"_links":{"self":[{"href":"https:\/\/www.purejewels.com\/tr\/wp-json\/wp\/v2\/product\/364860","targetHints":{"allow":["GET"]}}],"collection":[{"href":"https:\/\/www.purejewels.com\/tr\/wp-json\/wp\/v2\/product"}],"about":[{"href":"https:\/\/www.purejewels.com\/tr\/wp-json\/wp\/v2\/types\/product"}],"replies":[{"embeddable":true,"href":"https:\/\/www.purejewels.com\/tr\/wp-json\/wp\/v2\/comments?post=364860"}],"version-history":[{"count":1,"href":"https:\/\/www.purejewels.com\/tr\/wp-json\/wp\/v2\/product\/364860\/revisions"}],"predecessor-version":[{"id":364862,"href":"https:\/\/www.purejewels.com\/tr\/wp-json\/wp\/v2\/product\/364860\/revisions\/364862"}],"wp:featuredmedia":[{"embeddable":true,"href":"https:\/\/www.purejewels.com\/tr\/wp-json\/wp\/v2\/media\/364861"}],"wp:attachment":[{"href":"https:\/\/www.purejewels.com\/tr\/wp-json\/wp\/v2\/media?parent=364860"}],"wp:term":[{"taxonomy":"product_brand","embeddable":true,"href":"https:\/\/www.purejewels.com\/tr\/wp-json\/wp\/v2\/product_brand?post=364860"},{"taxonomy":"product_cat","embeddable":true,"href":"https:\/\/www.purejewels.com\/tr\/wp-json\/wp\/v2\/product_cat?post=364860"},{"taxonomy":"product_tag","embeddable":true,"href":"https:\/\/www.purejewels.com\/tr\/wp-json\/wp\/v2\/product_tag?post=364860"}],"curies":[{"name":"wp","href":"https:\/\/api.w.org\/{rel}","templated":true}]}}