{"id":364866,"date":"2024-06-18T06:16:20","date_gmt":"2024-06-18T05:16:20","guid":{"rendered":"https:\/\/www.purejewels.com\/?post_type=product&#038;p=364866"},"modified":"2025-05-26T11:13:10","modified_gmt":"2025-05-26T10:13:10","slug":"armari-collection-22-ayar-altin-kolye-ucu-48571","status":"publish","type":"product","link":"https:\/\/www.purejewels.com\/tr\/product\/armari-collection-22ct-gold-pendant-necklace-48571\/","title":{"rendered":"Armari Koleksiyonu 22 Ayar Alt\u0131n Kolye Ucu Kolye | 20 \u0130n\u00e7"},"content":{"rendered":"<p data-sourcepos=\"1:1-1:82\"><strong>G\u00f6r\u00fcn\u00fcm\u00fcn\u00fcz\u00fc Y\u00fckseltin: En \u0130yi <a href=\"https:\/\/www.purejewels.com\/tr\/product\/22ct-gold-armari-collection-stud-antique-finish-49172\/\">Armari Koleksiyonu<\/a> <a href=\"https:\/\/www.purejewels.com\/tr\/product\/22ct-gold-fancy-pendant-23444\/\">22 Ayar Alt\u0131n Kolye<\/a> Kolye<\/strong><\/p>\n<p data-sourcepos=\"3:1-3:56\"><strong>Bir a\u00e7\u0131klama yap\u0131n<\/strong> \u00e7arp\u0131c\u0131 Armari Koleksiyonu ile <a href=\"https:\/\/www.purejewels.com\/tr\/product\/22ct-gold-jali-filigree-ring-jali-collection-31926\/\">22ct<\/a> <a href=\"https:\/\/www.purejewels.com\/tr\/product\/22ct-real-gold-shoe-pendant-43097\/\">Alt\u0131n Kolye<\/a> Kolye. Bu 20 in\u00e7lik kolye, saf malzemeden \u00fcretilmi\u015f g\u00fczel bir kolye ucuna sahiptir. <a href=\"https:\/\/www.purejewels.com\/tr\/product\/holy-cross-gold-pendant-44713\/\">22 ayar alt\u0131n<\/a>k\u0131yafetinize zamans\u0131z bir \u015f\u0131kl\u0131k ve inkar edilemez bir l\u00fcks dokunu\u015fu katar.<\/p>\n<ul data-sourcepos=\"5:1-5:92\">\n<li data-sourcepos=\"5:1-5:92\">\n<p class=\"\" data-sourcepos=\"5:3-5:194\"><strong class=\"\">E\u015fsiz L\u00fcks:<\/strong> Hakiki 22 ayar alt\u0131n\u0131n b\u00fcy\u00fcleyici g\u00fczelli\u011fini deneyimleyin. Zenginli\u011fi ve s\u0131cak parlakl\u0131\u011f\u0131yla tan\u0131nan bu kolye, m\u00fccevher koleksiyonunuzun de\u011ferli bir par\u00e7as\u0131 olacak.<\/p>\n<\/li>\n<li data-sourcepos=\"9:1-10:0\">\n<p data-sourcepos=\"9:3-9:226\"><strong>Gurur Verici Uzunluk:<\/strong> 20 in\u00e7lik zincir \u00e7o\u011fu boyun \u00e7izgisini d\u00fczle\u015ftirir, bu da onu \u00e7e\u015fitli giyim tarzlar\u0131n\u0131 tamamlayan \u00e7ok y\u00f6nl\u00fc bir par\u00e7a haline getirir. \u00d6zel bir g\u00fcn i\u00e7in giydirin veya g\u00fcnl\u00fck g\u00f6r\u00fcn\u00fcm\u00fcn\u00fcze l\u00fcks bir dokunu\u015f kat\u0131n.<\/p>\n<\/li>\n<li data-sourcepos=\"11:1-11:134\"><strong>Zahmetsiz Hediyele\u015fme:<\/strong> Sevdi\u011finiz birini zamans\u0131z zarafeti ve kal\u0131c\u0131 kaliteyi temsil eden bir hediye ile \u015fa\u015f\u0131rt\u0131n. Armari Koleksiyonu <a href=\"https:\/\/www.purejewels.com\/tr\/product\/round-pendant-necklace-in-22ct-gold-45139\/\">22 Ayar Alt\u0131n Kolye Ucu Kolye<\/a> do\u011fum g\u00fcnleri, y\u0131ld\u00f6n\u00fcmleri, mezuniyetler i\u00e7in veya sadece \u00f6nemsedi\u011finiz birini g\u00f6stermek i\u00e7in m\u00fckemmel bir hediyedir.<\/li>\n<\/ul>\n<p data-sourcepos=\"15:1-15:144\"><strong>Trendlerin \u00f6tesine ge\u00e7en bir par\u00e7aya yat\u0131r\u0131m yap\u0131n. Armari Collection 22 ayar alt\u0131n kolye ucunuzu bug\u00fcn sipari\u015f edin ve l\u00fcks\u00fcn g\u00fczelli\u011fini ya\u015fay\u0131n.<\/strong><\/p>","protected":false},"excerpt":{"rendered":"<div class=\"woocommerce-product-details__short-description\">\n<div class=\"woocommerce-product-details__short-description\">\n<table class=\"sh_desc\">\n<tbody>\n<tr>\n<td>Kolye Tipi<\/td>\n<td>Mala Kolye<\/td>\n<\/tr>\n<tr>\n<td>SKU<\/td>\n<td>48571<\/td>\n<\/tr>\n<tr>\n<td>A\u011f\u0131rl\u0131k<\/td>\n<td>28 gram<\/td>\n<\/tr>\n<tr>\n<td>Uzunluk<\/td>\n<td>20 in\u00e7<\/td>\n<\/tr>\n<tr>\n<td>Metal<\/td>\n<td>22 Ayar Alt\u0131n<\/td>\n<\/tr>\n<tr>\n<td>\u00dccretler<\/td>\n<td>Teslimat ve KDV Dahil<\/td>\n<\/tr>\n<tr>\n<td>Paketleme<\/td>\n<td>Sunum Kutusu ile Birlikte Gelir<\/td>\n<\/tr>\n<tr>\n<td>Daha Fazla Bilgi<\/td>\n<td>M\u00fcsaitlik durumu ve daha fazla resim i\u00e7in bizimle canl\u0131 sohbet edin<\/td>\n<\/tr>\n<\/tbody>\n<\/table>\n<\/div>\n<div class=\"btn-atc atc-slide\"><\/div>\n<div class=\"product_meta\"><\/div>\n<\/div>\n<div class=\"btn-atc atc-slide\"><\/div>\n<div class=\"product_meta\"><\/div>","protected":false},"featured_media":364867,"comment_status":"closed","ping_status":"closed","template":"","meta":{"_eb_attr":"","_crsspst_to_jayantr4sg-hostcom":false},"product_brand":[],"product_cat":[1780,245,5643,236,1793,5701,1229,1573,1574],"product_tag":[],"class_list":{"0":"post-364866","1":"product","2":"type-product","3":"status-publish","4":"has-post-thumbnail","6":"product_cat-antique-style-necklaces","7":"product_cat-armari-collections","8":"product_cat-armari-necklace","9":"product_cat-collections","10":"product_cat-diwali-gifts","11":"product_cat-eid-jewellery","12":"product_cat-22ct-gold-jewellery","13":"product_cat-wedding-gifts","14":"product_cat-womens-jewellery","16":"first","17":"outofstock","18":"taxable","19":"shipping-taxable","20":"product-type-simple","21":"add-to-wishlist-before_image"},"yoast_head":"<!-- This site is optimized with the Yoast SEO plugin v27.3 - https:\/\/yoast.com\/product\/yoast-seo-wordpress\/ -->\n<title>Shop online Armari Collection 22ct Gold Pendant Necklace<\/title>\n<meta name=\"description\" content=\"Shop online for the Armari Collection 22ct Gold Pendant Necklace, 20 inches. This elegant piece combines timeless design with exceptional craftsmanship.\" \/>\n<meta name=\"robots\" content=\"index, follow, max-snippet:-1, max-image-preview:large, max-video-preview:-1\" \/>\n<link rel=\"canonical\" href=\"https:\/\/www.purejewels.com\/tr\/urun\/armari-collection-22-ayar-altin-kolye-ucu-48571\/\" \/>\n<meta property=\"og:locale\" content=\"tr_TR\" \/>\n<meta property=\"og:type\" content=\"article\" \/>\n<meta property=\"og:title\" content=\"Shop online Armari Collection 22ct Gold Pendant Necklace\" \/>\n<meta property=\"og:description\" content=\"Shop online for the Armari Collection 22ct Gold Pendant Necklace, 20 inches. This elegant piece combines timeless design with exceptional craftsmanship.\" \/>\n<meta property=\"og:url\" content=\"https:\/\/www.purejewels.com\/tr\/urun\/armari-collection-22-ayar-altin-kolye-ucu-48571\/\" \/>\n<meta property=\"og:site_name\" content=\"PureJewels UK\" \/>\n<meta property=\"article:modified_time\" content=\"2025-05-26T10:13:10+00:00\" \/>\n<meta property=\"og:image\" content=\"https:\/\/www.purejewels.com\/wp-content\/uploads\/2024\/06\/48571.png\" \/>\n\t<meta property=\"og:image:width\" content=\"1000\" \/>\n\t<meta property=\"og:image:height\" content=\"1000\" \/>\n\t<meta property=\"og:image:type\" content=\"image\/png\" \/>\n<meta name=\"twitter:card\" content=\"summary_large_image\" \/>\n<meta name=\"twitter:label1\" content=\"Tahmini okuma s\u00fcresi\" \/>\n\t<meta name=\"twitter:data1\" content=\"1 dakika\" \/>\n<script type=\"application\/ld+json\" class=\"yoast-schema-graph\">{\"@context\":\"https:\\\/\\\/schema.org\",\"@graph\":[{\"@type\":[\"WebPage\",\"ItemPage\"],\"@id\":\"https:\\\/\\\/www.purejewels.com\\\/product\\\/armari-collection-22ct-gold-pendant-necklace-48571\\\/\",\"url\":\"https:\\\/\\\/www.purejewels.com\\\/product\\\/armari-collection-22ct-gold-pendant-necklace-48571\\\/\",\"name\":\"Shop online Armari Collection 22ct Gold Pendant Necklace\",\"isPartOf\":{\"@id\":\"https:\\\/\\\/www.purejewels.com\\\/#website\"},\"primaryImageOfPage\":{\"@id\":\"https:\\\/\\\/www.purejewels.com\\\/product\\\/armari-collection-22ct-gold-pendant-necklace-48571\\\/#primaryimage\"},\"image\":{\"@id\":\"https:\\\/\\\/www.purejewels.com\\\/product\\\/armari-collection-22ct-gold-pendant-necklace-48571\\\/#primaryimage\"},\"thumbnailUrl\":\"https:\\\/\\\/static.purejewels.com\\\/wp-content\\\/uploads\\\/2024\\\/06\\\/48571.png\",\"datePublished\":\"2024-06-18T05:16:20+00:00\",\"dateModified\":\"2025-05-26T10:13:10+00:00\",\"description\":\"Shop online for the Armari Collection 22ct Gold Pendant Necklace, 20 inches. This elegant piece combines timeless design with exceptional craftsmanship.\",\"breadcrumb\":{\"@id\":\"https:\\\/\\\/www.purejewels.com\\\/product\\\/armari-collection-22ct-gold-pendant-necklace-48571\\\/#breadcrumb\"},\"inLanguage\":\"tr\",\"potentialAction\":[{\"@type\":\"ReadAction\",\"target\":[\"https:\\\/\\\/www.purejewels.com\\\/product\\\/armari-collection-22ct-gold-pendant-necklace-48571\\\/\"]}]},{\"@type\":\"ImageObject\",\"inLanguage\":\"tr\",\"@id\":\"https:\\\/\\\/www.purejewels.com\\\/product\\\/armari-collection-22ct-gold-pendant-necklace-48571\\\/#primaryimage\",\"url\":\"https:\\\/\\\/static.purejewels.com\\\/wp-content\\\/uploads\\\/2024\\\/06\\\/48571.png\",\"contentUrl\":\"https:\\\/\\\/static.purejewels.com\\\/wp-content\\\/uploads\\\/2024\\\/06\\\/48571.png\",\"width\":1000,\"height\":1000,\"caption\":\"22ct Gold Necklace\"},{\"@type\":\"BreadcrumbList\",\"@id\":\"https:\\\/\\\/www.purejewels.com\\\/product\\\/armari-collection-22ct-gold-pendant-necklace-48571\\\/#breadcrumb\",\"itemListElement\":[{\"@type\":\"ListItem\",\"position\":1,\"name\":\"Home\",\"item\":\"https:\\\/\\\/www.purejewels.com\\\/\"},{\"@type\":\"ListItem\",\"position\":2,\"name\":\"Shop\",\"item\":\"https:\\\/\\\/www.purejewels.com\\\/shop\\\/\"},{\"@type\":\"ListItem\",\"position\":3,\"name\":\"Armari Collection 22ct Gold Pendant Necklace | 20 Inches\"}]},{\"@type\":\"WebSite\",\"@id\":\"https:\\\/\\\/www.purejewels.com\\\/#website\",\"url\":\"https:\\\/\\\/www.purejewels.com\\\/\",\"name\":\"PureJewels UK\",\"description\":\"Share the Love\",\"publisher\":{\"@id\":\"https:\\\/\\\/www.purejewels.com\\\/#organization\"},\"potentialAction\":[{\"@type\":\"SearchAction\",\"target\":{\"@type\":\"EntryPoint\",\"urlTemplate\":\"https:\\\/\\\/www.purejewels.com\\\/?s={search_term_string}\"},\"query-input\":{\"@type\":\"PropertyValueSpecification\",\"valueRequired\":true,\"valueName\":\"search_term_string\"}}],\"inLanguage\":\"tr\"},{\"@type\":\"Organization\",\"@id\":\"https:\\\/\\\/www.purejewels.com\\\/#organization\",\"name\":\"PureJewels UK\",\"url\":\"https:\\\/\\\/www.purejewels.com\\\/\",\"logo\":{\"@type\":\"ImageObject\",\"inLanguage\":\"tr\",\"@id\":\"https:\\\/\\\/www.purejewels.com\\\/#\\\/schema\\\/logo\\\/image\\\/\",\"url\":\"https:\\\/\\\/static.purejewels.com\\\/wp-content\\\/uploads\\\/2020\\\/11\\\/Logo-PJ-New-1.png\",\"contentUrl\":\"https:\\\/\\\/static.purejewels.com\\\/wp-content\\\/uploads\\\/2020\\\/11\\\/Logo-PJ-New-1.png\",\"width\":150,\"height\":80,\"caption\":\"PureJewels UK\"},\"image\":{\"@id\":\"https:\\\/\\\/www.purejewels.com\\\/#\\\/schema\\\/logo\\\/image\\\/\"}}]}<\/script>\n<!-- \/ Yoast SEO plugin. -->","yoast_head_json":{"title":"Online al\u0131\u015fveri\u015f Armari Collection 22 ayar alt\u0131n kolye ucu","description":"Armari Collection 22 Ayar Alt\u0131n Kolye Ucu Kolye, 20 in\u00e7 i\u00e7in online al\u0131\u015fveri\u015f yap\u0131n. Bu zarif par\u00e7a, zamans\u0131z tasar\u0131m\u0131 ola\u011fan\u00fcst\u00fc i\u015f\u00e7ilikle birle\u015ftiriyor.","robots":{"index":"index","follow":"follow","max-snippet":"max-snippet:-1","max-image-preview":"max-image-preview:large","max-video-preview":"max-video-preview:-1"},"canonical":"https:\/\/www.purejewels.com\/tr\/urun\/armari-collection-22-ayar-altin-kolye-ucu-48571\/","og_locale":"tr_TR","og_type":"article","og_title":"Shop online Armari Collection 22ct Gold Pendant Necklace","og_description":"Shop online for the Armari Collection 22ct Gold Pendant Necklace, 20 inches. This elegant piece combines timeless design with exceptional craftsmanship.","og_url":"https:\/\/www.purejewels.com\/tr\/urun\/armari-collection-22-ayar-altin-kolye-ucu-48571\/","og_site_name":"PureJewels UK","article_modified_time":"2025-05-26T10:13:10+00:00","og_image":[{"width":1000,"height":1000,"url":"https:\/\/www.purejewels.com\/wp-content\/uploads\/2024\/06\/48571.png","type":"image\/png"}],"twitter_card":"summary_large_image","twitter_misc":{"Tahmini okuma s\u00fcresi":"1 dakika"},"schema":{"@context":"https:\/\/schema.org","@graph":[{"@type":["WebPage","ItemPage"],"@id":"https:\/\/www.purejewels.com\/product\/armari-collection-22ct-gold-pendant-necklace-48571\/","url":"https:\/\/www.purejewels.com\/product\/armari-collection-22ct-gold-pendant-necklace-48571\/","name":"Online al\u0131\u015fveri\u015f Armari Collection 22 ayar alt\u0131n kolye ucu","isPartOf":{"@id":"https:\/\/www.purejewels.com\/#website"},"primaryImageOfPage":{"@id":"https:\/\/www.purejewels.com\/product\/armari-collection-22ct-gold-pendant-necklace-48571\/#primaryimage"},"image":{"@id":"https:\/\/www.purejewels.com\/product\/armari-collection-22ct-gold-pendant-necklace-48571\/#primaryimage"},"thumbnailUrl":"https:\/\/static.purejewels.com\/wp-content\/uploads\/2024\/06\/48571.png","datePublished":"2024-06-18T05:16:20+00:00","dateModified":"2025-05-26T10:13:10+00:00","description":"Armari Collection 22 Ayar Alt\u0131n Kolye Ucu Kolye, 20 in\u00e7 i\u00e7in online al\u0131\u015fveri\u015f yap\u0131n. Bu zarif par\u00e7a, zamans\u0131z tasar\u0131m\u0131 ola\u011fan\u00fcst\u00fc i\u015f\u00e7ilikle birle\u015ftiriyor.","breadcrumb":{"@id":"https:\/\/www.purejewels.com\/product\/armari-collection-22ct-gold-pendant-necklace-48571\/#breadcrumb"},"inLanguage":"tr","potentialAction":[{"@type":"ReadAction","target":["https:\/\/www.purejewels.com\/product\/armari-collection-22ct-gold-pendant-necklace-48571\/"]}]},{"@type":"ImageObject","inLanguage":"tr","@id":"https:\/\/www.purejewels.com\/product\/armari-collection-22ct-gold-pendant-necklace-48571\/#primaryimage","url":"https:\/\/static.purejewels.com\/wp-content\/uploads\/2024\/06\/48571.png","contentUrl":"https:\/\/static.purejewels.com\/wp-content\/uploads\/2024\/06\/48571.png","width":1000,"height":1000,"caption":"22ct Gold Necklace"},{"@type":"BreadcrumbList","@id":"https:\/\/www.purejewels.com\/product\/armari-collection-22ct-gold-pendant-necklace-48571\/#breadcrumb","itemListElement":[{"@type":"ListItem","position":1,"name":"Home","item":"https:\/\/www.purejewels.com\/"},{"@type":"ListItem","position":2,"name":"Shop","item":"https:\/\/www.purejewels.com\/shop\/"},{"@type":"ListItem","position":3,"name":"Armari Collection 22ct Gold Pendant Necklace | 20 Inches"}]},{"@type":"WebSite","@id":"https:\/\/www.purejewels.com\/#website","url":"https:\/\/www.purejewels.com\/","name":"PureJewels \u0130ngiltere","description":"Sevgiyi Payla\u015f\u0131n","publisher":{"@id":"https:\/\/www.purejewels.com\/#organization"},"potentialAction":[{"@type":"SearchAction","target":{"@type":"EntryPoint","urlTemplate":"https:\/\/www.purejewels.com\/?s={search_term_string}"},"query-input":{"@type":"PropertyValueSpecification","valueRequired":true,"valueName":"search_term_string"}}],"inLanguage":"tr"},{"@type":"Organization","@id":"https:\/\/www.purejewels.com\/#organization","name":"PureJewels \u0130ngiltere","url":"https:\/\/www.purejewels.com\/","logo":{"@type":"ImageObject","inLanguage":"tr","@id":"https:\/\/www.purejewels.com\/#\/schema\/logo\/image\/","url":"https:\/\/static.purejewels.com\/wp-content\/uploads\/2020\/11\/Logo-PJ-New-1.png","contentUrl":"https:\/\/static.purejewels.com\/wp-content\/uploads\/2020\/11\/Logo-PJ-New-1.png","width":150,"height":80,"caption":"PureJewels UK"},"image":{"@id":"https:\/\/www.purejewels.com\/#\/schema\/logo\/image\/"}}]}},"_links":{"self":[{"href":"https:\/\/www.purejewels.com\/tr\/wp-json\/wp\/v2\/product\/364866","targetHints":{"allow":["GET"]}}],"collection":[{"href":"https:\/\/www.purejewels.com\/tr\/wp-json\/wp\/v2\/product"}],"about":[{"href":"https:\/\/www.purejewels.com\/tr\/wp-json\/wp\/v2\/types\/product"}],"replies":[{"embeddable":true,"href":"https:\/\/www.purejewels.com\/tr\/wp-json\/wp\/v2\/comments?post=364866"}],"version-history":[{"count":2,"href":"https:\/\/www.purejewels.com\/tr\/wp-json\/wp\/v2\/product\/364866\/revisions"}],"predecessor-version":[{"id":364875,"href":"https:\/\/www.purejewels.com\/tr\/wp-json\/wp\/v2\/product\/364866\/revisions\/364875"}],"wp:featuredmedia":[{"embeddable":true,"href":"https:\/\/www.purejewels.com\/tr\/wp-json\/wp\/v2\/media\/364867"}],"wp:attachment":[{"href":"https:\/\/www.purejewels.com\/tr\/wp-json\/wp\/v2\/media?parent=364866"}],"wp:term":[{"taxonomy":"product_brand","embeddable":true,"href":"https:\/\/www.purejewels.com\/tr\/wp-json\/wp\/v2\/product_brand?post=364866"},{"taxonomy":"product_cat","embeddable":true,"href":"https:\/\/www.purejewels.com\/tr\/wp-json\/wp\/v2\/product_cat?post=364866"},{"taxonomy":"product_tag","embeddable":true,"href":"https:\/\/www.purejewels.com\/tr\/wp-json\/wp\/v2\/product_tag?post=364866"}],"curies":[{"name":"wp","href":"https:\/\/api.w.org\/{rel}","templated":true}]}}