{"id":364877,"date":"2024-06-18T07:21:21","date_gmt":"2024-06-18T06:21:21","guid":{"rendered":"https:\/\/www.purejewels.com\/?post_type=product&#038;p=364877"},"modified":"2026-01-22T05:42:54","modified_gmt":"2026-01-22T05:42:54","slug":"armari-collection-22-ayar-altin-kokteyl-yuzugu-48575","status":"publish","type":"product","link":"https:\/\/www.purejewels.com\/tr\/product\/armari-collection-22ct-gold-cocktail-ring-48575\/","title":{"rendered":"Armari Koleksiyonu 22 Ayar Alt\u0131n Kokteyl Y\u00fcz\u00fck | Ayarlanabilir Boyut"},"content":{"rendered":"<p>Tan\u0131t\u0131m\u0131 <a href=\"https:\/\/www.purejewels.com\/tr\/product\/22ct-gold-armari-collection-stud-antique-finish-49172\/\">Armari Koleksiyonu<\/a> <a href=\"https:\/\/www.purejewels.com\/tr\/product\/22ct-gold-jali-filigree-ring-jali-collection-31926\/\">22ct<\/a> Alt\u0131n <a href=\"https:\/\/www.purejewels.com\/tr\/product\/22ct-gold-cocktail-adjustable-ring-46364\/\">Kokteyl Y\u00fcz\u00fc\u011f\u00fc<\/a>zamans\u0131z \u015f\u0131kl\u0131\u011f\u0131 modern tasar\u0131mla zahmetsizce birle\u015ftiren zarif bir par\u00e7a. Birinci s\u0131n\u0131f malzemeden <a href=\"https:\/\/www.purejewels.com\/tr\/product\/holy-cross-gold-pendant-44713\/\">22 ayar alt\u0131n<\/a>Bu \u00e7arp\u0131c\u0131 y\u00fcz\u00fck, sofistike ve l\u00fcks\u00fc yans\u0131tan karma\u015f\u0131k bir tasar\u0131ma sahiptir.<\/p>\n<p>Ayarlanabilir boyutu her parma\u011fa m\u00fckemmel uyum sa\u011flayarak hem konfor hem de \u00e7ok y\u00f6nl\u00fcl\u00fck sunar. Bu sayede ister g\u00f6z al\u0131c\u0131 bir ak\u015fam i\u00e7in giyiniyor olun, ister g\u00fcnl\u00fck g\u00f6r\u00fcn\u00fcm\u00fcn\u00fcze \u015f\u0131k bir dokunu\u015f kat\u0131yor olun, her durum i\u00e7in ideal bir aksesuard\u0131r.<\/p>\n<p>Armari Koleksiyonu ola\u011fan\u00fcst\u00fc tasar\u0131mlar\u0131yla \u00fcnl\u00fcd\u00fcr. <a href=\"https:\/\/www.purejewels.com\/tr\/a-guide-to-die-stamping\/\">zanaatkarl\u0131k<\/a>ve bu kokteyl y\u00fcz\u00fc\u011f\u00fc de bir istisna de\u011fildir. Karma\u015f\u0131k detaylar ve y\u00fcksek kaliteli kaplama, her par\u00e7aya harcanan sanat\u0131 ve \u00f6zveriyi sergileyerek bu y\u00fcz\u00fc\u011f\u00fcn m\u00fccevher koleksiyonunuza de\u011ferli bir katk\u0131 olmas\u0131n\u0131 sa\u011flar.<\/p>\n<p>Zarif bir m\u00fccevher kutusu i\u00e7inde sunulan 22ct <a href=\"https:\/\/www.purejewels.com\/tr\/product\/22ct-gold-cocktail-adjustable-armari-collection-ring-46747\/\">Alt\u0131n Kokteyl Y\u00fcz\u00fc\u011f\u00fc<\/a> Armari Koleksiyonu'ndan sevdikleriniz i\u00e7in m\u00fckemmel bir hediye veya kendiniz i\u00e7in l\u00fcks bir ikramd\u0131r. Bu g\u00fczel y\u00fcz\u00fckle tarz\u0131n\u0131z\u0131 y\u00fckseltin ve her k\u0131yafete getirdi\u011fi klasik g\u00fczellik ve \u00e7a\u011fda\u015f cazibe kar\u0131\u015f\u0131m\u0131n\u0131n tad\u0131n\u0131 \u00e7\u0131kar\u0131n.<\/p>","protected":false},"excerpt":{"rendered":"<table style=\"border-collapse: collapse; width: 100%; height: 196px;\">\n<tbody>\n<tr style=\"height: 28px;\">\n<td style=\"width: 28.1667%; height: 28px;\">Y\u00fcz\u00fck Tipi<\/td>\n<td style=\"width: 71.8333%; height: 28px;\">22 Ayar Alt\u0131n Bayan Y\u00fcz\u00fck<\/td>\n<\/tr>\n<tr style=\"height: 28px;\">\n<td style=\"width: 28.1667%; height: 28px;\">SKU<\/td>\n<td style=\"width: 71.8333%; height: 28px;\">48575<\/td>\n<\/tr>\n<tr style=\"height: 28px;\">\n<td style=\"width: 28.1667%; height: 28px;\">A\u011f\u0131rl\u0131k<\/td>\n<td style=\"width: 71.8333%; height: 28px;\">6,7 gms<\/td>\n<\/tr>\n<tr style=\"height: 28px;\">\n<td style=\"width: 28.1667%; height: 28px;\">Geni\u015flik<\/td>\n<td style=\"width: 71.8333%; height: 28px;\">24 mm<\/td>\n<\/tr>\n<tr style=\"height: 28px;\">\n<td style=\"width: 28.1667%; height: 28px;\">Y\u00fcz\u00fck \u00d6l\u00e7\u00fcs\u00fc<\/td>\n<td style=\"width: 71.8333%; height: 28px;\">Ayarlanabilir<\/td>\n<\/tr>\n<tr style=\"height: 28px;\">\n<td style=\"width: 28.1667%; height: 28px;\">\u00dccretler<\/td>\n<td style=\"width: 71.8333%; height: 28px;\">Teslimat ve KDV Dahil<\/td>\n<\/tr>\n<tr style=\"height: 28px;\">\n<td style=\"width: 28.1667%; height: 28px;\">Paketleme<\/td>\n<td style=\"width: 71.8333%; height: 28px;\">Sunum Kutusu ile Birlikte Gelir<\/td>\n<\/tr>\n<tr>\n<td style=\"width: 28.1667%;\">Daha Fazla Bilgi<\/td>\n<td style=\"width: 71.8333%;\">\n<ul>\n<li>M\u00fccevherler i\u00e7in diwali hediye fikirleri i\u00e7in kullan\u0131labilirlik ve daha fazla resim i\u00e7in bizimle canl\u0131 sohbet edin<\/li>\n<li>Kontrol Etmek \u0130\u00e7in Buraya T\u0131klay\u0131n\u00a0<strong>Y\u00fcz\u00fck \u00d6l\u00e7\u00fcs\u00fc<\/strong><\/li>\n<\/ul>\n<\/td>\n<\/tr>\n<\/tbody>\n<\/table>\n<p>&nbsp;<\/p>","protected":false},"featured_media":364878,"comment_status":"closed","ping_status":"closed","template":"","meta":{"_eb_attr":"","_crsspst_to_jayantr4sg-hostcom":false},"product_brand":[],"product_cat":[1791,6159,245,5642,236,1793,5701,5370,1229,1235,1783,1570,1786,1573,1574],"product_tag":[1430,64],"class_list":{"0":"post-364877","1":"product","2":"type-product","3":"status-publish","4":"has-post-thumbnail","6":"product_cat-anniversary-gifts","7":"product_cat-armari-cocktail-ring","8":"product_cat-armari-collections","9":"product_cat-armari-ring","10":"product_cat-collections","11":"product_cat-diwali-gifts","12":"product_cat-eid-jewellery","13":"product_cat-ethnic-jewellery","14":"product_cat-22ct-gold-jewellery","15":"product_cat-gold-rings","16":"product_cat-ladies-rings","17":"product_cat-mothers-day-gifts","18":"product_cat-occasional-wear-rings","19":"product_cat-wedding-gifts","20":"product_cat-womens-jewellery","21":"product_tag-diwali-gift","22":"product_tag-rings","24":"first","25":"outofstock","26":"taxable","27":"shipping-taxable","28":"product-type-simple","29":"add-to-wishlist-before_image"},"yoast_head":"<!-- This site is optimized with the Yoast SEO plugin v27.5 - https:\/\/yoast.com\/product\/yoast-seo-wordpress\/ -->\n<title>Shop Armari Collection 22ct Gold Cocktail Ring | Adjustable Size<\/title>\n<meta name=\"description\" content=\"Shop the Armari Collection&#039;s 22ct Gold Cocktail Ring with adjustable size. This exquisite ring combines timeless elegance with modern design.\" \/>\n<meta name=\"robots\" content=\"index, follow, max-snippet:-1, max-image-preview:large, max-video-preview:-1\" \/>\n<link rel=\"canonical\" href=\"https:\/\/www.purejewels.com\/tr\/urun\/armari-collection-22-ayar-altin-kokteyl-yuzugu-48575\/\" \/>\n<meta property=\"og:locale\" content=\"tr_TR\" \/>\n<meta property=\"og:type\" content=\"article\" \/>\n<meta property=\"og:title\" content=\"Shop Armari Collection 22ct Gold Cocktail Ring | Adjustable Size\" \/>\n<meta property=\"og:description\" content=\"Shop the Armari Collection&#039;s 22ct Gold Cocktail Ring with adjustable size. This exquisite ring combines timeless elegance with modern design.\" \/>\n<meta property=\"og:url\" content=\"https:\/\/www.purejewels.com\/tr\/urun\/armari-collection-22-ayar-altin-kokteyl-yuzugu-48575\/\" \/>\n<meta property=\"og:site_name\" content=\"PureJewels UK\" \/>\n<meta property=\"article:modified_time\" content=\"2026-01-22T05:42:54+00:00\" \/>\n<meta property=\"og:image\" content=\"https:\/\/static.purejewels.com\/wp-content\/uploads\/2024\/06\/48575.png\" \/>\n\t<meta property=\"og:image:width\" content=\"1000\" \/>\n\t<meta property=\"og:image:height\" content=\"1000\" \/>\n\t<meta property=\"og:image:type\" content=\"image\/png\" \/>\n<meta name=\"twitter:card\" content=\"summary_large_image\" \/>\n<meta name=\"twitter:label1\" content=\"Tahmini okuma s\u00fcresi\" \/>\n\t<meta name=\"twitter:data1\" content=\"1 dakika\" \/>\n<script type=\"application\/ld+json\" class=\"yoast-schema-graph\">{\"@context\":\"https:\\\/\\\/schema.org\",\"@graph\":[{\"@type\":[\"WebPage\",\"ItemPage\"],\"@id\":\"https:\\\/\\\/www.purejewels.com\\\/product\\\/armari-collection-22ct-gold-cocktail-ring-48575\\\/\",\"url\":\"https:\\\/\\\/www.purejewels.com\\\/product\\\/armari-collection-22ct-gold-cocktail-ring-48575\\\/\",\"name\":\"Shop Armari Collection 22ct Gold Cocktail Ring | Adjustable Size\",\"isPartOf\":{\"@id\":\"https:\\\/\\\/www.purejewels.com\\\/#website\"},\"primaryImageOfPage\":{\"@id\":\"https:\\\/\\\/www.purejewels.com\\\/product\\\/armari-collection-22ct-gold-cocktail-ring-48575\\\/#primaryimage\"},\"image\":{\"@id\":\"https:\\\/\\\/www.purejewels.com\\\/product\\\/armari-collection-22ct-gold-cocktail-ring-48575\\\/#primaryimage\"},\"thumbnailUrl\":\"https:\\\/\\\/static.purejewels.com\\\/wp-content\\\/uploads\\\/2024\\\/06\\\/48575.png\",\"datePublished\":\"2024-06-18T06:21:21+00:00\",\"dateModified\":\"2026-01-22T05:42:54+00:00\",\"description\":\"Shop the Armari Collection's 22ct Gold Cocktail Ring with adjustable size. This exquisite ring combines timeless elegance with modern design.\",\"breadcrumb\":{\"@id\":\"https:\\\/\\\/www.purejewels.com\\\/product\\\/armari-collection-22ct-gold-cocktail-ring-48575\\\/#breadcrumb\"},\"inLanguage\":\"tr\",\"potentialAction\":[{\"@type\":\"ReadAction\",\"target\":[\"https:\\\/\\\/www.purejewels.com\\\/product\\\/armari-collection-22ct-gold-cocktail-ring-48575\\\/\"]}]},{\"@type\":\"ImageObject\",\"inLanguage\":\"tr\",\"@id\":\"https:\\\/\\\/www.purejewels.com\\\/product\\\/armari-collection-22ct-gold-cocktail-ring-48575\\\/#primaryimage\",\"url\":\"https:\\\/\\\/static.purejewels.com\\\/wp-content\\\/uploads\\\/2024\\\/06\\\/48575.png\",\"contentUrl\":\"https:\\\/\\\/static.purejewels.com\\\/wp-content\\\/uploads\\\/2024\\\/06\\\/48575.png\",\"width\":1000,\"height\":1000,\"caption\":\"22ct Gold Ring\"},{\"@type\":\"BreadcrumbList\",\"@id\":\"https:\\\/\\\/www.purejewels.com\\\/product\\\/armari-collection-22ct-gold-cocktail-ring-48575\\\/#breadcrumb\",\"itemListElement\":[{\"@type\":\"ListItem\",\"position\":1,\"name\":\"Home\",\"item\":\"https:\\\/\\\/www.purejewels.com\\\/\"},{\"@type\":\"ListItem\",\"position\":2,\"name\":\"Shop\",\"item\":\"https:\\\/\\\/www.purejewels.com\\\/shop\\\/\"},{\"@type\":\"ListItem\",\"position\":3,\"name\":\"Armari Collection 22ct Gold Cocktail Ring | Adjustable Size\"}]},{\"@type\":\"WebSite\",\"@id\":\"https:\\\/\\\/www.purejewels.com\\\/#website\",\"url\":\"https:\\\/\\\/www.purejewels.com\\\/\",\"name\":\"PureJewels UK\",\"description\":\"Share the Love\",\"publisher\":{\"@id\":\"https:\\\/\\\/www.purejewels.com\\\/#organization\"},\"potentialAction\":[{\"@type\":\"SearchAction\",\"target\":{\"@type\":\"EntryPoint\",\"urlTemplate\":\"https:\\\/\\\/www.purejewels.com\\\/?s={search_term_string}\"},\"query-input\":{\"@type\":\"PropertyValueSpecification\",\"valueRequired\":true,\"valueName\":\"search_term_string\"}}],\"inLanguage\":\"tr\"},{\"@type\":\"Organization\",\"@id\":\"https:\\\/\\\/www.purejewels.com\\\/#organization\",\"name\":\"PureJewels UK\",\"url\":\"https:\\\/\\\/www.purejewels.com\\\/\",\"logo\":{\"@type\":\"ImageObject\",\"inLanguage\":\"tr\",\"@id\":\"https:\\\/\\\/www.purejewels.com\\\/#\\\/schema\\\/logo\\\/image\\\/\",\"url\":\"https:\\\/\\\/static.purejewels.com\\\/wp-content\\\/uploads\\\/2020\\\/11\\\/Logo-PJ-New-1.png\",\"contentUrl\":\"https:\\\/\\\/static.purejewels.com\\\/wp-content\\\/uploads\\\/2020\\\/11\\\/Logo-PJ-New-1.png\",\"width\":150,\"height\":80,\"caption\":\"PureJewels UK\"},\"image\":{\"@id\":\"https:\\\/\\\/www.purejewels.com\\\/#\\\/schema\\\/logo\\\/image\\\/\"}}]}<\/script>\n<!-- \/ Yoast SEO plugin. -->","yoast_head_json":{"title":"Armari Koleksiyonu 22 Ayar Alt\u0131n Kokteyl Y\u00fcz\u00fck | Ayarlanabilir Boy Al\u0131\u015fveri\u015fi","description":"Armari Collection'\u0131n ayarlanabilir \u00f6l\u00e7\u00fcl\u00fc 22 ayar alt\u0131n kokteyl y\u00fcz\u00fc\u011f\u00fcn\u00fc sat\u0131n al\u0131n. Bu zarif y\u00fcz\u00fck, zamans\u0131z \u015f\u0131kl\u0131\u011f\u0131 modern tasar\u0131mla birle\u015ftiriyor.","robots":{"index":"index","follow":"follow","max-snippet":"max-snippet:-1","max-image-preview":"max-image-preview:large","max-video-preview":"max-video-preview:-1"},"canonical":"https:\/\/www.purejewels.com\/tr\/urun\/armari-collection-22-ayar-altin-kokteyl-yuzugu-48575\/","og_locale":"tr_TR","og_type":"article","og_title":"Shop Armari Collection 22ct Gold Cocktail Ring | Adjustable Size","og_description":"Shop the Armari Collection's 22ct Gold Cocktail Ring with adjustable size. This exquisite ring combines timeless elegance with modern design.","og_url":"https:\/\/www.purejewels.com\/tr\/urun\/armari-collection-22-ayar-altin-kokteyl-yuzugu-48575\/","og_site_name":"PureJewels UK","article_modified_time":"2026-01-22T05:42:54+00:00","og_image":[{"width":1000,"height":1000,"url":"https:\/\/static.purejewels.com\/wp-content\/uploads\/2024\/06\/48575.png","type":"image\/png"}],"twitter_card":"summary_large_image","twitter_misc":{"Tahmini okuma s\u00fcresi":"1 dakika"},"schema":{"@context":"https:\/\/schema.org","@graph":[{"@type":["WebPage","ItemPage"],"@id":"https:\/\/www.purejewels.com\/product\/armari-collection-22ct-gold-cocktail-ring-48575\/","url":"https:\/\/www.purejewels.com\/product\/armari-collection-22ct-gold-cocktail-ring-48575\/","name":"Armari Koleksiyonu 22 Ayar Alt\u0131n Kokteyl Y\u00fcz\u00fck | Ayarlanabilir Boy Al\u0131\u015fveri\u015fi","isPartOf":{"@id":"https:\/\/www.purejewels.com\/#website"},"primaryImageOfPage":{"@id":"https:\/\/www.purejewels.com\/product\/armari-collection-22ct-gold-cocktail-ring-48575\/#primaryimage"},"image":{"@id":"https:\/\/www.purejewels.com\/product\/armari-collection-22ct-gold-cocktail-ring-48575\/#primaryimage"},"thumbnailUrl":"https:\/\/static.purejewels.com\/wp-content\/uploads\/2024\/06\/48575.png","datePublished":"2024-06-18T06:21:21+00:00","dateModified":"2026-01-22T05:42:54+00:00","description":"Armari Collection'\u0131n ayarlanabilir \u00f6l\u00e7\u00fcl\u00fc 22 ayar alt\u0131n kokteyl y\u00fcz\u00fc\u011f\u00fcn\u00fc sat\u0131n al\u0131n. Bu zarif y\u00fcz\u00fck, zamans\u0131z \u015f\u0131kl\u0131\u011f\u0131 modern tasar\u0131mla birle\u015ftiriyor.","breadcrumb":{"@id":"https:\/\/www.purejewels.com\/product\/armari-collection-22ct-gold-cocktail-ring-48575\/#breadcrumb"},"inLanguage":"tr","potentialAction":[{"@type":"ReadAction","target":["https:\/\/www.purejewels.com\/product\/armari-collection-22ct-gold-cocktail-ring-48575\/"]}]},{"@type":"ImageObject","inLanguage":"tr","@id":"https:\/\/www.purejewels.com\/product\/armari-collection-22ct-gold-cocktail-ring-48575\/#primaryimage","url":"https:\/\/static.purejewels.com\/wp-content\/uploads\/2024\/06\/48575.png","contentUrl":"https:\/\/static.purejewels.com\/wp-content\/uploads\/2024\/06\/48575.png","width":1000,"height":1000,"caption":"22ct Gold Ring"},{"@type":"BreadcrumbList","@id":"https:\/\/www.purejewels.com\/product\/armari-collection-22ct-gold-cocktail-ring-48575\/#breadcrumb","itemListElement":[{"@type":"ListItem","position":1,"name":"Home","item":"https:\/\/www.purejewels.com\/"},{"@type":"ListItem","position":2,"name":"Shop","item":"https:\/\/www.purejewels.com\/shop\/"},{"@type":"ListItem","position":3,"name":"Armari Collection 22ct Gold Cocktail Ring | Adjustable Size"}]},{"@type":"WebSite","@id":"https:\/\/www.purejewels.com\/#website","url":"https:\/\/www.purejewels.com\/","name":"PureJewels \u0130ngiltere","description":"Sevgiyi Payla\u015f\u0131n","publisher":{"@id":"https:\/\/www.purejewels.com\/#organization"},"potentialAction":[{"@type":"SearchAction","target":{"@type":"EntryPoint","urlTemplate":"https:\/\/www.purejewels.com\/?s={search_term_string}"},"query-input":{"@type":"PropertyValueSpecification","valueRequired":true,"valueName":"search_term_string"}}],"inLanguage":"tr"},{"@type":"Organization","@id":"https:\/\/www.purejewels.com\/#organization","name":"PureJewels \u0130ngiltere","url":"https:\/\/www.purejewels.com\/","logo":{"@type":"ImageObject","inLanguage":"tr","@id":"https:\/\/www.purejewels.com\/#\/schema\/logo\/image\/","url":"https:\/\/static.purejewels.com\/wp-content\/uploads\/2020\/11\/Logo-PJ-New-1.png","contentUrl":"https:\/\/static.purejewels.com\/wp-content\/uploads\/2020\/11\/Logo-PJ-New-1.png","width":150,"height":80,"caption":"PureJewels UK"},"image":{"@id":"https:\/\/www.purejewels.com\/#\/schema\/logo\/image\/"}}]}},"_links":{"self":[{"href":"https:\/\/www.purejewels.com\/tr\/wp-json\/wp\/v2\/product\/364877","targetHints":{"allow":["GET"]}}],"collection":[{"href":"https:\/\/www.purejewels.com\/tr\/wp-json\/wp\/v2\/product"}],"about":[{"href":"https:\/\/www.purejewels.com\/tr\/wp-json\/wp\/v2\/types\/product"}],"replies":[{"embeddable":true,"href":"https:\/\/www.purejewels.com\/tr\/wp-json\/wp\/v2\/comments?post=364877"}],"version-history":[{"count":3,"href":"https:\/\/www.purejewels.com\/tr\/wp-json\/wp\/v2\/product\/364877\/revisions"}],"predecessor-version":[{"id":414518,"href":"https:\/\/www.purejewels.com\/tr\/wp-json\/wp\/v2\/product\/364877\/revisions\/414518"}],"wp:featuredmedia":[{"embeddable":true,"href":"https:\/\/www.purejewels.com\/tr\/wp-json\/wp\/v2\/media\/364878"}],"wp:attachment":[{"href":"https:\/\/www.purejewels.com\/tr\/wp-json\/wp\/v2\/media?parent=364877"}],"wp:term":[{"taxonomy":"product_brand","embeddable":true,"href":"https:\/\/www.purejewels.com\/tr\/wp-json\/wp\/v2\/product_brand?post=364877"},{"taxonomy":"product_cat","embeddable":true,"href":"https:\/\/www.purejewels.com\/tr\/wp-json\/wp\/v2\/product_cat?post=364877"},{"taxonomy":"product_tag","embeddable":true,"href":"https:\/\/www.purejewels.com\/tr\/wp-json\/wp\/v2\/product_tag?post=364877"}],"curies":[{"name":"wp","href":"https:\/\/api.w.org\/{rel}","templated":true}]}}