{"id":364915,"date":"2024-06-19T05:59:02","date_gmt":"2024-06-19T04:59:02","guid":{"rendered":"https:\/\/www.purejewels.com\/?post_type=product&#038;p=364915"},"modified":"2025-05-24T08:53:32","modified_gmt":"2025-05-24T07:53:32","slug":"mavi-safirli-22-ayar-gundogumu-altin-yuzuk-48509","status":"publish","type":"product","link":"https:\/\/www.purejewels.com\/tr\/product\/22ct-sunrise-gold-ring-with-blue-sapphire-48509\/","title":{"rendered":"Solo Mavi Safir Y\u00fcz\u00fck"},"content":{"rendered":"<h4>Zamans\u0131z \u015e\u0131kl\u0131\u011f\u0131 L\u00fcks Dokunu\u015flarla Deneyimleyin<\/h4>\n<p>Kendinizi otelimizin enfes g\u00fczelli\u011fine b\u0131rak\u0131n <a href=\"https:\/\/www.purejewels.com\/tr\/product\/22ct-gold-jali-filigree-ring-jali-collection-31926\/\">22ct<\/a> G\u00fcndo\u011fumu <a href=\"https:\/\/www.purejewels.com\/tr\/product\/22-carat-gold-ring-size-o-46768\/\">Alt\u0131n Y\u00fcz\u00fck<\/a> Mavi Safir ile. Bu \u00e7arp\u0131c\u0131 par\u00e7a 22 ayar alt\u0131ndan titizlikle \u00fcretilmi\u015ftir ve hem zarafeti hem de sofistikeli\u011fi temsil eden l\u00fcks bir \u0131\u015f\u0131lt\u0131 yayar. G\u00fcn Do\u011fumu Alt\u0131n kaplama, benzersiz ve modern bir dokunu\u015f katarak bu y\u00fcz\u00fc\u011f\u00fc her m\u00fccevher koleksiyonuna \u00e7arp\u0131c\u0131 bir eklenti haline getirir.<\/p>\n<h4>B\u00fcy\u00fcleyici Mavi Safir<\/h4>\n<p>Bu muhte\u015fem y\u00fcz\u00fc\u011f\u00fcn merkezinde zengin, derin rengi ve ola\u011fan\u00fcst\u00fc berrakl\u0131\u011f\u0131yla bilinen \u00e7arp\u0131c\u0131 bir mavi safir yer al\u0131yor. Safir, do\u011fal parlakl\u0131\u011f\u0131n\u0131 art\u0131rmak i\u00e7in ustal\u0131kla kesilmi\u015ftir ve her hareketinde b\u00fcy\u00fcleyici bir \u0131\u015f\u0131k oyunu yarat\u0131r. Bu de\u011ferli ta\u015f\u0131n zamans\u0131z cazibesi, onu kal\u0131c\u0131 g\u00fczellik ve g\u00fcc\u00fcn m\u00fckemmel bir sembol\u00fc haline getiriyor.<\/p>\n<h4>Benzersiz Tasar\u0131m ve \u0130\u015f\u00e7ilik<\/h4>\n<p>G\u00fcn do\u011fumunun alt\u0131n tonlar\u0131ndan ilham alan y\u00fcz\u00fck, \u0131\u015f\u0131\u011f\u0131 g\u00fczel bir \u015fekilde yakalayan ve yans\u0131tan karma\u015f\u0131k detaylara sahiptir. Cilal\u0131 y\u00fczey, y\u00fcz\u00fc\u011f\u00fcn zarif tasar\u0131m\u0131n\u0131 vurgularken rahat bir uyum sa\u011flar. Bu sanat ve tasar\u0131m kar\u0131\u015f\u0131m\u0131 <a href=\"https:\/\/www.purejewels.com\/tr\/a-guide-to-die-stamping\/\">zanaatkarl\u0131k<\/a> Mavi Safirli 22 Ayar G\u00fcn Do\u011fumu Alt\u0131n Y\u00fcz\u00fc\u011f\u00fc ger\u00e7ekten dikkat \u00e7ekici bir par\u00e7a haline getiriyor.<\/p>\n<h4>Konfor i\u00e7in M\u00fckemmel Boyutta<\/h4>\n<p>N beden olarak sunulan bu y\u00fcz\u00fck, rahat ve g\u00fcvenli bir uyum sa\u011flamak \u00fczere tasarlanm\u0131\u015ft\u0131r. \u00c7ok y\u00f6nl\u00fc tasar\u0131m\u0131, ni\u015fan ve d\u00fc\u011f\u00fcnlerden y\u0131ld\u00f6n\u00fcmlerine ve ki\u015fisel d\u00f6n\u00fcm noktalar\u0131na kadar \u00e7e\u015fitli durumlar i\u00e7in ideal bir se\u00e7imdir. \u0130ster \u00f6zel bir an\u0131 an\u0131yor ister sadece kendinizi \u015f\u0131mart\u0131yor olun, bu y\u00fcz\u00fc\u011f\u00fcn kal\u0131c\u0131 bir etki b\u0131rakaca\u011f\u0131ndan emin olabilirsiniz.<\/p>","protected":false},"excerpt":{"rendered":"<table>\n<tbody>\n<tr>\n<td>Y\u00fcz\u00fck Tipi<\/td>\n<td>Safirli 22 Ayar G\u00fcndo\u011fumu Alt\u0131n\u0131, Platin ba\u015fl\u0131k<\/td>\n<\/tr>\n<tr>\n<td>SKU<\/td>\n<td>48509<\/td>\n<\/tr>\n<tr>\n<td>Y\u00fcz\u00fck \u00d6l\u00e7\u00fcs\u00fc<\/td>\n<td>N<\/td>\n<\/tr>\n<tr>\n<td>Metal<\/td>\n<td>22 Ayar Alt\u0131n<\/td>\n<\/tr>\n<tr>\n<td>Elmas A\u011f\u0131rl\u0131\u011f\u0131.<\/td>\n<td>0.10ct<\/td>\n<\/tr>\n<tr>\n<td>\u00dccretler<\/td>\n<td>Teslimat ve KDV Dahil<\/td>\n<\/tr>\n<tr>\n<td>Paketleme<\/td>\n<td>Sunum Kutusu ile Birlikte Gelir<\/td>\n<\/tr>\n<tr>\n<td>Daha Fazla Bilgi<\/td>\n<td>\n<ul>\n<li>M\u00fcsaitlik durumu ve daha fazla resim i\u00e7in bizimle canl\u0131 sohbet edin<\/li>\n<li>Alt\u0131n Y\u00fcz\u00fck Koleksiyonumuzu Ke\u015ffedin<\/li>\n<\/ul>\n<\/td>\n<\/tr>\n<\/tbody>\n<\/table>","protected":false},"featured_media":364954,"comment_status":"closed","ping_status":"closed","template":"","meta":{"_eb_attr":"","_crsspst_to_jayantr4sg-hostcom":false},"product_brand":[],"product_cat":[1791,5699,1796,231,1229,1783,5752,1574,5747],"product_tag":[64],"class_list":{"0":"post-364915","1":"product","2":"type-product","3":"status-publish","4":"has-post-thumbnail","6":"product_cat-anniversary-gifts","7":"product_cat-coloured-gemstone-jewellery","8":"product_cat-diamond-rings","9":"product_cat-engagement-rings","10":"product_cat-22ct-gold-jewellery","11":"product_cat-ladies-rings","12":"product_cat-gold-sapphire-jewellery","13":"product_cat-womens-jewellery","14":"product_cat-mantra-collection","15":"product_tag-rings","17":"first","18":"onbackorder","19":"taxable","20":"shipping-taxable","21":"product-type-simple","22":"add-to-wishlist-before_image"},"yoast_head":"<!-- This site is optimized with the Yoast SEO plugin v27.5 - https:\/\/yoast.com\/product\/yoast-seo-wordpress\/ -->\n<title>22ct Sunrise Gold Ring with Blue Sapphire | Timeless Elegance<\/title>\n<meta name=\"description\" content=\"Discover the 22ct Sunrise Gold Ring with Blue Sapphire in Size N. A perfect blend of timeless elegance and luxury, this exquisite ring features a radiant blue sapphire.\" \/>\n<meta name=\"robots\" content=\"index, follow, max-snippet:-1, max-image-preview:large, max-video-preview:-1\" \/>\n<link rel=\"canonical\" href=\"https:\/\/www.purejewels.com\/tr\/urun\/mavi-safirli-22-ayar-gundogumu-altin-yuzuk-48509\/\" \/>\n<meta property=\"og:locale\" content=\"tr_TR\" \/>\n<meta property=\"og:type\" content=\"article\" \/>\n<meta property=\"og:title\" content=\"22ct Sunrise Gold Ring with Blue Sapphire | Timeless Elegance\" \/>\n<meta property=\"og:description\" content=\"Discover the 22ct Sunrise Gold Ring with Blue Sapphire in Size N. A perfect blend of timeless elegance and luxury, this exquisite ring features a radiant blue sapphire.\" \/>\n<meta property=\"og:url\" content=\"https:\/\/www.purejewels.com\/tr\/urun\/mavi-safirli-22-ayar-gundogumu-altin-yuzuk-48509\/\" \/>\n<meta property=\"og:site_name\" content=\"PureJewels UK\" \/>\n<meta property=\"article:modified_time\" content=\"2025-05-24T07:53:32+00:00\" \/>\n<meta property=\"og:image\" content=\"https:\/\/www.purejewels.com\/wp-content\/uploads\/2024\/06\/48509_1.png\" \/>\n\t<meta property=\"og:image:width\" content=\"1000\" \/>\n\t<meta property=\"og:image:height\" content=\"1000\" \/>\n\t<meta property=\"og:image:type\" content=\"image\/png\" \/>\n<meta name=\"twitter:card\" content=\"summary_large_image\" \/>\n<meta name=\"twitter:label1\" content=\"Tahmini okuma s\u00fcresi\" \/>\n\t<meta name=\"twitter:data1\" content=\"1 dakika\" \/>\n<script type=\"application\/ld+json\" class=\"yoast-schema-graph\">{\"@context\":\"https:\\\/\\\/schema.org\",\"@graph\":[{\"@type\":[\"WebPage\",\"ItemPage\"],\"@id\":\"https:\\\/\\\/www.purejewels.com\\\/product\\\/22ct-sunrise-gold-ring-with-blue-sapphire-48509\\\/\",\"url\":\"https:\\\/\\\/www.purejewels.com\\\/product\\\/22ct-sunrise-gold-ring-with-blue-sapphire-48509\\\/\",\"name\":\"22ct Sunrise Gold Ring with Blue Sapphire | Timeless Elegance\",\"isPartOf\":{\"@id\":\"https:\\\/\\\/www.purejewels.com\\\/#website\"},\"primaryImageOfPage\":{\"@id\":\"https:\\\/\\\/www.purejewels.com\\\/product\\\/22ct-sunrise-gold-ring-with-blue-sapphire-48509\\\/#primaryimage\"},\"image\":{\"@id\":\"https:\\\/\\\/www.purejewels.com\\\/product\\\/22ct-sunrise-gold-ring-with-blue-sapphire-48509\\\/#primaryimage\"},\"thumbnailUrl\":\"https:\\\/\\\/static.purejewels.com\\\/wp-content\\\/uploads\\\/2024\\\/06\\\/48509_1.png\",\"datePublished\":\"2024-06-19T04:59:02+00:00\",\"dateModified\":\"2025-05-24T07:53:32+00:00\",\"description\":\"Discover the 22ct Sunrise Gold Ring with Blue Sapphire in Size N. A perfect blend of timeless elegance and luxury, this exquisite ring features a radiant blue sapphire.\",\"breadcrumb\":{\"@id\":\"https:\\\/\\\/www.purejewels.com\\\/product\\\/22ct-sunrise-gold-ring-with-blue-sapphire-48509\\\/#breadcrumb\"},\"inLanguage\":\"tr\",\"potentialAction\":[{\"@type\":\"ReadAction\",\"target\":[\"https:\\\/\\\/www.purejewels.com\\\/product\\\/22ct-sunrise-gold-ring-with-blue-sapphire-48509\\\/\"]}]},{\"@type\":\"ImageObject\",\"inLanguage\":\"tr\",\"@id\":\"https:\\\/\\\/www.purejewels.com\\\/product\\\/22ct-sunrise-gold-ring-with-blue-sapphire-48509\\\/#primaryimage\",\"url\":\"https:\\\/\\\/static.purejewels.com\\\/wp-content\\\/uploads\\\/2024\\\/06\\\/48509_1.png\",\"contentUrl\":\"https:\\\/\\\/static.purejewels.com\\\/wp-content\\\/uploads\\\/2024\\\/06\\\/48509_1.png\",\"width\":1000,\"height\":1000,\"caption\":\"22ct Gold Sunrise Gold\"},{\"@type\":\"BreadcrumbList\",\"@id\":\"https:\\\/\\\/www.purejewels.com\\\/product\\\/22ct-sunrise-gold-ring-with-blue-sapphire-48509\\\/#breadcrumb\",\"itemListElement\":[{\"@type\":\"ListItem\",\"position\":1,\"name\":\"Home\",\"item\":\"https:\\\/\\\/www.purejewels.com\\\/\"},{\"@type\":\"ListItem\",\"position\":2,\"name\":\"Shop\",\"item\":\"https:\\\/\\\/www.purejewels.com\\\/shop\\\/\"},{\"@type\":\"ListItem\",\"position\":3,\"name\":\"Solo Blue Sapphire Ring\"}]},{\"@type\":\"WebSite\",\"@id\":\"https:\\\/\\\/www.purejewels.com\\\/#website\",\"url\":\"https:\\\/\\\/www.purejewels.com\\\/\",\"name\":\"PureJewels UK\",\"description\":\"Share the Love\",\"publisher\":{\"@id\":\"https:\\\/\\\/www.purejewels.com\\\/#organization\"},\"potentialAction\":[{\"@type\":\"SearchAction\",\"target\":{\"@type\":\"EntryPoint\",\"urlTemplate\":\"https:\\\/\\\/www.purejewels.com\\\/?s={search_term_string}\"},\"query-input\":{\"@type\":\"PropertyValueSpecification\",\"valueRequired\":true,\"valueName\":\"search_term_string\"}}],\"inLanguage\":\"tr\"},{\"@type\":\"Organization\",\"@id\":\"https:\\\/\\\/www.purejewels.com\\\/#organization\",\"name\":\"PureJewels UK\",\"url\":\"https:\\\/\\\/www.purejewels.com\\\/\",\"logo\":{\"@type\":\"ImageObject\",\"inLanguage\":\"tr\",\"@id\":\"https:\\\/\\\/www.purejewels.com\\\/#\\\/schema\\\/logo\\\/image\\\/\",\"url\":\"https:\\\/\\\/static.purejewels.com\\\/wp-content\\\/uploads\\\/2020\\\/11\\\/Logo-PJ-New-1.png\",\"contentUrl\":\"https:\\\/\\\/static.purejewels.com\\\/wp-content\\\/uploads\\\/2020\\\/11\\\/Logo-PJ-New-1.png\",\"width\":150,\"height\":80,\"caption\":\"PureJewels UK\"},\"image\":{\"@id\":\"https:\\\/\\\/www.purejewels.com\\\/#\\\/schema\\\/logo\\\/image\\\/\"}}]}<\/script>\n<!-- \/ Yoast SEO plugin. -->","yoast_head_json":{"title":"Mavi Safirli 22 Ayar G\u00fcndo\u011fumu Alt\u0131n Y\u00fcz\u00fck | Zamans\u0131z \u015e\u0131kl\u0131k","description":"N Beden Mavi Safirli 22 Ayar Sunrise Alt\u0131n Y\u00fcz\u00fc\u011f\u00fc ke\u015ffedin. Zamans\u0131z zarafet ve l\u00fcks\u00fcn m\u00fckemmel bir kar\u0131\u015f\u0131m\u0131 olan bu zarif y\u00fcz\u00fckte \u0131\u015f\u0131lt\u0131l\u0131 bir mavi safir bulunuyor.","robots":{"index":"index","follow":"follow","max-snippet":"max-snippet:-1","max-image-preview":"max-image-preview:large","max-video-preview":"max-video-preview:-1"},"canonical":"https:\/\/www.purejewels.com\/tr\/urun\/mavi-safirli-22-ayar-gundogumu-altin-yuzuk-48509\/","og_locale":"tr_TR","og_type":"article","og_title":"22ct Sunrise Gold Ring with Blue Sapphire | Timeless Elegance","og_description":"Discover the 22ct Sunrise Gold Ring with Blue Sapphire in Size N. A perfect blend of timeless elegance and luxury, this exquisite ring features a radiant blue sapphire.","og_url":"https:\/\/www.purejewels.com\/tr\/urun\/mavi-safirli-22-ayar-gundogumu-altin-yuzuk-48509\/","og_site_name":"PureJewels UK","article_modified_time":"2025-05-24T07:53:32+00:00","og_image":[{"width":1000,"height":1000,"url":"https:\/\/www.purejewels.com\/wp-content\/uploads\/2024\/06\/48509_1.png","type":"image\/png"}],"twitter_card":"summary_large_image","twitter_misc":{"Tahmini okuma s\u00fcresi":"1 dakika"},"schema":{"@context":"https:\/\/schema.org","@graph":[{"@type":["WebPage","ItemPage"],"@id":"https:\/\/www.purejewels.com\/product\/22ct-sunrise-gold-ring-with-blue-sapphire-48509\/","url":"https:\/\/www.purejewels.com\/product\/22ct-sunrise-gold-ring-with-blue-sapphire-48509\/","name":"Mavi Safirli 22 Ayar G\u00fcndo\u011fumu Alt\u0131n Y\u00fcz\u00fck | Zamans\u0131z \u015e\u0131kl\u0131k","isPartOf":{"@id":"https:\/\/www.purejewels.com\/#website"},"primaryImageOfPage":{"@id":"https:\/\/www.purejewels.com\/product\/22ct-sunrise-gold-ring-with-blue-sapphire-48509\/#primaryimage"},"image":{"@id":"https:\/\/www.purejewels.com\/product\/22ct-sunrise-gold-ring-with-blue-sapphire-48509\/#primaryimage"},"thumbnailUrl":"https:\/\/static.purejewels.com\/wp-content\/uploads\/2024\/06\/48509_1.png","datePublished":"2024-06-19T04:59:02+00:00","dateModified":"2025-05-24T07:53:32+00:00","description":"N Beden Mavi Safirli 22 Ayar Sunrise Alt\u0131n Y\u00fcz\u00fc\u011f\u00fc ke\u015ffedin. Zamans\u0131z zarafet ve l\u00fcks\u00fcn m\u00fckemmel bir kar\u0131\u015f\u0131m\u0131 olan bu zarif y\u00fcz\u00fckte \u0131\u015f\u0131lt\u0131l\u0131 bir mavi safir bulunuyor.","breadcrumb":{"@id":"https:\/\/www.purejewels.com\/product\/22ct-sunrise-gold-ring-with-blue-sapphire-48509\/#breadcrumb"},"inLanguage":"tr","potentialAction":[{"@type":"ReadAction","target":["https:\/\/www.purejewels.com\/product\/22ct-sunrise-gold-ring-with-blue-sapphire-48509\/"]}]},{"@type":"ImageObject","inLanguage":"tr","@id":"https:\/\/www.purejewels.com\/product\/22ct-sunrise-gold-ring-with-blue-sapphire-48509\/#primaryimage","url":"https:\/\/static.purejewels.com\/wp-content\/uploads\/2024\/06\/48509_1.png","contentUrl":"https:\/\/static.purejewels.com\/wp-content\/uploads\/2024\/06\/48509_1.png","width":1000,"height":1000,"caption":"22ct Gold Sunrise Gold"},{"@type":"BreadcrumbList","@id":"https:\/\/www.purejewels.com\/product\/22ct-sunrise-gold-ring-with-blue-sapphire-48509\/#breadcrumb","itemListElement":[{"@type":"ListItem","position":1,"name":"Home","item":"https:\/\/www.purejewels.com\/"},{"@type":"ListItem","position":2,"name":"Shop","item":"https:\/\/www.purejewels.com\/shop\/"},{"@type":"ListItem","position":3,"name":"Solo Blue Sapphire Ring"}]},{"@type":"WebSite","@id":"https:\/\/www.purejewels.com\/#website","url":"https:\/\/www.purejewels.com\/","name":"PureJewels \u0130ngiltere","description":"Sevgiyi Payla\u015f\u0131n","publisher":{"@id":"https:\/\/www.purejewels.com\/#organization"},"potentialAction":[{"@type":"SearchAction","target":{"@type":"EntryPoint","urlTemplate":"https:\/\/www.purejewels.com\/?s={search_term_string}"},"query-input":{"@type":"PropertyValueSpecification","valueRequired":true,"valueName":"search_term_string"}}],"inLanguage":"tr"},{"@type":"Organization","@id":"https:\/\/www.purejewels.com\/#organization","name":"PureJewels \u0130ngiltere","url":"https:\/\/www.purejewels.com\/","logo":{"@type":"ImageObject","inLanguage":"tr","@id":"https:\/\/www.purejewels.com\/#\/schema\/logo\/image\/","url":"https:\/\/static.purejewels.com\/wp-content\/uploads\/2020\/11\/Logo-PJ-New-1.png","contentUrl":"https:\/\/static.purejewels.com\/wp-content\/uploads\/2020\/11\/Logo-PJ-New-1.png","width":150,"height":80,"caption":"PureJewels UK"},"image":{"@id":"https:\/\/www.purejewels.com\/#\/schema\/logo\/image\/"}}]}},"_links":{"self":[{"href":"https:\/\/www.purejewels.com\/tr\/wp-json\/wp\/v2\/product\/364915","targetHints":{"allow":["GET"]}}],"collection":[{"href":"https:\/\/www.purejewels.com\/tr\/wp-json\/wp\/v2\/product"}],"about":[{"href":"https:\/\/www.purejewels.com\/tr\/wp-json\/wp\/v2\/types\/product"}],"replies":[{"embeddable":true,"href":"https:\/\/www.purejewels.com\/tr\/wp-json\/wp\/v2\/comments?post=364915"}],"version-history":[{"count":4,"href":"https:\/\/www.purejewels.com\/tr\/wp-json\/wp\/v2\/product\/364915\/revisions"}],"predecessor-version":[{"id":425719,"href":"https:\/\/www.purejewels.com\/tr\/wp-json\/wp\/v2\/product\/364915\/revisions\/425719"}],"wp:featuredmedia":[{"embeddable":true,"href":"https:\/\/www.purejewels.com\/tr\/wp-json\/wp\/v2\/media\/364954"}],"wp:attachment":[{"href":"https:\/\/www.purejewels.com\/tr\/wp-json\/wp\/v2\/media?parent=364915"}],"wp:term":[{"taxonomy":"product_brand","embeddable":true,"href":"https:\/\/www.purejewels.com\/tr\/wp-json\/wp\/v2\/product_brand?post=364915"},{"taxonomy":"product_cat","embeddable":true,"href":"https:\/\/www.purejewels.com\/tr\/wp-json\/wp\/v2\/product_cat?post=364915"},{"taxonomy":"product_tag","embeddable":true,"href":"https:\/\/www.purejewels.com\/tr\/wp-json\/wp\/v2\/product_tag?post=364915"}],"curies":[{"name":"wp","href":"https:\/\/api.w.org\/{rel}","templated":true}]}}