{"id":365018,"date":"2024-09-16T05:36:08","date_gmt":"2024-09-16T04:36:08","guid":{"rendered":"https:\/\/www.purejewels.com\/?post_type=product&#038;p=365018"},"modified":"2026-01-06T10:58:54","modified_gmt":"2026-01-06T10:58:54","slug":"22ct-sunrise-ici-bos-yuvarlak-profil-bant-48459","status":"publish","type":"product","link":"https:\/\/www.purejewels.com\/tr\/product\/22ct-sunrise-hollow-round-profile-band-48459\/","title":{"rendered":"22ct Sunrise \u0130\u00e7i Bo\u015f Yuvarlak Profil Bant | K Beden"},"content":{"rendered":"<p><strong>Bu \u00e7arp\u0131c\u0131 \u00fcr\u00fcnle hafif l\u00fcks\u00fc deneyimleyin <a href=\"https:\/\/www.purejewels.com\/tr\/product\/22ct-gold-jali-filigree-ring-jali-collection-31926\/\">22ct<\/a> G\u00dcN DO\u011eUMU <a href=\"https:\/\/www.purejewels.com\/tr\/product\/22ct-sunrise-hollow-round-profile-band-48462\/\">alt\u0131n bant<\/a>.<\/strong> I\u015f\u0131lt\u0131l\u0131 22 ayar alt\u0131ndan \u00fcretilen bu y\u00fcz\u00fck, her tak\u0131ma s\u0131cakl\u0131k katan b\u00fcy\u00fcleyici bir g\u00fcn do\u011fumu tonuna sahiptir. Benzersiz i\u00e7i bo\u015f yuvarlak profil, g\u00fcnl\u00fck kullan\u0131m i\u00e7in m\u00fckemmel olan rahat ve hafif bir his sunar.<\/p>","protected":false},"excerpt":{"rendered":"<table class=\"sh_desc\">\n<tbody>\n<tr>\n<td>Y\u00fcz\u00fck Tipi<\/td>\n<td>D\u00fc\u011f\u00fcn Bandosu<\/td>\n<\/tr>\n<tr>\n<td>SKU<\/td>\n<td>48459<\/td>\n<\/tr>\n<tr>\n<td>Y\u00fcz\u00fck \u00d6l\u00e7\u00fcs\u00fc<\/td>\n<td>K<\/td>\n<\/tr>\n<tr>\n<td>Geni\u015flik<\/td>\n<td>2mm<\/td>\n<\/tr>\n<tr>\n<td>A\u011f\u0131rl\u0131k<\/td>\n<td>1.1 Gms<\/td>\n<\/tr>\n<tr>\n<td>Metal<\/td>\n<td>22 Ayar Alt\u0131n<\/td>\n<\/tr>\n<tr>\n<td>\u00dccretler<\/td>\n<td>Teslimat ve KDV Dahil<\/td>\n<\/tr>\n<tr>\n<td>Paketleme<\/td>\n<td>Sunum Kutusu ile Birlikte Gelir<\/td>\n<\/tr>\n<tr>\n<td>Daha Fazla Bilgi<\/td>\n<td>\n<ul>\n<li>M\u00fcsaitlik durumu ve daha fazla resim i\u00e7in bizimle canl\u0131 sohbet edin<\/li>\n<li>Kontrol Etmek \u0130\u00e7in Buraya T\u0131klay\u0131n\u00a0<strong>Y\u00fcz\u00fck \u00d6l\u00e7\u00fcs\u00fc<\/strong><\/li>\n<\/ul>\n<\/td>\n<\/tr>\n<\/tbody>\n<\/table>","protected":false},"featured_media":364936,"comment_status":"closed","ping_status":"closed","template":"","meta":{"_eb_attr":"","_crsspst_to_jayantr4sg-hostcom":false},"product_brand":[],"product_cat":[1640,5756,1559,1784,1229,1235,1783,1572,1786,229,1573,226,1574],"product_tag":[64],"class_list":{"0":"post-365018","1":"product","2":"type-product","3":"status-publish","4":"has-post-thumbnail","6":"product_cat-22ct-gold-bands","7":"product_cat-22ct-sunrise-gold-bands","8":"product_cat-birthday-gifts","9":"product_cat-gents-rings","10":"product_cat-22ct-gold-jewellery","11":"product_cat-gold-rings","12":"product_cat-ladies-rings","13":"product_cat-mens-jewellery","14":"product_cat-occasional-wear-rings","15":"product_cat-wedding-bands","16":"product_cat-wedding-gifts","17":"product_cat-wedding-rings-bands","18":"product_cat-womens-jewellery","19":"product_tag-rings","21":"first","22":"instock","23":"taxable","24":"shipping-taxable","25":"purchasable","26":"product-type-simple","27":"add-to-wishlist-before_image"},"yoast_head":"<!-- This site is optimized with the Yoast SEO plugin v27.5 - https:\/\/yoast.com\/product\/yoast-seo-wordpress\/ -->\n<title>22ct Gold Hollow Round Profile Band | Size K | 2mm<\/title>\n<meta name=\"description\" content=\"Lightweight Luxury: 22ct Sunrise Gold Band - Size K. Shop this stunning 2mm hollow round profile for comfort &amp; elegance. Free delivery across UK.\" \/>\n<meta name=\"robots\" content=\"index, follow, max-snippet:-1, max-image-preview:large, max-video-preview:-1\" \/>\n<link rel=\"canonical\" href=\"https:\/\/www.purejewels.com\/tr\/urun\/22ct-sunrise-ici-bos-yuvarlak-profil-bant-48459\/\" \/>\n<meta property=\"og:locale\" content=\"tr_TR\" \/>\n<meta property=\"og:type\" content=\"article\" \/>\n<meta property=\"og:title\" content=\"22ct Gold Hollow Round Profile Band | Size K | 2mm\" \/>\n<meta property=\"og:description\" content=\"Lightweight Luxury: 22ct Sunrise Gold Band - Size K. Shop this stunning 2mm hollow round profile for comfort &amp; elegance. Free delivery across UK.\" \/>\n<meta property=\"og:url\" content=\"https:\/\/www.purejewels.com\/tr\/urun\/22ct-sunrise-ici-bos-yuvarlak-profil-bant-48459\/\" \/>\n<meta property=\"og:site_name\" content=\"PureJewels UK\" \/>\n<meta property=\"article:modified_time\" content=\"2026-01-06T10:58:54+00:00\" \/>\n<meta property=\"og:image\" content=\"https:\/\/www.purejewels.com\/wp-content\/uploads\/2024\/06\/YG-_-2mm-Court-_-Medium-Weight-1.jpg\" \/>\n\t<meta property=\"og:image:width\" content=\"1280\" \/>\n\t<meta property=\"og:image:height\" content=\"910\" \/>\n\t<meta property=\"og:image:type\" content=\"image\/jpeg\" \/>\n<meta name=\"twitter:card\" content=\"summary_large_image\" \/>\n<meta name=\"twitter:label1\" content=\"Tahmini okuma s\u00fcresi\" \/>\n\t<meta name=\"twitter:data1\" content=\"1 dakika\" \/>\n<script type=\"application\/ld+json\" class=\"yoast-schema-graph\">{\"@context\":\"https:\\\/\\\/schema.org\",\"@graph\":[{\"@type\":[\"WebPage\",\"ItemPage\"],\"@id\":\"https:\\\/\\\/www.purejewels.com\\\/product\\\/22ct-sunrise-hollow-round-profile-band-48459\\\/\",\"url\":\"https:\\\/\\\/www.purejewels.com\\\/product\\\/22ct-sunrise-hollow-round-profile-band-48459\\\/\",\"name\":\"22ct Gold Hollow Round Profile Band | Size K | 2mm\",\"isPartOf\":{\"@id\":\"https:\\\/\\\/www.purejewels.com\\\/#website\"},\"primaryImageOfPage\":{\"@id\":\"https:\\\/\\\/www.purejewels.com\\\/product\\\/22ct-sunrise-hollow-round-profile-band-48459\\\/#primaryimage\"},\"image\":{\"@id\":\"https:\\\/\\\/www.purejewels.com\\\/product\\\/22ct-sunrise-hollow-round-profile-band-48459\\\/#primaryimage\"},\"thumbnailUrl\":\"https:\\\/\\\/static.purejewels.com\\\/wp-content\\\/uploads\\\/2024\\\/06\\\/YG-_-2mm-Court-_-Medium-Weight-1.jpg\",\"datePublished\":\"2024-09-16T04:36:08+00:00\",\"dateModified\":\"2026-01-06T10:58:54+00:00\",\"description\":\"Lightweight Luxury: 22ct Sunrise Gold Band - Size K. Shop this stunning 2mm hollow round profile for comfort & elegance. Free delivery across UK.\",\"breadcrumb\":{\"@id\":\"https:\\\/\\\/www.purejewels.com\\\/product\\\/22ct-sunrise-hollow-round-profile-band-48459\\\/#breadcrumb\"},\"inLanguage\":\"tr\",\"potentialAction\":[{\"@type\":\"ReadAction\",\"target\":[\"https:\\\/\\\/www.purejewels.com\\\/product\\\/22ct-sunrise-hollow-round-profile-band-48459\\\/\"]}]},{\"@type\":\"ImageObject\",\"inLanguage\":\"tr\",\"@id\":\"https:\\\/\\\/www.purejewels.com\\\/product\\\/22ct-sunrise-hollow-round-profile-band-48459\\\/#primaryimage\",\"url\":\"https:\\\/\\\/static.purejewels.com\\\/wp-content\\\/uploads\\\/2024\\\/06\\\/YG-_-2mm-Court-_-Medium-Weight-1.jpg\",\"contentUrl\":\"https:\\\/\\\/static.purejewels.com\\\/wp-content\\\/uploads\\\/2024\\\/06\\\/YG-_-2mm-Court-_-Medium-Weight-1.jpg\",\"width\":1280,\"height\":910,\"caption\":\"22ct sunrise gold band\"},{\"@type\":\"BreadcrumbList\",\"@id\":\"https:\\\/\\\/www.purejewels.com\\\/product\\\/22ct-sunrise-hollow-round-profile-band-48459\\\/#breadcrumb\",\"itemListElement\":[{\"@type\":\"ListItem\",\"position\":1,\"name\":\"Home\",\"item\":\"https:\\\/\\\/www.purejewels.com\\\/\"},{\"@type\":\"ListItem\",\"position\":2,\"name\":\"Shop\",\"item\":\"https:\\\/\\\/www.purejewels.com\\\/shop\\\/\"},{\"@type\":\"ListItem\",\"position\":3,\"name\":\"22ct Sunrise Hollow Round Profile Band | Size K\"}]},{\"@type\":\"WebSite\",\"@id\":\"https:\\\/\\\/www.purejewels.com\\\/#website\",\"url\":\"https:\\\/\\\/www.purejewels.com\\\/\",\"name\":\"PureJewels UK\",\"description\":\"Share the Love\",\"publisher\":{\"@id\":\"https:\\\/\\\/www.purejewels.com\\\/#organization\"},\"potentialAction\":[{\"@type\":\"SearchAction\",\"target\":{\"@type\":\"EntryPoint\",\"urlTemplate\":\"https:\\\/\\\/www.purejewels.com\\\/?s={search_term_string}\"},\"query-input\":{\"@type\":\"PropertyValueSpecification\",\"valueRequired\":true,\"valueName\":\"search_term_string\"}}],\"inLanguage\":\"tr\"},{\"@type\":\"Organization\",\"@id\":\"https:\\\/\\\/www.purejewels.com\\\/#organization\",\"name\":\"PureJewels UK\",\"url\":\"https:\\\/\\\/www.purejewels.com\\\/\",\"logo\":{\"@type\":\"ImageObject\",\"inLanguage\":\"tr\",\"@id\":\"https:\\\/\\\/www.purejewels.com\\\/#\\\/schema\\\/logo\\\/image\\\/\",\"url\":\"https:\\\/\\\/static.purejewels.com\\\/wp-content\\\/uploads\\\/2020\\\/11\\\/Logo-PJ-New-1.png\",\"contentUrl\":\"https:\\\/\\\/static.purejewels.com\\\/wp-content\\\/uploads\\\/2020\\\/11\\\/Logo-PJ-New-1.png\",\"width\":150,\"height\":80,\"caption\":\"PureJewels UK\"},\"image\":{\"@id\":\"https:\\\/\\\/www.purejewels.com\\\/#\\\/schema\\\/logo\\\/image\\\/\"}}]}<\/script>\n<!-- \/ Yoast SEO plugin. -->","yoast_head_json":{"title":"22 Ayar Alt\u0131n \u0130\u00e7i Bo\u015f Yuvarlak Profil Bant | K Beden | 2mm","description":"Hafif L\u00fcks: 22 Ayar Sunrise Alt\u0131n Kordon - K Beden Konfor ve \u015f\u0131kl\u0131k i\u00e7in bu \u00e7arp\u0131c\u0131 2 mm i\u00e7i bo\u015f yuvarlak profili sat\u0131n al\u0131n. \u0130ngiltere genelinde \u00fccretsiz teslimat.","robots":{"index":"index","follow":"follow","max-snippet":"max-snippet:-1","max-image-preview":"max-image-preview:large","max-video-preview":"max-video-preview:-1"},"canonical":"https:\/\/www.purejewels.com\/tr\/urun\/22ct-sunrise-ici-bos-yuvarlak-profil-bant-48459\/","og_locale":"tr_TR","og_type":"article","og_title":"22ct Gold Hollow Round Profile Band | Size K | 2mm","og_description":"Lightweight Luxury: 22ct Sunrise Gold Band - Size K. Shop this stunning 2mm hollow round profile for comfort & elegance. Free delivery across UK.","og_url":"https:\/\/www.purejewels.com\/tr\/urun\/22ct-sunrise-ici-bos-yuvarlak-profil-bant-48459\/","og_site_name":"PureJewels UK","article_modified_time":"2026-01-06T10:58:54+00:00","og_image":[{"width":1280,"height":910,"url":"https:\/\/www.purejewels.com\/wp-content\/uploads\/2024\/06\/YG-_-2mm-Court-_-Medium-Weight-1.jpg","type":"image\/jpeg"}],"twitter_card":"summary_large_image","twitter_misc":{"Tahmini okuma s\u00fcresi":"1 dakika"},"schema":{"@context":"https:\/\/schema.org","@graph":[{"@type":["WebPage","ItemPage"],"@id":"https:\/\/www.purejewels.com\/product\/22ct-sunrise-hollow-round-profile-band-48459\/","url":"https:\/\/www.purejewels.com\/product\/22ct-sunrise-hollow-round-profile-band-48459\/","name":"22 Ayar Alt\u0131n \u0130\u00e7i Bo\u015f Yuvarlak Profil Bant | K Beden | 2mm","isPartOf":{"@id":"https:\/\/www.purejewels.com\/#website"},"primaryImageOfPage":{"@id":"https:\/\/www.purejewels.com\/product\/22ct-sunrise-hollow-round-profile-band-48459\/#primaryimage"},"image":{"@id":"https:\/\/www.purejewels.com\/product\/22ct-sunrise-hollow-round-profile-band-48459\/#primaryimage"},"thumbnailUrl":"https:\/\/static.purejewels.com\/wp-content\/uploads\/2024\/06\/YG-_-2mm-Court-_-Medium-Weight-1.jpg","datePublished":"2024-09-16T04:36:08+00:00","dateModified":"2026-01-06T10:58:54+00:00","description":"Hafif L\u00fcks: 22 Ayar Sunrise Alt\u0131n Kordon - K Beden Konfor ve \u015f\u0131kl\u0131k i\u00e7in bu \u00e7arp\u0131c\u0131 2 mm i\u00e7i bo\u015f yuvarlak profili sat\u0131n al\u0131n. \u0130ngiltere genelinde \u00fccretsiz teslimat.","breadcrumb":{"@id":"https:\/\/www.purejewels.com\/product\/22ct-sunrise-hollow-round-profile-band-48459\/#breadcrumb"},"inLanguage":"tr","potentialAction":[{"@type":"ReadAction","target":["https:\/\/www.purejewels.com\/product\/22ct-sunrise-hollow-round-profile-band-48459\/"]}]},{"@type":"ImageObject","inLanguage":"tr","@id":"https:\/\/www.purejewels.com\/product\/22ct-sunrise-hollow-round-profile-band-48459\/#primaryimage","url":"https:\/\/static.purejewels.com\/wp-content\/uploads\/2024\/06\/YG-_-2mm-Court-_-Medium-Weight-1.jpg","contentUrl":"https:\/\/static.purejewels.com\/wp-content\/uploads\/2024\/06\/YG-_-2mm-Court-_-Medium-Weight-1.jpg","width":1280,"height":910,"caption":"22ct sunrise gold band"},{"@type":"BreadcrumbList","@id":"https:\/\/www.purejewels.com\/product\/22ct-sunrise-hollow-round-profile-band-48459\/#breadcrumb","itemListElement":[{"@type":"ListItem","position":1,"name":"Home","item":"https:\/\/www.purejewels.com\/"},{"@type":"ListItem","position":2,"name":"Shop","item":"https:\/\/www.purejewels.com\/shop\/"},{"@type":"ListItem","position":3,"name":"22ct Sunrise Hollow Round Profile Band | Size K"}]},{"@type":"WebSite","@id":"https:\/\/www.purejewels.com\/#website","url":"https:\/\/www.purejewels.com\/","name":"PureJewels \u0130ngiltere","description":"Sevgiyi Payla\u015f\u0131n","publisher":{"@id":"https:\/\/www.purejewels.com\/#organization"},"potentialAction":[{"@type":"SearchAction","target":{"@type":"EntryPoint","urlTemplate":"https:\/\/www.purejewels.com\/?s={search_term_string}"},"query-input":{"@type":"PropertyValueSpecification","valueRequired":true,"valueName":"search_term_string"}}],"inLanguage":"tr"},{"@type":"Organization","@id":"https:\/\/www.purejewels.com\/#organization","name":"PureJewels \u0130ngiltere","url":"https:\/\/www.purejewels.com\/","logo":{"@type":"ImageObject","inLanguage":"tr","@id":"https:\/\/www.purejewels.com\/#\/schema\/logo\/image\/","url":"https:\/\/static.purejewels.com\/wp-content\/uploads\/2020\/11\/Logo-PJ-New-1.png","contentUrl":"https:\/\/static.purejewels.com\/wp-content\/uploads\/2020\/11\/Logo-PJ-New-1.png","width":150,"height":80,"caption":"PureJewels UK"},"image":{"@id":"https:\/\/www.purejewels.com\/#\/schema\/logo\/image\/"}}]}},"_links":{"self":[{"href":"https:\/\/www.purejewels.com\/tr\/wp-json\/wp\/v2\/product\/365018","targetHints":{"allow":["GET"]}}],"collection":[{"href":"https:\/\/www.purejewels.com\/tr\/wp-json\/wp\/v2\/product"}],"about":[{"href":"https:\/\/www.purejewels.com\/tr\/wp-json\/wp\/v2\/types\/product"}],"replies":[{"embeddable":true,"href":"https:\/\/www.purejewels.com\/tr\/wp-json\/wp\/v2\/comments?post=365018"}],"version-history":[{"count":4,"href":"https:\/\/www.purejewels.com\/tr\/wp-json\/wp\/v2\/product\/365018\/revisions"}],"predecessor-version":[{"id":426087,"href":"https:\/\/www.purejewels.com\/tr\/wp-json\/wp\/v2\/product\/365018\/revisions\/426087"}],"wp:featuredmedia":[{"embeddable":true,"href":"https:\/\/www.purejewels.com\/tr\/wp-json\/wp\/v2\/media\/364936"}],"wp:attachment":[{"href":"https:\/\/www.purejewels.com\/tr\/wp-json\/wp\/v2\/media?parent=365018"}],"wp:term":[{"taxonomy":"product_brand","embeddable":true,"href":"https:\/\/www.purejewels.com\/tr\/wp-json\/wp\/v2\/product_brand?post=365018"},{"taxonomy":"product_cat","embeddable":true,"href":"https:\/\/www.purejewels.com\/tr\/wp-json\/wp\/v2\/product_cat?post=365018"},{"taxonomy":"product_tag","embeddable":true,"href":"https:\/\/www.purejewels.com\/tr\/wp-json\/wp\/v2\/product_tag?post=365018"}],"curies":[{"name":"wp","href":"https:\/\/api.w.org\/{rel}","templated":true}]}}