{"id":366878,"date":"2024-07-11T12:56:58","date_gmt":"2024-07-11T11:56:58","guid":{"rendered":"https:\/\/www.purejewels.com\/?post_type=product&#038;p=366878"},"modified":"2026-05-05T07:56:57","modified_gmt":"2026-05-05T06:56:57","slug":"deniz-mavisi-turmalinli-22-ayar-gundogumu-altin-kolye-48969","status":"publish","type":"product","link":"https:\/\/www.purejewels.com\/tr\/product\/22ct-sunrise-gold-necklace-with-teal-tourmaline-48969\/","title":{"rendered":"Teal Turmalinli 22 Ayar G\u00fcndo\u011fumu Alt\u0131n Kolye"},"content":{"rendered":"<p><strong>PureJewels \u0130ngiltere<\/strong> hem parlakl\u0131\u011f\u0131 hem de dinginli\u011fi b\u00fcnyesinde bar\u0131nd\u0131ran b\u00fcy\u00fcleyici bir kolye sunar - 22 ayar G\u00fcndo\u011fumu Alt\u0131n Kolye <strong>Teal Turmalin<\/strong>. Bu zarif par\u00e7a, 22 ayar g\u00fcn do\u011fumu alt\u0131n\u0131n\u0131n zengin \u0131\u015f\u0131lt\u0131s\u0131n\u0131 deniz mavisi turmalin de\u011ferli ta\u015f\u0131n b\u00fcy\u00fcleyici derinli\u011fiyle birle\u015ftirerek ger\u00e7ekten b\u00fcy\u00fcleyici bir m\u00fccevher yarat\u0131yor.<\/p>\n<p>Deniz mavisi turmalin de\u011ferli ta\u015f, sakin lag\u00fcnleri veya sakinle\u015ftirici alacakaranl\u0131k g\u00f6ky\u00fcz\u00fcn\u00fc an\u0131msatan b\u00fcy\u00fcleyici bir renk derinli\u011fine sahiptir. Detaylara titizlikle \u00f6zen g\u00f6sterilerek \u00fcretilen bu kolye, PureJewels UK'nin kaliteye olan ba\u011fl\u0131l\u0131\u011f\u0131n\u0131n bir kan\u0131t\u0131d\u0131r.<\/p>\n<p>G\u00fcn do\u011fumu alt\u0131n\u0131n\u0131n s\u0131cakl\u0131\u011f\u0131n\u0131 ve deniz mavisi turmalinin huzurunu kucaklay\u0131n. Bu \u00e7arp\u0131c\u0131 kolye hakk\u0131nda daha fazla bilgi edinmek ve m\u00fckemmel par\u00e7an\u0131z\u0131 bulmak i\u00e7in PureJewels UK'yi ziyaret edin.<\/p>","protected":false},"excerpt":{"rendered":"<table class=\"sh_desc\">\n<tbody>\n<tr>\n<td>Kolye Tipi<\/td>\n<td>S\u00fcsl\u00fc Kolye<\/td>\n<\/tr>\n<tr>\n<td>SKU<\/td>\n<td>48969<\/td>\n<\/tr>\n<tr>\n<td>Ta\u015f<\/td>\n<td>Teal Turmalin<\/td>\n<\/tr>\n<tr>\n<td>Br\u00fct A\u011f\u0131rl\u0131k<\/td>\n<td>5.6 Gms<\/td>\n<\/tr>\n<tr>\n<td>Uzunluk<\/td>\n<td>18 \u0130n\u00e7<\/td>\n<\/tr>\n<tr>\n<td>Teal Turmalin a\u011f\u0131rl\u0131k\u00e7a.<\/td>\n<td>1.22ct<\/td>\n<\/tr>\n<tr>\n<td>Metal<\/td>\n<td>22 Ayar G\u00fcndo\u011fumu Alt\u0131n<\/td>\n<\/tr>\n<tr>\n<td>\u00dccretler<\/td>\n<td>Teslimat ve KDV Dahil<\/td>\n<\/tr>\n<tr>\n<td>Paketleme<\/td>\n<td>Sunum Kutusu ile Birlikte Gelir<\/td>\n<\/tr>\n<tr>\n<td>Daha Fazla Bilgi<\/td>\n<td>M\u00fcsaitlik durumu ve daha fazla resim i\u00e7in bizimle canl\u0131 sohbet edin<\/td>\n<\/tr>\n<\/tbody>\n<\/table>\n<div class=\"btn-atc atc-slide\"><\/div>\n<div class=\"product_meta\"><\/div>","protected":false},"featured_media":366879,"comment_status":"closed","ping_status":"closed","template":"","meta":{"_eb_attr":"","_crsspst_to_jayantr4sg-hostcom":false},"product_brand":[],"product_cat":[1791,1559,5699,1229,1253,5749,1778,1574,5747],"product_tag":[],"class_list":{"0":"post-366878","1":"product","2":"type-product","3":"status-publish","4":"has-post-thumbnail","6":"product_cat-anniversary-gifts","7":"product_cat-birthday-gifts","8":"product_cat-coloured-gemstone-jewellery","9":"product_cat-22ct-gold-jewellery","10":"product_cat-gold-necklaces","11":"product_cat-khazana-collection","12":"product_cat-short-necklaces","13":"product_cat-womens-jewellery","14":"product_cat-mantra-collection","16":"first","17":"instock","18":"taxable","19":"shipping-taxable","20":"purchasable","21":"product-type-simple","22":"add-to-wishlist-before_image"},"yoast_head":"<!-- This site is optimized with the Yoast SEO plugin v27.5 - https:\/\/yoast.com\/product\/yoast-seo-wordpress\/ -->\n<title>22ct Sunrise Gold Necklace with Teal Tourmaline | PureJewels UK<\/title>\n<meta name=\"description\" content=\"Embrace the warmth of the sunrise gold and the tranquility of the teal tourmaline. Visit PureJewels UK to learn more about this stunning necklace.\" \/>\n<meta name=\"robots\" content=\"index, follow, max-snippet:-1, max-image-preview:large, max-video-preview:-1\" \/>\n<link rel=\"canonical\" href=\"https:\/\/www.purejewels.com\/tr\/urun\/deniz-mavisi-turmalinli-22-ayar-gundogumu-altin-kolye-48969\/\" \/>\n<meta property=\"og:locale\" content=\"tr_TR\" \/>\n<meta property=\"og:type\" content=\"article\" \/>\n<meta property=\"og:title\" content=\"22ct Sunrise Gold Necklace with Teal Tourmaline | PureJewels UK\" \/>\n<meta property=\"og:description\" content=\"Embrace the warmth of the sunrise gold and the tranquility of the teal tourmaline. Visit PureJewels UK to learn more about this stunning necklace.\" \/>\n<meta property=\"og:url\" content=\"https:\/\/www.purejewels.com\/tr\/urun\/deniz-mavisi-turmalinli-22-ayar-gundogumu-altin-kolye-48969\/\" \/>\n<meta property=\"og:site_name\" content=\"PureJewels UK\" \/>\n<meta property=\"article:modified_time\" content=\"2026-05-05T06:56:57+00:00\" \/>\n<meta property=\"og:image\" content=\"https:\/\/static.purejewels.com\/wp-content\/uploads\/2024\/07\/48969.png\" \/>\n\t<meta property=\"og:image:width\" content=\"1000\" \/>\n\t<meta property=\"og:image:height\" content=\"1000\" \/>\n\t<meta property=\"og:image:type\" content=\"image\/png\" \/>\n<meta name=\"twitter:card\" content=\"summary_large_image\" \/>\n<meta name=\"twitter:label1\" content=\"Tahmini okuma s\u00fcresi\" \/>\n\t<meta name=\"twitter:data1\" content=\"1 dakika\" \/>\n<script type=\"application\/ld+json\" class=\"yoast-schema-graph\">{\"@context\":\"https:\\\/\\\/schema.org\",\"@graph\":[{\"@type\":[\"WebPage\",\"ItemPage\"],\"@id\":\"https:\\\/\\\/www.purejewels.com\\\/product\\\/22ct-sunrise-gold-necklace-with-teal-tourmaline-48969\\\/\",\"url\":\"https:\\\/\\\/www.purejewels.com\\\/product\\\/22ct-sunrise-gold-necklace-with-teal-tourmaline-48969\\\/\",\"name\":\"22ct Sunrise Gold Necklace with Teal Tourmaline | PureJewels UK\",\"isPartOf\":{\"@id\":\"https:\\\/\\\/www.purejewels.com\\\/#website\"},\"primaryImageOfPage\":{\"@id\":\"https:\\\/\\\/www.purejewels.com\\\/product\\\/22ct-sunrise-gold-necklace-with-teal-tourmaline-48969\\\/#primaryimage\"},\"image\":{\"@id\":\"https:\\\/\\\/www.purejewels.com\\\/product\\\/22ct-sunrise-gold-necklace-with-teal-tourmaline-48969\\\/#primaryimage\"},\"thumbnailUrl\":\"https:\\\/\\\/static.purejewels.com\\\/wp-content\\\/uploads\\\/2024\\\/07\\\/48969.png\",\"datePublished\":\"2024-07-11T11:56:58+00:00\",\"dateModified\":\"2026-05-05T06:56:57+00:00\",\"description\":\"Embrace the warmth of the sunrise gold and the tranquility of the teal tourmaline. Visit PureJewels UK to learn more about this stunning necklace.\",\"breadcrumb\":{\"@id\":\"https:\\\/\\\/www.purejewels.com\\\/product\\\/22ct-sunrise-gold-necklace-with-teal-tourmaline-48969\\\/#breadcrumb\"},\"inLanguage\":\"tr\",\"potentialAction\":[{\"@type\":\"ReadAction\",\"target\":[\"https:\\\/\\\/www.purejewels.com\\\/product\\\/22ct-sunrise-gold-necklace-with-teal-tourmaline-48969\\\/\"]}]},{\"@type\":\"ImageObject\",\"inLanguage\":\"tr\",\"@id\":\"https:\\\/\\\/www.purejewels.com\\\/product\\\/22ct-sunrise-gold-necklace-with-teal-tourmaline-48969\\\/#primaryimage\",\"url\":\"https:\\\/\\\/static.purejewels.com\\\/wp-content\\\/uploads\\\/2024\\\/07\\\/48969.png\",\"contentUrl\":\"https:\\\/\\\/static.purejewels.com\\\/wp-content\\\/uploads\\\/2024\\\/07\\\/48969.png\",\"width\":1000,\"height\":1000,\"caption\":\"22ct Sunrise Gold Necklace\"},{\"@type\":\"BreadcrumbList\",\"@id\":\"https:\\\/\\\/www.purejewels.com\\\/product\\\/22ct-sunrise-gold-necklace-with-teal-tourmaline-48969\\\/#breadcrumb\",\"itemListElement\":[{\"@type\":\"ListItem\",\"position\":1,\"name\":\"Home\",\"item\":\"https:\\\/\\\/www.purejewels.com\\\/\"},{\"@type\":\"ListItem\",\"position\":2,\"name\":\"Shop\",\"item\":\"https:\\\/\\\/www.purejewels.com\\\/shop\\\/\"},{\"@type\":\"ListItem\",\"position\":3,\"name\":\"22ct Sunrise Gold Necklace with Teal Tourmaline\"}]},{\"@type\":\"WebSite\",\"@id\":\"https:\\\/\\\/www.purejewels.com\\\/#website\",\"url\":\"https:\\\/\\\/www.purejewels.com\\\/\",\"name\":\"PureJewels UK\",\"description\":\"Share the Love\",\"publisher\":{\"@id\":\"https:\\\/\\\/www.purejewels.com\\\/#organization\"},\"potentialAction\":[{\"@type\":\"SearchAction\",\"target\":{\"@type\":\"EntryPoint\",\"urlTemplate\":\"https:\\\/\\\/www.purejewels.com\\\/?s={search_term_string}\"},\"query-input\":{\"@type\":\"PropertyValueSpecification\",\"valueRequired\":true,\"valueName\":\"search_term_string\"}}],\"inLanguage\":\"tr\"},{\"@type\":\"Organization\",\"@id\":\"https:\\\/\\\/www.purejewels.com\\\/#organization\",\"name\":\"PureJewels UK\",\"url\":\"https:\\\/\\\/www.purejewels.com\\\/\",\"logo\":{\"@type\":\"ImageObject\",\"inLanguage\":\"tr\",\"@id\":\"https:\\\/\\\/www.purejewels.com\\\/#\\\/schema\\\/logo\\\/image\\\/\",\"url\":\"https:\\\/\\\/static.purejewels.com\\\/wp-content\\\/uploads\\\/2020\\\/11\\\/Logo-PJ-New-1.png\",\"contentUrl\":\"https:\\\/\\\/static.purejewels.com\\\/wp-content\\\/uploads\\\/2020\\\/11\\\/Logo-PJ-New-1.png\",\"width\":150,\"height\":80,\"caption\":\"PureJewels UK\"},\"image\":{\"@id\":\"https:\\\/\\\/www.purejewels.com\\\/#\\\/schema\\\/logo\\\/image\\\/\"}}]}<\/script>\n<!-- \/ Yoast SEO plugin. -->","yoast_head_json":{"title":"Teal Turmalinli 22 Ayar G\u00fcndo\u011fumu Alt\u0131n Kolye | PureJewels UK","description":"G\u00fcn do\u011fumu alt\u0131n\u0131n\u0131n s\u0131cakl\u0131\u011f\u0131n\u0131 ve deniz mavisi turmalinin huzurunu kucaklay\u0131n. Bu \u00e7arp\u0131c\u0131 kolye hakk\u0131nda daha fazla bilgi edinmek i\u00e7in PureJewels UK'yi ziyaret edin.","robots":{"index":"index","follow":"follow","max-snippet":"max-snippet:-1","max-image-preview":"max-image-preview:large","max-video-preview":"max-video-preview:-1"},"canonical":"https:\/\/www.purejewels.com\/tr\/urun\/deniz-mavisi-turmalinli-22-ayar-gundogumu-altin-kolye-48969\/","og_locale":"tr_TR","og_type":"article","og_title":"22ct Sunrise Gold Necklace with Teal Tourmaline | PureJewels UK","og_description":"Embrace the warmth of the sunrise gold and the tranquility of the teal tourmaline. Visit PureJewels UK to learn more about this stunning necklace.","og_url":"https:\/\/www.purejewels.com\/tr\/urun\/deniz-mavisi-turmalinli-22-ayar-gundogumu-altin-kolye-48969\/","og_site_name":"PureJewels UK","article_modified_time":"2026-05-05T06:56:57+00:00","og_image":[{"width":1000,"height":1000,"url":"https:\/\/static.purejewels.com\/wp-content\/uploads\/2024\/07\/48969.png","type":"image\/png"}],"twitter_card":"summary_large_image","twitter_misc":{"Tahmini okuma s\u00fcresi":"1 dakika"},"schema":{"@context":"https:\/\/schema.org","@graph":[{"@type":["WebPage","ItemPage"],"@id":"https:\/\/www.purejewels.com\/product\/22ct-sunrise-gold-necklace-with-teal-tourmaline-48969\/","url":"https:\/\/www.purejewels.com\/product\/22ct-sunrise-gold-necklace-with-teal-tourmaline-48969\/","name":"Teal Turmalinli 22 Ayar G\u00fcndo\u011fumu Alt\u0131n Kolye | PureJewels UK","isPartOf":{"@id":"https:\/\/www.purejewels.com\/#website"},"primaryImageOfPage":{"@id":"https:\/\/www.purejewels.com\/product\/22ct-sunrise-gold-necklace-with-teal-tourmaline-48969\/#primaryimage"},"image":{"@id":"https:\/\/www.purejewels.com\/product\/22ct-sunrise-gold-necklace-with-teal-tourmaline-48969\/#primaryimage"},"thumbnailUrl":"https:\/\/static.purejewels.com\/wp-content\/uploads\/2024\/07\/48969.png","datePublished":"2024-07-11T11:56:58+00:00","dateModified":"2026-05-05T06:56:57+00:00","description":"G\u00fcn do\u011fumu alt\u0131n\u0131n\u0131n s\u0131cakl\u0131\u011f\u0131n\u0131 ve deniz mavisi turmalinin huzurunu kucaklay\u0131n. Bu \u00e7arp\u0131c\u0131 kolye hakk\u0131nda daha fazla bilgi edinmek i\u00e7in PureJewels UK'yi ziyaret edin.","breadcrumb":{"@id":"https:\/\/www.purejewels.com\/product\/22ct-sunrise-gold-necklace-with-teal-tourmaline-48969\/#breadcrumb"},"inLanguage":"tr","potentialAction":[{"@type":"ReadAction","target":["https:\/\/www.purejewels.com\/product\/22ct-sunrise-gold-necklace-with-teal-tourmaline-48969\/"]}]},{"@type":"ImageObject","inLanguage":"tr","@id":"https:\/\/www.purejewels.com\/product\/22ct-sunrise-gold-necklace-with-teal-tourmaline-48969\/#primaryimage","url":"https:\/\/static.purejewels.com\/wp-content\/uploads\/2024\/07\/48969.png","contentUrl":"https:\/\/static.purejewels.com\/wp-content\/uploads\/2024\/07\/48969.png","width":1000,"height":1000,"caption":"22ct Sunrise Gold Necklace"},{"@type":"BreadcrumbList","@id":"https:\/\/www.purejewels.com\/product\/22ct-sunrise-gold-necklace-with-teal-tourmaline-48969\/#breadcrumb","itemListElement":[{"@type":"ListItem","position":1,"name":"Home","item":"https:\/\/www.purejewels.com\/"},{"@type":"ListItem","position":2,"name":"Shop","item":"https:\/\/www.purejewels.com\/shop\/"},{"@type":"ListItem","position":3,"name":"22ct Sunrise Gold Necklace with Teal Tourmaline"}]},{"@type":"WebSite","@id":"https:\/\/www.purejewels.com\/#website","url":"https:\/\/www.purejewels.com\/","name":"PureJewels \u0130ngiltere","description":"Sevgiyi Payla\u015f\u0131n","publisher":{"@id":"https:\/\/www.purejewels.com\/#organization"},"potentialAction":[{"@type":"SearchAction","target":{"@type":"EntryPoint","urlTemplate":"https:\/\/www.purejewels.com\/?s={search_term_string}"},"query-input":{"@type":"PropertyValueSpecification","valueRequired":true,"valueName":"search_term_string"}}],"inLanguage":"tr"},{"@type":"Organization","@id":"https:\/\/www.purejewels.com\/#organization","name":"PureJewels \u0130ngiltere","url":"https:\/\/www.purejewels.com\/","logo":{"@type":"ImageObject","inLanguage":"tr","@id":"https:\/\/www.purejewels.com\/#\/schema\/logo\/image\/","url":"https:\/\/static.purejewels.com\/wp-content\/uploads\/2020\/11\/Logo-PJ-New-1.png","contentUrl":"https:\/\/static.purejewels.com\/wp-content\/uploads\/2020\/11\/Logo-PJ-New-1.png","width":150,"height":80,"caption":"PureJewels UK"},"image":{"@id":"https:\/\/www.purejewels.com\/#\/schema\/logo\/image\/"}}]}},"_links":{"self":[{"href":"https:\/\/www.purejewels.com\/tr\/wp-json\/wp\/v2\/product\/366878","targetHints":{"allow":["GET"]}}],"collection":[{"href":"https:\/\/www.purejewels.com\/tr\/wp-json\/wp\/v2\/product"}],"about":[{"href":"https:\/\/www.purejewels.com\/tr\/wp-json\/wp\/v2\/types\/product"}],"replies":[{"embeddable":true,"href":"https:\/\/www.purejewels.com\/tr\/wp-json\/wp\/v2\/comments?post=366878"}],"version-history":[{"count":4,"href":"https:\/\/www.purejewels.com\/tr\/wp-json\/wp\/v2\/product\/366878\/revisions"}],"predecessor-version":[{"id":429440,"href":"https:\/\/www.purejewels.com\/tr\/wp-json\/wp\/v2\/product\/366878\/revisions\/429440"}],"wp:featuredmedia":[{"embeddable":true,"href":"https:\/\/www.purejewels.com\/tr\/wp-json\/wp\/v2\/media\/366879"}],"wp:attachment":[{"href":"https:\/\/www.purejewels.com\/tr\/wp-json\/wp\/v2\/media?parent=366878"}],"wp:term":[{"taxonomy":"product_brand","embeddable":true,"href":"https:\/\/www.purejewels.com\/tr\/wp-json\/wp\/v2\/product_brand?post=366878"},{"taxonomy":"product_cat","embeddable":true,"href":"https:\/\/www.purejewels.com\/tr\/wp-json\/wp\/v2\/product_cat?post=366878"},{"taxonomy":"product_tag","embeddable":true,"href":"https:\/\/www.purejewels.com\/tr\/wp-json\/wp\/v2\/product_tag?post=366878"}],"curies":[{"name":"wp","href":"https:\/\/api.w.org\/{rel}","templated":true}]}}