{"id":3672,"date":"2017-07-19T13:17:19","date_gmt":"2017-07-19T12:17:19","guid":{"rendered":"http:\/\/new.purejewels.com\/product\/aphrodite-ear-studs\/"},"modified":"2025-09-26T06:29:33","modified_gmt":"2025-09-26T05:29:33","slug":"afrodit-kulak-citcitlari","status":"publish","type":"product","link":"https:\/\/www.purejewels.com\/tr\/product\/aphrodite-ear-studs\/","title":{"rendered":"Afrodit Kulak \u00c7\u0131t\u00e7\u0131tlar\u0131"},"content":{"rendered":"<h3>Tasar\u0131m<\/h3>\n<p>R\u00fcya gibi k\u00fc\u00e7\u00fck p\u0131rlantalarla kapl\u0131 beyaz alt\u0131n Kulak k\u00fcpelerimiz ve \u0131\u015f\u0131lt\u0131l\u0131 \u00e7a\u011fda\u015f tarz\u0131m\u0131zla parlamay\u0131 se\u00e7in. Ustalar\u0131m\u0131z, bir ill\u00fczyon ayar\u0131 olu\u015fturmak ve \u0131\u015f\u0131lt\u0131l\u0131 ve parlak bir g\u00f6r\u00fcn\u00fcm vermek i\u00e7in p\u0131rlantay\u0131 y\u0131ld\u0131z\u0131n kenar\u0131 boyunca bir merkez par\u00e7as\u0131yla hassas bir \u015fekilde yerle\u015ftirdi.<\/p>\n<h3>\u0130lham kayna\u011f\u0131<\/h3>\n<p>Zarif bir i\u015f\u00e7ilikle \u00fcretilen Afrodit k\u00fcpeler, kurucumuzu Londra'n\u0131n parlak \u0131\u015f\u0131klar\u0131na ayak basmaya te\u015fvik eden r\u00fcyay\u0131 and\u0131ran hayallerinizin sihirli b\u00fcy\u00fcs\u00fcd\u00fcr. Yolculara do\u011fru y\u00f6ne ayak basmalar\u0131 i\u00e7in rehberlik eden Kuzey Y\u0131ld\u0131z\u0131'ndan ilham alan bu k\u00fcpeler, kendinizi d\u00fcnyaya h\u00fckmediyormu\u015f gibi hissetmenizi sa\u011flayacak.<\/p>\n<h3>Stil<\/h3>\n<p>Bu par\u0131ldayan y\u0131ld\u0131zlar\u0131n anlar\u0131n\u0131z\u0131 yakalamas\u0131na ve an\u0131lar\u0131n\u0131za kaz\u0131mas\u0131na izin verin. Onlar\u0131 g\u00fcnl\u00fck k\u0131yafetlerinizle kombinleyin, b\u00f6ylece binlerce bak\u0131\u015fa de\u011fecek \u0131\u015f\u0131lt\u0131l\u0131 g\u00fczelli\u011finizi ve duru\u015funuzu art\u0131r\u0131n.<\/p>","protected":false},"excerpt":{"rendered":"<ul>\n<li>P\u0131rlantal\u0131 Platin Afrodit Kulak \u00c7\u0131t\u00e7\u0131tlar\u0131<\/li>\n<li>P\u0131rlanta. 0,42 ct<\/li>\n<li>SKU 15944<\/li>\n<li>T\u00fcm fiyatlara KDV dahildir<\/li>\n<li>Londra Assay Ofisi taraf\u0131ndan damgalanm\u0131\u015f Platin<\/li>\n<li>Sunum Kutusu ile Birlikte Gelir<\/li>\n<li>Teslimat Dahil<\/li>\n<li>Stok durumu ve stokta bulunan benzer tasar\u0131mlar\u0131n daha fazla g\u00f6r\u00fcnt\u00fcs\u00fc i\u00e7in bizimle canl\u0131 sohbet edin<\/li>\n<\/ul>","protected":false},"featured_media":3673,"comment_status":"closed","ping_status":"closed","template":"","meta":{"_eb_attr":"","_crsspst_to_jayantr4sg-hostcom":false},"product_brand":[],"product_cat":[1576,236,5458,5457,1254,250,1577],"product_tag":[1455],"class_list":{"0":"post-3672","1":"product","2":"type-product","3":"status-publish","4":"has-post-thumbnail","6":"product_cat-childrens-jewellery","7":"product_cat-collections","8":"product_cat-diamond-earring","9":"product_cat-diamond-jewellery","10":"product_cat-gold-earrings","11":"product_cat-luminous-collections","12":"product_cat-stud-earrings","13":"product_tag-diamond-studs","15":"first","16":"onbackorder","17":"product-type-simple","18":"add-to-wishlist-before_image"},"yoast_head":"<!-- This site is optimized with the Yoast SEO plugin v27.5 - https:\/\/yoast.com\/product\/yoast-seo-wordpress\/ -->\n<title>Platinum Aphrodite Ear Studs With diamonds by PureJewels<\/title>\n<meta name=\"description\" content=\"Choose to shine with our white gold Ear studs encrusted with dreamy little diamonds and a glowing contemporary style.\" \/>\n<meta name=\"robots\" content=\"index, follow, max-snippet:-1, max-image-preview:large, max-video-preview:-1\" \/>\n<link rel=\"canonical\" href=\"https:\/\/www.purejewels.com\/tr\/urun\/afrodit-kulak-citcitlari\/\" \/>\n<meta property=\"og:locale\" content=\"tr_TR\" \/>\n<meta property=\"og:type\" content=\"article\" \/>\n<meta property=\"og:title\" content=\"Platinum Aphrodite Ear Studs With diamonds by PureJewels\" \/>\n<meta property=\"og:description\" content=\"Choose to shine with our white gold Ear studs encrusted with dreamy little diamonds and a glowing contemporary style.\" \/>\n<meta property=\"og:url\" content=\"https:\/\/www.purejewels.com\/tr\/urun\/afrodit-kulak-citcitlari\/\" \/>\n<meta property=\"og:site_name\" content=\"PureJewels UK\" \/>\n<meta property=\"article:modified_time\" content=\"2025-09-26T05:29:33+00:00\" \/>\n<meta property=\"og:image\" content=\"https:\/\/www.purejewels.com\/wp-content\/uploads\/2017\/07\/aphrodite-ear-studs-15944.jpg\" \/>\n\t<meta property=\"og:image:width\" content=\"960\" \/>\n\t<meta property=\"og:image:height\" content=\"960\" \/>\n\t<meta property=\"og:image:type\" content=\"image\/jpeg\" \/>\n<meta name=\"twitter:card\" content=\"summary_large_image\" \/>\n<meta name=\"twitter:label1\" content=\"Tahmini okuma s\u00fcresi\" \/>\n\t<meta name=\"twitter:data1\" content=\"1 dakika\" \/>\n<script type=\"application\/ld+json\" class=\"yoast-schema-graph\">{\"@context\":\"https:\\\/\\\/schema.org\",\"@graph\":[{\"@type\":[\"WebPage\",\"ItemPage\"],\"@id\":\"https:\\\/\\\/www.purejewels.com\\\/product\\\/aphrodite-ear-studs\\\/\",\"url\":\"https:\\\/\\\/www.purejewels.com\\\/product\\\/aphrodite-ear-studs\\\/\",\"name\":\"Platinum Aphrodite Ear Studs With diamonds by PureJewels\",\"isPartOf\":{\"@id\":\"https:\\\/\\\/www.purejewels.com\\\/#website\"},\"primaryImageOfPage\":{\"@id\":\"https:\\\/\\\/www.purejewels.com\\\/product\\\/aphrodite-ear-studs\\\/#primaryimage\"},\"image\":{\"@id\":\"https:\\\/\\\/www.purejewels.com\\\/product\\\/aphrodite-ear-studs\\\/#primaryimage\"},\"thumbnailUrl\":\"https:\\\/\\\/static.purejewels.com\\\/wp-content\\\/uploads\\\/2017\\\/07\\\/aphrodite-ear-studs-15944.jpg\",\"datePublished\":\"2017-07-19T12:17:19+00:00\",\"dateModified\":\"2025-09-26T05:29:33+00:00\",\"description\":\"Choose to shine with our white gold Ear studs encrusted with dreamy little diamonds and a glowing contemporary style.\",\"breadcrumb\":{\"@id\":\"https:\\\/\\\/www.purejewels.com\\\/product\\\/aphrodite-ear-studs\\\/#breadcrumb\"},\"inLanguage\":\"tr\",\"potentialAction\":[{\"@type\":\"ReadAction\",\"target\":[\"https:\\\/\\\/www.purejewels.com\\\/product\\\/aphrodite-ear-studs\\\/\"]}]},{\"@type\":\"ImageObject\",\"inLanguage\":\"tr\",\"@id\":\"https:\\\/\\\/www.purejewels.com\\\/product\\\/aphrodite-ear-studs\\\/#primaryimage\",\"url\":\"https:\\\/\\\/static.purejewels.com\\\/wp-content\\\/uploads\\\/2017\\\/07\\\/aphrodite-ear-studs-15944.jpg\",\"contentUrl\":\"https:\\\/\\\/static.purejewels.com\\\/wp-content\\\/uploads\\\/2017\\\/07\\\/aphrodite-ear-studs-15944.jpg\",\"width\":960,\"height\":960,\"caption\":\"aphrodite-ear-studs-15944.jpg\"},{\"@type\":\"BreadcrumbList\",\"@id\":\"https:\\\/\\\/www.purejewels.com\\\/product\\\/aphrodite-ear-studs\\\/#breadcrumb\",\"itemListElement\":[{\"@type\":\"ListItem\",\"position\":1,\"name\":\"Home\",\"item\":\"https:\\\/\\\/www.purejewels.com\\\/\"},{\"@type\":\"ListItem\",\"position\":2,\"name\":\"Shop\",\"item\":\"https:\\\/\\\/www.purejewels.com\\\/shop\\\/\"},{\"@type\":\"ListItem\",\"position\":3,\"name\":\"Aphrodite Ear Studs\"}]},{\"@type\":\"WebSite\",\"@id\":\"https:\\\/\\\/www.purejewels.com\\\/#website\",\"url\":\"https:\\\/\\\/www.purejewels.com\\\/\",\"name\":\"PureJewels UK\",\"description\":\"Share the Love\",\"publisher\":{\"@id\":\"https:\\\/\\\/www.purejewels.com\\\/#organization\"},\"potentialAction\":[{\"@type\":\"SearchAction\",\"target\":{\"@type\":\"EntryPoint\",\"urlTemplate\":\"https:\\\/\\\/www.purejewels.com\\\/?s={search_term_string}\"},\"query-input\":{\"@type\":\"PropertyValueSpecification\",\"valueRequired\":true,\"valueName\":\"search_term_string\"}}],\"inLanguage\":\"tr\"},{\"@type\":\"Organization\",\"@id\":\"https:\\\/\\\/www.purejewels.com\\\/#organization\",\"name\":\"PureJewels UK\",\"url\":\"https:\\\/\\\/www.purejewels.com\\\/\",\"logo\":{\"@type\":\"ImageObject\",\"inLanguage\":\"tr\",\"@id\":\"https:\\\/\\\/www.purejewels.com\\\/#\\\/schema\\\/logo\\\/image\\\/\",\"url\":\"https:\\\/\\\/static.purejewels.com\\\/wp-content\\\/uploads\\\/2020\\\/11\\\/Logo-PJ-New-1.png\",\"contentUrl\":\"https:\\\/\\\/static.purejewels.com\\\/wp-content\\\/uploads\\\/2020\\\/11\\\/Logo-PJ-New-1.png\",\"width\":150,\"height\":80,\"caption\":\"PureJewels UK\"},\"image\":{\"@id\":\"https:\\\/\\\/www.purejewels.com\\\/#\\\/schema\\\/logo\\\/image\\\/\"}}]}<\/script>\n<!-- \/ Yoast SEO plugin. -->","yoast_head_json":{"title":"PureJewels'ten P\u0131rlantal\u0131 Platin Afrodit Kulak \u00c7\u0131t\u00e7\u0131tlar\u0131","description":"R\u00fcya gibi k\u00fc\u00e7\u00fck p\u0131rlantalarla kapl\u0131 beyaz alt\u0131n Kulak k\u00fcpelerimiz ve \u0131\u015f\u0131lt\u0131l\u0131 \u00e7a\u011fda\u015f tarz\u0131m\u0131zla parlamay\u0131 se\u00e7in.","robots":{"index":"index","follow":"follow","max-snippet":"max-snippet:-1","max-image-preview":"max-image-preview:large","max-video-preview":"max-video-preview:-1"},"canonical":"https:\/\/www.purejewels.com\/tr\/urun\/afrodit-kulak-citcitlari\/","og_locale":"tr_TR","og_type":"article","og_title":"Platinum Aphrodite Ear Studs With diamonds by PureJewels","og_description":"Choose to shine with our white gold Ear studs encrusted with dreamy little diamonds and a glowing contemporary style.","og_url":"https:\/\/www.purejewels.com\/tr\/urun\/afrodit-kulak-citcitlari\/","og_site_name":"PureJewels UK","article_modified_time":"2025-09-26T05:29:33+00:00","og_image":[{"width":960,"height":960,"url":"https:\/\/www.purejewels.com\/wp-content\/uploads\/2017\/07\/aphrodite-ear-studs-15944.jpg","type":"image\/jpeg"}],"twitter_card":"summary_large_image","twitter_misc":{"Tahmini okuma s\u00fcresi":"1 dakika"},"schema":{"@context":"https:\/\/schema.org","@graph":[{"@type":["WebPage","ItemPage"],"@id":"https:\/\/www.purejewels.com\/product\/aphrodite-ear-studs\/","url":"https:\/\/www.purejewels.com\/product\/aphrodite-ear-studs\/","name":"PureJewels'ten P\u0131rlantal\u0131 Platin Afrodit Kulak \u00c7\u0131t\u00e7\u0131tlar\u0131","isPartOf":{"@id":"https:\/\/www.purejewels.com\/#website"},"primaryImageOfPage":{"@id":"https:\/\/www.purejewels.com\/product\/aphrodite-ear-studs\/#primaryimage"},"image":{"@id":"https:\/\/www.purejewels.com\/product\/aphrodite-ear-studs\/#primaryimage"},"thumbnailUrl":"https:\/\/static.purejewels.com\/wp-content\/uploads\/2017\/07\/aphrodite-ear-studs-15944.jpg","datePublished":"2017-07-19T12:17:19+00:00","dateModified":"2025-09-26T05:29:33+00:00","description":"R\u00fcya gibi k\u00fc\u00e7\u00fck p\u0131rlantalarla kapl\u0131 beyaz alt\u0131n Kulak k\u00fcpelerimiz ve \u0131\u015f\u0131lt\u0131l\u0131 \u00e7a\u011fda\u015f tarz\u0131m\u0131zla parlamay\u0131 se\u00e7in.","breadcrumb":{"@id":"https:\/\/www.purejewels.com\/product\/aphrodite-ear-studs\/#breadcrumb"},"inLanguage":"tr","potentialAction":[{"@type":"ReadAction","target":["https:\/\/www.purejewels.com\/product\/aphrodite-ear-studs\/"]}]},{"@type":"ImageObject","inLanguage":"tr","@id":"https:\/\/www.purejewels.com\/product\/aphrodite-ear-studs\/#primaryimage","url":"https:\/\/static.purejewels.com\/wp-content\/uploads\/2017\/07\/aphrodite-ear-studs-15944.jpg","contentUrl":"https:\/\/static.purejewels.com\/wp-content\/uploads\/2017\/07\/aphrodite-ear-studs-15944.jpg","width":960,"height":960,"caption":"aphrodite-ear-studs-15944.jpg"},{"@type":"BreadcrumbList","@id":"https:\/\/www.purejewels.com\/product\/aphrodite-ear-studs\/#breadcrumb","itemListElement":[{"@type":"ListItem","position":1,"name":"Home","item":"https:\/\/www.purejewels.com\/"},{"@type":"ListItem","position":2,"name":"Shop","item":"https:\/\/www.purejewels.com\/shop\/"},{"@type":"ListItem","position":3,"name":"Aphrodite Ear Studs"}]},{"@type":"WebSite","@id":"https:\/\/www.purejewels.com\/#website","url":"https:\/\/www.purejewels.com\/","name":"PureJewels \u0130ngiltere","description":"Sevgiyi Payla\u015f\u0131n","publisher":{"@id":"https:\/\/www.purejewels.com\/#organization"},"potentialAction":[{"@type":"SearchAction","target":{"@type":"EntryPoint","urlTemplate":"https:\/\/www.purejewels.com\/?s={search_term_string}"},"query-input":{"@type":"PropertyValueSpecification","valueRequired":true,"valueName":"search_term_string"}}],"inLanguage":"tr"},{"@type":"Organization","@id":"https:\/\/www.purejewels.com\/#organization","name":"PureJewels \u0130ngiltere","url":"https:\/\/www.purejewels.com\/","logo":{"@type":"ImageObject","inLanguage":"tr","@id":"https:\/\/www.purejewels.com\/#\/schema\/logo\/image\/","url":"https:\/\/static.purejewels.com\/wp-content\/uploads\/2020\/11\/Logo-PJ-New-1.png","contentUrl":"https:\/\/static.purejewels.com\/wp-content\/uploads\/2020\/11\/Logo-PJ-New-1.png","width":150,"height":80,"caption":"PureJewels UK"},"image":{"@id":"https:\/\/www.purejewels.com\/#\/schema\/logo\/image\/"}}]}},"_links":{"self":[{"href":"https:\/\/www.purejewels.com\/tr\/wp-json\/wp\/v2\/product\/3672","targetHints":{"allow":["GET"]}}],"collection":[{"href":"https:\/\/www.purejewels.com\/tr\/wp-json\/wp\/v2\/product"}],"about":[{"href":"https:\/\/www.purejewels.com\/tr\/wp-json\/wp\/v2\/types\/product"}],"replies":[{"embeddable":true,"href":"https:\/\/www.purejewels.com\/tr\/wp-json\/wp\/v2\/comments?post=3672"}],"version-history":[{"count":3,"href":"https:\/\/www.purejewels.com\/tr\/wp-json\/wp\/v2\/product\/3672\/revisions"}],"predecessor-version":[{"id":416958,"href":"https:\/\/www.purejewels.com\/tr\/wp-json\/wp\/v2\/product\/3672\/revisions\/416958"}],"wp:featuredmedia":[{"embeddable":true,"href":"https:\/\/www.purejewels.com\/tr\/wp-json\/wp\/v2\/media\/3673"}],"wp:attachment":[{"href":"https:\/\/www.purejewels.com\/tr\/wp-json\/wp\/v2\/media?parent=3672"}],"wp:term":[{"taxonomy":"product_brand","embeddable":true,"href":"https:\/\/www.purejewels.com\/tr\/wp-json\/wp\/v2\/product_brand?post=3672"},{"taxonomy":"product_cat","embeddable":true,"href":"https:\/\/www.purejewels.com\/tr\/wp-json\/wp\/v2\/product_cat?post=3672"},{"taxonomy":"product_tag","embeddable":true,"href":"https:\/\/www.purejewels.com\/tr\/wp-json\/wp\/v2\/product_tag?post=3672"}],"curies":[{"name":"wp","href":"https:\/\/api.w.org\/{rel}","templated":true}]}}