{"id":367582,"date":"2024-07-18T06:19:02","date_gmt":"2024-07-18T05:19:02","guid":{"rendered":"https:\/\/www.purejewels.com\/?post_type=product&#038;p=367582"},"modified":"2026-02-02T09:12:43","modified_gmt":"2026-02-02T09:12:43","slug":"incili-ve-rozet-cicekli-22-ayar-altin-ponka-46309","status":"publish","type":"product","link":"https:\/\/www.purejewels.com\/tr\/product\/22ct-gold-poncha-with-pearls-and-rosette-flower-46309\/","title":{"rendered":"\u0130ncili ve Rozet \u00c7i\u00e7ekli 22 Ayar Alt\u0131n Ponka | 7 \u0130n\u00e7"},"content":{"rendered":"<p data-sourcepos=\"3:1-3:323\">Bu b\u00fcy\u00fcleyici <a href=\"https:\/\/www.purejewels.com\/tr\/product\/22ct-gold-jali-filigree-ring-jali-collection-31926\/\">22ct<\/a> <a href=\"https:\/\/www.purejewels.com\/tr\/product\/22ct-sunrise-gold-rosette-poncha-bracelet-with-ring-34687\/\">alt\u0131n poncha<\/a> bir ba\u015fyap\u0131tt\u0131r. <a href=\"https:\/\/www.purejewels.com\/tr\/a-guide-to-die-stamping\/\">zanaatkarl\u0131k<\/a>bile\u011finizi sofistike bir dokunu\u015fla y\u00fckseltmek i\u00e7in tasarlanm\u0131\u015ft\u0131r. Karma\u015f\u0131k detaylar\u0131 <a href=\"https:\/\/www.purejewels.com\/tr\/elegance-of-sold-gold\/\">ger\u00e7ek alt\u0131n<\/a> \u0131\u015f\u0131lt\u0131l\u0131, parlak tatl\u0131 su incilerinden olu\u015fan bir k\u00fcmeyi g\u00fczelce \u00e7er\u00e7eveler. Ta\u00e7land\u0131r\u0131c\u0131 bir dokunu\u015f olan narin rozet \u00e7i\u00e7e\u011fi, tuhaf bir \u00e7ekicilik kat\u0131yor.<\/p>\n<p data-sourcepos=\"5:1-5:23\"><strong>B\u00fcy\u00fcleyici G\u00fczellik:<\/strong><\/p>\n<ul data-sourcepos=\"7:1-10:0\">\n<li data-sourcepos=\"7:1-7:74\">P\u0131r\u0131l p\u0131r\u0131l parlayan <a href=\"https:\/\/www.purejewels.com\/tr\/product\/holy-cross-gold-pendant-44713\/\">22 ayar alt\u0131n<\/a>bu poncha benzersiz bir l\u00fcks yay\u0131yor.<\/li>\n<li data-sourcepos=\"8:1-8:109\">Tatl\u0131 su incileri, do\u011fal parlakl\u0131klar\u0131yla her harekette \u0131\u015f\u0131\u011f\u0131 yakalayarak organik bir zarafet katar.<\/li>\n<li data-sourcepos=\"9:1-10:0\">Ho\u015f rozet \u00e7i\u00e7e\u011fi romantik bir hava katarak bu pon\u00e7ay\u0131 m\u00fckemmel bir sohbet ba\u015flat\u0131c\u0131 haline getirir.<\/li>\n<\/ul>\n<p data-sourcepos=\"11:1-11:35\"><strong>Konfor ve Stil i\u00e7in Tasarland\u0131:<\/strong><\/p>\n<ul data-sourcepos=\"13:1-16:0\">\n<li data-sourcepos=\"13:1-13:98\">7 in\u00e7 \u00f6l\u00e7\u00fcs\u00fcndeki bu ponka, \u00e7o\u011fu bile\u011fe rahat ve g\u00fczel bir \u015fekilde oturacak \u015fekilde tasarlanm\u0131\u015ft\u0131r.<\/li>\n<li data-sourcepos=\"14:1-14:88\">Titiz i\u015f\u00e7ilik, zahmetsiz kullan\u0131m i\u00e7in p\u00fcr\u00fczs\u00fcz ve cilal\u0131 bir y\u00fczey sa\u011flar.<\/li>\n<li data-sourcepos=\"15:1-16:0\">\u0130ster \u00f6zel bir g\u00fcn i\u00e7in giydirin ister g\u00fcnl\u00fck k\u0131yafetlerinize zarif bir dokunu\u015f kat\u0131n, bu \u00e7ok y\u00f6nl\u00fc ponka kesinlikle de\u011ferli bir par\u00e7a haline gelecektir.<\/li>\n<\/ul>\n<p data-sourcepos=\"17:1-17:40\"><strong>Kaliteye Yat\u0131r\u0131m Yap\u0131n, \u015e\u0131kl\u0131\u011f\u0131 Kucaklay\u0131n:<\/strong><\/p>\n<ul data-sourcepos=\"19:1-22:0\">\n<li data-sourcepos=\"19:1-19:115\">Bu zarif 22 ayar alt\u0131n ponka bir aksesuardan \u00e7ok daha fazlas\u0131d\u0131r; nesiller boyu el \u00fcst\u00fcnde tutulacak bir aile yadigar\u0131d\u0131r.<\/li>\n<li data-sourcepos=\"20:1-20:106\">Zamans\u0131z tasar\u0131m\u0131 sayesinde asla modas\u0131 ge\u00e7meyecek olan bu m\u00fccevher, her m\u00fccevher koleksiyonunun l\u00fcks bir par\u00e7as\u0131d\u0131r.<\/li>\n<li data-sourcepos=\"21:1-22:0\">Kendinizi \u015f\u0131mart\u0131n ya da bu ola\u011fan\u00fcst\u00fc parlakl\u0131k ve incelik hediyesiyle \u00f6zel birini \u015fa\u015f\u0131rt\u0131n.<\/li>\n<\/ul>\n<p data-sourcepos=\"23:1-23:129\"><strong>\u0130ncili ve rozet \u00e7i\u00e7ekli 22 ayar alt\u0131n ponkan\u0131z\u0131 bug\u00fcn sipari\u015f edin ve e\u015fsiz kaliteyi ve b\u00fcy\u00fcleyici g\u00fczelli\u011fi deneyimleyin!<\/strong><\/p>","protected":false},"excerpt":{"rendered":"<table class=\"sh_desc\">\n<tbody>\n<tr>\n<td>Bileklik T\u00fcr\u00fc<\/td>\n<td>Poncha<\/td>\n<\/tr>\n<tr>\n<td>SKU<\/td>\n<td>46309<\/td>\n<\/tr>\n<tr>\n<td>Uzunluk<\/td>\n<td>7 \u0130n\u00e7<\/td>\n<\/tr>\n<tr>\n<td>A\u011f\u0131rl\u0131k<\/td>\n<td>7,5 Gms<\/td>\n<\/tr>\n<tr>\n<td>Metal<\/td>\n<td>22 Ayar Alt\u0131n<\/td>\n<\/tr>\n<tr>\n<td>KatalogID<\/td>\n<td>R1077<\/td>\n<\/tr>\n<tr>\n<td>\u00dccretler<\/td>\n<td>Teslimat ve KDV Dahil<\/td>\n<\/tr>\n<tr>\n<td>Paketleme<\/td>\n<td>Sunum Kutusu ile Birlikte Gelir<\/td>\n<\/tr>\n<tr>\n<td>Daha Fazla Bilgi<\/td>\n<td>M\u00fcsaitlik durumu ve daha fazla resim i\u00e7in bizimle canl\u0131 sohbet edin<\/td>\n<\/tr>\n<\/tbody>\n<\/table>\n<div class=\"btn-atc atc-slide\"><\/div>\n<div class=\"product_meta\"><\/div>","protected":false},"featured_media":367584,"comment_status":"closed","ping_status":"closed","template":"","meta":{"_eb_attr":"","_crsspst_to_jayantr4sg-hostcom":false},"product_brand":[],"product_cat":[1791,5701,1229,1718,5456,5656,1656,1573,1574,5349],"product_tag":[1430],"class_list":{"0":"post-367582","1":"product","2":"type-product","3":"status-publish","4":"has-post-thumbnail","6":"product_cat-anniversary-gifts","7":"product_cat-eid-jewellery","8":"product_cat-22ct-gold-jewellery","9":"product_cat-ladies-poncha","10":"product_cat-pearl-collection","11":"product_cat-rosette-poncha","12":"product_cat-rosettes-collections","13":"product_cat-wedding-gifts","14":"product_cat-womens-jewellery","15":"product_cat-yellow-gold-jewellery","16":"product_tag-diwali-gift","18":"first","19":"onbackorder","20":"taxable","21":"shipping-taxable","22":"purchasable","23":"product-type-simple","24":"add-to-wishlist-before_image"},"yoast_head":"<!-- This site is optimized with the Yoast SEO plugin v27.6 - https:\/\/yoast.com\/product\/yoast-seo-wordpress\/ -->\n<title>Shop 22ct Gold Poncha with Pearls and Rosette Flower | 7 Inches<\/title>\n<meta name=\"description\" content=\"Dazzle with our exquisite 22ct gold poncha, featuring delicate pearls and a charming rosette flower. Perfect for any occasion. Buy Poncha online today.\" \/>\n<meta name=\"robots\" content=\"index, follow, max-snippet:-1, max-image-preview:large, max-video-preview:-1\" \/>\n<link rel=\"canonical\" href=\"https:\/\/www.purejewels.com\/tr\/urun\/incili-ve-rozet-cicekli-22-ayar-altin-ponka-46309\/\" \/>\n<meta property=\"og:locale\" content=\"tr_TR\" \/>\n<meta property=\"og:type\" content=\"article\" \/>\n<meta property=\"og:title\" content=\"Shop 22ct Gold Poncha with Pearls and Rosette Flower | 7 Inches\" \/>\n<meta property=\"og:description\" content=\"Dazzle with our exquisite 22ct gold poncha, featuring delicate pearls and a charming rosette flower. Perfect for any occasion. Buy Poncha online today.\" \/>\n<meta property=\"og:url\" content=\"https:\/\/www.purejewels.com\/tr\/urun\/incili-ve-rozet-cicekli-22-ayar-altin-ponka-46309\/\" \/>\n<meta property=\"og:site_name\" content=\"PureJewels UK\" \/>\n<meta property=\"article:modified_time\" content=\"2026-02-02T09:12:43+00:00\" \/>\n<meta property=\"og:image\" content=\"https:\/\/static.purejewels.com\/wp-content\/uploads\/2024\/07\/PJ-05.07-160.png\" \/>\n\t<meta property=\"og:image:width\" content=\"1000\" \/>\n\t<meta property=\"og:image:height\" content=\"1000\" \/>\n\t<meta property=\"og:image:type\" content=\"image\/png\" \/>\n<meta name=\"twitter:card\" content=\"summary_large_image\" \/>\n<meta name=\"twitter:label1\" content=\"Tahmini okuma s\u00fcresi\" \/>\n\t<meta name=\"twitter:data1\" content=\"2 dakika\" \/>\n<script type=\"application\/ld+json\" class=\"yoast-schema-graph\">{\"@context\":\"https:\\\/\\\/schema.org\",\"@graph\":[{\"@type\":[\"WebPage\",\"ItemPage\"],\"@id\":\"https:\\\/\\\/www.purejewels.com\\\/product\\\/22ct-gold-poncha-with-pearls-and-rosette-flower-46309\\\/\",\"url\":\"https:\\\/\\\/www.purejewels.com\\\/product\\\/22ct-gold-poncha-with-pearls-and-rosette-flower-46309\\\/\",\"name\":\"Shop 22ct Gold Poncha with Pearls and Rosette Flower | 7 Inches\",\"isPartOf\":{\"@id\":\"https:\\\/\\\/www.purejewels.com\\\/#website\"},\"primaryImageOfPage\":{\"@id\":\"https:\\\/\\\/www.purejewels.com\\\/product\\\/22ct-gold-poncha-with-pearls-and-rosette-flower-46309\\\/#primaryimage\"},\"image\":{\"@id\":\"https:\\\/\\\/www.purejewels.com\\\/product\\\/22ct-gold-poncha-with-pearls-and-rosette-flower-46309\\\/#primaryimage\"},\"thumbnailUrl\":\"https:\\\/\\\/static.purejewels.com\\\/wp-content\\\/uploads\\\/2024\\\/07\\\/PJ-05.07-160.png\",\"datePublished\":\"2024-07-18T05:19:02+00:00\",\"dateModified\":\"2026-02-02T09:12:43+00:00\",\"description\":\"Dazzle with our exquisite 22ct gold poncha, featuring delicate pearls and a charming rosette flower. Perfect for any occasion. Buy Poncha online today.\",\"breadcrumb\":{\"@id\":\"https:\\\/\\\/www.purejewels.com\\\/product\\\/22ct-gold-poncha-with-pearls-and-rosette-flower-46309\\\/#breadcrumb\"},\"inLanguage\":\"tr\",\"potentialAction\":[{\"@type\":\"ReadAction\",\"target\":[\"https:\\\/\\\/www.purejewels.com\\\/product\\\/22ct-gold-poncha-with-pearls-and-rosette-flower-46309\\\/\"]}]},{\"@type\":\"ImageObject\",\"inLanguage\":\"tr\",\"@id\":\"https:\\\/\\\/www.purejewels.com\\\/product\\\/22ct-gold-poncha-with-pearls-and-rosette-flower-46309\\\/#primaryimage\",\"url\":\"https:\\\/\\\/static.purejewels.com\\\/wp-content\\\/uploads\\\/2024\\\/07\\\/PJ-05.07-160.png\",\"contentUrl\":\"https:\\\/\\\/static.purejewels.com\\\/wp-content\\\/uploads\\\/2024\\\/07\\\/PJ-05.07-160.png\",\"width\":1000,\"height\":1000,\"caption\":\"22ct Gold Rosette Pearl Bracelet\"},{\"@type\":\"BreadcrumbList\",\"@id\":\"https:\\\/\\\/www.purejewels.com\\\/product\\\/22ct-gold-poncha-with-pearls-and-rosette-flower-46309\\\/#breadcrumb\",\"itemListElement\":[{\"@type\":\"ListItem\",\"position\":1,\"name\":\"Home\",\"item\":\"https:\\\/\\\/www.purejewels.com\\\/\"},{\"@type\":\"ListItem\",\"position\":2,\"name\":\"Shop\",\"item\":\"https:\\\/\\\/www.purejewels.com\\\/shop\\\/\"},{\"@type\":\"ListItem\",\"position\":3,\"name\":\"22ct Gold Poncha with Pearls and Rosette Flower | 7 Inches\"}]},{\"@type\":\"WebSite\",\"@id\":\"https:\\\/\\\/www.purejewels.com\\\/#website\",\"url\":\"https:\\\/\\\/www.purejewels.com\\\/\",\"name\":\"PureJewels UK\",\"description\":\"Share the Love\",\"publisher\":{\"@id\":\"https:\\\/\\\/www.purejewels.com\\\/#organization\"},\"potentialAction\":[{\"@type\":\"SearchAction\",\"target\":{\"@type\":\"EntryPoint\",\"urlTemplate\":\"https:\\\/\\\/www.purejewels.com\\\/?s={search_term_string}\"},\"query-input\":{\"@type\":\"PropertyValueSpecification\",\"valueRequired\":true,\"valueName\":\"search_term_string\"}}],\"inLanguage\":\"tr\"},{\"@type\":\"Organization\",\"@id\":\"https:\\\/\\\/www.purejewels.com\\\/#organization\",\"name\":\"PureJewels UK\",\"url\":\"https:\\\/\\\/www.purejewels.com\\\/\",\"logo\":{\"@type\":\"ImageObject\",\"inLanguage\":\"tr\",\"@id\":\"https:\\\/\\\/www.purejewels.com\\\/#\\\/schema\\\/logo\\\/image\\\/\",\"url\":\"https:\\\/\\\/static.purejewels.com\\\/wp-content\\\/uploads\\\/2020\\\/11\\\/Logo-PJ-New-1.png\",\"contentUrl\":\"https:\\\/\\\/static.purejewels.com\\\/wp-content\\\/uploads\\\/2020\\\/11\\\/Logo-PJ-New-1.png\",\"width\":150,\"height\":80,\"caption\":\"PureJewels UK\"},\"image\":{\"@id\":\"https:\\\/\\\/www.purejewels.com\\\/#\\\/schema\\\/logo\\\/image\\\/\"}}]}<\/script>\n<!-- \/ Yoast SEO plugin. -->","yoast_head_json":{"title":"\u0130ncili ve Rozet \u00c7i\u00e7ekli 22 Ayar Alt\u0131n Ponka | 7 \u0130n\u00e7 Al\u0131\u015fveri\u015fi","description":"Narin inciler ve b\u00fcy\u00fcleyici bir rozet \u00e7i\u00e7e\u011fi i\u00e7eren zarif 22 ayar alt\u0131n pon\u00e7am\u0131zla g\u00f6z kama\u015ft\u0131r\u0131n. Her durum i\u00e7in m\u00fckemmel. Poncha'y\u0131 bug\u00fcn online sat\u0131n al\u0131n.","robots":{"index":"index","follow":"follow","max-snippet":"max-snippet:-1","max-image-preview":"max-image-preview:large","max-video-preview":"max-video-preview:-1"},"canonical":"https:\/\/www.purejewels.com\/tr\/urun\/incili-ve-rozet-cicekli-22-ayar-altin-ponka-46309\/","og_locale":"tr_TR","og_type":"article","og_title":"Shop 22ct Gold Poncha with Pearls and Rosette Flower | 7 Inches","og_description":"Dazzle with our exquisite 22ct gold poncha, featuring delicate pearls and a charming rosette flower. Perfect for any occasion. Buy Poncha online today.","og_url":"https:\/\/www.purejewels.com\/tr\/urun\/incili-ve-rozet-cicekli-22-ayar-altin-ponka-46309\/","og_site_name":"PureJewels UK","article_modified_time":"2026-02-02T09:12:43+00:00","og_image":[{"width":1000,"height":1000,"url":"https:\/\/static.purejewels.com\/wp-content\/uploads\/2024\/07\/PJ-05.07-160.png","type":"image\/png"}],"twitter_card":"summary_large_image","twitter_misc":{"Tahmini okuma s\u00fcresi":"2 dakika"},"schema":{"@context":"https:\/\/schema.org","@graph":[{"@type":["WebPage","ItemPage"],"@id":"https:\/\/www.purejewels.com\/product\/22ct-gold-poncha-with-pearls-and-rosette-flower-46309\/","url":"https:\/\/www.purejewels.com\/product\/22ct-gold-poncha-with-pearls-and-rosette-flower-46309\/","name":"\u0130ncili ve Rozet \u00c7i\u00e7ekli 22 Ayar Alt\u0131n Ponka | 7 \u0130n\u00e7 Al\u0131\u015fveri\u015fi","isPartOf":{"@id":"https:\/\/www.purejewels.com\/#website"},"primaryImageOfPage":{"@id":"https:\/\/www.purejewels.com\/product\/22ct-gold-poncha-with-pearls-and-rosette-flower-46309\/#primaryimage"},"image":{"@id":"https:\/\/www.purejewels.com\/product\/22ct-gold-poncha-with-pearls-and-rosette-flower-46309\/#primaryimage"},"thumbnailUrl":"https:\/\/static.purejewels.com\/wp-content\/uploads\/2024\/07\/PJ-05.07-160.png","datePublished":"2024-07-18T05:19:02+00:00","dateModified":"2026-02-02T09:12:43+00:00","description":"Narin inciler ve b\u00fcy\u00fcleyici bir rozet \u00e7i\u00e7e\u011fi i\u00e7eren zarif 22 ayar alt\u0131n pon\u00e7am\u0131zla g\u00f6z kama\u015ft\u0131r\u0131n. Her durum i\u00e7in m\u00fckemmel. Poncha'y\u0131 bug\u00fcn online sat\u0131n al\u0131n.","breadcrumb":{"@id":"https:\/\/www.purejewels.com\/product\/22ct-gold-poncha-with-pearls-and-rosette-flower-46309\/#breadcrumb"},"inLanguage":"tr","potentialAction":[{"@type":"ReadAction","target":["https:\/\/www.purejewels.com\/product\/22ct-gold-poncha-with-pearls-and-rosette-flower-46309\/"]}]},{"@type":"ImageObject","inLanguage":"tr","@id":"https:\/\/www.purejewels.com\/product\/22ct-gold-poncha-with-pearls-and-rosette-flower-46309\/#primaryimage","url":"https:\/\/static.purejewels.com\/wp-content\/uploads\/2024\/07\/PJ-05.07-160.png","contentUrl":"https:\/\/static.purejewels.com\/wp-content\/uploads\/2024\/07\/PJ-05.07-160.png","width":1000,"height":1000,"caption":"22ct Gold Rosette Pearl Bracelet"},{"@type":"BreadcrumbList","@id":"https:\/\/www.purejewels.com\/product\/22ct-gold-poncha-with-pearls-and-rosette-flower-46309\/#breadcrumb","itemListElement":[{"@type":"ListItem","position":1,"name":"Home","item":"https:\/\/www.purejewels.com\/"},{"@type":"ListItem","position":2,"name":"Shop","item":"https:\/\/www.purejewels.com\/shop\/"},{"@type":"ListItem","position":3,"name":"22ct Gold Poncha with Pearls and Rosette Flower | 7 Inches"}]},{"@type":"WebSite","@id":"https:\/\/www.purejewels.com\/#website","url":"https:\/\/www.purejewels.com\/","name":"PureJewels \u0130ngiltere","description":"Sevgiyi Payla\u015f\u0131n","publisher":{"@id":"https:\/\/www.purejewels.com\/#organization"},"potentialAction":[{"@type":"SearchAction","target":{"@type":"EntryPoint","urlTemplate":"https:\/\/www.purejewels.com\/?s={search_term_string}"},"query-input":{"@type":"PropertyValueSpecification","valueRequired":true,"valueName":"search_term_string"}}],"inLanguage":"tr"},{"@type":"Organization","@id":"https:\/\/www.purejewels.com\/#organization","name":"PureJewels \u0130ngiltere","url":"https:\/\/www.purejewels.com\/","logo":{"@type":"ImageObject","inLanguage":"tr","@id":"https:\/\/www.purejewels.com\/#\/schema\/logo\/image\/","url":"https:\/\/static.purejewels.com\/wp-content\/uploads\/2020\/11\/Logo-PJ-New-1.png","contentUrl":"https:\/\/static.purejewels.com\/wp-content\/uploads\/2020\/11\/Logo-PJ-New-1.png","width":150,"height":80,"caption":"PureJewels UK"},"image":{"@id":"https:\/\/www.purejewels.com\/#\/schema\/logo\/image\/"}}]}},"_links":{"self":[{"href":"https:\/\/www.purejewels.com\/tr\/wp-json\/wp\/v2\/product\/367582","targetHints":{"allow":["GET"]}}],"collection":[{"href":"https:\/\/www.purejewels.com\/tr\/wp-json\/wp\/v2\/product"}],"about":[{"href":"https:\/\/www.purejewels.com\/tr\/wp-json\/wp\/v2\/types\/product"}],"replies":[{"embeddable":true,"href":"https:\/\/www.purejewels.com\/tr\/wp-json\/wp\/v2\/comments?post=367582"}],"version-history":[{"count":3,"href":"https:\/\/www.purejewels.com\/tr\/wp-json\/wp\/v2\/product\/367582\/revisions"}],"predecessor-version":[{"id":369738,"href":"https:\/\/www.purejewels.com\/tr\/wp-json\/wp\/v2\/product\/367582\/revisions\/369738"}],"wp:featuredmedia":[{"embeddable":true,"href":"https:\/\/www.purejewels.com\/tr\/wp-json\/wp\/v2\/media\/367584"}],"wp:attachment":[{"href":"https:\/\/www.purejewels.com\/tr\/wp-json\/wp\/v2\/media?parent=367582"}],"wp:term":[{"taxonomy":"product_brand","embeddable":true,"href":"https:\/\/www.purejewels.com\/tr\/wp-json\/wp\/v2\/product_brand?post=367582"},{"taxonomy":"product_cat","embeddable":true,"href":"https:\/\/www.purejewels.com\/tr\/wp-json\/wp\/v2\/product_cat?post=367582"},{"taxonomy":"product_tag","embeddable":true,"href":"https:\/\/www.purejewels.com\/tr\/wp-json\/wp\/v2\/product_tag?post=367582"}],"curies":[{"name":"wp","href":"https:\/\/api.w.org\/{rel}","templated":true}]}}