{"id":367929,"date":"2024-06-24T10:47:36","date_gmt":"2024-06-24T09:47:36","guid":{"rendered":"https:\/\/www.purejewels.com\/?post_type=product&#038;p=367929"},"modified":"2026-01-07T06:32:06","modified_gmt":"2026-01-07T06:32:06","slug":"22-ayar-gundogumu-altin-burma-yuzuk-49070","status":"publish","type":"product","link":"https:\/\/www.purejewels.com\/tr\/product\/22ct-sunrise-gold-twisted-ring-49070\/","title":{"rendered":"22 Ayar G\u00fcndo\u011fumu Alt\u0131n B\u00fck\u00fcml\u00fc Y\u00fcz\u00fck | P Beden"},"content":{"rendered":"<p data-sourcepos=\"5:1-5:80\">\u015eafa\u011f\u0131n alt\u0131n tonlar\u0131ndan ilham alan bu zarif y\u00fcz\u00fck, yeni bir g\u00fcn\u00fcn \u00f6z\u00fcn\u00fc yakal\u0131yor. Karma\u015f\u0131k burgulu tasar\u0131m\u0131, 22 ayar alt\u0131n\u0131n klasik g\u00fczelli\u011fine modern bir zarafet dokunu\u015fu kat\u0131yor. \u00d6zenle m\u00fckemmel bir \u015fekilde i\u015flenen bu y\u00fcz\u00fck, kuyumcular\u0131m\u0131z\u0131n sanat\u0131n\u0131n bir kan\u0131t\u0131d\u0131r.<\/p>\n<p data-sourcepos=\"7:1-7:118\">Rahat P boyutu m\u00fckemmel bir uyum sa\u011flar ve g\u00fcnl\u00fck kullan\u0131m veya \u00f6zel g\u00fcnler i\u00e7in ho\u015f bir aksesuar haline getirir. \u0130ster \u015f\u0131k ister \u015f\u0131k giyin, bu y\u00fcz\u00fck g\u00f6r\u00fcn\u00fcm\u00fcn\u00fcz\u00fc zahmetsizce y\u00fckseltir.<\/p>\n<p data-sourcepos=\"9:1-9:133\">Saf alt\u0131n\u0131n l\u00fcks\u00fcyle kendinizi \u015f\u0131mart\u0131n ve hem zamans\u0131z cazibeyi hem de \u00e7a\u011fda\u015f stili temsil eden bir par\u00e7aya sahip olman\u0131n keyfini ya\u015fay\u0131n.<\/p>","protected":false},"excerpt":{"rendered":"<table style=\"border-collapse: collapse; width: 100%; height: 196px;\">\n<tbody>\n<tr style=\"height: 28px;\">\n<td style=\"width: 22.5%; height: 28px;\">Y\u00fcz\u00fck Tipi<\/td>\n<td style=\"width: 77.5%; height: 28px;\">22 Ayar G\u00fcndo\u011fumu Alt\u0131n Y\u00fcz\u00fck<\/td>\n<\/tr>\n<tr style=\"height: 28px;\">\n<td style=\"width: 22.5%; height: 28px;\">SKU<\/td>\n<td style=\"width: 77.5%; height: 28px;\">49070<\/td>\n<\/tr>\n<tr style=\"height: 28px;\">\n<td style=\"width: 22.5%; height: 28px;\">A\u011f\u0131rl\u0131k<\/td>\n<td style=\"width: 77.5%; height: 28px;\">1.7 gram<\/td>\n<\/tr>\n<tr style=\"height: 28px;\">\n<td style=\"width: 22.5%; height: 28px;\">Geni\u015flik<\/td>\n<td style=\"width: 77.5%; height: 28px;\">1,5 mm<\/td>\n<\/tr>\n<tr style=\"height: 28px;\">\n<td style=\"width: 22.5%; height: 28px;\">Y\u00fcz\u00fck \u00f6l\u00e7\u00fcs\u00fc<\/td>\n<td style=\"width: 77.5%; height: 28px;\">P<\/td>\n<\/tr>\n<tr style=\"height: 28px;\">\n<td style=\"width: 22.5%; height: 28px;\">Metal<\/td>\n<td style=\"width: 77.5%; height: 28px;\">22 Ayar G\u00fcndo\u011fumu Alt\u0131n<\/td>\n<\/tr>\n<tr style=\"height: 28px;\">\n<td style=\"width: 22.5%; height: 28px;\">\u00dccretler<\/td>\n<td style=\"width: 77.5%; height: 28px;\">Teslimat ve KDV Dahil<\/td>\n<\/tr>\n<tr style=\"height: 28px;\">\n<td style=\"width: 22.5%; height: 28px;\">Paketleme<\/td>\n<td style=\"width: 77.5%; height: 28px;\">Sunum Kutusu ile Birlikte Gelir<\/td>\n<\/tr>\n<tr>\n<td style=\"width: 22.5%;\">Daha Fazla Bilgi<\/td>\n<td style=\"width: 77.5%;\">M\u00fcsaitlik durumu ve daha fazla resim i\u00e7in bizimle canl\u0131 sohbet edin<\/td>\n<\/tr>\n<\/tbody>\n<\/table>","protected":false},"featured_media":367915,"comment_status":"closed","ping_status":"closed","template":"","meta":{"_eb_attr":"","_crsspst_to_jayantr4sg-hostcom":false},"product_brand":[],"product_cat":[1791,1559,1785,1229,1235,1783,1570,1574],"product_tag":[64],"class_list":{"0":"post-367929","1":"product","2":"type-product","3":"status-publish","4":"has-post-thumbnail","6":"product_cat-anniversary-gifts","7":"product_cat-birthday-gifts","8":"product_cat-daily-wear-rings","9":"product_cat-22ct-gold-jewellery","10":"product_cat-gold-rings","11":"product_cat-ladies-rings","12":"product_cat-mothers-day-gifts","13":"product_cat-womens-jewellery","14":"product_tag-rings","16":"first","17":"outofstock","18":"taxable","19":"shipping-taxable","20":"product-type-simple","21":"add-to-wishlist-before_image"},"yoast_head":"<!-- This site is optimized with the Yoast SEO plugin v27.3 - https:\/\/yoast.com\/product\/yoast-seo-wordpress\/ -->\n<title>Women&#039;s 22ct Gold Twisted Ring | Size P | PureJewels UK<\/title>\n<meta name=\"description\" content=\"Elevate your style with our 22ct Sunrise Gold Twisted Ring in size P. This stunning piece features a captivating twisted design that exudes modern elegance.\" \/>\n<meta name=\"robots\" content=\"index, follow, max-snippet:-1, max-image-preview:large, max-video-preview:-1\" \/>\n<link rel=\"canonical\" href=\"https:\/\/www.purejewels.com\/tr\/urun\/22-ayar-gundogumu-altin-burma-yuzuk-49070\/\" \/>\n<meta property=\"og:locale\" content=\"tr_TR\" \/>\n<meta property=\"og:type\" content=\"article\" \/>\n<meta property=\"og:title\" content=\"Women&#039;s 22ct Gold Twisted Ring | Size P | PureJewels UK\" \/>\n<meta property=\"og:description\" content=\"Elevate your style with our 22ct Sunrise Gold Twisted Ring in size P. This stunning piece features a captivating twisted design that exudes modern elegance.\" \/>\n<meta property=\"og:url\" content=\"https:\/\/www.purejewels.com\/tr\/urun\/22-ayar-gundogumu-altin-burma-yuzuk-49070\/\" \/>\n<meta property=\"og:site_name\" content=\"PureJewels UK\" \/>\n<meta property=\"article:modified_time\" content=\"2026-01-07T06:32:06+00:00\" \/>\n<meta property=\"og:image\" content=\"https:\/\/www.purejewels.com\/wp-content\/uploads\/2024\/07\/47527-1.png\" \/>\n\t<meta property=\"og:image:width\" content=\"1000\" \/>\n\t<meta property=\"og:image:height\" content=\"1000\" \/>\n\t<meta property=\"og:image:type\" content=\"image\/png\" \/>\n<meta name=\"twitter:card\" content=\"summary_large_image\" \/>\n<meta name=\"twitter:label1\" content=\"Tahmini okuma s\u00fcresi\" \/>\n\t<meta name=\"twitter:data1\" content=\"1 dakika\" \/>\n<script type=\"application\/ld+json\" class=\"yoast-schema-graph\">{\"@context\":\"https:\\\/\\\/schema.org\",\"@graph\":[{\"@type\":[\"WebPage\",\"ItemPage\"],\"@id\":\"https:\\\/\\\/www.purejewels.com\\\/product\\\/22ct-sunrise-gold-twisted-ring-49070\\\/\",\"url\":\"https:\\\/\\\/www.purejewels.com\\\/product\\\/22ct-sunrise-gold-twisted-ring-49070\\\/\",\"name\":\"Women's 22ct Gold Twisted Ring | Size P | PureJewels UK\",\"isPartOf\":{\"@id\":\"https:\\\/\\\/www.purejewels.com\\\/#website\"},\"primaryImageOfPage\":{\"@id\":\"https:\\\/\\\/www.purejewels.com\\\/product\\\/22ct-sunrise-gold-twisted-ring-49070\\\/#primaryimage\"},\"image\":{\"@id\":\"https:\\\/\\\/www.purejewels.com\\\/product\\\/22ct-sunrise-gold-twisted-ring-49070\\\/#primaryimage\"},\"thumbnailUrl\":\"https:\\\/\\\/static.purejewels.com\\\/wp-content\\\/uploads\\\/2024\\\/07\\\/47527-1.png\",\"datePublished\":\"2024-06-24T09:47:36+00:00\",\"dateModified\":\"2026-01-07T06:32:06+00:00\",\"description\":\"Elevate your style with our 22ct Sunrise Gold Twisted Ring in size P. This stunning piece features a captivating twisted design that exudes modern elegance.\",\"breadcrumb\":{\"@id\":\"https:\\\/\\\/www.purejewels.com\\\/product\\\/22ct-sunrise-gold-twisted-ring-49070\\\/#breadcrumb\"},\"inLanguage\":\"tr\",\"potentialAction\":[{\"@type\":\"ReadAction\",\"target\":[\"https:\\\/\\\/www.purejewels.com\\\/product\\\/22ct-sunrise-gold-twisted-ring-49070\\\/\"]}]},{\"@type\":\"ImageObject\",\"inLanguage\":\"tr\",\"@id\":\"https:\\\/\\\/www.purejewels.com\\\/product\\\/22ct-sunrise-gold-twisted-ring-49070\\\/#primaryimage\",\"url\":\"https:\\\/\\\/static.purejewels.com\\\/wp-content\\\/uploads\\\/2024\\\/07\\\/47527-1.png\",\"contentUrl\":\"https:\\\/\\\/static.purejewels.com\\\/wp-content\\\/uploads\\\/2024\\\/07\\\/47527-1.png\",\"width\":1000,\"height\":1000,\"caption\":\"22ct Gold Twisted Ring\"},{\"@type\":\"BreadcrumbList\",\"@id\":\"https:\\\/\\\/www.purejewels.com\\\/product\\\/22ct-sunrise-gold-twisted-ring-49070\\\/#breadcrumb\",\"itemListElement\":[{\"@type\":\"ListItem\",\"position\":1,\"name\":\"Home\",\"item\":\"https:\\\/\\\/www.purejewels.com\\\/\"},{\"@type\":\"ListItem\",\"position\":2,\"name\":\"Shop\",\"item\":\"https:\\\/\\\/www.purejewels.com\\\/shop\\\/\"},{\"@type\":\"ListItem\",\"position\":3,\"name\":\"22ct Sunrise Gold Twisted Ring | Size P\"}]},{\"@type\":\"WebSite\",\"@id\":\"https:\\\/\\\/www.purejewels.com\\\/#website\",\"url\":\"https:\\\/\\\/www.purejewels.com\\\/\",\"name\":\"PureJewels UK\",\"description\":\"Share the Love\",\"publisher\":{\"@id\":\"https:\\\/\\\/www.purejewels.com\\\/#organization\"},\"potentialAction\":[{\"@type\":\"SearchAction\",\"target\":{\"@type\":\"EntryPoint\",\"urlTemplate\":\"https:\\\/\\\/www.purejewels.com\\\/?s={search_term_string}\"},\"query-input\":{\"@type\":\"PropertyValueSpecification\",\"valueRequired\":true,\"valueName\":\"search_term_string\"}}],\"inLanguage\":\"tr\"},{\"@type\":\"Organization\",\"@id\":\"https:\\\/\\\/www.purejewels.com\\\/#organization\",\"name\":\"PureJewels UK\",\"url\":\"https:\\\/\\\/www.purejewels.com\\\/\",\"logo\":{\"@type\":\"ImageObject\",\"inLanguage\":\"tr\",\"@id\":\"https:\\\/\\\/www.purejewels.com\\\/#\\\/schema\\\/logo\\\/image\\\/\",\"url\":\"https:\\\/\\\/static.purejewels.com\\\/wp-content\\\/uploads\\\/2020\\\/11\\\/Logo-PJ-New-1.png\",\"contentUrl\":\"https:\\\/\\\/static.purejewels.com\\\/wp-content\\\/uploads\\\/2020\\\/11\\\/Logo-PJ-New-1.png\",\"width\":150,\"height\":80,\"caption\":\"PureJewels UK\"},\"image\":{\"@id\":\"https:\\\/\\\/www.purejewels.com\\\/#\\\/schema\\\/logo\\\/image\\\/\"}}]}<\/script>\n<!-- \/ Yoast SEO plugin. -->","yoast_head_json":{"title":"Kad\u0131n 22 Ayar Alt\u0131n Twisted Y\u00fcz\u00fck | P Beden | PureJewels UK","description":"P beden 22 ayar G\u00fcn Do\u011fumu Alt\u0131n Burgulu Y\u00fcz\u00fc\u011f\u00fcm\u00fczle stilinizi y\u00fckseltin. Bu \u00e7arp\u0131c\u0131 par\u00e7a, modern zarafeti yans\u0131tan b\u00fcy\u00fcleyici bir burgulu tasar\u0131ma sahiptir.","robots":{"index":"index","follow":"follow","max-snippet":"max-snippet:-1","max-image-preview":"max-image-preview:large","max-video-preview":"max-video-preview:-1"},"canonical":"https:\/\/www.purejewels.com\/tr\/urun\/22-ayar-gundogumu-altin-burma-yuzuk-49070\/","og_locale":"tr_TR","og_type":"article","og_title":"Women's 22ct Gold Twisted Ring | Size P | PureJewels UK","og_description":"Elevate your style with our 22ct Sunrise Gold Twisted Ring in size P. This stunning piece features a captivating twisted design that exudes modern elegance.","og_url":"https:\/\/www.purejewels.com\/tr\/urun\/22-ayar-gundogumu-altin-burma-yuzuk-49070\/","og_site_name":"PureJewels UK","article_modified_time":"2026-01-07T06:32:06+00:00","og_image":[{"width":1000,"height":1000,"url":"https:\/\/www.purejewels.com\/wp-content\/uploads\/2024\/07\/47527-1.png","type":"image\/png"}],"twitter_card":"summary_large_image","twitter_misc":{"Tahmini okuma s\u00fcresi":"1 dakika"},"schema":{"@context":"https:\/\/schema.org","@graph":[{"@type":["WebPage","ItemPage"],"@id":"https:\/\/www.purejewels.com\/product\/22ct-sunrise-gold-twisted-ring-49070\/","url":"https:\/\/www.purejewels.com\/product\/22ct-sunrise-gold-twisted-ring-49070\/","name":"Kad\u0131n 22 Ayar Alt\u0131n Twisted Y\u00fcz\u00fck | P Beden | PureJewels UK","isPartOf":{"@id":"https:\/\/www.purejewels.com\/#website"},"primaryImageOfPage":{"@id":"https:\/\/www.purejewels.com\/product\/22ct-sunrise-gold-twisted-ring-49070\/#primaryimage"},"image":{"@id":"https:\/\/www.purejewels.com\/product\/22ct-sunrise-gold-twisted-ring-49070\/#primaryimage"},"thumbnailUrl":"https:\/\/static.purejewels.com\/wp-content\/uploads\/2024\/07\/47527-1.png","datePublished":"2024-06-24T09:47:36+00:00","dateModified":"2026-01-07T06:32:06+00:00","description":"P beden 22 ayar G\u00fcn Do\u011fumu Alt\u0131n Burgulu Y\u00fcz\u00fc\u011f\u00fcm\u00fczle stilinizi y\u00fckseltin. Bu \u00e7arp\u0131c\u0131 par\u00e7a, modern zarafeti yans\u0131tan b\u00fcy\u00fcleyici bir burgulu tasar\u0131ma sahiptir.","breadcrumb":{"@id":"https:\/\/www.purejewels.com\/product\/22ct-sunrise-gold-twisted-ring-49070\/#breadcrumb"},"inLanguage":"tr","potentialAction":[{"@type":"ReadAction","target":["https:\/\/www.purejewels.com\/product\/22ct-sunrise-gold-twisted-ring-49070\/"]}]},{"@type":"ImageObject","inLanguage":"tr","@id":"https:\/\/www.purejewels.com\/product\/22ct-sunrise-gold-twisted-ring-49070\/#primaryimage","url":"https:\/\/static.purejewels.com\/wp-content\/uploads\/2024\/07\/47527-1.png","contentUrl":"https:\/\/static.purejewels.com\/wp-content\/uploads\/2024\/07\/47527-1.png","width":1000,"height":1000,"caption":"22ct Gold Twisted Ring"},{"@type":"BreadcrumbList","@id":"https:\/\/www.purejewels.com\/product\/22ct-sunrise-gold-twisted-ring-49070\/#breadcrumb","itemListElement":[{"@type":"ListItem","position":1,"name":"Home","item":"https:\/\/www.purejewels.com\/"},{"@type":"ListItem","position":2,"name":"Shop","item":"https:\/\/www.purejewels.com\/shop\/"},{"@type":"ListItem","position":3,"name":"22ct Sunrise Gold Twisted Ring | Size P"}]},{"@type":"WebSite","@id":"https:\/\/www.purejewels.com\/#website","url":"https:\/\/www.purejewels.com\/","name":"PureJewels \u0130ngiltere","description":"Sevgiyi Payla\u015f\u0131n","publisher":{"@id":"https:\/\/www.purejewels.com\/#organization"},"potentialAction":[{"@type":"SearchAction","target":{"@type":"EntryPoint","urlTemplate":"https:\/\/www.purejewels.com\/?s={search_term_string}"},"query-input":{"@type":"PropertyValueSpecification","valueRequired":true,"valueName":"search_term_string"}}],"inLanguage":"tr"},{"@type":"Organization","@id":"https:\/\/www.purejewels.com\/#organization","name":"PureJewels \u0130ngiltere","url":"https:\/\/www.purejewels.com\/","logo":{"@type":"ImageObject","inLanguage":"tr","@id":"https:\/\/www.purejewels.com\/#\/schema\/logo\/image\/","url":"https:\/\/static.purejewels.com\/wp-content\/uploads\/2020\/11\/Logo-PJ-New-1.png","contentUrl":"https:\/\/static.purejewels.com\/wp-content\/uploads\/2020\/11\/Logo-PJ-New-1.png","width":150,"height":80,"caption":"PureJewels UK"},"image":{"@id":"https:\/\/www.purejewels.com\/#\/schema\/logo\/image\/"}}]}},"_links":{"self":[{"href":"https:\/\/www.purejewels.com\/tr\/wp-json\/wp\/v2\/product\/367929","targetHints":{"allow":["GET"]}}],"collection":[{"href":"https:\/\/www.purejewels.com\/tr\/wp-json\/wp\/v2\/product"}],"about":[{"href":"https:\/\/www.purejewels.com\/tr\/wp-json\/wp\/v2\/types\/product"}],"replies":[{"embeddable":true,"href":"https:\/\/www.purejewels.com\/tr\/wp-json\/wp\/v2\/comments?post=367929"}],"version-history":[{"count":2,"href":"https:\/\/www.purejewels.com\/tr\/wp-json\/wp\/v2\/product\/367929\/revisions"}],"predecessor-version":[{"id":367938,"href":"https:\/\/www.purejewels.com\/tr\/wp-json\/wp\/v2\/product\/367929\/revisions\/367938"}],"wp:featuredmedia":[{"embeddable":true,"href":"https:\/\/www.purejewels.com\/tr\/wp-json\/wp\/v2\/media\/367915"}],"wp:attachment":[{"href":"https:\/\/www.purejewels.com\/tr\/wp-json\/wp\/v2\/media?parent=367929"}],"wp:term":[{"taxonomy":"product_brand","embeddable":true,"href":"https:\/\/www.purejewels.com\/tr\/wp-json\/wp\/v2\/product_brand?post=367929"},{"taxonomy":"product_cat","embeddable":true,"href":"https:\/\/www.purejewels.com\/tr\/wp-json\/wp\/v2\/product_cat?post=367929"},{"taxonomy":"product_tag","embeddable":true,"href":"https:\/\/www.purejewels.com\/tr\/wp-json\/wp\/v2\/product_tag?post=367929"}],"curies":[{"name":"wp","href":"https:\/\/api.w.org\/{rel}","templated":true}]}}