{"id":368081,"date":"2024-06-25T11:30:18","date_gmt":"2024-06-25T10:30:18","guid":{"rendered":"https:\/\/www.purejewels.com\/?post_type=product&#038;p=368081"},"modified":"2026-04-29T06:26:23","modified_gmt":"2026-04-29T05:26:23","slug":"22-ayar-altin-elmas-kesim-halka-kupe-51870","status":"publish","type":"product","link":"https:\/\/www.purejewels.com\/tr\/product\/22ct-gold-diamond-cut-hoop-earring-51870\/","title":{"rendered":"22 Ayar Alt\u0131n P\u0131rlanta Kesimli Halka K\u00fcpe"},"content":{"rendered":"<p>L\u00fcks, y\u00fcksek safl\u0131kta alt\u0131ndan titizlikle i\u015flenmi\u015f, karma\u015f\u0131k tasar\u0131ml\u0131 bu 22 ayar alt\u0131n halka k\u00fcpelerle m\u00fccevher koleksiyonunuza \u0131\u015f\u0131lt\u0131l\u0131 bir dokunu\u015f kat\u0131n. Halka k\u00fcpeler, \u0131\u015f\u0131\u011f\u0131 g\u00fczel bir \u015fekilde yakalayan ve yans\u0131tan nerv\u00fcrl\u00fc kenarlar\u0131 ile rafine bir dokulu y\u00fczeye sahiptir ve do\u011fal parlakl\u0131klar\u0131n\u0131 art\u0131r\u0131r. Hafif ve g\u00fcnl\u00fck kullan\u0131m i\u00e7in rahat olan bu geleneksel alt\u0131n k\u00fcpeler, hem \u00f6zel g\u00fcnler hem de g\u00fcnl\u00fck \u015f\u0131kl\u0131k i\u00e7in \u00e7ok y\u00f6nl\u00fc bir se\u00e7imdir. 22 ayar alt\u0131n olarak hediye veya ki\u015fisel bir hazine olarak m\u00fckemmel olan bu k\u00fcpeler, PureJewels'in kalite ve geleneksel zanaatkarl\u0131\u011fa olan ba\u011fl\u0131l\u0131\u011f\u0131n\u0131 yans\u0131tmaktad\u0131r.<\/p>","protected":false},"excerpt":{"rendered":"<p>Saf 22 ayar alt\u0131ndan \u00fcretilen bu dokulu halka k\u00fcpeler, daha fazla parlakl\u0131k i\u00e7in karma\u015f\u0131k detaylara ve yivli bir kenara sahiptir. Hem geleneksel hem de \u00e7a\u011fda\u015f g\u00f6r\u00fcn\u00fcm\u00fc zahmetsizce zenginle\u015ftiren zamans\u0131z bir aksesuar.<\/p>\n<p><strong>Malzeme:<\/strong> 22 Ayar Alt\u0131n (91,6% Saf Alt\u0131n)<strong><br \/>\nHallmark:\u00a0<\/strong>\u0130ngiliz Damgas\u0131<strong><br \/>\n<\/strong><strong>Br\u00fct A\u011f\u0131rl\u0131k: <\/strong>2,31 gram<br \/>\n<strong>\u0130\u00e7 \u00e7ap:<\/strong> 14mm<br \/>\n<strong>SKU:<\/strong> 53727, 53728, 53729, 53730<\/p>\n<p><strong>Fiyat ve Teslimat<\/strong>: KDV ve teslimat \u00fccreti dahil<\/p>\n<p><a href=\"https:\/\/www.purejewels.com\/tr\/i%cc%87ade-poli%cc%87ti%cc%87kasi\/\">\u0130ade Politikas\u0131<\/a><\/p>","protected":false},"featured_media":401386,"comment_status":"closed","ping_status":"closed","template":"","meta":{"_eb_attr":"","_crsspst_to_jayantr4sg-hostcom":true},"product_brand":[],"product_cat":[1791,1559,1794,1793,1254,1229,1579,5343,1570,5338,5608,1573,1574,5349],"product_tag":[],"class_list":{"0":"post-368081","1":"product","2":"type-product","3":"status-publish","4":"has-post-thumbnail","6":"product_cat-anniversary-gifts","7":"product_cat-birthday-gifts","8":"product_cat-christmas-gifts","9":"product_cat-diwali-gifts","10":"product_cat-gold-earrings","11":"product_cat-22ct-gold-jewellery","12":"product_cat-hoop-earrings","13":"product_cat-jewellery-under-550","14":"product_cat-mothers-day-gifts","15":"product_cat-shop-by-price","16":"product_cat-simple-hoops","17":"product_cat-wedding-gifts","18":"product_cat-womens-jewellery","19":"product_cat-yellow-gold-jewellery","21":"first","22":"instock","23":"taxable","24":"shipping-taxable","25":"purchasable","26":"product-type-simple","27":"add-to-wishlist-before_image"},"yoast_head":"<!-- This site is optimized with the Yoast SEO plugin v27.5 - https:\/\/yoast.com\/product\/yoast-seo-wordpress\/ -->\n<title>22 Carat Gold Diamond Cut Hoop Earrings | PureJewels UK<\/title>\n<meta name=\"description\" content=\"Elevate your style with our stunning 22 carat gold hoop earrings featuring a dazzling diamond cut finish. Buy this hoops online today.\" \/>\n<meta name=\"robots\" content=\"index, follow, max-snippet:-1, max-image-preview:large, max-video-preview:-1\" \/>\n<link rel=\"canonical\" href=\"https:\/\/www.purejewels.com\/tr\/urun\/22-ayar-altin-elmas-kesim-halka-kupe-51870\/\" \/>\n<meta property=\"og:locale\" content=\"tr_TR\" \/>\n<meta property=\"og:type\" content=\"article\" \/>\n<meta property=\"og:title\" content=\"22 Carat Gold Diamond Cut Hoop Earrings | PureJewels UK\" \/>\n<meta property=\"og:description\" content=\"Elevate your style with our stunning 22 carat gold hoop earrings featuring a dazzling diamond cut finish. Buy this hoops online today.\" \/>\n<meta property=\"og:url\" content=\"https:\/\/www.purejewels.com\/tr\/urun\/22-ayar-altin-elmas-kesim-halka-kupe-51870\/\" \/>\n<meta property=\"og:site_name\" content=\"PureJewels UK\" \/>\n<meta property=\"article:modified_time\" content=\"2026-04-29T05:26:23+00:00\" \/>\n<meta property=\"og:image\" content=\"https:\/\/static.purejewels.com\/wp-content\/uploads\/2024\/06\/SKU-51870.1.png\" \/>\n\t<meta property=\"og:image:width\" content=\"1000\" \/>\n\t<meta property=\"og:image:height\" content=\"1000\" \/>\n\t<meta property=\"og:image:type\" content=\"image\/png\" \/>\n<meta name=\"twitter:card\" content=\"summary_large_image\" \/>\n<meta name=\"twitter:label1\" content=\"Tahmini okuma s\u00fcresi\" \/>\n\t<meta name=\"twitter:data1\" content=\"1 dakika\" \/>\n<script type=\"application\/ld+json\" class=\"yoast-schema-graph\">{\"@context\":\"https:\\\/\\\/schema.org\",\"@graph\":[{\"@type\":[\"WebPage\",\"ItemPage\"],\"@id\":\"https:\\\/\\\/www.purejewels.com\\\/product\\\/22ct-gold-diamond-cut-hoop-earring-51870\\\/\",\"url\":\"https:\\\/\\\/www.purejewels.com\\\/product\\\/22ct-gold-diamond-cut-hoop-earring-51870\\\/\",\"name\":\"22 Carat Gold Diamond Cut Hoop Earrings | PureJewels UK\",\"isPartOf\":{\"@id\":\"https:\\\/\\\/www.purejewels.com\\\/#website\"},\"primaryImageOfPage\":{\"@id\":\"https:\\\/\\\/www.purejewels.com\\\/product\\\/22ct-gold-diamond-cut-hoop-earring-51870\\\/#primaryimage\"},\"image\":{\"@id\":\"https:\\\/\\\/www.purejewels.com\\\/product\\\/22ct-gold-diamond-cut-hoop-earring-51870\\\/#primaryimage\"},\"thumbnailUrl\":\"https:\\\/\\\/static.purejewels.com\\\/wp-content\\\/uploads\\\/2024\\\/06\\\/SKU-51870.1.png\",\"datePublished\":\"2024-06-25T10:30:18+00:00\",\"dateModified\":\"2026-04-29T05:26:23+00:00\",\"description\":\"Elevate your style with our stunning 22 carat gold hoop earrings featuring a dazzling diamond cut finish. Buy this hoops online today.\",\"breadcrumb\":{\"@id\":\"https:\\\/\\\/www.purejewels.com\\\/product\\\/22ct-gold-diamond-cut-hoop-earring-51870\\\/#breadcrumb\"},\"inLanguage\":\"tr\",\"potentialAction\":[{\"@type\":\"ReadAction\",\"target\":[\"https:\\\/\\\/www.purejewels.com\\\/product\\\/22ct-gold-diamond-cut-hoop-earring-51870\\\/\"]}]},{\"@type\":\"ImageObject\",\"inLanguage\":\"tr\",\"@id\":\"https:\\\/\\\/www.purejewels.com\\\/product\\\/22ct-gold-diamond-cut-hoop-earring-51870\\\/#primaryimage\",\"url\":\"https:\\\/\\\/static.purejewels.com\\\/wp-content\\\/uploads\\\/2024\\\/06\\\/SKU-51870.1.png\",\"contentUrl\":\"https:\\\/\\\/static.purejewels.com\\\/wp-content\\\/uploads\\\/2024\\\/06\\\/SKU-51870.1.png\",\"width\":1000,\"height\":1000,\"caption\":\"22ct Gold Hoops\"},{\"@type\":\"BreadcrumbList\",\"@id\":\"https:\\\/\\\/www.purejewels.com\\\/product\\\/22ct-gold-diamond-cut-hoop-earring-51870\\\/#breadcrumb\",\"itemListElement\":[{\"@type\":\"ListItem\",\"position\":1,\"name\":\"Home\",\"item\":\"https:\\\/\\\/www.purejewels.com\\\/\"},{\"@type\":\"ListItem\",\"position\":2,\"name\":\"Shop\",\"item\":\"https:\\\/\\\/www.purejewels.com\\\/shop\\\/\"},{\"@type\":\"ListItem\",\"position\":3,\"name\":\"22ct Gold Diamond Cut Hoop Earring\"}]},{\"@type\":\"WebSite\",\"@id\":\"https:\\\/\\\/www.purejewels.com\\\/#website\",\"url\":\"https:\\\/\\\/www.purejewels.com\\\/\",\"name\":\"PureJewels UK\",\"description\":\"Share the Love\",\"publisher\":{\"@id\":\"https:\\\/\\\/www.purejewels.com\\\/#organization\"},\"potentialAction\":[{\"@type\":\"SearchAction\",\"target\":{\"@type\":\"EntryPoint\",\"urlTemplate\":\"https:\\\/\\\/www.purejewels.com\\\/?s={search_term_string}\"},\"query-input\":{\"@type\":\"PropertyValueSpecification\",\"valueRequired\":true,\"valueName\":\"search_term_string\"}}],\"inLanguage\":\"tr\"},{\"@type\":\"Organization\",\"@id\":\"https:\\\/\\\/www.purejewels.com\\\/#organization\",\"name\":\"PureJewels UK\",\"url\":\"https:\\\/\\\/www.purejewels.com\\\/\",\"logo\":{\"@type\":\"ImageObject\",\"inLanguage\":\"tr\",\"@id\":\"https:\\\/\\\/www.purejewels.com\\\/#\\\/schema\\\/logo\\\/image\\\/\",\"url\":\"https:\\\/\\\/static.purejewels.com\\\/wp-content\\\/uploads\\\/2020\\\/11\\\/Logo-PJ-New-1.png\",\"contentUrl\":\"https:\\\/\\\/static.purejewels.com\\\/wp-content\\\/uploads\\\/2020\\\/11\\\/Logo-PJ-New-1.png\",\"width\":150,\"height\":80,\"caption\":\"PureJewels UK\"},\"image\":{\"@id\":\"https:\\\/\\\/www.purejewels.com\\\/#\\\/schema\\\/logo\\\/image\\\/\"}}]}<\/script>\n<!-- \/ Yoast SEO plugin. -->","yoast_head_json":{"title":"22 Ayar Alt\u0131n P\u0131rlanta Kesim Halka K\u00fcpe | PureJewels UK","description":"G\u00f6z kama\u015ft\u0131r\u0131c\u0131 elmas kesim kaplamaya sahip 22 ayar alt\u0131n halka k\u00fcpelerimizle stilinizi y\u00fckseltin. Bu halkalar\u0131 bug\u00fcn online sat\u0131n al\u0131n.","robots":{"index":"index","follow":"follow","max-snippet":"max-snippet:-1","max-image-preview":"max-image-preview:large","max-video-preview":"max-video-preview:-1"},"canonical":"https:\/\/www.purejewels.com\/tr\/urun\/22-ayar-altin-elmas-kesim-halka-kupe-51870\/","og_locale":"tr_TR","og_type":"article","og_title":"22 Carat Gold Diamond Cut Hoop Earrings | PureJewels UK","og_description":"Elevate your style with our stunning 22 carat gold hoop earrings featuring a dazzling diamond cut finish. Buy this hoops online today.","og_url":"https:\/\/www.purejewels.com\/tr\/urun\/22-ayar-altin-elmas-kesim-halka-kupe-51870\/","og_site_name":"PureJewels UK","article_modified_time":"2026-04-29T05:26:23+00:00","og_image":[{"width":1000,"height":1000,"url":"https:\/\/static.purejewels.com\/wp-content\/uploads\/2024\/06\/SKU-51870.1.png","type":"image\/png"}],"twitter_card":"summary_large_image","twitter_misc":{"Tahmini okuma s\u00fcresi":"1 dakika"},"schema":{"@context":"https:\/\/schema.org","@graph":[{"@type":["WebPage","ItemPage"],"@id":"https:\/\/www.purejewels.com\/product\/22ct-gold-diamond-cut-hoop-earring-51870\/","url":"https:\/\/www.purejewels.com\/product\/22ct-gold-diamond-cut-hoop-earring-51870\/","name":"22 Ayar Alt\u0131n P\u0131rlanta Kesim Halka K\u00fcpe | PureJewels UK","isPartOf":{"@id":"https:\/\/www.purejewels.com\/#website"},"primaryImageOfPage":{"@id":"https:\/\/www.purejewels.com\/product\/22ct-gold-diamond-cut-hoop-earring-51870\/#primaryimage"},"image":{"@id":"https:\/\/www.purejewels.com\/product\/22ct-gold-diamond-cut-hoop-earring-51870\/#primaryimage"},"thumbnailUrl":"https:\/\/static.purejewels.com\/wp-content\/uploads\/2024\/06\/SKU-51870.1.png","datePublished":"2024-06-25T10:30:18+00:00","dateModified":"2026-04-29T05:26:23+00:00","description":"G\u00f6z kama\u015ft\u0131r\u0131c\u0131 elmas kesim kaplamaya sahip 22 ayar alt\u0131n halka k\u00fcpelerimizle stilinizi y\u00fckseltin. Bu halkalar\u0131 bug\u00fcn online sat\u0131n al\u0131n.","breadcrumb":{"@id":"https:\/\/www.purejewels.com\/product\/22ct-gold-diamond-cut-hoop-earring-51870\/#breadcrumb"},"inLanguage":"tr","potentialAction":[{"@type":"ReadAction","target":["https:\/\/www.purejewels.com\/product\/22ct-gold-diamond-cut-hoop-earring-51870\/"]}]},{"@type":"ImageObject","inLanguage":"tr","@id":"https:\/\/www.purejewels.com\/product\/22ct-gold-diamond-cut-hoop-earring-51870\/#primaryimage","url":"https:\/\/static.purejewels.com\/wp-content\/uploads\/2024\/06\/SKU-51870.1.png","contentUrl":"https:\/\/static.purejewels.com\/wp-content\/uploads\/2024\/06\/SKU-51870.1.png","width":1000,"height":1000,"caption":"22ct Gold Hoops"},{"@type":"BreadcrumbList","@id":"https:\/\/www.purejewels.com\/product\/22ct-gold-diamond-cut-hoop-earring-51870\/#breadcrumb","itemListElement":[{"@type":"ListItem","position":1,"name":"Home","item":"https:\/\/www.purejewels.com\/"},{"@type":"ListItem","position":2,"name":"Shop","item":"https:\/\/www.purejewels.com\/shop\/"},{"@type":"ListItem","position":3,"name":"22ct Gold Diamond Cut Hoop Earring"}]},{"@type":"WebSite","@id":"https:\/\/www.purejewels.com\/#website","url":"https:\/\/www.purejewels.com\/","name":"PureJewels \u0130ngiltere","description":"Sevgiyi Payla\u015f\u0131n","publisher":{"@id":"https:\/\/www.purejewels.com\/#organization"},"potentialAction":[{"@type":"SearchAction","target":{"@type":"EntryPoint","urlTemplate":"https:\/\/www.purejewels.com\/?s={search_term_string}"},"query-input":{"@type":"PropertyValueSpecification","valueRequired":true,"valueName":"search_term_string"}}],"inLanguage":"tr"},{"@type":"Organization","@id":"https:\/\/www.purejewels.com\/#organization","name":"PureJewels \u0130ngiltere","url":"https:\/\/www.purejewels.com\/","logo":{"@type":"ImageObject","inLanguage":"tr","@id":"https:\/\/www.purejewels.com\/#\/schema\/logo\/image\/","url":"https:\/\/static.purejewels.com\/wp-content\/uploads\/2020\/11\/Logo-PJ-New-1.png","contentUrl":"https:\/\/static.purejewels.com\/wp-content\/uploads\/2020\/11\/Logo-PJ-New-1.png","width":150,"height":80,"caption":"PureJewels UK"},"image":{"@id":"https:\/\/www.purejewels.com\/#\/schema\/logo\/image\/"}}]}},"_links":{"self":[{"href":"https:\/\/www.purejewels.com\/tr\/wp-json\/wp\/v2\/product\/368081","targetHints":{"allow":["GET"]}}],"collection":[{"href":"https:\/\/www.purejewels.com\/tr\/wp-json\/wp\/v2\/product"}],"about":[{"href":"https:\/\/www.purejewels.com\/tr\/wp-json\/wp\/v2\/types\/product"}],"replies":[{"embeddable":true,"href":"https:\/\/www.purejewels.com\/tr\/wp-json\/wp\/v2\/comments?post=368081"}],"version-history":[{"count":3,"href":"https:\/\/www.purejewels.com\/tr\/wp-json\/wp\/v2\/product\/368081\/revisions"}],"predecessor-version":[{"id":423019,"href":"https:\/\/www.purejewels.com\/tr\/wp-json\/wp\/v2\/product\/368081\/revisions\/423019"}],"wp:featuredmedia":[{"embeddable":true,"href":"https:\/\/www.purejewels.com\/tr\/wp-json\/wp\/v2\/media\/401386"}],"wp:attachment":[{"href":"https:\/\/www.purejewels.com\/tr\/wp-json\/wp\/v2\/media?parent=368081"}],"wp:term":[{"taxonomy":"product_brand","embeddable":true,"href":"https:\/\/www.purejewels.com\/tr\/wp-json\/wp\/v2\/product_brand?post=368081"},{"taxonomy":"product_cat","embeddable":true,"href":"https:\/\/www.purejewels.com\/tr\/wp-json\/wp\/v2\/product_cat?post=368081"},{"taxonomy":"product_tag","embeddable":true,"href":"https:\/\/www.purejewels.com\/tr\/wp-json\/wp\/v2\/product_tag?post=368081"}],"curies":[{"name":"wp","href":"https:\/\/api.w.org\/{rel}","templated":true}]}}