{"id":3682,"date":"2017-07-19T13:17:27","date_gmt":"2017-07-19T12:17:27","guid":{"rendered":"http:\/\/new.purejewels.com\/product\/lotus-six-prongs\/"},"modified":"2026-02-18T12:47:40","modified_gmt":"2026-02-18T12:47:40","slug":"lotus-alti-catal","status":"publish","type":"product","link":"https:\/\/www.purejewels.com\/tr\/product\/lotus-six-prongs\/","title":{"rendered":"P\u0131rlanta Blume Y\u00fcz\u00fck"},"content":{"rendered":"<p>Lotus Ni\u015fan Y\u00fcz\u00fc\u011f\u00fc<\/p>\n<p>Platinde<br \/>\nOrtas\u0131 yuvarlak p\u0131rlantal\u0131 set<br \/>\nPlatinde \u00e7e\u015fitli karat a\u011f\u0131rl\u0131klar\u0131nda mevcuttur<\/p>","protected":false},"excerpt":{"rendered":"<p>Lotus Ni\u015fan Y\u00fcz\u00fc\u011f\u00fc<\/p>\n<p>Platinde<br \/>\nOrtas\u0131 yuvarlak p\u0131rlantal\u0131 set<br \/>\nPlatinde \u00e7e\u015fitli karat a\u011f\u0131rl\u0131klar\u0131nda mevcuttur<\/p>\n<p>G\u00fczel nil\u00fcferin bulan\u0131k bir g\u00f6ldeki g\u00f6r\u00fcnt\u00fcs\u00fc nefes kesicidir. A\u015fk hikayelerinin s\u0131radan, gri-mavi ko\u015fullardan ortaya \u00e7\u0131kmas\u0131 biraz ger\u00e7ek hayata benzer. A\u015fk\u0131n\u0131z beklenmedik bir \u015fekilde ortaya \u00e7\u0131kt\u0131ysa ve g\u00fczellik i\u00e7inde \u00e7i\u00e7ek a\u00e7t\u0131ysa, imzam\u0131z olan Lotus platin ni\u015fan y\u00fcz\u00fc\u011f\u00fcm\u00fcz tek kelimeyle m\u00fckemmeldir. Bu zarif versiyon, platin omuzlar \u00fczerinde tek, parlak bir p\u0131rlanta ta\u015f\u0131yor. Sadeli\u011fiyle dikkat \u00e7eker ve miras\u0131n\u0131 en k\u00fc\u00e7\u00fck ayr\u0131nt\u0131larda g\u00f6sterir.<\/p>\n<h2>LOTUS PLATIN NI\u015eAN Y\u00dcZ\u00dc\u011e\u00dc.<\/h2>\n<p>DETAYLAR:<\/p>\n<ul>\n<li>Ma\u011fazaya gelin ve hangi karat ve berrakl\u0131kta p\u0131rlanta istedi\u011finize karar verin. Ya da bize \u00e7evrimi\u00e7i mesaj g\u00f6nderin, usta kuyumcumuz stoktan en parlak, en b\u00fcy\u00fcleyici p\u0131rlantay\u0131 se\u00e7ecektir.<\/li>\n<li>Her p\u0131rlantay\u0131 kayna\u011f\u0131na kadar izleyebiliyoruz - Hindistan'\u0131n Surat kentindeki d\u00fcnyan\u0131n en iyi kesim merkezlerinden birinden geliyorlar. *Lotus, \u015firket i\u00e7i \u00f6zel platin ni\u015fan y\u00fcz\u00fcklerimizden biridir. Ekibimiz taraf\u0131ndan tasarlanm\u0131\u015f ve \u0130ngiltere'de \u00fcretilmi\u015ftir.<\/li>\n<li>Bu alt\u0131 u\u00e7lu platin tekta\u015f, g\u00f6steri\u015fli bir p\u0131rlantay\u0131 sergilemek i\u00e7in idealdir. Seride ayr\u0131ca pave p\u0131rlanta tekta\u015f ve halo p\u0131rlanta platin ni\u015fan y\u00fcz\u00fc\u011f\u00fc de bulunmaktad\u0131r.<\/li>\n<\/ul>","protected":false},"featured_media":4805,"comment_status":"closed","ping_status":"closed","template":"","meta":{"_eb_attr":"","_crsspst_to_jayantr4sg-hostcom":false},"product_brand":[],"product_cat":[1796,231],"product_tag":[],"class_list":{"0":"post-3682","1":"product","2":"type-product","3":"status-publish","4":"has-post-thumbnail","6":"product_cat-diamond-rings","7":"product_cat-engagement-rings","9":"first","10":"outofstock","11":"product-type-simple","12":"add-to-wishlist-before_image"},"yoast_head":"<!-- This site is optimized with the Yoast SEO plugin v27.3 - https:\/\/yoast.com\/product\/yoast-seo-wordpress\/ -->\n<title>Diamond Blume Ring - PureJewels UK<\/title>\n<meta name=\"robots\" content=\"index, follow, max-snippet:-1, max-image-preview:large, max-video-preview:-1\" \/>\n<link rel=\"canonical\" href=\"https:\/\/www.purejewels.com\/tr\/urun\/lotus-alti-catal\/\" \/>\n<meta property=\"og:locale\" content=\"tr_TR\" \/>\n<meta property=\"og:type\" content=\"article\" \/>\n<meta property=\"og:title\" content=\"Diamond Blume Ring - PureJewels UK\" \/>\n<meta property=\"og:description\" content=\"Lotus Engagement Ring  In platinum Set with a centre round diamond Available in a variety of carat weights in platinum  The appearance of the beautiful lotus in a murky lake is breathtaking. It&#039;s a bit like real life, when love stories emerge from ordinary, grey-blue circumstances. If your love was unexpected - and has bloomed in beauty - then our signature Lotus platinum engagement ring is simply perfect. This elegant version carries a single, brilliant diamond on platinum shoulders. It draws attention with its simplicity, and displays its heritage in the smallest details. LOTUS PLATINUM ENGAGEMENT RING. THE DETAILS:   Come into store and decide what carat and clarity of diamond you&#039;d like. Or message us online and our master jeweller will select the brightest, most captivating diamond from stock.  We can trace every diamond back to its source - they come from one of the world&#039;s very best cutting centres in Surat, India. *The Lotus is one of our in-house, signature platinum engagement rings. It is designed by our team and created in the UK.  This six-prong platinum solitaire is ideal for displaying a showy diamond. In the range, there&#039;s also a pave diamond solitaire and a halo diamond platinum engagement ring.\" \/>\n<meta property=\"og:url\" content=\"https:\/\/www.purejewels.com\/tr\/urun\/lotus-alti-catal\/\" \/>\n<meta property=\"og:site_name\" content=\"PureJewels UK\" \/>\n<meta property=\"article:modified_time\" content=\"2026-02-18T12:47:40+00:00\" \/>\n<meta property=\"og:image\" content=\"https:\/\/static.purejewels.com\/wp-content\/uploads\/2017\/07\/Platinum-engagement-ring-lotus-6-scaled.jpg\" \/>\n\t<meta property=\"og:image:width\" content=\"2560\" \/>\n\t<meta property=\"og:image:height\" content=\"2560\" \/>\n\t<meta property=\"og:image:type\" content=\"image\/jpeg\" \/>\n<meta name=\"twitter:card\" content=\"summary_large_image\" \/>\n<meta name=\"twitter:label1\" content=\"Tahmini okuma s\u00fcresi\" \/>\n\t<meta name=\"twitter:data1\" content=\"1 dakika\" \/>\n<script type=\"application\/ld+json\" class=\"yoast-schema-graph\">{\"@context\":\"https:\\\/\\\/schema.org\",\"@graph\":[{\"@type\":[\"WebPage\",\"ItemPage\"],\"@id\":\"https:\\\/\\\/www.purejewels.com\\\/product\\\/lotus-six-prongs\\\/\",\"url\":\"https:\\\/\\\/www.purejewels.com\\\/product\\\/lotus-six-prongs\\\/\",\"name\":\"Diamond Blume Ring - PureJewels UK\",\"isPartOf\":{\"@id\":\"https:\\\/\\\/www.purejewels.com\\\/#website\"},\"primaryImageOfPage\":{\"@id\":\"https:\\\/\\\/www.purejewels.com\\\/product\\\/lotus-six-prongs\\\/#primaryimage\"},\"image\":{\"@id\":\"https:\\\/\\\/www.purejewels.com\\\/product\\\/lotus-six-prongs\\\/#primaryimage\"},\"thumbnailUrl\":\"https:\\\/\\\/static.purejewels.com\\\/wp-content\\\/uploads\\\/2017\\\/07\\\/Platinum-engagement-ring-lotus-6-scaled.jpg\",\"datePublished\":\"2017-07-19T12:17:27+00:00\",\"dateModified\":\"2026-02-18T12:47:40+00:00\",\"breadcrumb\":{\"@id\":\"https:\\\/\\\/www.purejewels.com\\\/product\\\/lotus-six-prongs\\\/#breadcrumb\"},\"inLanguage\":\"tr\",\"potentialAction\":[{\"@type\":\"ReadAction\",\"target\":[\"https:\\\/\\\/www.purejewels.com\\\/product\\\/lotus-six-prongs\\\/\"]}]},{\"@type\":\"ImageObject\",\"inLanguage\":\"tr\",\"@id\":\"https:\\\/\\\/www.purejewels.com\\\/product\\\/lotus-six-prongs\\\/#primaryimage\",\"url\":\"https:\\\/\\\/static.purejewels.com\\\/wp-content\\\/uploads\\\/2017\\\/07\\\/Platinum-engagement-ring-lotus-6-scaled.jpg\",\"contentUrl\":\"https:\\\/\\\/static.purejewels.com\\\/wp-content\\\/uploads\\\/2017\\\/07\\\/Platinum-engagement-ring-lotus-6-scaled.jpg\",\"width\":2560,\"height\":2560,\"caption\":\"Platinum-engagement-ring-lotus-6\"},{\"@type\":\"BreadcrumbList\",\"@id\":\"https:\\\/\\\/www.purejewels.com\\\/product\\\/lotus-six-prongs\\\/#breadcrumb\",\"itemListElement\":[{\"@type\":\"ListItem\",\"position\":1,\"name\":\"Home\",\"item\":\"https:\\\/\\\/www.purejewels.com\\\/\"},{\"@type\":\"ListItem\",\"position\":2,\"name\":\"Shop\",\"item\":\"https:\\\/\\\/www.purejewels.com\\\/shop\\\/\"},{\"@type\":\"ListItem\",\"position\":3,\"name\":\"Diamond Blume Ring\"}]},{\"@type\":\"WebSite\",\"@id\":\"https:\\\/\\\/www.purejewels.com\\\/#website\",\"url\":\"https:\\\/\\\/www.purejewels.com\\\/\",\"name\":\"PureJewels UK\",\"description\":\"Share the Love\",\"publisher\":{\"@id\":\"https:\\\/\\\/www.purejewels.com\\\/#organization\"},\"potentialAction\":[{\"@type\":\"SearchAction\",\"target\":{\"@type\":\"EntryPoint\",\"urlTemplate\":\"https:\\\/\\\/www.purejewels.com\\\/?s={search_term_string}\"},\"query-input\":{\"@type\":\"PropertyValueSpecification\",\"valueRequired\":true,\"valueName\":\"search_term_string\"}}],\"inLanguage\":\"tr\"},{\"@type\":\"Organization\",\"@id\":\"https:\\\/\\\/www.purejewels.com\\\/#organization\",\"name\":\"PureJewels UK\",\"url\":\"https:\\\/\\\/www.purejewels.com\\\/\",\"logo\":{\"@type\":\"ImageObject\",\"inLanguage\":\"tr\",\"@id\":\"https:\\\/\\\/www.purejewels.com\\\/#\\\/schema\\\/logo\\\/image\\\/\",\"url\":\"https:\\\/\\\/static.purejewels.com\\\/wp-content\\\/uploads\\\/2020\\\/11\\\/Logo-PJ-New-1.png\",\"contentUrl\":\"https:\\\/\\\/static.purejewels.com\\\/wp-content\\\/uploads\\\/2020\\\/11\\\/Logo-PJ-New-1.png\",\"width\":150,\"height\":80,\"caption\":\"PureJewels UK\"},\"image\":{\"@id\":\"https:\\\/\\\/www.purejewels.com\\\/#\\\/schema\\\/logo\\\/image\\\/\"}}]}<\/script>\n<!-- \/ Yoast SEO plugin. -->","yoast_head_json":{"title":"P\u0131rlanta Blume Y\u00fcz\u00fck - PureJewels UK","robots":{"index":"index","follow":"follow","max-snippet":"max-snippet:-1","max-image-preview":"max-image-preview:large","max-video-preview":"max-video-preview:-1"},"canonical":"https:\/\/www.purejewels.com\/tr\/urun\/lotus-alti-catal\/","og_locale":"tr_TR","og_type":"article","og_title":"Diamond Blume Ring - PureJewels UK","og_description":"Lotus Engagement Ring  In platinum Set with a centre round diamond Available in a variety of carat weights in platinum  The appearance of the beautiful lotus in a murky lake is breathtaking. It's a bit like real life, when love stories emerge from ordinary, grey-blue circumstances. If your love was unexpected - and has bloomed in beauty - then our signature Lotus platinum engagement ring is simply perfect. This elegant version carries a single, brilliant diamond on platinum shoulders. It draws attention with its simplicity, and displays its heritage in the smallest details. LOTUS PLATINUM ENGAGEMENT RING. THE DETAILS:   Come into store and decide what carat and clarity of diamond you'd like. Or message us online and our master jeweller will select the brightest, most captivating diamond from stock.  We can trace every diamond back to its source - they come from one of the world's very best cutting centres in Surat, India. *The Lotus is one of our in-house, signature platinum engagement rings. It is designed by our team and created in the UK.  This six-prong platinum solitaire is ideal for displaying a showy diamond. In the range, there's also a pave diamond solitaire and a halo diamond platinum engagement ring.","og_url":"https:\/\/www.purejewels.com\/tr\/urun\/lotus-alti-catal\/","og_site_name":"PureJewels UK","article_modified_time":"2026-02-18T12:47:40+00:00","og_image":[{"width":2560,"height":2560,"url":"https:\/\/static.purejewels.com\/wp-content\/uploads\/2017\/07\/Platinum-engagement-ring-lotus-6-scaled.jpg","type":"image\/jpeg"}],"twitter_card":"summary_large_image","twitter_misc":{"Tahmini okuma s\u00fcresi":"1 dakika"},"schema":{"@context":"https:\/\/schema.org","@graph":[{"@type":["WebPage","ItemPage"],"@id":"https:\/\/www.purejewels.com\/product\/lotus-six-prongs\/","url":"https:\/\/www.purejewels.com\/product\/lotus-six-prongs\/","name":"P\u0131rlanta Blume Y\u00fcz\u00fck - PureJewels UK","isPartOf":{"@id":"https:\/\/www.purejewels.com\/#website"},"primaryImageOfPage":{"@id":"https:\/\/www.purejewels.com\/product\/lotus-six-prongs\/#primaryimage"},"image":{"@id":"https:\/\/www.purejewels.com\/product\/lotus-six-prongs\/#primaryimage"},"thumbnailUrl":"https:\/\/static.purejewels.com\/wp-content\/uploads\/2017\/07\/Platinum-engagement-ring-lotus-6-scaled.jpg","datePublished":"2017-07-19T12:17:27+00:00","dateModified":"2026-02-18T12:47:40+00:00","breadcrumb":{"@id":"https:\/\/www.purejewels.com\/product\/lotus-six-prongs\/#breadcrumb"},"inLanguage":"tr","potentialAction":[{"@type":"ReadAction","target":["https:\/\/www.purejewels.com\/product\/lotus-six-prongs\/"]}]},{"@type":"ImageObject","inLanguage":"tr","@id":"https:\/\/www.purejewels.com\/product\/lotus-six-prongs\/#primaryimage","url":"https:\/\/static.purejewels.com\/wp-content\/uploads\/2017\/07\/Platinum-engagement-ring-lotus-6-scaled.jpg","contentUrl":"https:\/\/static.purejewels.com\/wp-content\/uploads\/2017\/07\/Platinum-engagement-ring-lotus-6-scaled.jpg","width":2560,"height":2560,"caption":"Platinum-engagement-ring-lotus-6"},{"@type":"BreadcrumbList","@id":"https:\/\/www.purejewels.com\/product\/lotus-six-prongs\/#breadcrumb","itemListElement":[{"@type":"ListItem","position":1,"name":"Home","item":"https:\/\/www.purejewels.com\/"},{"@type":"ListItem","position":2,"name":"Shop","item":"https:\/\/www.purejewels.com\/shop\/"},{"@type":"ListItem","position":3,"name":"Diamond Blume Ring"}]},{"@type":"WebSite","@id":"https:\/\/www.purejewels.com\/#website","url":"https:\/\/www.purejewels.com\/","name":"PureJewels \u0130ngiltere","description":"Sevgiyi Payla\u015f\u0131n","publisher":{"@id":"https:\/\/www.purejewels.com\/#organization"},"potentialAction":[{"@type":"SearchAction","target":{"@type":"EntryPoint","urlTemplate":"https:\/\/www.purejewels.com\/?s={search_term_string}"},"query-input":{"@type":"PropertyValueSpecification","valueRequired":true,"valueName":"search_term_string"}}],"inLanguage":"tr"},{"@type":"Organization","@id":"https:\/\/www.purejewels.com\/#organization","name":"PureJewels \u0130ngiltere","url":"https:\/\/www.purejewels.com\/","logo":{"@type":"ImageObject","inLanguage":"tr","@id":"https:\/\/www.purejewels.com\/#\/schema\/logo\/image\/","url":"https:\/\/static.purejewels.com\/wp-content\/uploads\/2020\/11\/Logo-PJ-New-1.png","contentUrl":"https:\/\/static.purejewels.com\/wp-content\/uploads\/2020\/11\/Logo-PJ-New-1.png","width":150,"height":80,"caption":"PureJewels UK"},"image":{"@id":"https:\/\/www.purejewels.com\/#\/schema\/logo\/image\/"}}]}},"_links":{"self":[{"href":"https:\/\/www.purejewels.com\/tr\/wp-json\/wp\/v2\/product\/3682","targetHints":{"allow":["GET"]}}],"collection":[{"href":"https:\/\/www.purejewels.com\/tr\/wp-json\/wp\/v2\/product"}],"about":[{"href":"https:\/\/www.purejewels.com\/tr\/wp-json\/wp\/v2\/types\/product"}],"replies":[{"embeddable":true,"href":"https:\/\/www.purejewels.com\/tr\/wp-json\/wp\/v2\/comments?post=3682"}],"version-history":[{"count":2,"href":"https:\/\/www.purejewels.com\/tr\/wp-json\/wp\/v2\/product\/3682\/revisions"}],"predecessor-version":[{"id":397894,"href":"https:\/\/www.purejewels.com\/tr\/wp-json\/wp\/v2\/product\/3682\/revisions\/397894"}],"wp:featuredmedia":[{"embeddable":true,"href":"https:\/\/www.purejewels.com\/tr\/wp-json\/wp\/v2\/media\/4805"}],"wp:attachment":[{"href":"https:\/\/www.purejewels.com\/tr\/wp-json\/wp\/v2\/media?parent=3682"}],"wp:term":[{"taxonomy":"product_brand","embeddable":true,"href":"https:\/\/www.purejewels.com\/tr\/wp-json\/wp\/v2\/product_brand?post=3682"},{"taxonomy":"product_cat","embeddable":true,"href":"https:\/\/www.purejewels.com\/tr\/wp-json\/wp\/v2\/product_cat?post=3682"},{"taxonomy":"product_tag","embeddable":true,"href":"https:\/\/www.purejewels.com\/tr\/wp-json\/wp\/v2\/product_tag?post=3682"}],"curies":[{"name":"wp","href":"https:\/\/api.w.org\/{rel}","templated":true}]}}